{"id":77647,"date":"2025-10-09T12:30:24","date_gmt":"2025-10-09T12:30:24","guid":{"rendered":"https:\/\/www.castrum.ee\/toode\/strands-alaska-led-lumiauran-valo-lasinlammityksella\/"},"modified":"2025-10-09T12:30:24","modified_gmt":"2025-10-09T09:30:24","slug":"strands-alaska-led-lumiauran-valo-lasinlammityksella","status":"publish","type":"product","link":"https:\/\/www.castrum.ee\/fi\/toode\/strands-alaska-led-lumiauran-valo-lasinlammityksella\/","title":{"rendered":"STRANDS ALASKA LED lumiauran valo, lasinl\u00e4mmityksell\u00e4."},"content":{"rendered":"<p><strong>Mitat<\/strong>: 200.00 x 142.00 x 85.00mm<br \/>\n<strong>Paino<\/strong>: 1.00kg<br \/>\n<strong>Tyyppi<\/strong>: LED<br \/>\n<strong>J\u00e4nnite<\/strong>: 9-32V<br \/>\n<strong>Referenssiarvo<\/strong>: 17.5<br \/>\n<strong>V\u00e4ril\u00e4mp\u00f6tila<\/strong>: 6000 K<br \/>\n<strong>Liitintyyppi<\/strong>: 6-pin DT<br \/>\n<strong>Johdon pituus<\/strong>: 500 mm<br \/>\n<strong>Linssin materiaali<\/strong>: Lasi<br \/>\n<strong>IP-luokitus<\/strong>: IP67\/69K<br \/>\n<strong>Sertifikaatit<\/strong>: ECE R6. R7. R112, ECE R10<br \/>\n<strong>Takuu (kuukausina)<\/strong>: 36<br \/>\n<strong>Kuvaus<\/strong>: Alaska LED-aurausvalo on seuraavan sukupolven aurausvalojen l\u00e4ht\u00f6laukaus. Alaska luo maksimaalisen n\u00e4kyvyyden ja siin\u00e4 on tyylik\u00e4s muotoilu. Aurausvalossa on l\u00e4mmitett\u00e4v\u00e4 linssi automaattisella termostaattiohjauksella, joka k\u00e4ynnistyy viidess\u00e4 asteessa ja pit\u00e4\u00e4 j\u00e4\u00e4n ja lumen poissa. Ilman tarvetta k\u00e4sitell\u00e4 valoa manuaalisesti.&lt;br\/   &gt;&lt;br\/&gt;Aurausvalossa on toiminnot: kaukovalo, l\u00e4hivalo, parkkivalo ja suuntavilkut. Toiminnot ovat E-hyv\u00e4ksyttyj\u00e4 viitenumerolla 17.5. Voidaan asentaa sek\u00e4 oikealle ett\u00e4 vasemmalle puolelle, ja kiinnike voidaan asentaa taakse tai pohjaan. Alaska sopii useimpiin maatalous- ja rakennuskoneisiin. Erityisesti lumenaurausajoneuvoihin, joissa aura ei peit\u00e4 vakiovalaisinta.    <\/p>\n","protected":false},"excerpt":{"rendered":"<p>Mitat: 200.00 x 142.00 x 85.00mm Paino: 1.00kg Tyyppi: LED  [&#8230;]<\/p>\n","protected":false},"featured_media":25709,"template":"","meta":{"_acf_changed":false},"mark-ja-mudel":[],"product_brand":[],"product_cat":[1080,1079,1084],"product_tag":[1116],"class_list":{"0":"post-77647","1":"product","2":"type-product","3":"status-publish","4":"has-post-thumbnail","6":"product_cat-led-kaukovalot","7":"product_cat-led-lisavalot-ja-tarvikkeet","8":"product_cat-tyovalot","9":"product_tag-toimitus-2-3-paivaa","11":"first","12":"instock","13":"taxable","14":"shipping-taxable","15":"purchasable","16":"product-type-simple"},"bundled_by":[],"bundle_stock_status":"instock","bundle_stock_quantity":null,"bundle_virtual":false,"bundle_layout":"","bundle_add_to_cart_form_location":"","bundle_editable_in_cart":false,"bundle_sold_individually_context":"","bundle_item_grouping":"","bundle_min_size":"","bundle_max_size":"","bundle_price":[],"bundled_items":[],"bundle_sell_ids":[],"acf":[],"yoast_head":"<!-- This site is optimized with the Yoast SEO plugin v27.3 - https:\/\/yoast.com\/product\/yoast-seo-wordpress\/ -->\n<title>STRANDS ALASKA LED lumiauran valo, lasinl\u00e4mmityksell\u00e4. | LED-kaukovalot, LED-lis\u00e4valot ja tarvikkeet, Ty\u00f6valot<\/title>\n<meta name=\"description\" content=\"STRANDS ALASKA LED lumiauran valo, lasinl\u00e4mmityksell\u00e4. - LED-kaukovalot, LED-lis\u00e4valot ja tarvikkeet, Ty\u00f6valot . Autojen, maastureiden ja pakettiautojen lis\u00e4varusteet. Varaosat.\" \/>\n<meta name=\"robots\" content=\"index, follow, max-snippet:-1, max-image-preview:large, max-video-preview:-1\" \/>\n<link rel=\"canonical\" href=\"https:\/\/www.castrum.ee\/fi\/toode\/strands-alaska-led-lumiauran-valo-lasinlammityksella\/\" \/>\n<meta property=\"og:locale\" content=\"fi_FI\" \/>\n<meta property=\"og:type\" content=\"article\" \/>\n<meta property=\"og:title\" content=\"STRANDS ALASKA LED lumiauran valo, lasinl\u00e4mmityksell\u00e4. | LED-kaukovalot, LED-lis\u00e4valot ja tarvikkeet, Ty\u00f6valot\" \/>\n<meta property=\"og:description\" content=\"STRANDS ALASKA LED lumiauran valo, lasinl\u00e4mmityksell\u00e4. - LED-kaukovalot, LED-lis\u00e4valot ja tarvikkeet, Ty\u00f6valot . Autojen, maastureiden ja pakettiautojen lis\u00e4varusteet. Varaosat.\" \/>\n<meta property=\"og:url\" content=\"https:\/\/www.castrum.ee\/fi\/toode\/strands-alaska-led-lumiauran-valo-lasinlammityksella\/\" \/>\n<meta property=\"og:site_name\" content=\"Castrum\" \/>\n<meta property=\"article:publisher\" content=\"https:\/\/www.facebook.com\/castrum.ee\" \/>\n<meta name=\"twitter:card\" content=\"summary_large_image\" \/>\n<meta name=\"twitter:label1\" content=\"Arvioitu lukuaika\" \/>\n\t<meta name=\"twitter:data1\" content=\"1 minuutti\" \/>\n<script type=\"application\/ld+json\" class=\"yoast-schema-graph\">{\"@context\":\"https:\\\/\\\/schema.org\",\"@graph\":[{\"@type\":\"WebPage\",\"@id\":\"https:\\\/\\\/www.castrum.ee\\\/fi\\\/toode\\\/strands-alaska-led-lumiauran-valo-lasinlammityksella\\\/\",\"url\":\"https:\\\/\\\/www.castrum.ee\\\/fi\\\/toode\\\/strands-alaska-led-lumiauran-valo-lasinlammityksella\\\/\",\"name\":\"STRANDS ALASKA LED lumiauran valo, lasinl\u00e4mmityksell\u00e4. | LED-kaukovalot, LED-lis\u00e4valot ja tarvikkeet, Ty\u00f6valot\",\"isPartOf\":{\"@id\":\"https:\\\/\\\/www.castrum.ee\\\/fi\\\/#website\"},\"primaryImageOfPage\":{\"@id\":\"https:\\\/\\\/www.castrum.ee\\\/fi\\\/toode\\\/strands-alaska-led-lumiauran-valo-lasinlammityksella\\\/#primaryimage\"},\"image\":{\"@id\":\"https:\\\/\\\/www.castrum.ee\\\/fi\\\/toode\\\/strands-alaska-led-lumiauran-valo-lasinlammityksella\\\/#primaryimage\"},\"thumbnailUrl\":\"https:\\\/\\\/www.castrum.ee\\\/wp-content\\\/uploads\\\/2025\\\/10\\\/S-270708_001.jpg\",\"datePublished\":\"2025-10-09T12:30:24+00:00\",\"description\":\"STRANDS ALASKA LED lumiauran valo, lasinl\u00e4mmityksell\u00e4. - LED-kaukovalot, LED-lis\u00e4valot ja tarvikkeet, Ty\u00f6valot . Autojen, maastureiden ja pakettiautojen lis\u00e4varusteet. Varaosat.\",\"breadcrumb\":{\"@id\":\"https:\\\/\\\/www.castrum.ee\\\/fi\\\/toode\\\/strands-alaska-led-lumiauran-valo-lasinlammityksella\\\/#breadcrumb\"},\"inLanguage\":\"fi\",\"potentialAction\":[{\"@type\":\"ReadAction\",\"target\":[\"https:\\\/\\\/www.castrum.ee\\\/fi\\\/toode\\\/strands-alaska-led-lumiauran-valo-lasinlammityksella\\\/\"]}]},{\"@type\":\"ImageObject\",\"inLanguage\":\"fi\",\"@id\":\"https:\\\/\\\/www.castrum.ee\\\/fi\\\/toode\\\/strands-alaska-led-lumiauran-valo-lasinlammityksella\\\/#primaryimage\",\"url\":\"https:\\\/\\\/www.castrum.ee\\\/wp-content\\\/uploads\\\/2025\\\/10\\\/S-270708_001.jpg\",\"contentUrl\":\"https:\\\/\\\/www.castrum.ee\\\/wp-content\\\/uploads\\\/2025\\\/10\\\/S-270708_001.jpg\",\"width\":800,\"height\":600},{\"@type\":\"BreadcrumbList\",\"@id\":\"https:\\\/\\\/www.castrum.ee\\\/fi\\\/toode\\\/strands-alaska-led-lumiauran-valo-lasinlammityksella\\\/#breadcrumb\",\"itemListElement\":[{\"@type\":\"ListItem\",\"position\":1,\"name\":\"Home\",\"item\":\"https:\\\/\\\/www.castrum.ee\\\/fi\\\/kotisivu\\\/\"},{\"@type\":\"ListItem\",\"position\":2,\"name\":\"Verkkokauppa\",\"item\":\"https:\\\/\\\/www.castrum.ee\\\/fi\\\/kauppa\\\/\"},{\"@type\":\"ListItem\",\"position\":3,\"name\":\"STRANDS ALASKA LED lumiauran valo, lasinl\u00e4mmityksell\u00e4.\"}]},{\"@type\":\"WebSite\",\"@id\":\"https:\\\/\\\/www.castrum.ee\\\/fi\\\/#website\",\"url\":\"https:\\\/\\\/www.castrum.ee\\\/fi\\\/\",\"name\":\"Castrum\",\"description\":\"Maasturite, s\u00f5iduautode ja v\u00e4ikebusside lisavarustus\",\"publisher\":{\"@id\":\"https:\\\/\\\/www.castrum.ee\\\/fi\\\/#organization\"},\"potentialAction\":[{\"@type\":\"SearchAction\",\"target\":{\"@type\":\"EntryPoint\",\"urlTemplate\":\"https:\\\/\\\/www.castrum.ee\\\/fi\\\/?s={search_term_string}\"},\"query-input\":{\"@type\":\"PropertyValueSpecification\",\"valueRequired\":true,\"valueName\":\"search_term_string\"}}],\"inLanguage\":\"fi\"},{\"@type\":\"Organization\",\"@id\":\"https:\\\/\\\/www.castrum.ee\\\/fi\\\/#organization\",\"name\":\"Castrum Grupp O\u00dc\",\"url\":\"https:\\\/\\\/www.castrum.ee\\\/fi\\\/\",\"logo\":{\"@type\":\"ImageObject\",\"inLanguage\":\"fi\",\"@id\":\"https:\\\/\\\/www.castrum.ee\\\/fi\\\/#\\\/schema\\\/logo\\\/image\\\/\",\"url\":\"https:\\\/\\\/www.castrum.ee\\\/wp-content\\\/uploads\\\/2025\\\/03\\\/Castrum-logo-500.png\",\"contentUrl\":\"https:\\\/\\\/www.castrum.ee\\\/wp-content\\\/uploads\\\/2025\\\/03\\\/Castrum-logo-500.png\",\"width\":500,\"height\":250,\"caption\":\"Castrum Grupp O\u00dc\"},\"image\":{\"@id\":\"https:\\\/\\\/www.castrum.ee\\\/fi\\\/#\\\/schema\\\/logo\\\/image\\\/\"},\"sameAs\":[\"https:\\\/\\\/www.facebook.com\\\/castrum.ee\"]}]}<\/script>\n<!-- \/ Yoast SEO plugin. -->","yoast_head_json":{"title":"STRANDS ALASKA LED lumiauran valo, lasinl\u00e4mmityksell\u00e4. | LED-kaukovalot, LED-lis\u00e4valot ja tarvikkeet, Ty\u00f6valot","description":"STRANDS ALASKA LED lumiauran valo, lasinl\u00e4mmityksell\u00e4. - LED-kaukovalot, LED-lis\u00e4valot ja tarvikkeet, Ty\u00f6valot . Autojen, maastureiden ja pakettiautojen lis\u00e4varusteet. Varaosat.","robots":{"index":"index","follow":"follow","max-snippet":"max-snippet:-1","max-image-preview":"max-image-preview:large","max-video-preview":"max-video-preview:-1"},"canonical":"https:\/\/www.castrum.ee\/fi\/toode\/strands-alaska-led-lumiauran-valo-lasinlammityksella\/","og_locale":"fi_FI","og_type":"article","og_title":"STRANDS ALASKA LED lumiauran valo, lasinl\u00e4mmityksell\u00e4. | LED-kaukovalot, LED-lis\u00e4valot ja tarvikkeet, Ty\u00f6valot","og_description":"STRANDS ALASKA LED lumiauran valo, lasinl\u00e4mmityksell\u00e4. - LED-kaukovalot, LED-lis\u00e4valot ja tarvikkeet, Ty\u00f6valot . Autojen, maastureiden ja pakettiautojen lis\u00e4varusteet. Varaosat.","og_url":"https:\/\/www.castrum.ee\/fi\/toode\/strands-alaska-led-lumiauran-valo-lasinlammityksella\/","og_site_name":"Castrum","article_publisher":"https:\/\/www.facebook.com\/castrum.ee","twitter_card":"summary_large_image","twitter_misc":{"Arvioitu lukuaika":"1 minuutti"},"schema":{"@context":"https:\/\/schema.org","@graph":[{"@type":"WebPage","@id":"https:\/\/www.castrum.ee\/fi\/toode\/strands-alaska-led-lumiauran-valo-lasinlammityksella\/","url":"https:\/\/www.castrum.ee\/fi\/toode\/strands-alaska-led-lumiauran-valo-lasinlammityksella\/","name":"STRANDS ALASKA LED lumiauran valo, lasinl\u00e4mmityksell\u00e4. | LED-kaukovalot, LED-lis\u00e4valot ja tarvikkeet, Ty\u00f6valot","isPartOf":{"@id":"https:\/\/www.castrum.ee\/fi\/#website"},"primaryImageOfPage":{"@id":"https:\/\/www.castrum.ee\/fi\/toode\/strands-alaska-led-lumiauran-valo-lasinlammityksella\/#primaryimage"},"image":{"@id":"https:\/\/www.castrum.ee\/fi\/toode\/strands-alaska-led-lumiauran-valo-lasinlammityksella\/#primaryimage"},"thumbnailUrl":"https:\/\/www.castrum.ee\/wp-content\/uploads\/2025\/10\/S-270708_001.jpg","datePublished":"2025-10-09T12:30:24+00:00","description":"STRANDS ALASKA LED lumiauran valo, lasinl\u00e4mmityksell\u00e4. - LED-kaukovalot, LED-lis\u00e4valot ja tarvikkeet, Ty\u00f6valot . Autojen, maastureiden ja pakettiautojen lis\u00e4varusteet. Varaosat.","breadcrumb":{"@id":"https:\/\/www.castrum.ee\/fi\/toode\/strands-alaska-led-lumiauran-valo-lasinlammityksella\/#breadcrumb"},"inLanguage":"fi","potentialAction":[{"@type":"ReadAction","target":["https:\/\/www.castrum.ee\/fi\/toode\/strands-alaska-led-lumiauran-valo-lasinlammityksella\/"]}]},{"@type":"ImageObject","inLanguage":"fi","@id":"https:\/\/www.castrum.ee\/fi\/toode\/strands-alaska-led-lumiauran-valo-lasinlammityksella\/#primaryimage","url":"https:\/\/www.castrum.ee\/wp-content\/uploads\/2025\/10\/S-270708_001.jpg","contentUrl":"https:\/\/www.castrum.ee\/wp-content\/uploads\/2025\/10\/S-270708_001.jpg","width":800,"height":600},{"@type":"BreadcrumbList","@id":"https:\/\/www.castrum.ee\/fi\/toode\/strands-alaska-led-lumiauran-valo-lasinlammityksella\/#breadcrumb","itemListElement":[{"@type":"ListItem","position":1,"name":"Home","item":"https:\/\/www.castrum.ee\/fi\/kotisivu\/"},{"@type":"ListItem","position":2,"name":"Verkkokauppa","item":"https:\/\/www.castrum.ee\/fi\/kauppa\/"},{"@type":"ListItem","position":3,"name":"STRANDS ALASKA LED lumiauran valo, lasinl\u00e4mmityksell\u00e4."}]},{"@type":"WebSite","@id":"https:\/\/www.castrum.ee\/fi\/#website","url":"https:\/\/www.castrum.ee\/fi\/","name":"Castrum","description":"Maasturite, s\u00f5iduautode ja v\u00e4ikebusside lisavarustus","publisher":{"@id":"https:\/\/www.castrum.ee\/fi\/#organization"},"potentialAction":[{"@type":"SearchAction","target":{"@type":"EntryPoint","urlTemplate":"https:\/\/www.castrum.ee\/fi\/?s={search_term_string}"},"query-input":{"@type":"PropertyValueSpecification","valueRequired":true,"valueName":"search_term_string"}}],"inLanguage":"fi"},{"@type":"Organization","@id":"https:\/\/www.castrum.ee\/fi\/#organization","name":"Castrum Grupp O\u00dc","url":"https:\/\/www.castrum.ee\/fi\/","logo":{"@type":"ImageObject","inLanguage":"fi","@id":"https:\/\/www.castrum.ee\/fi\/#\/schema\/logo\/image\/","url":"https:\/\/www.castrum.ee\/wp-content\/uploads\/2025\/03\/Castrum-logo-500.png","contentUrl":"https:\/\/www.castrum.ee\/wp-content\/uploads\/2025\/03\/Castrum-logo-500.png","width":500,"height":250,"caption":"Castrum Grupp O\u00dc"},"image":{"@id":"https:\/\/www.castrum.ee\/fi\/#\/schema\/logo\/image\/"},"sameAs":["https:\/\/www.facebook.com\/castrum.ee"]}]}},"_links":{"self":[{"href":"https:\/\/www.castrum.ee\/fi\/wp-json\/wp\/v2\/product\/77647","targetHints":{"allow":["GET"]}}],"collection":[{"href":"https:\/\/www.castrum.ee\/fi\/wp-json\/wp\/v2\/product"}],"about":[{"href":"https:\/\/www.castrum.ee\/fi\/wp-json\/wp\/v2\/types\/product"}],"wp:featuredmedia":[{"embeddable":true,"href":"https:\/\/www.castrum.ee\/fi\/wp-json\/wp\/v2\/media\/25709"}],"wp:attachment":[{"href":"https:\/\/www.castrum.ee\/fi\/wp-json\/wp\/v2\/media?parent=77647"}],"wp:term":[{"taxonomy":"mark-ja-mudel","embeddable":true,"href":"https:\/\/www.castrum.ee\/fi\/wp-json\/wp\/v2\/mark-ja-mudel?post=77647"},{"taxonomy":"product_brand","embeddable":true,"href":"https:\/\/www.castrum.ee\/fi\/wp-json\/wp\/v2\/product_brand?post=77647"},{"taxonomy":"product_cat","embeddable":true,"href":"https:\/\/www.castrum.ee\/fi\/wp-json\/wp\/v2\/product_cat?post=77647"},{"taxonomy":"product_tag","embeddable":true,"href":"https:\/\/www.castrum.ee\/fi\/wp-json\/wp\/v2\/product_tag?post=77647"}],"curies":[{"name":"wp","href":"https:\/\/api.w.org\/{rel}","templated":true}]}}