{"id":77692,"date":"2025-10-14T09:34:21","date_gmt":"2025-10-14T09:34:21","guid":{"rendered":"https:\/\/www.castrum.ee\/toode\/skoda-karoq-18-upotettava-led-kaukovalo\/"},"modified":"2025-10-14T09:34:21","modified_gmt":"2025-10-14T06:34:21","slug":"skoda-karoq-18-upotettava-led-kaukovalo","status":"publish","type":"product","link":"https:\/\/www.castrum.ee\/fi\/toode\/skoda-karoq-18-upotettava-led-kaukovalo\/","title":{"rendered":"\u0160koda Karoq [18+] upotettava LED-kaukovalo"},"content":{"rendered":"<p>LED Extra Light DSM Premium Plus on tehokas lis\u00e4, joka tarjoaa Osram-LEDien ja prisman linssiteknologian avulla suorituskykyisen ja voimakkaan valokeilan. Kevyt paino ja erinomainen valo yhdistettyn\u00e4 takaavat, ett\u00e4 ajosta tulee mukavaa ja turvallista! Mallikohtainen asennus mahdollistaa valaisimen upotetun asennuksen, mik\u00e4 takaa tyylipuhtauden ja vaikeuttaa lis\u00e4valon varastamista. Lis\u00e4valosarja sis\u00e4lt\u00e4\u00e4 t\u00e4ydent\u00e4v\u00e4n lamppukohtaisen asennusohjeen. Asennusohje ei sis\u00e4ll\u00e4 erityist\u00e4 ohjetta lis\u00e4valojen johtojen kytkemiseen.<\/p>\n<p>LED-valopaketti sis\u00e4lt\u00e4\u00e4:<br \/>\n\u2022 LED DSM Premium Plus<br \/>\n\u2022 DSM asennussarja&nbsp;<br \/>\n\u2022 Luminalights johtosarja Deutsch-liittimill\u00e4<\/p>\n<p>Lis\u00e4valopaneelin tekniset tiedot<br \/>\n\u2022 Referenssiluku: 40<br \/>\n\u2022 K\u00e4ytt\u00f6j\u00e4nnite: 10-50V<br \/>\n\u2022 Valmistajan ilmoittama teho 200 W (40 x 5W Osram LED)<br \/>\n\u2022 Valovirta: 20 000 lm (valmistajan ilmoittama)<br \/>\n\u2022 V\u00e4ril\u00e4mp\u00f6tila: 6500K<br \/>\n\u2022 EMC-suojattu \u2013 ei aiheuta radioh\u00e4iri\u00f6it\u00e4<br \/>\n\u2022 Iskunkest\u00e4v\u00e4 polykarbonaattilinssi<br \/>\n\u2022 Kiinnikkeet<br \/>\n\u2022 Leveys: 550 mm<br \/>\n\u2022 Korkeus: 82 mm<br \/>\n\u2022 Syvyys: 80 mm<br \/>\n\u2022 Paino: 3,4 kg<br \/>\n\u2022 Deutsch-liitin<br \/>\n\u2022 Takuu 36 kuukautta<br \/>\n\u2022 IP68<br \/>\n\u2022 Hyv\u00e4ksytty tieliikennek\u00e4ytt\u00f6\u00f6n (E-hyv\u00e4ksynt\u00e4)<\/p>\n","protected":false},"excerpt":{"rendered":"<p>LED Extra Light DSM Premium Plus on tehokas lis\u00e4, joka tarjoaa Osram-LEDien ja prisman linssiteknologian avulla suorituskykyisen ja voimakkaan valokeilan. Kevyt paino ja erinomainen valo yhdistettyn\u00e4 takaavat, ett\u00e4 ajosta tulee mukavaa ja turvallista!<\/p>\n","protected":false},"featured_media":26337,"template":"","meta":{"_acf_changed":false},"mark-ja-mudel":[],"product_brand":[1366,1319],"product_cat":[1079,1081],"product_tag":[1107],"class_list":{"0":"post-77692","1":"product","2":"type-product","3":"status-publish","4":"has-post-thumbnail","6":"product_brand-karoq","7":"product_brand-skoda","8":"product_cat-led-lisavalot-ja-tarvikkeet","9":"product_cat-mallikohtaiset-led-kaukovalot","10":"product_tag-toimitusaika-4-5-paivaa","12":"first","13":"instock","14":"taxable","15":"shipping-taxable","16":"purchasable","17":"product-type-simple"},"bundled_by":[],"bundle_stock_status":"instock","bundle_stock_quantity":null,"bundle_virtual":false,"bundle_layout":"","bundle_add_to_cart_form_location":"","bundle_editable_in_cart":false,"bundle_sold_individually_context":"","bundle_item_grouping":"","bundle_min_size":"","bundle_max_size":"","bundle_price":[],"bundled_items":[],"bundle_sell_ids":[],"acf":[],"yoast_head":"<!-- This site is optimized with the Yoast SEO plugin v27.3 - https:\/\/yoast.com\/product\/yoast-seo-wordpress\/ -->\n<title>\u0160koda Karoq [18+] upotettava LED-kaukovalo | LED-lis\u00e4valot ja tarvikkeet, Mallikohtaiset LED-kaukovalot<\/title>\n<meta name=\"description\" content=\"\u0160koda Karoq [18+] upotettava LED-kaukovalo - LED-lis\u00e4valot ja tarvikkeet, Mallikohtaiset LED-kaukovalot . Autojen, maastureiden ja pakettiautojen lis\u00e4varusteet. Varaosat.\" \/>\n<meta name=\"robots\" content=\"index, follow, max-snippet:-1, max-image-preview:large, max-video-preview:-1\" \/>\n<link rel=\"canonical\" href=\"https:\/\/www.castrum.ee\/fi\/toode\/skoda-karoq-18-upotettava-led-kaukovalo\/\" \/>\n<meta property=\"og:locale\" content=\"fi_FI\" \/>\n<meta property=\"og:type\" content=\"article\" \/>\n<meta property=\"og:title\" content=\"\u0160koda Karoq [18+] upotettava LED-kaukovalo | LED-lis\u00e4valot ja tarvikkeet, Mallikohtaiset LED-kaukovalot\" \/>\n<meta property=\"og:description\" content=\"\u0160koda Karoq [18+] upotettava LED-kaukovalo - LED-lis\u00e4valot ja tarvikkeet, Mallikohtaiset LED-kaukovalot . Autojen, maastureiden ja pakettiautojen lis\u00e4varusteet. Varaosat.\" \/>\n<meta property=\"og:url\" content=\"https:\/\/www.castrum.ee\/fi\/toode\/skoda-karoq-18-upotettava-led-kaukovalo\/\" \/>\n<meta property=\"og:site_name\" content=\"Castrum\" \/>\n<meta property=\"article:publisher\" content=\"https:\/\/www.facebook.com\/castrum.ee\" \/>\n<meta name=\"twitter:card\" content=\"summary_large_image\" \/>\n<meta name=\"twitter:label1\" content=\"Arvioitu lukuaika\" \/>\n\t<meta name=\"twitter:data1\" content=\"1 minuutti\" \/>\n<script type=\"application\/ld+json\" class=\"yoast-schema-graph\">{\"@context\":\"https:\\\/\\\/schema.org\",\"@graph\":[{\"@type\":\"WebPage\",\"@id\":\"https:\\\/\\\/www.castrum.ee\\\/fi\\\/toode\\\/skoda-karoq-18-upotettava-led-kaukovalo\\\/\",\"url\":\"https:\\\/\\\/www.castrum.ee\\\/fi\\\/toode\\\/skoda-karoq-18-upotettava-led-kaukovalo\\\/\",\"name\":\"\u0160koda Karoq [18+] upotettava LED-kaukovalo | LED-lis\u00e4valot ja tarvikkeet, Mallikohtaiset LED-kaukovalot\",\"isPartOf\":{\"@id\":\"https:\\\/\\\/www.castrum.ee\\\/fi\\\/#website\"},\"primaryImageOfPage\":{\"@id\":\"https:\\\/\\\/www.castrum.ee\\\/fi\\\/toode\\\/skoda-karoq-18-upotettava-led-kaukovalo\\\/#primaryimage\"},\"image\":{\"@id\":\"https:\\\/\\\/www.castrum.ee\\\/fi\\\/toode\\\/skoda-karoq-18-upotettava-led-kaukovalo\\\/#primaryimage\"},\"thumbnailUrl\":\"https:\\\/\\\/www.castrum.ee\\\/wp-content\\\/uploads\\\/2025\\\/10\\\/830F756A-74EE-468D-B05B-DC707E360F1A.jpeg\",\"datePublished\":\"2025-10-14T09:34:21+00:00\",\"description\":\"\u0160koda Karoq [18+] upotettava LED-kaukovalo - LED-lis\u00e4valot ja tarvikkeet, Mallikohtaiset LED-kaukovalot . Autojen, maastureiden ja pakettiautojen lis\u00e4varusteet. Varaosat.\",\"breadcrumb\":{\"@id\":\"https:\\\/\\\/www.castrum.ee\\\/fi\\\/toode\\\/skoda-karoq-18-upotettava-led-kaukovalo\\\/#breadcrumb\"},\"inLanguage\":\"fi\",\"potentialAction\":[{\"@type\":\"ReadAction\",\"target\":[\"https:\\\/\\\/www.castrum.ee\\\/fi\\\/toode\\\/skoda-karoq-18-upotettava-led-kaukovalo\\\/\"]}]},{\"@type\":\"ImageObject\",\"inLanguage\":\"fi\",\"@id\":\"https:\\\/\\\/www.castrum.ee\\\/fi\\\/toode\\\/skoda-karoq-18-upotettava-led-kaukovalo\\\/#primaryimage\",\"url\":\"https:\\\/\\\/www.castrum.ee\\\/wp-content\\\/uploads\\\/2025\\\/10\\\/830F756A-74EE-468D-B05B-DC707E360F1A.jpeg\",\"contentUrl\":\"https:\\\/\\\/www.castrum.ee\\\/wp-content\\\/uploads\\\/2025\\\/10\\\/830F756A-74EE-468D-B05B-DC707E360F1A.jpeg\",\"width\":555,\"height\":298},{\"@type\":\"BreadcrumbList\",\"@id\":\"https:\\\/\\\/www.castrum.ee\\\/fi\\\/toode\\\/skoda-karoq-18-upotettava-led-kaukovalo\\\/#breadcrumb\",\"itemListElement\":[{\"@type\":\"ListItem\",\"position\":1,\"name\":\"Home\",\"item\":\"https:\\\/\\\/www.castrum.ee\\\/fi\\\/kotisivu\\\/\"},{\"@type\":\"ListItem\",\"position\":2,\"name\":\"Verkkokauppa\",\"item\":\"https:\\\/\\\/www.castrum.ee\\\/fi\\\/kauppa\\\/\"},{\"@type\":\"ListItem\",\"position\":3,\"name\":\"\u0160koda Karoq [18+] upotettava LED-kaukovalo\"}]},{\"@type\":\"WebSite\",\"@id\":\"https:\\\/\\\/www.castrum.ee\\\/fi\\\/#website\",\"url\":\"https:\\\/\\\/www.castrum.ee\\\/fi\\\/\",\"name\":\"Castrum\",\"description\":\"Maasturite, s\u00f5iduautode ja v\u00e4ikebusside lisavarustus\",\"publisher\":{\"@id\":\"https:\\\/\\\/www.castrum.ee\\\/fi\\\/#organization\"},\"potentialAction\":[{\"@type\":\"SearchAction\",\"target\":{\"@type\":\"EntryPoint\",\"urlTemplate\":\"https:\\\/\\\/www.castrum.ee\\\/fi\\\/?s={search_term_string}\"},\"query-input\":{\"@type\":\"PropertyValueSpecification\",\"valueRequired\":true,\"valueName\":\"search_term_string\"}}],\"inLanguage\":\"fi\"},{\"@type\":\"Organization\",\"@id\":\"https:\\\/\\\/www.castrum.ee\\\/fi\\\/#organization\",\"name\":\"Castrum Grupp O\u00dc\",\"url\":\"https:\\\/\\\/www.castrum.ee\\\/fi\\\/\",\"logo\":{\"@type\":\"ImageObject\",\"inLanguage\":\"fi\",\"@id\":\"https:\\\/\\\/www.castrum.ee\\\/fi\\\/#\\\/schema\\\/logo\\\/image\\\/\",\"url\":\"https:\\\/\\\/www.castrum.ee\\\/wp-content\\\/uploads\\\/2025\\\/03\\\/Castrum-logo-500.png\",\"contentUrl\":\"https:\\\/\\\/www.castrum.ee\\\/wp-content\\\/uploads\\\/2025\\\/03\\\/Castrum-logo-500.png\",\"width\":500,\"height\":250,\"caption\":\"Castrum Grupp O\u00dc\"},\"image\":{\"@id\":\"https:\\\/\\\/www.castrum.ee\\\/fi\\\/#\\\/schema\\\/logo\\\/image\\\/\"},\"sameAs\":[\"https:\\\/\\\/www.facebook.com\\\/castrum.ee\"]}]}<\/script>\n<!-- \/ Yoast SEO plugin. -->","yoast_head_json":{"title":"\u0160koda Karoq [18+] upotettava LED-kaukovalo | LED-lis\u00e4valot ja tarvikkeet, Mallikohtaiset LED-kaukovalot","description":"\u0160koda Karoq [18+] upotettava LED-kaukovalo - LED-lis\u00e4valot ja tarvikkeet, Mallikohtaiset LED-kaukovalot . Autojen, maastureiden ja pakettiautojen lis\u00e4varusteet. Varaosat.","robots":{"index":"index","follow":"follow","max-snippet":"max-snippet:-1","max-image-preview":"max-image-preview:large","max-video-preview":"max-video-preview:-1"},"canonical":"https:\/\/www.castrum.ee\/fi\/toode\/skoda-karoq-18-upotettava-led-kaukovalo\/","og_locale":"fi_FI","og_type":"article","og_title":"\u0160koda Karoq [18+] upotettava LED-kaukovalo | LED-lis\u00e4valot ja tarvikkeet, Mallikohtaiset LED-kaukovalot","og_description":"\u0160koda Karoq [18+] upotettava LED-kaukovalo - LED-lis\u00e4valot ja tarvikkeet, Mallikohtaiset LED-kaukovalot . Autojen, maastureiden ja pakettiautojen lis\u00e4varusteet. Varaosat.","og_url":"https:\/\/www.castrum.ee\/fi\/toode\/skoda-karoq-18-upotettava-led-kaukovalo\/","og_site_name":"Castrum","article_publisher":"https:\/\/www.facebook.com\/castrum.ee","twitter_card":"summary_large_image","twitter_misc":{"Arvioitu lukuaika":"1 minuutti"},"schema":{"@context":"https:\/\/schema.org","@graph":[{"@type":"WebPage","@id":"https:\/\/www.castrum.ee\/fi\/toode\/skoda-karoq-18-upotettava-led-kaukovalo\/","url":"https:\/\/www.castrum.ee\/fi\/toode\/skoda-karoq-18-upotettava-led-kaukovalo\/","name":"\u0160koda Karoq [18+] upotettava LED-kaukovalo | LED-lis\u00e4valot ja tarvikkeet, Mallikohtaiset LED-kaukovalot","isPartOf":{"@id":"https:\/\/www.castrum.ee\/fi\/#website"},"primaryImageOfPage":{"@id":"https:\/\/www.castrum.ee\/fi\/toode\/skoda-karoq-18-upotettava-led-kaukovalo\/#primaryimage"},"image":{"@id":"https:\/\/www.castrum.ee\/fi\/toode\/skoda-karoq-18-upotettava-led-kaukovalo\/#primaryimage"},"thumbnailUrl":"https:\/\/www.castrum.ee\/wp-content\/uploads\/2025\/10\/830F756A-74EE-468D-B05B-DC707E360F1A.jpeg","datePublished":"2025-10-14T09:34:21+00:00","description":"\u0160koda Karoq [18+] upotettava LED-kaukovalo - LED-lis\u00e4valot ja tarvikkeet, Mallikohtaiset LED-kaukovalot . Autojen, maastureiden ja pakettiautojen lis\u00e4varusteet. Varaosat.","breadcrumb":{"@id":"https:\/\/www.castrum.ee\/fi\/toode\/skoda-karoq-18-upotettava-led-kaukovalo\/#breadcrumb"},"inLanguage":"fi","potentialAction":[{"@type":"ReadAction","target":["https:\/\/www.castrum.ee\/fi\/toode\/skoda-karoq-18-upotettava-led-kaukovalo\/"]}]},{"@type":"ImageObject","inLanguage":"fi","@id":"https:\/\/www.castrum.ee\/fi\/toode\/skoda-karoq-18-upotettava-led-kaukovalo\/#primaryimage","url":"https:\/\/www.castrum.ee\/wp-content\/uploads\/2025\/10\/830F756A-74EE-468D-B05B-DC707E360F1A.jpeg","contentUrl":"https:\/\/www.castrum.ee\/wp-content\/uploads\/2025\/10\/830F756A-74EE-468D-B05B-DC707E360F1A.jpeg","width":555,"height":298},{"@type":"BreadcrumbList","@id":"https:\/\/www.castrum.ee\/fi\/toode\/skoda-karoq-18-upotettava-led-kaukovalo\/#breadcrumb","itemListElement":[{"@type":"ListItem","position":1,"name":"Home","item":"https:\/\/www.castrum.ee\/fi\/kotisivu\/"},{"@type":"ListItem","position":2,"name":"Verkkokauppa","item":"https:\/\/www.castrum.ee\/fi\/kauppa\/"},{"@type":"ListItem","position":3,"name":"\u0160koda Karoq [18+] upotettava LED-kaukovalo"}]},{"@type":"WebSite","@id":"https:\/\/www.castrum.ee\/fi\/#website","url":"https:\/\/www.castrum.ee\/fi\/","name":"Castrum","description":"Maasturite, s\u00f5iduautode ja v\u00e4ikebusside lisavarustus","publisher":{"@id":"https:\/\/www.castrum.ee\/fi\/#organization"},"potentialAction":[{"@type":"SearchAction","target":{"@type":"EntryPoint","urlTemplate":"https:\/\/www.castrum.ee\/fi\/?s={search_term_string}"},"query-input":{"@type":"PropertyValueSpecification","valueRequired":true,"valueName":"search_term_string"}}],"inLanguage":"fi"},{"@type":"Organization","@id":"https:\/\/www.castrum.ee\/fi\/#organization","name":"Castrum Grupp O\u00dc","url":"https:\/\/www.castrum.ee\/fi\/","logo":{"@type":"ImageObject","inLanguage":"fi","@id":"https:\/\/www.castrum.ee\/fi\/#\/schema\/logo\/image\/","url":"https:\/\/www.castrum.ee\/wp-content\/uploads\/2025\/03\/Castrum-logo-500.png","contentUrl":"https:\/\/www.castrum.ee\/wp-content\/uploads\/2025\/03\/Castrum-logo-500.png","width":500,"height":250,"caption":"Castrum Grupp O\u00dc"},"image":{"@id":"https:\/\/www.castrum.ee\/fi\/#\/schema\/logo\/image\/"},"sameAs":["https:\/\/www.facebook.com\/castrum.ee"]}]}},"_links":{"self":[{"href":"https:\/\/www.castrum.ee\/fi\/wp-json\/wp\/v2\/product\/77692","targetHints":{"allow":["GET"]}}],"collection":[{"href":"https:\/\/www.castrum.ee\/fi\/wp-json\/wp\/v2\/product"}],"about":[{"href":"https:\/\/www.castrum.ee\/fi\/wp-json\/wp\/v2\/types\/product"}],"wp:featuredmedia":[{"embeddable":true,"href":"https:\/\/www.castrum.ee\/fi\/wp-json\/wp\/v2\/media\/26337"}],"wp:attachment":[{"href":"https:\/\/www.castrum.ee\/fi\/wp-json\/wp\/v2\/media?parent=77692"}],"wp:term":[{"taxonomy":"mark-ja-mudel","embeddable":true,"href":"https:\/\/www.castrum.ee\/fi\/wp-json\/wp\/v2\/mark-ja-mudel?post=77692"},{"taxonomy":"product_brand","embeddable":true,"href":"https:\/\/www.castrum.ee\/fi\/wp-json\/wp\/v2\/product_brand?post=77692"},{"taxonomy":"product_cat","embeddable":true,"href":"https:\/\/www.castrum.ee\/fi\/wp-json\/wp\/v2\/product_cat?post=77692"},{"taxonomy":"product_tag","embeddable":true,"href":"https:\/\/www.castrum.ee\/fi\/wp-json\/wp\/v2\/product_tag?post=77692"}],"curies":[{"name":"wp","href":"https:\/\/api.w.org\/{rel}","templated":true}]}}