{"id":79038,"date":"2026-03-11T13:14:46","date_gmt":"2026-03-11T11:14:46","guid":{"rendered":"https:\/\/www.castrum.ee\/?post_type=product&#038;p=79038"},"modified":"2026-03-25T14:18:32","modified_gmt":"2026-03-25T12:18:32","slug":"laternakandur-keskmise-ja-korge-katusega-kaubikutele","status":"publish","type":"product","link":"https:\/\/www.castrum.ee\/fi\/toode\/laternakandur-keskmise-ja-korge-katusega-kaubikutele\/","title":{"rendered":"Laternakandur keskmise ja k\u00f5rge katusega kaubikutele"},"content":{"rendered":"<ul>\n<li>SUS 304 roostevaba teras<\/li>\n<li>Pikkus: 1330 mm<\/li>\n<li>S\u00fcvistatud LED-tuledel on t\u00e4ielik E-m\u00e4rgistus, sobivad kasutamiseks Euroopa teedel<\/li>\n<li>Lihtne paigaldada<\/li>\n<li>Komplektis paigaldusjuhend ja kinnitustarvikud<\/li>\n<li>Eluaegne garantii<\/li>\n<li>Sobib keskmise ja k\u00f5rge katusega mudelitele<\/li>\n<li>E-posti ja telefoni teel tehniline tugi<\/li>\n<li>Komplektis 5 valget LED-tuld<\/li>\n<li>Toru ei ole standardis eeljuhtmestatud<\/li>\n<\/ul>\n<p>Toru on uus, karbis ja sisaldab k\u00f5iki paigaldamiseks vajalikke mutreid, polte ja kinnitusi.<\/p>\n","protected":false},"excerpt":{"rendered":"<ul>\n<li>SUS 304 roostevaba teras<\/li>\n<li>Pikkus: 1330 mm<\/li>\n<li>S\u00fcvistatud LED-tuledel on t\u00e4ielik E-m\u00e4rgistus, sobivad kasutamiseks Euroopa teedel<\/li>\n<li>Lihtne paigaldada<\/li>\n<li>Komplektis paigaldusjuhend ja kinnitustarvikud<\/li>\n<li>Eluaegne garantii<\/li>\n<li>Sobib keskmise ja k\u00f5rge katusega mudelitele<\/li>\n<li>E-posti ja telefoni teel tehniline tugi<\/li>\n<li>Komplektis 5 valget LED-tuld<\/li>\n<li>Toru ei ole standardis eeljuhtmestatud<\/li>\n<\/ul>\n<p>Toru on uus, karbis ja sisaldab k\u00f5iki paigaldamiseks vajalikke mutreid, polte ja kinnitusi.<\/p>\n","protected":false},"featured_media":79042,"template":"","meta":{"_acf_changed":false},"mark-ja-mudel":[],"product_brand":[689,402,400,318,489,133,488,690,401,127,717,313,331,139,344,89],"product_cat":[680,935],"product_tag":[],"class_list":{"0":"post-79038","1":"product","2":"type-product","3":"status-publish","4":"has-post-thumbnail","6":"product_brand-boxer","7":"product_brand-boxer-swb-mwb-lwb","8":"product_brand-citroen","9":"product_brand-crafter","10":"product_brand-daily","11":"product_brand-ford","12":"product_brand-iveco","13":"product_brand-jumper","14":"product_brand-jumper-swb-mwb-lwb","15":"product_brand-mercedes-benz","16":"product_brand-movano","17":"product_brand-opel","18":"product_brand-peugeot","19":"product_brand-sprinter","20":"product_brand-transit","21":"product_brand-volkswagen","22":"product_cat-led-lisatuled-ja-tarvikud","23":"product_cat-mudelipohised-lisatulede-kandurid","25":"first","26":"instock","27":"taxable","28":"shipping-taxable","29":"purchasable","30":"product-type-variable"},"bundled_by":[],"bundle_stock_status":"instock","bundle_stock_quantity":null,"bundle_virtual":false,"bundle_layout":"","bundle_add_to_cart_form_location":"","bundle_editable_in_cart":false,"bundle_sold_individually_context":"","bundle_item_grouping":"","bundle_min_size":"","bundle_max_size":"","bundle_price":[],"bundled_items":[],"bundle_sell_ids":[],"acf":[],"yoast_head":"<!-- This site is optimized with the Yoast SEO plugin v27.3 - https:\/\/yoast.com\/product\/yoast-seo-wordpress\/ -->\n<title>Laternakandur keskmise ja k\u00f5rge katusega kaubikutele | LED lisatuled ja tarvikud, Mudelip\u00f5hised lisatulede kandurid<\/title>\n<meta name=\"description\" content=\"Laternakandur keskmise ja k\u00f5rge katusega kaubikutele - LED lisatuled ja tarvikud, Mudelip\u00f5hised lisatulede kandurid . Autojen, maastureiden ja pakettiautojen lis\u00e4varusteet. Varaosat.\" \/>\n<meta name=\"robots\" content=\"index, follow, max-snippet:-1, max-image-preview:large, max-video-preview:-1\" \/>\n<link rel=\"canonical\" href=\"https:\/\/www.castrum.ee\/fi\/toode\/laternakandur-keskmise-ja-korge-katusega-kaubikutele\/\" \/>\n<meta property=\"og:locale\" content=\"fi_FI\" \/>\n<meta property=\"og:type\" content=\"article\" \/>\n<meta property=\"og:title\" content=\"Laternakandur keskmise ja k\u00f5rge katusega kaubikutele | LED lisatuled ja tarvikud, Mudelip\u00f5hised lisatulede kandurid\" \/>\n<meta property=\"og:description\" content=\"Laternakandur keskmise ja k\u00f5rge katusega kaubikutele - LED lisatuled ja tarvikud, Mudelip\u00f5hised lisatulede kandurid . Autojen, maastureiden ja pakettiautojen lis\u00e4varusteet. Varaosat.\" \/>\n<meta property=\"og:url\" content=\"https:\/\/www.castrum.ee\/fi\/toode\/laternakandur-keskmise-ja-korge-katusega-kaubikutele\/\" \/>\n<meta property=\"og:site_name\" content=\"Castrum\" \/>\n<meta property=\"article:publisher\" content=\"https:\/\/www.facebook.com\/castrum.ee\" \/>\n<meta property=\"article:modified_time\" content=\"2026-03-25T12:18:32+00:00\" \/>\n<meta property=\"og:image\" content=\"https:\/\/www.castrum.ee\/wp-content\/uploads\/2026\/03\/75389671-6158-48ac-b956-afa3befc8a04.webp\" \/>\n\t<meta property=\"og:image:width\" content=\"990\" \/>\n\t<meta property=\"og:image:height\" content=\"615\" \/>\n\t<meta property=\"og:image:type\" content=\"image\/webp\" \/>\n<meta name=\"twitter:card\" content=\"summary_large_image\" \/>\n<meta name=\"twitter:label1\" content=\"Arvioitu lukuaika\" \/>\n\t<meta name=\"twitter:data1\" content=\"1 minuutti\" \/>\n<script type=\"application\/ld+json\" class=\"yoast-schema-graph\">{\"@context\":\"https:\\\/\\\/schema.org\",\"@graph\":[{\"@type\":\"WebPage\",\"@id\":\"https:\\\/\\\/www.castrum.ee\\\/fi\\\/toode\\\/laternakandur-keskmise-ja-korge-katusega-kaubikutele\\\/\",\"url\":\"https:\\\/\\\/www.castrum.ee\\\/fi\\\/toode\\\/laternakandur-keskmise-ja-korge-katusega-kaubikutele\\\/\",\"name\":\"Laternakandur keskmise ja k\u00f5rge katusega kaubikutele | LED lisatuled ja tarvikud, Mudelip\u00f5hised lisatulede kandurid\",\"isPartOf\":{\"@id\":\"https:\\\/\\\/www.castrum.ee\\\/fi\\\/#website\"},\"primaryImageOfPage\":{\"@id\":\"https:\\\/\\\/www.castrum.ee\\\/fi\\\/toode\\\/laternakandur-keskmise-ja-korge-katusega-kaubikutele\\\/#primaryimage\"},\"image\":{\"@id\":\"https:\\\/\\\/www.castrum.ee\\\/fi\\\/toode\\\/laternakandur-keskmise-ja-korge-katusega-kaubikutele\\\/#primaryimage\"},\"thumbnailUrl\":\"https:\\\/\\\/www.castrum.ee\\\/wp-content\\\/uploads\\\/2026\\\/03\\\/75389671-6158-48ac-b956-afa3befc8a04.webp\",\"datePublished\":\"2026-03-11T11:14:46+00:00\",\"dateModified\":\"2026-03-25T12:18:32+00:00\",\"description\":\"Laternakandur keskmise ja k\u00f5rge katusega kaubikutele - LED lisatuled ja tarvikud, Mudelip\u00f5hised lisatulede kandurid . Autojen, maastureiden ja pakettiautojen lis\u00e4varusteet. Varaosat.\",\"breadcrumb\":{\"@id\":\"https:\\\/\\\/www.castrum.ee\\\/fi\\\/toode\\\/laternakandur-keskmise-ja-korge-katusega-kaubikutele\\\/#breadcrumb\"},\"inLanguage\":\"fi\",\"potentialAction\":[{\"@type\":\"ReadAction\",\"target\":[\"https:\\\/\\\/www.castrum.ee\\\/fi\\\/toode\\\/laternakandur-keskmise-ja-korge-katusega-kaubikutele\\\/\"]}]},{\"@type\":\"ImageObject\",\"inLanguage\":\"fi\",\"@id\":\"https:\\\/\\\/www.castrum.ee\\\/fi\\\/toode\\\/laternakandur-keskmise-ja-korge-katusega-kaubikutele\\\/#primaryimage\",\"url\":\"https:\\\/\\\/www.castrum.ee\\\/wp-content\\\/uploads\\\/2026\\\/03\\\/75389671-6158-48ac-b956-afa3befc8a04.webp\",\"contentUrl\":\"https:\\\/\\\/www.castrum.ee\\\/wp-content\\\/uploads\\\/2026\\\/03\\\/75389671-6158-48ac-b956-afa3befc8a04.webp\",\"width\":990,\"height\":615},{\"@type\":\"BreadcrumbList\",\"@id\":\"https:\\\/\\\/www.castrum.ee\\\/fi\\\/toode\\\/laternakandur-keskmise-ja-korge-katusega-kaubikutele\\\/#breadcrumb\",\"itemListElement\":[{\"@type\":\"ListItem\",\"position\":1,\"name\":\"Home\",\"item\":\"https:\\\/\\\/www.castrum.ee\\\/fi\\\/kotisivu\\\/\"},{\"@type\":\"ListItem\",\"position\":2,\"name\":\"Verkkokauppa\",\"item\":\"https:\\\/\\\/www.castrum.ee\\\/fi\\\/kauppa\\\/\"},{\"@type\":\"ListItem\",\"position\":3,\"name\":\"Laternakandur keskmise ja k\u00f5rge katusega kaubikutele\"}]},{\"@type\":\"WebSite\",\"@id\":\"https:\\\/\\\/www.castrum.ee\\\/fi\\\/#website\",\"url\":\"https:\\\/\\\/www.castrum.ee\\\/fi\\\/\",\"name\":\"Castrum\",\"description\":\"Maasturite, s\u00f5iduautode ja v\u00e4ikebusside lisavarustus\",\"publisher\":{\"@id\":\"https:\\\/\\\/www.castrum.ee\\\/fi\\\/#organization\"},\"potentialAction\":[{\"@type\":\"SearchAction\",\"target\":{\"@type\":\"EntryPoint\",\"urlTemplate\":\"https:\\\/\\\/www.castrum.ee\\\/fi\\\/?s={search_term_string}\"},\"query-input\":{\"@type\":\"PropertyValueSpecification\",\"valueRequired\":true,\"valueName\":\"search_term_string\"}}],\"inLanguage\":\"fi\"},{\"@type\":\"Organization\",\"@id\":\"https:\\\/\\\/www.castrum.ee\\\/fi\\\/#organization\",\"name\":\"Castrum Grupp O\u00dc\",\"url\":\"https:\\\/\\\/www.castrum.ee\\\/fi\\\/\",\"logo\":{\"@type\":\"ImageObject\",\"inLanguage\":\"fi\",\"@id\":\"https:\\\/\\\/www.castrum.ee\\\/fi\\\/#\\\/schema\\\/logo\\\/image\\\/\",\"url\":\"https:\\\/\\\/www.castrum.ee\\\/wp-content\\\/uploads\\\/2025\\\/03\\\/Castrum-logo-500.png\",\"contentUrl\":\"https:\\\/\\\/www.castrum.ee\\\/wp-content\\\/uploads\\\/2025\\\/03\\\/Castrum-logo-500.png\",\"width\":500,\"height\":250,\"caption\":\"Castrum Grupp O\u00dc\"},\"image\":{\"@id\":\"https:\\\/\\\/www.castrum.ee\\\/fi\\\/#\\\/schema\\\/logo\\\/image\\\/\"},\"sameAs\":[\"https:\\\/\\\/www.facebook.com\\\/castrum.ee\"]}]}<\/script>\n<!-- \/ Yoast SEO plugin. -->","yoast_head_json":{"title":"Laternakandur keskmise ja k\u00f5rge katusega kaubikutele | LED lisatuled ja tarvikud, Mudelip\u00f5hised lisatulede kandurid","description":"Laternakandur keskmise ja k\u00f5rge katusega kaubikutele - LED lisatuled ja tarvikud, Mudelip\u00f5hised lisatulede kandurid . Autojen, maastureiden ja pakettiautojen lis\u00e4varusteet. Varaosat.","robots":{"index":"index","follow":"follow","max-snippet":"max-snippet:-1","max-image-preview":"max-image-preview:large","max-video-preview":"max-video-preview:-1"},"canonical":"https:\/\/www.castrum.ee\/fi\/toode\/laternakandur-keskmise-ja-korge-katusega-kaubikutele\/","og_locale":"fi_FI","og_type":"article","og_title":"Laternakandur keskmise ja k\u00f5rge katusega kaubikutele | LED lisatuled ja tarvikud, Mudelip\u00f5hised lisatulede kandurid","og_description":"Laternakandur keskmise ja k\u00f5rge katusega kaubikutele - LED lisatuled ja tarvikud, Mudelip\u00f5hised lisatulede kandurid . Autojen, maastureiden ja pakettiautojen lis\u00e4varusteet. Varaosat.","og_url":"https:\/\/www.castrum.ee\/fi\/toode\/laternakandur-keskmise-ja-korge-katusega-kaubikutele\/","og_site_name":"Castrum","article_publisher":"https:\/\/www.facebook.com\/castrum.ee","article_modified_time":"2026-03-25T12:18:32+00:00","og_image":[{"width":990,"height":615,"url":"https:\/\/www.castrum.ee\/wp-content\/uploads\/2026\/03\/75389671-6158-48ac-b956-afa3befc8a04.webp","type":"image\/webp"}],"twitter_card":"summary_large_image","twitter_misc":{"Arvioitu lukuaika":"1 minuutti"},"schema":{"@context":"https:\/\/schema.org","@graph":[{"@type":"WebPage","@id":"https:\/\/www.castrum.ee\/fi\/toode\/laternakandur-keskmise-ja-korge-katusega-kaubikutele\/","url":"https:\/\/www.castrum.ee\/fi\/toode\/laternakandur-keskmise-ja-korge-katusega-kaubikutele\/","name":"Laternakandur keskmise ja k\u00f5rge katusega kaubikutele | LED lisatuled ja tarvikud, Mudelip\u00f5hised lisatulede kandurid","isPartOf":{"@id":"https:\/\/www.castrum.ee\/fi\/#website"},"primaryImageOfPage":{"@id":"https:\/\/www.castrum.ee\/fi\/toode\/laternakandur-keskmise-ja-korge-katusega-kaubikutele\/#primaryimage"},"image":{"@id":"https:\/\/www.castrum.ee\/fi\/toode\/laternakandur-keskmise-ja-korge-katusega-kaubikutele\/#primaryimage"},"thumbnailUrl":"https:\/\/www.castrum.ee\/wp-content\/uploads\/2026\/03\/75389671-6158-48ac-b956-afa3befc8a04.webp","datePublished":"2026-03-11T11:14:46+00:00","dateModified":"2026-03-25T12:18:32+00:00","description":"Laternakandur keskmise ja k\u00f5rge katusega kaubikutele - LED lisatuled ja tarvikud, Mudelip\u00f5hised lisatulede kandurid . Autojen, maastureiden ja pakettiautojen lis\u00e4varusteet. Varaosat.","breadcrumb":{"@id":"https:\/\/www.castrum.ee\/fi\/toode\/laternakandur-keskmise-ja-korge-katusega-kaubikutele\/#breadcrumb"},"inLanguage":"fi","potentialAction":[{"@type":"ReadAction","target":["https:\/\/www.castrum.ee\/fi\/toode\/laternakandur-keskmise-ja-korge-katusega-kaubikutele\/"]}]},{"@type":"ImageObject","inLanguage":"fi","@id":"https:\/\/www.castrum.ee\/fi\/toode\/laternakandur-keskmise-ja-korge-katusega-kaubikutele\/#primaryimage","url":"https:\/\/www.castrum.ee\/wp-content\/uploads\/2026\/03\/75389671-6158-48ac-b956-afa3befc8a04.webp","contentUrl":"https:\/\/www.castrum.ee\/wp-content\/uploads\/2026\/03\/75389671-6158-48ac-b956-afa3befc8a04.webp","width":990,"height":615},{"@type":"BreadcrumbList","@id":"https:\/\/www.castrum.ee\/fi\/toode\/laternakandur-keskmise-ja-korge-katusega-kaubikutele\/#breadcrumb","itemListElement":[{"@type":"ListItem","position":1,"name":"Home","item":"https:\/\/www.castrum.ee\/fi\/kotisivu\/"},{"@type":"ListItem","position":2,"name":"Verkkokauppa","item":"https:\/\/www.castrum.ee\/fi\/kauppa\/"},{"@type":"ListItem","position":3,"name":"Laternakandur keskmise ja k\u00f5rge katusega kaubikutele"}]},{"@type":"WebSite","@id":"https:\/\/www.castrum.ee\/fi\/#website","url":"https:\/\/www.castrum.ee\/fi\/","name":"Castrum","description":"Maasturite, s\u00f5iduautode ja v\u00e4ikebusside lisavarustus","publisher":{"@id":"https:\/\/www.castrum.ee\/fi\/#organization"},"potentialAction":[{"@type":"SearchAction","target":{"@type":"EntryPoint","urlTemplate":"https:\/\/www.castrum.ee\/fi\/?s={search_term_string}"},"query-input":{"@type":"PropertyValueSpecification","valueRequired":true,"valueName":"search_term_string"}}],"inLanguage":"fi"},{"@type":"Organization","@id":"https:\/\/www.castrum.ee\/fi\/#organization","name":"Castrum Grupp O\u00dc","url":"https:\/\/www.castrum.ee\/fi\/","logo":{"@type":"ImageObject","inLanguage":"fi","@id":"https:\/\/www.castrum.ee\/fi\/#\/schema\/logo\/image\/","url":"https:\/\/www.castrum.ee\/wp-content\/uploads\/2025\/03\/Castrum-logo-500.png","contentUrl":"https:\/\/www.castrum.ee\/wp-content\/uploads\/2025\/03\/Castrum-logo-500.png","width":500,"height":250,"caption":"Castrum Grupp O\u00dc"},"image":{"@id":"https:\/\/www.castrum.ee\/fi\/#\/schema\/logo\/image\/"},"sameAs":["https:\/\/www.facebook.com\/castrum.ee"]}]}},"_links":{"self":[{"href":"https:\/\/www.castrum.ee\/fi\/wp-json\/wp\/v2\/product\/79038","targetHints":{"allow":["GET"]}}],"collection":[{"href":"https:\/\/www.castrum.ee\/fi\/wp-json\/wp\/v2\/product"}],"about":[{"href":"https:\/\/www.castrum.ee\/fi\/wp-json\/wp\/v2\/types\/product"}],"wp:featuredmedia":[{"embeddable":true,"href":"https:\/\/www.castrum.ee\/fi\/wp-json\/wp\/v2\/media\/79042"}],"wp:attachment":[{"href":"https:\/\/www.castrum.ee\/fi\/wp-json\/wp\/v2\/media?parent=79038"}],"wp:term":[{"taxonomy":"mark-ja-mudel","embeddable":true,"href":"https:\/\/www.castrum.ee\/fi\/wp-json\/wp\/v2\/mark-ja-mudel?post=79038"},{"taxonomy":"product_brand","embeddable":true,"href":"https:\/\/www.castrum.ee\/fi\/wp-json\/wp\/v2\/product_brand?post=79038"},{"taxonomy":"product_cat","embeddable":true,"href":"https:\/\/www.castrum.ee\/fi\/wp-json\/wp\/v2\/product_cat?post=79038"},{"taxonomy":"product_tag","embeddable":true,"href":"https:\/\/www.castrum.ee\/fi\/wp-json\/wp\/v2\/product_tag?post=79038"}],"curies":[{"name":"wp","href":"https:\/\/api.w.org\/{rel}","templated":true}]}}