{"id":79081,"date":"2026-03-25T14:00:36","date_gmt":"2026-03-25T12:00:36","guid":{"rendered":"https:\/\/www.castrum.ee\/?post_type=product&#038;p=79081"},"modified":"2026-05-11T13:18:25","modified_gmt":"2026-05-11T10:18:25","slug":"iveco-daily-24-maskisaleikkosetti-lazer-glide-linear-18","status":"publish","type":"product","link":"https:\/\/www.castrum.ee\/fi\/toode\/iveco-daily-24-maskisaleikkosetti-lazer-glide-linear-18\/","title":{"rendered":"Iveco Daily [24+] maskis\u00e4leikk\u00f6setti | LAZER Glide \/ Linear-18"},"content":{"rendered":"<p>Mukautettu maskis\u00e4leikk\u00f6-integraatiosarja Iveco Daily [24+] -malleille:<\/p>\n<p>Valinnainen Glide High Performance LED-valoridat (Standard tai Elite \u2013 asemavaloilla tai ilman) tai Linear-18 valoridat (Standard, Elite tai Elite i-LBA)<\/p>\n<p>Johdinsarja kahden tai kolmen valon kytkent\u00f6\u00e4 varten<\/p>\n<p>Kiinnikkeet, jotka sopivat saumattomasti ajoneuvon alkuper\u00e4isen maskis\u00e4leikk\u00f6-keskiosaan<\/p>\n<p>Itsekarkaisevia (muovia) pulteja lis\u00e4tukea ja -pid\u00e4tyst\u00e4 varten<\/p>\n<p>Kiinnikkeet on valmistettu vahvasta, UV-stabiilista komposiittimateriaalista, joka kest\u00e4\u00e4 \u00e4\u00e4rimm\u00e4isi\u00e4 s\u00e4\u00e4olosuhteita ja kemikaaleja, jotta asennus pysyy pitk\u00e4aikaisesti luotettavana.<\/p>\n<p>Iveco Daily [24+] -maskis\u00e4leikk\u00f6-integraatiosarja on huolellisesti suunniteltu ja optimoitu Glide- ja Linear-18 LED-valoridojen kanssa yhteensopivaksi. Takuumme ei ulotu, jos kiinnikkeit\u00e4 k\u00e4ytet\u00e4\u00e4n muiden kuin Lazer Lamps&#8217;in valmistamien valolaitteiden kanssa.<\/p>\n","protected":false},"excerpt":{"rendered":"<p>\u2714 Mukautetut kiinnikkeet sujuvan asennuksen varmistamiseksi<br \/>\n\u2714 T\u00e4sm\u00e4lleen sopiva Iveco Daily [24+] -malleille<br \/>\n\u2714 Yhteensopiva Linear-18 ja Glide LED-valoridojen kanssa<br \/>\n\u2714 Sarja sis\u00e4lt\u00e4\u00e4 mukautetut kiinnikkeet ja johdinsarjan<br \/>\n\u2714 Kiinnikkeet valmistettu korkeasta lujuudesta ja UV-stabiilista komposiittimateriaalista<br \/>\n\u2714 T\u00e4ysin liikenteelle sallittu<br \/>\n\u2714 5 vuoden takuu<br \/>\n\u2714 Valmistettu Isossa-Britanniassa<\/p>\n","protected":false},"featured_media":79109,"template":"","meta":{"_acf_changed":false},"mark-ja-mudel":[],"product_brand":[1443,1442,2073],"product_cat":[1079,1081],"product_tag":[1107],"class_list":{"0":"post-79081","1":"product","2":"type-product","3":"status-publish","4":"has-post-thumbnail","6":"product_brand-daily","7":"product_brand-iveco","8":"product_brand-lazer-fi","9":"product_cat-led-lisavalot-ja-tarvikkeet","10":"product_cat-mallikohtaiset-led-kaukovalot","11":"product_tag-toimitusaika-4-5-paivaa","13":"first","14":"instock","15":"sale","16":"taxable","17":"shipping-taxable","18":"purchasable","19":"product-type-variable"},"bundled_by":[],"bundle_stock_status":"instock","bundle_stock_quantity":null,"bundle_virtual":false,"bundle_layout":"","bundle_add_to_cart_form_location":"","bundle_editable_in_cart":false,"bundle_sold_individually_context":"","bundle_item_grouping":"","bundle_min_size":"","bundle_max_size":"","bundle_price":[],"bundled_items":[],"bundle_sell_ids":[],"acf":[],"yoast_head":"<!-- This site is optimized with the Yoast SEO plugin v27.5 - https:\/\/yoast.com\/product\/yoast-seo-wordpress\/ -->\n<title>Iveco Daily [24+] maskis\u00e4leikk\u00f6setti | LAZER Glide \/ Linear-18<\/title>\n<meta name=\"description\" content=\"Iveco Daily [24+] maskis\u00e4leikk\u00f6setti | LAZER Glide \/ Linear-18 \u2013 LED-lis\u00e4valot ja tarvikkeet, merkkikohtaiset lis\u00e4valot. Ajoneuvojen, maastoautojen, pakettiautojen lis\u00e4varustus.\" \/>\n<meta name=\"robots\" content=\"index, follow, max-snippet:-1, max-image-preview:large, max-video-preview:-1\" \/>\n<link rel=\"canonical\" href=\"https:\/\/www.castrum.ee\/fi\/toode\/iveco-daily-24-maskisaleikkosetti-lazer-glide-linear-18\/\" \/>\n<meta property=\"og:locale\" content=\"fi_FI\" \/>\n<meta property=\"og:type\" content=\"article\" \/>\n<meta property=\"og:title\" content=\"Iveco Daily [24+] maskis\u00e4leikk\u00f6setti | LAZER Glide \/ Linear-18\" \/>\n<meta property=\"og:description\" content=\"Iveco Daily [24+] maskis\u00e4leikk\u00f6setti | LAZER Glide \/ Linear-18 \u2013 LED-lis\u00e4valot ja tarvikkeet, merkkikohtaiset lis\u00e4valot. Ajoneuvojen, maastoautojen, pakettiautojen lis\u00e4varustus.\" \/>\n<meta property=\"og:url\" content=\"https:\/\/www.castrum.ee\/fi\/toode\/iveco-daily-24-maskisaleikkosetti-lazer-glide-linear-18\/\" \/>\n<meta property=\"og:site_name\" content=\"Castrum\" \/>\n<meta property=\"article:publisher\" content=\"https:\/\/www.facebook.com\/castrum.ee\" \/>\n<meta property=\"article:modified_time\" content=\"2026-05-11T10:18:25+00:00\" \/>\n<meta property=\"og:image\" content=\"https:\/\/www.castrum.ee\/wp-content\/uploads\/2026\/03\/iveco_15_-_web.jpg\" \/>\n\t<meta property=\"og:image:width\" content=\"1000\" \/>\n\t<meta property=\"og:image:height\" content=\"750\" \/>\n\t<meta property=\"og:image:type\" content=\"image\/jpeg\" \/>\n<meta name=\"twitter:card\" content=\"summary_large_image\" \/>\n<meta name=\"twitter:label1\" content=\"Arvioitu lukuaika\" \/>\n\t<meta name=\"twitter:data1\" content=\"1 minuutti\" \/>\n<script type=\"application\/ld+json\" class=\"yoast-schema-graph\">{\"@context\":\"https:\\\/\\\/schema.org\",\"@graph\":[{\"@type\":\"WebPage\",\"@id\":\"https:\\\/\\\/www.castrum.ee\\\/fi\\\/toode\\\/iveco-daily-24-maskisaleikkosetti-lazer-glide-linear-18\\\/\",\"url\":\"https:\\\/\\\/www.castrum.ee\\\/fi\\\/toode\\\/iveco-daily-24-maskisaleikkosetti-lazer-glide-linear-18\\\/\",\"name\":\"Iveco Daily [24+] maskis\u00e4leikk\u00f6setti | LAZER Glide \\\/ Linear-18\",\"isPartOf\":{\"@id\":\"https:\\\/\\\/www.castrum.ee\\\/fi\\\/#website\"},\"primaryImageOfPage\":{\"@id\":\"https:\\\/\\\/www.castrum.ee\\\/fi\\\/toode\\\/iveco-daily-24-maskisaleikkosetti-lazer-glide-linear-18\\\/#primaryimage\"},\"image\":{\"@id\":\"https:\\\/\\\/www.castrum.ee\\\/fi\\\/toode\\\/iveco-daily-24-maskisaleikkosetti-lazer-glide-linear-18\\\/#primaryimage\"},\"thumbnailUrl\":\"https:\\\/\\\/www.castrum.ee\\\/wp-content\\\/uploads\\\/2026\\\/03\\\/iveco_15_-_web.jpg\",\"datePublished\":\"2026-03-25T12:00:36+00:00\",\"dateModified\":\"2026-05-11T10:18:25+00:00\",\"description\":\"Iveco Daily [24+] maskis\u00e4leikk\u00f6setti | LAZER Glide \\\/ Linear-18 \u2013 LED-lis\u00e4valot ja tarvikkeet, merkkikohtaiset lis\u00e4valot. Ajoneuvojen, maastoautojen, pakettiautojen lis\u00e4varustus.\",\"breadcrumb\":{\"@id\":\"https:\\\/\\\/www.castrum.ee\\\/fi\\\/toode\\\/iveco-daily-24-maskisaleikkosetti-lazer-glide-linear-18\\\/#breadcrumb\"},\"inLanguage\":\"fi\",\"potentialAction\":[{\"@type\":\"ReadAction\",\"target\":[\"https:\\\/\\\/www.castrum.ee\\\/fi\\\/toode\\\/iveco-daily-24-maskisaleikkosetti-lazer-glide-linear-18\\\/\"]}]},{\"@type\":\"ImageObject\",\"inLanguage\":\"fi\",\"@id\":\"https:\\\/\\\/www.castrum.ee\\\/fi\\\/toode\\\/iveco-daily-24-maskisaleikkosetti-lazer-glide-linear-18\\\/#primaryimage\",\"url\":\"https:\\\/\\\/www.castrum.ee\\\/wp-content\\\/uploads\\\/2026\\\/03\\\/iveco_15_-_web.jpg\",\"contentUrl\":\"https:\\\/\\\/www.castrum.ee\\\/wp-content\\\/uploads\\\/2026\\\/03\\\/iveco_15_-_web.jpg\",\"width\":1000,\"height\":750},{\"@type\":\"BreadcrumbList\",\"@id\":\"https:\\\/\\\/www.castrum.ee\\\/fi\\\/toode\\\/iveco-daily-24-maskisaleikkosetti-lazer-glide-linear-18\\\/#breadcrumb\",\"itemListElement\":[{\"@type\":\"ListItem\",\"position\":1,\"name\":\"Home\",\"item\":\"https:\\\/\\\/www.castrum.ee\\\/fi\\\/kotisivu\\\/\"},{\"@type\":\"ListItem\",\"position\":2,\"name\":\"Verkkokauppa\",\"item\":\"https:\\\/\\\/www.castrum.ee\\\/fi\\\/kauppa\\\/\"},{\"@type\":\"ListItem\",\"position\":3,\"name\":\"Iveco Daily [24+] maskis\u00e4leikk\u00f6setti | LAZER Glide \\\/ Linear-18\"}]},{\"@type\":\"WebSite\",\"@id\":\"https:\\\/\\\/www.castrum.ee\\\/fi\\\/#website\",\"url\":\"https:\\\/\\\/www.castrum.ee\\\/fi\\\/\",\"name\":\"Castrum\",\"description\":\"Maastoautojen, henkil\u00f6autojen ja pienvaunujen lis\u00e4varusteet\",\"publisher\":{\"@id\":\"https:\\\/\\\/www.castrum.ee\\\/fi\\\/#organization\"},\"potentialAction\":[{\"@type\":\"SearchAction\",\"target\":{\"@type\":\"EntryPoint\",\"urlTemplate\":\"https:\\\/\\\/www.castrum.ee\\\/fi\\\/?s={search_term_string}\"},\"query-input\":{\"@type\":\"PropertyValueSpecification\",\"valueRequired\":true,\"valueName\":\"search_term_string\"}}],\"inLanguage\":\"fi\"},{\"@type\":\"Organization\",\"@id\":\"https:\\\/\\\/www.castrum.ee\\\/fi\\\/#organization\",\"name\":\"Castrum Grupp O\u00dc\",\"url\":\"https:\\\/\\\/www.castrum.ee\\\/fi\\\/\",\"logo\":{\"@type\":\"ImageObject\",\"inLanguage\":\"fi\",\"@id\":\"https:\\\/\\\/www.castrum.ee\\\/fi\\\/#\\\/schema\\\/logo\\\/image\\\/\",\"url\":\"https:\\\/\\\/www.castrum.ee\\\/wp-content\\\/uploads\\\/2025\\\/03\\\/Castrum-logo-500.png\",\"contentUrl\":\"https:\\\/\\\/www.castrum.ee\\\/wp-content\\\/uploads\\\/2025\\\/03\\\/Castrum-logo-500.png\",\"width\":500,\"height\":250,\"caption\":\"Castrum Grupp O\u00dc\"},\"image\":{\"@id\":\"https:\\\/\\\/www.castrum.ee\\\/fi\\\/#\\\/schema\\\/logo\\\/image\\\/\"},\"sameAs\":[\"https:\\\/\\\/www.facebook.com\\\/castrum.ee\"]}]}<\/script>\n<!-- \/ Yoast SEO plugin. -->","yoast_head_json":{"title":"Iveco Daily [24+] maskis\u00e4leikk\u00f6setti | LAZER Glide \/ Linear-18","description":"Iveco Daily [24+] maskis\u00e4leikk\u00f6setti | LAZER Glide \/ Linear-18 \u2013 LED-lis\u00e4valot ja tarvikkeet, merkkikohtaiset lis\u00e4valot. Ajoneuvojen, maastoautojen, pakettiautojen lis\u00e4varustus.","robots":{"index":"index","follow":"follow","max-snippet":"max-snippet:-1","max-image-preview":"max-image-preview:large","max-video-preview":"max-video-preview:-1"},"canonical":"https:\/\/www.castrum.ee\/fi\/toode\/iveco-daily-24-maskisaleikkosetti-lazer-glide-linear-18\/","og_locale":"fi_FI","og_type":"article","og_title":"Iveco Daily [24+] maskis\u00e4leikk\u00f6setti | LAZER Glide \/ Linear-18","og_description":"Iveco Daily [24+] maskis\u00e4leikk\u00f6setti | LAZER Glide \/ Linear-18 \u2013 LED-lis\u00e4valot ja tarvikkeet, merkkikohtaiset lis\u00e4valot. Ajoneuvojen, maastoautojen, pakettiautojen lis\u00e4varustus.","og_url":"https:\/\/www.castrum.ee\/fi\/toode\/iveco-daily-24-maskisaleikkosetti-lazer-glide-linear-18\/","og_site_name":"Castrum","article_publisher":"https:\/\/www.facebook.com\/castrum.ee","article_modified_time":"2026-05-11T10:18:25+00:00","og_image":[{"width":1000,"height":750,"url":"https:\/\/www.castrum.ee\/wp-content\/uploads\/2026\/03\/iveco_15_-_web.jpg","type":"image\/jpeg"}],"twitter_card":"summary_large_image","twitter_misc":{"Arvioitu lukuaika":"1 minuutti"},"schema":{"@context":"https:\/\/schema.org","@graph":[{"@type":"WebPage","@id":"https:\/\/www.castrum.ee\/fi\/toode\/iveco-daily-24-maskisaleikkosetti-lazer-glide-linear-18\/","url":"https:\/\/www.castrum.ee\/fi\/toode\/iveco-daily-24-maskisaleikkosetti-lazer-glide-linear-18\/","name":"Iveco Daily [24+] maskis\u00e4leikk\u00f6setti | LAZER Glide \/ Linear-18","isPartOf":{"@id":"https:\/\/www.castrum.ee\/fi\/#website"},"primaryImageOfPage":{"@id":"https:\/\/www.castrum.ee\/fi\/toode\/iveco-daily-24-maskisaleikkosetti-lazer-glide-linear-18\/#primaryimage"},"image":{"@id":"https:\/\/www.castrum.ee\/fi\/toode\/iveco-daily-24-maskisaleikkosetti-lazer-glide-linear-18\/#primaryimage"},"thumbnailUrl":"https:\/\/www.castrum.ee\/wp-content\/uploads\/2026\/03\/iveco_15_-_web.jpg","datePublished":"2026-03-25T12:00:36+00:00","dateModified":"2026-05-11T10:18:25+00:00","description":"Iveco Daily [24+] maskis\u00e4leikk\u00f6setti | LAZER Glide \/ Linear-18 \u2013 LED-lis\u00e4valot ja tarvikkeet, merkkikohtaiset lis\u00e4valot. Ajoneuvojen, maastoautojen, pakettiautojen lis\u00e4varustus.","breadcrumb":{"@id":"https:\/\/www.castrum.ee\/fi\/toode\/iveco-daily-24-maskisaleikkosetti-lazer-glide-linear-18\/#breadcrumb"},"inLanguage":"fi","potentialAction":[{"@type":"ReadAction","target":["https:\/\/www.castrum.ee\/fi\/toode\/iveco-daily-24-maskisaleikkosetti-lazer-glide-linear-18\/"]}]},{"@type":"ImageObject","inLanguage":"fi","@id":"https:\/\/www.castrum.ee\/fi\/toode\/iveco-daily-24-maskisaleikkosetti-lazer-glide-linear-18\/#primaryimage","url":"https:\/\/www.castrum.ee\/wp-content\/uploads\/2026\/03\/iveco_15_-_web.jpg","contentUrl":"https:\/\/www.castrum.ee\/wp-content\/uploads\/2026\/03\/iveco_15_-_web.jpg","width":1000,"height":750},{"@type":"BreadcrumbList","@id":"https:\/\/www.castrum.ee\/fi\/toode\/iveco-daily-24-maskisaleikkosetti-lazer-glide-linear-18\/#breadcrumb","itemListElement":[{"@type":"ListItem","position":1,"name":"Home","item":"https:\/\/www.castrum.ee\/fi\/kotisivu\/"},{"@type":"ListItem","position":2,"name":"Verkkokauppa","item":"https:\/\/www.castrum.ee\/fi\/kauppa\/"},{"@type":"ListItem","position":3,"name":"Iveco Daily [24+] maskis\u00e4leikk\u00f6setti | LAZER Glide \/ Linear-18"}]},{"@type":"WebSite","@id":"https:\/\/www.castrum.ee\/fi\/#website","url":"https:\/\/www.castrum.ee\/fi\/","name":"Castrum","description":"Maastoautojen, henkil\u00f6autojen ja pienvaunujen lis\u00e4varusteet","publisher":{"@id":"https:\/\/www.castrum.ee\/fi\/#organization"},"potentialAction":[{"@type":"SearchAction","target":{"@type":"EntryPoint","urlTemplate":"https:\/\/www.castrum.ee\/fi\/?s={search_term_string}"},"query-input":{"@type":"PropertyValueSpecification","valueRequired":true,"valueName":"search_term_string"}}],"inLanguage":"fi"},{"@type":"Organization","@id":"https:\/\/www.castrum.ee\/fi\/#organization","name":"Castrum Grupp O\u00dc","url":"https:\/\/www.castrum.ee\/fi\/","logo":{"@type":"ImageObject","inLanguage":"fi","@id":"https:\/\/www.castrum.ee\/fi\/#\/schema\/logo\/image\/","url":"https:\/\/www.castrum.ee\/wp-content\/uploads\/2025\/03\/Castrum-logo-500.png","contentUrl":"https:\/\/www.castrum.ee\/wp-content\/uploads\/2025\/03\/Castrum-logo-500.png","width":500,"height":250,"caption":"Castrum Grupp O\u00dc"},"image":{"@id":"https:\/\/www.castrum.ee\/fi\/#\/schema\/logo\/image\/"},"sameAs":["https:\/\/www.facebook.com\/castrum.ee"]}]}},"_links":{"self":[{"href":"https:\/\/www.castrum.ee\/fi\/wp-json\/wp\/v2\/product\/79081","targetHints":{"allow":["GET"]}}],"collection":[{"href":"https:\/\/www.castrum.ee\/fi\/wp-json\/wp\/v2\/product"}],"about":[{"href":"https:\/\/www.castrum.ee\/fi\/wp-json\/wp\/v2\/types\/product"}],"wp:featuredmedia":[{"embeddable":true,"href":"https:\/\/www.castrum.ee\/fi\/wp-json\/wp\/v2\/media\/79109"}],"wp:attachment":[{"href":"https:\/\/www.castrum.ee\/fi\/wp-json\/wp\/v2\/media?parent=79081"}],"wp:term":[{"taxonomy":"mark-ja-mudel","embeddable":true,"href":"https:\/\/www.castrum.ee\/fi\/wp-json\/wp\/v2\/mark-ja-mudel?post=79081"},{"taxonomy":"product_brand","embeddable":true,"href":"https:\/\/www.castrum.ee\/fi\/wp-json\/wp\/v2\/product_brand?post=79081"},{"taxonomy":"product_cat","embeddable":true,"href":"https:\/\/www.castrum.ee\/fi\/wp-json\/wp\/v2\/product_cat?post=79081"},{"taxonomy":"product_tag","embeddable":true,"href":"https:\/\/www.castrum.ee\/fi\/wp-json\/wp\/v2\/product_tag?post=79081"}],"curies":[{"name":"wp","href":"https:\/\/api.w.org\/{rel}","templated":true}]}}