{"id":79875,"date":"2026-04-29T13:22:28","date_gmt":"2026-04-29T10:22:28","guid":{"rendered":"https:\/\/www.castrum.ee\/toode\/aurinkolippa-pakettiautolle-aqaobl\/"},"modified":"2026-04-29T13:22:28","modified_gmt":"2026-04-29T10:22:28","slug":"aurinkolippa-pakettiautolle","status":"publish","type":"product","link":"https:\/\/www.castrum.ee\/fi\/toode\/aurinkolippa-pakettiautolle\/","title":{"rendered":"Aurinkolippa pakettiautolle"},"content":{"rendered":"<p>Aurinkolippa suojaa ajoneuvon sis\u00e4tilaa auringon h\u00e4ik\u00e4isylt\u00e4 ja kuumuudelta. Asennetaan tuulilasin yl\u00e4puolelle korin p\u00e4\u00e4lle ilman poraamista. Sopii eri pakettiauto- ja pakettiautomalleihin.<\/p>\n","protected":false},"excerpt":{"rendered":"<p>Tuulilasin aurinkolippa pakettiautoille ja pakettiautomalleihin. Suojaa auringon h\u00e4ik\u00e4isylt\u00e4 ja kuumuudelta, asennetaan ilman poraamista.<\/p>\n","protected":false},"featured_media":79275,"template":"","meta":{"_acf_changed":false},"mark-ja-mudel":[],"product_brand":[1314,1288,1443,1286,1442,1282,1290,1281,1557,1280,1558,1368,1322,1289,1275],"product_cat":[1595,1091],"product_tag":[],"class_list":{"0":"post-79875","1":"product","2":"type-product","3":"status-publish","4":"has-post-thumbnail","6":"product_brand-crafter","7":"product_brand-custom","8":"product_brand-daily","9":"product_brand-ford","10":"product_brand-iveco","11":"product_brand-mercedes-benz","12":"product_brand-sprinter","13":"product_brand-t5","14":"product_brand-t5-1","15":"product_brand-t6","16":"product_brand-t6-1","17":"product_brand-t7","18":"product_brand-transit","19":"product_brand-transit-custom","20":"product_brand-volkswagen","21":"product_cat-aurinkolipat","22":"product_cat-tuulenohjaimet-ja-suojalistat","24":"first","25":"instock","26":"taxable","27":"shipping-taxable","28":"purchasable","29":"product-type-variable"},"bundled_by":[],"bundle_stock_status":"instock","bundle_stock_quantity":null,"bundle_virtual":false,"bundle_layout":"","bundle_add_to_cart_form_location":"","bundle_editable_in_cart":false,"bundle_sold_individually_context":"","bundle_item_grouping":"","bundle_min_size":"","bundle_max_size":"","bundle_price":[],"bundled_items":[],"bundle_sell_ids":[],"acf":[],"yoast_head":"<!-- This site is optimized with the Yoast SEO plugin v27.3 - https:\/\/yoast.com\/product\/yoast-seo-wordpress\/ -->\n<title>Aurinkolippa pakettiautolle | Castrum<\/title>\n<meta name=\"description\" content=\"Aurinkolippa pakettiautolle \u2013 suojaa h\u00e4ik\u00e4isylt\u00e4 ja kuumuudelta ilman poraamista. Sopii eri pakettiauto- ja pakettiautomalleihin. Castrum lis\u00e4varusteet.\" \/>\n<meta name=\"robots\" content=\"index, follow, max-snippet:-1, max-image-preview:large, max-video-preview:-1\" \/>\n<link rel=\"canonical\" href=\"https:\/\/www.castrum.ee\/fi\/toode\/aurinkolippa-pakettiautolle\/\" \/>\n<meta property=\"og:locale\" content=\"fi_FI\" \/>\n<meta property=\"og:type\" content=\"article\" \/>\n<meta property=\"og:title\" content=\"Aurinkolippa pakettiautolle | Castrum\" \/>\n<meta property=\"og:description\" content=\"Aurinkolippa pakettiautolle \u2013 suojaa h\u00e4ik\u00e4isylt\u00e4 ja kuumuudelta ilman poraamista. Sopii eri pakettiauto- ja pakettiautomalleihin. Castrum lis\u00e4varusteet.\" \/>\n<meta property=\"og:url\" content=\"https:\/\/www.castrum.ee\/fi\/toode\/aurinkolippa-pakettiautolle\/\" \/>\n<meta property=\"og:site_name\" content=\"Castrum\" \/>\n<meta property=\"article:publisher\" content=\"https:\/\/www.facebook.com\/castrum.ee\" \/>\n<meta property=\"og:image\" content=\"https:\/\/www.castrum.ee\/wp-content\/uploads\/2026\/03\/4a2ed12f-a111-4241-a634-8415ad5c004f.webp\" \/>\n\t<meta property=\"og:image:width\" content=\"640\" \/>\n\t<meta property=\"og:image:height\" content=\"480\" \/>\n\t<meta property=\"og:image:type\" content=\"image\/webp\" \/>\n<meta name=\"twitter:card\" content=\"summary_large_image\" \/>\n<script type=\"application\/ld+json\" class=\"yoast-schema-graph\">{\"@context\":\"https:\\\/\\\/schema.org\",\"@graph\":[{\"@type\":\"WebPage\",\"@id\":\"https:\\\/\\\/www.castrum.ee\\\/fi\\\/toode\\\/aurinkolippa-pakettiautolle\\\/\",\"url\":\"https:\\\/\\\/www.castrum.ee\\\/fi\\\/toode\\\/aurinkolippa-pakettiautolle\\\/\",\"name\":\"Aurinkolippa pakettiautolle | Castrum\",\"isPartOf\":{\"@id\":\"https:\\\/\\\/www.castrum.ee\\\/fi\\\/#website\"},\"primaryImageOfPage\":{\"@id\":\"https:\\\/\\\/www.castrum.ee\\\/fi\\\/toode\\\/aurinkolippa-pakettiautolle\\\/#primaryimage\"},\"image\":{\"@id\":\"https:\\\/\\\/www.castrum.ee\\\/fi\\\/toode\\\/aurinkolippa-pakettiautolle\\\/#primaryimage\"},\"thumbnailUrl\":\"https:\\\/\\\/www.castrum.ee\\\/wp-content\\\/uploads\\\/2026\\\/03\\\/4a2ed12f-a111-4241-a634-8415ad5c004f.webp\",\"datePublished\":\"2026-04-29T10:22:28+00:00\",\"description\":\"Aurinkolippa pakettiautolle \u2013 suojaa h\u00e4ik\u00e4isylt\u00e4 ja kuumuudelta ilman poraamista. Sopii eri pakettiauto- ja pakettiautomalleihin. Castrum lis\u00e4varusteet.\",\"breadcrumb\":{\"@id\":\"https:\\\/\\\/www.castrum.ee\\\/fi\\\/toode\\\/aurinkolippa-pakettiautolle\\\/#breadcrumb\"},\"inLanguage\":\"fi\",\"potentialAction\":[{\"@type\":\"ReadAction\",\"target\":[\"https:\\\/\\\/www.castrum.ee\\\/fi\\\/toode\\\/aurinkolippa-pakettiautolle\\\/\"]}]},{\"@type\":\"ImageObject\",\"inLanguage\":\"fi\",\"@id\":\"https:\\\/\\\/www.castrum.ee\\\/fi\\\/toode\\\/aurinkolippa-pakettiautolle\\\/#primaryimage\",\"url\":\"https:\\\/\\\/www.castrum.ee\\\/wp-content\\\/uploads\\\/2026\\\/03\\\/4a2ed12f-a111-4241-a634-8415ad5c004f.webp\",\"contentUrl\":\"https:\\\/\\\/www.castrum.ee\\\/wp-content\\\/uploads\\\/2026\\\/03\\\/4a2ed12f-a111-4241-a634-8415ad5c004f.webp\",\"width\":640,\"height\":480},{\"@type\":\"BreadcrumbList\",\"@id\":\"https:\\\/\\\/www.castrum.ee\\\/fi\\\/toode\\\/aurinkolippa-pakettiautolle\\\/#breadcrumb\",\"itemListElement\":[{\"@type\":\"ListItem\",\"position\":1,\"name\":\"Home\",\"item\":\"https:\\\/\\\/www.castrum.ee\\\/fi\\\/kotisivu\\\/\"},{\"@type\":\"ListItem\",\"position\":2,\"name\":\"Verkkokauppa\",\"item\":\"https:\\\/\\\/www.castrum.ee\\\/fi\\\/kauppa\\\/\"},{\"@type\":\"ListItem\",\"position\":3,\"name\":\"Aurinkolippa pakettiautolle\"}]},{\"@type\":\"WebSite\",\"@id\":\"https:\\\/\\\/www.castrum.ee\\\/fi\\\/#website\",\"url\":\"https:\\\/\\\/www.castrum.ee\\\/fi\\\/\",\"name\":\"Castrum\",\"description\":\"Maasturite, s\u00f5iduautode ja v\u00e4ikebusside lisavarustus\",\"publisher\":{\"@id\":\"https:\\\/\\\/www.castrum.ee\\\/fi\\\/#organization\"},\"potentialAction\":[{\"@type\":\"SearchAction\",\"target\":{\"@type\":\"EntryPoint\",\"urlTemplate\":\"https:\\\/\\\/www.castrum.ee\\\/fi\\\/?s={search_term_string}\"},\"query-input\":{\"@type\":\"PropertyValueSpecification\",\"valueRequired\":true,\"valueName\":\"search_term_string\"}}],\"inLanguage\":\"fi\"},{\"@type\":\"Organization\",\"@id\":\"https:\\\/\\\/www.castrum.ee\\\/fi\\\/#organization\",\"name\":\"Castrum Grupp O\u00dc\",\"url\":\"https:\\\/\\\/www.castrum.ee\\\/fi\\\/\",\"logo\":{\"@type\":\"ImageObject\",\"inLanguage\":\"fi\",\"@id\":\"https:\\\/\\\/www.castrum.ee\\\/fi\\\/#\\\/schema\\\/logo\\\/image\\\/\",\"url\":\"https:\\\/\\\/www.castrum.ee\\\/wp-content\\\/uploads\\\/2025\\\/03\\\/Castrum-logo-500.png\",\"contentUrl\":\"https:\\\/\\\/www.castrum.ee\\\/wp-content\\\/uploads\\\/2025\\\/03\\\/Castrum-logo-500.png\",\"width\":500,\"height\":250,\"caption\":\"Castrum Grupp O\u00dc\"},\"image\":{\"@id\":\"https:\\\/\\\/www.castrum.ee\\\/fi\\\/#\\\/schema\\\/logo\\\/image\\\/\"},\"sameAs\":[\"https:\\\/\\\/www.facebook.com\\\/castrum.ee\"]}]}<\/script>\n<!-- \/ Yoast SEO plugin. -->","yoast_head_json":{"title":"Aurinkolippa pakettiautolle | Castrum","description":"Aurinkolippa pakettiautolle \u2013 suojaa h\u00e4ik\u00e4isylt\u00e4 ja kuumuudelta ilman poraamista. Sopii eri pakettiauto- ja pakettiautomalleihin. Castrum lis\u00e4varusteet.","robots":{"index":"index","follow":"follow","max-snippet":"max-snippet:-1","max-image-preview":"max-image-preview:large","max-video-preview":"max-video-preview:-1"},"canonical":"https:\/\/www.castrum.ee\/fi\/toode\/aurinkolippa-pakettiautolle\/","og_locale":"fi_FI","og_type":"article","og_title":"Aurinkolippa pakettiautolle | Castrum","og_description":"Aurinkolippa pakettiautolle \u2013 suojaa h\u00e4ik\u00e4isylt\u00e4 ja kuumuudelta ilman poraamista. Sopii eri pakettiauto- ja pakettiautomalleihin. Castrum lis\u00e4varusteet.","og_url":"https:\/\/www.castrum.ee\/fi\/toode\/aurinkolippa-pakettiautolle\/","og_site_name":"Castrum","article_publisher":"https:\/\/www.facebook.com\/castrum.ee","og_image":[{"width":640,"height":480,"url":"https:\/\/www.castrum.ee\/wp-content\/uploads\/2026\/03\/4a2ed12f-a111-4241-a634-8415ad5c004f.webp","type":"image\/webp"}],"twitter_card":"summary_large_image","schema":{"@context":"https:\/\/schema.org","@graph":[{"@type":"WebPage","@id":"https:\/\/www.castrum.ee\/fi\/toode\/aurinkolippa-pakettiautolle\/","url":"https:\/\/www.castrum.ee\/fi\/toode\/aurinkolippa-pakettiautolle\/","name":"Aurinkolippa pakettiautolle | Castrum","isPartOf":{"@id":"https:\/\/www.castrum.ee\/fi\/#website"},"primaryImageOfPage":{"@id":"https:\/\/www.castrum.ee\/fi\/toode\/aurinkolippa-pakettiautolle\/#primaryimage"},"image":{"@id":"https:\/\/www.castrum.ee\/fi\/toode\/aurinkolippa-pakettiautolle\/#primaryimage"},"thumbnailUrl":"https:\/\/www.castrum.ee\/wp-content\/uploads\/2026\/03\/4a2ed12f-a111-4241-a634-8415ad5c004f.webp","datePublished":"2026-04-29T10:22:28+00:00","description":"Aurinkolippa pakettiautolle \u2013 suojaa h\u00e4ik\u00e4isylt\u00e4 ja kuumuudelta ilman poraamista. Sopii eri pakettiauto- ja pakettiautomalleihin. Castrum lis\u00e4varusteet.","breadcrumb":{"@id":"https:\/\/www.castrum.ee\/fi\/toode\/aurinkolippa-pakettiautolle\/#breadcrumb"},"inLanguage":"fi","potentialAction":[{"@type":"ReadAction","target":["https:\/\/www.castrum.ee\/fi\/toode\/aurinkolippa-pakettiautolle\/"]}]},{"@type":"ImageObject","inLanguage":"fi","@id":"https:\/\/www.castrum.ee\/fi\/toode\/aurinkolippa-pakettiautolle\/#primaryimage","url":"https:\/\/www.castrum.ee\/wp-content\/uploads\/2026\/03\/4a2ed12f-a111-4241-a634-8415ad5c004f.webp","contentUrl":"https:\/\/www.castrum.ee\/wp-content\/uploads\/2026\/03\/4a2ed12f-a111-4241-a634-8415ad5c004f.webp","width":640,"height":480},{"@type":"BreadcrumbList","@id":"https:\/\/www.castrum.ee\/fi\/toode\/aurinkolippa-pakettiautolle\/#breadcrumb","itemListElement":[{"@type":"ListItem","position":1,"name":"Home","item":"https:\/\/www.castrum.ee\/fi\/kotisivu\/"},{"@type":"ListItem","position":2,"name":"Verkkokauppa","item":"https:\/\/www.castrum.ee\/fi\/kauppa\/"},{"@type":"ListItem","position":3,"name":"Aurinkolippa pakettiautolle"}]},{"@type":"WebSite","@id":"https:\/\/www.castrum.ee\/fi\/#website","url":"https:\/\/www.castrum.ee\/fi\/","name":"Castrum","description":"Maasturite, s\u00f5iduautode ja v\u00e4ikebusside lisavarustus","publisher":{"@id":"https:\/\/www.castrum.ee\/fi\/#organization"},"potentialAction":[{"@type":"SearchAction","target":{"@type":"EntryPoint","urlTemplate":"https:\/\/www.castrum.ee\/fi\/?s={search_term_string}"},"query-input":{"@type":"PropertyValueSpecification","valueRequired":true,"valueName":"search_term_string"}}],"inLanguage":"fi"},{"@type":"Organization","@id":"https:\/\/www.castrum.ee\/fi\/#organization","name":"Castrum Grupp O\u00dc","url":"https:\/\/www.castrum.ee\/fi\/","logo":{"@type":"ImageObject","inLanguage":"fi","@id":"https:\/\/www.castrum.ee\/fi\/#\/schema\/logo\/image\/","url":"https:\/\/www.castrum.ee\/wp-content\/uploads\/2025\/03\/Castrum-logo-500.png","contentUrl":"https:\/\/www.castrum.ee\/wp-content\/uploads\/2025\/03\/Castrum-logo-500.png","width":500,"height":250,"caption":"Castrum Grupp O\u00dc"},"image":{"@id":"https:\/\/www.castrum.ee\/fi\/#\/schema\/logo\/image\/"},"sameAs":["https:\/\/www.facebook.com\/castrum.ee"]}]}},"_links":{"self":[{"href":"https:\/\/www.castrum.ee\/fi\/wp-json\/wp\/v2\/product\/79875","targetHints":{"allow":["GET"]}}],"collection":[{"href":"https:\/\/www.castrum.ee\/fi\/wp-json\/wp\/v2\/product"}],"about":[{"href":"https:\/\/www.castrum.ee\/fi\/wp-json\/wp\/v2\/types\/product"}],"wp:featuredmedia":[{"embeddable":true,"href":"https:\/\/www.castrum.ee\/fi\/wp-json\/wp\/v2\/media\/79275"}],"wp:attachment":[{"href":"https:\/\/www.castrum.ee\/fi\/wp-json\/wp\/v2\/media?parent=79875"}],"wp:term":[{"taxonomy":"mark-ja-mudel","embeddable":true,"href":"https:\/\/www.castrum.ee\/fi\/wp-json\/wp\/v2\/mark-ja-mudel?post=79875"},{"taxonomy":"product_brand","embeddable":true,"href":"https:\/\/www.castrum.ee\/fi\/wp-json\/wp\/v2\/product_brand?post=79875"},{"taxonomy":"product_cat","embeddable":true,"href":"https:\/\/www.castrum.ee\/fi\/wp-json\/wp\/v2\/product_cat?post=79875"},{"taxonomy":"product_tag","embeddable":true,"href":"https:\/\/www.castrum.ee\/fi\/wp-json\/wp\/v2\/product_tag?post=79875"}],"curies":[{"name":"wp","href":"https:\/\/api.w.org\/{rel}","templated":true}]}}