{"id":79876,"date":"2026-04-29T13:23:00","date_gmt":"2026-04-29T10:23:00","guid":{"rendered":"https:\/\/www.castrum.ee\/toode\/steeler-sport-etusuojakaari-musta-ford-custom-23-vw-t7-transporter-24-iipueg\/"},"modified":"2026-04-29T13:23:00","modified_gmt":"2026-04-29T10:23:00","slug":"steeler-sport-etusuojakaari-musta-ford-custom-23-vw-t7-transporter-24","status":"publish","type":"product","link":"https:\/\/www.castrum.ee\/fi\/toode\/steeler-sport-etusuojakaari-musta-ford-custom-23-vw-t7-transporter-24\/","title":{"rendered":"Steeler Sport etusuojakaari (musta) | Ford Custom [23+], VW T7 Transporter [24+]"},"content":{"rendered":"<p>STEELER\u00ae Sport kaari mustalla viimeistelymaalauksella. Valmistettu AISI 304 ruostumattomasta ter\u00e4ksest\u00e4, halkaisija 60 mm, sein\u00e4m\u00e4vahvuus 2 mm. Kiillotettu ja sen j\u00e4lkeen mustaksi maalattu pitk\u00e4aikaisen kest\u00e4vyyden ja korroosionkest\u00e4vyyden varmistamiseksi.<\/p>\n<ul>\n<li>Euroopan tyyppihyv\u00e4ksynt\u00e4 direktiivin 78\/2009\/EY mukaisesti (jalankulkijaturvallisuus)<\/li>\n<li>Sis\u00e4lt\u00e4\u00e4 asennussarjan ja asennusohjeen<\/li>\n<li>Paino: 5,6 kg<\/li>\n<li>Takuu: 12 kuukautta (musta maalikerros)<\/li>\n<\/ul>\n","protected":false},"excerpt":{"rendered":"<p>Steeler Sport musta etusuojakaari Ford Custom (2023+) ja VW T7 Transporter (2024+). \u00d8 60 mm AISI 304 ruostumaton ter\u00e4s, EU-tyyppihyv\u00e4ksytty, 5,6 kg.<\/p>\n","protected":false},"featured_media":79267,"template":"","meta":{"_acf_changed":false},"mark-ja-mudel":[],"product_brand":[1288,1286,1368,1289,1275],"product_cat":[1062,1061],"product_tag":[],"class_list":{"0":"post-79876","1":"product","2":"type-product","3":"status-publish","4":"has-post-thumbnail","6":"product_brand-custom","7":"product_brand-ford","8":"product_brand-t7","9":"product_brand-transit-custom","10":"product_brand-volkswagen","11":"product_cat-e-hyvaksytyt-eturaudat","12":"product_cat-4x4-raudat","14":"first","15":"instock","16":"taxable","17":"shipping-taxable","18":"purchasable","19":"product-type-variable"},"bundled_by":[],"bundle_stock_status":"instock","bundle_stock_quantity":null,"bundle_virtual":false,"bundle_layout":"","bundle_add_to_cart_form_location":"","bundle_editable_in_cart":false,"bundle_sold_individually_context":"","bundle_item_grouping":"","bundle_min_size":"","bundle_max_size":"","bundle_price":[],"bundled_items":[],"bundle_sell_ids":[],"acf":[],"yoast_head":"<!-- This site is optimized with the Yoast SEO plugin v27.3 - https:\/\/yoast.com\/product\/yoast-seo-wordpress\/ -->\n<title>Steeler Sport etusuojakaari (musta) | Ford Custom [23+], VW T7 Transporter [24+] | Castrum<\/title>\n<meta name=\"description\" content=\"Steeler Sport etusuojakaari mustana Ford Custom 2023+ ja VW T7 Transporter 2024+. EU-tyyppihyv\u00e4ksytty etusuojakaari, \u00d8 60 mm AISI 304 ruostumaton ter\u00e4s. Etupuskurin suojakaaret pakettiautoon.\" \/>\n<meta name=\"robots\" content=\"index, follow, max-snippet:-1, max-image-preview:large, max-video-preview:-1\" \/>\n<link rel=\"canonical\" href=\"https:\/\/www.castrum.ee\/fi\/toode\/steeler-sport-etusuojakaari-musta-ford-custom-23-vw-t7-transporter-24\/\" \/>\n<meta property=\"og:locale\" content=\"fi_FI\" \/>\n<meta property=\"og:type\" content=\"article\" \/>\n<meta property=\"og:title\" content=\"Steeler Sport etusuojakaari (musta) | Ford Custom [23+], VW T7 Transporter [24+] | Castrum\" \/>\n<meta property=\"og:description\" content=\"Steeler Sport etusuojakaari mustana Ford Custom 2023+ ja VW T7 Transporter 2024+. EU-tyyppihyv\u00e4ksytty etusuojakaari, \u00d8 60 mm AISI 304 ruostumaton ter\u00e4s. Etupuskurin suojakaaret pakettiautoon.\" \/>\n<meta property=\"og:url\" content=\"https:\/\/www.castrum.ee\/fi\/toode\/steeler-sport-etusuojakaari-musta-ford-custom-23-vw-t7-transporter-24\/\" \/>\n<meta property=\"og:site_name\" content=\"Castrum\" \/>\n<meta property=\"article:publisher\" content=\"https:\/\/www.facebook.com\/castrum.ee\" \/>\n<meta property=\"og:image\" content=\"https:\/\/www.castrum.ee\/wp-content\/uploads\/2026\/03\/CUSTOM-R2360-S-B-scaled.jpg\" \/>\n\t<meta property=\"og:image:width\" content=\"2560\" \/>\n\t<meta property=\"og:image:height\" content=\"1441\" \/>\n\t<meta property=\"og:image:type\" content=\"image\/jpeg\" \/>\n<meta name=\"twitter:card\" content=\"summary_large_image\" \/>\n<script type=\"application\/ld+json\" class=\"yoast-schema-graph\">{\"@context\":\"https:\\\/\\\/schema.org\",\"@graph\":[{\"@type\":\"WebPage\",\"@id\":\"https:\\\/\\\/www.castrum.ee\\\/fi\\\/toode\\\/steeler-sport-etusuojakaari-musta-ford-custom-23-vw-t7-transporter-24\\\/\",\"url\":\"https:\\\/\\\/www.castrum.ee\\\/fi\\\/toode\\\/steeler-sport-etusuojakaari-musta-ford-custom-23-vw-t7-transporter-24\\\/\",\"name\":\"Steeler Sport etusuojakaari (musta) | Ford Custom [23+], VW T7 Transporter [24+] | Castrum\",\"isPartOf\":{\"@id\":\"https:\\\/\\\/www.castrum.ee\\\/fi\\\/#website\"},\"primaryImageOfPage\":{\"@id\":\"https:\\\/\\\/www.castrum.ee\\\/fi\\\/toode\\\/steeler-sport-etusuojakaari-musta-ford-custom-23-vw-t7-transporter-24\\\/#primaryimage\"},\"image\":{\"@id\":\"https:\\\/\\\/www.castrum.ee\\\/fi\\\/toode\\\/steeler-sport-etusuojakaari-musta-ford-custom-23-vw-t7-transporter-24\\\/#primaryimage\"},\"thumbnailUrl\":\"https:\\\/\\\/www.castrum.ee\\\/wp-content\\\/uploads\\\/2026\\\/03\\\/CUSTOM-R2360-S-B-scaled.jpg\",\"datePublished\":\"2026-04-29T10:23:00+00:00\",\"description\":\"Steeler Sport etusuojakaari mustana Ford Custom 2023+ ja VW T7 Transporter 2024+. EU-tyyppihyv\u00e4ksytty etusuojakaari, \u00d8 60 mm AISI 304 ruostumaton ter\u00e4s. Etupuskurin suojakaaret pakettiautoon.\",\"breadcrumb\":{\"@id\":\"https:\\\/\\\/www.castrum.ee\\\/fi\\\/toode\\\/steeler-sport-etusuojakaari-musta-ford-custom-23-vw-t7-transporter-24\\\/#breadcrumb\"},\"inLanguage\":\"fi\",\"potentialAction\":[{\"@type\":\"ReadAction\",\"target\":[\"https:\\\/\\\/www.castrum.ee\\\/fi\\\/toode\\\/steeler-sport-etusuojakaari-musta-ford-custom-23-vw-t7-transporter-24\\\/\"]}]},{\"@type\":\"ImageObject\",\"inLanguage\":\"fi\",\"@id\":\"https:\\\/\\\/www.castrum.ee\\\/fi\\\/toode\\\/steeler-sport-etusuojakaari-musta-ford-custom-23-vw-t7-transporter-24\\\/#primaryimage\",\"url\":\"https:\\\/\\\/www.castrum.ee\\\/wp-content\\\/uploads\\\/2026\\\/03\\\/CUSTOM-R2360-S-B-scaled.jpg\",\"contentUrl\":\"https:\\\/\\\/www.castrum.ee\\\/wp-content\\\/uploads\\\/2026\\\/03\\\/CUSTOM-R2360-S-B-scaled.jpg\",\"width\":2560,\"height\":1441},{\"@type\":\"BreadcrumbList\",\"@id\":\"https:\\\/\\\/www.castrum.ee\\\/fi\\\/toode\\\/steeler-sport-etusuojakaari-musta-ford-custom-23-vw-t7-transporter-24\\\/#breadcrumb\",\"itemListElement\":[{\"@type\":\"ListItem\",\"position\":1,\"name\":\"Home\",\"item\":\"https:\\\/\\\/www.castrum.ee\\\/fi\\\/kotisivu\\\/\"},{\"@type\":\"ListItem\",\"position\":2,\"name\":\"Verkkokauppa\",\"item\":\"https:\\\/\\\/www.castrum.ee\\\/fi\\\/kauppa\\\/\"},{\"@type\":\"ListItem\",\"position\":3,\"name\":\"Steeler Sport etusuojakaari (musta) | Ford Custom [23+], VW T7 Transporter [24+]\"}]},{\"@type\":\"WebSite\",\"@id\":\"https:\\\/\\\/www.castrum.ee\\\/fi\\\/#website\",\"url\":\"https:\\\/\\\/www.castrum.ee\\\/fi\\\/\",\"name\":\"Castrum\",\"description\":\"Maastoautojen, henkil\u00f6autojen ja pienvaunujen lis\u00e4varusteet\",\"publisher\":{\"@id\":\"https:\\\/\\\/www.castrum.ee\\\/fi\\\/#organization\"},\"potentialAction\":[{\"@type\":\"SearchAction\",\"target\":{\"@type\":\"EntryPoint\",\"urlTemplate\":\"https:\\\/\\\/www.castrum.ee\\\/fi\\\/?s={search_term_string}\"},\"query-input\":{\"@type\":\"PropertyValueSpecification\",\"valueRequired\":true,\"valueName\":\"search_term_string\"}}],\"inLanguage\":\"fi\"},{\"@type\":\"Organization\",\"@id\":\"https:\\\/\\\/www.castrum.ee\\\/fi\\\/#organization\",\"name\":\"Castrum Grupp O\u00dc\",\"url\":\"https:\\\/\\\/www.castrum.ee\\\/fi\\\/\",\"logo\":{\"@type\":\"ImageObject\",\"inLanguage\":\"fi\",\"@id\":\"https:\\\/\\\/www.castrum.ee\\\/fi\\\/#\\\/schema\\\/logo\\\/image\\\/\",\"url\":\"https:\\\/\\\/www.castrum.ee\\\/wp-content\\\/uploads\\\/2025\\\/03\\\/Castrum-logo-500.png\",\"contentUrl\":\"https:\\\/\\\/www.castrum.ee\\\/wp-content\\\/uploads\\\/2025\\\/03\\\/Castrum-logo-500.png\",\"width\":500,\"height\":250,\"caption\":\"Castrum Grupp O\u00dc\"},\"image\":{\"@id\":\"https:\\\/\\\/www.castrum.ee\\\/fi\\\/#\\\/schema\\\/logo\\\/image\\\/\"},\"sameAs\":[\"https:\\\/\\\/www.facebook.com\\\/castrum.ee\"]}]}<\/script>\n<!-- \/ Yoast SEO plugin. -->","yoast_head_json":{"title":"Steeler Sport etusuojakaari (musta) | Ford Custom [23+], VW T7 Transporter [24+] | Castrum","description":"Steeler Sport etusuojakaari mustana Ford Custom 2023+ ja VW T7 Transporter 2024+. EU-tyyppihyv\u00e4ksytty etusuojakaari, \u00d8 60 mm AISI 304 ruostumaton ter\u00e4s. Etupuskurin suojakaaret pakettiautoon.","robots":{"index":"index","follow":"follow","max-snippet":"max-snippet:-1","max-image-preview":"max-image-preview:large","max-video-preview":"max-video-preview:-1"},"canonical":"https:\/\/www.castrum.ee\/fi\/toode\/steeler-sport-etusuojakaari-musta-ford-custom-23-vw-t7-transporter-24\/","og_locale":"fi_FI","og_type":"article","og_title":"Steeler Sport etusuojakaari (musta) | Ford Custom [23+], VW T7 Transporter [24+] | Castrum","og_description":"Steeler Sport etusuojakaari mustana Ford Custom 2023+ ja VW T7 Transporter 2024+. EU-tyyppihyv\u00e4ksytty etusuojakaari, \u00d8 60 mm AISI 304 ruostumaton ter\u00e4s. Etupuskurin suojakaaret pakettiautoon.","og_url":"https:\/\/www.castrum.ee\/fi\/toode\/steeler-sport-etusuojakaari-musta-ford-custom-23-vw-t7-transporter-24\/","og_site_name":"Castrum","article_publisher":"https:\/\/www.facebook.com\/castrum.ee","og_image":[{"width":2560,"height":1441,"url":"https:\/\/www.castrum.ee\/wp-content\/uploads\/2026\/03\/CUSTOM-R2360-S-B-scaled.jpg","type":"image\/jpeg"}],"twitter_card":"summary_large_image","schema":{"@context":"https:\/\/schema.org","@graph":[{"@type":"WebPage","@id":"https:\/\/www.castrum.ee\/fi\/toode\/steeler-sport-etusuojakaari-musta-ford-custom-23-vw-t7-transporter-24\/","url":"https:\/\/www.castrum.ee\/fi\/toode\/steeler-sport-etusuojakaari-musta-ford-custom-23-vw-t7-transporter-24\/","name":"Steeler Sport etusuojakaari (musta) | Ford Custom [23+], VW T7 Transporter [24+] | Castrum","isPartOf":{"@id":"https:\/\/www.castrum.ee\/fi\/#website"},"primaryImageOfPage":{"@id":"https:\/\/www.castrum.ee\/fi\/toode\/steeler-sport-etusuojakaari-musta-ford-custom-23-vw-t7-transporter-24\/#primaryimage"},"image":{"@id":"https:\/\/www.castrum.ee\/fi\/toode\/steeler-sport-etusuojakaari-musta-ford-custom-23-vw-t7-transporter-24\/#primaryimage"},"thumbnailUrl":"https:\/\/www.castrum.ee\/wp-content\/uploads\/2026\/03\/CUSTOM-R2360-S-B-scaled.jpg","datePublished":"2026-04-29T10:23:00+00:00","description":"Steeler Sport etusuojakaari mustana Ford Custom 2023+ ja VW T7 Transporter 2024+. EU-tyyppihyv\u00e4ksytty etusuojakaari, \u00d8 60 mm AISI 304 ruostumaton ter\u00e4s. Etupuskurin suojakaaret pakettiautoon.","breadcrumb":{"@id":"https:\/\/www.castrum.ee\/fi\/toode\/steeler-sport-etusuojakaari-musta-ford-custom-23-vw-t7-transporter-24\/#breadcrumb"},"inLanguage":"fi","potentialAction":[{"@type":"ReadAction","target":["https:\/\/www.castrum.ee\/fi\/toode\/steeler-sport-etusuojakaari-musta-ford-custom-23-vw-t7-transporter-24\/"]}]},{"@type":"ImageObject","inLanguage":"fi","@id":"https:\/\/www.castrum.ee\/fi\/toode\/steeler-sport-etusuojakaari-musta-ford-custom-23-vw-t7-transporter-24\/#primaryimage","url":"https:\/\/www.castrum.ee\/wp-content\/uploads\/2026\/03\/CUSTOM-R2360-S-B-scaled.jpg","contentUrl":"https:\/\/www.castrum.ee\/wp-content\/uploads\/2026\/03\/CUSTOM-R2360-S-B-scaled.jpg","width":2560,"height":1441},{"@type":"BreadcrumbList","@id":"https:\/\/www.castrum.ee\/fi\/toode\/steeler-sport-etusuojakaari-musta-ford-custom-23-vw-t7-transporter-24\/#breadcrumb","itemListElement":[{"@type":"ListItem","position":1,"name":"Home","item":"https:\/\/www.castrum.ee\/fi\/kotisivu\/"},{"@type":"ListItem","position":2,"name":"Verkkokauppa","item":"https:\/\/www.castrum.ee\/fi\/kauppa\/"},{"@type":"ListItem","position":3,"name":"Steeler Sport etusuojakaari (musta) | Ford Custom [23+], VW T7 Transporter [24+]"}]},{"@type":"WebSite","@id":"https:\/\/www.castrum.ee\/fi\/#website","url":"https:\/\/www.castrum.ee\/fi\/","name":"Castrum","description":"Maastoautojen, henkil\u00f6autojen ja pienvaunujen lis\u00e4varusteet","publisher":{"@id":"https:\/\/www.castrum.ee\/fi\/#organization"},"potentialAction":[{"@type":"SearchAction","target":{"@type":"EntryPoint","urlTemplate":"https:\/\/www.castrum.ee\/fi\/?s={search_term_string}"},"query-input":{"@type":"PropertyValueSpecification","valueRequired":true,"valueName":"search_term_string"}}],"inLanguage":"fi"},{"@type":"Organization","@id":"https:\/\/www.castrum.ee\/fi\/#organization","name":"Castrum Grupp O\u00dc","url":"https:\/\/www.castrum.ee\/fi\/","logo":{"@type":"ImageObject","inLanguage":"fi","@id":"https:\/\/www.castrum.ee\/fi\/#\/schema\/logo\/image\/","url":"https:\/\/www.castrum.ee\/wp-content\/uploads\/2025\/03\/Castrum-logo-500.png","contentUrl":"https:\/\/www.castrum.ee\/wp-content\/uploads\/2025\/03\/Castrum-logo-500.png","width":500,"height":250,"caption":"Castrum Grupp O\u00dc"},"image":{"@id":"https:\/\/www.castrum.ee\/fi\/#\/schema\/logo\/image\/"},"sameAs":["https:\/\/www.facebook.com\/castrum.ee"]}]}},"_links":{"self":[{"href":"https:\/\/www.castrum.ee\/fi\/wp-json\/wp\/v2\/product\/79876","targetHints":{"allow":["GET"]}}],"collection":[{"href":"https:\/\/www.castrum.ee\/fi\/wp-json\/wp\/v2\/product"}],"about":[{"href":"https:\/\/www.castrum.ee\/fi\/wp-json\/wp\/v2\/types\/product"}],"wp:featuredmedia":[{"embeddable":true,"href":"https:\/\/www.castrum.ee\/fi\/wp-json\/wp\/v2\/media\/79267"}],"wp:attachment":[{"href":"https:\/\/www.castrum.ee\/fi\/wp-json\/wp\/v2\/media?parent=79876"}],"wp:term":[{"taxonomy":"mark-ja-mudel","embeddable":true,"href":"https:\/\/www.castrum.ee\/fi\/wp-json\/wp\/v2\/mark-ja-mudel?post=79876"},{"taxonomy":"product_brand","embeddable":true,"href":"https:\/\/www.castrum.ee\/fi\/wp-json\/wp\/v2\/product_brand?post=79876"},{"taxonomy":"product_cat","embeddable":true,"href":"https:\/\/www.castrum.ee\/fi\/wp-json\/wp\/v2\/product_cat?post=79876"},{"taxonomy":"product_tag","embeddable":true,"href":"https:\/\/www.castrum.ee\/fi\/wp-json\/wp\/v2\/product_tag?post=79876"}],"curies":[{"name":"wp","href":"https:\/\/api.w.org\/{rel}","templated":true}]}}