{"id":79881,"date":"2026-04-29T13:24:38","date_gmt":"2026-04-29T10:24:38","guid":{"rendered":"https:\/\/www.castrum.ee\/toode\/arb-takaluukun-alempi-tiivistesarja-ford-ranger-2023-vw-amarok-2023-mhjqu4\/"},"modified":"2026-04-29T13:24:38","modified_gmt":"2026-04-29T10:24:38","slug":"arb-takaluukun-alempi-tiivistesarja-ford-ranger-2023-vw-amarok-2023","status":"publish","type":"product","link":"https:\/\/www.castrum.ee\/fi\/toode\/arb-takaluukun-alempi-tiivistesarja-ford-ranger-2023-vw-amarok-2023\/","title":{"rendered":"ARB takaluukun alempi tiivistesarja | Ford Ranger [23+], VW Amarok [23+]"},"content":{"rendered":"<p>ARB on kehitt\u00e4nyt lastitilan tiivistesarjan uusimmalle Ford Ranger- ja VW Amarok -mallille. Alempi tiivistesarja (ARB-6178102) tarjoaa lis\u00e4suojan ajoneuvon alta tulevan p\u00f6lyn varalta ja yhdess\u00e4 ylemm\u00e4n tiivistesarjan (ARB-6178014) kanssa takaa erinomaisen suojan sek\u00e4 m\u00e4riss\u00e4 ett\u00e4 p\u00f6lyisiss\u00e4 olosuhteissa.<\/p>\n<p>Sarja sis\u00e4lt\u00e4\u00e4 kest\u00e4v\u00e4t pulverimaalatut ter\u00e4skiinnikkeet sek\u00e4 kest\u00e4v\u00e4t kumitiivisteet, jotka yhdist\u00e4v\u00e4t takimmaisen takaluukun ja lastitilan sek\u00e4 est\u00e4v\u00e4t veden ja p\u00f6lyn p\u00e4\u00e4syn sis\u00e4\u00e4n.<\/p>\n<h4>Sopivuus<\/h4>\n<ul>\n<li><strong>Ford Ranger (2022+):<\/strong> XL, XLS, XLT, Sport ja Raptor \u2013 tupla- ja pidennetty ohjaamo<\/li>\n<li><strong>VW Amarok (2022+):<\/strong> Core, Life, Style, Pan Americana \u2013 tupla- ja pidennetty ohjaamo<\/li>\n<\/ul>\n<p><strong>Huom!<\/strong> Ei sovi ajoneuvoihin, joissa on tehdas-lattiamatto ja rullattava lavakansi.<\/p>\n","protected":false},"excerpt":{"rendered":"<p>ARB alempi takaluukun tiivistesarja Ford Ranger (2023+) ja VW Amarok (2023+) lastitilaan. Suojaa p\u00f6lylt\u00e4 ja vedelt\u00e4. Ei sovi tehdas-lattiamaton ja rullattavan lavakansiston kanssa.<\/p>\n","protected":false},"featured_media":79210,"template":"","meta":{"_acf_changed":false},"mark-ja-mudel":[],"product_brand":[1276,1286,1287,1419,1275],"product_cat":[1086],"product_tag":[],"class_list":{"0":"post-79881","1":"product","2":"type-product","3":"status-publish","4":"has-post-thumbnail","6":"product_brand-amarok","7":"product_brand-ford","8":"product_brand-ranger","9":"product_brand-ranger-raptor","10":"product_brand-volkswagen","11":"product_cat-mukavuusvarusteet","13":"first","14":"instock","15":"taxable","16":"shipping-taxable","17":"purchasable","18":"product-type-variable"},"bundled_by":[],"bundle_stock_status":"instock","bundle_stock_quantity":null,"bundle_virtual":false,"bundle_layout":"","bundle_add_to_cart_form_location":"","bundle_editable_in_cart":false,"bundle_sold_individually_context":"","bundle_item_grouping":"","bundle_min_size":"","bundle_max_size":"","bundle_price":[],"bundled_items":[],"bundle_sell_ids":[],"acf":[],"yoast_head":"<!-- This site is optimized with the Yoast SEO plugin v27.3 - https:\/\/yoast.com\/product\/yoast-seo-wordpress\/ -->\n<title>ARB takaluukun alempi tiivistesarja | Ford Ranger &amp; VW Amarok 23+<\/title>\n<meta name=\"description\" content=\"ARB takaluukun alempi tiivistesarja (ARB-6178102) Ford Ranger ja VW Amarok 2022+ malleihin. Suojaa p\u00f6lylt\u00e4 ja vedelt\u00e4 \u2013 sopii tupla- ja pidennettyyn ohjaamoon.\" \/>\n<meta name=\"robots\" content=\"index, follow, max-snippet:-1, max-image-preview:large, max-video-preview:-1\" \/>\n<link rel=\"canonical\" href=\"https:\/\/www.castrum.ee\/fi\/toode\/arb-takaluukun-alempi-tiivistesarja-ford-ranger-2023-vw-amarok-2023\/\" \/>\n<meta property=\"og:locale\" content=\"fi_FI\" \/>\n<meta property=\"og:type\" content=\"article\" \/>\n<meta property=\"og:title\" content=\"ARB takaluukun alempi tiivistesarja | Ford Ranger &amp; VW Amarok 23+\" \/>\n<meta property=\"og:description\" content=\"ARB takaluukun alempi tiivistesarja (ARB-6178102) Ford Ranger ja VW Amarok 2022+ malleihin. Suojaa p\u00f6lylt\u00e4 ja vedelt\u00e4 \u2013 sopii tupla- ja pidennettyyn ohjaamoon.\" \/>\n<meta property=\"og:url\" content=\"https:\/\/www.castrum.ee\/fi\/toode\/arb-takaluukun-alempi-tiivistesarja-ford-ranger-2023-vw-amarok-2023\/\" \/>\n<meta property=\"og:site_name\" content=\"Castrum\" \/>\n<meta property=\"article:publisher\" content=\"https:\/\/www.facebook.com\/castrum.ee\" \/>\n<meta property=\"og:image\" content=\"https:\/\/www.castrum.ee\/wp-content\/uploads\/2026\/03\/large_Image-96-.jpeg\" \/>\n\t<meta property=\"og:image:width\" content=\"444\" \/>\n\t<meta property=\"og:image:height\" content=\"295\" \/>\n\t<meta property=\"og:image:type\" content=\"image\/jpeg\" \/>\n<meta name=\"twitter:card\" content=\"summary_large_image\" \/>\n<meta name=\"twitter:label1\" content=\"Arvioitu lukuaika\" \/>\n\t<meta name=\"twitter:data1\" content=\"1 minuutti\" \/>\n<script type=\"application\/ld+json\" class=\"yoast-schema-graph\">{\"@context\":\"https:\\\/\\\/schema.org\",\"@graph\":[{\"@type\":\"WebPage\",\"@id\":\"https:\\\/\\\/www.castrum.ee\\\/fi\\\/toode\\\/arb-takaluukun-alempi-tiivistesarja-ford-ranger-2023-vw-amarok-2023\\\/\",\"url\":\"https:\\\/\\\/www.castrum.ee\\\/fi\\\/toode\\\/arb-takaluukun-alempi-tiivistesarja-ford-ranger-2023-vw-amarok-2023\\\/\",\"name\":\"ARB takaluukun alempi tiivistesarja | Ford Ranger & VW Amarok 23+\",\"isPartOf\":{\"@id\":\"https:\\\/\\\/www.castrum.ee\\\/fi\\\/#website\"},\"primaryImageOfPage\":{\"@id\":\"https:\\\/\\\/www.castrum.ee\\\/fi\\\/toode\\\/arb-takaluukun-alempi-tiivistesarja-ford-ranger-2023-vw-amarok-2023\\\/#primaryimage\"},\"image\":{\"@id\":\"https:\\\/\\\/www.castrum.ee\\\/fi\\\/toode\\\/arb-takaluukun-alempi-tiivistesarja-ford-ranger-2023-vw-amarok-2023\\\/#primaryimage\"},\"thumbnailUrl\":\"https:\\\/\\\/www.castrum.ee\\\/wp-content\\\/uploads\\\/2026\\\/03\\\/large_Image-96-.jpeg\",\"datePublished\":\"2026-04-29T10:24:38+00:00\",\"description\":\"ARB takaluukun alempi tiivistesarja (ARB-6178102) Ford Ranger ja VW Amarok 2022+ malleihin. Suojaa p\u00f6lylt\u00e4 ja vedelt\u00e4 \u2013 sopii tupla- ja pidennettyyn ohjaamoon.\",\"breadcrumb\":{\"@id\":\"https:\\\/\\\/www.castrum.ee\\\/fi\\\/toode\\\/arb-takaluukun-alempi-tiivistesarja-ford-ranger-2023-vw-amarok-2023\\\/#breadcrumb\"},\"inLanguage\":\"fi\",\"potentialAction\":[{\"@type\":\"ReadAction\",\"target\":[\"https:\\\/\\\/www.castrum.ee\\\/fi\\\/toode\\\/arb-takaluukun-alempi-tiivistesarja-ford-ranger-2023-vw-amarok-2023\\\/\"]}]},{\"@type\":\"ImageObject\",\"inLanguage\":\"fi\",\"@id\":\"https:\\\/\\\/www.castrum.ee\\\/fi\\\/toode\\\/arb-takaluukun-alempi-tiivistesarja-ford-ranger-2023-vw-amarok-2023\\\/#primaryimage\",\"url\":\"https:\\\/\\\/www.castrum.ee\\\/wp-content\\\/uploads\\\/2026\\\/03\\\/large_Image-96-.jpeg\",\"contentUrl\":\"https:\\\/\\\/www.castrum.ee\\\/wp-content\\\/uploads\\\/2026\\\/03\\\/large_Image-96-.jpeg\",\"width\":444,\"height\":295},{\"@type\":\"BreadcrumbList\",\"@id\":\"https:\\\/\\\/www.castrum.ee\\\/fi\\\/toode\\\/arb-takaluukun-alempi-tiivistesarja-ford-ranger-2023-vw-amarok-2023\\\/#breadcrumb\",\"itemListElement\":[{\"@type\":\"ListItem\",\"position\":1,\"name\":\"Home\",\"item\":\"https:\\\/\\\/www.castrum.ee\\\/fi\\\/kotisivu\\\/\"},{\"@type\":\"ListItem\",\"position\":2,\"name\":\"Verkkokauppa\",\"item\":\"https:\\\/\\\/www.castrum.ee\\\/fi\\\/kauppa\\\/\"},{\"@type\":\"ListItem\",\"position\":3,\"name\":\"ARB takaluukun alempi tiivistesarja | Ford Ranger [23+], VW Amarok [23+]\"}]},{\"@type\":\"WebSite\",\"@id\":\"https:\\\/\\\/www.castrum.ee\\\/fi\\\/#website\",\"url\":\"https:\\\/\\\/www.castrum.ee\\\/fi\\\/\",\"name\":\"Castrum\",\"description\":\"Maasturite, s\u00f5iduautode ja v\u00e4ikebusside lisavarustus\",\"publisher\":{\"@id\":\"https:\\\/\\\/www.castrum.ee\\\/fi\\\/#organization\"},\"potentialAction\":[{\"@type\":\"SearchAction\",\"target\":{\"@type\":\"EntryPoint\",\"urlTemplate\":\"https:\\\/\\\/www.castrum.ee\\\/fi\\\/?s={search_term_string}\"},\"query-input\":{\"@type\":\"PropertyValueSpecification\",\"valueRequired\":true,\"valueName\":\"search_term_string\"}}],\"inLanguage\":\"fi\"},{\"@type\":\"Organization\",\"@id\":\"https:\\\/\\\/www.castrum.ee\\\/fi\\\/#organization\",\"name\":\"Castrum Grupp O\u00dc\",\"url\":\"https:\\\/\\\/www.castrum.ee\\\/fi\\\/\",\"logo\":{\"@type\":\"ImageObject\",\"inLanguage\":\"fi\",\"@id\":\"https:\\\/\\\/www.castrum.ee\\\/fi\\\/#\\\/schema\\\/logo\\\/image\\\/\",\"url\":\"https:\\\/\\\/www.castrum.ee\\\/wp-content\\\/uploads\\\/2025\\\/03\\\/Castrum-logo-500.png\",\"contentUrl\":\"https:\\\/\\\/www.castrum.ee\\\/wp-content\\\/uploads\\\/2025\\\/03\\\/Castrum-logo-500.png\",\"width\":500,\"height\":250,\"caption\":\"Castrum Grupp O\u00dc\"},\"image\":{\"@id\":\"https:\\\/\\\/www.castrum.ee\\\/fi\\\/#\\\/schema\\\/logo\\\/image\\\/\"},\"sameAs\":[\"https:\\\/\\\/www.facebook.com\\\/castrum.ee\"]}]}<\/script>\n<!-- \/ Yoast SEO plugin. -->","yoast_head_json":{"title":"ARB takaluukun alempi tiivistesarja | Ford Ranger & VW Amarok 23+","description":"ARB takaluukun alempi tiivistesarja (ARB-6178102) Ford Ranger ja VW Amarok 2022+ malleihin. Suojaa p\u00f6lylt\u00e4 ja vedelt\u00e4 \u2013 sopii tupla- ja pidennettyyn ohjaamoon.","robots":{"index":"index","follow":"follow","max-snippet":"max-snippet:-1","max-image-preview":"max-image-preview:large","max-video-preview":"max-video-preview:-1"},"canonical":"https:\/\/www.castrum.ee\/fi\/toode\/arb-takaluukun-alempi-tiivistesarja-ford-ranger-2023-vw-amarok-2023\/","og_locale":"fi_FI","og_type":"article","og_title":"ARB takaluukun alempi tiivistesarja | Ford Ranger & VW Amarok 23+","og_description":"ARB takaluukun alempi tiivistesarja (ARB-6178102) Ford Ranger ja VW Amarok 2022+ malleihin. Suojaa p\u00f6lylt\u00e4 ja vedelt\u00e4 \u2013 sopii tupla- ja pidennettyyn ohjaamoon.","og_url":"https:\/\/www.castrum.ee\/fi\/toode\/arb-takaluukun-alempi-tiivistesarja-ford-ranger-2023-vw-amarok-2023\/","og_site_name":"Castrum","article_publisher":"https:\/\/www.facebook.com\/castrum.ee","og_image":[{"width":444,"height":295,"url":"https:\/\/www.castrum.ee\/wp-content\/uploads\/2026\/03\/large_Image-96-.jpeg","type":"image\/jpeg"}],"twitter_card":"summary_large_image","twitter_misc":{"Arvioitu lukuaika":"1 minuutti"},"schema":{"@context":"https:\/\/schema.org","@graph":[{"@type":"WebPage","@id":"https:\/\/www.castrum.ee\/fi\/toode\/arb-takaluukun-alempi-tiivistesarja-ford-ranger-2023-vw-amarok-2023\/","url":"https:\/\/www.castrum.ee\/fi\/toode\/arb-takaluukun-alempi-tiivistesarja-ford-ranger-2023-vw-amarok-2023\/","name":"ARB takaluukun alempi tiivistesarja | Ford Ranger & VW Amarok 23+","isPartOf":{"@id":"https:\/\/www.castrum.ee\/fi\/#website"},"primaryImageOfPage":{"@id":"https:\/\/www.castrum.ee\/fi\/toode\/arb-takaluukun-alempi-tiivistesarja-ford-ranger-2023-vw-amarok-2023\/#primaryimage"},"image":{"@id":"https:\/\/www.castrum.ee\/fi\/toode\/arb-takaluukun-alempi-tiivistesarja-ford-ranger-2023-vw-amarok-2023\/#primaryimage"},"thumbnailUrl":"https:\/\/www.castrum.ee\/wp-content\/uploads\/2026\/03\/large_Image-96-.jpeg","datePublished":"2026-04-29T10:24:38+00:00","description":"ARB takaluukun alempi tiivistesarja (ARB-6178102) Ford Ranger ja VW Amarok 2022+ malleihin. Suojaa p\u00f6lylt\u00e4 ja vedelt\u00e4 \u2013 sopii tupla- ja pidennettyyn ohjaamoon.","breadcrumb":{"@id":"https:\/\/www.castrum.ee\/fi\/toode\/arb-takaluukun-alempi-tiivistesarja-ford-ranger-2023-vw-amarok-2023\/#breadcrumb"},"inLanguage":"fi","potentialAction":[{"@type":"ReadAction","target":["https:\/\/www.castrum.ee\/fi\/toode\/arb-takaluukun-alempi-tiivistesarja-ford-ranger-2023-vw-amarok-2023\/"]}]},{"@type":"ImageObject","inLanguage":"fi","@id":"https:\/\/www.castrum.ee\/fi\/toode\/arb-takaluukun-alempi-tiivistesarja-ford-ranger-2023-vw-amarok-2023\/#primaryimage","url":"https:\/\/www.castrum.ee\/wp-content\/uploads\/2026\/03\/large_Image-96-.jpeg","contentUrl":"https:\/\/www.castrum.ee\/wp-content\/uploads\/2026\/03\/large_Image-96-.jpeg","width":444,"height":295},{"@type":"BreadcrumbList","@id":"https:\/\/www.castrum.ee\/fi\/toode\/arb-takaluukun-alempi-tiivistesarja-ford-ranger-2023-vw-amarok-2023\/#breadcrumb","itemListElement":[{"@type":"ListItem","position":1,"name":"Home","item":"https:\/\/www.castrum.ee\/fi\/kotisivu\/"},{"@type":"ListItem","position":2,"name":"Verkkokauppa","item":"https:\/\/www.castrum.ee\/fi\/kauppa\/"},{"@type":"ListItem","position":3,"name":"ARB takaluukun alempi tiivistesarja | Ford Ranger [23+], VW Amarok [23+]"}]},{"@type":"WebSite","@id":"https:\/\/www.castrum.ee\/fi\/#website","url":"https:\/\/www.castrum.ee\/fi\/","name":"Castrum","description":"Maasturite, s\u00f5iduautode ja v\u00e4ikebusside lisavarustus","publisher":{"@id":"https:\/\/www.castrum.ee\/fi\/#organization"},"potentialAction":[{"@type":"SearchAction","target":{"@type":"EntryPoint","urlTemplate":"https:\/\/www.castrum.ee\/fi\/?s={search_term_string}"},"query-input":{"@type":"PropertyValueSpecification","valueRequired":true,"valueName":"search_term_string"}}],"inLanguage":"fi"},{"@type":"Organization","@id":"https:\/\/www.castrum.ee\/fi\/#organization","name":"Castrum Grupp O\u00dc","url":"https:\/\/www.castrum.ee\/fi\/","logo":{"@type":"ImageObject","inLanguage":"fi","@id":"https:\/\/www.castrum.ee\/fi\/#\/schema\/logo\/image\/","url":"https:\/\/www.castrum.ee\/wp-content\/uploads\/2025\/03\/Castrum-logo-500.png","contentUrl":"https:\/\/www.castrum.ee\/wp-content\/uploads\/2025\/03\/Castrum-logo-500.png","width":500,"height":250,"caption":"Castrum Grupp O\u00dc"},"image":{"@id":"https:\/\/www.castrum.ee\/fi\/#\/schema\/logo\/image\/"},"sameAs":["https:\/\/www.facebook.com\/castrum.ee"]}]}},"_links":{"self":[{"href":"https:\/\/www.castrum.ee\/fi\/wp-json\/wp\/v2\/product\/79881","targetHints":{"allow":["GET"]}}],"collection":[{"href":"https:\/\/www.castrum.ee\/fi\/wp-json\/wp\/v2\/product"}],"about":[{"href":"https:\/\/www.castrum.ee\/fi\/wp-json\/wp\/v2\/types\/product"}],"wp:featuredmedia":[{"embeddable":true,"href":"https:\/\/www.castrum.ee\/fi\/wp-json\/wp\/v2\/media\/79210"}],"wp:attachment":[{"href":"https:\/\/www.castrum.ee\/fi\/wp-json\/wp\/v2\/media?parent=79881"}],"wp:term":[{"taxonomy":"mark-ja-mudel","embeddable":true,"href":"https:\/\/www.castrum.ee\/fi\/wp-json\/wp\/v2\/mark-ja-mudel?post=79881"},{"taxonomy":"product_brand","embeddable":true,"href":"https:\/\/www.castrum.ee\/fi\/wp-json\/wp\/v2\/product_brand?post=79881"},{"taxonomy":"product_cat","embeddable":true,"href":"https:\/\/www.castrum.ee\/fi\/wp-json\/wp\/v2\/product_cat?post=79881"},{"taxonomy":"product_tag","embeddable":true,"href":"https:\/\/www.castrum.ee\/fi\/wp-json\/wp\/v2\/product_tag?post=79881"}],"curies":[{"name":"wp","href":"https:\/\/api.w.org\/{rel}","templated":true}]}}