{"id":79883,"date":"2026-04-29T13:25:35","date_gmt":"2026-04-29T10:25:35","guid":{"rendered":"https:\/\/www.castrum.ee\/toode\/more-4x4-pickup-vaihtoalusta-turist-taysivarustuksella-toyota-hilux-9ehkpv\/"},"modified":"2026-04-29T13:25:35","modified_gmt":"2026-04-29T10:25:35","slug":"more-4x4-pickup-vaihtoalusta-turist-taysivarustuksella-toyota-hilux","status":"publish","type":"product","link":"https:\/\/www.castrum.ee\/fi\/toode\/more-4x4-pickup-vaihtoalusta-turist-taysivarustuksella-toyota-hilux\/","title":{"rendered":"More 4&#215;4 pickup vaihtoalusta \u2013 Turist t\u00e4ysvarusteella | Toyota Hilux [15+]"},"content":{"rendered":"<p><strong>Sopii:<\/strong> Toyota Hilux REVO, 2015+, kaksoiskabriitti (double cab)<\/p>\n<p>More 4&#215;4 Turist t\u00e4ysvarusteella on t\u00e4ydellinen ekspeditionirakenne kaikkine mukavuusvarusteineen kaukana sivilisaatiosta matkustamiseen. 200 cm pitk\u00e4 rakenne sis\u00e4lt\u00e4\u00e4 makuutilan, teknisen tilan, kuljetustilan sek\u00e4 keitti\u00f6alueen.<\/p>\n<h4>Rakenne<\/h4>\n<ul>\n<li>Koko rakenne on valmistettu 6, 4 ja 3 mm alumiinista.<\/li>\n<li>Ainoat ter\u00e4sosat ovat 4 mm kiinnityshaarukat, jotka k\u00e4ytt\u00e4v\u00e4t ajoneuvon tehdaskinnituspisteit\u00e4.<\/li>\n<li>Lattiaritil\u00e4 on hitsaamalla yhdistetty lattialevyihin, pitkitt\u00e4ispalkkeihin ja sivus\u00e4il\u00f6ihin \u2013 monoliittirakenne.<\/li>\n<li>Yl\u00e4osa on valmistettu 3 mm alumiinista ja varustettu nelj\u00e4ll\u00e4 erikseen lukittavalla luukulla.<\/li>\n<li>Ohjaamon puoleisessa sein\u00e4ss\u00e4 on suuri tuuletusluukku (vedenpit\u00e4v\u00e4sti suljettava), katossa kallistettava lasiluukku hyttysverkolla \u2013 takaavat erinomaisen ilmanvaihdon makuuvy\u00f6hykkeess\u00e4.<\/li>\n<li>Paino: 254,5 kg (ilman lis\u00e4varusteita)<\/li>\n<\/ul>\n<h4>Lis\u00e4varusteet sis\u00e4lt\u00e4v\u00e4t<\/h4>\n<ul>\n<li>Tuuletusluukku<\/li>\n<li>Kallistettava lasiluukku katossa<\/li>\n<li>Lasi poistumisluukussa<\/li>\n<li>7 cm vaahtopatja<\/li>\n<li>Makuutilan valaistus<\/li>\n<li>Liesi<\/li>\n<li>28 l kompressorij\u00e4\u00e4kaappi kiinnityksell\u00e4<\/li>\n<li>Lepakkotyylinen markiisi kiinnityksill\u00e4<\/li>\n<li>Lis\u00e4akku kiinnitys- ja latausj\u00e4rjestelm\u00e4ll\u00e4<\/li>\n<li>1000 W invertteri 12\/220 V asennuksella<\/li>\n<li>L\u00e4mmitin (ilmal\u00e4mmitys, pys\u00e4k\u00f6intitila)<\/li>\n<li>12 V kompressori asennuksella<\/li>\n<li>USB-pistokeiden asennus<\/li>\n<li>Aurinkoenergiatoiminen vesis\u00e4ili\u00f6<\/li>\n<li>2 m rullattava lavakate oikealle puolelle<\/li>\n<li>Keitti\u00f6v\u00e4lineiden pidikesarja<\/li>\n<\/ul>\n<p><strong>Setti sis\u00e4lt\u00e4\u00e4:<\/strong> ZAP005 kuormalava-alusta (takavaloilla) + yl\u00e4osa v\u00e4liseinill\u00e4, lasiluukulla ja liesikinnikkeell\u00e4 + kaikki lis\u00e4varusteet.<\/p>\n","protected":false},"excerpt":{"rendered":"<p>Alumiininen ekspeditionirakenne Toyota Hilux REVO:lle (2015+) t\u00e4ydellisell\u00e4 retkeilyvarustuksella. Sis\u00e4lt\u00e4\u00e4 kompressorij\u00e4\u00e4kaapin, l\u00e4mmittimen, invertterin, markiisin, patjan jne. Paino 254,5 kg.<\/p>\n","protected":false},"featured_media":79191,"template":"","meta":{"_acf_changed":false},"mark-ja-mudel":[],"product_brand":[1278,1277],"product_cat":[1073],"product_tag":[],"class_list":{"0":"post-79883","1":"product","2":"type-product","3":"status-publish","4":"has-post-thumbnail","6":"product_brand-hilux","7":"product_brand-toyota","8":"product_cat-lavaraudat-ja-lavakannet","10":"first","11":"instock","12":"taxable","13":"shipping-taxable","14":"purchasable","15":"product-type-simple"},"bundled_by":[],"bundle_stock_status":"instock","bundle_stock_quantity":null,"bundle_virtual":false,"bundle_layout":"","bundle_add_to_cart_form_location":"","bundle_editable_in_cart":false,"bundle_sold_individually_context":"","bundle_item_grouping":"","bundle_min_size":"","bundle_max_size":"","bundle_price":[],"bundled_items":[],"bundle_sell_ids":[],"acf":[],"yoast_head":"<!-- This site is optimized with the Yoast SEO plugin v27.3 - https:\/\/yoast.com\/product\/yoast-seo-wordpress\/ -->\n<title>More 4x4 Turist t\u00e4ysvarusteella | Toyota Hilux 15+ | Castrum<\/title>\n<meta name=\"description\" content=\"More 4x4 pickup vaihtoalusta Turist t\u00e4ysvarusteella Toyota Hilux REVO 2015+ \u2013 alumiininen ekspeditionirakenne, lavakuomu ja kuormalava-alusta retkeilyyn.\" \/>\n<meta name=\"robots\" content=\"index, follow, max-snippet:-1, max-image-preview:large, max-video-preview:-1\" \/>\n<link rel=\"canonical\" href=\"https:\/\/www.castrum.ee\/fi\/toode\/more-4x4-pickup-vaihtoalusta-turist-taysivarustuksella-toyota-hilux\/\" \/>\n<meta property=\"og:locale\" content=\"fi_FI\" \/>\n<meta property=\"og:type\" content=\"article\" \/>\n<meta property=\"og:title\" content=\"More 4x4 Turist t\u00e4ysvarusteella | Toyota Hilux 15+ | Castrum\" \/>\n<meta property=\"og:description\" content=\"More 4x4 pickup vaihtoalusta Turist t\u00e4ysvarusteella Toyota Hilux REVO 2015+ \u2013 alumiininen ekspeditionirakenne, lavakuomu ja kuormalava-alusta retkeilyyn.\" \/>\n<meta property=\"og:url\" content=\"https:\/\/www.castrum.ee\/fi\/toode\/more-4x4-pickup-vaihtoalusta-turist-taysivarustuksella-toyota-hilux\/\" \/>\n<meta property=\"og:site_name\" content=\"Castrum\" \/>\n<meta property=\"article:publisher\" content=\"https:\/\/www.facebook.com\/castrum.ee\" \/>\n<meta property=\"og:image\" content=\"https:\/\/www.castrum.ee\/wp-content\/uploads\/2026\/03\/zabudowa-turystyczna-pickup-toyota-hilux-revo-bed-replacement-more-4x4-z-wyposazeniem.jpg\" \/>\n\t<meta property=\"og:image:width\" content=\"800\" \/>\n\t<meta property=\"og:image:height\" content=\"533\" \/>\n\t<meta property=\"og:image:type\" content=\"image\/jpeg\" \/>\n<meta name=\"twitter:card\" content=\"summary_large_image\" \/>\n<meta name=\"twitter:label1\" content=\"Arvioitu lukuaika\" \/>\n\t<meta name=\"twitter:data1\" content=\"1 minuutti\" \/>\n<script type=\"application\/ld+json\" class=\"yoast-schema-graph\">{\"@context\":\"https:\\\/\\\/schema.org\",\"@graph\":[{\"@type\":\"WebPage\",\"@id\":\"https:\\\/\\\/www.castrum.ee\\\/fi\\\/toode\\\/more-4x4-pickup-vaihtoalusta-turist-taysivarustuksella-toyota-hilux\\\/\",\"url\":\"https:\\\/\\\/www.castrum.ee\\\/fi\\\/toode\\\/more-4x4-pickup-vaihtoalusta-turist-taysivarustuksella-toyota-hilux\\\/\",\"name\":\"More 4x4 Turist t\u00e4ysvarusteella | Toyota Hilux 15+ | Castrum\",\"isPartOf\":{\"@id\":\"https:\\\/\\\/www.castrum.ee\\\/fi\\\/#website\"},\"primaryImageOfPage\":{\"@id\":\"https:\\\/\\\/www.castrum.ee\\\/fi\\\/toode\\\/more-4x4-pickup-vaihtoalusta-turist-taysivarustuksella-toyota-hilux\\\/#primaryimage\"},\"image\":{\"@id\":\"https:\\\/\\\/www.castrum.ee\\\/fi\\\/toode\\\/more-4x4-pickup-vaihtoalusta-turist-taysivarustuksella-toyota-hilux\\\/#primaryimage\"},\"thumbnailUrl\":\"https:\\\/\\\/www.castrum.ee\\\/wp-content\\\/uploads\\\/2026\\\/03\\\/zabudowa-turystyczna-pickup-toyota-hilux-revo-bed-replacement-more-4x4-z-wyposazeniem.jpg\",\"datePublished\":\"2026-04-29T10:25:35+00:00\",\"description\":\"More 4x4 pickup vaihtoalusta Turist t\u00e4ysvarusteella Toyota Hilux REVO 2015+ \u2013 alumiininen ekspeditionirakenne, lavakuomu ja kuormalava-alusta retkeilyyn.\",\"breadcrumb\":{\"@id\":\"https:\\\/\\\/www.castrum.ee\\\/fi\\\/toode\\\/more-4x4-pickup-vaihtoalusta-turist-taysivarustuksella-toyota-hilux\\\/#breadcrumb\"},\"inLanguage\":\"fi\",\"potentialAction\":[{\"@type\":\"ReadAction\",\"target\":[\"https:\\\/\\\/www.castrum.ee\\\/fi\\\/toode\\\/more-4x4-pickup-vaihtoalusta-turist-taysivarustuksella-toyota-hilux\\\/\"]}]},{\"@type\":\"ImageObject\",\"inLanguage\":\"fi\",\"@id\":\"https:\\\/\\\/www.castrum.ee\\\/fi\\\/toode\\\/more-4x4-pickup-vaihtoalusta-turist-taysivarustuksella-toyota-hilux\\\/#primaryimage\",\"url\":\"https:\\\/\\\/www.castrum.ee\\\/wp-content\\\/uploads\\\/2026\\\/03\\\/zabudowa-turystyczna-pickup-toyota-hilux-revo-bed-replacement-more-4x4-z-wyposazeniem.jpg\",\"contentUrl\":\"https:\\\/\\\/www.castrum.ee\\\/wp-content\\\/uploads\\\/2026\\\/03\\\/zabudowa-turystyczna-pickup-toyota-hilux-revo-bed-replacement-more-4x4-z-wyposazeniem.jpg\",\"width\":800,\"height\":533},{\"@type\":\"BreadcrumbList\",\"@id\":\"https:\\\/\\\/www.castrum.ee\\\/fi\\\/toode\\\/more-4x4-pickup-vaihtoalusta-turist-taysivarustuksella-toyota-hilux\\\/#breadcrumb\",\"itemListElement\":[{\"@type\":\"ListItem\",\"position\":1,\"name\":\"Home\",\"item\":\"https:\\\/\\\/www.castrum.ee\\\/fi\\\/kotisivu\\\/\"},{\"@type\":\"ListItem\",\"position\":2,\"name\":\"Verkkokauppa\",\"item\":\"https:\\\/\\\/www.castrum.ee\\\/fi\\\/kauppa\\\/\"},{\"@type\":\"ListItem\",\"position\":3,\"name\":\"More 4&#215;4 pickup vaihtoalusta \u2013 Turist t\u00e4ysvarusteella | Toyota Hilux [15+]\"}]},{\"@type\":\"WebSite\",\"@id\":\"https:\\\/\\\/www.castrum.ee\\\/fi\\\/#website\",\"url\":\"https:\\\/\\\/www.castrum.ee\\\/fi\\\/\",\"name\":\"Castrum\",\"description\":\"Maasturite, s\u00f5iduautode ja v\u00e4ikebusside lisavarustus\",\"publisher\":{\"@id\":\"https:\\\/\\\/www.castrum.ee\\\/fi\\\/#organization\"},\"potentialAction\":[{\"@type\":\"SearchAction\",\"target\":{\"@type\":\"EntryPoint\",\"urlTemplate\":\"https:\\\/\\\/www.castrum.ee\\\/fi\\\/?s={search_term_string}\"},\"query-input\":{\"@type\":\"PropertyValueSpecification\",\"valueRequired\":true,\"valueName\":\"search_term_string\"}}],\"inLanguage\":\"fi\"},{\"@type\":\"Organization\",\"@id\":\"https:\\\/\\\/www.castrum.ee\\\/fi\\\/#organization\",\"name\":\"Castrum Grupp O\u00dc\",\"url\":\"https:\\\/\\\/www.castrum.ee\\\/fi\\\/\",\"logo\":{\"@type\":\"ImageObject\",\"inLanguage\":\"fi\",\"@id\":\"https:\\\/\\\/www.castrum.ee\\\/fi\\\/#\\\/schema\\\/logo\\\/image\\\/\",\"url\":\"https:\\\/\\\/www.castrum.ee\\\/wp-content\\\/uploads\\\/2025\\\/03\\\/Castrum-logo-500.png\",\"contentUrl\":\"https:\\\/\\\/www.castrum.ee\\\/wp-content\\\/uploads\\\/2025\\\/03\\\/Castrum-logo-500.png\",\"width\":500,\"height\":250,\"caption\":\"Castrum Grupp O\u00dc\"},\"image\":{\"@id\":\"https:\\\/\\\/www.castrum.ee\\\/fi\\\/#\\\/schema\\\/logo\\\/image\\\/\"},\"sameAs\":[\"https:\\\/\\\/www.facebook.com\\\/castrum.ee\"]}]}<\/script>\n<!-- \/ Yoast SEO plugin. -->","yoast_head_json":{"title":"More 4x4 Turist t\u00e4ysvarusteella | Toyota Hilux 15+ | Castrum","description":"More 4x4 pickup vaihtoalusta Turist t\u00e4ysvarusteella Toyota Hilux REVO 2015+ \u2013 alumiininen ekspeditionirakenne, lavakuomu ja kuormalava-alusta retkeilyyn.","robots":{"index":"index","follow":"follow","max-snippet":"max-snippet:-1","max-image-preview":"max-image-preview:large","max-video-preview":"max-video-preview:-1"},"canonical":"https:\/\/www.castrum.ee\/fi\/toode\/more-4x4-pickup-vaihtoalusta-turist-taysivarustuksella-toyota-hilux\/","og_locale":"fi_FI","og_type":"article","og_title":"More 4x4 Turist t\u00e4ysvarusteella | Toyota Hilux 15+ | Castrum","og_description":"More 4x4 pickup vaihtoalusta Turist t\u00e4ysvarusteella Toyota Hilux REVO 2015+ \u2013 alumiininen ekspeditionirakenne, lavakuomu ja kuormalava-alusta retkeilyyn.","og_url":"https:\/\/www.castrum.ee\/fi\/toode\/more-4x4-pickup-vaihtoalusta-turist-taysivarustuksella-toyota-hilux\/","og_site_name":"Castrum","article_publisher":"https:\/\/www.facebook.com\/castrum.ee","og_image":[{"width":800,"height":533,"url":"https:\/\/www.castrum.ee\/wp-content\/uploads\/2026\/03\/zabudowa-turystyczna-pickup-toyota-hilux-revo-bed-replacement-more-4x4-z-wyposazeniem.jpg","type":"image\/jpeg"}],"twitter_card":"summary_large_image","twitter_misc":{"Arvioitu lukuaika":"1 minuutti"},"schema":{"@context":"https:\/\/schema.org","@graph":[{"@type":"WebPage","@id":"https:\/\/www.castrum.ee\/fi\/toode\/more-4x4-pickup-vaihtoalusta-turist-taysivarustuksella-toyota-hilux\/","url":"https:\/\/www.castrum.ee\/fi\/toode\/more-4x4-pickup-vaihtoalusta-turist-taysivarustuksella-toyota-hilux\/","name":"More 4x4 Turist t\u00e4ysvarusteella | Toyota Hilux 15+ | Castrum","isPartOf":{"@id":"https:\/\/www.castrum.ee\/fi\/#website"},"primaryImageOfPage":{"@id":"https:\/\/www.castrum.ee\/fi\/toode\/more-4x4-pickup-vaihtoalusta-turist-taysivarustuksella-toyota-hilux\/#primaryimage"},"image":{"@id":"https:\/\/www.castrum.ee\/fi\/toode\/more-4x4-pickup-vaihtoalusta-turist-taysivarustuksella-toyota-hilux\/#primaryimage"},"thumbnailUrl":"https:\/\/www.castrum.ee\/wp-content\/uploads\/2026\/03\/zabudowa-turystyczna-pickup-toyota-hilux-revo-bed-replacement-more-4x4-z-wyposazeniem.jpg","datePublished":"2026-04-29T10:25:35+00:00","description":"More 4x4 pickup vaihtoalusta Turist t\u00e4ysvarusteella Toyota Hilux REVO 2015+ \u2013 alumiininen ekspeditionirakenne, lavakuomu ja kuormalava-alusta retkeilyyn.","breadcrumb":{"@id":"https:\/\/www.castrum.ee\/fi\/toode\/more-4x4-pickup-vaihtoalusta-turist-taysivarustuksella-toyota-hilux\/#breadcrumb"},"inLanguage":"fi","potentialAction":[{"@type":"ReadAction","target":["https:\/\/www.castrum.ee\/fi\/toode\/more-4x4-pickup-vaihtoalusta-turist-taysivarustuksella-toyota-hilux\/"]}]},{"@type":"ImageObject","inLanguage":"fi","@id":"https:\/\/www.castrum.ee\/fi\/toode\/more-4x4-pickup-vaihtoalusta-turist-taysivarustuksella-toyota-hilux\/#primaryimage","url":"https:\/\/www.castrum.ee\/wp-content\/uploads\/2026\/03\/zabudowa-turystyczna-pickup-toyota-hilux-revo-bed-replacement-more-4x4-z-wyposazeniem.jpg","contentUrl":"https:\/\/www.castrum.ee\/wp-content\/uploads\/2026\/03\/zabudowa-turystyczna-pickup-toyota-hilux-revo-bed-replacement-more-4x4-z-wyposazeniem.jpg","width":800,"height":533},{"@type":"BreadcrumbList","@id":"https:\/\/www.castrum.ee\/fi\/toode\/more-4x4-pickup-vaihtoalusta-turist-taysivarustuksella-toyota-hilux\/#breadcrumb","itemListElement":[{"@type":"ListItem","position":1,"name":"Home","item":"https:\/\/www.castrum.ee\/fi\/kotisivu\/"},{"@type":"ListItem","position":2,"name":"Verkkokauppa","item":"https:\/\/www.castrum.ee\/fi\/kauppa\/"},{"@type":"ListItem","position":3,"name":"More 4&#215;4 pickup vaihtoalusta \u2013 Turist t\u00e4ysvarusteella | Toyota Hilux [15+]"}]},{"@type":"WebSite","@id":"https:\/\/www.castrum.ee\/fi\/#website","url":"https:\/\/www.castrum.ee\/fi\/","name":"Castrum","description":"Maasturite, s\u00f5iduautode ja v\u00e4ikebusside lisavarustus","publisher":{"@id":"https:\/\/www.castrum.ee\/fi\/#organization"},"potentialAction":[{"@type":"SearchAction","target":{"@type":"EntryPoint","urlTemplate":"https:\/\/www.castrum.ee\/fi\/?s={search_term_string}"},"query-input":{"@type":"PropertyValueSpecification","valueRequired":true,"valueName":"search_term_string"}}],"inLanguage":"fi"},{"@type":"Organization","@id":"https:\/\/www.castrum.ee\/fi\/#organization","name":"Castrum Grupp O\u00dc","url":"https:\/\/www.castrum.ee\/fi\/","logo":{"@type":"ImageObject","inLanguage":"fi","@id":"https:\/\/www.castrum.ee\/fi\/#\/schema\/logo\/image\/","url":"https:\/\/www.castrum.ee\/wp-content\/uploads\/2025\/03\/Castrum-logo-500.png","contentUrl":"https:\/\/www.castrum.ee\/wp-content\/uploads\/2025\/03\/Castrum-logo-500.png","width":500,"height":250,"caption":"Castrum Grupp O\u00dc"},"image":{"@id":"https:\/\/www.castrum.ee\/fi\/#\/schema\/logo\/image\/"},"sameAs":["https:\/\/www.facebook.com\/castrum.ee"]}]}},"_links":{"self":[{"href":"https:\/\/www.castrum.ee\/fi\/wp-json\/wp\/v2\/product\/79883","targetHints":{"allow":["GET"]}}],"collection":[{"href":"https:\/\/www.castrum.ee\/fi\/wp-json\/wp\/v2\/product"}],"about":[{"href":"https:\/\/www.castrum.ee\/fi\/wp-json\/wp\/v2\/types\/product"}],"wp:featuredmedia":[{"embeddable":true,"href":"https:\/\/www.castrum.ee\/fi\/wp-json\/wp\/v2\/media\/79191"}],"wp:attachment":[{"href":"https:\/\/www.castrum.ee\/fi\/wp-json\/wp\/v2\/media?parent=79883"}],"wp:term":[{"taxonomy":"mark-ja-mudel","embeddable":true,"href":"https:\/\/www.castrum.ee\/fi\/wp-json\/wp\/v2\/mark-ja-mudel?post=79883"},{"taxonomy":"product_brand","embeddable":true,"href":"https:\/\/www.castrum.ee\/fi\/wp-json\/wp\/v2\/product_brand?post=79883"},{"taxonomy":"product_cat","embeddable":true,"href":"https:\/\/www.castrum.ee\/fi\/wp-json\/wp\/v2\/product_cat?post=79883"},{"taxonomy":"product_tag","embeddable":true,"href":"https:\/\/www.castrum.ee\/fi\/wp-json\/wp\/v2\/product_tag?post=79883"}],"curies":[{"name":"wp","href":"https:\/\/api.w.org\/{rel}","templated":true}]}}