{"id":79884,"date":"2026-04-29T13:26:01","date_gmt":"2026-04-29T10:26:01","guid":{"rendered":"https:\/\/www.castrum.ee\/toode\/more-4x4-pickup-vaihtoalusta-turist-toyota-hilux-ooqvrx\/"},"modified":"2026-04-29T13:26:01","modified_gmt":"2026-04-29T10:26:01","slug":"more-4x4-pickup-vaihtoalusta-turist-toyota-hilux","status":"publish","type":"product","link":"https:\/\/www.castrum.ee\/fi\/toode\/more-4x4-pickup-vaihtoalusta-turist-toyota-hilux\/","title":{"rendered":"More 4&#215;4 pickup vaihtoalusta \u2013 Turist | Toyota Hilux [15+]"},"content":{"rendered":"<p><strong>Sopii:<\/strong> Toyota Hilux REVO, 2015+, kaksoiskabiin (double cab)<\/p>\n<p>More 4&#215;4 Turist on ekspeditsiooni-lavakuomu maastoajoon ja pidemmille retkille. 200 cm pitk\u00e4 lavakuomu tarjoaa makuutilan, teknisen tilan, kuljetustilan sek\u00e4 keitti\u00f6alueen.<\/p>\n<h4>Rakenne<\/h4>\n<ul>\n<li>Koko rakenne on valmistettu 6, 4 ja 3 mm alumiinista.<\/li>\n<li>Ainoat ter\u00e4sosat ovat 4 mm kiinnityshaarukat, jotka k\u00e4ytt\u00e4v\u00e4t ajoneuvon tehdaskinnituspisteit\u00e4.<\/li>\n<li>Lattiakehikko on hitsattu yhteen lattialevyjen, pitk\u00e4palkkien ja sivus\u00e4il\u00f6jen kanssa \u2013 monoliittirakenne.<\/li>\n<li>Yl\u00e4osa on valmistettu 3 mm alumiinista ja varustettu nelj\u00e4ll\u00e4 itsen\u00e4isesti lukittavalla luukulla.<\/li>\n<li>Sarjaan kuuluu v\u00e4lisein\u00e4sarja makuu-, teknisen, kuljetus- ja keitti\u00f6tilan erottamiseksi.<\/li>\n<li>Paino: 254,5 kg<\/li>\n<\/ul>\n<h4>Edut<\/h4>\n<ul>\n<li>T\u00e4ysin tasainen kuormatila korotetun lattian ansiosta.<\/li>\n<li>Kuormatila 182 \u00d7 200 cm.<\/li>\n<li>Katto on samalla tasolla Toyota-alkuper\u00e4iskaton kanssa; katolle asennetut kattokaiteet mahdollistavat taakkatelineiden tai kattoteltan kiinnityksen.<\/li>\n<li>Matala painopiste \u2013 ajoneuvo k\u00e4ytt\u00e4ytyy maastossa normaalisti my\u00f6s sivukallistuksessa.<\/li>\n<li>Lokasuojan levikkeet asennettavissa kahdella tavalla: kapeasti alkuper\u00e4ispy\u00f6rille tai leve\u00e4mmin maastopy\u00f6rille.<\/li>\n<\/ul>\n<p><strong>Sarja sis\u00e4lt\u00e4\u00e4:<\/strong> ZAP005 asennusalusta (takavaloineen) + yl\u00e4osa v\u00e4lisein\u00e4sarjoineen, lasiluukku ja liesiasennustuki.<\/p>\n","protected":false},"excerpt":{"rendered":"<p>Alumiininen ekspeditsiooni-lavakuomu Toyota Hilux REVO:lle (2015+). Makuu-, tekninen, kuljetus- ja keitti\u00f6tila. 4 lukittavaa luukkua, kattokaiteet. Paino 254,5 kg.<\/p>\n","protected":false},"featured_media":79176,"template":"","meta":{"_acf_changed":false},"mark-ja-mudel":[],"product_brand":[1278,1277],"product_cat":[1073],"product_tag":[],"class_list":{"0":"post-79884","1":"product","2":"type-product","3":"status-publish","4":"has-post-thumbnail","6":"product_brand-hilux","7":"product_brand-toyota","8":"product_cat-lavaraudat-ja-lavakannet","10":"first","11":"instock","12":"taxable","13":"shipping-taxable","14":"purchasable","15":"product-type-simple"},"bundled_by":[],"bundle_stock_status":"instock","bundle_stock_quantity":null,"bundle_virtual":false,"bundle_layout":"","bundle_add_to_cart_form_location":"","bundle_editable_in_cart":false,"bundle_sold_individually_context":"","bundle_item_grouping":"","bundle_min_size":"","bundle_max_size":"","bundle_price":[],"bundled_items":[],"bundle_sell_ids":[],"acf":[],"yoast_head":"<!-- This site is optimized with the Yoast SEO plugin v27.3 - https:\/\/yoast.com\/product\/yoast-seo-wordpress\/ -->\n<title>More 4x4 Turist vaihtoalusta | Toyota Hilux 15+ | Castrum<\/title>\n<meta name=\"description\" content=\"More 4x4 Turist alumiininen ekspeditsiooni-lavakuomu Toyota Hilux REVO 2015+. Lavakuomu, hardtop ja lavakate \u2013 4 lukittavaa luukkua, kattokaiteet, 254,5 kg.\" \/>\n<meta name=\"robots\" content=\"index, follow, max-snippet:-1, max-image-preview:large, max-video-preview:-1\" \/>\n<link rel=\"canonical\" href=\"https:\/\/www.castrum.ee\/fi\/toode\/more-4x4-pickup-vaihtoalusta-turist-toyota-hilux\/\" \/>\n<meta property=\"og:locale\" content=\"fi_FI\" \/>\n<meta property=\"og:type\" content=\"article\" \/>\n<meta property=\"og:title\" content=\"More 4x4 Turist vaihtoalusta | Toyota Hilux 15+ | Castrum\" \/>\n<meta property=\"og:description\" content=\"More 4x4 Turist alumiininen ekspeditsiooni-lavakuomu Toyota Hilux REVO 2015+. Lavakuomu, hardtop ja lavakate \u2013 4 lukittavaa luukkua, kattokaiteet, 254,5 kg.\" \/>\n<meta property=\"og:url\" content=\"https:\/\/www.castrum.ee\/fi\/toode\/more-4x4-pickup-vaihtoalusta-turist-toyota-hilux\/\" \/>\n<meta property=\"og:site_name\" content=\"Castrum\" \/>\n<meta property=\"article:publisher\" content=\"https:\/\/www.facebook.com\/castrum.ee\" \/>\n<meta property=\"og:image\" content=\"https:\/\/www.castrum.ee\/wp-content\/uploads\/2026\/03\/zabudowa-turystyczna-pickup-toyota-hilux-revo-bed-replacement-system-more-4x4-.jpg\" \/>\n\t<meta property=\"og:image:width\" content=\"800\" \/>\n\t<meta property=\"og:image:height\" content=\"533\" \/>\n\t<meta property=\"og:image:type\" content=\"image\/jpeg\" \/>\n<meta name=\"twitter:card\" content=\"summary_large_image\" \/>\n<meta name=\"twitter:label1\" content=\"Arvioitu lukuaika\" \/>\n\t<meta name=\"twitter:data1\" content=\"1 minuutti\" \/>\n<script type=\"application\/ld+json\" class=\"yoast-schema-graph\">{\"@context\":\"https:\\\/\\\/schema.org\",\"@graph\":[{\"@type\":\"WebPage\",\"@id\":\"https:\\\/\\\/www.castrum.ee\\\/fi\\\/toode\\\/more-4x4-pickup-vaihtoalusta-turist-toyota-hilux\\\/\",\"url\":\"https:\\\/\\\/www.castrum.ee\\\/fi\\\/toode\\\/more-4x4-pickup-vaihtoalusta-turist-toyota-hilux\\\/\",\"name\":\"More 4x4 Turist vaihtoalusta | Toyota Hilux 15+ | Castrum\",\"isPartOf\":{\"@id\":\"https:\\\/\\\/www.castrum.ee\\\/fi\\\/#website\"},\"primaryImageOfPage\":{\"@id\":\"https:\\\/\\\/www.castrum.ee\\\/fi\\\/toode\\\/more-4x4-pickup-vaihtoalusta-turist-toyota-hilux\\\/#primaryimage\"},\"image\":{\"@id\":\"https:\\\/\\\/www.castrum.ee\\\/fi\\\/toode\\\/more-4x4-pickup-vaihtoalusta-turist-toyota-hilux\\\/#primaryimage\"},\"thumbnailUrl\":\"https:\\\/\\\/www.castrum.ee\\\/wp-content\\\/uploads\\\/2026\\\/03\\\/zabudowa-turystyczna-pickup-toyota-hilux-revo-bed-replacement-system-more-4x4-.jpg\",\"datePublished\":\"2026-04-29T10:26:01+00:00\",\"description\":\"More 4x4 Turist alumiininen ekspeditsiooni-lavakuomu Toyota Hilux REVO 2015+. Lavakuomu, hardtop ja lavakate \u2013 4 lukittavaa luukkua, kattokaiteet, 254,5 kg.\",\"breadcrumb\":{\"@id\":\"https:\\\/\\\/www.castrum.ee\\\/fi\\\/toode\\\/more-4x4-pickup-vaihtoalusta-turist-toyota-hilux\\\/#breadcrumb\"},\"inLanguage\":\"fi\",\"potentialAction\":[{\"@type\":\"ReadAction\",\"target\":[\"https:\\\/\\\/www.castrum.ee\\\/fi\\\/toode\\\/more-4x4-pickup-vaihtoalusta-turist-toyota-hilux\\\/\"]}]},{\"@type\":\"ImageObject\",\"inLanguage\":\"fi\",\"@id\":\"https:\\\/\\\/www.castrum.ee\\\/fi\\\/toode\\\/more-4x4-pickup-vaihtoalusta-turist-toyota-hilux\\\/#primaryimage\",\"url\":\"https:\\\/\\\/www.castrum.ee\\\/wp-content\\\/uploads\\\/2026\\\/03\\\/zabudowa-turystyczna-pickup-toyota-hilux-revo-bed-replacement-system-more-4x4-.jpg\",\"contentUrl\":\"https:\\\/\\\/www.castrum.ee\\\/wp-content\\\/uploads\\\/2026\\\/03\\\/zabudowa-turystyczna-pickup-toyota-hilux-revo-bed-replacement-system-more-4x4-.jpg\",\"width\":800,\"height\":533},{\"@type\":\"BreadcrumbList\",\"@id\":\"https:\\\/\\\/www.castrum.ee\\\/fi\\\/toode\\\/more-4x4-pickup-vaihtoalusta-turist-toyota-hilux\\\/#breadcrumb\",\"itemListElement\":[{\"@type\":\"ListItem\",\"position\":1,\"name\":\"Home\",\"item\":\"https:\\\/\\\/www.castrum.ee\\\/fi\\\/kotisivu\\\/\"},{\"@type\":\"ListItem\",\"position\":2,\"name\":\"Verkkokauppa\",\"item\":\"https:\\\/\\\/www.castrum.ee\\\/fi\\\/kauppa\\\/\"},{\"@type\":\"ListItem\",\"position\":3,\"name\":\"More 4&#215;4 pickup vaihtoalusta \u2013 Turist | Toyota Hilux [15+]\"}]},{\"@type\":\"WebSite\",\"@id\":\"https:\\\/\\\/www.castrum.ee\\\/fi\\\/#website\",\"url\":\"https:\\\/\\\/www.castrum.ee\\\/fi\\\/\",\"name\":\"Castrum\",\"description\":\"Maasturite, s\u00f5iduautode ja v\u00e4ikebusside lisavarustus\",\"publisher\":{\"@id\":\"https:\\\/\\\/www.castrum.ee\\\/fi\\\/#organization\"},\"potentialAction\":[{\"@type\":\"SearchAction\",\"target\":{\"@type\":\"EntryPoint\",\"urlTemplate\":\"https:\\\/\\\/www.castrum.ee\\\/fi\\\/?s={search_term_string}\"},\"query-input\":{\"@type\":\"PropertyValueSpecification\",\"valueRequired\":true,\"valueName\":\"search_term_string\"}}],\"inLanguage\":\"fi\"},{\"@type\":\"Organization\",\"@id\":\"https:\\\/\\\/www.castrum.ee\\\/fi\\\/#organization\",\"name\":\"Castrum Grupp O\u00dc\",\"url\":\"https:\\\/\\\/www.castrum.ee\\\/fi\\\/\",\"logo\":{\"@type\":\"ImageObject\",\"inLanguage\":\"fi\",\"@id\":\"https:\\\/\\\/www.castrum.ee\\\/fi\\\/#\\\/schema\\\/logo\\\/image\\\/\",\"url\":\"https:\\\/\\\/www.castrum.ee\\\/wp-content\\\/uploads\\\/2025\\\/03\\\/Castrum-logo-500.png\",\"contentUrl\":\"https:\\\/\\\/www.castrum.ee\\\/wp-content\\\/uploads\\\/2025\\\/03\\\/Castrum-logo-500.png\",\"width\":500,\"height\":250,\"caption\":\"Castrum Grupp O\u00dc\"},\"image\":{\"@id\":\"https:\\\/\\\/www.castrum.ee\\\/fi\\\/#\\\/schema\\\/logo\\\/image\\\/\"},\"sameAs\":[\"https:\\\/\\\/www.facebook.com\\\/castrum.ee\"]}]}<\/script>\n<!-- \/ Yoast SEO plugin. -->","yoast_head_json":{"title":"More 4x4 Turist vaihtoalusta | Toyota Hilux 15+ | Castrum","description":"More 4x4 Turist alumiininen ekspeditsiooni-lavakuomu Toyota Hilux REVO 2015+. Lavakuomu, hardtop ja lavakate \u2013 4 lukittavaa luukkua, kattokaiteet, 254,5 kg.","robots":{"index":"index","follow":"follow","max-snippet":"max-snippet:-1","max-image-preview":"max-image-preview:large","max-video-preview":"max-video-preview:-1"},"canonical":"https:\/\/www.castrum.ee\/fi\/toode\/more-4x4-pickup-vaihtoalusta-turist-toyota-hilux\/","og_locale":"fi_FI","og_type":"article","og_title":"More 4x4 Turist vaihtoalusta | Toyota Hilux 15+ | Castrum","og_description":"More 4x4 Turist alumiininen ekspeditsiooni-lavakuomu Toyota Hilux REVO 2015+. Lavakuomu, hardtop ja lavakate \u2013 4 lukittavaa luukkua, kattokaiteet, 254,5 kg.","og_url":"https:\/\/www.castrum.ee\/fi\/toode\/more-4x4-pickup-vaihtoalusta-turist-toyota-hilux\/","og_site_name":"Castrum","article_publisher":"https:\/\/www.facebook.com\/castrum.ee","og_image":[{"width":800,"height":533,"url":"https:\/\/www.castrum.ee\/wp-content\/uploads\/2026\/03\/zabudowa-turystyczna-pickup-toyota-hilux-revo-bed-replacement-system-more-4x4-.jpg","type":"image\/jpeg"}],"twitter_card":"summary_large_image","twitter_misc":{"Arvioitu lukuaika":"1 minuutti"},"schema":{"@context":"https:\/\/schema.org","@graph":[{"@type":"WebPage","@id":"https:\/\/www.castrum.ee\/fi\/toode\/more-4x4-pickup-vaihtoalusta-turist-toyota-hilux\/","url":"https:\/\/www.castrum.ee\/fi\/toode\/more-4x4-pickup-vaihtoalusta-turist-toyota-hilux\/","name":"More 4x4 Turist vaihtoalusta | Toyota Hilux 15+ | Castrum","isPartOf":{"@id":"https:\/\/www.castrum.ee\/fi\/#website"},"primaryImageOfPage":{"@id":"https:\/\/www.castrum.ee\/fi\/toode\/more-4x4-pickup-vaihtoalusta-turist-toyota-hilux\/#primaryimage"},"image":{"@id":"https:\/\/www.castrum.ee\/fi\/toode\/more-4x4-pickup-vaihtoalusta-turist-toyota-hilux\/#primaryimage"},"thumbnailUrl":"https:\/\/www.castrum.ee\/wp-content\/uploads\/2026\/03\/zabudowa-turystyczna-pickup-toyota-hilux-revo-bed-replacement-system-more-4x4-.jpg","datePublished":"2026-04-29T10:26:01+00:00","description":"More 4x4 Turist alumiininen ekspeditsiooni-lavakuomu Toyota Hilux REVO 2015+. Lavakuomu, hardtop ja lavakate \u2013 4 lukittavaa luukkua, kattokaiteet, 254,5 kg.","breadcrumb":{"@id":"https:\/\/www.castrum.ee\/fi\/toode\/more-4x4-pickup-vaihtoalusta-turist-toyota-hilux\/#breadcrumb"},"inLanguage":"fi","potentialAction":[{"@type":"ReadAction","target":["https:\/\/www.castrum.ee\/fi\/toode\/more-4x4-pickup-vaihtoalusta-turist-toyota-hilux\/"]}]},{"@type":"ImageObject","inLanguage":"fi","@id":"https:\/\/www.castrum.ee\/fi\/toode\/more-4x4-pickup-vaihtoalusta-turist-toyota-hilux\/#primaryimage","url":"https:\/\/www.castrum.ee\/wp-content\/uploads\/2026\/03\/zabudowa-turystyczna-pickup-toyota-hilux-revo-bed-replacement-system-more-4x4-.jpg","contentUrl":"https:\/\/www.castrum.ee\/wp-content\/uploads\/2026\/03\/zabudowa-turystyczna-pickup-toyota-hilux-revo-bed-replacement-system-more-4x4-.jpg","width":800,"height":533},{"@type":"BreadcrumbList","@id":"https:\/\/www.castrum.ee\/fi\/toode\/more-4x4-pickup-vaihtoalusta-turist-toyota-hilux\/#breadcrumb","itemListElement":[{"@type":"ListItem","position":1,"name":"Home","item":"https:\/\/www.castrum.ee\/fi\/kotisivu\/"},{"@type":"ListItem","position":2,"name":"Verkkokauppa","item":"https:\/\/www.castrum.ee\/fi\/kauppa\/"},{"@type":"ListItem","position":3,"name":"More 4&#215;4 pickup vaihtoalusta \u2013 Turist | Toyota Hilux [15+]"}]},{"@type":"WebSite","@id":"https:\/\/www.castrum.ee\/fi\/#website","url":"https:\/\/www.castrum.ee\/fi\/","name":"Castrum","description":"Maasturite, s\u00f5iduautode ja v\u00e4ikebusside lisavarustus","publisher":{"@id":"https:\/\/www.castrum.ee\/fi\/#organization"},"potentialAction":[{"@type":"SearchAction","target":{"@type":"EntryPoint","urlTemplate":"https:\/\/www.castrum.ee\/fi\/?s={search_term_string}"},"query-input":{"@type":"PropertyValueSpecification","valueRequired":true,"valueName":"search_term_string"}}],"inLanguage":"fi"},{"@type":"Organization","@id":"https:\/\/www.castrum.ee\/fi\/#organization","name":"Castrum Grupp O\u00dc","url":"https:\/\/www.castrum.ee\/fi\/","logo":{"@type":"ImageObject","inLanguage":"fi","@id":"https:\/\/www.castrum.ee\/fi\/#\/schema\/logo\/image\/","url":"https:\/\/www.castrum.ee\/wp-content\/uploads\/2025\/03\/Castrum-logo-500.png","contentUrl":"https:\/\/www.castrum.ee\/wp-content\/uploads\/2025\/03\/Castrum-logo-500.png","width":500,"height":250,"caption":"Castrum Grupp O\u00dc"},"image":{"@id":"https:\/\/www.castrum.ee\/fi\/#\/schema\/logo\/image\/"},"sameAs":["https:\/\/www.facebook.com\/castrum.ee"]}]}},"_links":{"self":[{"href":"https:\/\/www.castrum.ee\/fi\/wp-json\/wp\/v2\/product\/79884","targetHints":{"allow":["GET"]}}],"collection":[{"href":"https:\/\/www.castrum.ee\/fi\/wp-json\/wp\/v2\/product"}],"about":[{"href":"https:\/\/www.castrum.ee\/fi\/wp-json\/wp\/v2\/types\/product"}],"wp:featuredmedia":[{"embeddable":true,"href":"https:\/\/www.castrum.ee\/fi\/wp-json\/wp\/v2\/media\/79176"}],"wp:attachment":[{"href":"https:\/\/www.castrum.ee\/fi\/wp-json\/wp\/v2\/media?parent=79884"}],"wp:term":[{"taxonomy":"mark-ja-mudel","embeddable":true,"href":"https:\/\/www.castrum.ee\/fi\/wp-json\/wp\/v2\/mark-ja-mudel?post=79884"},{"taxonomy":"product_brand","embeddable":true,"href":"https:\/\/www.castrum.ee\/fi\/wp-json\/wp\/v2\/product_brand?post=79884"},{"taxonomy":"product_cat","embeddable":true,"href":"https:\/\/www.castrum.ee\/fi\/wp-json\/wp\/v2\/product_cat?post=79884"},{"taxonomy":"product_tag","embeddable":true,"href":"https:\/\/www.castrum.ee\/fi\/wp-json\/wp\/v2\/product_tag?post=79884"}],"curies":[{"name":"wp","href":"https:\/\/api.w.org\/{rel}","templated":true}]}}