{"id":79885,"date":"2026-04-29T13:26:20","date_gmt":"2026-04-29T10:26:20","guid":{"rendered":"https:\/\/www.castrum.ee\/toode\/more-4x4-pickup-lavakate-cargo-toyota-hilux-40ypeo\/"},"modified":"2026-04-29T13:26:20","modified_gmt":"2026-04-29T10:26:20","slug":"more-4x4-pickup-lavakate-cargo-toyota-hilux","status":"publish","type":"product","link":"https:\/\/www.castrum.ee\/fi\/toode\/more-4x4-pickup-lavakate-cargo-toyota-hilux\/","title":{"rendered":"More 4&#215;4 pickup lavakaari varustus \u2013 Cargo | Toyota Hilux [15+]"},"content":{"rendered":"<p><strong>Sopii:<\/strong> Toyota Hilux REVO, 2015+, tupla-kabiini (double cab)<\/p>\n<p>More 4&#215;4 Cargo on suljettu lavakate s\u00e4\u00e4nilyst\u00e4 herkkien kuormien kuljetukseen. Suuri lastatilaa, vaikuttava 3200-litrainen kapasiteetti ja kolmelta puolelta avattavat lukitavat luukut tekev\u00e4t siit\u00e4 ammattilaisten suosiman ratkaisun erityisten mittauslaitteiden tai arvokkaiden rakennuskoneiden kuljettamiseen.<\/p>\n<h4>Rakenne<\/h4>\n<ul>\n<li>Koko rakenne on valmistettu 6, 4 ja 3 mm alumiinista.<\/li>\n<li>Ainoat ter\u00e4st\u00e4 olevat osat ovat 4 mm kiinnityskannakset, jotka k\u00e4ytt\u00e4v\u00e4t ajoneuvon tehdaskinnityskohtia.<\/li>\n<li>Pohjapelti on hitsattavalla tavalla yhdistetty pohjalevy, pituuspalkit ja sivuvarastot \u2013 monoliittinen rakenne.<\/li>\n<li>Yl\u00e4osa on valmistettu 3 mm alumiinista ja varustettu kolmella itsen\u00e4isesti lukittavalla luukulla.<\/li>\n<li>Yl\u00e4osa on irrotettava \u2013 voidaan korvata sivuseinill\u00e4 tai matkailukatolla.<\/li>\n<li>Paino: 234 kg<\/li>\n<\/ul>\n<h4>Edut<\/h4>\n<ul>\n<li>T\u00e4ysin tasainen lastipinta korotetun pohjan ansiosta.<\/li>\n<li>Lastipinta 182 \u00d7 200 cm, kapasiteetti 3200 litraa.<\/li>\n<li>Katto on samalla tasolla kuin Toyotan alkuper\u00e4iskatto; kattoon asennetut kiskot mahdollistavat matkalaukkujen tai matkailutelttien helpon kiinnitt\u00e4misen.<\/li>\n<li>Sivuseinat asennettavissa kahdella tavalla: tiukasti alkuper\u00e4isille renkaille tai laajemmin maastorenkaille.<\/li>\n<\/ul>\n<p><strong>Sarja sis\u00e4lt\u00e4\u00e4:<\/strong> ZAP005 alusrata (takavaloineen) + Cargo yl\u00e4osa.<\/p>\n","protected":false},"excerpt":{"rendered":"<p>More 4&#215;4 suljettu lavakate Toyota Hilux REVO:lle (2015+). Kapasiteetti 3200 l, kolmelta puolelta avattavat lukitavat luukut. Sopii s\u00e4\u00e4nilyst\u00e4 herkkien kuormien kuljetukseen. Paino 234 kg.<\/p>\n","protected":false},"featured_media":79174,"template":"","meta":{"_acf_changed":false},"mark-ja-mudel":[],"product_brand":[1278,1277],"product_cat":[1073],"product_tag":[],"class_list":{"0":"post-79885","1":"product","2":"type-product","3":"status-publish","4":"has-post-thumbnail","6":"product_brand-hilux","7":"product_brand-toyota","8":"product_cat-lavaraudat-ja-lavakannet","10":"first","11":"instock","12":"taxable","13":"shipping-taxable","14":"purchasable","15":"product-type-simple"},"bundled_by":[],"bundle_stock_status":"instock","bundle_stock_quantity":null,"bundle_virtual":false,"bundle_layout":"","bundle_add_to_cart_form_location":"","bundle_editable_in_cart":false,"bundle_sold_individually_context":"","bundle_item_grouping":"","bundle_min_size":"","bundle_max_size":"","bundle_price":[],"bundled_items":[],"bundle_sell_ids":[],"acf":[],"yoast_head":"<!-- This site is optimized with the Yoast SEO plugin v27.3 - https:\/\/yoast.com\/product\/yoast-seo-wordpress\/ -->\n<title>More 4x4 Cargo lavakate | Toyota Hilux [15+] | Castrum<\/title>\n<meta name=\"description\" content=\"More 4x4 Cargo suljettu lavakate Toyota Hilux REVO 2015+ tupla-kabiinitele. 3200 litraa, alumiini, lukitavat luukut ilmastikuntulelle. Maastoautotarvikkeet.\" \/>\n<meta name=\"robots\" content=\"index, follow, max-snippet:-1, max-image-preview:large, max-video-preview:-1\" \/>\n<link rel=\"canonical\" href=\"https:\/\/www.castrum.ee\/fi\/toode\/more-4x4-pickup-lavakate-cargo-toyota-hilux\/\" \/>\n<meta property=\"og:locale\" content=\"fi_FI\" \/>\n<meta property=\"og:type\" content=\"article\" \/>\n<meta property=\"og:title\" content=\"More 4x4 Cargo lavakate | Toyota Hilux [15+] | Castrum\" \/>\n<meta property=\"og:description\" content=\"More 4x4 Cargo suljettu lavakate Toyota Hilux REVO 2015+ tupla-kabiinitele. 3200 litraa, alumiini, lukitavat luukut ilmastikuntulelle. Maastoautotarvikkeet.\" \/>\n<meta property=\"og:url\" content=\"https:\/\/www.castrum.ee\/fi\/toode\/more-4x4-pickup-lavakate-cargo-toyota-hilux\/\" \/>\n<meta property=\"og:site_name\" content=\"Castrum\" \/>\n<meta property=\"article:publisher\" content=\"https:\/\/www.facebook.com\/castrum.ee\" \/>\n<meta property=\"og:image\" content=\"https:\/\/www.castrum.ee\/wp-content\/uploads\/2026\/03\/zabudowa-paki-pickup-toyota-hilux-revo-bed-replacement-more-4x4-cargo.jpg\" \/>\n\t<meta property=\"og:image:width\" content=\"800\" \/>\n\t<meta property=\"og:image:height\" content=\"533\" \/>\n\t<meta property=\"og:image:type\" content=\"image\/jpeg\" \/>\n<meta name=\"twitter:card\" content=\"summary_large_image\" \/>\n<meta name=\"twitter:label1\" content=\"Arvioitu lukuaika\" \/>\n\t<meta name=\"twitter:data1\" content=\"1 minuutti\" \/>\n<script type=\"application\/ld+json\" class=\"yoast-schema-graph\">{\"@context\":\"https:\\\/\\\/schema.org\",\"@graph\":[{\"@type\":\"WebPage\",\"@id\":\"https:\\\/\\\/www.castrum.ee\\\/fi\\\/toode\\\/more-4x4-pickup-lavakate-cargo-toyota-hilux\\\/\",\"url\":\"https:\\\/\\\/www.castrum.ee\\\/fi\\\/toode\\\/more-4x4-pickup-lavakate-cargo-toyota-hilux\\\/\",\"name\":\"More 4x4 Cargo lavakate | Toyota Hilux [15+] | Castrum\",\"isPartOf\":{\"@id\":\"https:\\\/\\\/www.castrum.ee\\\/fi\\\/#website\"},\"primaryImageOfPage\":{\"@id\":\"https:\\\/\\\/www.castrum.ee\\\/fi\\\/toode\\\/more-4x4-pickup-lavakate-cargo-toyota-hilux\\\/#primaryimage\"},\"image\":{\"@id\":\"https:\\\/\\\/www.castrum.ee\\\/fi\\\/toode\\\/more-4x4-pickup-lavakate-cargo-toyota-hilux\\\/#primaryimage\"},\"thumbnailUrl\":\"https:\\\/\\\/www.castrum.ee\\\/wp-content\\\/uploads\\\/2026\\\/03\\\/zabudowa-paki-pickup-toyota-hilux-revo-bed-replacement-more-4x4-cargo.jpg\",\"datePublished\":\"2026-04-29T10:26:20+00:00\",\"description\":\"More 4x4 Cargo suljettu lavakate Toyota Hilux REVO 2015+ tupla-kabiinitele. 3200 litraa, alumiini, lukitavat luukut ilmastikuntulelle. Maastoautotarvikkeet.\",\"breadcrumb\":{\"@id\":\"https:\\\/\\\/www.castrum.ee\\\/fi\\\/toode\\\/more-4x4-pickup-lavakate-cargo-toyota-hilux\\\/#breadcrumb\"},\"inLanguage\":\"fi\",\"potentialAction\":[{\"@type\":\"ReadAction\",\"target\":[\"https:\\\/\\\/www.castrum.ee\\\/fi\\\/toode\\\/more-4x4-pickup-lavakate-cargo-toyota-hilux\\\/\"]}]},{\"@type\":\"ImageObject\",\"inLanguage\":\"fi\",\"@id\":\"https:\\\/\\\/www.castrum.ee\\\/fi\\\/toode\\\/more-4x4-pickup-lavakate-cargo-toyota-hilux\\\/#primaryimage\",\"url\":\"https:\\\/\\\/www.castrum.ee\\\/wp-content\\\/uploads\\\/2026\\\/03\\\/zabudowa-paki-pickup-toyota-hilux-revo-bed-replacement-more-4x4-cargo.jpg\",\"contentUrl\":\"https:\\\/\\\/www.castrum.ee\\\/wp-content\\\/uploads\\\/2026\\\/03\\\/zabudowa-paki-pickup-toyota-hilux-revo-bed-replacement-more-4x4-cargo.jpg\",\"width\":800,\"height\":533},{\"@type\":\"BreadcrumbList\",\"@id\":\"https:\\\/\\\/www.castrum.ee\\\/fi\\\/toode\\\/more-4x4-pickup-lavakate-cargo-toyota-hilux\\\/#breadcrumb\",\"itemListElement\":[{\"@type\":\"ListItem\",\"position\":1,\"name\":\"Home\",\"item\":\"https:\\\/\\\/www.castrum.ee\\\/fi\\\/kotisivu\\\/\"},{\"@type\":\"ListItem\",\"position\":2,\"name\":\"Verkkokauppa\",\"item\":\"https:\\\/\\\/www.castrum.ee\\\/fi\\\/kauppa\\\/\"},{\"@type\":\"ListItem\",\"position\":3,\"name\":\"More 4&#215;4 pickup lavakaari varustus \u2013 Cargo | Toyota Hilux [15+]\"}]},{\"@type\":\"WebSite\",\"@id\":\"https:\\\/\\\/www.castrum.ee\\\/fi\\\/#website\",\"url\":\"https:\\\/\\\/www.castrum.ee\\\/fi\\\/\",\"name\":\"Castrum\",\"description\":\"Maasturite, s\u00f5iduautode ja v\u00e4ikebusside lisavarustus\",\"publisher\":{\"@id\":\"https:\\\/\\\/www.castrum.ee\\\/fi\\\/#organization\"},\"potentialAction\":[{\"@type\":\"SearchAction\",\"target\":{\"@type\":\"EntryPoint\",\"urlTemplate\":\"https:\\\/\\\/www.castrum.ee\\\/fi\\\/?s={search_term_string}\"},\"query-input\":{\"@type\":\"PropertyValueSpecification\",\"valueRequired\":true,\"valueName\":\"search_term_string\"}}],\"inLanguage\":\"fi\"},{\"@type\":\"Organization\",\"@id\":\"https:\\\/\\\/www.castrum.ee\\\/fi\\\/#organization\",\"name\":\"Castrum Grupp O\u00dc\",\"url\":\"https:\\\/\\\/www.castrum.ee\\\/fi\\\/\",\"logo\":{\"@type\":\"ImageObject\",\"inLanguage\":\"fi\",\"@id\":\"https:\\\/\\\/www.castrum.ee\\\/fi\\\/#\\\/schema\\\/logo\\\/image\\\/\",\"url\":\"https:\\\/\\\/www.castrum.ee\\\/wp-content\\\/uploads\\\/2025\\\/03\\\/Castrum-logo-500.png\",\"contentUrl\":\"https:\\\/\\\/www.castrum.ee\\\/wp-content\\\/uploads\\\/2025\\\/03\\\/Castrum-logo-500.png\",\"width\":500,\"height\":250,\"caption\":\"Castrum Grupp O\u00dc\"},\"image\":{\"@id\":\"https:\\\/\\\/www.castrum.ee\\\/fi\\\/#\\\/schema\\\/logo\\\/image\\\/\"},\"sameAs\":[\"https:\\\/\\\/www.facebook.com\\\/castrum.ee\"]}]}<\/script>\n<!-- \/ Yoast SEO plugin. -->","yoast_head_json":{"title":"More 4x4 Cargo lavakate | Toyota Hilux [15+] | Castrum","description":"More 4x4 Cargo suljettu lavakate Toyota Hilux REVO 2015+ tupla-kabiinitele. 3200 litraa, alumiini, lukitavat luukut ilmastikuntulelle. Maastoautotarvikkeet.","robots":{"index":"index","follow":"follow","max-snippet":"max-snippet:-1","max-image-preview":"max-image-preview:large","max-video-preview":"max-video-preview:-1"},"canonical":"https:\/\/www.castrum.ee\/fi\/toode\/more-4x4-pickup-lavakate-cargo-toyota-hilux\/","og_locale":"fi_FI","og_type":"article","og_title":"More 4x4 Cargo lavakate | Toyota Hilux [15+] | Castrum","og_description":"More 4x4 Cargo suljettu lavakate Toyota Hilux REVO 2015+ tupla-kabiinitele. 3200 litraa, alumiini, lukitavat luukut ilmastikuntulelle. Maastoautotarvikkeet.","og_url":"https:\/\/www.castrum.ee\/fi\/toode\/more-4x4-pickup-lavakate-cargo-toyota-hilux\/","og_site_name":"Castrum","article_publisher":"https:\/\/www.facebook.com\/castrum.ee","og_image":[{"width":800,"height":533,"url":"https:\/\/www.castrum.ee\/wp-content\/uploads\/2026\/03\/zabudowa-paki-pickup-toyota-hilux-revo-bed-replacement-more-4x4-cargo.jpg","type":"image\/jpeg"}],"twitter_card":"summary_large_image","twitter_misc":{"Arvioitu lukuaika":"1 minuutti"},"schema":{"@context":"https:\/\/schema.org","@graph":[{"@type":"WebPage","@id":"https:\/\/www.castrum.ee\/fi\/toode\/more-4x4-pickup-lavakate-cargo-toyota-hilux\/","url":"https:\/\/www.castrum.ee\/fi\/toode\/more-4x4-pickup-lavakate-cargo-toyota-hilux\/","name":"More 4x4 Cargo lavakate | Toyota Hilux [15+] | Castrum","isPartOf":{"@id":"https:\/\/www.castrum.ee\/fi\/#website"},"primaryImageOfPage":{"@id":"https:\/\/www.castrum.ee\/fi\/toode\/more-4x4-pickup-lavakate-cargo-toyota-hilux\/#primaryimage"},"image":{"@id":"https:\/\/www.castrum.ee\/fi\/toode\/more-4x4-pickup-lavakate-cargo-toyota-hilux\/#primaryimage"},"thumbnailUrl":"https:\/\/www.castrum.ee\/wp-content\/uploads\/2026\/03\/zabudowa-paki-pickup-toyota-hilux-revo-bed-replacement-more-4x4-cargo.jpg","datePublished":"2026-04-29T10:26:20+00:00","description":"More 4x4 Cargo suljettu lavakate Toyota Hilux REVO 2015+ tupla-kabiinitele. 3200 litraa, alumiini, lukitavat luukut ilmastikuntulelle. Maastoautotarvikkeet.","breadcrumb":{"@id":"https:\/\/www.castrum.ee\/fi\/toode\/more-4x4-pickup-lavakate-cargo-toyota-hilux\/#breadcrumb"},"inLanguage":"fi","potentialAction":[{"@type":"ReadAction","target":["https:\/\/www.castrum.ee\/fi\/toode\/more-4x4-pickup-lavakate-cargo-toyota-hilux\/"]}]},{"@type":"ImageObject","inLanguage":"fi","@id":"https:\/\/www.castrum.ee\/fi\/toode\/more-4x4-pickup-lavakate-cargo-toyota-hilux\/#primaryimage","url":"https:\/\/www.castrum.ee\/wp-content\/uploads\/2026\/03\/zabudowa-paki-pickup-toyota-hilux-revo-bed-replacement-more-4x4-cargo.jpg","contentUrl":"https:\/\/www.castrum.ee\/wp-content\/uploads\/2026\/03\/zabudowa-paki-pickup-toyota-hilux-revo-bed-replacement-more-4x4-cargo.jpg","width":800,"height":533},{"@type":"BreadcrumbList","@id":"https:\/\/www.castrum.ee\/fi\/toode\/more-4x4-pickup-lavakate-cargo-toyota-hilux\/#breadcrumb","itemListElement":[{"@type":"ListItem","position":1,"name":"Home","item":"https:\/\/www.castrum.ee\/fi\/kotisivu\/"},{"@type":"ListItem","position":2,"name":"Verkkokauppa","item":"https:\/\/www.castrum.ee\/fi\/kauppa\/"},{"@type":"ListItem","position":3,"name":"More 4&#215;4 pickup lavakaari varustus \u2013 Cargo | Toyota Hilux [15+]"}]},{"@type":"WebSite","@id":"https:\/\/www.castrum.ee\/fi\/#website","url":"https:\/\/www.castrum.ee\/fi\/","name":"Castrum","description":"Maasturite, s\u00f5iduautode ja v\u00e4ikebusside lisavarustus","publisher":{"@id":"https:\/\/www.castrum.ee\/fi\/#organization"},"potentialAction":[{"@type":"SearchAction","target":{"@type":"EntryPoint","urlTemplate":"https:\/\/www.castrum.ee\/fi\/?s={search_term_string}"},"query-input":{"@type":"PropertyValueSpecification","valueRequired":true,"valueName":"search_term_string"}}],"inLanguage":"fi"},{"@type":"Organization","@id":"https:\/\/www.castrum.ee\/fi\/#organization","name":"Castrum Grupp O\u00dc","url":"https:\/\/www.castrum.ee\/fi\/","logo":{"@type":"ImageObject","inLanguage":"fi","@id":"https:\/\/www.castrum.ee\/fi\/#\/schema\/logo\/image\/","url":"https:\/\/www.castrum.ee\/wp-content\/uploads\/2025\/03\/Castrum-logo-500.png","contentUrl":"https:\/\/www.castrum.ee\/wp-content\/uploads\/2025\/03\/Castrum-logo-500.png","width":500,"height":250,"caption":"Castrum Grupp O\u00dc"},"image":{"@id":"https:\/\/www.castrum.ee\/fi\/#\/schema\/logo\/image\/"},"sameAs":["https:\/\/www.facebook.com\/castrum.ee"]}]}},"_links":{"self":[{"href":"https:\/\/www.castrum.ee\/fi\/wp-json\/wp\/v2\/product\/79885","targetHints":{"allow":["GET"]}}],"collection":[{"href":"https:\/\/www.castrum.ee\/fi\/wp-json\/wp\/v2\/product"}],"about":[{"href":"https:\/\/www.castrum.ee\/fi\/wp-json\/wp\/v2\/types\/product"}],"wp:featuredmedia":[{"embeddable":true,"href":"https:\/\/www.castrum.ee\/fi\/wp-json\/wp\/v2\/media\/79174"}],"wp:attachment":[{"href":"https:\/\/www.castrum.ee\/fi\/wp-json\/wp\/v2\/media?parent=79885"}],"wp:term":[{"taxonomy":"mark-ja-mudel","embeddable":true,"href":"https:\/\/www.castrum.ee\/fi\/wp-json\/wp\/v2\/mark-ja-mudel?post=79885"},{"taxonomy":"product_brand","embeddable":true,"href":"https:\/\/www.castrum.ee\/fi\/wp-json\/wp\/v2\/product_brand?post=79885"},{"taxonomy":"product_cat","embeddable":true,"href":"https:\/\/www.castrum.ee\/fi\/wp-json\/wp\/v2\/product_cat?post=79885"},{"taxonomy":"product_tag","embeddable":true,"href":"https:\/\/www.castrum.ee\/fi\/wp-json\/wp\/v2\/product_tag?post=79885"}],"curies":[{"name":"wp","href":"https:\/\/api.w.org\/{rel}","templated":true}]}}