{"id":79886,"date":"2026-04-29T13:26:36","date_gmt":"2026-04-29T10:26:36","guid":{"rendered":"https:\/\/www.castrum.ee\/toode\/more-4x4-pickup-lavavaihtojarjestelma-flatbed-sivuseinilla-ja-pitkakantajilla-omhind\/"},"modified":"2026-04-29T13:26:36","modified_gmt":"2026-04-29T10:26:36","slug":"more-4x4-pickup-lavavaihtojarjestelma-flatbed-sivuseinilla-ja-pitkakantajilla","status":"publish","type":"product","link":"https:\/\/www.castrum.ee\/fi\/toode\/more-4x4-pickup-lavavaihtojarjestelma-flatbed-sivuseinilla-ja-pitkakantajilla\/","title":{"rendered":"More 4&#215;4 pickup lavavaihtoj\u00e4rjestelm\u00e4 \u2013 Flatbed sivuseinill\u00e4 ja pitk\u00e4kantajilla | Toyota Hilux [15+]"},"content":{"rendered":"<p><strong>Sopii:<\/strong> Toyota Hilux REVO, 2015+, kaksoiskaappi (double cab)<\/p>\n<p>More 4&#215;4 Flatbed sivuseinill\u00e4 ja pitk\u00e4kantajilla yhdist\u00e4\u00e4 laajan lastatavuuden, t\u00e4ysin avattavat sivuseinat ja poikkikiskot pitkien esineiden kuljettamiseen. Poikkikiskot suojaavat my\u00f6s ajoneuvon kaappin takaikkuna.<\/p>\n<h4>Rakentaminen<\/h4>\n<ul>\n<li>Kokonainen rakenne on valmistettu 6, 4 ja 3 mm alumiinista.<\/li>\n<li>Ainoat ter\u00e4sosat ovat 4 mm kiinnityskannakset, jotka k\u00e4ytt\u00e4v\u00e4t ajoneuvon tehtaankiinnityspisteit\u00e4.<\/li>\n<li>Lattiakisko on hitsattu lattialevy, pitk\u00e4kiskot ja sivus\u00e4ili\u00f6t \u2013 monoliitin rakenne on paljon kest\u00e4v\u00e4mpi kuin niiteill\u00e4 tai ruuveilla kiinnitetyt tuotteet.<\/li>\n<li>ALCO-j\u00e4rjestelm\u00e4n alumiinisivuseinat, joiden korkeus on 30 cm, pylv\u00e4\u00e4vapaa j\u00e4rjestelm\u00e4, t\u00e4ysin avattavat.<\/li>\n<li>Poikkikiskot mahdollistavat pitkien esineiden (putket, tikkaat jne.) kuljetuksen ja suojaavat kaappin takaikkuna.<\/li>\n<li>Paino: 197 kg<\/li>\n<\/ul>\n<h4>Edut<\/h4>\n<ul>\n<li>T\u00e4ysin tasainen lavapinta korotetun lattian ansiosta.<\/li>\n<li>Lavapinta 182 \u00d7 200 cm \u2013 suurempi kuin alkuper\u00e4inen lava.<\/li>\n<li>Sivuseinat ovat irrotettavissa \u2013 voidaan vaihtaa rahti- tai matkailusuojaukseen.<\/li>\n<li>Kolme lukittavaa s\u00e4ili\u00f6t\u00e4.<\/li>\n<li>Kylkiputket voidaan asentaa kahdella tavalla: kapea alkuper\u00e4isille renkaille tai leve\u00e4 off-road-renkaille.<\/li>\n<\/ul>\n<p>Suunniteltu ja valmistettu Puolassa.<\/p>\n","protected":false},"excerpt":{"rendered":"<p>More 4&#215;4 pickup lavavaihtoj\u00e4rjestelm\u00e4 Toyota Hilux REVO:lle (2015+) sivuseinill\u00e4 ja pitk\u00e4kantajilla. Mahdollistaa pitkien esineiden kuljetuksen ja suojaaa kaappia. Lavapinta 182\u00d7200 cm, paino 197 kg.<\/p>\n","protected":false},"featured_media":79158,"template":"","meta":{"_acf_changed":false},"mark-ja-mudel":[],"product_brand":[1278,1277],"product_cat":[1073],"product_tag":[],"class_list":{"0":"post-79886","1":"product","2":"type-product","3":"status-publish","4":"has-post-thumbnail","6":"product_brand-hilux","7":"product_brand-toyota","8":"product_cat-lavaraudat-ja-lavakannet","10":"first","11":"instock","12":"taxable","13":"shipping-taxable","14":"purchasable","15":"product-type-simple"},"bundled_by":[],"bundle_stock_status":"instock","bundle_stock_quantity":null,"bundle_virtual":false,"bundle_layout":"","bundle_add_to_cart_form_location":"","bundle_editable_in_cart":false,"bundle_sold_individually_context":"","bundle_item_grouping":"","bundle_min_size":"","bundle_max_size":"","bundle_price":[],"bundled_items":[],"bundle_sell_ids":[],"acf":[],"yoast_head":"<!-- This site is optimized with the Yoast SEO plugin v27.3 - https:\/\/yoast.com\/product\/yoast-seo-wordpress\/ -->\n<title>More 4x4 pickup lavavaihtoj\u00e4rjestelm\u00e4 | Toyota Hilux [15+] | Castrum<\/title>\n<meta name=\"description\" content=\"More 4x4 pickup lavavaihtoj\u00e4rjestelm\u00e4 sivuseinill\u00e4 ja pitk\u00e4kantajilla Toyota Hilux [15+]:lle. Lavakaari, lavakate ja varusteet maastoautoihin.\" \/>\n<meta name=\"robots\" content=\"index, follow, max-snippet:-1, max-image-preview:large, max-video-preview:-1\" \/>\n<link rel=\"canonical\" href=\"https:\/\/www.castrum.ee\/fi\/toode\/more-4x4-pickup-lavavaihtojarjestelma-flatbed-sivuseinilla-ja-pitkakantajilla\/\" \/>\n<meta property=\"og:locale\" content=\"fi_FI\" \/>\n<meta property=\"og:type\" content=\"article\" \/>\n<meta property=\"og:title\" content=\"More 4x4 pickup lavavaihtoj\u00e4rjestelm\u00e4 | Toyota Hilux [15+] | Castrum\" \/>\n<meta property=\"og:description\" content=\"More 4x4 pickup lavavaihtoj\u00e4rjestelm\u00e4 sivuseinill\u00e4 ja pitk\u00e4kantajilla Toyota Hilux [15+]:lle. Lavakaari, lavakate ja varusteet maastoautoihin.\" \/>\n<meta property=\"og:url\" content=\"https:\/\/www.castrum.ee\/fi\/toode\/more-4x4-pickup-lavavaihtojarjestelma-flatbed-sivuseinilla-ja-pitkakantajilla\/\" \/>\n<meta property=\"og:site_name\" content=\"Castrum\" \/>\n<meta property=\"article:publisher\" content=\"https:\/\/www.facebook.com\/castrum.ee\" \/>\n<meta property=\"og:image\" content=\"https:\/\/www.castrum.ee\/wp-content\/uploads\/2026\/03\/zabudowa-transportowa-pickup-toyota-hilux-revo-flatbed-more-4x4-z-burtami-i-podporami.jpg\" \/>\n\t<meta property=\"og:image:width\" content=\"800\" \/>\n\t<meta property=\"og:image:height\" content=\"533\" \/>\n\t<meta property=\"og:image:type\" content=\"image\/jpeg\" \/>\n<meta name=\"twitter:card\" content=\"summary_large_image\" \/>\n<meta name=\"twitter:label1\" content=\"Arvioitu lukuaika\" \/>\n\t<meta name=\"twitter:data1\" content=\"1 minuutti\" \/>\n<script type=\"application\/ld+json\" class=\"yoast-schema-graph\">{\"@context\":\"https:\\\/\\\/schema.org\",\"@graph\":[{\"@type\":\"WebPage\",\"@id\":\"https:\\\/\\\/www.castrum.ee\\\/fi\\\/toode\\\/more-4x4-pickup-lavavaihtojarjestelma-flatbed-sivuseinilla-ja-pitkakantajilla\\\/\",\"url\":\"https:\\\/\\\/www.castrum.ee\\\/fi\\\/toode\\\/more-4x4-pickup-lavavaihtojarjestelma-flatbed-sivuseinilla-ja-pitkakantajilla\\\/\",\"name\":\"More 4x4 pickup lavavaihtoj\u00e4rjestelm\u00e4 | Toyota Hilux [15+] | Castrum\",\"isPartOf\":{\"@id\":\"https:\\\/\\\/www.castrum.ee\\\/fi\\\/#website\"},\"primaryImageOfPage\":{\"@id\":\"https:\\\/\\\/www.castrum.ee\\\/fi\\\/toode\\\/more-4x4-pickup-lavavaihtojarjestelma-flatbed-sivuseinilla-ja-pitkakantajilla\\\/#primaryimage\"},\"image\":{\"@id\":\"https:\\\/\\\/www.castrum.ee\\\/fi\\\/toode\\\/more-4x4-pickup-lavavaihtojarjestelma-flatbed-sivuseinilla-ja-pitkakantajilla\\\/#primaryimage\"},\"thumbnailUrl\":\"https:\\\/\\\/www.castrum.ee\\\/wp-content\\\/uploads\\\/2026\\\/03\\\/zabudowa-transportowa-pickup-toyota-hilux-revo-flatbed-more-4x4-z-burtami-i-podporami.jpg\",\"datePublished\":\"2026-04-29T10:26:36+00:00\",\"description\":\"More 4x4 pickup lavavaihtoj\u00e4rjestelm\u00e4 sivuseinill\u00e4 ja pitk\u00e4kantajilla Toyota Hilux [15+]:lle. Lavakaari, lavakate ja varusteet maastoautoihin.\",\"breadcrumb\":{\"@id\":\"https:\\\/\\\/www.castrum.ee\\\/fi\\\/toode\\\/more-4x4-pickup-lavavaihtojarjestelma-flatbed-sivuseinilla-ja-pitkakantajilla\\\/#breadcrumb\"},\"inLanguage\":\"fi\",\"potentialAction\":[{\"@type\":\"ReadAction\",\"target\":[\"https:\\\/\\\/www.castrum.ee\\\/fi\\\/toode\\\/more-4x4-pickup-lavavaihtojarjestelma-flatbed-sivuseinilla-ja-pitkakantajilla\\\/\"]}]},{\"@type\":\"ImageObject\",\"inLanguage\":\"fi\",\"@id\":\"https:\\\/\\\/www.castrum.ee\\\/fi\\\/toode\\\/more-4x4-pickup-lavavaihtojarjestelma-flatbed-sivuseinilla-ja-pitkakantajilla\\\/#primaryimage\",\"url\":\"https:\\\/\\\/www.castrum.ee\\\/wp-content\\\/uploads\\\/2026\\\/03\\\/zabudowa-transportowa-pickup-toyota-hilux-revo-flatbed-more-4x4-z-burtami-i-podporami.jpg\",\"contentUrl\":\"https:\\\/\\\/www.castrum.ee\\\/wp-content\\\/uploads\\\/2026\\\/03\\\/zabudowa-transportowa-pickup-toyota-hilux-revo-flatbed-more-4x4-z-burtami-i-podporami.jpg\",\"width\":800,\"height\":533},{\"@type\":\"BreadcrumbList\",\"@id\":\"https:\\\/\\\/www.castrum.ee\\\/fi\\\/toode\\\/more-4x4-pickup-lavavaihtojarjestelma-flatbed-sivuseinilla-ja-pitkakantajilla\\\/#breadcrumb\",\"itemListElement\":[{\"@type\":\"ListItem\",\"position\":1,\"name\":\"Home\",\"item\":\"https:\\\/\\\/www.castrum.ee\\\/fi\\\/kotisivu\\\/\"},{\"@type\":\"ListItem\",\"position\":2,\"name\":\"Verkkokauppa\",\"item\":\"https:\\\/\\\/www.castrum.ee\\\/fi\\\/kauppa\\\/\"},{\"@type\":\"ListItem\",\"position\":3,\"name\":\"More 4&#215;4 pickup lavavaihtoj\u00e4rjestelm\u00e4 \u2013 Flatbed sivuseinill\u00e4 ja pitk\u00e4kantajilla | Toyota Hilux [15+]\"}]},{\"@type\":\"WebSite\",\"@id\":\"https:\\\/\\\/www.castrum.ee\\\/fi\\\/#website\",\"url\":\"https:\\\/\\\/www.castrum.ee\\\/fi\\\/\",\"name\":\"Castrum\",\"description\":\"Maasturite, s\u00f5iduautode ja v\u00e4ikebusside lisavarustus\",\"publisher\":{\"@id\":\"https:\\\/\\\/www.castrum.ee\\\/fi\\\/#organization\"},\"potentialAction\":[{\"@type\":\"SearchAction\",\"target\":{\"@type\":\"EntryPoint\",\"urlTemplate\":\"https:\\\/\\\/www.castrum.ee\\\/fi\\\/?s={search_term_string}\"},\"query-input\":{\"@type\":\"PropertyValueSpecification\",\"valueRequired\":true,\"valueName\":\"search_term_string\"}}],\"inLanguage\":\"fi\"},{\"@type\":\"Organization\",\"@id\":\"https:\\\/\\\/www.castrum.ee\\\/fi\\\/#organization\",\"name\":\"Castrum Grupp O\u00dc\",\"url\":\"https:\\\/\\\/www.castrum.ee\\\/fi\\\/\",\"logo\":{\"@type\":\"ImageObject\",\"inLanguage\":\"fi\",\"@id\":\"https:\\\/\\\/www.castrum.ee\\\/fi\\\/#\\\/schema\\\/logo\\\/image\\\/\",\"url\":\"https:\\\/\\\/www.castrum.ee\\\/wp-content\\\/uploads\\\/2025\\\/03\\\/Castrum-logo-500.png\",\"contentUrl\":\"https:\\\/\\\/www.castrum.ee\\\/wp-content\\\/uploads\\\/2025\\\/03\\\/Castrum-logo-500.png\",\"width\":500,\"height\":250,\"caption\":\"Castrum Grupp O\u00dc\"},\"image\":{\"@id\":\"https:\\\/\\\/www.castrum.ee\\\/fi\\\/#\\\/schema\\\/logo\\\/image\\\/\"},\"sameAs\":[\"https:\\\/\\\/www.facebook.com\\\/castrum.ee\"]}]}<\/script>\n<!-- \/ Yoast SEO plugin. -->","yoast_head_json":{"title":"More 4x4 pickup lavavaihtoj\u00e4rjestelm\u00e4 | Toyota Hilux [15+] | Castrum","description":"More 4x4 pickup lavavaihtoj\u00e4rjestelm\u00e4 sivuseinill\u00e4 ja pitk\u00e4kantajilla Toyota Hilux [15+]:lle. Lavakaari, lavakate ja varusteet maastoautoihin.","robots":{"index":"index","follow":"follow","max-snippet":"max-snippet:-1","max-image-preview":"max-image-preview:large","max-video-preview":"max-video-preview:-1"},"canonical":"https:\/\/www.castrum.ee\/fi\/toode\/more-4x4-pickup-lavavaihtojarjestelma-flatbed-sivuseinilla-ja-pitkakantajilla\/","og_locale":"fi_FI","og_type":"article","og_title":"More 4x4 pickup lavavaihtoj\u00e4rjestelm\u00e4 | Toyota Hilux [15+] | Castrum","og_description":"More 4x4 pickup lavavaihtoj\u00e4rjestelm\u00e4 sivuseinill\u00e4 ja pitk\u00e4kantajilla Toyota Hilux [15+]:lle. Lavakaari, lavakate ja varusteet maastoautoihin.","og_url":"https:\/\/www.castrum.ee\/fi\/toode\/more-4x4-pickup-lavavaihtojarjestelma-flatbed-sivuseinilla-ja-pitkakantajilla\/","og_site_name":"Castrum","article_publisher":"https:\/\/www.facebook.com\/castrum.ee","og_image":[{"width":800,"height":533,"url":"https:\/\/www.castrum.ee\/wp-content\/uploads\/2026\/03\/zabudowa-transportowa-pickup-toyota-hilux-revo-flatbed-more-4x4-z-burtami-i-podporami.jpg","type":"image\/jpeg"}],"twitter_card":"summary_large_image","twitter_misc":{"Arvioitu lukuaika":"1 minuutti"},"schema":{"@context":"https:\/\/schema.org","@graph":[{"@type":"WebPage","@id":"https:\/\/www.castrum.ee\/fi\/toode\/more-4x4-pickup-lavavaihtojarjestelma-flatbed-sivuseinilla-ja-pitkakantajilla\/","url":"https:\/\/www.castrum.ee\/fi\/toode\/more-4x4-pickup-lavavaihtojarjestelma-flatbed-sivuseinilla-ja-pitkakantajilla\/","name":"More 4x4 pickup lavavaihtoj\u00e4rjestelm\u00e4 | Toyota Hilux [15+] | Castrum","isPartOf":{"@id":"https:\/\/www.castrum.ee\/fi\/#website"},"primaryImageOfPage":{"@id":"https:\/\/www.castrum.ee\/fi\/toode\/more-4x4-pickup-lavavaihtojarjestelma-flatbed-sivuseinilla-ja-pitkakantajilla\/#primaryimage"},"image":{"@id":"https:\/\/www.castrum.ee\/fi\/toode\/more-4x4-pickup-lavavaihtojarjestelma-flatbed-sivuseinilla-ja-pitkakantajilla\/#primaryimage"},"thumbnailUrl":"https:\/\/www.castrum.ee\/wp-content\/uploads\/2026\/03\/zabudowa-transportowa-pickup-toyota-hilux-revo-flatbed-more-4x4-z-burtami-i-podporami.jpg","datePublished":"2026-04-29T10:26:36+00:00","description":"More 4x4 pickup lavavaihtoj\u00e4rjestelm\u00e4 sivuseinill\u00e4 ja pitk\u00e4kantajilla Toyota Hilux [15+]:lle. Lavakaari, lavakate ja varusteet maastoautoihin.","breadcrumb":{"@id":"https:\/\/www.castrum.ee\/fi\/toode\/more-4x4-pickup-lavavaihtojarjestelma-flatbed-sivuseinilla-ja-pitkakantajilla\/#breadcrumb"},"inLanguage":"fi","potentialAction":[{"@type":"ReadAction","target":["https:\/\/www.castrum.ee\/fi\/toode\/more-4x4-pickup-lavavaihtojarjestelma-flatbed-sivuseinilla-ja-pitkakantajilla\/"]}]},{"@type":"ImageObject","inLanguage":"fi","@id":"https:\/\/www.castrum.ee\/fi\/toode\/more-4x4-pickup-lavavaihtojarjestelma-flatbed-sivuseinilla-ja-pitkakantajilla\/#primaryimage","url":"https:\/\/www.castrum.ee\/wp-content\/uploads\/2026\/03\/zabudowa-transportowa-pickup-toyota-hilux-revo-flatbed-more-4x4-z-burtami-i-podporami.jpg","contentUrl":"https:\/\/www.castrum.ee\/wp-content\/uploads\/2026\/03\/zabudowa-transportowa-pickup-toyota-hilux-revo-flatbed-more-4x4-z-burtami-i-podporami.jpg","width":800,"height":533},{"@type":"BreadcrumbList","@id":"https:\/\/www.castrum.ee\/fi\/toode\/more-4x4-pickup-lavavaihtojarjestelma-flatbed-sivuseinilla-ja-pitkakantajilla\/#breadcrumb","itemListElement":[{"@type":"ListItem","position":1,"name":"Home","item":"https:\/\/www.castrum.ee\/fi\/kotisivu\/"},{"@type":"ListItem","position":2,"name":"Verkkokauppa","item":"https:\/\/www.castrum.ee\/fi\/kauppa\/"},{"@type":"ListItem","position":3,"name":"More 4&#215;4 pickup lavavaihtoj\u00e4rjestelm\u00e4 \u2013 Flatbed sivuseinill\u00e4 ja pitk\u00e4kantajilla | Toyota Hilux [15+]"}]},{"@type":"WebSite","@id":"https:\/\/www.castrum.ee\/fi\/#website","url":"https:\/\/www.castrum.ee\/fi\/","name":"Castrum","description":"Maasturite, s\u00f5iduautode ja v\u00e4ikebusside lisavarustus","publisher":{"@id":"https:\/\/www.castrum.ee\/fi\/#organization"},"potentialAction":[{"@type":"SearchAction","target":{"@type":"EntryPoint","urlTemplate":"https:\/\/www.castrum.ee\/fi\/?s={search_term_string}"},"query-input":{"@type":"PropertyValueSpecification","valueRequired":true,"valueName":"search_term_string"}}],"inLanguage":"fi"},{"@type":"Organization","@id":"https:\/\/www.castrum.ee\/fi\/#organization","name":"Castrum Grupp O\u00dc","url":"https:\/\/www.castrum.ee\/fi\/","logo":{"@type":"ImageObject","inLanguage":"fi","@id":"https:\/\/www.castrum.ee\/fi\/#\/schema\/logo\/image\/","url":"https:\/\/www.castrum.ee\/wp-content\/uploads\/2025\/03\/Castrum-logo-500.png","contentUrl":"https:\/\/www.castrum.ee\/wp-content\/uploads\/2025\/03\/Castrum-logo-500.png","width":500,"height":250,"caption":"Castrum Grupp O\u00dc"},"image":{"@id":"https:\/\/www.castrum.ee\/fi\/#\/schema\/logo\/image\/"},"sameAs":["https:\/\/www.facebook.com\/castrum.ee"]}]}},"_links":{"self":[{"href":"https:\/\/www.castrum.ee\/fi\/wp-json\/wp\/v2\/product\/79886","targetHints":{"allow":["GET"]}}],"collection":[{"href":"https:\/\/www.castrum.ee\/fi\/wp-json\/wp\/v2\/product"}],"about":[{"href":"https:\/\/www.castrum.ee\/fi\/wp-json\/wp\/v2\/types\/product"}],"wp:featuredmedia":[{"embeddable":true,"href":"https:\/\/www.castrum.ee\/fi\/wp-json\/wp\/v2\/media\/79158"}],"wp:attachment":[{"href":"https:\/\/www.castrum.ee\/fi\/wp-json\/wp\/v2\/media?parent=79886"}],"wp:term":[{"taxonomy":"mark-ja-mudel","embeddable":true,"href":"https:\/\/www.castrum.ee\/fi\/wp-json\/wp\/v2\/mark-ja-mudel?post=79886"},{"taxonomy":"product_brand","embeddable":true,"href":"https:\/\/www.castrum.ee\/fi\/wp-json\/wp\/v2\/product_brand?post=79886"},{"taxonomy":"product_cat","embeddable":true,"href":"https:\/\/www.castrum.ee\/fi\/wp-json\/wp\/v2\/product_cat?post=79886"},{"taxonomy":"product_tag","embeddable":true,"href":"https:\/\/www.castrum.ee\/fi\/wp-json\/wp\/v2\/product_tag?post=79886"}],"curies":[{"name":"wp","href":"https:\/\/api.w.org\/{rel}","templated":true}]}}