{"id":79893,"date":"2026-04-29T13:29:01","date_gmt":"2026-04-29T10:29:01","guid":{"rendered":"https:\/\/www.castrum.ee\/toode\/kylkiputket-askelmilla-bb005-delux-renault-alaskan-17-aqceji\/"},"modified":"2026-04-29T13:29:01","modified_gmt":"2026-04-29T10:29:01","slug":"kylkiputket-askelmilla-bb005-delux-renault-alaskan-17","status":"publish","type":"product","link":"https:\/\/www.castrum.ee\/fi\/toode\/kylkiputket-askelmilla-bb005-delux-renault-alaskan-17\/","title":{"rendered":"Kylkiputket askelmilla BB005 Delux | Renault Alaskan [17+]"},"content":{"rendered":"<p>Ruostumattomasta ter\u00e4ksest\u00e4 valmistetut kylkiputket, jotka on valmistettu uusimmalla teknologialla (CNC \u2013 laserleikattu), tarjoten ajoneuvollesi paremman suojan ja silmiinpist\u00e4v\u00e4n ulkon\u00e4\u00f6n.<\/p>\n<p><strong>Ominaisuudet<\/strong><\/p>\n<ul>\n<li>Silmiinpist\u00e4v\u00e4 ulkon\u00e4k\u00f6 \u2013 antaa autolle ainutlaatuisen ilmeen.<\/li>\n<li>Valmistettu ruostumattomasta ter\u00e4ksest\u00e4 \u2013 lis\u00e4\u00e4 ajoneuvon suojausta.<\/li>\n<li>Kest\u00e4vyys \u2013 kest\u00e4\u00e4 s\u00e4\u00e4noloja ja kulumista.<\/li>\n<li>Helppo asennus \/ Plug and play \u2013 kylkiputket ovat helposti asennettavissa, sill\u00e4 paketissa on asennusohjeet ja tarvittavat kiinnikkeet. Ajoneuvoa ei tarvitse muokata lis\u00e4ksi \u2013 kylkiputket kiinnitet\u00e4\u00e4n olemassa oleviin kiinnityspaikkoihin.<\/li>\n<\/ul>\n<p><strong>Pakkaus sis\u00e4lt\u00e4\u00e4:<\/strong><\/p>\n<ul>\n<li>Yhden parin kylkiputkia (vasen ja oikea).<\/li>\n<li>Asennukseen tarvittavat kiinnitysosat.<\/li>\n<li>Asennusohjeita.<\/li>\n<\/ul>\n<p><strong>Helppo asentaa:<\/strong>Kylkiputkien asennus on hyvin yksinkertainen, sill\u00e4 paketissa on sek\u00e4 asennusohje ett\u00e4 tarvittavat osat. T\u00e4m\u00e4 poistaa tarpeen ajoneuvon lis\u00e4muutoksille. Kylkiputket asennetaan olemassa oleviin kiinnityspaikkoihin ajoneuvon rungolla tai korin kyljell\u00e4.<strong>Lis\u00e4suoja ajoneuvon korille:<\/strong>Kylkiputket suojaavat ovia ja sivupaneeleja kiveniskuilta, asfalttilastuilta sek\u00e4 ahtaissa paikoissa muiden autojen ovista aiheutuvilta vaurioilta. T\u00e4m\u00e4 on erityisen t\u00e4rke\u00e4\u00e4 sorateill\u00e4 ja maantieill\u00e4. My\u00f6s askelmat suojaavat suuremmilta kivill\u00e4 ja renkaiden alta lent\u00e4vilt\u00e4 esineilt\u00e4.<strong>T\u00e4rke\u00e4\u00e4 tietoa:<\/strong><\/p>\n<ul>\n<li>Joillakin ajoneuvoilla saattaa olla muovisia korkkeja kiinnityspaikkojen reikien peitt\u00e4miseksi, jotka on poistettava ennen kylkiputkien asennusta.<\/li>\n<li>\u00c4l\u00e4 k\u00e4yt\u00e4 metalli-lis\u00e4varusteiden puhdistamiseen auto-puhdistusaineita, jotka sis\u00e4lt\u00e4v\u00e4t TFR-kemikaaleja (Traffic Film Remover), sill\u00e4 n\u00e4m\u00e4 voivat aiheuttaa korroosiota. Puhdistus n\u00e4ill\u00e4 liuottimilla voi mit\u00e4t\u00f6id\u00e4 takuun.<\/li>\n<li>Suositamme voimakkaasti kiinnityksien ja kiinnityksien tarkistamista 7 p\u00e4iv\u00e4\u00e4 ensimm\u00e4isen asennuksen j\u00e4lkeen varmistaakseen, ett\u00e4 ne on kiinnitetty oikein. Turvallisuussyist\u00e4 kaikki osat tulee tarkistaa 3\u20136 kuukauden v\u00e4lein.<\/li>\n<\/ul>\n<p><strong>ARP-br\u00e4ndist\u00e4:<\/strong>ARP on t\u00e4rke\u00e4 toimija auto-osien ja -tarvikkeiden teollisuudessa, tarjoten varaosia ja tarvikkeita 4\u00d74 maastoautoihin, lava-autoihin, henkil\u00f6autoihin, hy\u00f6tyajoneuvoihin ja kuorma-autoihin, sek\u00e4 vanhemmille ett\u00e4 uudemmille malleille. Castrum on ARP-tuotteiden virallinen j\u00e4lleenmyyj\u00e4 Suomessa.<\/p>\n","protected":false},"excerpt":{"rendered":"<p>\u00d8 76 mm ja 1,5 mm sein\u00e4vahvuuden ruostumattomasta ter\u00e4ksest\u00e4 valmistetut kylkiputket askelmilla. Paketissa on kaikki asennukseen tarvittava.<\/p>\n","protected":false},"featured_media":4891,"template":"","meta":{"_acf_changed":false},"mark-ja-mudel":[],"product_brand":[1300,1299],"product_cat":[1066,1068],"product_tag":[],"class_list":{"0":"post-79893","1":"product","2":"type-product","3":"status-publish","4":"has-post-thumbnail","6":"product_brand-alaskan","7":"product_brand-renault","8":"product_cat-astinlaudat-ja-sivusuojat","9":"product_cat-sivuraudat","11":"first","12":"instock","13":"taxable","14":"shipping-taxable","15":"purchasable","16":"product-type-variable"},"bundled_by":[],"bundle_stock_status":"instock","bundle_stock_quantity":null,"bundle_virtual":false,"bundle_layout":"","bundle_add_to_cart_form_location":"","bundle_editable_in_cart":false,"bundle_sold_individually_context":"","bundle_item_grouping":"","bundle_min_size":"","bundle_max_size":"","bundle_price":[],"bundled_items":[],"bundle_sell_ids":[],"acf":[],"yoast_head":"<!-- This site is optimized with the Yoast SEO plugin v27.3 - https:\/\/yoast.com\/product\/yoast-seo-wordpress\/ -->\n<title>Kylkiputket askelmilla BB005 Delux | Renault Alaskan [17+] | Castrum<\/title>\n<meta name=\"description\" content=\"Kylkiputket askelmilla BB005 Delux Renault Alaskan [17+] \u2013 ruostumattomasta ter\u00e4ksest\u00e4. Kylkiputket ja askelmat, lisavarusteet maastoautoille, lava-autoille, pakettiautouille.\" \/>\n<meta name=\"robots\" content=\"index, follow, max-snippet:-1, max-image-preview:large, max-video-preview:-1\" \/>\n<link rel=\"canonical\" href=\"https:\/\/www.castrum.ee\/fi\/toode\/kylkiputket-askelmilla-bb005-delux-renault-alaskan-17\/\" \/>\n<meta property=\"og:locale\" content=\"fi_FI\" \/>\n<meta property=\"og:type\" content=\"article\" \/>\n<meta property=\"og:title\" content=\"Kylkiputket askelmilla BB005 Delux | Renault Alaskan [17+] | Castrum\" \/>\n<meta property=\"og:description\" content=\"Kylkiputket askelmilla BB005 Delux Renault Alaskan [17+] \u2013 ruostumattomasta ter\u00e4ksest\u00e4. Kylkiputket ja askelmat, lisavarusteet maastoautoille, lava-autoille, pakettiautouille.\" \/>\n<meta property=\"og:url\" content=\"https:\/\/www.castrum.ee\/fi\/toode\/kylkiputket-askelmilla-bb005-delux-renault-alaskan-17\/\" \/>\n<meta property=\"og:site_name\" content=\"Castrum\" \/>\n<meta property=\"article:publisher\" content=\"https:\/\/www.facebook.com\/castrum.ee\" \/>\n<meta property=\"og:image\" content=\"https:\/\/www.castrum.ee\/wp-content\/uploads\/2025\/06\/A53D0363-4B37-4ACE-A941-87F393986311.jpeg\" \/>\n\t<meta property=\"og:image:width\" content=\"800\" \/>\n\t<meta property=\"og:image:height\" content=\"600\" \/>\n\t<meta property=\"og:image:type\" content=\"image\/jpeg\" \/>\n<meta name=\"twitter:card\" content=\"summary_large_image\" \/>\n<meta name=\"twitter:label1\" content=\"Arvioitu lukuaika\" \/>\n\t<meta name=\"twitter:data1\" content=\"1 minuutti\" \/>\n<script type=\"application\/ld+json\" class=\"yoast-schema-graph\">{\"@context\":\"https:\\\/\\\/schema.org\",\"@graph\":[{\"@type\":\"WebPage\",\"@id\":\"https:\\\/\\\/www.castrum.ee\\\/fi\\\/toode\\\/kylkiputket-askelmilla-bb005-delux-renault-alaskan-17\\\/\",\"url\":\"https:\\\/\\\/www.castrum.ee\\\/fi\\\/toode\\\/kylkiputket-askelmilla-bb005-delux-renault-alaskan-17\\\/\",\"name\":\"Kylkiputket askelmilla BB005 Delux | Renault Alaskan [17+] | Castrum\",\"isPartOf\":{\"@id\":\"https:\\\/\\\/www.castrum.ee\\\/fi\\\/#website\"},\"primaryImageOfPage\":{\"@id\":\"https:\\\/\\\/www.castrum.ee\\\/fi\\\/toode\\\/kylkiputket-askelmilla-bb005-delux-renault-alaskan-17\\\/#primaryimage\"},\"image\":{\"@id\":\"https:\\\/\\\/www.castrum.ee\\\/fi\\\/toode\\\/kylkiputket-askelmilla-bb005-delux-renault-alaskan-17\\\/#primaryimage\"},\"thumbnailUrl\":\"https:\\\/\\\/www.castrum.ee\\\/wp-content\\\/uploads\\\/2025\\\/06\\\/A53D0363-4B37-4ACE-A941-87F393986311.jpeg\",\"datePublished\":\"2026-04-29T10:29:01+00:00\",\"description\":\"Kylkiputket askelmilla BB005 Delux Renault Alaskan [17+] \u2013 ruostumattomasta ter\u00e4ksest\u00e4. Kylkiputket ja askelmat, lisavarusteet maastoautoille, lava-autoille, pakettiautouille.\",\"breadcrumb\":{\"@id\":\"https:\\\/\\\/www.castrum.ee\\\/fi\\\/toode\\\/kylkiputket-askelmilla-bb005-delux-renault-alaskan-17\\\/#breadcrumb\"},\"inLanguage\":\"fi\",\"potentialAction\":[{\"@type\":\"ReadAction\",\"target\":[\"https:\\\/\\\/www.castrum.ee\\\/fi\\\/toode\\\/kylkiputket-askelmilla-bb005-delux-renault-alaskan-17\\\/\"]}]},{\"@type\":\"ImageObject\",\"inLanguage\":\"fi\",\"@id\":\"https:\\\/\\\/www.castrum.ee\\\/fi\\\/toode\\\/kylkiputket-askelmilla-bb005-delux-renault-alaskan-17\\\/#primaryimage\",\"url\":\"https:\\\/\\\/www.castrum.ee\\\/wp-content\\\/uploads\\\/2025\\\/06\\\/A53D0363-4B37-4ACE-A941-87F393986311.jpeg\",\"contentUrl\":\"https:\\\/\\\/www.castrum.ee\\\/wp-content\\\/uploads\\\/2025\\\/06\\\/A53D0363-4B37-4ACE-A941-87F393986311.jpeg\",\"width\":800,\"height\":600},{\"@type\":\"BreadcrumbList\",\"@id\":\"https:\\\/\\\/www.castrum.ee\\\/fi\\\/toode\\\/kylkiputket-askelmilla-bb005-delux-renault-alaskan-17\\\/#breadcrumb\",\"itemListElement\":[{\"@type\":\"ListItem\",\"position\":1,\"name\":\"Home\",\"item\":\"https:\\\/\\\/www.castrum.ee\\\/fi\\\/kotisivu\\\/\"},{\"@type\":\"ListItem\",\"position\":2,\"name\":\"Verkkokauppa\",\"item\":\"https:\\\/\\\/www.castrum.ee\\\/fi\\\/kauppa\\\/\"},{\"@type\":\"ListItem\",\"position\":3,\"name\":\"Kylkiputket askelmilla BB005 Delux | Renault Alaskan [17+]\"}]},{\"@type\":\"WebSite\",\"@id\":\"https:\\\/\\\/www.castrum.ee\\\/fi\\\/#website\",\"url\":\"https:\\\/\\\/www.castrum.ee\\\/fi\\\/\",\"name\":\"Castrum\",\"description\":\"Maastoautojen, henkil\u00f6autojen ja pienvaunujen lis\u00e4varusteet\",\"publisher\":{\"@id\":\"https:\\\/\\\/www.castrum.ee\\\/fi\\\/#organization\"},\"potentialAction\":[{\"@type\":\"SearchAction\",\"target\":{\"@type\":\"EntryPoint\",\"urlTemplate\":\"https:\\\/\\\/www.castrum.ee\\\/fi\\\/?s={search_term_string}\"},\"query-input\":{\"@type\":\"PropertyValueSpecification\",\"valueRequired\":true,\"valueName\":\"search_term_string\"}}],\"inLanguage\":\"fi\"},{\"@type\":\"Organization\",\"@id\":\"https:\\\/\\\/www.castrum.ee\\\/fi\\\/#organization\",\"name\":\"Castrum Grupp O\u00dc\",\"url\":\"https:\\\/\\\/www.castrum.ee\\\/fi\\\/\",\"logo\":{\"@type\":\"ImageObject\",\"inLanguage\":\"fi\",\"@id\":\"https:\\\/\\\/www.castrum.ee\\\/fi\\\/#\\\/schema\\\/logo\\\/image\\\/\",\"url\":\"https:\\\/\\\/www.castrum.ee\\\/wp-content\\\/uploads\\\/2025\\\/03\\\/Castrum-logo-500.png\",\"contentUrl\":\"https:\\\/\\\/www.castrum.ee\\\/wp-content\\\/uploads\\\/2025\\\/03\\\/Castrum-logo-500.png\",\"width\":500,\"height\":250,\"caption\":\"Castrum Grupp O\u00dc\"},\"image\":{\"@id\":\"https:\\\/\\\/www.castrum.ee\\\/fi\\\/#\\\/schema\\\/logo\\\/image\\\/\"},\"sameAs\":[\"https:\\\/\\\/www.facebook.com\\\/castrum.ee\"]}]}<\/script>\n<!-- \/ Yoast SEO plugin. -->","yoast_head_json":{"title":"Kylkiputket askelmilla BB005 Delux | Renault Alaskan [17+] | Castrum","description":"Kylkiputket askelmilla BB005 Delux Renault Alaskan [17+] \u2013 ruostumattomasta ter\u00e4ksest\u00e4. Kylkiputket ja askelmat, lisavarusteet maastoautoille, lava-autoille, pakettiautouille.","robots":{"index":"index","follow":"follow","max-snippet":"max-snippet:-1","max-image-preview":"max-image-preview:large","max-video-preview":"max-video-preview:-1"},"canonical":"https:\/\/www.castrum.ee\/fi\/toode\/kylkiputket-askelmilla-bb005-delux-renault-alaskan-17\/","og_locale":"fi_FI","og_type":"article","og_title":"Kylkiputket askelmilla BB005 Delux | Renault Alaskan [17+] | Castrum","og_description":"Kylkiputket askelmilla BB005 Delux Renault Alaskan [17+] \u2013 ruostumattomasta ter\u00e4ksest\u00e4. Kylkiputket ja askelmat, lisavarusteet maastoautoille, lava-autoille, pakettiautouille.","og_url":"https:\/\/www.castrum.ee\/fi\/toode\/kylkiputket-askelmilla-bb005-delux-renault-alaskan-17\/","og_site_name":"Castrum","article_publisher":"https:\/\/www.facebook.com\/castrum.ee","og_image":[{"width":800,"height":600,"url":"https:\/\/www.castrum.ee\/wp-content\/uploads\/2025\/06\/A53D0363-4B37-4ACE-A941-87F393986311.jpeg","type":"image\/jpeg"}],"twitter_card":"summary_large_image","twitter_misc":{"Arvioitu lukuaika":"1 minuutti"},"schema":{"@context":"https:\/\/schema.org","@graph":[{"@type":"WebPage","@id":"https:\/\/www.castrum.ee\/fi\/toode\/kylkiputket-askelmilla-bb005-delux-renault-alaskan-17\/","url":"https:\/\/www.castrum.ee\/fi\/toode\/kylkiputket-askelmilla-bb005-delux-renault-alaskan-17\/","name":"Kylkiputket askelmilla BB005 Delux | Renault Alaskan [17+] | Castrum","isPartOf":{"@id":"https:\/\/www.castrum.ee\/fi\/#website"},"primaryImageOfPage":{"@id":"https:\/\/www.castrum.ee\/fi\/toode\/kylkiputket-askelmilla-bb005-delux-renault-alaskan-17\/#primaryimage"},"image":{"@id":"https:\/\/www.castrum.ee\/fi\/toode\/kylkiputket-askelmilla-bb005-delux-renault-alaskan-17\/#primaryimage"},"thumbnailUrl":"https:\/\/www.castrum.ee\/wp-content\/uploads\/2025\/06\/A53D0363-4B37-4ACE-A941-87F393986311.jpeg","datePublished":"2026-04-29T10:29:01+00:00","description":"Kylkiputket askelmilla BB005 Delux Renault Alaskan [17+] \u2013 ruostumattomasta ter\u00e4ksest\u00e4. Kylkiputket ja askelmat, lisavarusteet maastoautoille, lava-autoille, pakettiautouille.","breadcrumb":{"@id":"https:\/\/www.castrum.ee\/fi\/toode\/kylkiputket-askelmilla-bb005-delux-renault-alaskan-17\/#breadcrumb"},"inLanguage":"fi","potentialAction":[{"@type":"ReadAction","target":["https:\/\/www.castrum.ee\/fi\/toode\/kylkiputket-askelmilla-bb005-delux-renault-alaskan-17\/"]}]},{"@type":"ImageObject","inLanguage":"fi","@id":"https:\/\/www.castrum.ee\/fi\/toode\/kylkiputket-askelmilla-bb005-delux-renault-alaskan-17\/#primaryimage","url":"https:\/\/www.castrum.ee\/wp-content\/uploads\/2025\/06\/A53D0363-4B37-4ACE-A941-87F393986311.jpeg","contentUrl":"https:\/\/www.castrum.ee\/wp-content\/uploads\/2025\/06\/A53D0363-4B37-4ACE-A941-87F393986311.jpeg","width":800,"height":600},{"@type":"BreadcrumbList","@id":"https:\/\/www.castrum.ee\/fi\/toode\/kylkiputket-askelmilla-bb005-delux-renault-alaskan-17\/#breadcrumb","itemListElement":[{"@type":"ListItem","position":1,"name":"Home","item":"https:\/\/www.castrum.ee\/fi\/kotisivu\/"},{"@type":"ListItem","position":2,"name":"Verkkokauppa","item":"https:\/\/www.castrum.ee\/fi\/kauppa\/"},{"@type":"ListItem","position":3,"name":"Kylkiputket askelmilla BB005 Delux | Renault Alaskan [17+]"}]},{"@type":"WebSite","@id":"https:\/\/www.castrum.ee\/fi\/#website","url":"https:\/\/www.castrum.ee\/fi\/","name":"Castrum","description":"Maastoautojen, henkil\u00f6autojen ja pienvaunujen lis\u00e4varusteet","publisher":{"@id":"https:\/\/www.castrum.ee\/fi\/#organization"},"potentialAction":[{"@type":"SearchAction","target":{"@type":"EntryPoint","urlTemplate":"https:\/\/www.castrum.ee\/fi\/?s={search_term_string}"},"query-input":{"@type":"PropertyValueSpecification","valueRequired":true,"valueName":"search_term_string"}}],"inLanguage":"fi"},{"@type":"Organization","@id":"https:\/\/www.castrum.ee\/fi\/#organization","name":"Castrum Grupp O\u00dc","url":"https:\/\/www.castrum.ee\/fi\/","logo":{"@type":"ImageObject","inLanguage":"fi","@id":"https:\/\/www.castrum.ee\/fi\/#\/schema\/logo\/image\/","url":"https:\/\/www.castrum.ee\/wp-content\/uploads\/2025\/03\/Castrum-logo-500.png","contentUrl":"https:\/\/www.castrum.ee\/wp-content\/uploads\/2025\/03\/Castrum-logo-500.png","width":500,"height":250,"caption":"Castrum Grupp O\u00dc"},"image":{"@id":"https:\/\/www.castrum.ee\/fi\/#\/schema\/logo\/image\/"},"sameAs":["https:\/\/www.facebook.com\/castrum.ee"]}]}},"_links":{"self":[{"href":"https:\/\/www.castrum.ee\/fi\/wp-json\/wp\/v2\/product\/79893","targetHints":{"allow":["GET"]}}],"collection":[{"href":"https:\/\/www.castrum.ee\/fi\/wp-json\/wp\/v2\/product"}],"about":[{"href":"https:\/\/www.castrum.ee\/fi\/wp-json\/wp\/v2\/types\/product"}],"wp:featuredmedia":[{"embeddable":true,"href":"https:\/\/www.castrum.ee\/fi\/wp-json\/wp\/v2\/media\/4891"}],"wp:attachment":[{"href":"https:\/\/www.castrum.ee\/fi\/wp-json\/wp\/v2\/media?parent=79893"}],"wp:term":[{"taxonomy":"mark-ja-mudel","embeddable":true,"href":"https:\/\/www.castrum.ee\/fi\/wp-json\/wp\/v2\/mark-ja-mudel?post=79893"},{"taxonomy":"product_brand","embeddable":true,"href":"https:\/\/www.castrum.ee\/fi\/wp-json\/wp\/v2\/product_brand?post=79893"},{"taxonomy":"product_cat","embeddable":true,"href":"https:\/\/www.castrum.ee\/fi\/wp-json\/wp\/v2\/product_cat?post=79893"},{"taxonomy":"product_tag","embeddable":true,"href":"https:\/\/www.castrum.ee\/fi\/wp-json\/wp\/v2\/product_tag?post=79893"}],"curies":[{"name":"wp","href":"https:\/\/api.w.org\/{rel}","templated":true}]}}