{"id":79895,"date":"2026-04-29T13:29:35","date_gmt":"2026-04-29T10:29:35","guid":{"rendered":"https:\/\/www.castrum.ee\/toode\/kylkiputket-bb004-arena-citroen-jumpy-17-8pk8sp\/"},"modified":"2026-04-29T13:29:35","modified_gmt":"2026-04-29T10:29:35","slug":"kylkiputket-bb004-arena-citroen-jumpy-17","status":"publish","type":"product","link":"https:\/\/www.castrum.ee\/fi\/toode\/kylkiputket-bb004-arena-citroen-jumpy-17\/","title":{"rendered":"Kylkiputket BB004 Arena | Citroen Jumpy [17+]"},"content":{"rendered":"<p>Ruostumattomasta ter\u00e4ksest\u00e4 valmistetut kylkiputket, jotka on valmistettu uusimmalla tekniikalla (CNC \u2013 laserleikat), tarjoten ajoneuvolle parempaa suojaa ja silmiin pist\u00e4v\u00e4\u00e4 ulkon\u00e4k\u00f6\u00e4.<\/p>\n<p><strong>Ominaisuudet<\/strong><\/p>\n<ul>\n<li>Silmiin pist\u00e4v\u00e4 ulkon\u00e4k\u00f6 \u2013 antaa autolle ainutlaatuisen ilmeen.<\/li>\n<li>Valmistettu ruostumattomasta ter\u00e4ksest\u00e4 \u2013 parantaa ajoneuvon suojaa.<\/li>\n<li>Kest\u00e4vyys \u2013 kest\u00e4\u00e4 s\u00e4\u00e4n ja ajan kulumisen.<\/li>\n<li>Helppo asennus \/ Plug and play \u2013 kylkiputket on helppo asentaa, koska sarjassa on asennusohje ja tarvittavat kiinnikkeet. Ajoneuvoa ei tarvitse muuntaa \u2013 kylkiputket kiinnitet\u00e4\u00e4n olemassa oleviin kiinnityspaikkoihin.<\/li>\n<\/ul>\n<p><strong>Sarja sis\u00e4lt\u00e4\u00e4:<\/strong><\/p>\n<ul>\n<li>Yhden parin kylkiputkia (vasen ja oikea).<\/li>\n<li>Asennukseen tarvittavat kiinnikkeet.<\/li>\n<li>Asennusohjeen.<\/li>\n<\/ul>\n<p><strong>Helppo asentaa:<\/strong><br \/>\nKylkiputkien asennus on hyvin helppo, koska sarjassa on sek\u00e4 asennusohje ett\u00e4 tarvittavat osat. T\u00e4m\u00e4 poistaa ajoneuvon lis\u00e4muunnoksien tarpeen. Kylkiputket asennetaan ajoneuvon rungon tai koriin olemassa oleviin kiinnityspaikkoihin.<\/p>\n<p><strong>Lis\u00e4suoja ajoneuvon korin sivuille:<\/strong><br \/>\nKylkiputket suojaavat ovia ja sivupaneeleita pienikivist\u00e4, asfalttipaloista ja ahtaissa paikoissa muiden autojen ovista aiheutuvilta vaurioilta. T\u00e4m\u00e4 on erityisen t\u00e4rke\u00e4\u00e4 soratiell\u00e4 ja maantieill\u00e4. My\u00f6s astinlaudat suojaavat suuremmilta kivill\u00e4 ja py\u00f6rien heitt\u00e4milt\u00e4 esineilt\u00e4.<\/p>\n<p><strong>T\u00e4rke\u00e4 tieto:<\/strong><\/p>\n<ul>\n<li>Joillakin ajoneuvoilla voi olla muovia korkkeja kiinnitysten asennusreikien peitt\u00e4miseksi, jotka on poistettava ennen kylkiputkien asennusta.<\/li>\n<li>\u00c4l\u00e4 k\u00e4yt\u00e4 metalliset lis\u00e4tarvikkeet puhdistamiseen autopesuaineilla, jotka sis\u00e4lt\u00e4v\u00e4t TFR- (Traffic Film Remover) kemikaaleja, koska ne voivat aiheuttaa korroosiota. Puhdistaminen n\u00e4ill\u00e4 liuoksilla voi mit\u00e4t\u00f6id\u00e4 takuun.<\/li>\n<li>Suosittelemme eritt\u00e4in voimakkaasti tarkistamaan ruuvit ja kiinnitysosat 7 p\u00e4iv\u00e4n kuluttua alkuper\u00e4isest\u00e4 asennuksesta, jotta varmistutaan, ett\u00e4 ne on kiinnitetty asianmukaisesti. Turvallisuuden vuoksi kaikki osat tulee tarkistaa 3\u20136 kuukauden v\u00e4lein.<\/li>\n<\/ul>\n<p><strong>ARP-br\u00e4ndist\u00e4:<\/strong><br \/>\nARP on t\u00e4rke\u00e4 toimija autonosien ja -tarvikkeiden teollisuudessa, tarjoten varaosia ja tarvikkeita 4\u00d74 maastoautoille, lava-autoille, henkil\u00f6autoille, hy\u00f6tyajoneuvoille ja kuorma-autoille, mukaan lukien sek\u00e4 vanhemmat ett\u00e4 uudemmat mallit. Castrum on ARP-tuotteiden virallinen j\u00e4lleenmyyj\u00e4 Suomessa.<\/p>\n","protected":false},"excerpt":{"rendered":"<p>Poleeratut ruostumattomat ter\u00e4ksest\u00e4 valmistetut kylkiputket. Sarja sis\u00e4lt\u00e4\u00e4 kaiken asennukseen tarvittavan. \u00d8 76 mm ja 1,5 mm sein\u00e4m\u00e4n paksuinen ruostumaton ter\u00e4s.<\/p>\n","protected":false},"featured_media":4153,"template":"","meta":{"_acf_changed":false},"mark-ja-mudel":[],"product_brand":[1340,1360],"product_cat":[1066,1068],"product_tag":[],"class_list":{"0":"post-79895","1":"product","2":"type-product","3":"status-publish","4":"has-post-thumbnail","6":"product_brand-citroen","7":"product_brand-jumpy","8":"product_cat-astinlaudat-ja-sivusuojat","9":"product_cat-sivuraudat","11":"first","12":"instock","13":"taxable","14":"shipping-taxable","15":"purchasable","16":"product-type-variable"},"bundled_by":[],"bundle_stock_status":"instock","bundle_stock_quantity":null,"bundle_virtual":false,"bundle_layout":"","bundle_add_to_cart_form_location":"","bundle_editable_in_cart":false,"bundle_sold_individually_context":"","bundle_item_grouping":"","bundle_min_size":"","bundle_max_size":"","bundle_price":[],"bundled_items":[],"bundle_sell_ids":[],"acf":[],"yoast_head":"<!-- This site is optimized with the Yoast SEO plugin v27.3 - https:\/\/yoast.com\/product\/yoast-seo-wordpress\/ -->\n<title>Kylkiputket BB004 Arena | Citroen Jumpy [17+] | Castrum<\/title>\n<meta name=\"description\" content=\"Kylkiputket BB004 Arena Citroen Jumpy [17+] - kylkiputket, astinlaudat ja kiinnitykset. Ruostumaton ter\u00e4s, helppo asennus. Maasturien ja kaubikkojen lis\u00e4varustus.\" \/>\n<meta name=\"robots\" content=\"index, follow, max-snippet:-1, max-image-preview:large, max-video-preview:-1\" \/>\n<link rel=\"canonical\" href=\"https:\/\/www.castrum.ee\/fi\/toode\/kylkiputket-bb004-arena-citroen-jumpy-17\/\" \/>\n<meta property=\"og:locale\" content=\"fi_FI\" \/>\n<meta property=\"og:type\" content=\"article\" \/>\n<meta property=\"og:title\" content=\"Kylkiputket BB004 Arena | Citroen Jumpy [17+] | Castrum\" \/>\n<meta property=\"og:description\" content=\"Kylkiputket BB004 Arena Citroen Jumpy [17+] - kylkiputket, astinlaudat ja kiinnitykset. Ruostumaton ter\u00e4s, helppo asennus. Maasturien ja kaubikkojen lis\u00e4varustus.\" \/>\n<meta property=\"og:url\" content=\"https:\/\/www.castrum.ee\/fi\/toode\/kylkiputket-bb004-arena-citroen-jumpy-17\/\" \/>\n<meta property=\"og:site_name\" content=\"Castrum\" \/>\n<meta property=\"article:publisher\" content=\"https:\/\/www.facebook.com\/castrum.ee\" \/>\n<meta property=\"og:image\" content=\"https:\/\/www.castrum.ee\/wp-content\/uploads\/2025\/06\/12956C67-ABA4-422A-BE20-0BF50E22BAC0.jpeg\" \/>\n\t<meta property=\"og:image:width\" content=\"800\" \/>\n\t<meta property=\"og:image:height\" content=\"600\" \/>\n\t<meta property=\"og:image:type\" content=\"image\/jpeg\" \/>\n<meta name=\"twitter:card\" content=\"summary_large_image\" \/>\n<meta name=\"twitter:label1\" content=\"Arvioitu lukuaika\" \/>\n\t<meta name=\"twitter:data1\" content=\"1 minuutti\" \/>\n<script type=\"application\/ld+json\" class=\"yoast-schema-graph\">{\"@context\":\"https:\\\/\\\/schema.org\",\"@graph\":[{\"@type\":\"WebPage\",\"@id\":\"https:\\\/\\\/www.castrum.ee\\\/fi\\\/toode\\\/kylkiputket-bb004-arena-citroen-jumpy-17\\\/\",\"url\":\"https:\\\/\\\/www.castrum.ee\\\/fi\\\/toode\\\/kylkiputket-bb004-arena-citroen-jumpy-17\\\/\",\"name\":\"Kylkiputket BB004 Arena | Citroen Jumpy [17+] | Castrum\",\"isPartOf\":{\"@id\":\"https:\\\/\\\/www.castrum.ee\\\/fi\\\/#website\"},\"primaryImageOfPage\":{\"@id\":\"https:\\\/\\\/www.castrum.ee\\\/fi\\\/toode\\\/kylkiputket-bb004-arena-citroen-jumpy-17\\\/#primaryimage\"},\"image\":{\"@id\":\"https:\\\/\\\/www.castrum.ee\\\/fi\\\/toode\\\/kylkiputket-bb004-arena-citroen-jumpy-17\\\/#primaryimage\"},\"thumbnailUrl\":\"https:\\\/\\\/www.castrum.ee\\\/wp-content\\\/uploads\\\/2025\\\/06\\\/12956C67-ABA4-422A-BE20-0BF50E22BAC0.jpeg\",\"datePublished\":\"2026-04-29T10:29:35+00:00\",\"description\":\"Kylkiputket BB004 Arena Citroen Jumpy [17+] - kylkiputket, astinlaudat ja kiinnitykset. Ruostumaton ter\u00e4s, helppo asennus. Maasturien ja kaubikkojen lis\u00e4varustus.\",\"breadcrumb\":{\"@id\":\"https:\\\/\\\/www.castrum.ee\\\/fi\\\/toode\\\/kylkiputket-bb004-arena-citroen-jumpy-17\\\/#breadcrumb\"},\"inLanguage\":\"fi\",\"potentialAction\":[{\"@type\":\"ReadAction\",\"target\":[\"https:\\\/\\\/www.castrum.ee\\\/fi\\\/toode\\\/kylkiputket-bb004-arena-citroen-jumpy-17\\\/\"]}]},{\"@type\":\"ImageObject\",\"inLanguage\":\"fi\",\"@id\":\"https:\\\/\\\/www.castrum.ee\\\/fi\\\/toode\\\/kylkiputket-bb004-arena-citroen-jumpy-17\\\/#primaryimage\",\"url\":\"https:\\\/\\\/www.castrum.ee\\\/wp-content\\\/uploads\\\/2025\\\/06\\\/12956C67-ABA4-422A-BE20-0BF50E22BAC0.jpeg\",\"contentUrl\":\"https:\\\/\\\/www.castrum.ee\\\/wp-content\\\/uploads\\\/2025\\\/06\\\/12956C67-ABA4-422A-BE20-0BF50E22BAC0.jpeg\",\"width\":800,\"height\":600},{\"@type\":\"BreadcrumbList\",\"@id\":\"https:\\\/\\\/www.castrum.ee\\\/fi\\\/toode\\\/kylkiputket-bb004-arena-citroen-jumpy-17\\\/#breadcrumb\",\"itemListElement\":[{\"@type\":\"ListItem\",\"position\":1,\"name\":\"Home\",\"item\":\"https:\\\/\\\/www.castrum.ee\\\/fi\\\/kotisivu\\\/\"},{\"@type\":\"ListItem\",\"position\":2,\"name\":\"Verkkokauppa\",\"item\":\"https:\\\/\\\/www.castrum.ee\\\/fi\\\/kauppa\\\/\"},{\"@type\":\"ListItem\",\"position\":3,\"name\":\"Kylkiputket BB004 Arena | Citroen Jumpy [17+]\"}]},{\"@type\":\"WebSite\",\"@id\":\"https:\\\/\\\/www.castrum.ee\\\/fi\\\/#website\",\"url\":\"https:\\\/\\\/www.castrum.ee\\\/fi\\\/\",\"name\":\"Castrum\",\"description\":\"Maastoautojen, henkil\u00f6autojen ja pienvaunujen lis\u00e4varusteet\",\"publisher\":{\"@id\":\"https:\\\/\\\/www.castrum.ee\\\/fi\\\/#organization\"},\"potentialAction\":[{\"@type\":\"SearchAction\",\"target\":{\"@type\":\"EntryPoint\",\"urlTemplate\":\"https:\\\/\\\/www.castrum.ee\\\/fi\\\/?s={search_term_string}\"},\"query-input\":{\"@type\":\"PropertyValueSpecification\",\"valueRequired\":true,\"valueName\":\"search_term_string\"}}],\"inLanguage\":\"fi\"},{\"@type\":\"Organization\",\"@id\":\"https:\\\/\\\/www.castrum.ee\\\/fi\\\/#organization\",\"name\":\"Castrum Grupp O\u00dc\",\"url\":\"https:\\\/\\\/www.castrum.ee\\\/fi\\\/\",\"logo\":{\"@type\":\"ImageObject\",\"inLanguage\":\"fi\",\"@id\":\"https:\\\/\\\/www.castrum.ee\\\/fi\\\/#\\\/schema\\\/logo\\\/image\\\/\",\"url\":\"https:\\\/\\\/www.castrum.ee\\\/wp-content\\\/uploads\\\/2025\\\/03\\\/Castrum-logo-500.png\",\"contentUrl\":\"https:\\\/\\\/www.castrum.ee\\\/wp-content\\\/uploads\\\/2025\\\/03\\\/Castrum-logo-500.png\",\"width\":500,\"height\":250,\"caption\":\"Castrum Grupp O\u00dc\"},\"image\":{\"@id\":\"https:\\\/\\\/www.castrum.ee\\\/fi\\\/#\\\/schema\\\/logo\\\/image\\\/\"},\"sameAs\":[\"https:\\\/\\\/www.facebook.com\\\/castrum.ee\"]}]}<\/script>\n<!-- \/ Yoast SEO plugin. -->","yoast_head_json":{"title":"Kylkiputket BB004 Arena | Citroen Jumpy [17+] | Castrum","description":"Kylkiputket BB004 Arena Citroen Jumpy [17+] - kylkiputket, astinlaudat ja kiinnitykset. Ruostumaton ter\u00e4s, helppo asennus. Maasturien ja kaubikkojen lis\u00e4varustus.","robots":{"index":"index","follow":"follow","max-snippet":"max-snippet:-1","max-image-preview":"max-image-preview:large","max-video-preview":"max-video-preview:-1"},"canonical":"https:\/\/www.castrum.ee\/fi\/toode\/kylkiputket-bb004-arena-citroen-jumpy-17\/","og_locale":"fi_FI","og_type":"article","og_title":"Kylkiputket BB004 Arena | Citroen Jumpy [17+] | Castrum","og_description":"Kylkiputket BB004 Arena Citroen Jumpy [17+] - kylkiputket, astinlaudat ja kiinnitykset. Ruostumaton ter\u00e4s, helppo asennus. Maasturien ja kaubikkojen lis\u00e4varustus.","og_url":"https:\/\/www.castrum.ee\/fi\/toode\/kylkiputket-bb004-arena-citroen-jumpy-17\/","og_site_name":"Castrum","article_publisher":"https:\/\/www.facebook.com\/castrum.ee","og_image":[{"width":800,"height":600,"url":"https:\/\/www.castrum.ee\/wp-content\/uploads\/2025\/06\/12956C67-ABA4-422A-BE20-0BF50E22BAC0.jpeg","type":"image\/jpeg"}],"twitter_card":"summary_large_image","twitter_misc":{"Arvioitu lukuaika":"1 minuutti"},"schema":{"@context":"https:\/\/schema.org","@graph":[{"@type":"WebPage","@id":"https:\/\/www.castrum.ee\/fi\/toode\/kylkiputket-bb004-arena-citroen-jumpy-17\/","url":"https:\/\/www.castrum.ee\/fi\/toode\/kylkiputket-bb004-arena-citroen-jumpy-17\/","name":"Kylkiputket BB004 Arena | Citroen Jumpy [17+] | Castrum","isPartOf":{"@id":"https:\/\/www.castrum.ee\/fi\/#website"},"primaryImageOfPage":{"@id":"https:\/\/www.castrum.ee\/fi\/toode\/kylkiputket-bb004-arena-citroen-jumpy-17\/#primaryimage"},"image":{"@id":"https:\/\/www.castrum.ee\/fi\/toode\/kylkiputket-bb004-arena-citroen-jumpy-17\/#primaryimage"},"thumbnailUrl":"https:\/\/www.castrum.ee\/wp-content\/uploads\/2025\/06\/12956C67-ABA4-422A-BE20-0BF50E22BAC0.jpeg","datePublished":"2026-04-29T10:29:35+00:00","description":"Kylkiputket BB004 Arena Citroen Jumpy [17+] - kylkiputket, astinlaudat ja kiinnitykset. Ruostumaton ter\u00e4s, helppo asennus. Maasturien ja kaubikkojen lis\u00e4varustus.","breadcrumb":{"@id":"https:\/\/www.castrum.ee\/fi\/toode\/kylkiputket-bb004-arena-citroen-jumpy-17\/#breadcrumb"},"inLanguage":"fi","potentialAction":[{"@type":"ReadAction","target":["https:\/\/www.castrum.ee\/fi\/toode\/kylkiputket-bb004-arena-citroen-jumpy-17\/"]}]},{"@type":"ImageObject","inLanguage":"fi","@id":"https:\/\/www.castrum.ee\/fi\/toode\/kylkiputket-bb004-arena-citroen-jumpy-17\/#primaryimage","url":"https:\/\/www.castrum.ee\/wp-content\/uploads\/2025\/06\/12956C67-ABA4-422A-BE20-0BF50E22BAC0.jpeg","contentUrl":"https:\/\/www.castrum.ee\/wp-content\/uploads\/2025\/06\/12956C67-ABA4-422A-BE20-0BF50E22BAC0.jpeg","width":800,"height":600},{"@type":"BreadcrumbList","@id":"https:\/\/www.castrum.ee\/fi\/toode\/kylkiputket-bb004-arena-citroen-jumpy-17\/#breadcrumb","itemListElement":[{"@type":"ListItem","position":1,"name":"Home","item":"https:\/\/www.castrum.ee\/fi\/kotisivu\/"},{"@type":"ListItem","position":2,"name":"Verkkokauppa","item":"https:\/\/www.castrum.ee\/fi\/kauppa\/"},{"@type":"ListItem","position":3,"name":"Kylkiputket BB004 Arena | Citroen Jumpy [17+]"}]},{"@type":"WebSite","@id":"https:\/\/www.castrum.ee\/fi\/#website","url":"https:\/\/www.castrum.ee\/fi\/","name":"Castrum","description":"Maastoautojen, henkil\u00f6autojen ja pienvaunujen lis\u00e4varusteet","publisher":{"@id":"https:\/\/www.castrum.ee\/fi\/#organization"},"potentialAction":[{"@type":"SearchAction","target":{"@type":"EntryPoint","urlTemplate":"https:\/\/www.castrum.ee\/fi\/?s={search_term_string}"},"query-input":{"@type":"PropertyValueSpecification","valueRequired":true,"valueName":"search_term_string"}}],"inLanguage":"fi"},{"@type":"Organization","@id":"https:\/\/www.castrum.ee\/fi\/#organization","name":"Castrum Grupp O\u00dc","url":"https:\/\/www.castrum.ee\/fi\/","logo":{"@type":"ImageObject","inLanguage":"fi","@id":"https:\/\/www.castrum.ee\/fi\/#\/schema\/logo\/image\/","url":"https:\/\/www.castrum.ee\/wp-content\/uploads\/2025\/03\/Castrum-logo-500.png","contentUrl":"https:\/\/www.castrum.ee\/wp-content\/uploads\/2025\/03\/Castrum-logo-500.png","width":500,"height":250,"caption":"Castrum Grupp O\u00dc"},"image":{"@id":"https:\/\/www.castrum.ee\/fi\/#\/schema\/logo\/image\/"},"sameAs":["https:\/\/www.facebook.com\/castrum.ee"]}]}},"_links":{"self":[{"href":"https:\/\/www.castrum.ee\/fi\/wp-json\/wp\/v2\/product\/79895","targetHints":{"allow":["GET"]}}],"collection":[{"href":"https:\/\/www.castrum.ee\/fi\/wp-json\/wp\/v2\/product"}],"about":[{"href":"https:\/\/www.castrum.ee\/fi\/wp-json\/wp\/v2\/types\/product"}],"wp:featuredmedia":[{"embeddable":true,"href":"https:\/\/www.castrum.ee\/fi\/wp-json\/wp\/v2\/media\/4153"}],"wp:attachment":[{"href":"https:\/\/www.castrum.ee\/fi\/wp-json\/wp\/v2\/media?parent=79895"}],"wp:term":[{"taxonomy":"mark-ja-mudel","embeddable":true,"href":"https:\/\/www.castrum.ee\/fi\/wp-json\/wp\/v2\/mark-ja-mudel?post=79895"},{"taxonomy":"product_brand","embeddable":true,"href":"https:\/\/www.castrum.ee\/fi\/wp-json\/wp\/v2\/product_brand?post=79895"},{"taxonomy":"product_cat","embeddable":true,"href":"https:\/\/www.castrum.ee\/fi\/wp-json\/wp\/v2\/product_cat?post=79895"},{"taxonomy":"product_tag","embeddable":true,"href":"https:\/\/www.castrum.ee\/fi\/wp-json\/wp\/v2\/product_tag?post=79895"}],"curies":[{"name":"wp","href":"https:\/\/api.w.org\/{rel}","templated":true}]}}