{"id":79897,"date":"2026-04-29T13:30:21","date_gmt":"2026-04-29T10:30:21","guid":{"rendered":"https:\/\/www.castrum.ee\/toode\/kylkiputket-bb004-arena-vw-caddy-maxi-04-1kuij4\/"},"modified":"2026-04-29T13:30:21","modified_gmt":"2026-04-29T10:30:21","slug":"kylkiputket-bb004-arena-vw-caddy-maxi-04","status":"publish","type":"product","link":"https:\/\/www.castrum.ee\/fi\/toode\/kylkiputket-bb004-arena-vw-caddy-maxi-04\/","title":{"rendered":"Kylkiputket BB004 Arena | VW Caddy Maxi [04+]"},"content":{"rendered":"<p><strong>Ominaisuudet<\/strong><\/p>\n<ul>\n<li>Silmiinpist\u00e4v\u00e4 ulkon\u00e4k\u00f6 \u2013 antaa autolle ainutlaatuisen ilmeen.<\/li>\n<li>Valmistettu ruostumattomasta ter\u00e4ksest\u00e4 \u2013 parantaa ajoneuvon suojausta.<\/li>\n<li>Kest\u00e4vyys \u2013 kest\u00e4\u00e4 s\u00e4\u00e4olosuhteita ja ajan kulutusta.<\/li>\n<li>Helppo asennus \/ Plug and play \u2013 kylkiputket ovat helposti asennettavissa, sill\u00e4 sarjassa on asennusohjeet ja tarvittavat kiinnikkeet. Ajoneuvoa ei tarvitse muokata \u2013 kylkiputket kiinnitet\u00e4\u00e4n olemassa oleviin kiinnityspaikkoihin.<\/li>\n<\/ul>\n<p><strong>Sarja sis\u00e4lt\u00e4\u00e4:<\/strong><\/p>\n<ul>\n<li>Yhden parin kylkiputkia (vasen ja oikea).<\/li>\n<li>Asennukseen tarvittavat kiinnitysosat<\/li>\n<li>Asennusohjeen.<\/li>\n<\/ul>\n<p><strong>Helppo asentaa:<\/strong><br \/>\nKylkiputkien asennus on hyvin yksinkertaista, sill\u00e4 sarjassa on sek\u00e4 asennusohje ett\u00e4 tarvittavat osat. T\u00e4m\u00e4 poistaa tarpeen ajoneuvon lis\u00e4muutoksille. Kylkiputket asennetaan olemassa oleviin kiinnityspaikkoihin ajoneuvon rungossa tai korikannessa.<\/p>\n<p><strong>Lis\u00e4suoja ajoneuvon korikannelle:<\/strong><br \/>\nKylkiputket suojaavat ovia ja sivupaneelia kivi\u00e4, asfaltinpalasia ja ahtaissa paikoissa muista autoista tulevien ovien aiheuttamilta vahingoilta. T\u00e4m\u00e4 on erityisen t\u00e4rke\u00e4\u00e4 sorateill\u00e4 ja maantiemuotoilulla. Samoin astinlaudat suojaavat suuremmilta kivilta ja renkaiden alla heitetyilt\u00e4 esineilt\u00e4.<\/p>\n<p><strong>T\u00e4rke\u00e4 tieto:<\/strong><\/p>\n<ul>\n<li>Joissakin ajoneuvoissa kiinnitysten asennusreikien peitt\u00e4miseksi voi olla muoviset korkit, jotka on poistettava ennen kylkiputkien asennusta.<\/li>\n<li>\u00c4l\u00e4 k\u00e4yt\u00e4 metalliset lis\u00e4varusteet puhdistuksessa autopesuaineita, joissa on TFR- (Traffic Film Remover) kemikaaleja, sill\u00e4 ne voivat aiheuttaa korroosiota. N\u00e4ill\u00e4 liuottimilla puhdistaminen voi mit\u00e4t\u00f6id\u00e4 takuun.<\/li>\n<li>Suosittelemme vakavasti tarkistamaan ruuvit ja kiinnitysosat 7 p\u00e4iv\u00e4n kuluttua alkuper\u00e4isest\u00e4 asennuksesta, jotta voit varmistaa, ett\u00e4 ne ovat kunnolla kiinni. Turvallisuuden vuoksi kaikki osat tulee tarkistaa 3\u20136 kuukauden v\u00e4lein.<\/li>\n<\/ul>\n<p><strong>ARP-br\u00e4ndist\u00e4:<\/strong><br \/>\nARP on t\u00e4rke\u00e4 toimija autonosien ja -tarvikkeiden teollisuudessa, joka toimittaa varaosi ja tarvikkeita 4\u00d74-maastureihin, lava-autoihin, henkil\u00f6autoihin, hy\u00f6tyajoneuvoihin ja kaupallisiin ajoneuvoihin, mukaan lukien sek\u00e4 vanhemmat ett\u00e4 uudemmat mallit. Castrum on ARP-tuotteiden virallinen j\u00e4lleenmyyj\u00e4 Suomessa.<\/p>\n","protected":false},"excerpt":{"rendered":"<p>Poleeratut kylkiputket ruostumattomasta ter\u00e4ksest\u00e4. Sarja sis\u00e4lt\u00e4\u00e4 kaiken asennukseen tarvittavan. \u00d8 76 mm ja 1,5 mm sein\u00e4paksuus ruostumattomasta ter\u00e4ksest\u00e4.<\/p>\n","protected":false},"featured_media":4153,"template":"","meta":{"_acf_changed":false},"mark-ja-mudel":[],"product_brand":[1339,1275],"product_cat":[1066,1068],"product_tag":[],"class_list":{"0":"post-79897","1":"product","2":"type-product","3":"status-publish","4":"has-post-thumbnail","6":"product_brand-caddy","7":"product_brand-volkswagen","8":"product_cat-astinlaudat-ja-sivusuojat","9":"product_cat-sivuraudat","11":"first","12":"instock","13":"taxable","14":"shipping-taxable","15":"purchasable","16":"product-type-variable"},"bundled_by":[],"bundle_stock_status":"instock","bundle_stock_quantity":null,"bundle_virtual":false,"bundle_layout":"","bundle_add_to_cart_form_location":"","bundle_editable_in_cart":false,"bundle_sold_individually_context":"","bundle_item_grouping":"","bundle_min_size":"","bundle_max_size":"","bundle_price":[],"bundled_items":[],"bundle_sell_ids":[],"acf":[],"yoast_head":"<!-- This site is optimized with the Yoast SEO plugin v27.3 - https:\/\/yoast.com\/product\/yoast-seo-wordpress\/ -->\n<title>Kylkiputket BB004 Arena | VW Caddy Maxi [04+] | Castrum<\/title>\n<meta name=\"description\" content=\"Kylkiputket BB004 Arena VW Caddy Maxi [04+] \u2013 ruostumaton ter\u00e4s, \u00d8 76 mm. Kylkiputket ja astinlaudat maastureihin, pakettiAutoihin ja henkil\u00f6autoihin.\" \/>\n<meta name=\"robots\" content=\"index, follow, max-snippet:-1, max-image-preview:large, max-video-preview:-1\" \/>\n<link rel=\"canonical\" href=\"https:\/\/www.castrum.ee\/fi\/toode\/kylkiputket-bb004-arena-vw-caddy-maxi-04\/\" \/>\n<meta property=\"og:locale\" content=\"fi_FI\" \/>\n<meta property=\"og:type\" content=\"article\" \/>\n<meta property=\"og:title\" content=\"Kylkiputket BB004 Arena | VW Caddy Maxi [04+] | Castrum\" \/>\n<meta property=\"og:description\" content=\"Kylkiputket BB004 Arena VW Caddy Maxi [04+] \u2013 ruostumaton ter\u00e4s, \u00d8 76 mm. Kylkiputket ja astinlaudat maastureihin, pakettiAutoihin ja henkil\u00f6autoihin.\" \/>\n<meta property=\"og:url\" content=\"https:\/\/www.castrum.ee\/fi\/toode\/kylkiputket-bb004-arena-vw-caddy-maxi-04\/\" \/>\n<meta property=\"og:site_name\" content=\"Castrum\" \/>\n<meta property=\"article:publisher\" content=\"https:\/\/www.facebook.com\/castrum.ee\" \/>\n<meta property=\"og:image\" content=\"https:\/\/www.castrum.ee\/wp-content\/uploads\/2025\/06\/12956C67-ABA4-422A-BE20-0BF50E22BAC0.jpeg\" \/>\n\t<meta property=\"og:image:width\" content=\"800\" \/>\n\t<meta property=\"og:image:height\" content=\"600\" \/>\n\t<meta property=\"og:image:type\" content=\"image\/jpeg\" \/>\n<meta name=\"twitter:card\" content=\"summary_large_image\" \/>\n<meta name=\"twitter:label1\" content=\"Arvioitu lukuaika\" \/>\n\t<meta name=\"twitter:data1\" content=\"1 minuutti\" \/>\n<script type=\"application\/ld+json\" class=\"yoast-schema-graph\">{\"@context\":\"https:\\\/\\\/schema.org\",\"@graph\":[{\"@type\":\"WebPage\",\"@id\":\"https:\\\/\\\/www.castrum.ee\\\/fi\\\/toode\\\/kylkiputket-bb004-arena-vw-caddy-maxi-04\\\/\",\"url\":\"https:\\\/\\\/www.castrum.ee\\\/fi\\\/toode\\\/kylkiputket-bb004-arena-vw-caddy-maxi-04\\\/\",\"name\":\"Kylkiputket BB004 Arena | VW Caddy Maxi [04+] | Castrum\",\"isPartOf\":{\"@id\":\"https:\\\/\\\/www.castrum.ee\\\/fi\\\/#website\"},\"primaryImageOfPage\":{\"@id\":\"https:\\\/\\\/www.castrum.ee\\\/fi\\\/toode\\\/kylkiputket-bb004-arena-vw-caddy-maxi-04\\\/#primaryimage\"},\"image\":{\"@id\":\"https:\\\/\\\/www.castrum.ee\\\/fi\\\/toode\\\/kylkiputket-bb004-arena-vw-caddy-maxi-04\\\/#primaryimage\"},\"thumbnailUrl\":\"https:\\\/\\\/www.castrum.ee\\\/wp-content\\\/uploads\\\/2025\\\/06\\\/12956C67-ABA4-422A-BE20-0BF50E22BAC0.jpeg\",\"datePublished\":\"2026-04-29T10:30:21+00:00\",\"description\":\"Kylkiputket BB004 Arena VW Caddy Maxi [04+] \u2013 ruostumaton ter\u00e4s, \u00d8 76 mm. Kylkiputket ja astinlaudat maastureihin, pakettiAutoihin ja henkil\u00f6autoihin.\",\"breadcrumb\":{\"@id\":\"https:\\\/\\\/www.castrum.ee\\\/fi\\\/toode\\\/kylkiputket-bb004-arena-vw-caddy-maxi-04\\\/#breadcrumb\"},\"inLanguage\":\"fi\",\"potentialAction\":[{\"@type\":\"ReadAction\",\"target\":[\"https:\\\/\\\/www.castrum.ee\\\/fi\\\/toode\\\/kylkiputket-bb004-arena-vw-caddy-maxi-04\\\/\"]}]},{\"@type\":\"ImageObject\",\"inLanguage\":\"fi\",\"@id\":\"https:\\\/\\\/www.castrum.ee\\\/fi\\\/toode\\\/kylkiputket-bb004-arena-vw-caddy-maxi-04\\\/#primaryimage\",\"url\":\"https:\\\/\\\/www.castrum.ee\\\/wp-content\\\/uploads\\\/2025\\\/06\\\/12956C67-ABA4-422A-BE20-0BF50E22BAC0.jpeg\",\"contentUrl\":\"https:\\\/\\\/www.castrum.ee\\\/wp-content\\\/uploads\\\/2025\\\/06\\\/12956C67-ABA4-422A-BE20-0BF50E22BAC0.jpeg\",\"width\":800,\"height\":600},{\"@type\":\"BreadcrumbList\",\"@id\":\"https:\\\/\\\/www.castrum.ee\\\/fi\\\/toode\\\/kylkiputket-bb004-arena-vw-caddy-maxi-04\\\/#breadcrumb\",\"itemListElement\":[{\"@type\":\"ListItem\",\"position\":1,\"name\":\"Home\",\"item\":\"https:\\\/\\\/www.castrum.ee\\\/fi\\\/kotisivu\\\/\"},{\"@type\":\"ListItem\",\"position\":2,\"name\":\"Verkkokauppa\",\"item\":\"https:\\\/\\\/www.castrum.ee\\\/fi\\\/kauppa\\\/\"},{\"@type\":\"ListItem\",\"position\":3,\"name\":\"Kylkiputket BB004 Arena | VW Caddy Maxi [04+]\"}]},{\"@type\":\"WebSite\",\"@id\":\"https:\\\/\\\/www.castrum.ee\\\/fi\\\/#website\",\"url\":\"https:\\\/\\\/www.castrum.ee\\\/fi\\\/\",\"name\":\"Castrum\",\"description\":\"Maastoautojen, henkil\u00f6autojen ja pienvaunujen lis\u00e4varusteet\",\"publisher\":{\"@id\":\"https:\\\/\\\/www.castrum.ee\\\/fi\\\/#organization\"},\"potentialAction\":[{\"@type\":\"SearchAction\",\"target\":{\"@type\":\"EntryPoint\",\"urlTemplate\":\"https:\\\/\\\/www.castrum.ee\\\/fi\\\/?s={search_term_string}\"},\"query-input\":{\"@type\":\"PropertyValueSpecification\",\"valueRequired\":true,\"valueName\":\"search_term_string\"}}],\"inLanguage\":\"fi\"},{\"@type\":\"Organization\",\"@id\":\"https:\\\/\\\/www.castrum.ee\\\/fi\\\/#organization\",\"name\":\"Castrum Grupp O\u00dc\",\"url\":\"https:\\\/\\\/www.castrum.ee\\\/fi\\\/\",\"logo\":{\"@type\":\"ImageObject\",\"inLanguage\":\"fi\",\"@id\":\"https:\\\/\\\/www.castrum.ee\\\/fi\\\/#\\\/schema\\\/logo\\\/image\\\/\",\"url\":\"https:\\\/\\\/www.castrum.ee\\\/wp-content\\\/uploads\\\/2025\\\/03\\\/Castrum-logo-500.png\",\"contentUrl\":\"https:\\\/\\\/www.castrum.ee\\\/wp-content\\\/uploads\\\/2025\\\/03\\\/Castrum-logo-500.png\",\"width\":500,\"height\":250,\"caption\":\"Castrum Grupp O\u00dc\"},\"image\":{\"@id\":\"https:\\\/\\\/www.castrum.ee\\\/fi\\\/#\\\/schema\\\/logo\\\/image\\\/\"},\"sameAs\":[\"https:\\\/\\\/www.facebook.com\\\/castrum.ee\"]}]}<\/script>\n<!-- \/ Yoast SEO plugin. -->","yoast_head_json":{"title":"Kylkiputket BB004 Arena | VW Caddy Maxi [04+] | Castrum","description":"Kylkiputket BB004 Arena VW Caddy Maxi [04+] \u2013 ruostumaton ter\u00e4s, \u00d8 76 mm. Kylkiputket ja astinlaudat maastureihin, pakettiAutoihin ja henkil\u00f6autoihin.","robots":{"index":"index","follow":"follow","max-snippet":"max-snippet:-1","max-image-preview":"max-image-preview:large","max-video-preview":"max-video-preview:-1"},"canonical":"https:\/\/www.castrum.ee\/fi\/toode\/kylkiputket-bb004-arena-vw-caddy-maxi-04\/","og_locale":"fi_FI","og_type":"article","og_title":"Kylkiputket BB004 Arena | VW Caddy Maxi [04+] | Castrum","og_description":"Kylkiputket BB004 Arena VW Caddy Maxi [04+] \u2013 ruostumaton ter\u00e4s, \u00d8 76 mm. Kylkiputket ja astinlaudat maastureihin, pakettiAutoihin ja henkil\u00f6autoihin.","og_url":"https:\/\/www.castrum.ee\/fi\/toode\/kylkiputket-bb004-arena-vw-caddy-maxi-04\/","og_site_name":"Castrum","article_publisher":"https:\/\/www.facebook.com\/castrum.ee","og_image":[{"width":800,"height":600,"url":"https:\/\/www.castrum.ee\/wp-content\/uploads\/2025\/06\/12956C67-ABA4-422A-BE20-0BF50E22BAC0.jpeg","type":"image\/jpeg"}],"twitter_card":"summary_large_image","twitter_misc":{"Arvioitu lukuaika":"1 minuutti"},"schema":{"@context":"https:\/\/schema.org","@graph":[{"@type":"WebPage","@id":"https:\/\/www.castrum.ee\/fi\/toode\/kylkiputket-bb004-arena-vw-caddy-maxi-04\/","url":"https:\/\/www.castrum.ee\/fi\/toode\/kylkiputket-bb004-arena-vw-caddy-maxi-04\/","name":"Kylkiputket BB004 Arena | VW Caddy Maxi [04+] | Castrum","isPartOf":{"@id":"https:\/\/www.castrum.ee\/fi\/#website"},"primaryImageOfPage":{"@id":"https:\/\/www.castrum.ee\/fi\/toode\/kylkiputket-bb004-arena-vw-caddy-maxi-04\/#primaryimage"},"image":{"@id":"https:\/\/www.castrum.ee\/fi\/toode\/kylkiputket-bb004-arena-vw-caddy-maxi-04\/#primaryimage"},"thumbnailUrl":"https:\/\/www.castrum.ee\/wp-content\/uploads\/2025\/06\/12956C67-ABA4-422A-BE20-0BF50E22BAC0.jpeg","datePublished":"2026-04-29T10:30:21+00:00","description":"Kylkiputket BB004 Arena VW Caddy Maxi [04+] \u2013 ruostumaton ter\u00e4s, \u00d8 76 mm. Kylkiputket ja astinlaudat maastureihin, pakettiAutoihin ja henkil\u00f6autoihin.","breadcrumb":{"@id":"https:\/\/www.castrum.ee\/fi\/toode\/kylkiputket-bb004-arena-vw-caddy-maxi-04\/#breadcrumb"},"inLanguage":"fi","potentialAction":[{"@type":"ReadAction","target":["https:\/\/www.castrum.ee\/fi\/toode\/kylkiputket-bb004-arena-vw-caddy-maxi-04\/"]}]},{"@type":"ImageObject","inLanguage":"fi","@id":"https:\/\/www.castrum.ee\/fi\/toode\/kylkiputket-bb004-arena-vw-caddy-maxi-04\/#primaryimage","url":"https:\/\/www.castrum.ee\/wp-content\/uploads\/2025\/06\/12956C67-ABA4-422A-BE20-0BF50E22BAC0.jpeg","contentUrl":"https:\/\/www.castrum.ee\/wp-content\/uploads\/2025\/06\/12956C67-ABA4-422A-BE20-0BF50E22BAC0.jpeg","width":800,"height":600},{"@type":"BreadcrumbList","@id":"https:\/\/www.castrum.ee\/fi\/toode\/kylkiputket-bb004-arena-vw-caddy-maxi-04\/#breadcrumb","itemListElement":[{"@type":"ListItem","position":1,"name":"Home","item":"https:\/\/www.castrum.ee\/fi\/kotisivu\/"},{"@type":"ListItem","position":2,"name":"Verkkokauppa","item":"https:\/\/www.castrum.ee\/fi\/kauppa\/"},{"@type":"ListItem","position":3,"name":"Kylkiputket BB004 Arena | VW Caddy Maxi [04+]"}]},{"@type":"WebSite","@id":"https:\/\/www.castrum.ee\/fi\/#website","url":"https:\/\/www.castrum.ee\/fi\/","name":"Castrum","description":"Maastoautojen, henkil\u00f6autojen ja pienvaunujen lis\u00e4varusteet","publisher":{"@id":"https:\/\/www.castrum.ee\/fi\/#organization"},"potentialAction":[{"@type":"SearchAction","target":{"@type":"EntryPoint","urlTemplate":"https:\/\/www.castrum.ee\/fi\/?s={search_term_string}"},"query-input":{"@type":"PropertyValueSpecification","valueRequired":true,"valueName":"search_term_string"}}],"inLanguage":"fi"},{"@type":"Organization","@id":"https:\/\/www.castrum.ee\/fi\/#organization","name":"Castrum Grupp O\u00dc","url":"https:\/\/www.castrum.ee\/fi\/","logo":{"@type":"ImageObject","inLanguage":"fi","@id":"https:\/\/www.castrum.ee\/fi\/#\/schema\/logo\/image\/","url":"https:\/\/www.castrum.ee\/wp-content\/uploads\/2025\/03\/Castrum-logo-500.png","contentUrl":"https:\/\/www.castrum.ee\/wp-content\/uploads\/2025\/03\/Castrum-logo-500.png","width":500,"height":250,"caption":"Castrum Grupp O\u00dc"},"image":{"@id":"https:\/\/www.castrum.ee\/fi\/#\/schema\/logo\/image\/"},"sameAs":["https:\/\/www.facebook.com\/castrum.ee"]}]}},"_links":{"self":[{"href":"https:\/\/www.castrum.ee\/fi\/wp-json\/wp\/v2\/product\/79897","targetHints":{"allow":["GET"]}}],"collection":[{"href":"https:\/\/www.castrum.ee\/fi\/wp-json\/wp\/v2\/product"}],"about":[{"href":"https:\/\/www.castrum.ee\/fi\/wp-json\/wp\/v2\/types\/product"}],"wp:featuredmedia":[{"embeddable":true,"href":"https:\/\/www.castrum.ee\/fi\/wp-json\/wp\/v2\/media\/4153"}],"wp:attachment":[{"href":"https:\/\/www.castrum.ee\/fi\/wp-json\/wp\/v2\/media?parent=79897"}],"wp:term":[{"taxonomy":"mark-ja-mudel","embeddable":true,"href":"https:\/\/www.castrum.ee\/fi\/wp-json\/wp\/v2\/mark-ja-mudel?post=79897"},{"taxonomy":"product_brand","embeddable":true,"href":"https:\/\/www.castrum.ee\/fi\/wp-json\/wp\/v2\/product_brand?post=79897"},{"taxonomy":"product_cat","embeddable":true,"href":"https:\/\/www.castrum.ee\/fi\/wp-json\/wp\/v2\/product_cat?post=79897"},{"taxonomy":"product_tag","embeddable":true,"href":"https:\/\/www.castrum.ee\/fi\/wp-json\/wp\/v2\/product_tag?post=79897"}],"curies":[{"name":"wp","href":"https:\/\/api.w.org\/{rel}","templated":true}]}}