{"id":79898,"date":"2026-04-29T13:30:43","date_gmt":"2026-04-29T10:30:43","guid":{"rendered":"https:\/\/www.castrum.ee\/toode\/kylkiputket-bb004-arena-mb-v-class-vito-viano-14-21-yzsafa\/"},"modified":"2026-04-29T13:30:43","modified_gmt":"2026-04-29T10:30:43","slug":"kylkiputket-bb004-arena-mb-v-class-vito-viano-14-21","status":"publish","type":"product","link":"https:\/\/www.castrum.ee\/fi\/toode\/kylkiputket-bb004-arena-mb-v-class-vito-viano-14-21\/","title":{"rendered":"Kylkiputket BB004 Arena | MB V-Class \/ Vito \/ Viano [14+ \/ 21+]"},"content":{"rendered":"<p>Ruostumattomasta ter\u00e4ksest\u00e4 valmistetut kylkiputket, jotka on valmistettu uusimmalla teknologialla (CNC \u2013 laserleikattu), tarjoten ajoneuvolle paremman suojan ja silmiinpist\u00e4v\u00e4n ulkon\u00e4\u00f6n.<\/p>\n<p><strong>Ominaisuudet<\/strong><\/p>\n<ul>\n<li>Silmiinpist\u00e4v\u00e4 ulkon\u00e4k\u00f6 \u2013 antaa autolle ainutlaatuisen ilmeen.<\/li>\n<li>Valmistettu ruostumattomasta ter\u00e4ksest\u00e4 \u2013 parantaa ajoneuvon suojaa.<\/li>\n<li>Kest\u00e4vyys \u2013 kest\u00e4\u00e4 s\u00e4\u00e4olosuhteita ja ajan aiheuttamaa kulumista.<\/li>\n<li>Helppo asennus \/ Plug and play \u2013 kylkiputket on helppo asentaa, sill\u00e4 pakkauksessa on asennusohjeet ja tarvittavat kiinnitteet. Ajoneuvoa ei tarvitse muokata \u2013 kylkiputket kiinnitet\u00e4\u00e4n olemassa oleviin kiinnityskohtiin.<\/li>\n<\/ul>\n<p><strong>Pakkauksessa sis\u00e4ltyy:<\/strong><\/p>\n<ul>\n<li>Yksi pari kylkiputkia (vasen ja oikea).<\/li>\n<li>Asennukseen tarvittavat kiinnitysosat<\/li>\n<li>Asennusohje.<\/li>\n<\/ul>\n<p><strong>Helppo asentaa:<\/strong><br \/>\nKylkiputkien asennus on hyvin helppoa, sill\u00e4 pakkauksessa on sek\u00e4 asennusohje ett\u00e4 tarvittavat osat. T\u00e4m\u00e4 poistaa tarpeen ajoneuvon lis\u00e4muokkauksille. Kylkiputket asennetaan olemassa oleviin kiinnityskohtiin ajoneuvon rungossa tai rungossa.<br \/>\n<strong>Lis\u00e4suoja ajoneuvon korin sivuille:<\/strong><br \/>\nKylkiputket tarjoavat suojaa oviin ja sivupaneeleihin kivikosista, asfaltin murskista sek\u00e4 ahtaissa paikoissa muiden autojen ovista aiheutuvista vaurioista. T\u00e4m\u00e4 on erityisen t\u00e4rke\u00e4\u00e4 sora- ja p\u00f6lyteill\u00e4. Samoin astinlaudat suojaavat suuremmilta kiville ja py\u00f6rist\u00e4 sinkoilta esineilt\u00e4.<br \/>\n<strong>T\u00e4rke\u00e4\u00e4 tietoa:<\/strong><\/p>\n<ul>\n<li>Joissakin ajoneuvoissa kiinnitysten asennusreikien peitt\u00e4miseksi voi olla muovia tappeja, jotka on poistettava ennen kylkiputkien asennusta.<\/li>\n<li>\u00c4l\u00e4 k\u00e4yt\u00e4 metallivarusteiden puhdistukseen autontpesuaineita, jotka sis\u00e4lt\u00e4v\u00e4t TFR- (Traffic Film Remover) kemikaaleja, koska ne voivat aiheuttaa korroosiota. N\u00e4ill\u00e4 liuoksilla puhdistaminen voi mit\u00e4t\u00f6id\u00e4 takuun.<\/li>\n<li>Suosittelemme voimakkaasti tarkistamaan ruuvit ja kiinnitysosat 7 p\u00e4iv\u00e4n kuluttua ensimm\u00e4isest\u00e4 asennuksesta varmistaaksesi, ett\u00e4 ne ovat kunnolla kiinnitetty. Turvallisuussyist\u00e4 kaikki osat tulisi tarkistaa 3\u20136 kuukauden v\u00e4lein.<\/li>\n<\/ul>\n<p><strong>ARP-br\u00e4ndist\u00e4:<\/strong><br \/>\nARP on autonosien ja -varusteiden teollisuuden merkitt\u00e4v\u00e4 toimija, joka tarjoaa varaosi ja varusteet 4\u00d74 maastoautoille, lava-autoille, henkil\u00f6autoille, hy\u00f6tyajoneuvoille ja kaupalaisille ajoneuvoille, mukaan lukien sek\u00e4 vanhemmat ett\u00e4 uudemmat mallit. Castrum on ARP:n tuotteiden virallinen j\u00e4lleenmyyj\u00e4 Suomessa.<\/p>\n","protected":false},"excerpt":{"rendered":"<p>Kiillotetut ruostumattomat kylkiputket. Pakkaukseen sis\u00e4ltyy kaikki tarvittava asennusta varten. \u00d8 76 mm ja 1,5 mm sein\u00e4m\u00e4n paksuudella oleva ruostumaton ter\u00e4s.<\/p>\n","protected":false},"featured_media":4153,"template":"","meta":{"_acf_changed":false},"mark-ja-mudel":[],"product_brand":[1282,1566,1568,1567],"product_cat":[1066,1068],"product_tag":[],"class_list":{"0":"post-79898","1":"product","2":"type-product","3":"status-publish","4":"has-post-thumbnail","6":"product_brand-mercedes-benz","7":"product_brand-v-class","8":"product_brand-viano","9":"product_brand-vito","10":"product_cat-astinlaudat-ja-sivusuojat","11":"product_cat-sivuraudat","13":"first","14":"instock","15":"taxable","16":"shipping-taxable","17":"purchasable","18":"product-type-variable"},"bundled_by":[],"bundle_stock_status":"instock","bundle_stock_quantity":null,"bundle_virtual":false,"bundle_layout":"","bundle_add_to_cart_form_location":"","bundle_editable_in_cart":false,"bundle_sold_individually_context":"","bundle_item_grouping":"","bundle_min_size":"","bundle_max_size":"","bundle_price":[],"bundled_items":[],"bundle_sell_ids":[],"acf":[],"yoast_head":"<!-- This site is optimized with the Yoast SEO plugin v27.3 - https:\/\/yoast.com\/product\/yoast-seo-wordpress\/ -->\n<title>Kylkiputket BB004 Arena | MB V-Class \/ Vito \/ Viano [14+ \/ 21+]<\/title>\n<meta name=\"description\" content=\"Kylkiputket BB004 Arena MB V-Class \/ Vito \/ Viano \u2013 ruostumattomat kylkiputket ja astinlaudat. Maastoautojen, henkil\u00f6autojen ja pakettiautojen lis\u00e4varusteet.\" \/>\n<meta name=\"robots\" content=\"index, follow, max-snippet:-1, max-image-preview:large, max-video-preview:-1\" \/>\n<link rel=\"canonical\" href=\"https:\/\/www.castrum.ee\/fi\/toode\/kylkiputket-bb004-arena-mb-v-class-vito-viano-14-21\/\" \/>\n<meta property=\"og:locale\" content=\"fi_FI\" \/>\n<meta property=\"og:type\" content=\"article\" \/>\n<meta property=\"og:title\" content=\"Kylkiputket BB004 Arena | MB V-Class \/ Vito \/ Viano [14+ \/ 21+]\" \/>\n<meta property=\"og:description\" content=\"Kylkiputket BB004 Arena MB V-Class \/ Vito \/ Viano \u2013 ruostumattomat kylkiputket ja astinlaudat. Maastoautojen, henkil\u00f6autojen ja pakettiautojen lis\u00e4varusteet.\" \/>\n<meta property=\"og:url\" content=\"https:\/\/www.castrum.ee\/fi\/toode\/kylkiputket-bb004-arena-mb-v-class-vito-viano-14-21\/\" \/>\n<meta property=\"og:site_name\" content=\"Castrum\" \/>\n<meta property=\"article:publisher\" content=\"https:\/\/www.facebook.com\/castrum.ee\" \/>\n<meta property=\"og:image\" content=\"https:\/\/www.castrum.ee\/wp-content\/uploads\/2025\/06\/12956C67-ABA4-422A-BE20-0BF50E22BAC0.jpeg\" \/>\n\t<meta property=\"og:image:width\" content=\"800\" \/>\n\t<meta property=\"og:image:height\" content=\"600\" \/>\n\t<meta property=\"og:image:type\" content=\"image\/jpeg\" \/>\n<meta name=\"twitter:card\" content=\"summary_large_image\" \/>\n<meta name=\"twitter:label1\" content=\"Arvioitu lukuaika\" \/>\n\t<meta name=\"twitter:data1\" content=\"1 minuutti\" \/>\n<script type=\"application\/ld+json\" class=\"yoast-schema-graph\">{\"@context\":\"https:\\\/\\\/schema.org\",\"@graph\":[{\"@type\":\"WebPage\",\"@id\":\"https:\\\/\\\/www.castrum.ee\\\/fi\\\/toode\\\/kylkiputket-bb004-arena-mb-v-class-vito-viano-14-21\\\/\",\"url\":\"https:\\\/\\\/www.castrum.ee\\\/fi\\\/toode\\\/kylkiputket-bb004-arena-mb-v-class-vito-viano-14-21\\\/\",\"name\":\"Kylkiputket BB004 Arena | MB V-Class \\\/ Vito \\\/ Viano [14+ \\\/ 21+]\",\"isPartOf\":{\"@id\":\"https:\\\/\\\/www.castrum.ee\\\/fi\\\/#website\"},\"primaryImageOfPage\":{\"@id\":\"https:\\\/\\\/www.castrum.ee\\\/fi\\\/toode\\\/kylkiputket-bb004-arena-mb-v-class-vito-viano-14-21\\\/#primaryimage\"},\"image\":{\"@id\":\"https:\\\/\\\/www.castrum.ee\\\/fi\\\/toode\\\/kylkiputket-bb004-arena-mb-v-class-vito-viano-14-21\\\/#primaryimage\"},\"thumbnailUrl\":\"https:\\\/\\\/www.castrum.ee\\\/wp-content\\\/uploads\\\/2025\\\/06\\\/12956C67-ABA4-422A-BE20-0BF50E22BAC0.jpeg\",\"datePublished\":\"2026-04-29T10:30:43+00:00\",\"description\":\"Kylkiputket BB004 Arena MB V-Class \\\/ Vito \\\/ Viano \u2013 ruostumattomat kylkiputket ja astinlaudat. Maastoautojen, henkil\u00f6autojen ja pakettiautojen lis\u00e4varusteet.\",\"breadcrumb\":{\"@id\":\"https:\\\/\\\/www.castrum.ee\\\/fi\\\/toode\\\/kylkiputket-bb004-arena-mb-v-class-vito-viano-14-21\\\/#breadcrumb\"},\"inLanguage\":\"fi\",\"potentialAction\":[{\"@type\":\"ReadAction\",\"target\":[\"https:\\\/\\\/www.castrum.ee\\\/fi\\\/toode\\\/kylkiputket-bb004-arena-mb-v-class-vito-viano-14-21\\\/\"]}]},{\"@type\":\"ImageObject\",\"inLanguage\":\"fi\",\"@id\":\"https:\\\/\\\/www.castrum.ee\\\/fi\\\/toode\\\/kylkiputket-bb004-arena-mb-v-class-vito-viano-14-21\\\/#primaryimage\",\"url\":\"https:\\\/\\\/www.castrum.ee\\\/wp-content\\\/uploads\\\/2025\\\/06\\\/12956C67-ABA4-422A-BE20-0BF50E22BAC0.jpeg\",\"contentUrl\":\"https:\\\/\\\/www.castrum.ee\\\/wp-content\\\/uploads\\\/2025\\\/06\\\/12956C67-ABA4-422A-BE20-0BF50E22BAC0.jpeg\",\"width\":800,\"height\":600},{\"@type\":\"BreadcrumbList\",\"@id\":\"https:\\\/\\\/www.castrum.ee\\\/fi\\\/toode\\\/kylkiputket-bb004-arena-mb-v-class-vito-viano-14-21\\\/#breadcrumb\",\"itemListElement\":[{\"@type\":\"ListItem\",\"position\":1,\"name\":\"Home\",\"item\":\"https:\\\/\\\/www.castrum.ee\\\/fi\\\/kotisivu\\\/\"},{\"@type\":\"ListItem\",\"position\":2,\"name\":\"Verkkokauppa\",\"item\":\"https:\\\/\\\/www.castrum.ee\\\/fi\\\/kauppa\\\/\"},{\"@type\":\"ListItem\",\"position\":3,\"name\":\"Kylkiputket BB004 Arena | MB V-Class \\\/ Vito \\\/ Viano [14+ \\\/ 21+]\"}]},{\"@type\":\"WebSite\",\"@id\":\"https:\\\/\\\/www.castrum.ee\\\/fi\\\/#website\",\"url\":\"https:\\\/\\\/www.castrum.ee\\\/fi\\\/\",\"name\":\"Castrum\",\"description\":\"Maastoautojen, henkil\u00f6autojen ja pienvaunujen lis\u00e4varusteet\",\"publisher\":{\"@id\":\"https:\\\/\\\/www.castrum.ee\\\/fi\\\/#organization\"},\"potentialAction\":[{\"@type\":\"SearchAction\",\"target\":{\"@type\":\"EntryPoint\",\"urlTemplate\":\"https:\\\/\\\/www.castrum.ee\\\/fi\\\/?s={search_term_string}\"},\"query-input\":{\"@type\":\"PropertyValueSpecification\",\"valueRequired\":true,\"valueName\":\"search_term_string\"}}],\"inLanguage\":\"fi\"},{\"@type\":\"Organization\",\"@id\":\"https:\\\/\\\/www.castrum.ee\\\/fi\\\/#organization\",\"name\":\"Castrum Grupp O\u00dc\",\"url\":\"https:\\\/\\\/www.castrum.ee\\\/fi\\\/\",\"logo\":{\"@type\":\"ImageObject\",\"inLanguage\":\"fi\",\"@id\":\"https:\\\/\\\/www.castrum.ee\\\/fi\\\/#\\\/schema\\\/logo\\\/image\\\/\",\"url\":\"https:\\\/\\\/www.castrum.ee\\\/wp-content\\\/uploads\\\/2025\\\/03\\\/Castrum-logo-500.png\",\"contentUrl\":\"https:\\\/\\\/www.castrum.ee\\\/wp-content\\\/uploads\\\/2025\\\/03\\\/Castrum-logo-500.png\",\"width\":500,\"height\":250,\"caption\":\"Castrum Grupp O\u00dc\"},\"image\":{\"@id\":\"https:\\\/\\\/www.castrum.ee\\\/fi\\\/#\\\/schema\\\/logo\\\/image\\\/\"},\"sameAs\":[\"https:\\\/\\\/www.facebook.com\\\/castrum.ee\"]}]}<\/script>\n<!-- \/ Yoast SEO plugin. -->","yoast_head_json":{"title":"Kylkiputket BB004 Arena | MB V-Class \/ Vito \/ Viano [14+ \/ 21+]","description":"Kylkiputket BB004 Arena MB V-Class \/ Vito \/ Viano \u2013 ruostumattomat kylkiputket ja astinlaudat. Maastoautojen, henkil\u00f6autojen ja pakettiautojen lis\u00e4varusteet.","robots":{"index":"index","follow":"follow","max-snippet":"max-snippet:-1","max-image-preview":"max-image-preview:large","max-video-preview":"max-video-preview:-1"},"canonical":"https:\/\/www.castrum.ee\/fi\/toode\/kylkiputket-bb004-arena-mb-v-class-vito-viano-14-21\/","og_locale":"fi_FI","og_type":"article","og_title":"Kylkiputket BB004 Arena | MB V-Class \/ Vito \/ Viano [14+ \/ 21+]","og_description":"Kylkiputket BB004 Arena MB V-Class \/ Vito \/ Viano \u2013 ruostumattomat kylkiputket ja astinlaudat. Maastoautojen, henkil\u00f6autojen ja pakettiautojen lis\u00e4varusteet.","og_url":"https:\/\/www.castrum.ee\/fi\/toode\/kylkiputket-bb004-arena-mb-v-class-vito-viano-14-21\/","og_site_name":"Castrum","article_publisher":"https:\/\/www.facebook.com\/castrum.ee","og_image":[{"width":800,"height":600,"url":"https:\/\/www.castrum.ee\/wp-content\/uploads\/2025\/06\/12956C67-ABA4-422A-BE20-0BF50E22BAC0.jpeg","type":"image\/jpeg"}],"twitter_card":"summary_large_image","twitter_misc":{"Arvioitu lukuaika":"1 minuutti"},"schema":{"@context":"https:\/\/schema.org","@graph":[{"@type":"WebPage","@id":"https:\/\/www.castrum.ee\/fi\/toode\/kylkiputket-bb004-arena-mb-v-class-vito-viano-14-21\/","url":"https:\/\/www.castrum.ee\/fi\/toode\/kylkiputket-bb004-arena-mb-v-class-vito-viano-14-21\/","name":"Kylkiputket BB004 Arena | MB V-Class \/ Vito \/ Viano [14+ \/ 21+]","isPartOf":{"@id":"https:\/\/www.castrum.ee\/fi\/#website"},"primaryImageOfPage":{"@id":"https:\/\/www.castrum.ee\/fi\/toode\/kylkiputket-bb004-arena-mb-v-class-vito-viano-14-21\/#primaryimage"},"image":{"@id":"https:\/\/www.castrum.ee\/fi\/toode\/kylkiputket-bb004-arena-mb-v-class-vito-viano-14-21\/#primaryimage"},"thumbnailUrl":"https:\/\/www.castrum.ee\/wp-content\/uploads\/2025\/06\/12956C67-ABA4-422A-BE20-0BF50E22BAC0.jpeg","datePublished":"2026-04-29T10:30:43+00:00","description":"Kylkiputket BB004 Arena MB V-Class \/ Vito \/ Viano \u2013 ruostumattomat kylkiputket ja astinlaudat. Maastoautojen, henkil\u00f6autojen ja pakettiautojen lis\u00e4varusteet.","breadcrumb":{"@id":"https:\/\/www.castrum.ee\/fi\/toode\/kylkiputket-bb004-arena-mb-v-class-vito-viano-14-21\/#breadcrumb"},"inLanguage":"fi","potentialAction":[{"@type":"ReadAction","target":["https:\/\/www.castrum.ee\/fi\/toode\/kylkiputket-bb004-arena-mb-v-class-vito-viano-14-21\/"]}]},{"@type":"ImageObject","inLanguage":"fi","@id":"https:\/\/www.castrum.ee\/fi\/toode\/kylkiputket-bb004-arena-mb-v-class-vito-viano-14-21\/#primaryimage","url":"https:\/\/www.castrum.ee\/wp-content\/uploads\/2025\/06\/12956C67-ABA4-422A-BE20-0BF50E22BAC0.jpeg","contentUrl":"https:\/\/www.castrum.ee\/wp-content\/uploads\/2025\/06\/12956C67-ABA4-422A-BE20-0BF50E22BAC0.jpeg","width":800,"height":600},{"@type":"BreadcrumbList","@id":"https:\/\/www.castrum.ee\/fi\/toode\/kylkiputket-bb004-arena-mb-v-class-vito-viano-14-21\/#breadcrumb","itemListElement":[{"@type":"ListItem","position":1,"name":"Home","item":"https:\/\/www.castrum.ee\/fi\/kotisivu\/"},{"@type":"ListItem","position":2,"name":"Verkkokauppa","item":"https:\/\/www.castrum.ee\/fi\/kauppa\/"},{"@type":"ListItem","position":3,"name":"Kylkiputket BB004 Arena | MB V-Class \/ Vito \/ Viano [14+ \/ 21+]"}]},{"@type":"WebSite","@id":"https:\/\/www.castrum.ee\/fi\/#website","url":"https:\/\/www.castrum.ee\/fi\/","name":"Castrum","description":"Maastoautojen, henkil\u00f6autojen ja pienvaunujen lis\u00e4varusteet","publisher":{"@id":"https:\/\/www.castrum.ee\/fi\/#organization"},"potentialAction":[{"@type":"SearchAction","target":{"@type":"EntryPoint","urlTemplate":"https:\/\/www.castrum.ee\/fi\/?s={search_term_string}"},"query-input":{"@type":"PropertyValueSpecification","valueRequired":true,"valueName":"search_term_string"}}],"inLanguage":"fi"},{"@type":"Organization","@id":"https:\/\/www.castrum.ee\/fi\/#organization","name":"Castrum Grupp O\u00dc","url":"https:\/\/www.castrum.ee\/fi\/","logo":{"@type":"ImageObject","inLanguage":"fi","@id":"https:\/\/www.castrum.ee\/fi\/#\/schema\/logo\/image\/","url":"https:\/\/www.castrum.ee\/wp-content\/uploads\/2025\/03\/Castrum-logo-500.png","contentUrl":"https:\/\/www.castrum.ee\/wp-content\/uploads\/2025\/03\/Castrum-logo-500.png","width":500,"height":250,"caption":"Castrum Grupp O\u00dc"},"image":{"@id":"https:\/\/www.castrum.ee\/fi\/#\/schema\/logo\/image\/"},"sameAs":["https:\/\/www.facebook.com\/castrum.ee"]}]}},"_links":{"self":[{"href":"https:\/\/www.castrum.ee\/fi\/wp-json\/wp\/v2\/product\/79898","targetHints":{"allow":["GET"]}}],"collection":[{"href":"https:\/\/www.castrum.ee\/fi\/wp-json\/wp\/v2\/product"}],"about":[{"href":"https:\/\/www.castrum.ee\/fi\/wp-json\/wp\/v2\/types\/product"}],"wp:featuredmedia":[{"embeddable":true,"href":"https:\/\/www.castrum.ee\/fi\/wp-json\/wp\/v2\/media\/4153"}],"wp:attachment":[{"href":"https:\/\/www.castrum.ee\/fi\/wp-json\/wp\/v2\/media?parent=79898"}],"wp:term":[{"taxonomy":"mark-ja-mudel","embeddable":true,"href":"https:\/\/www.castrum.ee\/fi\/wp-json\/wp\/v2\/mark-ja-mudel?post=79898"},{"taxonomy":"product_brand","embeddable":true,"href":"https:\/\/www.castrum.ee\/fi\/wp-json\/wp\/v2\/product_brand?post=79898"},{"taxonomy":"product_cat","embeddable":true,"href":"https:\/\/www.castrum.ee\/fi\/wp-json\/wp\/v2\/product_cat?post=79898"},{"taxonomy":"product_tag","embeddable":true,"href":"https:\/\/www.castrum.ee\/fi\/wp-json\/wp\/v2\/product_tag?post=79898"}],"curies":[{"name":"wp","href":"https:\/\/api.w.org\/{rel}","templated":true}]}}