{"id":79900,"date":"2026-04-29T13:31:31","date_gmt":"2026-04-29T10:31:31","guid":{"rendered":"https:\/\/www.castrum.ee\/toode\/kylkiputket-askelmilla-ov006-premium-chrome-mitsubishi-l200-19-wmaod1\/"},"modified":"2026-04-29T13:31:31","modified_gmt":"2026-04-29T10:31:31","slug":"kylkiputket-askelmilla-ov006-premium-chrome-mitsubishi-l200-19","status":"publish","type":"product","link":"https:\/\/www.castrum.ee\/fi\/toode\/kylkiputket-askelmilla-ov006-premium-chrome-mitsubishi-l200-19\/","title":{"rendered":"Kylkiputket askelmilla OV006 Premium Chrome | Mitsubishi L200 [19+]"},"content":{"rendered":"<p>Ruostumattomasta ter\u00e4ksest\u00e4 valmistetut kylkiputket, jotka on valmistettu uusimmalla teknologialla (CNC \u2013 laserleikat), tarjoten ajoneuvolle parempaa suojaa ja silmiinpist\u00e4v\u00e4\u00e4 ulkon\u00e4k\u00f6\u00e4.<\/p>\n<p><strong>Ominaisuudet<\/strong><\/p>\n<ul>\n<li>Silmiinpist\u00e4v\u00e4 ulkon\u00e4k\u00f6 \u2013 antaa autolle ainutlaatuisen ilmeen.<\/li>\n<li>Valmistettu ruostumattomasta ter\u00e4ksest\u00e4 \u2013 parantaa ajoneuvon suojaa.<\/li>\n<li>Kest\u00e4vyys \u2013 kest\u00e4\u00e4 s\u00e4\u00e4noloja ja ajan kulumista.<\/li>\n<li>Helppo asentaminen \/ Plug and play \u2013 kylkiputket asennetaan helposti, sill\u00e4 sarjaan kuuluu asennusohjeet ja tarvittavat kiinnikkeet. Autoa ei tarvitse muokata \u2013 kylkiputket kiinnitet\u00e4\u00e4n olemassa oleviin kiinnityspaikkoihin.<\/li>\n<\/ul>\n<p><strong>Sarjaan kuuluu:<\/strong><\/p>\n<ul>\n<li>Yksi pari kylkiputkia (vasen ja oikea).<\/li>\n<li>Asennukseen tarvittavat kiinnikkeet<\/li>\n<li>Asennusohjeet.<\/li>\n<\/ul>\n<p><strong>Helppo asentaa:<\/strong><br \/>\nKylkiputkien asentaminen on hyvin helppoa, sill\u00e4 sarjaan kuuluu sek\u00e4 asennusohje ett\u00e4 tarvittavat osat. T\u00e4m\u00e4 eliminoi tarpeen ajoneuvon lis\u00e4muutoksille. Kylkiputket asennetaan olemassa oleviin kiinnityspaikkoihin ajoneuvon rungossa tai korin kyljell\u00e4.<br \/>\n<strong>Lis\u00e4suoja ajoneuvon kolle:<\/strong><br \/>\nKylkiputket suojaavat ovia ja sivupaneeleja kivi\u00e4, asfaltin sirpaleita ja ahtaissa paikoissa muiden autojen ovista aiheutuvia vaurioita vastaan. T\u00e4m\u00e4 on erityisen t\u00e4rke\u00e4\u00e4 sora- ja maa-teill\u00e4. Samoin askelmilla suojataan suuremmilta kivilta ja py\u00f6rilt\u00e4 heitettyilt\u00e4 esineilt\u00e4.<br \/>\n<strong>T\u00e4rke\u00e4\u00e4 tietoa:<\/strong><\/p>\n<ul>\n<li>Joillakin ajoneuvoilla voi olla muovisia korkkeita, jotka peitt\u00e4v\u00e4t kiinnitysten asennusreiki\u00e4 \u2013 ne on poistettava ennen kylkiputkien asentamista.<\/li>\n<li>\u00c4l\u00e4 k\u00e4yt\u00e4 metallisten lis\u00e4varusteiden puhdistamiseen auton puhdistusaineita, joissa on TFR- (Traffic Film Remover) kemikaaleja, sill\u00e4 ne voivat aiheuttaa korroosiota. Puhdistaminen n\u00e4ill\u00e4 liuoksilla voi mit\u00e4t\u00f6id\u00e4 takuun.<\/li>\n<li>Suosittelemme vahvasti tarkistamaan ruuvit ja kiinnitysosat 7 p\u00e4iv\u00e4n kuluttua ensimm\u00e4isest\u00e4 asennuksesta, jotta voit varmistua, ett\u00e4 ne on kiinnitetty kunnolla. Turvallisuuden vuoksi kaikki osat tulee tarkistaa jokaisen 3\u20136 kuukauden v\u00e4lein.<\/li>\n<\/ul>\n<p><strong>ARP-br\u00e4ndist\u00e4:<\/strong><br \/>\nARP on merkitt\u00e4v\u00e4 toimija auto-osien ja -tarvikkeiden teollisuudessa, tarjoten varaosia ja tarvikkeita 4\u00d74 maastoautoille, lava-autoille, henkil\u00f6autoille, hy\u00f6tyajoneuvoille ja kuorma-autoille, mukaan lukien sek\u00e4 vanhemmat ett\u00e4 uudemmat mallit. Castrum on ARP-tuotteiden virallinen j\u00e4lleenmyyj\u00e4 Suomessa.<\/p>\n","protected":false},"excerpt":{"rendered":"<p>Soikeat \u00d8 70&#215;105 mm ter\u00e4ksest\u00e4 valmistetut askelmalla varustetut kylkiputket. Sarjaan kuuluu kaikki asennukseen tarvittava.<\/p>\n","protected":false},"featured_media":6233,"template":"","meta":{"_acf_changed":false},"mark-ja-mudel":[],"product_brand":[1285,1284],"product_cat":[1066,1068],"product_tag":[],"class_list":{"0":"post-79900","1":"product","2":"type-product","3":"status-publish","4":"has-post-thumbnail","6":"product_brand-l200","7":"product_brand-mitsubishi","8":"product_cat-astinlaudat-ja-sivusuojat","9":"product_cat-sivuraudat","11":"first","12":"instock","13":"taxable","14":"shipping-taxable","15":"purchasable","16":"product-type-variable"},"bundled_by":[],"bundle_stock_status":"instock","bundle_stock_quantity":null,"bundle_virtual":false,"bundle_layout":"","bundle_add_to_cart_form_location":"","bundle_editable_in_cart":false,"bundle_sold_individually_context":"","bundle_item_grouping":"","bundle_min_size":"","bundle_max_size":"","bundle_price":[],"bundled_items":[],"bundle_sell_ids":[],"acf":[],"yoast_head":"<!-- This site is optimized with the Yoast SEO plugin v27.3 - https:\/\/yoast.com\/product\/yoast-seo-wordpress\/ -->\n<title>Kylkiputket askelmilla OV006 Premium | Mitsubishi L200<\/title>\n<meta name=\"description\" content=\"Kylkiputket askelmilla OV006 Premium Chrome Mitsubishi L200 [19+]. Ruostumatonta ter\u00e4st\u00e4, helppo asentaa. Kylkiputket ja suojakaaret lava-autoihin ja maastureihin.\" \/>\n<meta name=\"robots\" content=\"index, follow, max-snippet:-1, max-image-preview:large, max-video-preview:-1\" \/>\n<link rel=\"canonical\" href=\"https:\/\/www.castrum.ee\/fi\/toode\/kylkiputket-askelmilla-ov006-premium-chrome-mitsubishi-l200-19\/\" \/>\n<meta property=\"og:locale\" content=\"fi_FI\" \/>\n<meta property=\"og:type\" content=\"article\" \/>\n<meta property=\"og:title\" content=\"Kylkiputket askelmilla OV006 Premium | Mitsubishi L200\" \/>\n<meta property=\"og:description\" content=\"Kylkiputket askelmilla OV006 Premium Chrome Mitsubishi L200 [19+]. Ruostumatonta ter\u00e4st\u00e4, helppo asentaa. Kylkiputket ja suojakaaret lava-autoihin ja maastureihin.\" \/>\n<meta property=\"og:url\" content=\"https:\/\/www.castrum.ee\/fi\/toode\/kylkiputket-askelmilla-ov006-premium-chrome-mitsubishi-l200-19\/\" \/>\n<meta property=\"og:site_name\" content=\"Castrum\" \/>\n<meta property=\"article:publisher\" content=\"https:\/\/www.facebook.com\/castrum.ee\" \/>\n<meta property=\"og:image\" content=\"https:\/\/www.castrum.ee\/wp-content\/uploads\/2025\/07\/final-75-3.jpg\" \/>\n\t<meta property=\"og:image:width\" content=\"484\" \/>\n\t<meta property=\"og:image:height\" content=\"373\" \/>\n\t<meta property=\"og:image:type\" content=\"image\/jpeg\" \/>\n<meta name=\"twitter:card\" content=\"summary_large_image\" \/>\n<meta name=\"twitter:label1\" content=\"Arvioitu lukuaika\" \/>\n\t<meta name=\"twitter:data1\" content=\"1 minuutti\" \/>\n<script type=\"application\/ld+json\" class=\"yoast-schema-graph\">{\"@context\":\"https:\\\/\\\/schema.org\",\"@graph\":[{\"@type\":\"WebPage\",\"@id\":\"https:\\\/\\\/www.castrum.ee\\\/fi\\\/toode\\\/kylkiputket-askelmilla-ov006-premium-chrome-mitsubishi-l200-19\\\/\",\"url\":\"https:\\\/\\\/www.castrum.ee\\\/fi\\\/toode\\\/kylkiputket-askelmilla-ov006-premium-chrome-mitsubishi-l200-19\\\/\",\"name\":\"Kylkiputket askelmilla OV006 Premium | Mitsubishi L200\",\"isPartOf\":{\"@id\":\"https:\\\/\\\/www.castrum.ee\\\/fi\\\/#website\"},\"primaryImageOfPage\":{\"@id\":\"https:\\\/\\\/www.castrum.ee\\\/fi\\\/toode\\\/kylkiputket-askelmilla-ov006-premium-chrome-mitsubishi-l200-19\\\/#primaryimage\"},\"image\":{\"@id\":\"https:\\\/\\\/www.castrum.ee\\\/fi\\\/toode\\\/kylkiputket-askelmilla-ov006-premium-chrome-mitsubishi-l200-19\\\/#primaryimage\"},\"thumbnailUrl\":\"https:\\\/\\\/www.castrum.ee\\\/wp-content\\\/uploads\\\/2025\\\/07\\\/final-75-3.jpg\",\"datePublished\":\"2026-04-29T10:31:31+00:00\",\"description\":\"Kylkiputket askelmilla OV006 Premium Chrome Mitsubishi L200 [19+]. Ruostumatonta ter\u00e4st\u00e4, helppo asentaa. Kylkiputket ja suojakaaret lava-autoihin ja maastureihin.\",\"breadcrumb\":{\"@id\":\"https:\\\/\\\/www.castrum.ee\\\/fi\\\/toode\\\/kylkiputket-askelmilla-ov006-premium-chrome-mitsubishi-l200-19\\\/#breadcrumb\"},\"inLanguage\":\"fi\",\"potentialAction\":[{\"@type\":\"ReadAction\",\"target\":[\"https:\\\/\\\/www.castrum.ee\\\/fi\\\/toode\\\/kylkiputket-askelmilla-ov006-premium-chrome-mitsubishi-l200-19\\\/\"]}]},{\"@type\":\"ImageObject\",\"inLanguage\":\"fi\",\"@id\":\"https:\\\/\\\/www.castrum.ee\\\/fi\\\/toode\\\/kylkiputket-askelmilla-ov006-premium-chrome-mitsubishi-l200-19\\\/#primaryimage\",\"url\":\"https:\\\/\\\/www.castrum.ee\\\/wp-content\\\/uploads\\\/2025\\\/07\\\/final-75-3.jpg\",\"contentUrl\":\"https:\\\/\\\/www.castrum.ee\\\/wp-content\\\/uploads\\\/2025\\\/07\\\/final-75-3.jpg\",\"width\":484,\"height\":373},{\"@type\":\"BreadcrumbList\",\"@id\":\"https:\\\/\\\/www.castrum.ee\\\/fi\\\/toode\\\/kylkiputket-askelmilla-ov006-premium-chrome-mitsubishi-l200-19\\\/#breadcrumb\",\"itemListElement\":[{\"@type\":\"ListItem\",\"position\":1,\"name\":\"Home\",\"item\":\"https:\\\/\\\/www.castrum.ee\\\/fi\\\/kotisivu\\\/\"},{\"@type\":\"ListItem\",\"position\":2,\"name\":\"Verkkokauppa\",\"item\":\"https:\\\/\\\/www.castrum.ee\\\/fi\\\/kauppa\\\/\"},{\"@type\":\"ListItem\",\"position\":3,\"name\":\"Kylkiputket askelmilla OV006 Premium Chrome | Mitsubishi L200 [19+]\"}]},{\"@type\":\"WebSite\",\"@id\":\"https:\\\/\\\/www.castrum.ee\\\/fi\\\/#website\",\"url\":\"https:\\\/\\\/www.castrum.ee\\\/fi\\\/\",\"name\":\"Castrum\",\"description\":\"Maastoautojen, henkil\u00f6autojen ja pienvaunujen lis\u00e4varusteet\",\"publisher\":{\"@id\":\"https:\\\/\\\/www.castrum.ee\\\/fi\\\/#organization\"},\"potentialAction\":[{\"@type\":\"SearchAction\",\"target\":{\"@type\":\"EntryPoint\",\"urlTemplate\":\"https:\\\/\\\/www.castrum.ee\\\/fi\\\/?s={search_term_string}\"},\"query-input\":{\"@type\":\"PropertyValueSpecification\",\"valueRequired\":true,\"valueName\":\"search_term_string\"}}],\"inLanguage\":\"fi\"},{\"@type\":\"Organization\",\"@id\":\"https:\\\/\\\/www.castrum.ee\\\/fi\\\/#organization\",\"name\":\"Castrum Grupp O\u00dc\",\"url\":\"https:\\\/\\\/www.castrum.ee\\\/fi\\\/\",\"logo\":{\"@type\":\"ImageObject\",\"inLanguage\":\"fi\",\"@id\":\"https:\\\/\\\/www.castrum.ee\\\/fi\\\/#\\\/schema\\\/logo\\\/image\\\/\",\"url\":\"https:\\\/\\\/www.castrum.ee\\\/wp-content\\\/uploads\\\/2025\\\/03\\\/Castrum-logo-500.png\",\"contentUrl\":\"https:\\\/\\\/www.castrum.ee\\\/wp-content\\\/uploads\\\/2025\\\/03\\\/Castrum-logo-500.png\",\"width\":500,\"height\":250,\"caption\":\"Castrum Grupp O\u00dc\"},\"image\":{\"@id\":\"https:\\\/\\\/www.castrum.ee\\\/fi\\\/#\\\/schema\\\/logo\\\/image\\\/\"},\"sameAs\":[\"https:\\\/\\\/www.facebook.com\\\/castrum.ee\"]}]}<\/script>\n<!-- \/ Yoast SEO plugin. -->","yoast_head_json":{"title":"Kylkiputket askelmilla OV006 Premium | Mitsubishi L200","description":"Kylkiputket askelmilla OV006 Premium Chrome Mitsubishi L200 [19+]. Ruostumatonta ter\u00e4st\u00e4, helppo asentaa. Kylkiputket ja suojakaaret lava-autoihin ja maastureihin.","robots":{"index":"index","follow":"follow","max-snippet":"max-snippet:-1","max-image-preview":"max-image-preview:large","max-video-preview":"max-video-preview:-1"},"canonical":"https:\/\/www.castrum.ee\/fi\/toode\/kylkiputket-askelmilla-ov006-premium-chrome-mitsubishi-l200-19\/","og_locale":"fi_FI","og_type":"article","og_title":"Kylkiputket askelmilla OV006 Premium | Mitsubishi L200","og_description":"Kylkiputket askelmilla OV006 Premium Chrome Mitsubishi L200 [19+]. Ruostumatonta ter\u00e4st\u00e4, helppo asentaa. Kylkiputket ja suojakaaret lava-autoihin ja maastureihin.","og_url":"https:\/\/www.castrum.ee\/fi\/toode\/kylkiputket-askelmilla-ov006-premium-chrome-mitsubishi-l200-19\/","og_site_name":"Castrum","article_publisher":"https:\/\/www.facebook.com\/castrum.ee","og_image":[{"width":484,"height":373,"url":"https:\/\/www.castrum.ee\/wp-content\/uploads\/2025\/07\/final-75-3.jpg","type":"image\/jpeg"}],"twitter_card":"summary_large_image","twitter_misc":{"Arvioitu lukuaika":"1 minuutti"},"schema":{"@context":"https:\/\/schema.org","@graph":[{"@type":"WebPage","@id":"https:\/\/www.castrum.ee\/fi\/toode\/kylkiputket-askelmilla-ov006-premium-chrome-mitsubishi-l200-19\/","url":"https:\/\/www.castrum.ee\/fi\/toode\/kylkiputket-askelmilla-ov006-premium-chrome-mitsubishi-l200-19\/","name":"Kylkiputket askelmilla OV006 Premium | Mitsubishi L200","isPartOf":{"@id":"https:\/\/www.castrum.ee\/fi\/#website"},"primaryImageOfPage":{"@id":"https:\/\/www.castrum.ee\/fi\/toode\/kylkiputket-askelmilla-ov006-premium-chrome-mitsubishi-l200-19\/#primaryimage"},"image":{"@id":"https:\/\/www.castrum.ee\/fi\/toode\/kylkiputket-askelmilla-ov006-premium-chrome-mitsubishi-l200-19\/#primaryimage"},"thumbnailUrl":"https:\/\/www.castrum.ee\/wp-content\/uploads\/2025\/07\/final-75-3.jpg","datePublished":"2026-04-29T10:31:31+00:00","description":"Kylkiputket askelmilla OV006 Premium Chrome Mitsubishi L200 [19+]. Ruostumatonta ter\u00e4st\u00e4, helppo asentaa. Kylkiputket ja suojakaaret lava-autoihin ja maastureihin.","breadcrumb":{"@id":"https:\/\/www.castrum.ee\/fi\/toode\/kylkiputket-askelmilla-ov006-premium-chrome-mitsubishi-l200-19\/#breadcrumb"},"inLanguage":"fi","potentialAction":[{"@type":"ReadAction","target":["https:\/\/www.castrum.ee\/fi\/toode\/kylkiputket-askelmilla-ov006-premium-chrome-mitsubishi-l200-19\/"]}]},{"@type":"ImageObject","inLanguage":"fi","@id":"https:\/\/www.castrum.ee\/fi\/toode\/kylkiputket-askelmilla-ov006-premium-chrome-mitsubishi-l200-19\/#primaryimage","url":"https:\/\/www.castrum.ee\/wp-content\/uploads\/2025\/07\/final-75-3.jpg","contentUrl":"https:\/\/www.castrum.ee\/wp-content\/uploads\/2025\/07\/final-75-3.jpg","width":484,"height":373},{"@type":"BreadcrumbList","@id":"https:\/\/www.castrum.ee\/fi\/toode\/kylkiputket-askelmilla-ov006-premium-chrome-mitsubishi-l200-19\/#breadcrumb","itemListElement":[{"@type":"ListItem","position":1,"name":"Home","item":"https:\/\/www.castrum.ee\/fi\/kotisivu\/"},{"@type":"ListItem","position":2,"name":"Verkkokauppa","item":"https:\/\/www.castrum.ee\/fi\/kauppa\/"},{"@type":"ListItem","position":3,"name":"Kylkiputket askelmilla OV006 Premium Chrome | Mitsubishi L200 [19+]"}]},{"@type":"WebSite","@id":"https:\/\/www.castrum.ee\/fi\/#website","url":"https:\/\/www.castrum.ee\/fi\/","name":"Castrum","description":"Maastoautojen, henkil\u00f6autojen ja pienvaunujen lis\u00e4varusteet","publisher":{"@id":"https:\/\/www.castrum.ee\/fi\/#organization"},"potentialAction":[{"@type":"SearchAction","target":{"@type":"EntryPoint","urlTemplate":"https:\/\/www.castrum.ee\/fi\/?s={search_term_string}"},"query-input":{"@type":"PropertyValueSpecification","valueRequired":true,"valueName":"search_term_string"}}],"inLanguage":"fi"},{"@type":"Organization","@id":"https:\/\/www.castrum.ee\/fi\/#organization","name":"Castrum Grupp O\u00dc","url":"https:\/\/www.castrum.ee\/fi\/","logo":{"@type":"ImageObject","inLanguage":"fi","@id":"https:\/\/www.castrum.ee\/fi\/#\/schema\/logo\/image\/","url":"https:\/\/www.castrum.ee\/wp-content\/uploads\/2025\/03\/Castrum-logo-500.png","contentUrl":"https:\/\/www.castrum.ee\/wp-content\/uploads\/2025\/03\/Castrum-logo-500.png","width":500,"height":250,"caption":"Castrum Grupp O\u00dc"},"image":{"@id":"https:\/\/www.castrum.ee\/fi\/#\/schema\/logo\/image\/"},"sameAs":["https:\/\/www.facebook.com\/castrum.ee"]}]}},"_links":{"self":[{"href":"https:\/\/www.castrum.ee\/fi\/wp-json\/wp\/v2\/product\/79900","targetHints":{"allow":["GET"]}}],"collection":[{"href":"https:\/\/www.castrum.ee\/fi\/wp-json\/wp\/v2\/product"}],"about":[{"href":"https:\/\/www.castrum.ee\/fi\/wp-json\/wp\/v2\/types\/product"}],"wp:featuredmedia":[{"embeddable":true,"href":"https:\/\/www.castrum.ee\/fi\/wp-json\/wp\/v2\/media\/6233"}],"wp:attachment":[{"href":"https:\/\/www.castrum.ee\/fi\/wp-json\/wp\/v2\/media?parent=79900"}],"wp:term":[{"taxonomy":"mark-ja-mudel","embeddable":true,"href":"https:\/\/www.castrum.ee\/fi\/wp-json\/wp\/v2\/mark-ja-mudel?post=79900"},{"taxonomy":"product_brand","embeddable":true,"href":"https:\/\/www.castrum.ee\/fi\/wp-json\/wp\/v2\/product_brand?post=79900"},{"taxonomy":"product_cat","embeddable":true,"href":"https:\/\/www.castrum.ee\/fi\/wp-json\/wp\/v2\/product_cat?post=79900"},{"taxonomy":"product_tag","embeddable":true,"href":"https:\/\/www.castrum.ee\/fi\/wp-json\/wp\/v2\/product_tag?post=79900"}],"curies":[{"name":"wp","href":"https:\/\/api.w.org\/{rel}","templated":true}]}}