{"id":79954,"date":"2026-04-29T13:52:14","date_gmt":"2026-04-29T10:52:14","guid":{"rendered":"https:\/\/www.castrum.ee\/toode\/rival-alumiiniuminen-lavakuomu-ford-ranger-raptor-extra-cab-12-22-m0kpdt\/"},"modified":"2026-04-29T13:52:14","modified_gmt":"2026-04-29T10:52:14","slug":"rival-alumiiniuminen-lavakuomu-ford-ranger-raptor-extra-cab-12-22","status":"publish","type":"product","link":"https:\/\/www.castrum.ee\/fi\/toode\/rival-alumiiniuminen-lavakuomu-ford-ranger-raptor-extra-cab-12-22\/","title":{"rendered":"RIVAL Alumiiniuminen lavakuomu Ford Ranger RAPTOR Extra Cab [12-22]"},"content":{"rendered":"<p>RIVAL-lavakuomu on varustettu ensiluokkaisella mattamustalla PVDF-jauhemaalipinnoitteella, joka takaa vertaansa vailla olevan kest\u00e4vyyden ja s\u00e4\u00e4olosuhteiden sietokyvyn. T\u00e4m\u00e4 laadukas viimeistely ehk\u00e4isee tehokkaasti hapettumista, pident\u00e4\u00e4 tuotteen k\u00e4ytt\u00f6ik\u00e4\u00e4 ja viimeistelee sen tyylikk\u00e4\u00e4n ja modernin ulkon\u00e4\u00f6n \u2013 vastaten korkeimpiin teollisuusstandardeihin sek\u00e4 suorituskyvyn ett\u00e4 estetiikan osalta.<\/p>\n<p>Lavakuomu on valmistettu A6063-alumiinista pursotetuilla runkorakenteilla.<\/p>\n<p>Kaikki paneelit ovat 4 mm alumiinikomposiittia ja vahvistettua ter\u00e4srunkoa, jonka sis\u00e4ll\u00e4 on EVA-vaahtoeristys.<\/p>\n<p>Integroidut LED-valot takaavat helpon k\u00e4yt\u00f6n milloin tahansa: pehme\u00e4 ja tasainen valo luo viihtyis\u00e4n tunnelman, lis\u00e4\u00e4 toiminnallisuutta ja tuo tilaan tyyli\u00e4. Valaistus on t\u00e4sm\u00e4lleen siell\u00e4, miss\u00e4 sit\u00e4 tarvitset \u2013 ilman turhia johtoja ja monimutkaista asennusta.<\/p>\n<p>Vahvistetut kaasujouset mahdollistavat RIVAL-lavakuomun avaamisen yhdell\u00e4 k\u00e4dell\u00e4, jopa haastavissa s\u00e4\u00e4olosuhteissa. Korroosionkest\u00e4v\u00e4 rakenne takaa vuosien toimintavarmuuden.<\/p>\n<p>RIVAL-lavakuomu on suunniteltu sujuvaa k\u00e4ytt\u00f6\u00e4 varten ja varustettu huomaamattomalla mutta tukevalla kattokaidej\u00e4rjestelm\u00e4ll\u00e4, joka on erityisesti suunniteltu RIVAL-kattotelineiden ja muiden premium-tarvikkeiden asennusta varten.<\/p>\n<p>Mukava k\u00e4ytt\u00f6j\u00e4rjestelm\u00e4, joka takaa vaivattoman ja sujuvan k\u00e4yt\u00f6n joka tilanteessa:<\/p>\n<li>\n<ul>Suuret ja hankalat esineet on helppo lastata optimoitukorkeuksiselta lastauskynnykselt\u00e4<\/ul>\n<ul>Monipuolinen ovikonfiguraatio tarpeen mukaan<\/ul>\n<ul>Turvallinen yhden k\u00e4den avaus intuitiivisella lukitusmekanismilla<\/ul>\n<\/li>\n","protected":false},"excerpt":{"rendered":"<p>Suunniteltu niille, jotka vaativat parasta \u2013 alumiininen modulaarinen lavakuomu hy\u00f6dynt\u00e4\u00e4 korkealaatuista pursotettua profiilisysteemi\u00e4, joka takaa poikkeuksellisen lujuuden, tarkkuuden ja helpon kokoamisen. Toisiinsa lukittuvat profiilit liukuvat saumattomasti paikoilleen muodostaen kest\u00e4v\u00e4n ja j\u00e4yk\u00e4n rakenteen ilman monimutkaisia ty\u00f6kaluja. Koe ensiluokkainen ratkaisu, joka on suunniteltu toimintavarmuutta, kest\u00e4vyytt\u00e4 ja helppoa asennusta varten.<\/p>\n","protected":false},"featured_media":27537,"template":"","meta":{"_acf_changed":false},"mark-ja-mudel":[],"product_brand":[1286,1287,1419],"product_cat":[1073,1074],"product_tag":[1107],"class_list":{"0":"post-79954","1":"product","2":"type-product","3":"status-publish","4":"has-post-thumbnail","6":"product_brand-ford","7":"product_brand-ranger","8":"product_brand-ranger-raptor","9":"product_cat-lavaraudat-ja-lavakannet","10":"product_cat-lavakuvut","11":"product_tag-toimitusaika-4-5-paivaa","13":"first","14":"instock","15":"taxable","16":"shipping-taxable","17":"purchasable","18":"product-type-simple"},"bundled_by":[],"bundle_stock_status":"instock","bundle_stock_quantity":null,"bundle_virtual":false,"bundle_layout":"","bundle_add_to_cart_form_location":"","bundle_editable_in_cart":false,"bundle_sold_individually_context":"","bundle_item_grouping":"","bundle_min_size":"","bundle_max_size":"","bundle_price":[],"bundled_items":[],"bundle_sell_ids":[],"acf":[],"yoast_head":"<!-- This site is optimized with the Yoast SEO plugin v27.3 - https:\/\/yoast.com\/product\/yoast-seo-wordpress\/ -->\n<title>RIVAL Alumiininen lavakuomu Ford Ranger RAPTOR Extra Cab [12-22] | Castrum<\/title>\n<meta name=\"description\" content=\"RIVAL alumiininen lavakuomu Ford Ranger RAPTOR Extra Cab [12-22]. Lavakuomut, lavakaaret ja lavakatteet \u2013 laadukasta maastoauto- ja lava-autotarviketta.\" \/>\n<meta name=\"robots\" content=\"index, follow, max-snippet:-1, max-image-preview:large, max-video-preview:-1\" \/>\n<link rel=\"canonical\" href=\"https:\/\/www.castrum.ee\/fi\/toode\/rival-alumiiniuminen-lavakuomu-ford-ranger-raptor-extra-cab-12-22\/\" \/>\n<meta property=\"og:locale\" content=\"fi_FI\" \/>\n<meta property=\"og:type\" content=\"article\" \/>\n<meta property=\"og:title\" content=\"RIVAL Alumiininen lavakuomu Ford Ranger RAPTOR Extra Cab [12-22] | Castrum\" \/>\n<meta property=\"og:description\" content=\"RIVAL alumiininen lavakuomu Ford Ranger RAPTOR Extra Cab [12-22]. Lavakuomut, lavakaaret ja lavakatteet \u2013 laadukasta maastoauto- ja lava-autotarviketta.\" \/>\n<meta property=\"og:url\" content=\"https:\/\/www.castrum.ee\/fi\/toode\/rival-alumiiniuminen-lavakuomu-ford-ranger-raptor-extra-cab-12-22\/\" \/>\n<meta property=\"og:site_name\" content=\"Castrum\" \/>\n<meta property=\"article:publisher\" content=\"https:\/\/www.facebook.com\/castrum.ee\" \/>\n<meta property=\"og:image\" content=\"https:\/\/www.castrum.ee\/wp-content\/uploads\/2025\/10\/EXRIVCAN1870B.jpg\" \/>\n\t<meta property=\"og:image:width\" content=\"1200\" \/>\n\t<meta property=\"og:image:height\" content=\"848\" \/>\n\t<meta property=\"og:image:type\" content=\"image\/jpeg\" \/>\n<meta name=\"twitter:card\" content=\"summary_large_image\" \/>\n<meta name=\"twitter:label1\" content=\"Arvioitu lukuaika\" \/>\n\t<meta name=\"twitter:data1\" content=\"1 minuutti\" \/>\n<script type=\"application\/ld+json\" class=\"yoast-schema-graph\">{\"@context\":\"https:\\\/\\\/schema.org\",\"@graph\":[{\"@type\":\"WebPage\",\"@id\":\"https:\\\/\\\/www.castrum.ee\\\/fi\\\/toode\\\/rival-alumiiniuminen-lavakuomu-ford-ranger-raptor-extra-cab-12-22\\\/\",\"url\":\"https:\\\/\\\/www.castrum.ee\\\/fi\\\/toode\\\/rival-alumiiniuminen-lavakuomu-ford-ranger-raptor-extra-cab-12-22\\\/\",\"name\":\"RIVAL Alumiininen lavakuomu Ford Ranger RAPTOR Extra Cab [12-22] | Castrum\",\"isPartOf\":{\"@id\":\"https:\\\/\\\/www.castrum.ee\\\/fi\\\/#website\"},\"primaryImageOfPage\":{\"@id\":\"https:\\\/\\\/www.castrum.ee\\\/fi\\\/toode\\\/rival-alumiiniuminen-lavakuomu-ford-ranger-raptor-extra-cab-12-22\\\/#primaryimage\"},\"image\":{\"@id\":\"https:\\\/\\\/www.castrum.ee\\\/fi\\\/toode\\\/rival-alumiiniuminen-lavakuomu-ford-ranger-raptor-extra-cab-12-22\\\/#primaryimage\"},\"thumbnailUrl\":\"https:\\\/\\\/www.castrum.ee\\\/wp-content\\\/uploads\\\/2025\\\/10\\\/EXRIVCAN1870B.jpg\",\"datePublished\":\"2026-04-29T10:52:14+00:00\",\"description\":\"RIVAL alumiininen lavakuomu Ford Ranger RAPTOR Extra Cab [12-22]. Lavakuomut, lavakaaret ja lavakatteet \u2013 laadukasta maastoauto- ja lava-autotarviketta.\",\"breadcrumb\":{\"@id\":\"https:\\\/\\\/www.castrum.ee\\\/fi\\\/toode\\\/rival-alumiiniuminen-lavakuomu-ford-ranger-raptor-extra-cab-12-22\\\/#breadcrumb\"},\"inLanguage\":\"fi\",\"potentialAction\":[{\"@type\":\"ReadAction\",\"target\":[\"https:\\\/\\\/www.castrum.ee\\\/fi\\\/toode\\\/rival-alumiiniuminen-lavakuomu-ford-ranger-raptor-extra-cab-12-22\\\/\"]}]},{\"@type\":\"ImageObject\",\"inLanguage\":\"fi\",\"@id\":\"https:\\\/\\\/www.castrum.ee\\\/fi\\\/toode\\\/rival-alumiiniuminen-lavakuomu-ford-ranger-raptor-extra-cab-12-22\\\/#primaryimage\",\"url\":\"https:\\\/\\\/www.castrum.ee\\\/wp-content\\\/uploads\\\/2025\\\/10\\\/EXRIVCAN1870B.jpg\",\"contentUrl\":\"https:\\\/\\\/www.castrum.ee\\\/wp-content\\\/uploads\\\/2025\\\/10\\\/EXRIVCAN1870B.jpg\",\"width\":1200,\"height\":848},{\"@type\":\"BreadcrumbList\",\"@id\":\"https:\\\/\\\/www.castrum.ee\\\/fi\\\/toode\\\/rival-alumiiniuminen-lavakuomu-ford-ranger-raptor-extra-cab-12-22\\\/#breadcrumb\",\"itemListElement\":[{\"@type\":\"ListItem\",\"position\":1,\"name\":\"Home\",\"item\":\"https:\\\/\\\/www.castrum.ee\\\/fi\\\/kotisivu\\\/\"},{\"@type\":\"ListItem\",\"position\":2,\"name\":\"Verkkokauppa\",\"item\":\"https:\\\/\\\/www.castrum.ee\\\/fi\\\/kauppa\\\/\"},{\"@type\":\"ListItem\",\"position\":3,\"name\":\"RIVAL Alumiiniuminen lavakuomu Ford Ranger RAPTOR Extra Cab [12-22]\"}]},{\"@type\":\"WebSite\",\"@id\":\"https:\\\/\\\/www.castrum.ee\\\/fi\\\/#website\",\"url\":\"https:\\\/\\\/www.castrum.ee\\\/fi\\\/\",\"name\":\"Castrum\",\"description\":\"Maasturite, s\u00f5iduautode ja v\u00e4ikebusside lisavarustus\",\"publisher\":{\"@id\":\"https:\\\/\\\/www.castrum.ee\\\/fi\\\/#organization\"},\"potentialAction\":[{\"@type\":\"SearchAction\",\"target\":{\"@type\":\"EntryPoint\",\"urlTemplate\":\"https:\\\/\\\/www.castrum.ee\\\/fi\\\/?s={search_term_string}\"},\"query-input\":{\"@type\":\"PropertyValueSpecification\",\"valueRequired\":true,\"valueName\":\"search_term_string\"}}],\"inLanguage\":\"fi\"},{\"@type\":\"Organization\",\"@id\":\"https:\\\/\\\/www.castrum.ee\\\/fi\\\/#organization\",\"name\":\"Castrum Grupp O\u00dc\",\"url\":\"https:\\\/\\\/www.castrum.ee\\\/fi\\\/\",\"logo\":{\"@type\":\"ImageObject\",\"inLanguage\":\"fi\",\"@id\":\"https:\\\/\\\/www.castrum.ee\\\/fi\\\/#\\\/schema\\\/logo\\\/image\\\/\",\"url\":\"https:\\\/\\\/www.castrum.ee\\\/wp-content\\\/uploads\\\/2025\\\/03\\\/Castrum-logo-500.png\",\"contentUrl\":\"https:\\\/\\\/www.castrum.ee\\\/wp-content\\\/uploads\\\/2025\\\/03\\\/Castrum-logo-500.png\",\"width\":500,\"height\":250,\"caption\":\"Castrum Grupp O\u00dc\"},\"image\":{\"@id\":\"https:\\\/\\\/www.castrum.ee\\\/fi\\\/#\\\/schema\\\/logo\\\/image\\\/\"},\"sameAs\":[\"https:\\\/\\\/www.facebook.com\\\/castrum.ee\"]}]}<\/script>\n<!-- \/ Yoast SEO plugin. -->","yoast_head_json":{"title":"RIVAL Alumiininen lavakuomu Ford Ranger RAPTOR Extra Cab [12-22] | Castrum","description":"RIVAL alumiininen lavakuomu Ford Ranger RAPTOR Extra Cab [12-22]. Lavakuomut, lavakaaret ja lavakatteet \u2013 laadukasta maastoauto- ja lava-autotarviketta.","robots":{"index":"index","follow":"follow","max-snippet":"max-snippet:-1","max-image-preview":"max-image-preview:large","max-video-preview":"max-video-preview:-1"},"canonical":"https:\/\/www.castrum.ee\/fi\/toode\/rival-alumiiniuminen-lavakuomu-ford-ranger-raptor-extra-cab-12-22\/","og_locale":"fi_FI","og_type":"article","og_title":"RIVAL Alumiininen lavakuomu Ford Ranger RAPTOR Extra Cab [12-22] | Castrum","og_description":"RIVAL alumiininen lavakuomu Ford Ranger RAPTOR Extra Cab [12-22]. Lavakuomut, lavakaaret ja lavakatteet \u2013 laadukasta maastoauto- ja lava-autotarviketta.","og_url":"https:\/\/www.castrum.ee\/fi\/toode\/rival-alumiiniuminen-lavakuomu-ford-ranger-raptor-extra-cab-12-22\/","og_site_name":"Castrum","article_publisher":"https:\/\/www.facebook.com\/castrum.ee","og_image":[{"width":1200,"height":848,"url":"https:\/\/www.castrum.ee\/wp-content\/uploads\/2025\/10\/EXRIVCAN1870B.jpg","type":"image\/jpeg"}],"twitter_card":"summary_large_image","twitter_misc":{"Arvioitu lukuaika":"1 minuutti"},"schema":{"@context":"https:\/\/schema.org","@graph":[{"@type":"WebPage","@id":"https:\/\/www.castrum.ee\/fi\/toode\/rival-alumiiniuminen-lavakuomu-ford-ranger-raptor-extra-cab-12-22\/","url":"https:\/\/www.castrum.ee\/fi\/toode\/rival-alumiiniuminen-lavakuomu-ford-ranger-raptor-extra-cab-12-22\/","name":"RIVAL Alumiininen lavakuomu Ford Ranger RAPTOR Extra Cab [12-22] | Castrum","isPartOf":{"@id":"https:\/\/www.castrum.ee\/fi\/#website"},"primaryImageOfPage":{"@id":"https:\/\/www.castrum.ee\/fi\/toode\/rival-alumiiniuminen-lavakuomu-ford-ranger-raptor-extra-cab-12-22\/#primaryimage"},"image":{"@id":"https:\/\/www.castrum.ee\/fi\/toode\/rival-alumiiniuminen-lavakuomu-ford-ranger-raptor-extra-cab-12-22\/#primaryimage"},"thumbnailUrl":"https:\/\/www.castrum.ee\/wp-content\/uploads\/2025\/10\/EXRIVCAN1870B.jpg","datePublished":"2026-04-29T10:52:14+00:00","description":"RIVAL alumiininen lavakuomu Ford Ranger RAPTOR Extra Cab [12-22]. Lavakuomut, lavakaaret ja lavakatteet \u2013 laadukasta maastoauto- ja lava-autotarviketta.","breadcrumb":{"@id":"https:\/\/www.castrum.ee\/fi\/toode\/rival-alumiiniuminen-lavakuomu-ford-ranger-raptor-extra-cab-12-22\/#breadcrumb"},"inLanguage":"fi","potentialAction":[{"@type":"ReadAction","target":["https:\/\/www.castrum.ee\/fi\/toode\/rival-alumiiniuminen-lavakuomu-ford-ranger-raptor-extra-cab-12-22\/"]}]},{"@type":"ImageObject","inLanguage":"fi","@id":"https:\/\/www.castrum.ee\/fi\/toode\/rival-alumiiniuminen-lavakuomu-ford-ranger-raptor-extra-cab-12-22\/#primaryimage","url":"https:\/\/www.castrum.ee\/wp-content\/uploads\/2025\/10\/EXRIVCAN1870B.jpg","contentUrl":"https:\/\/www.castrum.ee\/wp-content\/uploads\/2025\/10\/EXRIVCAN1870B.jpg","width":1200,"height":848},{"@type":"BreadcrumbList","@id":"https:\/\/www.castrum.ee\/fi\/toode\/rival-alumiiniuminen-lavakuomu-ford-ranger-raptor-extra-cab-12-22\/#breadcrumb","itemListElement":[{"@type":"ListItem","position":1,"name":"Home","item":"https:\/\/www.castrum.ee\/fi\/kotisivu\/"},{"@type":"ListItem","position":2,"name":"Verkkokauppa","item":"https:\/\/www.castrum.ee\/fi\/kauppa\/"},{"@type":"ListItem","position":3,"name":"RIVAL Alumiiniuminen lavakuomu Ford Ranger RAPTOR Extra Cab [12-22]"}]},{"@type":"WebSite","@id":"https:\/\/www.castrum.ee\/fi\/#website","url":"https:\/\/www.castrum.ee\/fi\/","name":"Castrum","description":"Maasturite, s\u00f5iduautode ja v\u00e4ikebusside lisavarustus","publisher":{"@id":"https:\/\/www.castrum.ee\/fi\/#organization"},"potentialAction":[{"@type":"SearchAction","target":{"@type":"EntryPoint","urlTemplate":"https:\/\/www.castrum.ee\/fi\/?s={search_term_string}"},"query-input":{"@type":"PropertyValueSpecification","valueRequired":true,"valueName":"search_term_string"}}],"inLanguage":"fi"},{"@type":"Organization","@id":"https:\/\/www.castrum.ee\/fi\/#organization","name":"Castrum Grupp O\u00dc","url":"https:\/\/www.castrum.ee\/fi\/","logo":{"@type":"ImageObject","inLanguage":"fi","@id":"https:\/\/www.castrum.ee\/fi\/#\/schema\/logo\/image\/","url":"https:\/\/www.castrum.ee\/wp-content\/uploads\/2025\/03\/Castrum-logo-500.png","contentUrl":"https:\/\/www.castrum.ee\/wp-content\/uploads\/2025\/03\/Castrum-logo-500.png","width":500,"height":250,"caption":"Castrum Grupp O\u00dc"},"image":{"@id":"https:\/\/www.castrum.ee\/fi\/#\/schema\/logo\/image\/"},"sameAs":["https:\/\/www.facebook.com\/castrum.ee"]}]}},"_links":{"self":[{"href":"https:\/\/www.castrum.ee\/fi\/wp-json\/wp\/v2\/product\/79954","targetHints":{"allow":["GET"]}}],"collection":[{"href":"https:\/\/www.castrum.ee\/fi\/wp-json\/wp\/v2\/product"}],"about":[{"href":"https:\/\/www.castrum.ee\/fi\/wp-json\/wp\/v2\/types\/product"}],"wp:featuredmedia":[{"embeddable":true,"href":"https:\/\/www.castrum.ee\/fi\/wp-json\/wp\/v2\/media\/27537"}],"wp:attachment":[{"href":"https:\/\/www.castrum.ee\/fi\/wp-json\/wp\/v2\/media?parent=79954"}],"wp:term":[{"taxonomy":"mark-ja-mudel","embeddable":true,"href":"https:\/\/www.castrum.ee\/fi\/wp-json\/wp\/v2\/mark-ja-mudel?post=79954"},{"taxonomy":"product_brand","embeddable":true,"href":"https:\/\/www.castrum.ee\/fi\/wp-json\/wp\/v2\/product_brand?post=79954"},{"taxonomy":"product_cat","embeddable":true,"href":"https:\/\/www.castrum.ee\/fi\/wp-json\/wp\/v2\/product_cat?post=79954"},{"taxonomy":"product_tag","embeddable":true,"href":"https:\/\/www.castrum.ee\/fi\/wp-json\/wp\/v2\/product_tag?post=79954"}],"curies":[{"name":"wp","href":"https:\/\/api.w.org\/{rel}","templated":true}]}}