{"id":79956,"date":"2026-04-29T13:52:57","date_gmt":"2026-04-29T10:52:57","guid":{"rendered":"https:\/\/www.castrum.ee\/toode\/rival-alumiiniumista-lavakuomu-toyota-hilux-double-cab-15-su7rlb\/"},"modified":"2026-04-29T13:52:57","modified_gmt":"2026-04-29T10:52:57","slug":"rival-alumiiniumista-lavakuomu-toyota-hilux-double-cab-15","status":"publish","type":"product","link":"https:\/\/www.castrum.ee\/fi\/toode\/rival-alumiiniumista-lavakuomu-toyota-hilux-double-cab-15\/","title":{"rendered":"RIVAL Alumiiniumista lavakuomu Toyota Hilux Double Cab [15+]"},"content":{"rendered":"<p>RIVAL-lavakuomu on varustettu ensimm\u00e4isen luokan mattamustalla jauheella PVDF-j\u00e4rjestelm\u00e4ss\u00e4, mik\u00e4 takaa vertaansa vaatimattoman kest\u00e4vyyden ja s\u00e4\u00e4nt\u00f6kest\u00e4vyyden. T\u00e4m\u00e4 laadukas pinnoite est\u00e4\u00e4 tehokkaasti hapettumista, pident\u00e4\u00e4 tuotteen k\u00e4ytt\u00f6ik\u00e4\u00e4 ja parantaa sen tyylikk\u00e4\u00e4n ja nykyaikaisen ulkon\u00e4\u00f6n \u2013 vastaten korkeimpiin teollisuusstandardeihin sek\u00e4 suorituskyvyn ett\u00e4 estetiikan osalta.<\/p>\n<p>Lavakuomu on valmistettu A6063 alumiinista ulotetusta rungosta.<\/p>\n<p>Kaikki panelit ovat 4 mm alumiiniliitosta ja vahvistettu ter\u00e4srungoilla, joissa on EVA-vaahto-eristys.<\/p>\n<p>Integroidut LED-valot takaavat mukavuuden joka hetkell\u00e4: pehme\u00e4 ja tasainen valo luo kodikkaan ilmapiirin, parantaa toiminnallisuutta ja lis\u00e4\u00e4 tyyliin huonetta. Valaistus on juuri siell\u00e4, miss\u00e4 sit\u00e4 tarvitaan \u2013 ilman ylim\u00e4\u00e4r\u00e4isi\u00e4 johtimia ja monimutkaista asennusta.<\/p>\n<p>Vahvistetut kaasujouset mahdollistavat RIVAL-lavakuomun avaamisen yhdell\u00e4 k\u00e4dell\u00e4, jopa vaikeissa s\u00e4\u00e4olosuhteissa. Korroosiokest\u00e4v\u00e4 rakenne takaa vuosien mittaisen luotettavuuden.<\/p>\n<p>RIVAL-lavakuomu on suunniteltu sujuvalle toiminnallisuudelle ja varustettu huomaamattomalla, mutta vahvalla kattokaaren j\u00e4rjestelm\u00e4ll\u00e4, joka on erityisesti suunniteltu RIVAL-kattotelineisiin ja muihin premium-lis\u00e4varusteisiin asennettavaksi.<\/p>\n<p>Mukava p\u00e4\u00e4syj\u00e4rjestelm\u00e4, joka takaa vaivattoman ja sujuvan k\u00e4yt\u00f6n jokaisessa tilanteessa:<\/p>\n<ul>\n<li>Suuret ja hankalat esineet on helppo ladata optimoidulla latauskorkeudella lastaussuojasta<\/li>\n<li>Monsuuntainen ovikonfiguraatio tarpeen mukaan<\/li>\n<li>Turvallinen yhdell\u00e4 k\u00e4den avaaminen intuitiivisella lukitusmekanismilla<\/li>\n<\/ul>\n","protected":false},"excerpt":{"rendered":"<p>Luotu niille, jotka vaativat huipputasoa \u2013 meid\u00e4n alumiinista modulaarinen kattokonstruktio k\u00e4ytt\u00e4\u00e4 korkealaatuista ulotetun profiilin j\u00e4rjestelm\u00e4\u00e4, joka takaa poikkeuksellisen lujuuden, tarkkuuden ja helpon kokoonpanon. Toisiinsa lukittuvat profiilit liukuvat moitteettomasti paikoilleen, luoden vahvan ja j\u00e4yk\u00e4n rakenteen ilman monimutkaisten ty\u00f6kalujen tarvetta. Koe ensimm\u00e4isen luokan ratkaisu, joka on suunniteltu luotettavuudeksi, kest\u00e4vyydeksi ja helpoksi asennukseksi. Nauti mukavuudesta ilman ylim\u00e4\u00e4r\u00e4ist\u00e4 vaivaa!<\/p>\n","protected":false},"featured_media":27537,"template":"","meta":{"_acf_changed":false},"mark-ja-mudel":[],"product_brand":[1278,1277],"product_cat":[1073,1074],"product_tag":[1107],"class_list":{"0":"post-79956","1":"product","2":"type-product","3":"status-publish","4":"has-post-thumbnail","6":"product_brand-hilux","7":"product_brand-toyota","8":"product_cat-lavaraudat-ja-lavakannet","9":"product_cat-lavakuvut","10":"product_tag-toimitusaika-4-5-paivaa","12":"first","13":"instock","14":"taxable","15":"shipping-taxable","16":"purchasable","17":"product-type-simple"},"bundled_by":[],"bundle_stock_status":"instock","bundle_stock_quantity":null,"bundle_virtual":false,"bundle_layout":"","bundle_add_to_cart_form_location":"","bundle_editable_in_cart":false,"bundle_sold_individually_context":"","bundle_item_grouping":"","bundle_min_size":"","bundle_max_size":"","bundle_price":[],"bundled_items":[],"bundle_sell_ids":[],"acf":[],"yoast_head":"<!-- This site is optimized with the Yoast SEO plugin v27.3 - https:\/\/yoast.com\/product\/yoast-seo-wordpress\/ -->\n<title>RIVAL alumiinista lavakuomu Toyota Hilux [15+] | Castrum<\/title>\n<meta name=\"description\" content=\"RIVAL alumiinista lavakuomu Toyota Hilux Double Cab [15+]. Lavakuomut, lavakatteet ja hardtop-varusteet lava-autoihin. Premium lis\u00e4varusteet maastureihin.\" \/>\n<meta name=\"robots\" content=\"index, follow, max-snippet:-1, max-image-preview:large, max-video-preview:-1\" \/>\n<link rel=\"canonical\" href=\"https:\/\/www.castrum.ee\/fi\/toode\/rival-alumiiniumista-lavakuomu-toyota-hilux-double-cab-15\/\" \/>\n<meta property=\"og:locale\" content=\"fi_FI\" \/>\n<meta property=\"og:type\" content=\"article\" \/>\n<meta property=\"og:title\" content=\"RIVAL alumiinista lavakuomu Toyota Hilux [15+] | Castrum\" \/>\n<meta property=\"og:description\" content=\"RIVAL alumiinista lavakuomu Toyota Hilux Double Cab [15+]. Lavakuomut, lavakatteet ja hardtop-varusteet lava-autoihin. Premium lis\u00e4varusteet maastureihin.\" \/>\n<meta property=\"og:url\" content=\"https:\/\/www.castrum.ee\/fi\/toode\/rival-alumiiniumista-lavakuomu-toyota-hilux-double-cab-15\/\" \/>\n<meta property=\"og:site_name\" content=\"Castrum\" \/>\n<meta property=\"article:publisher\" content=\"https:\/\/www.facebook.com\/castrum.ee\" \/>\n<meta property=\"og:image\" content=\"https:\/\/www.castrum.ee\/wp-content\/uploads\/2025\/10\/EXRIVCAN1870B.jpg\" \/>\n\t<meta property=\"og:image:width\" content=\"1200\" \/>\n\t<meta property=\"og:image:height\" content=\"848\" \/>\n\t<meta property=\"og:image:type\" content=\"image\/jpeg\" \/>\n<meta name=\"twitter:card\" content=\"summary_large_image\" \/>\n<meta name=\"twitter:label1\" content=\"Arvioitu lukuaika\" \/>\n\t<meta name=\"twitter:data1\" content=\"1 minuutti\" \/>\n<script type=\"application\/ld+json\" class=\"yoast-schema-graph\">{\"@context\":\"https:\\\/\\\/schema.org\",\"@graph\":[{\"@type\":\"WebPage\",\"@id\":\"https:\\\/\\\/www.castrum.ee\\\/fi\\\/toode\\\/rival-alumiiniumista-lavakuomu-toyota-hilux-double-cab-15\\\/\",\"url\":\"https:\\\/\\\/www.castrum.ee\\\/fi\\\/toode\\\/rival-alumiiniumista-lavakuomu-toyota-hilux-double-cab-15\\\/\",\"name\":\"RIVAL alumiinista lavakuomu Toyota Hilux [15+] | Castrum\",\"isPartOf\":{\"@id\":\"https:\\\/\\\/www.castrum.ee\\\/fi\\\/#website\"},\"primaryImageOfPage\":{\"@id\":\"https:\\\/\\\/www.castrum.ee\\\/fi\\\/toode\\\/rival-alumiiniumista-lavakuomu-toyota-hilux-double-cab-15\\\/#primaryimage\"},\"image\":{\"@id\":\"https:\\\/\\\/www.castrum.ee\\\/fi\\\/toode\\\/rival-alumiiniumista-lavakuomu-toyota-hilux-double-cab-15\\\/#primaryimage\"},\"thumbnailUrl\":\"https:\\\/\\\/www.castrum.ee\\\/wp-content\\\/uploads\\\/2025\\\/10\\\/EXRIVCAN1870B.jpg\",\"datePublished\":\"2026-04-29T10:52:57+00:00\",\"description\":\"RIVAL alumiinista lavakuomu Toyota Hilux Double Cab [15+]. Lavakuomut, lavakatteet ja hardtop-varusteet lava-autoihin. Premium lis\u00e4varusteet maastureihin.\",\"breadcrumb\":{\"@id\":\"https:\\\/\\\/www.castrum.ee\\\/fi\\\/toode\\\/rival-alumiiniumista-lavakuomu-toyota-hilux-double-cab-15\\\/#breadcrumb\"},\"inLanguage\":\"fi\",\"potentialAction\":[{\"@type\":\"ReadAction\",\"target\":[\"https:\\\/\\\/www.castrum.ee\\\/fi\\\/toode\\\/rival-alumiiniumista-lavakuomu-toyota-hilux-double-cab-15\\\/\"]}]},{\"@type\":\"ImageObject\",\"inLanguage\":\"fi\",\"@id\":\"https:\\\/\\\/www.castrum.ee\\\/fi\\\/toode\\\/rival-alumiiniumista-lavakuomu-toyota-hilux-double-cab-15\\\/#primaryimage\",\"url\":\"https:\\\/\\\/www.castrum.ee\\\/wp-content\\\/uploads\\\/2025\\\/10\\\/EXRIVCAN1870B.jpg\",\"contentUrl\":\"https:\\\/\\\/www.castrum.ee\\\/wp-content\\\/uploads\\\/2025\\\/10\\\/EXRIVCAN1870B.jpg\",\"width\":1200,\"height\":848},{\"@type\":\"BreadcrumbList\",\"@id\":\"https:\\\/\\\/www.castrum.ee\\\/fi\\\/toode\\\/rival-alumiiniumista-lavakuomu-toyota-hilux-double-cab-15\\\/#breadcrumb\",\"itemListElement\":[{\"@type\":\"ListItem\",\"position\":1,\"name\":\"Home\",\"item\":\"https:\\\/\\\/www.castrum.ee\\\/fi\\\/kotisivu\\\/\"},{\"@type\":\"ListItem\",\"position\":2,\"name\":\"Verkkokauppa\",\"item\":\"https:\\\/\\\/www.castrum.ee\\\/fi\\\/kauppa\\\/\"},{\"@type\":\"ListItem\",\"position\":3,\"name\":\"RIVAL Alumiiniumista lavakuomu Toyota Hilux Double Cab [15+]\"}]},{\"@type\":\"WebSite\",\"@id\":\"https:\\\/\\\/www.castrum.ee\\\/fi\\\/#website\",\"url\":\"https:\\\/\\\/www.castrum.ee\\\/fi\\\/\",\"name\":\"Castrum\",\"description\":\"Maasturite, s\u00f5iduautode ja v\u00e4ikebusside lisavarustus\",\"publisher\":{\"@id\":\"https:\\\/\\\/www.castrum.ee\\\/fi\\\/#organization\"},\"potentialAction\":[{\"@type\":\"SearchAction\",\"target\":{\"@type\":\"EntryPoint\",\"urlTemplate\":\"https:\\\/\\\/www.castrum.ee\\\/fi\\\/?s={search_term_string}\"},\"query-input\":{\"@type\":\"PropertyValueSpecification\",\"valueRequired\":true,\"valueName\":\"search_term_string\"}}],\"inLanguage\":\"fi\"},{\"@type\":\"Organization\",\"@id\":\"https:\\\/\\\/www.castrum.ee\\\/fi\\\/#organization\",\"name\":\"Castrum Grupp O\u00dc\",\"url\":\"https:\\\/\\\/www.castrum.ee\\\/fi\\\/\",\"logo\":{\"@type\":\"ImageObject\",\"inLanguage\":\"fi\",\"@id\":\"https:\\\/\\\/www.castrum.ee\\\/fi\\\/#\\\/schema\\\/logo\\\/image\\\/\",\"url\":\"https:\\\/\\\/www.castrum.ee\\\/wp-content\\\/uploads\\\/2025\\\/03\\\/Castrum-logo-500.png\",\"contentUrl\":\"https:\\\/\\\/www.castrum.ee\\\/wp-content\\\/uploads\\\/2025\\\/03\\\/Castrum-logo-500.png\",\"width\":500,\"height\":250,\"caption\":\"Castrum Grupp O\u00dc\"},\"image\":{\"@id\":\"https:\\\/\\\/www.castrum.ee\\\/fi\\\/#\\\/schema\\\/logo\\\/image\\\/\"},\"sameAs\":[\"https:\\\/\\\/www.facebook.com\\\/castrum.ee\"]}]}<\/script>\n<!-- \/ Yoast SEO plugin. -->","yoast_head_json":{"title":"RIVAL alumiinista lavakuomu Toyota Hilux [15+] | Castrum","description":"RIVAL alumiinista lavakuomu Toyota Hilux Double Cab [15+]. Lavakuomut, lavakatteet ja hardtop-varusteet lava-autoihin. Premium lis\u00e4varusteet maastureihin.","robots":{"index":"index","follow":"follow","max-snippet":"max-snippet:-1","max-image-preview":"max-image-preview:large","max-video-preview":"max-video-preview:-1"},"canonical":"https:\/\/www.castrum.ee\/fi\/toode\/rival-alumiiniumista-lavakuomu-toyota-hilux-double-cab-15\/","og_locale":"fi_FI","og_type":"article","og_title":"RIVAL alumiinista lavakuomu Toyota Hilux [15+] | Castrum","og_description":"RIVAL alumiinista lavakuomu Toyota Hilux Double Cab [15+]. Lavakuomut, lavakatteet ja hardtop-varusteet lava-autoihin. Premium lis\u00e4varusteet maastureihin.","og_url":"https:\/\/www.castrum.ee\/fi\/toode\/rival-alumiiniumista-lavakuomu-toyota-hilux-double-cab-15\/","og_site_name":"Castrum","article_publisher":"https:\/\/www.facebook.com\/castrum.ee","og_image":[{"width":1200,"height":848,"url":"https:\/\/www.castrum.ee\/wp-content\/uploads\/2025\/10\/EXRIVCAN1870B.jpg","type":"image\/jpeg"}],"twitter_card":"summary_large_image","twitter_misc":{"Arvioitu lukuaika":"1 minuutti"},"schema":{"@context":"https:\/\/schema.org","@graph":[{"@type":"WebPage","@id":"https:\/\/www.castrum.ee\/fi\/toode\/rival-alumiiniumista-lavakuomu-toyota-hilux-double-cab-15\/","url":"https:\/\/www.castrum.ee\/fi\/toode\/rival-alumiiniumista-lavakuomu-toyota-hilux-double-cab-15\/","name":"RIVAL alumiinista lavakuomu Toyota Hilux [15+] | Castrum","isPartOf":{"@id":"https:\/\/www.castrum.ee\/fi\/#website"},"primaryImageOfPage":{"@id":"https:\/\/www.castrum.ee\/fi\/toode\/rival-alumiiniumista-lavakuomu-toyota-hilux-double-cab-15\/#primaryimage"},"image":{"@id":"https:\/\/www.castrum.ee\/fi\/toode\/rival-alumiiniumista-lavakuomu-toyota-hilux-double-cab-15\/#primaryimage"},"thumbnailUrl":"https:\/\/www.castrum.ee\/wp-content\/uploads\/2025\/10\/EXRIVCAN1870B.jpg","datePublished":"2026-04-29T10:52:57+00:00","description":"RIVAL alumiinista lavakuomu Toyota Hilux Double Cab [15+]. Lavakuomut, lavakatteet ja hardtop-varusteet lava-autoihin. Premium lis\u00e4varusteet maastureihin.","breadcrumb":{"@id":"https:\/\/www.castrum.ee\/fi\/toode\/rival-alumiiniumista-lavakuomu-toyota-hilux-double-cab-15\/#breadcrumb"},"inLanguage":"fi","potentialAction":[{"@type":"ReadAction","target":["https:\/\/www.castrum.ee\/fi\/toode\/rival-alumiiniumista-lavakuomu-toyota-hilux-double-cab-15\/"]}]},{"@type":"ImageObject","inLanguage":"fi","@id":"https:\/\/www.castrum.ee\/fi\/toode\/rival-alumiiniumista-lavakuomu-toyota-hilux-double-cab-15\/#primaryimage","url":"https:\/\/www.castrum.ee\/wp-content\/uploads\/2025\/10\/EXRIVCAN1870B.jpg","contentUrl":"https:\/\/www.castrum.ee\/wp-content\/uploads\/2025\/10\/EXRIVCAN1870B.jpg","width":1200,"height":848},{"@type":"BreadcrumbList","@id":"https:\/\/www.castrum.ee\/fi\/toode\/rival-alumiiniumista-lavakuomu-toyota-hilux-double-cab-15\/#breadcrumb","itemListElement":[{"@type":"ListItem","position":1,"name":"Home","item":"https:\/\/www.castrum.ee\/fi\/kotisivu\/"},{"@type":"ListItem","position":2,"name":"Verkkokauppa","item":"https:\/\/www.castrum.ee\/fi\/kauppa\/"},{"@type":"ListItem","position":3,"name":"RIVAL Alumiiniumista lavakuomu Toyota Hilux Double Cab [15+]"}]},{"@type":"WebSite","@id":"https:\/\/www.castrum.ee\/fi\/#website","url":"https:\/\/www.castrum.ee\/fi\/","name":"Castrum","description":"Maasturite, s\u00f5iduautode ja v\u00e4ikebusside lisavarustus","publisher":{"@id":"https:\/\/www.castrum.ee\/fi\/#organization"},"potentialAction":[{"@type":"SearchAction","target":{"@type":"EntryPoint","urlTemplate":"https:\/\/www.castrum.ee\/fi\/?s={search_term_string}"},"query-input":{"@type":"PropertyValueSpecification","valueRequired":true,"valueName":"search_term_string"}}],"inLanguage":"fi"},{"@type":"Organization","@id":"https:\/\/www.castrum.ee\/fi\/#organization","name":"Castrum Grupp O\u00dc","url":"https:\/\/www.castrum.ee\/fi\/","logo":{"@type":"ImageObject","inLanguage":"fi","@id":"https:\/\/www.castrum.ee\/fi\/#\/schema\/logo\/image\/","url":"https:\/\/www.castrum.ee\/wp-content\/uploads\/2025\/03\/Castrum-logo-500.png","contentUrl":"https:\/\/www.castrum.ee\/wp-content\/uploads\/2025\/03\/Castrum-logo-500.png","width":500,"height":250,"caption":"Castrum Grupp O\u00dc"},"image":{"@id":"https:\/\/www.castrum.ee\/fi\/#\/schema\/logo\/image\/"},"sameAs":["https:\/\/www.facebook.com\/castrum.ee"]}]}},"_links":{"self":[{"href":"https:\/\/www.castrum.ee\/fi\/wp-json\/wp\/v2\/product\/79956","targetHints":{"allow":["GET"]}}],"collection":[{"href":"https:\/\/www.castrum.ee\/fi\/wp-json\/wp\/v2\/product"}],"about":[{"href":"https:\/\/www.castrum.ee\/fi\/wp-json\/wp\/v2\/types\/product"}],"wp:featuredmedia":[{"embeddable":true,"href":"https:\/\/www.castrum.ee\/fi\/wp-json\/wp\/v2\/media\/27537"}],"wp:attachment":[{"href":"https:\/\/www.castrum.ee\/fi\/wp-json\/wp\/v2\/media?parent=79956"}],"wp:term":[{"taxonomy":"mark-ja-mudel","embeddable":true,"href":"https:\/\/www.castrum.ee\/fi\/wp-json\/wp\/v2\/mark-ja-mudel?post=79956"},{"taxonomy":"product_brand","embeddable":true,"href":"https:\/\/www.castrum.ee\/fi\/wp-json\/wp\/v2\/product_brand?post=79956"},{"taxonomy":"product_cat","embeddable":true,"href":"https:\/\/www.castrum.ee\/fi\/wp-json\/wp\/v2\/product_cat?post=79956"},{"taxonomy":"product_tag","embeddable":true,"href":"https:\/\/www.castrum.ee\/fi\/wp-json\/wp\/v2\/product_tag?post=79956"}],"curies":[{"name":"wp","href":"https:\/\/api.w.org\/{rel}","templated":true}]}}