{"id":79957,"date":"2026-04-29T13:53:06","date_gmt":"2026-04-29T10:53:06","guid":{"rendered":"https:\/\/www.castrum.ee\/toode\/rival-alumiini-kovakate-jeep-gladiator-double-cab-18-wuqwry\/"},"modified":"2026-04-29T13:53:06","modified_gmt":"2026-04-29T10:53:06","slug":"rival-alumiini-kovakate-jeep-gladiator-double-cab-18","status":"publish","type":"product","link":"https:\/\/www.castrum.ee\/fi\/toode\/rival-alumiini-kovakate-jeep-gladiator-double-cab-18\/","title":{"rendered":"RIVAL Alumiini-kovakate JEEP Gladiator Double Cab [18+]"},"content":{"rendered":"<p>RIVAL-lavakuomu on varustatud esmaklassilise matamusta pulberkattega PVDF-j\u00e4rjestelm\u00e4ss\u00e4, tagaten \u00fcletamatu vastupidavuse ja ilmastikukindluse. See kvaliteetviimistlus takistab efektiivselt korroosiota, pikendab toote eluiga ning t\u00e4iustab selle stiilset ja kaasaegset v\u00e4limust \u2013 vastaten k\u00f5ige k\u00f5rgematele t\u00f6\u00f6stusstandarditele nii j\u00f5udluse kui esteetika osas.<\/p>\n<p>Lavakuomu on valmistatud A6063 alumiinist ekstrudeeritud raamiga.<\/p>\n<p>K\u00f5ik paneelid on 4 mm alumiini-komposiiti ja tugevdatud terasest raamiga, mille sees on EVA-vahtisolatsioon.<\/p>\n<p>Integroitu LED-valgustus tagab mugavuse igal ajal: pehme ja \u00fchtlane valo loob hubase atmosf\u00e4\u00e4ri, suurendab funktsionaalsust ja lisab ruumile stiili. Valgustus on t\u00e4pselt seal, kus seda vajate \u2013 ilma liigsete johtimien ja keerulise asennuksen.<\/p>\n<p>Tugevdatud kaasuamordid v\u00f5imaldavad RIVAL-lavakuomun avada \u00fche k\u00e4ella, isegi keerulistes ilmastikutingimustes. Korroosionkindel konstruktsioon tagab aastatepikkuse t\u00f6\u00f6kindluse.<\/p>\n<p>RIVAL-lavakuomu on projekteeritu sujuvaks funktsionaalsuseks ning varustettu diskreetse, kuid tugeva kattokaiteiden s\u00fcsteemiga, mis on spetsiaalselt loodud RIVAL-kattotelineihin ja muihin premium-tarvikuihin asennukselle.<\/p>\n<p>Mugav ligip\u00e4\u00e4sus\u00fcsteem, mis tagab probleemivaba ja sujuva kasutuse igas olukorras:<\/p>\n<ul>\n<li>Suured ja kohmakad esemed saab kergesti peale laadida optimeeritud k\u00f5rgusega laadimiseservast<\/li>\n<li>Mitmesuunaline uksien konfiguratsioon vastavalt vajadusele<\/li>\n<li>Turvaline \u00fche k\u00e4ella avamine intuitiivse lukitusmehanismiga<\/li>\n<\/ul>\n","protected":false},"excerpt":{"rendered":"<p>Loodud neile, kes n\u00f5uavad tipptaset \u2013 RIVAL alumiini modulaarne lavakuomu kasutab k\u00f5rgekvaliteedilist ekstrudeeritud profiilij\u00e4rjestelm\u00e4, mis tagab erakordse tugevuse, t\u00e4psuse ja lihtsa kokkupaneku. \u00dcksteisega lukustuvad profiilid liuglevad laitmatult omale kohale, luues tugeva ja j\u00e4iga struktuuri, ilma keerulisi t\u00f6\u00f6riistu vajamata.<\/p>\n","protected":false},"featured_media":27537,"template":"","meta":{"_acf_changed":false},"mark-ja-mudel":[],"product_brand":[1594,1446],"product_cat":[1073,1074],"product_tag":[1107],"class_list":{"0":"post-79957","1":"product","2":"type-product","3":"status-publish","4":"has-post-thumbnail","6":"product_brand-gladiator","7":"product_brand-jeep","8":"product_cat-lavaraudat-ja-lavakannet","9":"product_cat-lavakuvut","10":"product_tag-toimitusaika-4-5-paivaa","12":"first","13":"instock","14":"taxable","15":"shipping-taxable","16":"purchasable","17":"product-type-simple"},"bundled_by":[],"bundle_stock_status":"instock","bundle_stock_quantity":null,"bundle_virtual":false,"bundle_layout":"","bundle_add_to_cart_form_location":"","bundle_editable_in_cart":false,"bundle_sold_individually_context":"","bundle_item_grouping":"","bundle_min_size":"","bundle_max_size":"","bundle_price":[],"bundled_items":[],"bundle_sell_ids":[],"acf":[],"yoast_head":"<!-- This site is optimized with the Yoast SEO plugin v27.3 - https:\/\/yoast.com\/product\/yoast-seo-wordpress\/ -->\n<title>RIVAL Alumiini-kovakate JEEP Gladiator | Castrum<\/title>\n<meta name=\"description\" content=\"RIVAL alumiini-kovakate JEEP Gladiator Double Cab [18+] - lavakuomut, hardtop-katted ja lis\u00e4varusteet maastoautoille. Laatu ja kest\u00e4vyys.\" \/>\n<meta name=\"robots\" content=\"index, follow, max-snippet:-1, max-image-preview:large, max-video-preview:-1\" \/>\n<link rel=\"canonical\" href=\"https:\/\/www.castrum.ee\/fi\/toode\/rival-alumiini-kovakate-jeep-gladiator-double-cab-18\/\" \/>\n<meta property=\"og:locale\" content=\"fi_FI\" \/>\n<meta property=\"og:type\" content=\"article\" \/>\n<meta property=\"og:title\" content=\"RIVAL Alumiini-kovakate JEEP Gladiator | Castrum\" \/>\n<meta property=\"og:description\" content=\"RIVAL alumiini-kovakate JEEP Gladiator Double Cab [18+] - lavakuomut, hardtop-katted ja lis\u00e4varusteet maastoautoille. Laatu ja kest\u00e4vyys.\" \/>\n<meta property=\"og:url\" content=\"https:\/\/www.castrum.ee\/fi\/toode\/rival-alumiini-kovakate-jeep-gladiator-double-cab-18\/\" \/>\n<meta property=\"og:site_name\" content=\"Castrum\" \/>\n<meta property=\"article:publisher\" content=\"https:\/\/www.facebook.com\/castrum.ee\" \/>\n<meta property=\"og:image\" content=\"https:\/\/www.castrum.ee\/wp-content\/uploads\/2025\/10\/EXRIVCAN1870B.jpg\" \/>\n\t<meta property=\"og:image:width\" content=\"1200\" \/>\n\t<meta property=\"og:image:height\" content=\"848\" \/>\n\t<meta property=\"og:image:type\" content=\"image\/jpeg\" \/>\n<meta name=\"twitter:card\" content=\"summary_large_image\" \/>\n<meta name=\"twitter:label1\" content=\"Arvioitu lukuaika\" \/>\n\t<meta name=\"twitter:data1\" content=\"1 minuutti\" \/>\n<script type=\"application\/ld+json\" class=\"yoast-schema-graph\">{\"@context\":\"https:\\\/\\\/schema.org\",\"@graph\":[{\"@type\":\"WebPage\",\"@id\":\"https:\\\/\\\/www.castrum.ee\\\/fi\\\/toode\\\/rival-alumiini-kovakate-jeep-gladiator-double-cab-18\\\/\",\"url\":\"https:\\\/\\\/www.castrum.ee\\\/fi\\\/toode\\\/rival-alumiini-kovakate-jeep-gladiator-double-cab-18\\\/\",\"name\":\"RIVAL Alumiini-kovakate JEEP Gladiator | Castrum\",\"isPartOf\":{\"@id\":\"https:\\\/\\\/www.castrum.ee\\\/fi\\\/#website\"},\"primaryImageOfPage\":{\"@id\":\"https:\\\/\\\/www.castrum.ee\\\/fi\\\/toode\\\/rival-alumiini-kovakate-jeep-gladiator-double-cab-18\\\/#primaryimage\"},\"image\":{\"@id\":\"https:\\\/\\\/www.castrum.ee\\\/fi\\\/toode\\\/rival-alumiini-kovakate-jeep-gladiator-double-cab-18\\\/#primaryimage\"},\"thumbnailUrl\":\"https:\\\/\\\/www.castrum.ee\\\/wp-content\\\/uploads\\\/2025\\\/10\\\/EXRIVCAN1870B.jpg\",\"datePublished\":\"2026-04-29T10:53:06+00:00\",\"description\":\"RIVAL alumiini-kovakate JEEP Gladiator Double Cab [18+] - lavakuomut, hardtop-katted ja lis\u00e4varusteet maastoautoille. Laatu ja kest\u00e4vyys.\",\"breadcrumb\":{\"@id\":\"https:\\\/\\\/www.castrum.ee\\\/fi\\\/toode\\\/rival-alumiini-kovakate-jeep-gladiator-double-cab-18\\\/#breadcrumb\"},\"inLanguage\":\"fi\",\"potentialAction\":[{\"@type\":\"ReadAction\",\"target\":[\"https:\\\/\\\/www.castrum.ee\\\/fi\\\/toode\\\/rival-alumiini-kovakate-jeep-gladiator-double-cab-18\\\/\"]}]},{\"@type\":\"ImageObject\",\"inLanguage\":\"fi\",\"@id\":\"https:\\\/\\\/www.castrum.ee\\\/fi\\\/toode\\\/rival-alumiini-kovakate-jeep-gladiator-double-cab-18\\\/#primaryimage\",\"url\":\"https:\\\/\\\/www.castrum.ee\\\/wp-content\\\/uploads\\\/2025\\\/10\\\/EXRIVCAN1870B.jpg\",\"contentUrl\":\"https:\\\/\\\/www.castrum.ee\\\/wp-content\\\/uploads\\\/2025\\\/10\\\/EXRIVCAN1870B.jpg\",\"width\":1200,\"height\":848},{\"@type\":\"BreadcrumbList\",\"@id\":\"https:\\\/\\\/www.castrum.ee\\\/fi\\\/toode\\\/rival-alumiini-kovakate-jeep-gladiator-double-cab-18\\\/#breadcrumb\",\"itemListElement\":[{\"@type\":\"ListItem\",\"position\":1,\"name\":\"Home\",\"item\":\"https:\\\/\\\/www.castrum.ee\\\/fi\\\/kotisivu\\\/\"},{\"@type\":\"ListItem\",\"position\":2,\"name\":\"Verkkokauppa\",\"item\":\"https:\\\/\\\/www.castrum.ee\\\/fi\\\/kauppa\\\/\"},{\"@type\":\"ListItem\",\"position\":3,\"name\":\"RIVAL Alumiini-kovakate JEEP Gladiator Double Cab [18+]\"}]},{\"@type\":\"WebSite\",\"@id\":\"https:\\\/\\\/www.castrum.ee\\\/fi\\\/#website\",\"url\":\"https:\\\/\\\/www.castrum.ee\\\/fi\\\/\",\"name\":\"Castrum\",\"description\":\"Maasturite, s\u00f5iduautode ja v\u00e4ikebusside lisavarustus\",\"publisher\":{\"@id\":\"https:\\\/\\\/www.castrum.ee\\\/fi\\\/#organization\"},\"potentialAction\":[{\"@type\":\"SearchAction\",\"target\":{\"@type\":\"EntryPoint\",\"urlTemplate\":\"https:\\\/\\\/www.castrum.ee\\\/fi\\\/?s={search_term_string}\"},\"query-input\":{\"@type\":\"PropertyValueSpecification\",\"valueRequired\":true,\"valueName\":\"search_term_string\"}}],\"inLanguage\":\"fi\"},{\"@type\":\"Organization\",\"@id\":\"https:\\\/\\\/www.castrum.ee\\\/fi\\\/#organization\",\"name\":\"Castrum Grupp O\u00dc\",\"url\":\"https:\\\/\\\/www.castrum.ee\\\/fi\\\/\",\"logo\":{\"@type\":\"ImageObject\",\"inLanguage\":\"fi\",\"@id\":\"https:\\\/\\\/www.castrum.ee\\\/fi\\\/#\\\/schema\\\/logo\\\/image\\\/\",\"url\":\"https:\\\/\\\/www.castrum.ee\\\/wp-content\\\/uploads\\\/2025\\\/03\\\/Castrum-logo-500.png\",\"contentUrl\":\"https:\\\/\\\/www.castrum.ee\\\/wp-content\\\/uploads\\\/2025\\\/03\\\/Castrum-logo-500.png\",\"width\":500,\"height\":250,\"caption\":\"Castrum Grupp O\u00dc\"},\"image\":{\"@id\":\"https:\\\/\\\/www.castrum.ee\\\/fi\\\/#\\\/schema\\\/logo\\\/image\\\/\"},\"sameAs\":[\"https:\\\/\\\/www.facebook.com\\\/castrum.ee\"]}]}<\/script>\n<!-- \/ Yoast SEO plugin. -->","yoast_head_json":{"title":"RIVAL Alumiini-kovakate JEEP Gladiator | Castrum","description":"RIVAL alumiini-kovakate JEEP Gladiator Double Cab [18+] - lavakuomut, hardtop-katted ja lis\u00e4varusteet maastoautoille. Laatu ja kest\u00e4vyys.","robots":{"index":"index","follow":"follow","max-snippet":"max-snippet:-1","max-image-preview":"max-image-preview:large","max-video-preview":"max-video-preview:-1"},"canonical":"https:\/\/www.castrum.ee\/fi\/toode\/rival-alumiini-kovakate-jeep-gladiator-double-cab-18\/","og_locale":"fi_FI","og_type":"article","og_title":"RIVAL Alumiini-kovakate JEEP Gladiator | Castrum","og_description":"RIVAL alumiini-kovakate JEEP Gladiator Double Cab [18+] - lavakuomut, hardtop-katted ja lis\u00e4varusteet maastoautoille. Laatu ja kest\u00e4vyys.","og_url":"https:\/\/www.castrum.ee\/fi\/toode\/rival-alumiini-kovakate-jeep-gladiator-double-cab-18\/","og_site_name":"Castrum","article_publisher":"https:\/\/www.facebook.com\/castrum.ee","og_image":[{"width":1200,"height":848,"url":"https:\/\/www.castrum.ee\/wp-content\/uploads\/2025\/10\/EXRIVCAN1870B.jpg","type":"image\/jpeg"}],"twitter_card":"summary_large_image","twitter_misc":{"Arvioitu lukuaika":"1 minuutti"},"schema":{"@context":"https:\/\/schema.org","@graph":[{"@type":"WebPage","@id":"https:\/\/www.castrum.ee\/fi\/toode\/rival-alumiini-kovakate-jeep-gladiator-double-cab-18\/","url":"https:\/\/www.castrum.ee\/fi\/toode\/rival-alumiini-kovakate-jeep-gladiator-double-cab-18\/","name":"RIVAL Alumiini-kovakate JEEP Gladiator | Castrum","isPartOf":{"@id":"https:\/\/www.castrum.ee\/fi\/#website"},"primaryImageOfPage":{"@id":"https:\/\/www.castrum.ee\/fi\/toode\/rival-alumiini-kovakate-jeep-gladiator-double-cab-18\/#primaryimage"},"image":{"@id":"https:\/\/www.castrum.ee\/fi\/toode\/rival-alumiini-kovakate-jeep-gladiator-double-cab-18\/#primaryimage"},"thumbnailUrl":"https:\/\/www.castrum.ee\/wp-content\/uploads\/2025\/10\/EXRIVCAN1870B.jpg","datePublished":"2026-04-29T10:53:06+00:00","description":"RIVAL alumiini-kovakate JEEP Gladiator Double Cab [18+] - lavakuomut, hardtop-katted ja lis\u00e4varusteet maastoautoille. Laatu ja kest\u00e4vyys.","breadcrumb":{"@id":"https:\/\/www.castrum.ee\/fi\/toode\/rival-alumiini-kovakate-jeep-gladiator-double-cab-18\/#breadcrumb"},"inLanguage":"fi","potentialAction":[{"@type":"ReadAction","target":["https:\/\/www.castrum.ee\/fi\/toode\/rival-alumiini-kovakate-jeep-gladiator-double-cab-18\/"]}]},{"@type":"ImageObject","inLanguage":"fi","@id":"https:\/\/www.castrum.ee\/fi\/toode\/rival-alumiini-kovakate-jeep-gladiator-double-cab-18\/#primaryimage","url":"https:\/\/www.castrum.ee\/wp-content\/uploads\/2025\/10\/EXRIVCAN1870B.jpg","contentUrl":"https:\/\/www.castrum.ee\/wp-content\/uploads\/2025\/10\/EXRIVCAN1870B.jpg","width":1200,"height":848},{"@type":"BreadcrumbList","@id":"https:\/\/www.castrum.ee\/fi\/toode\/rival-alumiini-kovakate-jeep-gladiator-double-cab-18\/#breadcrumb","itemListElement":[{"@type":"ListItem","position":1,"name":"Home","item":"https:\/\/www.castrum.ee\/fi\/kotisivu\/"},{"@type":"ListItem","position":2,"name":"Verkkokauppa","item":"https:\/\/www.castrum.ee\/fi\/kauppa\/"},{"@type":"ListItem","position":3,"name":"RIVAL Alumiini-kovakate JEEP Gladiator Double Cab [18+]"}]},{"@type":"WebSite","@id":"https:\/\/www.castrum.ee\/fi\/#website","url":"https:\/\/www.castrum.ee\/fi\/","name":"Castrum","description":"Maasturite, s\u00f5iduautode ja v\u00e4ikebusside lisavarustus","publisher":{"@id":"https:\/\/www.castrum.ee\/fi\/#organization"},"potentialAction":[{"@type":"SearchAction","target":{"@type":"EntryPoint","urlTemplate":"https:\/\/www.castrum.ee\/fi\/?s={search_term_string}"},"query-input":{"@type":"PropertyValueSpecification","valueRequired":true,"valueName":"search_term_string"}}],"inLanguage":"fi"},{"@type":"Organization","@id":"https:\/\/www.castrum.ee\/fi\/#organization","name":"Castrum Grupp O\u00dc","url":"https:\/\/www.castrum.ee\/fi\/","logo":{"@type":"ImageObject","inLanguage":"fi","@id":"https:\/\/www.castrum.ee\/fi\/#\/schema\/logo\/image\/","url":"https:\/\/www.castrum.ee\/wp-content\/uploads\/2025\/03\/Castrum-logo-500.png","contentUrl":"https:\/\/www.castrum.ee\/wp-content\/uploads\/2025\/03\/Castrum-logo-500.png","width":500,"height":250,"caption":"Castrum Grupp O\u00dc"},"image":{"@id":"https:\/\/www.castrum.ee\/fi\/#\/schema\/logo\/image\/"},"sameAs":["https:\/\/www.facebook.com\/castrum.ee"]}]}},"_links":{"self":[{"href":"https:\/\/www.castrum.ee\/fi\/wp-json\/wp\/v2\/product\/79957","targetHints":{"allow":["GET"]}}],"collection":[{"href":"https:\/\/www.castrum.ee\/fi\/wp-json\/wp\/v2\/product"}],"about":[{"href":"https:\/\/www.castrum.ee\/fi\/wp-json\/wp\/v2\/types\/product"}],"wp:featuredmedia":[{"embeddable":true,"href":"https:\/\/www.castrum.ee\/fi\/wp-json\/wp\/v2\/media\/27537"}],"wp:attachment":[{"href":"https:\/\/www.castrum.ee\/fi\/wp-json\/wp\/v2\/media?parent=79957"}],"wp:term":[{"taxonomy":"mark-ja-mudel","embeddable":true,"href":"https:\/\/www.castrum.ee\/fi\/wp-json\/wp\/v2\/mark-ja-mudel?post=79957"},{"taxonomy":"product_brand","embeddable":true,"href":"https:\/\/www.castrum.ee\/fi\/wp-json\/wp\/v2\/product_brand?post=79957"},{"taxonomy":"product_cat","embeddable":true,"href":"https:\/\/www.castrum.ee\/fi\/wp-json\/wp\/v2\/product_cat?post=79957"},{"taxonomy":"product_tag","embeddable":true,"href":"https:\/\/www.castrum.ee\/fi\/wp-json\/wp\/v2\/product_tag?post=79957"}],"curies":[{"name":"wp","href":"https:\/\/api.w.org\/{rel}","templated":true}]}}