{"id":79961,"date":"2026-04-29T13:53:45","date_gmt":"2026-04-29T10:53:45","guid":{"rendered":"https:\/\/www.castrum.ee\/toode\/rival-alumiiniumkuomu-ford-ranger-raptor-double-cab-22-fefr0i\/"},"modified":"2026-04-29T13:53:45","modified_gmt":"2026-04-29T10:53:45","slug":"rival-alumiiniumkuomu-ford-ranger-raptor-double-cab-22","status":"publish","type":"product","link":"https:\/\/www.castrum.ee\/fi\/toode\/rival-alumiiniumkuomu-ford-ranger-raptor-double-cab-22\/","title":{"rendered":"RIVAL Alumiiniumkuomu Ford Ranger RAPTOR Double Cab [22+]"},"content":{"rendered":"<p>RIVAL-lavakuomu on varustettu ensimm\u00e4isen luokan mattamusta jauhepinnoitteella PVDF-j\u00e4rjestelm\u00e4ss\u00e4, mik\u00e4 takaa vertaansa vaatimattoman kest\u00e4vyyden ja s\u00e4\u00e4nkest\u00e4vyyden. T\u00e4m\u00e4 laadukas pinnoitus est\u00e4\u00e4 tehokkaasti korroosion, pident\u00e4\u00e4 tuotteen k\u00e4ytt\u00f6ik\u00e4\u00e4 ja parantaa sen tyylillist\u00e4 ja nykyaikaista ulkon\u00e4k\u00f6\u00e4 \u2013 vastaten korkeimpiin teollisuusstandardeihin sek\u00e4 suorituskyvyn ett\u00e4 estetiikan osalta.<\/p>\n<p>Lavakuomu on valmistettu A6063-alumiinista extrudoidulla rungolla.<\/p>\n<p>Kaikki paneelit ovat 4 mm alumiini\u00adkomposiittia ja vahvistettu ter\u00e4ss\u00e4\u00adrungolla, jonka sis\u00e4ll\u00e4 on EVA-vaahto\u00aderistys.<\/p>\n<p>Integroitu LED-valaistus takaa mukavuuden joka hetkell\u00e4: pehme\u00e4 ja tasainen valo luo kodikkaan tunnelman, lis\u00e4\u00e4 toiminnallisuutta ja tuo tyylilt\u00e4 huoneeseen. Valaistus on t\u00e4sm\u00e4lleen siell\u00e4, miss\u00e4 sit\u00e4 tarvitset \u2013 ilman ylim\u00e4\u00e4r\u00e4isi\u00e4 johtoja ja monimutkaista asentamista.<\/p>\n<p>Vahvistetut kaasujouset mahdollistavat RIVAL-lavakuomun avaamisen yhdell\u00e4 k\u00e4del\u00e4, jopa vaikeissa s\u00e4\u00e4olosuhteissa. Korroosionkest\u00e4v\u00e4 rakenne takaa monien vuosien luotettavan k\u00e4yt\u00f6n.<\/p>\n<p>RIVAL-lavakuomu on suunniteltu sujuvaan toimivuuteen ja varustettu huomaamattomalla, mutta vahvalla kattokaitseen -j\u00e4rjestelm\u00e4ll\u00e4, joka on erityisesti suunniteltu RIVAL-kattokaitseiden ja muiden premium-tarvikkeiden asentamiseen.<\/p>\n<p>K\u00e4tev\u00e4 p\u00e4\u00e4sy\u00adj\u00e4rjestelm\u00e4, joka takaa ongelmatoman ja sujuvan k\u00e4yt\u00f6n joka tilanteessa:<\/p>\n<ul>\n<li>Suuret ja kuopaiset esineet voidaan helposti lastata optimoidulla kuormaus\u00adkorkeudella<\/li>\n<li>Monsuuntainen oven konfiguraatio tarpeen mukaan<\/li>\n<li>Turvallinen yhdell\u00e4 k\u00e4del\u00e4 avaaminen intuitiivisella lukitus\u00admekanismilla<\/li>\n<\/ul>\n","protected":false},"excerpt":{"rendered":"<p>RIVAL-alumiini\u00adkuomu Ford Ranger RAPTOR Double Cab [22+] \u2013 laadukas modulaarinen kattorakentelu ekstrudoidulla profiililla. Eritt\u00e4in kest\u00e4v\u00e4, tarkkaan suunniteltu ja helppo asentaa. Yksi k\u00e4si, ilman ty\u00f6kaluja. Korkealaatuinen ratkaisu, joka kest\u00e4\u00e4 vuosia.<\/p>\n","protected":false},"featured_media":27564,"template":"","meta":{"_acf_changed":false},"mark-ja-mudel":[],"product_brand":[1286,1287,1419],"product_cat":[1073,1074],"product_tag":[1107],"class_list":{"0":"post-79961","1":"product","2":"type-product","3":"status-publish","4":"has-post-thumbnail","6":"product_brand-ford","7":"product_brand-ranger","8":"product_brand-ranger-raptor","9":"product_cat-lavaraudat-ja-lavakannet","10":"product_cat-lavakuvut","11":"product_tag-toimitusaika-4-5-paivaa","13":"first","14":"instock","15":"taxable","16":"shipping-taxable","17":"purchasable","18":"product-type-simple"},"bundled_by":[],"bundle_stock_status":"instock","bundle_stock_quantity":null,"bundle_virtual":false,"bundle_layout":"","bundle_add_to_cart_form_location":"","bundle_editable_in_cart":false,"bundle_sold_individually_context":"","bundle_item_grouping":"","bundle_min_size":"","bundle_max_size":"","bundle_price":[],"bundled_items":[],"bundle_sell_ids":[],"acf":[],"yoast_head":"<!-- This site is optimized with the Yoast SEO plugin v27.3 - https:\/\/yoast.com\/product\/yoast-seo-wordpress\/ -->\n<title>RIVAL Alumiiniumkuomu Ford Ranger RAPTOR [22+]<\/title>\n<meta name=\"description\" content=\"RIVAL-alumiini\u00adlavakuomu Ford Ranger RAPTOR Double Cab [22+]. Mattamusta PVDF-pinnoite, integroitu LED-valo, kaasujouset. Maasturitarvikkeet.\" \/>\n<meta name=\"robots\" content=\"index, follow, max-snippet:-1, max-image-preview:large, max-video-preview:-1\" \/>\n<link rel=\"canonical\" href=\"https:\/\/www.castrum.ee\/fi\/toode\/rival-alumiiniumkuomu-ford-ranger-raptor-double-cab-22\/\" \/>\n<meta property=\"og:locale\" content=\"fi_FI\" \/>\n<meta property=\"og:type\" content=\"article\" \/>\n<meta property=\"og:title\" content=\"RIVAL Alumiiniumkuomu Ford Ranger RAPTOR [22+]\" \/>\n<meta property=\"og:description\" content=\"RIVAL-alumiini\u00adlavakuomu Ford Ranger RAPTOR Double Cab [22+]. Mattamusta PVDF-pinnoite, integroitu LED-valo, kaasujouset. Maasturitarvikkeet.\" \/>\n<meta property=\"og:url\" content=\"https:\/\/www.castrum.ee\/fi\/toode\/rival-alumiiniumkuomu-ford-ranger-raptor-double-cab-22\/\" \/>\n<meta property=\"og:site_name\" content=\"Castrum\" \/>\n<meta property=\"article:publisher\" content=\"https:\/\/www.facebook.com\/castrum.ee\" \/>\n<meta property=\"og:image\" content=\"https:\/\/www.castrum.ee\/wp-content\/uploads\/2025\/10\/DCRIVCAN1880B_11.jpg\" \/>\n\t<meta property=\"og:image:width\" content=\"1200\" \/>\n\t<meta property=\"og:image:height\" content=\"800\" \/>\n\t<meta property=\"og:image:type\" content=\"image\/jpeg\" \/>\n<meta name=\"twitter:card\" content=\"summary_large_image\" \/>\n<meta name=\"twitter:label1\" content=\"Arvioitu lukuaika\" \/>\n\t<meta name=\"twitter:data1\" content=\"1 minuutti\" \/>\n<script type=\"application\/ld+json\" class=\"yoast-schema-graph\">{\"@context\":\"https:\\\/\\\/schema.org\",\"@graph\":[{\"@type\":\"WebPage\",\"@id\":\"https:\\\/\\\/www.castrum.ee\\\/fi\\\/toode\\\/rival-alumiiniumkuomu-ford-ranger-raptor-double-cab-22\\\/\",\"url\":\"https:\\\/\\\/www.castrum.ee\\\/fi\\\/toode\\\/rival-alumiiniumkuomu-ford-ranger-raptor-double-cab-22\\\/\",\"name\":\"RIVAL Alumiiniumkuomu Ford Ranger RAPTOR [22+]\",\"isPartOf\":{\"@id\":\"https:\\\/\\\/www.castrum.ee\\\/fi\\\/#website\"},\"primaryImageOfPage\":{\"@id\":\"https:\\\/\\\/www.castrum.ee\\\/fi\\\/toode\\\/rival-alumiiniumkuomu-ford-ranger-raptor-double-cab-22\\\/#primaryimage\"},\"image\":{\"@id\":\"https:\\\/\\\/www.castrum.ee\\\/fi\\\/toode\\\/rival-alumiiniumkuomu-ford-ranger-raptor-double-cab-22\\\/#primaryimage\"},\"thumbnailUrl\":\"https:\\\/\\\/www.castrum.ee\\\/wp-content\\\/uploads\\\/2025\\\/10\\\/DCRIVCAN1880B_11.jpg\",\"datePublished\":\"2026-04-29T10:53:45+00:00\",\"description\":\"RIVAL-alumiini\u00adlavakuomu Ford Ranger RAPTOR Double Cab [22+]. Mattamusta PVDF-pinnoite, integroitu LED-valo, kaasujouset. Maasturitarvikkeet.\",\"breadcrumb\":{\"@id\":\"https:\\\/\\\/www.castrum.ee\\\/fi\\\/toode\\\/rival-alumiiniumkuomu-ford-ranger-raptor-double-cab-22\\\/#breadcrumb\"},\"inLanguage\":\"fi\",\"potentialAction\":[{\"@type\":\"ReadAction\",\"target\":[\"https:\\\/\\\/www.castrum.ee\\\/fi\\\/toode\\\/rival-alumiiniumkuomu-ford-ranger-raptor-double-cab-22\\\/\"]}]},{\"@type\":\"ImageObject\",\"inLanguage\":\"fi\",\"@id\":\"https:\\\/\\\/www.castrum.ee\\\/fi\\\/toode\\\/rival-alumiiniumkuomu-ford-ranger-raptor-double-cab-22\\\/#primaryimage\",\"url\":\"https:\\\/\\\/www.castrum.ee\\\/wp-content\\\/uploads\\\/2025\\\/10\\\/DCRIVCAN1880B_11.jpg\",\"contentUrl\":\"https:\\\/\\\/www.castrum.ee\\\/wp-content\\\/uploads\\\/2025\\\/10\\\/DCRIVCAN1880B_11.jpg\",\"width\":1200,\"height\":800},{\"@type\":\"BreadcrumbList\",\"@id\":\"https:\\\/\\\/www.castrum.ee\\\/fi\\\/toode\\\/rival-alumiiniumkuomu-ford-ranger-raptor-double-cab-22\\\/#breadcrumb\",\"itemListElement\":[{\"@type\":\"ListItem\",\"position\":1,\"name\":\"Home\",\"item\":\"https:\\\/\\\/www.castrum.ee\\\/fi\\\/kotisivu\\\/\"},{\"@type\":\"ListItem\",\"position\":2,\"name\":\"Verkkokauppa\",\"item\":\"https:\\\/\\\/www.castrum.ee\\\/fi\\\/kauppa\\\/\"},{\"@type\":\"ListItem\",\"position\":3,\"name\":\"RIVAL Alumiiniumkuomu Ford Ranger RAPTOR Double Cab [22+]\"}]},{\"@type\":\"WebSite\",\"@id\":\"https:\\\/\\\/www.castrum.ee\\\/fi\\\/#website\",\"url\":\"https:\\\/\\\/www.castrum.ee\\\/fi\\\/\",\"name\":\"Castrum\",\"description\":\"Maasturite, s\u00f5iduautode ja v\u00e4ikebusside lisavarustus\",\"publisher\":{\"@id\":\"https:\\\/\\\/www.castrum.ee\\\/fi\\\/#organization\"},\"potentialAction\":[{\"@type\":\"SearchAction\",\"target\":{\"@type\":\"EntryPoint\",\"urlTemplate\":\"https:\\\/\\\/www.castrum.ee\\\/fi\\\/?s={search_term_string}\"},\"query-input\":{\"@type\":\"PropertyValueSpecification\",\"valueRequired\":true,\"valueName\":\"search_term_string\"}}],\"inLanguage\":\"fi\"},{\"@type\":\"Organization\",\"@id\":\"https:\\\/\\\/www.castrum.ee\\\/fi\\\/#organization\",\"name\":\"Castrum Grupp O\u00dc\",\"url\":\"https:\\\/\\\/www.castrum.ee\\\/fi\\\/\",\"logo\":{\"@type\":\"ImageObject\",\"inLanguage\":\"fi\",\"@id\":\"https:\\\/\\\/www.castrum.ee\\\/fi\\\/#\\\/schema\\\/logo\\\/image\\\/\",\"url\":\"https:\\\/\\\/www.castrum.ee\\\/wp-content\\\/uploads\\\/2025\\\/03\\\/Castrum-logo-500.png\",\"contentUrl\":\"https:\\\/\\\/www.castrum.ee\\\/wp-content\\\/uploads\\\/2025\\\/03\\\/Castrum-logo-500.png\",\"width\":500,\"height\":250,\"caption\":\"Castrum Grupp O\u00dc\"},\"image\":{\"@id\":\"https:\\\/\\\/www.castrum.ee\\\/fi\\\/#\\\/schema\\\/logo\\\/image\\\/\"},\"sameAs\":[\"https:\\\/\\\/www.facebook.com\\\/castrum.ee\"]}]}<\/script>\n<!-- \/ Yoast SEO plugin. -->","yoast_head_json":{"title":"RIVAL Alumiiniumkuomu Ford Ranger RAPTOR [22+]","description":"RIVAL-alumiini\u00adlavakuomu Ford Ranger RAPTOR Double Cab [22+]. Mattamusta PVDF-pinnoite, integroitu LED-valo, kaasujouset. Maasturitarvikkeet.","robots":{"index":"index","follow":"follow","max-snippet":"max-snippet:-1","max-image-preview":"max-image-preview:large","max-video-preview":"max-video-preview:-1"},"canonical":"https:\/\/www.castrum.ee\/fi\/toode\/rival-alumiiniumkuomu-ford-ranger-raptor-double-cab-22\/","og_locale":"fi_FI","og_type":"article","og_title":"RIVAL Alumiiniumkuomu Ford Ranger RAPTOR [22+]","og_description":"RIVAL-alumiini\u00adlavakuomu Ford Ranger RAPTOR Double Cab [22+]. Mattamusta PVDF-pinnoite, integroitu LED-valo, kaasujouset. Maasturitarvikkeet.","og_url":"https:\/\/www.castrum.ee\/fi\/toode\/rival-alumiiniumkuomu-ford-ranger-raptor-double-cab-22\/","og_site_name":"Castrum","article_publisher":"https:\/\/www.facebook.com\/castrum.ee","og_image":[{"width":1200,"height":800,"url":"https:\/\/www.castrum.ee\/wp-content\/uploads\/2025\/10\/DCRIVCAN1880B_11.jpg","type":"image\/jpeg"}],"twitter_card":"summary_large_image","twitter_misc":{"Arvioitu lukuaika":"1 minuutti"},"schema":{"@context":"https:\/\/schema.org","@graph":[{"@type":"WebPage","@id":"https:\/\/www.castrum.ee\/fi\/toode\/rival-alumiiniumkuomu-ford-ranger-raptor-double-cab-22\/","url":"https:\/\/www.castrum.ee\/fi\/toode\/rival-alumiiniumkuomu-ford-ranger-raptor-double-cab-22\/","name":"RIVAL Alumiiniumkuomu Ford Ranger RAPTOR [22+]","isPartOf":{"@id":"https:\/\/www.castrum.ee\/fi\/#website"},"primaryImageOfPage":{"@id":"https:\/\/www.castrum.ee\/fi\/toode\/rival-alumiiniumkuomu-ford-ranger-raptor-double-cab-22\/#primaryimage"},"image":{"@id":"https:\/\/www.castrum.ee\/fi\/toode\/rival-alumiiniumkuomu-ford-ranger-raptor-double-cab-22\/#primaryimage"},"thumbnailUrl":"https:\/\/www.castrum.ee\/wp-content\/uploads\/2025\/10\/DCRIVCAN1880B_11.jpg","datePublished":"2026-04-29T10:53:45+00:00","description":"RIVAL-alumiini\u00adlavakuomu Ford Ranger RAPTOR Double Cab [22+]. Mattamusta PVDF-pinnoite, integroitu LED-valo, kaasujouset. Maasturitarvikkeet.","breadcrumb":{"@id":"https:\/\/www.castrum.ee\/fi\/toode\/rival-alumiiniumkuomu-ford-ranger-raptor-double-cab-22\/#breadcrumb"},"inLanguage":"fi","potentialAction":[{"@type":"ReadAction","target":["https:\/\/www.castrum.ee\/fi\/toode\/rival-alumiiniumkuomu-ford-ranger-raptor-double-cab-22\/"]}]},{"@type":"ImageObject","inLanguage":"fi","@id":"https:\/\/www.castrum.ee\/fi\/toode\/rival-alumiiniumkuomu-ford-ranger-raptor-double-cab-22\/#primaryimage","url":"https:\/\/www.castrum.ee\/wp-content\/uploads\/2025\/10\/DCRIVCAN1880B_11.jpg","contentUrl":"https:\/\/www.castrum.ee\/wp-content\/uploads\/2025\/10\/DCRIVCAN1880B_11.jpg","width":1200,"height":800},{"@type":"BreadcrumbList","@id":"https:\/\/www.castrum.ee\/fi\/toode\/rival-alumiiniumkuomu-ford-ranger-raptor-double-cab-22\/#breadcrumb","itemListElement":[{"@type":"ListItem","position":1,"name":"Home","item":"https:\/\/www.castrum.ee\/fi\/kotisivu\/"},{"@type":"ListItem","position":2,"name":"Verkkokauppa","item":"https:\/\/www.castrum.ee\/fi\/kauppa\/"},{"@type":"ListItem","position":3,"name":"RIVAL Alumiiniumkuomu Ford Ranger RAPTOR Double Cab [22+]"}]},{"@type":"WebSite","@id":"https:\/\/www.castrum.ee\/fi\/#website","url":"https:\/\/www.castrum.ee\/fi\/","name":"Castrum","description":"Maasturite, s\u00f5iduautode ja v\u00e4ikebusside lisavarustus","publisher":{"@id":"https:\/\/www.castrum.ee\/fi\/#organization"},"potentialAction":[{"@type":"SearchAction","target":{"@type":"EntryPoint","urlTemplate":"https:\/\/www.castrum.ee\/fi\/?s={search_term_string}"},"query-input":{"@type":"PropertyValueSpecification","valueRequired":true,"valueName":"search_term_string"}}],"inLanguage":"fi"},{"@type":"Organization","@id":"https:\/\/www.castrum.ee\/fi\/#organization","name":"Castrum Grupp O\u00dc","url":"https:\/\/www.castrum.ee\/fi\/","logo":{"@type":"ImageObject","inLanguage":"fi","@id":"https:\/\/www.castrum.ee\/fi\/#\/schema\/logo\/image\/","url":"https:\/\/www.castrum.ee\/wp-content\/uploads\/2025\/03\/Castrum-logo-500.png","contentUrl":"https:\/\/www.castrum.ee\/wp-content\/uploads\/2025\/03\/Castrum-logo-500.png","width":500,"height":250,"caption":"Castrum Grupp O\u00dc"},"image":{"@id":"https:\/\/www.castrum.ee\/fi\/#\/schema\/logo\/image\/"},"sameAs":["https:\/\/www.facebook.com\/castrum.ee"]}]}},"_links":{"self":[{"href":"https:\/\/www.castrum.ee\/fi\/wp-json\/wp\/v2\/product\/79961","targetHints":{"allow":["GET"]}}],"collection":[{"href":"https:\/\/www.castrum.ee\/fi\/wp-json\/wp\/v2\/product"}],"about":[{"href":"https:\/\/www.castrum.ee\/fi\/wp-json\/wp\/v2\/types\/product"}],"wp:featuredmedia":[{"embeddable":true,"href":"https:\/\/www.castrum.ee\/fi\/wp-json\/wp\/v2\/media\/27564"}],"wp:attachment":[{"href":"https:\/\/www.castrum.ee\/fi\/wp-json\/wp\/v2\/media?parent=79961"}],"wp:term":[{"taxonomy":"mark-ja-mudel","embeddable":true,"href":"https:\/\/www.castrum.ee\/fi\/wp-json\/wp\/v2\/mark-ja-mudel?post=79961"},{"taxonomy":"product_brand","embeddable":true,"href":"https:\/\/www.castrum.ee\/fi\/wp-json\/wp\/v2\/product_brand?post=79961"},{"taxonomy":"product_cat","embeddable":true,"href":"https:\/\/www.castrum.ee\/fi\/wp-json\/wp\/v2\/product_cat?post=79961"},{"taxonomy":"product_tag","embeddable":true,"href":"https:\/\/www.castrum.ee\/fi\/wp-json\/wp\/v2\/product_tag?post=79961"}],"curies":[{"name":"wp","href":"https:\/\/api.w.org\/{rel}","templated":true}]}}