{"id":79981,"date":"2026-04-29T13:56:26","date_gmt":"2026-04-29T10:56:26","guid":{"rendered":"https:\/\/www.castrum.ee\/toode\/vw-id-buzz-22-lazer-linear-6-elite-maskisaleikon-led-integraatiosetti-idigtk\/"},"modified":"2026-04-29T13:56:26","modified_gmt":"2026-04-29T10:56:26","slug":"vw-id-buzz-22-lazer-linear-6-elite-maskisaleikon-led-integraatiosetti","status":"publish","type":"product","link":"https:\/\/www.castrum.ee\/fi\/toode\/vw-id-buzz-22-lazer-linear-6-elite-maskisaleikon-led-integraatiosetti\/","title":{"rendered":"VW ID Buzz [22+] Lazer Linear 6 Elite maskis\u00e4leikk\u00f6setti."},"content":{"rendered":"<p>Sarja kuuluu kaikki asennus tarvittava. Asennuksessa tarvitaan lis\u00e4ksi: https:\/\/www.castrum.ee\/product\/1605-wk008-can-bus-relee\/ &nbsp;<\/p>\n","protected":false},"excerpt":{"rendered":"<p>Sarja kuuluu kaikki asennus tarvittava. Asennuksessa tarvitaan lis\u00e4ksi: https:\/\/www.castrum.ee\/product\/1605-wk008-can-bus-relee\/<\/p>\n","protected":false},"featured_media":27190,"template":"","meta":{"_acf_changed":false},"mark-ja-mudel":[],"product_brand":[1553,1275],"product_cat":[1079,1081],"product_tag":[1107],"class_list":{"0":"post-79981","1":"product","2":"type-product","3":"status-publish","4":"has-post-thumbnail","6":"product_brand-id-buzz","7":"product_brand-volkswagen","8":"product_cat-led-lisavalot-ja-tarvikkeet","9":"product_cat-mallikohtaiset-led-kaukovalot","10":"product_tag-toimitusaika-4-5-paivaa","12":"first","13":"instock","14":"sale","15":"taxable","16":"shipping-taxable","17":"purchasable","18":"product-type-simple"},"bundled_by":[],"bundle_stock_status":"instock","bundle_stock_quantity":null,"bundle_virtual":false,"bundle_layout":"","bundle_add_to_cart_form_location":"","bundle_editable_in_cart":false,"bundle_sold_individually_context":"","bundle_item_grouping":"","bundle_min_size":"","bundle_max_size":"","bundle_price":[],"bundled_items":[],"bundle_sell_ids":[],"acf":[],"yoast_head":"<!-- This site is optimized with the Yoast SEO plugin v27.3 - https:\/\/yoast.com\/product\/yoast-seo-wordpress\/ -->\n<title>VW ID Buzz Lazer Linear 6 - maskis\u00e4leikk\u00f6 LED | Castrum<\/title>\n<meta name=\"description\" content=\"VW ID Buzz [22+] Lazer Linear 6 Elite maskis\u00e4leikk\u00f6 LED-integraatiosetti. Merkkikohtaiset lis\u00e4valot ja lis\u00e4valotarvikkeet autoihin ja maastorautoihin.\" \/>\n<meta name=\"robots\" content=\"index, follow, max-snippet:-1, max-image-preview:large, max-video-preview:-1\" \/>\n<link rel=\"canonical\" href=\"https:\/\/www.castrum.ee\/fi\/toode\/vw-id-buzz-22-lazer-linear-6-elite-maskisaleikon-led-integraatiosetti\/\" \/>\n<meta property=\"og:locale\" content=\"fi_FI\" \/>\n<meta property=\"og:type\" content=\"article\" \/>\n<meta property=\"og:title\" content=\"VW ID Buzz Lazer Linear 6 - maskis\u00e4leikk\u00f6 LED | Castrum\" \/>\n<meta property=\"og:description\" content=\"VW ID Buzz [22+] Lazer Linear 6 Elite maskis\u00e4leikk\u00f6 LED-integraatiosetti. Merkkikohtaiset lis\u00e4valot ja lis\u00e4valotarvikkeet autoihin ja maastorautoihin.\" \/>\n<meta property=\"og:url\" content=\"https:\/\/www.castrum.ee\/fi\/toode\/vw-id-buzz-22-lazer-linear-6-elite-maskisaleikon-led-integraatiosetti\/\" \/>\n<meta property=\"og:site_name\" content=\"Castrum\" \/>\n<meta property=\"article:publisher\" content=\"https:\/\/www.facebook.com\/castrum.ee\" \/>\n<meta property=\"og:image\" content=\"https:\/\/www.castrum.ee\/wp-content\/uploads\/2025\/10\/IMG_9137.jpeg\" \/>\n\t<meta property=\"og:image:width\" content=\"1000\" \/>\n\t<meta property=\"og:image:height\" content=\"750\" \/>\n\t<meta property=\"og:image:type\" content=\"image\/jpeg\" \/>\n<meta name=\"twitter:card\" content=\"summary_large_image\" \/>\n<script type=\"application\/ld+json\" class=\"yoast-schema-graph\">{\"@context\":\"https:\\\/\\\/schema.org\",\"@graph\":[{\"@type\":\"WebPage\",\"@id\":\"https:\\\/\\\/www.castrum.ee\\\/fi\\\/toode\\\/vw-id-buzz-22-lazer-linear-6-elite-maskisaleikon-led-integraatiosetti\\\/\",\"url\":\"https:\\\/\\\/www.castrum.ee\\\/fi\\\/toode\\\/vw-id-buzz-22-lazer-linear-6-elite-maskisaleikon-led-integraatiosetti\\\/\",\"name\":\"VW ID Buzz Lazer Linear 6 - maskis\u00e4leikk\u00f6 LED | Castrum\",\"isPartOf\":{\"@id\":\"https:\\\/\\\/www.castrum.ee\\\/fi\\\/#website\"},\"primaryImageOfPage\":{\"@id\":\"https:\\\/\\\/www.castrum.ee\\\/fi\\\/toode\\\/vw-id-buzz-22-lazer-linear-6-elite-maskisaleikon-led-integraatiosetti\\\/#primaryimage\"},\"image\":{\"@id\":\"https:\\\/\\\/www.castrum.ee\\\/fi\\\/toode\\\/vw-id-buzz-22-lazer-linear-6-elite-maskisaleikon-led-integraatiosetti\\\/#primaryimage\"},\"thumbnailUrl\":\"https:\\\/\\\/www.castrum.ee\\\/wp-content\\\/uploads\\\/2025\\\/10\\\/IMG_9137.jpeg\",\"datePublished\":\"2026-04-29T10:56:26+00:00\",\"description\":\"VW ID Buzz [22+] Lazer Linear 6 Elite maskis\u00e4leikk\u00f6 LED-integraatiosetti. Merkkikohtaiset lis\u00e4valot ja lis\u00e4valotarvikkeet autoihin ja maastorautoihin.\",\"breadcrumb\":{\"@id\":\"https:\\\/\\\/www.castrum.ee\\\/fi\\\/toode\\\/vw-id-buzz-22-lazer-linear-6-elite-maskisaleikon-led-integraatiosetti\\\/#breadcrumb\"},\"inLanguage\":\"fi\",\"potentialAction\":[{\"@type\":\"ReadAction\",\"target\":[\"https:\\\/\\\/www.castrum.ee\\\/fi\\\/toode\\\/vw-id-buzz-22-lazer-linear-6-elite-maskisaleikon-led-integraatiosetti\\\/\"]}]},{\"@type\":\"ImageObject\",\"inLanguage\":\"fi\",\"@id\":\"https:\\\/\\\/www.castrum.ee\\\/fi\\\/toode\\\/vw-id-buzz-22-lazer-linear-6-elite-maskisaleikon-led-integraatiosetti\\\/#primaryimage\",\"url\":\"https:\\\/\\\/www.castrum.ee\\\/wp-content\\\/uploads\\\/2025\\\/10\\\/IMG_9137.jpeg\",\"contentUrl\":\"https:\\\/\\\/www.castrum.ee\\\/wp-content\\\/uploads\\\/2025\\\/10\\\/IMG_9137.jpeg\",\"width\":1000,\"height\":750},{\"@type\":\"BreadcrumbList\",\"@id\":\"https:\\\/\\\/www.castrum.ee\\\/fi\\\/toode\\\/vw-id-buzz-22-lazer-linear-6-elite-maskisaleikon-led-integraatiosetti\\\/#breadcrumb\",\"itemListElement\":[{\"@type\":\"ListItem\",\"position\":1,\"name\":\"Home\",\"item\":\"https:\\\/\\\/www.castrum.ee\\\/fi\\\/kotisivu\\\/\"},{\"@type\":\"ListItem\",\"position\":2,\"name\":\"Verkkokauppa\",\"item\":\"https:\\\/\\\/www.castrum.ee\\\/fi\\\/kauppa\\\/\"},{\"@type\":\"ListItem\",\"position\":3,\"name\":\"VW ID Buzz [22+] Lazer Linear 6 Elite maskis\u00e4leikk\u00f6setti.\"}]},{\"@type\":\"WebSite\",\"@id\":\"https:\\\/\\\/www.castrum.ee\\\/fi\\\/#website\",\"url\":\"https:\\\/\\\/www.castrum.ee\\\/fi\\\/\",\"name\":\"Castrum\",\"description\":\"Maasturite, s\u00f5iduautode ja v\u00e4ikebusside lisavarustus\",\"publisher\":{\"@id\":\"https:\\\/\\\/www.castrum.ee\\\/fi\\\/#organization\"},\"potentialAction\":[{\"@type\":\"SearchAction\",\"target\":{\"@type\":\"EntryPoint\",\"urlTemplate\":\"https:\\\/\\\/www.castrum.ee\\\/fi\\\/?s={search_term_string}\"},\"query-input\":{\"@type\":\"PropertyValueSpecification\",\"valueRequired\":true,\"valueName\":\"search_term_string\"}}],\"inLanguage\":\"fi\"},{\"@type\":\"Organization\",\"@id\":\"https:\\\/\\\/www.castrum.ee\\\/fi\\\/#organization\",\"name\":\"Castrum Grupp O\u00dc\",\"url\":\"https:\\\/\\\/www.castrum.ee\\\/fi\\\/\",\"logo\":{\"@type\":\"ImageObject\",\"inLanguage\":\"fi\",\"@id\":\"https:\\\/\\\/www.castrum.ee\\\/fi\\\/#\\\/schema\\\/logo\\\/image\\\/\",\"url\":\"https:\\\/\\\/www.castrum.ee\\\/wp-content\\\/uploads\\\/2025\\\/03\\\/Castrum-logo-500.png\",\"contentUrl\":\"https:\\\/\\\/www.castrum.ee\\\/wp-content\\\/uploads\\\/2025\\\/03\\\/Castrum-logo-500.png\",\"width\":500,\"height\":250,\"caption\":\"Castrum Grupp O\u00dc\"},\"image\":{\"@id\":\"https:\\\/\\\/www.castrum.ee\\\/fi\\\/#\\\/schema\\\/logo\\\/image\\\/\"},\"sameAs\":[\"https:\\\/\\\/www.facebook.com\\\/castrum.ee\"]}]}<\/script>\n<!-- \/ Yoast SEO plugin. -->","yoast_head_json":{"title":"VW ID Buzz Lazer Linear 6 - maskis\u00e4leikk\u00f6 LED | Castrum","description":"VW ID Buzz [22+] Lazer Linear 6 Elite maskis\u00e4leikk\u00f6 LED-integraatiosetti. Merkkikohtaiset lis\u00e4valot ja lis\u00e4valotarvikkeet autoihin ja maastorautoihin.","robots":{"index":"index","follow":"follow","max-snippet":"max-snippet:-1","max-image-preview":"max-image-preview:large","max-video-preview":"max-video-preview:-1"},"canonical":"https:\/\/www.castrum.ee\/fi\/toode\/vw-id-buzz-22-lazer-linear-6-elite-maskisaleikon-led-integraatiosetti\/","og_locale":"fi_FI","og_type":"article","og_title":"VW ID Buzz Lazer Linear 6 - maskis\u00e4leikk\u00f6 LED | Castrum","og_description":"VW ID Buzz [22+] Lazer Linear 6 Elite maskis\u00e4leikk\u00f6 LED-integraatiosetti. Merkkikohtaiset lis\u00e4valot ja lis\u00e4valotarvikkeet autoihin ja maastorautoihin.","og_url":"https:\/\/www.castrum.ee\/fi\/toode\/vw-id-buzz-22-lazer-linear-6-elite-maskisaleikon-led-integraatiosetti\/","og_site_name":"Castrum","article_publisher":"https:\/\/www.facebook.com\/castrum.ee","og_image":[{"width":1000,"height":750,"url":"https:\/\/www.castrum.ee\/wp-content\/uploads\/2025\/10\/IMG_9137.jpeg","type":"image\/jpeg"}],"twitter_card":"summary_large_image","schema":{"@context":"https:\/\/schema.org","@graph":[{"@type":"WebPage","@id":"https:\/\/www.castrum.ee\/fi\/toode\/vw-id-buzz-22-lazer-linear-6-elite-maskisaleikon-led-integraatiosetti\/","url":"https:\/\/www.castrum.ee\/fi\/toode\/vw-id-buzz-22-lazer-linear-6-elite-maskisaleikon-led-integraatiosetti\/","name":"VW ID Buzz Lazer Linear 6 - maskis\u00e4leikk\u00f6 LED | Castrum","isPartOf":{"@id":"https:\/\/www.castrum.ee\/fi\/#website"},"primaryImageOfPage":{"@id":"https:\/\/www.castrum.ee\/fi\/toode\/vw-id-buzz-22-lazer-linear-6-elite-maskisaleikon-led-integraatiosetti\/#primaryimage"},"image":{"@id":"https:\/\/www.castrum.ee\/fi\/toode\/vw-id-buzz-22-lazer-linear-6-elite-maskisaleikon-led-integraatiosetti\/#primaryimage"},"thumbnailUrl":"https:\/\/www.castrum.ee\/wp-content\/uploads\/2025\/10\/IMG_9137.jpeg","datePublished":"2026-04-29T10:56:26+00:00","description":"VW ID Buzz [22+] Lazer Linear 6 Elite maskis\u00e4leikk\u00f6 LED-integraatiosetti. Merkkikohtaiset lis\u00e4valot ja lis\u00e4valotarvikkeet autoihin ja maastorautoihin.","breadcrumb":{"@id":"https:\/\/www.castrum.ee\/fi\/toode\/vw-id-buzz-22-lazer-linear-6-elite-maskisaleikon-led-integraatiosetti\/#breadcrumb"},"inLanguage":"fi","potentialAction":[{"@type":"ReadAction","target":["https:\/\/www.castrum.ee\/fi\/toode\/vw-id-buzz-22-lazer-linear-6-elite-maskisaleikon-led-integraatiosetti\/"]}]},{"@type":"ImageObject","inLanguage":"fi","@id":"https:\/\/www.castrum.ee\/fi\/toode\/vw-id-buzz-22-lazer-linear-6-elite-maskisaleikon-led-integraatiosetti\/#primaryimage","url":"https:\/\/www.castrum.ee\/wp-content\/uploads\/2025\/10\/IMG_9137.jpeg","contentUrl":"https:\/\/www.castrum.ee\/wp-content\/uploads\/2025\/10\/IMG_9137.jpeg","width":1000,"height":750},{"@type":"BreadcrumbList","@id":"https:\/\/www.castrum.ee\/fi\/toode\/vw-id-buzz-22-lazer-linear-6-elite-maskisaleikon-led-integraatiosetti\/#breadcrumb","itemListElement":[{"@type":"ListItem","position":1,"name":"Home","item":"https:\/\/www.castrum.ee\/fi\/kotisivu\/"},{"@type":"ListItem","position":2,"name":"Verkkokauppa","item":"https:\/\/www.castrum.ee\/fi\/kauppa\/"},{"@type":"ListItem","position":3,"name":"VW ID Buzz [22+] Lazer Linear 6 Elite maskis\u00e4leikk\u00f6setti."}]},{"@type":"WebSite","@id":"https:\/\/www.castrum.ee\/fi\/#website","url":"https:\/\/www.castrum.ee\/fi\/","name":"Castrum","description":"Maasturite, s\u00f5iduautode ja v\u00e4ikebusside lisavarustus","publisher":{"@id":"https:\/\/www.castrum.ee\/fi\/#organization"},"potentialAction":[{"@type":"SearchAction","target":{"@type":"EntryPoint","urlTemplate":"https:\/\/www.castrum.ee\/fi\/?s={search_term_string}"},"query-input":{"@type":"PropertyValueSpecification","valueRequired":true,"valueName":"search_term_string"}}],"inLanguage":"fi"},{"@type":"Organization","@id":"https:\/\/www.castrum.ee\/fi\/#organization","name":"Castrum Grupp O\u00dc","url":"https:\/\/www.castrum.ee\/fi\/","logo":{"@type":"ImageObject","inLanguage":"fi","@id":"https:\/\/www.castrum.ee\/fi\/#\/schema\/logo\/image\/","url":"https:\/\/www.castrum.ee\/wp-content\/uploads\/2025\/03\/Castrum-logo-500.png","contentUrl":"https:\/\/www.castrum.ee\/wp-content\/uploads\/2025\/03\/Castrum-logo-500.png","width":500,"height":250,"caption":"Castrum Grupp O\u00dc"},"image":{"@id":"https:\/\/www.castrum.ee\/fi\/#\/schema\/logo\/image\/"},"sameAs":["https:\/\/www.facebook.com\/castrum.ee"]}]}},"_links":{"self":[{"href":"https:\/\/www.castrum.ee\/fi\/wp-json\/wp\/v2\/product\/79981","targetHints":{"allow":["GET"]}}],"collection":[{"href":"https:\/\/www.castrum.ee\/fi\/wp-json\/wp\/v2\/product"}],"about":[{"href":"https:\/\/www.castrum.ee\/fi\/wp-json\/wp\/v2\/types\/product"}],"wp:featuredmedia":[{"embeddable":true,"href":"https:\/\/www.castrum.ee\/fi\/wp-json\/wp\/v2\/media\/27190"}],"wp:attachment":[{"href":"https:\/\/www.castrum.ee\/fi\/wp-json\/wp\/v2\/media?parent=79981"}],"wp:term":[{"taxonomy":"mark-ja-mudel","embeddable":true,"href":"https:\/\/www.castrum.ee\/fi\/wp-json\/wp\/v2\/mark-ja-mudel?post=79981"},{"taxonomy":"product_brand","embeddable":true,"href":"https:\/\/www.castrum.ee\/fi\/wp-json\/wp\/v2\/product_brand?post=79981"},{"taxonomy":"product_cat","embeddable":true,"href":"https:\/\/www.castrum.ee\/fi\/wp-json\/wp\/v2\/product_cat?post=79981"},{"taxonomy":"product_tag","embeddable":true,"href":"https:\/\/www.castrum.ee\/fi\/wp-json\/wp\/v2\/product_tag?post=79981"}],"curies":[{"name":"wp","href":"https:\/\/api.w.org\/{rel}","templated":true}]}}