{"id":80328,"date":"2026-04-29T15:24:09","date_gmt":"2026-04-29T12:24:09","guid":{"rendered":"https:\/\/www.castrum.ee\/toode\/lc-150-takakulmaputket-2-kpl-sarjassa-qmp1yk\/"},"modified":"2026-04-29T15:24:09","modified_gmt":"2026-04-29T12:24:09","slug":"lc-150-takakulmaputket-2-kpl-sarjassa","status":"publish","type":"product","link":"https:\/\/www.castrum.ee\/fi\/toode\/lc-150-takakulmaputket-2-kpl-sarjassa\/","title":{"rendered":"LC 150 takakulmaputket 2 kpl sarjassa"},"content":{"rendered":"<p>Putken halkaisija: 70 mm<br \/>\nPaksuus: 2 mm<br \/>\nPaino: 9,5 kg<\/p>\n","protected":false},"excerpt":{"rendered":"<p>Ruostumatonta ter\u00e4st\u00e4 valmistetut takakulmaputket. Saatavilla poloidulla ter\u00e4sviimeistelyll\u00e4 ja mustana. Asennustarvikkeet sis\u00e4ltyv\u00e4t sarjaan.<\/p>\n","protected":false},"featured_media":21074,"template":"","meta":{"_acf_changed":false},"mark-ja-mudel":[],"product_brand":[1293,1277],"product_cat":[1061,1065],"product_tag":[],"class_list":{"0":"post-80328","1":"product","2":"type-product","3":"status-publish","4":"has-post-thumbnail","6":"product_brand-land-cruiser","7":"product_brand-toyota","8":"product_cat-4x4-raudat","9":"product_cat-takaraudat","11":"first","12":"instock","13":"taxable","14":"shipping-taxable","15":"purchasable","16":"product-type-variable"},"bundled_by":[],"bundle_stock_status":"instock","bundle_stock_quantity":null,"bundle_virtual":false,"bundle_layout":"","bundle_add_to_cart_form_location":"","bundle_editable_in_cart":false,"bundle_sold_individually_context":"","bundle_item_grouping":"","bundle_min_size":"","bundle_max_size":"","bundle_price":[],"bundled_items":[],"bundle_sell_ids":[],"acf":[],"yoast_head":"<!-- This site is optimized with the Yoast SEO plugin v27.3 - https:\/\/yoast.com\/product\/yoast-seo-wordpress\/ -->\n<title>LC 150 takakulmaputket 2 kpl | Maasturit | Castrum<\/title>\n<meta name=\"description\" content=\"LC 150 takakulmaputket maastureihin ja lava-autoihin. Takakulmaputket ruostumatonta ter\u00e4st\u00e4, poloidulla ter\u00e4sviimeistelyll\u00e4 ja mustana. Asennustarvikkeet mukana.\" \/>\n<meta name=\"robots\" content=\"index, follow, max-snippet:-1, max-image-preview:large, max-video-preview:-1\" \/>\n<link rel=\"canonical\" href=\"https:\/\/www.castrum.ee\/fi\/toode\/lc-150-takakulmaputket-2-kpl-sarjassa\/\" \/>\n<meta property=\"og:locale\" content=\"fi_FI\" \/>\n<meta property=\"og:type\" content=\"article\" \/>\n<meta property=\"og:title\" content=\"LC 150 takakulmaputket 2 kpl | Maasturit | Castrum\" \/>\n<meta property=\"og:description\" content=\"LC 150 takakulmaputket maastureihin ja lava-autoihin. Takakulmaputket ruostumatonta ter\u00e4st\u00e4, poloidulla ter\u00e4sviimeistelyll\u00e4 ja mustana. Asennustarvikkeet mukana.\" \/>\n<meta property=\"og:url\" content=\"https:\/\/www.castrum.ee\/fi\/toode\/lc-150-takakulmaputket-2-kpl-sarjassa\/\" \/>\n<meta property=\"og:site_name\" content=\"Castrum\" \/>\n<meta property=\"article:publisher\" content=\"https:\/\/www.facebook.com\/castrum.ee\" \/>\n<meta property=\"og:image\" content=\"https:\/\/www.castrum.ee\/wp-content\/uploads\/2025\/09\/IMG_9363.jpeg\" \/>\n\t<meta property=\"og:image:width\" content=\"1000\" \/>\n\t<meta property=\"og:image:height\" content=\"664\" \/>\n\t<meta property=\"og:image:type\" content=\"image\/jpeg\" \/>\n<meta name=\"twitter:card\" content=\"summary_large_image\" \/>\n<script type=\"application\/ld+json\" class=\"yoast-schema-graph\">{\"@context\":\"https:\\\/\\\/schema.org\",\"@graph\":[{\"@type\":\"WebPage\",\"@id\":\"https:\\\/\\\/www.castrum.ee\\\/fi\\\/toode\\\/lc-150-takakulmaputket-2-kpl-sarjassa\\\/\",\"url\":\"https:\\\/\\\/www.castrum.ee\\\/fi\\\/toode\\\/lc-150-takakulmaputket-2-kpl-sarjassa\\\/\",\"name\":\"LC 150 takakulmaputket 2 kpl | Maasturit | Castrum\",\"isPartOf\":{\"@id\":\"https:\\\/\\\/www.castrum.ee\\\/fi\\\/#website\"},\"primaryImageOfPage\":{\"@id\":\"https:\\\/\\\/www.castrum.ee\\\/fi\\\/toode\\\/lc-150-takakulmaputket-2-kpl-sarjassa\\\/#primaryimage\"},\"image\":{\"@id\":\"https:\\\/\\\/www.castrum.ee\\\/fi\\\/toode\\\/lc-150-takakulmaputket-2-kpl-sarjassa\\\/#primaryimage\"},\"thumbnailUrl\":\"https:\\\/\\\/www.castrum.ee\\\/wp-content\\\/uploads\\\/2025\\\/09\\\/IMG_9363.jpeg\",\"datePublished\":\"2026-04-29T12:24:09+00:00\",\"description\":\"LC 150 takakulmaputket maastureihin ja lava-autoihin. Takakulmaputket ruostumatonta ter\u00e4st\u00e4, poloidulla ter\u00e4sviimeistelyll\u00e4 ja mustana. Asennustarvikkeet mukana.\",\"breadcrumb\":{\"@id\":\"https:\\\/\\\/www.castrum.ee\\\/fi\\\/toode\\\/lc-150-takakulmaputket-2-kpl-sarjassa\\\/#breadcrumb\"},\"inLanguage\":\"fi\",\"potentialAction\":[{\"@type\":\"ReadAction\",\"target\":[\"https:\\\/\\\/www.castrum.ee\\\/fi\\\/toode\\\/lc-150-takakulmaputket-2-kpl-sarjassa\\\/\"]}]},{\"@type\":\"ImageObject\",\"inLanguage\":\"fi\",\"@id\":\"https:\\\/\\\/www.castrum.ee\\\/fi\\\/toode\\\/lc-150-takakulmaputket-2-kpl-sarjassa\\\/#primaryimage\",\"url\":\"https:\\\/\\\/www.castrum.ee\\\/wp-content\\\/uploads\\\/2025\\\/09\\\/IMG_9363.jpeg\",\"contentUrl\":\"https:\\\/\\\/www.castrum.ee\\\/wp-content\\\/uploads\\\/2025\\\/09\\\/IMG_9363.jpeg\",\"width\":1000,\"height\":664},{\"@type\":\"BreadcrumbList\",\"@id\":\"https:\\\/\\\/www.castrum.ee\\\/fi\\\/toode\\\/lc-150-takakulmaputket-2-kpl-sarjassa\\\/#breadcrumb\",\"itemListElement\":[{\"@type\":\"ListItem\",\"position\":1,\"name\":\"Home\",\"item\":\"https:\\\/\\\/www.castrum.ee\\\/fi\\\/kotisivu\\\/\"},{\"@type\":\"ListItem\",\"position\":2,\"name\":\"Verkkokauppa\",\"item\":\"https:\\\/\\\/www.castrum.ee\\\/fi\\\/kauppa\\\/\"},{\"@type\":\"ListItem\",\"position\":3,\"name\":\"LC 150 takakulmaputket 2 kpl sarjassa\"}]},{\"@type\":\"WebSite\",\"@id\":\"https:\\\/\\\/www.castrum.ee\\\/fi\\\/#website\",\"url\":\"https:\\\/\\\/www.castrum.ee\\\/fi\\\/\",\"name\":\"Castrum\",\"description\":\"Maastoautojen, henkil\u00f6autojen ja pienvaunujen lis\u00e4varusteet\",\"publisher\":{\"@id\":\"https:\\\/\\\/www.castrum.ee\\\/fi\\\/#organization\"},\"potentialAction\":[{\"@type\":\"SearchAction\",\"target\":{\"@type\":\"EntryPoint\",\"urlTemplate\":\"https:\\\/\\\/www.castrum.ee\\\/fi\\\/?s={search_term_string}\"},\"query-input\":{\"@type\":\"PropertyValueSpecification\",\"valueRequired\":true,\"valueName\":\"search_term_string\"}}],\"inLanguage\":\"fi\"},{\"@type\":\"Organization\",\"@id\":\"https:\\\/\\\/www.castrum.ee\\\/fi\\\/#organization\",\"name\":\"Castrum Grupp O\u00dc\",\"url\":\"https:\\\/\\\/www.castrum.ee\\\/fi\\\/\",\"logo\":{\"@type\":\"ImageObject\",\"inLanguage\":\"fi\",\"@id\":\"https:\\\/\\\/www.castrum.ee\\\/fi\\\/#\\\/schema\\\/logo\\\/image\\\/\",\"url\":\"https:\\\/\\\/www.castrum.ee\\\/wp-content\\\/uploads\\\/2025\\\/03\\\/Castrum-logo-500.png\",\"contentUrl\":\"https:\\\/\\\/www.castrum.ee\\\/wp-content\\\/uploads\\\/2025\\\/03\\\/Castrum-logo-500.png\",\"width\":500,\"height\":250,\"caption\":\"Castrum Grupp O\u00dc\"},\"image\":{\"@id\":\"https:\\\/\\\/www.castrum.ee\\\/fi\\\/#\\\/schema\\\/logo\\\/image\\\/\"},\"sameAs\":[\"https:\\\/\\\/www.facebook.com\\\/castrum.ee\"]}]}<\/script>\n<!-- \/ Yoast SEO plugin. -->","yoast_head_json":{"title":"LC 150 takakulmaputket 2 kpl | Maasturit | Castrum","description":"LC 150 takakulmaputket maastureihin ja lava-autoihin. Takakulmaputket ruostumatonta ter\u00e4st\u00e4, poloidulla ter\u00e4sviimeistelyll\u00e4 ja mustana. Asennustarvikkeet mukana.","robots":{"index":"index","follow":"follow","max-snippet":"max-snippet:-1","max-image-preview":"max-image-preview:large","max-video-preview":"max-video-preview:-1"},"canonical":"https:\/\/www.castrum.ee\/fi\/toode\/lc-150-takakulmaputket-2-kpl-sarjassa\/","og_locale":"fi_FI","og_type":"article","og_title":"LC 150 takakulmaputket 2 kpl | Maasturit | Castrum","og_description":"LC 150 takakulmaputket maastureihin ja lava-autoihin. Takakulmaputket ruostumatonta ter\u00e4st\u00e4, poloidulla ter\u00e4sviimeistelyll\u00e4 ja mustana. Asennustarvikkeet mukana.","og_url":"https:\/\/www.castrum.ee\/fi\/toode\/lc-150-takakulmaputket-2-kpl-sarjassa\/","og_site_name":"Castrum","article_publisher":"https:\/\/www.facebook.com\/castrum.ee","og_image":[{"width":1000,"height":664,"url":"https:\/\/www.castrum.ee\/wp-content\/uploads\/2025\/09\/IMG_9363.jpeg","type":"image\/jpeg"}],"twitter_card":"summary_large_image","schema":{"@context":"https:\/\/schema.org","@graph":[{"@type":"WebPage","@id":"https:\/\/www.castrum.ee\/fi\/toode\/lc-150-takakulmaputket-2-kpl-sarjassa\/","url":"https:\/\/www.castrum.ee\/fi\/toode\/lc-150-takakulmaputket-2-kpl-sarjassa\/","name":"LC 150 takakulmaputket 2 kpl | Maasturit | Castrum","isPartOf":{"@id":"https:\/\/www.castrum.ee\/fi\/#website"},"primaryImageOfPage":{"@id":"https:\/\/www.castrum.ee\/fi\/toode\/lc-150-takakulmaputket-2-kpl-sarjassa\/#primaryimage"},"image":{"@id":"https:\/\/www.castrum.ee\/fi\/toode\/lc-150-takakulmaputket-2-kpl-sarjassa\/#primaryimage"},"thumbnailUrl":"https:\/\/www.castrum.ee\/wp-content\/uploads\/2025\/09\/IMG_9363.jpeg","datePublished":"2026-04-29T12:24:09+00:00","description":"LC 150 takakulmaputket maastureihin ja lava-autoihin. Takakulmaputket ruostumatonta ter\u00e4st\u00e4, poloidulla ter\u00e4sviimeistelyll\u00e4 ja mustana. Asennustarvikkeet mukana.","breadcrumb":{"@id":"https:\/\/www.castrum.ee\/fi\/toode\/lc-150-takakulmaputket-2-kpl-sarjassa\/#breadcrumb"},"inLanguage":"fi","potentialAction":[{"@type":"ReadAction","target":["https:\/\/www.castrum.ee\/fi\/toode\/lc-150-takakulmaputket-2-kpl-sarjassa\/"]}]},{"@type":"ImageObject","inLanguage":"fi","@id":"https:\/\/www.castrum.ee\/fi\/toode\/lc-150-takakulmaputket-2-kpl-sarjassa\/#primaryimage","url":"https:\/\/www.castrum.ee\/wp-content\/uploads\/2025\/09\/IMG_9363.jpeg","contentUrl":"https:\/\/www.castrum.ee\/wp-content\/uploads\/2025\/09\/IMG_9363.jpeg","width":1000,"height":664},{"@type":"BreadcrumbList","@id":"https:\/\/www.castrum.ee\/fi\/toode\/lc-150-takakulmaputket-2-kpl-sarjassa\/#breadcrumb","itemListElement":[{"@type":"ListItem","position":1,"name":"Home","item":"https:\/\/www.castrum.ee\/fi\/kotisivu\/"},{"@type":"ListItem","position":2,"name":"Verkkokauppa","item":"https:\/\/www.castrum.ee\/fi\/kauppa\/"},{"@type":"ListItem","position":3,"name":"LC 150 takakulmaputket 2 kpl sarjassa"}]},{"@type":"WebSite","@id":"https:\/\/www.castrum.ee\/fi\/#website","url":"https:\/\/www.castrum.ee\/fi\/","name":"Castrum","description":"Maastoautojen, henkil\u00f6autojen ja pienvaunujen lis\u00e4varusteet","publisher":{"@id":"https:\/\/www.castrum.ee\/fi\/#organization"},"potentialAction":[{"@type":"SearchAction","target":{"@type":"EntryPoint","urlTemplate":"https:\/\/www.castrum.ee\/fi\/?s={search_term_string}"},"query-input":{"@type":"PropertyValueSpecification","valueRequired":true,"valueName":"search_term_string"}}],"inLanguage":"fi"},{"@type":"Organization","@id":"https:\/\/www.castrum.ee\/fi\/#organization","name":"Castrum Grupp O\u00dc","url":"https:\/\/www.castrum.ee\/fi\/","logo":{"@type":"ImageObject","inLanguage":"fi","@id":"https:\/\/www.castrum.ee\/fi\/#\/schema\/logo\/image\/","url":"https:\/\/www.castrum.ee\/wp-content\/uploads\/2025\/03\/Castrum-logo-500.png","contentUrl":"https:\/\/www.castrum.ee\/wp-content\/uploads\/2025\/03\/Castrum-logo-500.png","width":500,"height":250,"caption":"Castrum Grupp O\u00dc"},"image":{"@id":"https:\/\/www.castrum.ee\/fi\/#\/schema\/logo\/image\/"},"sameAs":["https:\/\/www.facebook.com\/castrum.ee"]}]}},"_links":{"self":[{"href":"https:\/\/www.castrum.ee\/fi\/wp-json\/wp\/v2\/product\/80328","targetHints":{"allow":["GET"]}}],"collection":[{"href":"https:\/\/www.castrum.ee\/fi\/wp-json\/wp\/v2\/product"}],"about":[{"href":"https:\/\/www.castrum.ee\/fi\/wp-json\/wp\/v2\/types\/product"}],"wp:featuredmedia":[{"embeddable":true,"href":"https:\/\/www.castrum.ee\/fi\/wp-json\/wp\/v2\/media\/21074"}],"wp:attachment":[{"href":"https:\/\/www.castrum.ee\/fi\/wp-json\/wp\/v2\/media?parent=80328"}],"wp:term":[{"taxonomy":"mark-ja-mudel","embeddable":true,"href":"https:\/\/www.castrum.ee\/fi\/wp-json\/wp\/v2\/mark-ja-mudel?post=80328"},{"taxonomy":"product_brand","embeddable":true,"href":"https:\/\/www.castrum.ee\/fi\/wp-json\/wp\/v2\/product_brand?post=80328"},{"taxonomy":"product_cat","embeddable":true,"href":"https:\/\/www.castrum.ee\/fi\/wp-json\/wp\/v2\/product_cat?post=80328"},{"taxonomy":"product_tag","embeddable":true,"href":"https:\/\/www.castrum.ee\/fi\/wp-json\/wp\/v2\/product_tag?post=80328"}],"curies":[{"name":"wp","href":"https:\/\/api.w.org\/{rel}","templated":true}]}}