{"id":80338,"date":"2026-04-29T15:25:32","date_gmt":"2026-04-29T12:25:32","guid":{"rendered":"https:\/\/www.castrum.ee\/toode\/ak002-merkur-takapuskurin-suojakaari-s8zhrp\/"},"modified":"2026-04-29T15:25:32","modified_gmt":"2026-04-29T12:25:32","slug":"ak002-merkur-takapuskurin-suojakaari","status":"publish","type":"product","link":"https:\/\/www.castrum.ee\/fi\/toode\/ak002-merkur-takapuskurin-suojakaari\/","title":{"rendered":"AK002 Merkur takapuskurin suojakaari"},"content":{"rendered":"<p>\u00d8 60 mm ruostumattomasta ter\u00e4ksest\u00e4 valmistettu takapuskurin suojakaari. Sarjaan sis\u00e4ltyy kaikki asennukseen tarvittava.<\/p>\n","protected":false},"excerpt":{"rendered":"<p>Ruostumattomasta ter\u00e4ksest\u00e4 valmistettu takapuskurin suojakaari. Sarjaan sis\u00e4ltyy kaikki asennukseen tarvittava.<\/p>\n","protected":false},"featured_media":19096,"template":"","meta":{"_acf_changed":false},"mark-ja-mudel":[],"product_brand":[1314,1288,1286,1515,1282,1284,1359,1311,1484,1299,1290,1281,1280,1559,1421,1313,1322,1289,1566,1568,1567,1312,1275],"product_cat":[1061,1065],"product_tag":[],"class_list":{"0":"post-80338","1":"product","2":"type-product","3":"status-publish","4":"has-post-thumbnail","6":"product_brand-crafter","7":"product_brand-custom","8":"product_brand-ford","9":"product_brand-master","10":"product_brand-mercedes-benz","11":"product_brand-mitsubishi","12":"product_brand-movano","13":"product_brand-opel","14":"product_brand-pajero","15":"product_brand-renault","16":"product_brand-sprinter","17":"product_brand-t5","18":"product_brand-t6","19":"product_brand-touran","20":"product_brand-tourneo","21":"product_brand-trafic","22":"product_brand-transit","23":"product_brand-transit-custom","24":"product_brand-v-class","25":"product_brand-viano","26":"product_brand-vito","27":"product_brand-vivaro","28":"product_brand-volkswagen","29":"product_cat-4x4-raudat","30":"product_cat-takaraudat","32":"first","33":"instock","34":"taxable","35":"shipping-taxable","36":"purchasable","37":"product-type-variable"},"bundled_by":[],"bundle_stock_status":"instock","bundle_stock_quantity":null,"bundle_virtual":false,"bundle_layout":"","bundle_add_to_cart_form_location":"","bundle_editable_in_cart":false,"bundle_sold_individually_context":"","bundle_item_grouping":"","bundle_min_size":"","bundle_max_size":"","bundle_price":[],"bundled_items":[],"bundle_sell_ids":[],"acf":[],"yoast_head":"<!-- This site is optimized with the Yoast SEO plugin v27.3 - https:\/\/yoast.com\/product\/yoast-seo-wordpress\/ -->\n<title>AK002 Merkur takapuskurin suojakaari | Castrum<\/title>\n<meta name=\"description\" content=\"AK002 Merkur takapuskurin suojakaari. Puskurit ja suojakaaret maastoautoihin ja lava-autoihin. Ruostumaton ter\u00e4s.\" \/>\n<meta name=\"robots\" content=\"index, follow, max-snippet:-1, max-image-preview:large, max-video-preview:-1\" \/>\n<link rel=\"canonical\" href=\"https:\/\/www.castrum.ee\/fi\/toode\/ak002-merkur-takapuskurin-suojakaari\/\" \/>\n<meta property=\"og:locale\" content=\"fi_FI\" \/>\n<meta property=\"og:type\" content=\"article\" \/>\n<meta property=\"og:title\" content=\"AK002 Merkur takapuskurin suojakaari | Castrum\" \/>\n<meta property=\"og:description\" content=\"AK002 Merkur takapuskurin suojakaari. Puskurit ja suojakaaret maastoautoihin ja lava-autoihin. Ruostumaton ter\u00e4s.\" \/>\n<meta property=\"og:url\" content=\"https:\/\/www.castrum.ee\/fi\/toode\/ak002-merkur-takapuskurin-suojakaari\/\" \/>\n<meta property=\"og:site_name\" content=\"Castrum\" \/>\n<meta property=\"article:publisher\" content=\"https:\/\/www.facebook.com\/castrum.ee\" \/>\n<meta property=\"og:image\" content=\"https:\/\/www.castrum.ee\/wp-content\/uploads\/2025\/09\/final-1015.jpg\" \/>\n\t<meta property=\"og:image:width\" content=\"1205\" \/>\n\t<meta property=\"og:image:height\" content=\"800\" \/>\n\t<meta property=\"og:image:type\" content=\"image\/jpeg\" \/>\n<meta name=\"twitter:card\" content=\"summary_large_image\" \/>\n<script type=\"application\/ld+json\" class=\"yoast-schema-graph\">{\"@context\":\"https:\\\/\\\/schema.org\",\"@graph\":[{\"@type\":\"WebPage\",\"@id\":\"https:\\\/\\\/www.castrum.ee\\\/fi\\\/toode\\\/ak002-merkur-takapuskurin-suojakaari\\\/\",\"url\":\"https:\\\/\\\/www.castrum.ee\\\/fi\\\/toode\\\/ak002-merkur-takapuskurin-suojakaari\\\/\",\"name\":\"AK002 Merkur takapuskurin suojakaari | Castrum\",\"isPartOf\":{\"@id\":\"https:\\\/\\\/www.castrum.ee\\\/fi\\\/#website\"},\"primaryImageOfPage\":{\"@id\":\"https:\\\/\\\/www.castrum.ee\\\/fi\\\/toode\\\/ak002-merkur-takapuskurin-suojakaari\\\/#primaryimage\"},\"image\":{\"@id\":\"https:\\\/\\\/www.castrum.ee\\\/fi\\\/toode\\\/ak002-merkur-takapuskurin-suojakaari\\\/#primaryimage\"},\"thumbnailUrl\":\"https:\\\/\\\/www.castrum.ee\\\/wp-content\\\/uploads\\\/2025\\\/09\\\/final-1015.jpg\",\"datePublished\":\"2026-04-29T12:25:32+00:00\",\"description\":\"AK002 Merkur takapuskurin suojakaari. Puskurit ja suojakaaret maastoautoihin ja lava-autoihin. Ruostumaton ter\u00e4s.\",\"breadcrumb\":{\"@id\":\"https:\\\/\\\/www.castrum.ee\\\/fi\\\/toode\\\/ak002-merkur-takapuskurin-suojakaari\\\/#breadcrumb\"},\"inLanguage\":\"fi\",\"potentialAction\":[{\"@type\":\"ReadAction\",\"target\":[\"https:\\\/\\\/www.castrum.ee\\\/fi\\\/toode\\\/ak002-merkur-takapuskurin-suojakaari\\\/\"]}]},{\"@type\":\"ImageObject\",\"inLanguage\":\"fi\",\"@id\":\"https:\\\/\\\/www.castrum.ee\\\/fi\\\/toode\\\/ak002-merkur-takapuskurin-suojakaari\\\/#primaryimage\",\"url\":\"https:\\\/\\\/www.castrum.ee\\\/wp-content\\\/uploads\\\/2025\\\/09\\\/final-1015.jpg\",\"contentUrl\":\"https:\\\/\\\/www.castrum.ee\\\/wp-content\\\/uploads\\\/2025\\\/09\\\/final-1015.jpg\",\"width\":1205,\"height\":800},{\"@type\":\"BreadcrumbList\",\"@id\":\"https:\\\/\\\/www.castrum.ee\\\/fi\\\/toode\\\/ak002-merkur-takapuskurin-suojakaari\\\/#breadcrumb\",\"itemListElement\":[{\"@type\":\"ListItem\",\"position\":1,\"name\":\"Home\",\"item\":\"https:\\\/\\\/www.castrum.ee\\\/fi\\\/kotisivu\\\/\"},{\"@type\":\"ListItem\",\"position\":2,\"name\":\"Verkkokauppa\",\"item\":\"https:\\\/\\\/www.castrum.ee\\\/fi\\\/kauppa\\\/\"},{\"@type\":\"ListItem\",\"position\":3,\"name\":\"AK002 Merkur takapuskurin suojakaari\"}]},{\"@type\":\"WebSite\",\"@id\":\"https:\\\/\\\/www.castrum.ee\\\/fi\\\/#website\",\"url\":\"https:\\\/\\\/www.castrum.ee\\\/fi\\\/\",\"name\":\"Castrum\",\"description\":\"Maastoautojen, henkil\u00f6autojen ja pienvaunujen lis\u00e4varusteet\",\"publisher\":{\"@id\":\"https:\\\/\\\/www.castrum.ee\\\/fi\\\/#organization\"},\"potentialAction\":[{\"@type\":\"SearchAction\",\"target\":{\"@type\":\"EntryPoint\",\"urlTemplate\":\"https:\\\/\\\/www.castrum.ee\\\/fi\\\/?s={search_term_string}\"},\"query-input\":{\"@type\":\"PropertyValueSpecification\",\"valueRequired\":true,\"valueName\":\"search_term_string\"}}],\"inLanguage\":\"fi\"},{\"@type\":\"Organization\",\"@id\":\"https:\\\/\\\/www.castrum.ee\\\/fi\\\/#organization\",\"name\":\"Castrum Grupp O\u00dc\",\"url\":\"https:\\\/\\\/www.castrum.ee\\\/fi\\\/\",\"logo\":{\"@type\":\"ImageObject\",\"inLanguage\":\"fi\",\"@id\":\"https:\\\/\\\/www.castrum.ee\\\/fi\\\/#\\\/schema\\\/logo\\\/image\\\/\",\"url\":\"https:\\\/\\\/www.castrum.ee\\\/wp-content\\\/uploads\\\/2025\\\/03\\\/Castrum-logo-500.png\",\"contentUrl\":\"https:\\\/\\\/www.castrum.ee\\\/wp-content\\\/uploads\\\/2025\\\/03\\\/Castrum-logo-500.png\",\"width\":500,\"height\":250,\"caption\":\"Castrum Grupp O\u00dc\"},\"image\":{\"@id\":\"https:\\\/\\\/www.castrum.ee\\\/fi\\\/#\\\/schema\\\/logo\\\/image\\\/\"},\"sameAs\":[\"https:\\\/\\\/www.facebook.com\\\/castrum.ee\"]}]}<\/script>\n<!-- \/ Yoast SEO plugin. -->","yoast_head_json":{"title":"AK002 Merkur takapuskurin suojakaari | Castrum","description":"AK002 Merkur takapuskurin suojakaari. Puskurit ja suojakaaret maastoautoihin ja lava-autoihin. Ruostumaton ter\u00e4s.","robots":{"index":"index","follow":"follow","max-snippet":"max-snippet:-1","max-image-preview":"max-image-preview:large","max-video-preview":"max-video-preview:-1"},"canonical":"https:\/\/www.castrum.ee\/fi\/toode\/ak002-merkur-takapuskurin-suojakaari\/","og_locale":"fi_FI","og_type":"article","og_title":"AK002 Merkur takapuskurin suojakaari | Castrum","og_description":"AK002 Merkur takapuskurin suojakaari. Puskurit ja suojakaaret maastoautoihin ja lava-autoihin. Ruostumaton ter\u00e4s.","og_url":"https:\/\/www.castrum.ee\/fi\/toode\/ak002-merkur-takapuskurin-suojakaari\/","og_site_name":"Castrum","article_publisher":"https:\/\/www.facebook.com\/castrum.ee","og_image":[{"width":1205,"height":800,"url":"https:\/\/www.castrum.ee\/wp-content\/uploads\/2025\/09\/final-1015.jpg","type":"image\/jpeg"}],"twitter_card":"summary_large_image","schema":{"@context":"https:\/\/schema.org","@graph":[{"@type":"WebPage","@id":"https:\/\/www.castrum.ee\/fi\/toode\/ak002-merkur-takapuskurin-suojakaari\/","url":"https:\/\/www.castrum.ee\/fi\/toode\/ak002-merkur-takapuskurin-suojakaari\/","name":"AK002 Merkur takapuskurin suojakaari | Castrum","isPartOf":{"@id":"https:\/\/www.castrum.ee\/fi\/#website"},"primaryImageOfPage":{"@id":"https:\/\/www.castrum.ee\/fi\/toode\/ak002-merkur-takapuskurin-suojakaari\/#primaryimage"},"image":{"@id":"https:\/\/www.castrum.ee\/fi\/toode\/ak002-merkur-takapuskurin-suojakaari\/#primaryimage"},"thumbnailUrl":"https:\/\/www.castrum.ee\/wp-content\/uploads\/2025\/09\/final-1015.jpg","datePublished":"2026-04-29T12:25:32+00:00","description":"AK002 Merkur takapuskurin suojakaari. Puskurit ja suojakaaret maastoautoihin ja lava-autoihin. Ruostumaton ter\u00e4s.","breadcrumb":{"@id":"https:\/\/www.castrum.ee\/fi\/toode\/ak002-merkur-takapuskurin-suojakaari\/#breadcrumb"},"inLanguage":"fi","potentialAction":[{"@type":"ReadAction","target":["https:\/\/www.castrum.ee\/fi\/toode\/ak002-merkur-takapuskurin-suojakaari\/"]}]},{"@type":"ImageObject","inLanguage":"fi","@id":"https:\/\/www.castrum.ee\/fi\/toode\/ak002-merkur-takapuskurin-suojakaari\/#primaryimage","url":"https:\/\/www.castrum.ee\/wp-content\/uploads\/2025\/09\/final-1015.jpg","contentUrl":"https:\/\/www.castrum.ee\/wp-content\/uploads\/2025\/09\/final-1015.jpg","width":1205,"height":800},{"@type":"BreadcrumbList","@id":"https:\/\/www.castrum.ee\/fi\/toode\/ak002-merkur-takapuskurin-suojakaari\/#breadcrumb","itemListElement":[{"@type":"ListItem","position":1,"name":"Home","item":"https:\/\/www.castrum.ee\/fi\/kotisivu\/"},{"@type":"ListItem","position":2,"name":"Verkkokauppa","item":"https:\/\/www.castrum.ee\/fi\/kauppa\/"},{"@type":"ListItem","position":3,"name":"AK002 Merkur takapuskurin suojakaari"}]},{"@type":"WebSite","@id":"https:\/\/www.castrum.ee\/fi\/#website","url":"https:\/\/www.castrum.ee\/fi\/","name":"Castrum","description":"Maastoautojen, henkil\u00f6autojen ja pienvaunujen lis\u00e4varusteet","publisher":{"@id":"https:\/\/www.castrum.ee\/fi\/#organization"},"potentialAction":[{"@type":"SearchAction","target":{"@type":"EntryPoint","urlTemplate":"https:\/\/www.castrum.ee\/fi\/?s={search_term_string}"},"query-input":{"@type":"PropertyValueSpecification","valueRequired":true,"valueName":"search_term_string"}}],"inLanguage":"fi"},{"@type":"Organization","@id":"https:\/\/www.castrum.ee\/fi\/#organization","name":"Castrum Grupp O\u00dc","url":"https:\/\/www.castrum.ee\/fi\/","logo":{"@type":"ImageObject","inLanguage":"fi","@id":"https:\/\/www.castrum.ee\/fi\/#\/schema\/logo\/image\/","url":"https:\/\/www.castrum.ee\/wp-content\/uploads\/2025\/03\/Castrum-logo-500.png","contentUrl":"https:\/\/www.castrum.ee\/wp-content\/uploads\/2025\/03\/Castrum-logo-500.png","width":500,"height":250,"caption":"Castrum Grupp O\u00dc"},"image":{"@id":"https:\/\/www.castrum.ee\/fi\/#\/schema\/logo\/image\/"},"sameAs":["https:\/\/www.facebook.com\/castrum.ee"]}]}},"_links":{"self":[{"href":"https:\/\/www.castrum.ee\/fi\/wp-json\/wp\/v2\/product\/80338","targetHints":{"allow":["GET"]}}],"collection":[{"href":"https:\/\/www.castrum.ee\/fi\/wp-json\/wp\/v2\/product"}],"about":[{"href":"https:\/\/www.castrum.ee\/fi\/wp-json\/wp\/v2\/types\/product"}],"wp:featuredmedia":[{"embeddable":true,"href":"https:\/\/www.castrum.ee\/fi\/wp-json\/wp\/v2\/media\/19096"}],"wp:attachment":[{"href":"https:\/\/www.castrum.ee\/fi\/wp-json\/wp\/v2\/media?parent=80338"}],"wp:term":[{"taxonomy":"mark-ja-mudel","embeddable":true,"href":"https:\/\/www.castrum.ee\/fi\/wp-json\/wp\/v2\/mark-ja-mudel?post=80338"},{"taxonomy":"product_brand","embeddable":true,"href":"https:\/\/www.castrum.ee\/fi\/wp-json\/wp\/v2\/product_brand?post=80338"},{"taxonomy":"product_cat","embeddable":true,"href":"https:\/\/www.castrum.ee\/fi\/wp-json\/wp\/v2\/product_cat?post=80338"},{"taxonomy":"product_tag","embeddable":true,"href":"https:\/\/www.castrum.ee\/fi\/wp-json\/wp\/v2\/product_tag?post=80338"}],"curies":[{"name":"wp","href":"https:\/\/api.w.org\/{rel}","templated":true}]}}