{"id":80340,"date":"2026-04-29T15:26:09","date_gmt":"2026-04-29T12:26:09","guid":{"rendered":"https:\/\/www.castrum.ee\/toode\/4-bds-korotussarja-nx2-jousille-ilmajousitus-dodge-ram-1500-13-18-i1gpdi\/"},"modified":"2026-04-29T15:26:09","modified_gmt":"2026-04-29T12:26:09","slug":"4-bds-korotussarja-nx2-jousille-ilmajousitus-dodge-ram-1500-13-18","status":"publish","type":"product","link":"https:\/\/www.castrum.ee\/fi\/toode\/4-bds-korotussarja-nx2-jousille-ilmajousitus-dodge-ram-1500-13-18\/","title":{"rendered":"4&#8243; BDS korotussarja NX2 jousille (ilmajousitus) | Dodge RAM 1500 [13-18]"},"content":{"rendered":"<p>T\u00e4m\u00e4 uusi korotussarja on suunniteltu erityisesti toimimaan Dodge Ram 1500:n tehtaan s\u00e4\u00e4dett\u00e4v\u00e4n ilmajousituksen kanssa. Valitsemalla BDS jousitussarjan, voit olla varma, ett\u00e4 jokainen yksityiskohta on valmistettu <strong>korkeimman laadun materiaaleista<\/strong> ja sopii ajoneuvoosi ihanteellisesti. Sarjassa <strong>lis\u00e4t\u00e4\u00e4n maavara<\/strong>, mik\u00e4 mahdollistaa suurempien renkaiden asentamisen ja ajoneuvon mukautumisen maastoihin. Kaikki osat varmistavat jousituksen virheet\u00f6nt\u00e4 toimintaa my\u00f6s nostetulla ajoneuvolla. Sarjassa on kiinnitysdetaljit. Valitse BDS ja l\u00e4hde radoille huoletta!<\/p>\n<p><strong>Tekniset tiedot:<\/strong><\/p>\n<ul>\n<li>Ammattimainen korotussarja, suunniteltu sopimaan ajoneuvoosi<\/li>\n<li>Takaa oikeat ajoominaisuudet my\u00f6s nostettuna<\/li>\n<li>Mukauhautettu sek\u00e4 maantielle ett\u00e4 maastolle<\/li>\n<li>Parantaa nostetun auton ohjausta<\/li>\n<\/ul>\n<p><strong>Sarjassa:<\/strong><\/p>\n<ul>\n<li>Etu- ja takarakenteet<\/li>\n<li>Etupuolen jarruletkut<\/li>\n<li>Etujousiavaruuden v\u00e4lilevyt<\/li>\n<li>Ohjaustangon p\u00e4\u00e4t<\/li>\n<li>Differentiaali suojalevy<\/li>\n<li>Ohjausryhdyt<\/li>\n<li>Differentiaali laskukiinnikkeet<\/li>\n<li>Stabiilivipin linjajen pidennykset<\/li>\n<li>Jarrul\u0435\u0442ku siirtokiinnikkeet<\/li>\n<li>Puskurin pidennykset<\/li>\n<li>Takaosassa olevien yl\u00e4kontrollivarren siirtokiinnikkeet<\/li>\n<li>Takaosassa olevan ohjausvarren siirtokiinnike<\/li>\n<li>Takaosassa olevat stabiilivipin linkat<\/li>\n<li>2x takaosassa olevat BDS NX2 Nitro sarjan jousit<\/li>\n<li>Kiinnitysdetaljit<\/li>\n<\/ul>\n<p><strong>Huomautukset:<\/strong><\/p>\n<ul>\n<li>Sopii vain tehtaan ilmajousituksella varustetuille malleille (<strong>VAIN<\/strong>)<\/li>\n<li>Sopii my\u00f6s Air Ride Rebel -malleille 2015\u20132018<\/li>\n<li>Vaatii leikkaamista<\/li>\n<li>Tehtaan ilmajousitus on suljettu j\u00e4rjestelm\u00e4. J\u00e4rjestelm\u00e4n avaaminen useammin kuin ohjeissa tai tehtaan huolto-ohjeissa on m\u00e4\u00e4ritetty, vaatii j\u00e4rjestelm\u00e4n t\u00e4ytt\u00e4misen uudelleen. T\u00e4m\u00e4 voidaan tehd\u00e4 Ram virallisessa huollossa<\/li>\n<li>Tehtaan 20&#8243; vanteet voidaan k\u00e4ytt\u00e4\u00e4 vain tehtaan kokoisilla renkailla. Tehtaan 17&#8243; ja 18&#8243; vanteet eiv\u00e4t sovi<\/li>\n<li>Sopii my\u00f6s Eco-Diesel -malleille, mutta vaatii j\u00e4lkimarkkinoiden etukardaania<\/li>\n<\/ul>\n","protected":false},"excerpt":{"rendered":"<p>T\u00e4m\u00e4 uusi korotussarja on suunniteltu erityisesti toimimaan Dodge Ram 1500:n tehtaan s\u00e4\u00e4dett\u00e4v\u00e4n ilmajousituksen kanssa [&#8230;]<\/p>\n","protected":false},"featured_media":19068,"template":"","meta":{"_acf_changed":false},"mark-ja-mudel":[],"product_brand":[1291,1292],"product_cat":[1052,1060],"product_tag":[1107],"class_list":{"0":"post-80340","1":"product","2":"type-product","3":"status-publish","4":"has-post-thumbnail","6":"product_brand-dodge","7":"product_brand-ram-1500","8":"product_cat-4x4-off-road-varusteet","9":"product_cat-korotussarjat","10":"product_tag-toimitusaika-4-5-paivaa","12":"first","13":"instock","14":"taxable","15":"shipping-taxable","16":"purchasable","17":"product-type-simple"},"bundled_by":[],"bundle_stock_status":"instock","bundle_stock_quantity":null,"bundle_virtual":false,"bundle_layout":"","bundle_add_to_cart_form_location":"","bundle_editable_in_cart":false,"bundle_sold_individually_context":"","bundle_item_grouping":"","bundle_min_size":"","bundle_max_size":"","bundle_price":[],"bundled_items":[],"bundle_sell_ids":[],"acf":[],"yoast_head":"<!-- This site is optimized with the Yoast SEO plugin v27.3 - https:\/\/yoast.com\/product\/yoast-seo-wordpress\/ -->\n<title>4&quot; BDS korotussarja NX2 jousille | Dodge RAM 1500 [13-18]<\/title>\n<meta name=\"description\" content=\"4&quot; BDS korotussarja NX2 jousille (ilmajousitus) Dodge RAM 1500 [13-18]. Maastoautotarvikkeet, korotussarjat, alustasarjat. Liftkit maastureihin ja lava-autoihin.\" \/>\n<meta name=\"robots\" content=\"index, follow, max-snippet:-1, max-image-preview:large, max-video-preview:-1\" \/>\n<link rel=\"canonical\" href=\"https:\/\/www.castrum.ee\/fi\/toode\/4-bds-korotussarja-nx2-jousille-ilmajousitus-dodge-ram-1500-13-18\/\" \/>\n<meta property=\"og:locale\" content=\"fi_FI\" \/>\n<meta property=\"og:type\" content=\"article\" \/>\n<meta property=\"og:title\" content=\"4&quot; BDS korotussarja NX2 jousille | Dodge RAM 1500 [13-18]\" \/>\n<meta property=\"og:description\" content=\"4&quot; BDS korotussarja NX2 jousille (ilmajousitus) Dodge RAM 1500 [13-18]. Maastoautotarvikkeet, korotussarjat, alustasarjat. Liftkit maastureihin ja lava-autoihin.\" \/>\n<meta property=\"og:url\" content=\"https:\/\/www.castrum.ee\/fi\/toode\/4-bds-korotussarja-nx2-jousille-ilmajousitus-dodge-ram-1500-13-18\/\" \/>\n<meta property=\"og:site_name\" content=\"Castrum\" \/>\n<meta property=\"article:publisher\" content=\"https:\/\/www.facebook.com\/castrum.ee\" \/>\n<meta property=\"og:image\" content=\"https:\/\/www.castrum.ee\/wp-content\/uploads\/2025\/09\/IMG_0218.jpeg\" \/>\n\t<meta property=\"og:image:width\" content=\"750\" \/>\n\t<meta property=\"og:image:height\" content=\"750\" \/>\n\t<meta property=\"og:image:type\" content=\"image\/jpeg\" \/>\n<meta name=\"twitter:card\" content=\"summary_large_image\" \/>\n<meta name=\"twitter:label1\" content=\"Arvioitu lukuaika\" \/>\n\t<meta name=\"twitter:data1\" content=\"1 minuutti\" \/>\n<script type=\"application\/ld+json\" class=\"yoast-schema-graph\">{\"@context\":\"https:\\\/\\\/schema.org\",\"@graph\":[{\"@type\":\"WebPage\",\"@id\":\"https:\\\/\\\/www.castrum.ee\\\/fi\\\/toode\\\/4-bds-korotussarja-nx2-jousille-ilmajousitus-dodge-ram-1500-13-18\\\/\",\"url\":\"https:\\\/\\\/www.castrum.ee\\\/fi\\\/toode\\\/4-bds-korotussarja-nx2-jousille-ilmajousitus-dodge-ram-1500-13-18\\\/\",\"name\":\"4\\\" BDS korotussarja NX2 jousille | Dodge RAM 1500 [13-18]\",\"isPartOf\":{\"@id\":\"https:\\\/\\\/www.castrum.ee\\\/fi\\\/#website\"},\"primaryImageOfPage\":{\"@id\":\"https:\\\/\\\/www.castrum.ee\\\/fi\\\/toode\\\/4-bds-korotussarja-nx2-jousille-ilmajousitus-dodge-ram-1500-13-18\\\/#primaryimage\"},\"image\":{\"@id\":\"https:\\\/\\\/www.castrum.ee\\\/fi\\\/toode\\\/4-bds-korotussarja-nx2-jousille-ilmajousitus-dodge-ram-1500-13-18\\\/#primaryimage\"},\"thumbnailUrl\":\"https:\\\/\\\/www.castrum.ee\\\/wp-content\\\/uploads\\\/2025\\\/09\\\/IMG_0218.jpeg\",\"datePublished\":\"2026-04-29T12:26:09+00:00\",\"description\":\"4\\\" BDS korotussarja NX2 jousille (ilmajousitus) Dodge RAM 1500 [13-18]. Maastoautotarvikkeet, korotussarjat, alustasarjat. Liftkit maastureihin ja lava-autoihin.\",\"breadcrumb\":{\"@id\":\"https:\\\/\\\/www.castrum.ee\\\/fi\\\/toode\\\/4-bds-korotussarja-nx2-jousille-ilmajousitus-dodge-ram-1500-13-18\\\/#breadcrumb\"},\"inLanguage\":\"fi\",\"potentialAction\":[{\"@type\":\"ReadAction\",\"target\":[\"https:\\\/\\\/www.castrum.ee\\\/fi\\\/toode\\\/4-bds-korotussarja-nx2-jousille-ilmajousitus-dodge-ram-1500-13-18\\\/\"]}]},{\"@type\":\"ImageObject\",\"inLanguage\":\"fi\",\"@id\":\"https:\\\/\\\/www.castrum.ee\\\/fi\\\/toode\\\/4-bds-korotussarja-nx2-jousille-ilmajousitus-dodge-ram-1500-13-18\\\/#primaryimage\",\"url\":\"https:\\\/\\\/www.castrum.ee\\\/wp-content\\\/uploads\\\/2025\\\/09\\\/IMG_0218.jpeg\",\"contentUrl\":\"https:\\\/\\\/www.castrum.ee\\\/wp-content\\\/uploads\\\/2025\\\/09\\\/IMG_0218.jpeg\",\"width\":750,\"height\":750},{\"@type\":\"BreadcrumbList\",\"@id\":\"https:\\\/\\\/www.castrum.ee\\\/fi\\\/toode\\\/4-bds-korotussarja-nx2-jousille-ilmajousitus-dodge-ram-1500-13-18\\\/#breadcrumb\",\"itemListElement\":[{\"@type\":\"ListItem\",\"position\":1,\"name\":\"Home\",\"item\":\"https:\\\/\\\/www.castrum.ee\\\/fi\\\/kotisivu\\\/\"},{\"@type\":\"ListItem\",\"position\":2,\"name\":\"Verkkokauppa\",\"item\":\"https:\\\/\\\/www.castrum.ee\\\/fi\\\/kauppa\\\/\"},{\"@type\":\"ListItem\",\"position\":3,\"name\":\"4&#8243; BDS korotussarja NX2 jousille (ilmajousitus) | Dodge RAM 1500 [13-18]\"}]},{\"@type\":\"WebSite\",\"@id\":\"https:\\\/\\\/www.castrum.ee\\\/fi\\\/#website\",\"url\":\"https:\\\/\\\/www.castrum.ee\\\/fi\\\/\",\"name\":\"Castrum\",\"description\":\"Maasturite, s\u00f5iduautode ja v\u00e4ikebusside lisavarustus\",\"publisher\":{\"@id\":\"https:\\\/\\\/www.castrum.ee\\\/fi\\\/#organization\"},\"potentialAction\":[{\"@type\":\"SearchAction\",\"target\":{\"@type\":\"EntryPoint\",\"urlTemplate\":\"https:\\\/\\\/www.castrum.ee\\\/fi\\\/?s={search_term_string}\"},\"query-input\":{\"@type\":\"PropertyValueSpecification\",\"valueRequired\":true,\"valueName\":\"search_term_string\"}}],\"inLanguage\":\"fi\"},{\"@type\":\"Organization\",\"@id\":\"https:\\\/\\\/www.castrum.ee\\\/fi\\\/#organization\",\"name\":\"Castrum Grupp O\u00dc\",\"url\":\"https:\\\/\\\/www.castrum.ee\\\/fi\\\/\",\"logo\":{\"@type\":\"ImageObject\",\"inLanguage\":\"fi\",\"@id\":\"https:\\\/\\\/www.castrum.ee\\\/fi\\\/#\\\/schema\\\/logo\\\/image\\\/\",\"url\":\"https:\\\/\\\/www.castrum.ee\\\/wp-content\\\/uploads\\\/2025\\\/03\\\/Castrum-logo-500.png\",\"contentUrl\":\"https:\\\/\\\/www.castrum.ee\\\/wp-content\\\/uploads\\\/2025\\\/03\\\/Castrum-logo-500.png\",\"width\":500,\"height\":250,\"caption\":\"Castrum Grupp O\u00dc\"},\"image\":{\"@id\":\"https:\\\/\\\/www.castrum.ee\\\/fi\\\/#\\\/schema\\\/logo\\\/image\\\/\"},\"sameAs\":[\"https:\\\/\\\/www.facebook.com\\\/castrum.ee\"]}]}<\/script>\n<!-- \/ Yoast SEO plugin. -->","yoast_head_json":{"title":"4\" BDS korotussarja NX2 jousille | Dodge RAM 1500 [13-18]","description":"4\" BDS korotussarja NX2 jousille (ilmajousitus) Dodge RAM 1500 [13-18]. Maastoautotarvikkeet, korotussarjat, alustasarjat. Liftkit maastureihin ja lava-autoihin.","robots":{"index":"index","follow":"follow","max-snippet":"max-snippet:-1","max-image-preview":"max-image-preview:large","max-video-preview":"max-video-preview:-1"},"canonical":"https:\/\/www.castrum.ee\/fi\/toode\/4-bds-korotussarja-nx2-jousille-ilmajousitus-dodge-ram-1500-13-18\/","og_locale":"fi_FI","og_type":"article","og_title":"4\" BDS korotussarja NX2 jousille | Dodge RAM 1500 [13-18]","og_description":"4\" BDS korotussarja NX2 jousille (ilmajousitus) Dodge RAM 1500 [13-18]. Maastoautotarvikkeet, korotussarjat, alustasarjat. Liftkit maastureihin ja lava-autoihin.","og_url":"https:\/\/www.castrum.ee\/fi\/toode\/4-bds-korotussarja-nx2-jousille-ilmajousitus-dodge-ram-1500-13-18\/","og_site_name":"Castrum","article_publisher":"https:\/\/www.facebook.com\/castrum.ee","og_image":[{"width":750,"height":750,"url":"https:\/\/www.castrum.ee\/wp-content\/uploads\/2025\/09\/IMG_0218.jpeg","type":"image\/jpeg"}],"twitter_card":"summary_large_image","twitter_misc":{"Arvioitu lukuaika":"1 minuutti"},"schema":{"@context":"https:\/\/schema.org","@graph":[{"@type":"WebPage","@id":"https:\/\/www.castrum.ee\/fi\/toode\/4-bds-korotussarja-nx2-jousille-ilmajousitus-dodge-ram-1500-13-18\/","url":"https:\/\/www.castrum.ee\/fi\/toode\/4-bds-korotussarja-nx2-jousille-ilmajousitus-dodge-ram-1500-13-18\/","name":"4\" BDS korotussarja NX2 jousille | Dodge RAM 1500 [13-18]","isPartOf":{"@id":"https:\/\/www.castrum.ee\/fi\/#website"},"primaryImageOfPage":{"@id":"https:\/\/www.castrum.ee\/fi\/toode\/4-bds-korotussarja-nx2-jousille-ilmajousitus-dodge-ram-1500-13-18\/#primaryimage"},"image":{"@id":"https:\/\/www.castrum.ee\/fi\/toode\/4-bds-korotussarja-nx2-jousille-ilmajousitus-dodge-ram-1500-13-18\/#primaryimage"},"thumbnailUrl":"https:\/\/www.castrum.ee\/wp-content\/uploads\/2025\/09\/IMG_0218.jpeg","datePublished":"2026-04-29T12:26:09+00:00","description":"4\" BDS korotussarja NX2 jousille (ilmajousitus) Dodge RAM 1500 [13-18]. Maastoautotarvikkeet, korotussarjat, alustasarjat. Liftkit maastureihin ja lava-autoihin.","breadcrumb":{"@id":"https:\/\/www.castrum.ee\/fi\/toode\/4-bds-korotussarja-nx2-jousille-ilmajousitus-dodge-ram-1500-13-18\/#breadcrumb"},"inLanguage":"fi","potentialAction":[{"@type":"ReadAction","target":["https:\/\/www.castrum.ee\/fi\/toode\/4-bds-korotussarja-nx2-jousille-ilmajousitus-dodge-ram-1500-13-18\/"]}]},{"@type":"ImageObject","inLanguage":"fi","@id":"https:\/\/www.castrum.ee\/fi\/toode\/4-bds-korotussarja-nx2-jousille-ilmajousitus-dodge-ram-1500-13-18\/#primaryimage","url":"https:\/\/www.castrum.ee\/wp-content\/uploads\/2025\/09\/IMG_0218.jpeg","contentUrl":"https:\/\/www.castrum.ee\/wp-content\/uploads\/2025\/09\/IMG_0218.jpeg","width":750,"height":750},{"@type":"BreadcrumbList","@id":"https:\/\/www.castrum.ee\/fi\/toode\/4-bds-korotussarja-nx2-jousille-ilmajousitus-dodge-ram-1500-13-18\/#breadcrumb","itemListElement":[{"@type":"ListItem","position":1,"name":"Home","item":"https:\/\/www.castrum.ee\/fi\/kotisivu\/"},{"@type":"ListItem","position":2,"name":"Verkkokauppa","item":"https:\/\/www.castrum.ee\/fi\/kauppa\/"},{"@type":"ListItem","position":3,"name":"4&#8243; BDS korotussarja NX2 jousille (ilmajousitus) | Dodge RAM 1500 [13-18]"}]},{"@type":"WebSite","@id":"https:\/\/www.castrum.ee\/fi\/#website","url":"https:\/\/www.castrum.ee\/fi\/","name":"Castrum","description":"Maasturite, s\u00f5iduautode ja v\u00e4ikebusside lisavarustus","publisher":{"@id":"https:\/\/www.castrum.ee\/fi\/#organization"},"potentialAction":[{"@type":"SearchAction","target":{"@type":"EntryPoint","urlTemplate":"https:\/\/www.castrum.ee\/fi\/?s={search_term_string}"},"query-input":{"@type":"PropertyValueSpecification","valueRequired":true,"valueName":"search_term_string"}}],"inLanguage":"fi"},{"@type":"Organization","@id":"https:\/\/www.castrum.ee\/fi\/#organization","name":"Castrum Grupp O\u00dc","url":"https:\/\/www.castrum.ee\/fi\/","logo":{"@type":"ImageObject","inLanguage":"fi","@id":"https:\/\/www.castrum.ee\/fi\/#\/schema\/logo\/image\/","url":"https:\/\/www.castrum.ee\/wp-content\/uploads\/2025\/03\/Castrum-logo-500.png","contentUrl":"https:\/\/www.castrum.ee\/wp-content\/uploads\/2025\/03\/Castrum-logo-500.png","width":500,"height":250,"caption":"Castrum Grupp O\u00dc"},"image":{"@id":"https:\/\/www.castrum.ee\/fi\/#\/schema\/logo\/image\/"},"sameAs":["https:\/\/www.facebook.com\/castrum.ee"]}]}},"_links":{"self":[{"href":"https:\/\/www.castrum.ee\/fi\/wp-json\/wp\/v2\/product\/80340","targetHints":{"allow":["GET"]}}],"collection":[{"href":"https:\/\/www.castrum.ee\/fi\/wp-json\/wp\/v2\/product"}],"about":[{"href":"https:\/\/www.castrum.ee\/fi\/wp-json\/wp\/v2\/types\/product"}],"wp:featuredmedia":[{"embeddable":true,"href":"https:\/\/www.castrum.ee\/fi\/wp-json\/wp\/v2\/media\/19068"}],"wp:attachment":[{"href":"https:\/\/www.castrum.ee\/fi\/wp-json\/wp\/v2\/media?parent=80340"}],"wp:term":[{"taxonomy":"mark-ja-mudel","embeddable":true,"href":"https:\/\/www.castrum.ee\/fi\/wp-json\/wp\/v2\/mark-ja-mudel?post=80340"},{"taxonomy":"product_brand","embeddable":true,"href":"https:\/\/www.castrum.ee\/fi\/wp-json\/wp\/v2\/product_brand?post=80340"},{"taxonomy":"product_cat","embeddable":true,"href":"https:\/\/www.castrum.ee\/fi\/wp-json\/wp\/v2\/product_cat?post=80340"},{"taxonomy":"product_tag","embeddable":true,"href":"https:\/\/www.castrum.ee\/fi\/wp-json\/wp\/v2\/product_tag?post=80340"}],"curies":[{"name":"wp","href":"https:\/\/api.w.org\/{rel}","templated":true}]}}