{"id":80341,"date":"2026-04-29T15:26:30","date_gmt":"2026-04-29T12:26:30","guid":{"rendered":"https:\/\/www.castrum.ee\/toode\/4-rough-country-korotussarja-n3-iskunvaimentimel-dodge-ram-1500-12-18-xnpicj\/"},"modified":"2026-04-29T15:26:30","modified_gmt":"2026-04-29T12:26:30","slug":"4-rough-country-korotussarja-n3-iskunvaimentimel-dodge-ram-1500-12-18","status":"publish","type":"product","link":"https:\/\/www.castrum.ee\/fi\/toode\/4-rough-country-korotussarja-n3-iskunvaimentimel-dodge-ram-1500-12-18\/","title":{"rendered":"4&#8243; Rough Country korotussarja N3 iskunvaimentimel | Dodge RAM 1500 [12-18]"},"content":{"rendered":"<h2>Kest\u00e4v\u00e4 jousitussarja Rough Countrylta<\/h2>\n<p>Anna RAM 1500-llesi ihanteellinen yhdistelm\u00e4 suorituskyky\u00e4, suojaa ja tyyli\u00e4 Rough Country 4&#8243; korotussarjalla. Se on suunniteltu tarjoamaan edullisen tavan <strong>maksimoida maastoajokyvyn ja k\u00e4ytt\u00e4\u00e4 jopa 35&#8243; renkaita<\/strong>. Sarja sis\u00e4lt\u00e4\u00e4 laadukkaita raskean rasituksen ter\u00e4skomponentteja, jotka on suunniteltu uusille RAM 1500 -malleille. Laser-leikatut vahvistetut ter\u00e4sosat varmistavat kest\u00e4vyyden, kun taas 4&#8243; korotussarja on t\u00e4ydellinen paketti maastossa hyvin toimimiseen tarvittavilla osilla. Suuri v\u00e4ist\u00f6raivaus etu- ja takasuuntaisilla poikittaispalkeilla tarjoaa <strong>riitt\u00e4v\u00e4sti tilaa maastoajoon ja ajoon<\/strong>. Vahva suojalevy (skid plate) suojaa differentiaalia, tarjoten suojaa vaikealla maastolla. Sarjaan sis\u00e4ltyy my\u00f6s kest\u00e4v\u00e4t korotetut valetut rungon ohjausniveleet, jotka auttavat s\u00e4ilytt\u00e4m\u00e4\u00e4n oikean geometrian korotuksen j\u00e4lkeen. Oikeille maastoajajille sarja sis\u00e4lt\u00e4\u00e4 my\u00f6s <strong>takaiset N3 typpypainet\u00e4ytteill\u00e4 varustetut iskunvaimentimet, jotka on s\u00e4\u00e4detty tasapainoon tien ja maastoajon v\u00e4lill\u00e4<\/strong>.<\/p>\n<p><strong>Tekniset tiedot:<\/strong><\/p>\n<ul>\n<li><strong>Valmistettu ylpeydell\u00e4 USA:ssa<\/strong><\/li>\n<li>S\u00e4ilytt\u00e4\u00e4 tehtaan ajomukaavuuden<\/li>\n<li>Lis\u00e4\u00e4 v\u00e4ist\u00f6raivauksen<\/li>\n<li>Tasaa keulaa ajoneuvon per\u00e4\u00e4n<\/li>\n<\/ul>\n<p><strong>Sarjaan sis\u00e4ltyy:<\/strong><\/p>\n<ul>\n<li>Etu korotetut rungon ohjausniveleet<\/li>\n<li>Etu ylempi\u00e4 iskunvaimennin v\u00e4lipaloja<\/li>\n<li>Etu poikittaispalkki<\/li>\n<li>Etu differentiaali laskulujat<\/li>\n<li>Etu kardaaniakselin v\u00e4lipalikka<\/li>\n<li>Etu sway-bar linkit<\/li>\n<li>Etu suojalevy<\/li>\n<li>Taka poikittaispalkki<\/li>\n<li>Taka ylempi\u00e4 jousi v\u00e4lipaloja<\/li>\n<li>Taka sway-bar linkit<\/li>\n<li>Taka puskuri pys\u00e4ytyslujat<\/li>\n<li>Taka jarruletkun lujat<\/li>\n<li>2x takaiset N3 premium iskunvaimentimet<\/li>\n<li>Kiinnitysosatarvikkeet<\/li>\n<\/ul>\n<p><strong>Merkinn\u00e4t:<\/strong><\/p>\n<ul>\n<li>Vaatii leikkaamista<\/li>\n<li>Sarjaa ei suositella AWD-malleille<\/li>\n<li>Sopii Eco Diesel moottorimalleille<\/li>\n<li>TRX-malleilla saavutetaan noin 1&#8243; lis\u00e4korotus<\/li>\n<li>Ei sovi tehtaan ilmajousisteilla varustetuille malleille<\/li>\n<li>Vaatii 20&#8243; tai suurempia vanteitaki<\/li>\n<li>Ei sovi 18&#8243; tai pienemmille vanteilta<\/li>\n<li>Sopii vain 4WD-malleille (<strong>VAIN<\/strong>)<\/li>\n<\/ul>\n","protected":false},"excerpt":{"rendered":"<p>Kest\u00e4v\u00e4 jousitussarja Rough Countrylta Anna RAM 1500-llesi ihanteellinen yhdistelm\u00e4 suorituskyky\u00e4, suojaa ja tyyli\u00e4 [&#8230;]<\/p>\n","protected":false},"featured_media":19062,"template":"","meta":{"_acf_changed":false},"mark-ja-mudel":[],"product_brand":[1291,1292],"product_cat":[1052,1060],"product_tag":[1107],"class_list":{"0":"post-80341","1":"product","2":"type-product","3":"status-publish","4":"has-post-thumbnail","6":"product_brand-dodge","7":"product_brand-ram-1500","8":"product_cat-4x4-off-road-varusteet","9":"product_cat-korotussarjat","10":"product_tag-toimitusaika-4-5-paivaa","12":"first","13":"instock","14":"taxable","15":"shipping-taxable","16":"purchasable","17":"product-type-simple"},"bundled_by":[],"bundle_stock_status":"instock","bundle_stock_quantity":null,"bundle_virtual":false,"bundle_layout":"","bundle_add_to_cart_form_location":"","bundle_editable_in_cart":false,"bundle_sold_individually_context":"","bundle_item_grouping":"","bundle_min_size":"","bundle_max_size":"","bundle_price":[],"bundled_items":[],"bundle_sell_ids":[],"acf":[],"yoast_head":"<!-- This site is optimized with the Yoast SEO plugin v27.3 - https:\/\/yoast.com\/product\/yoast-seo-wordpress\/ -->\n<title>4&quot; Rough Country korotussarja N3 | Dodge RAM 1500 | Castrum<\/title>\n<meta name=\"description\" content=\"4&quot; Rough Country korotussarja N3 iskunvaimentimel Dodge RAM 1500 [12-18]. Korotussarjat, alustasarjat ja jousisarjat maastoautoihin.\" \/>\n<meta name=\"robots\" content=\"index, follow, max-snippet:-1, max-image-preview:large, max-video-preview:-1\" \/>\n<link rel=\"canonical\" href=\"https:\/\/www.castrum.ee\/fi\/toode\/4-rough-country-korotussarja-n3-iskunvaimentimel-dodge-ram-1500-12-18\/\" \/>\n<meta property=\"og:locale\" content=\"fi_FI\" \/>\n<meta property=\"og:type\" content=\"article\" \/>\n<meta property=\"og:title\" content=\"4&quot; Rough Country korotussarja N3 | Dodge RAM 1500 | Castrum\" \/>\n<meta property=\"og:description\" content=\"4&quot; Rough Country korotussarja N3 iskunvaimentimel Dodge RAM 1500 [12-18]. Korotussarjat, alustasarjat ja jousisarjat maastoautoihin.\" \/>\n<meta property=\"og:url\" content=\"https:\/\/www.castrum.ee\/fi\/toode\/4-rough-country-korotussarja-n3-iskunvaimentimel-dodge-ram-1500-12-18\/\" \/>\n<meta property=\"og:site_name\" content=\"Castrum\" \/>\n<meta property=\"article:publisher\" content=\"https:\/\/www.facebook.com\/castrum.ee\" \/>\n<meta property=\"og:image\" content=\"https:\/\/www.castrum.ee\/wp-content\/uploads\/2025\/09\/IMG_0216.jpeg\" \/>\n\t<meta property=\"og:image:width\" content=\"750\" \/>\n\t<meta property=\"og:image:height\" content=\"750\" \/>\n\t<meta property=\"og:image:type\" content=\"image\/jpeg\" \/>\n<meta name=\"twitter:card\" content=\"summary_large_image\" \/>\n<meta name=\"twitter:label1\" content=\"Arvioitu lukuaika\" \/>\n\t<meta name=\"twitter:data1\" content=\"1 minuutti\" \/>\n<script type=\"application\/ld+json\" class=\"yoast-schema-graph\">{\"@context\":\"https:\\\/\\\/schema.org\",\"@graph\":[{\"@type\":\"WebPage\",\"@id\":\"https:\\\/\\\/www.castrum.ee\\\/fi\\\/toode\\\/4-rough-country-korotussarja-n3-iskunvaimentimel-dodge-ram-1500-12-18\\\/\",\"url\":\"https:\\\/\\\/www.castrum.ee\\\/fi\\\/toode\\\/4-rough-country-korotussarja-n3-iskunvaimentimel-dodge-ram-1500-12-18\\\/\",\"name\":\"4\\\" Rough Country korotussarja N3 | Dodge RAM 1500 | Castrum\",\"isPartOf\":{\"@id\":\"https:\\\/\\\/www.castrum.ee\\\/fi\\\/#website\"},\"primaryImageOfPage\":{\"@id\":\"https:\\\/\\\/www.castrum.ee\\\/fi\\\/toode\\\/4-rough-country-korotussarja-n3-iskunvaimentimel-dodge-ram-1500-12-18\\\/#primaryimage\"},\"image\":{\"@id\":\"https:\\\/\\\/www.castrum.ee\\\/fi\\\/toode\\\/4-rough-country-korotussarja-n3-iskunvaimentimel-dodge-ram-1500-12-18\\\/#primaryimage\"},\"thumbnailUrl\":\"https:\\\/\\\/www.castrum.ee\\\/wp-content\\\/uploads\\\/2025\\\/09\\\/IMG_0216.jpeg\",\"datePublished\":\"2026-04-29T12:26:30+00:00\",\"description\":\"4\\\" Rough Country korotussarja N3 iskunvaimentimel Dodge RAM 1500 [12-18]. Korotussarjat, alustasarjat ja jousisarjat maastoautoihin.\",\"breadcrumb\":{\"@id\":\"https:\\\/\\\/www.castrum.ee\\\/fi\\\/toode\\\/4-rough-country-korotussarja-n3-iskunvaimentimel-dodge-ram-1500-12-18\\\/#breadcrumb\"},\"inLanguage\":\"fi\",\"potentialAction\":[{\"@type\":\"ReadAction\",\"target\":[\"https:\\\/\\\/www.castrum.ee\\\/fi\\\/toode\\\/4-rough-country-korotussarja-n3-iskunvaimentimel-dodge-ram-1500-12-18\\\/\"]}]},{\"@type\":\"ImageObject\",\"inLanguage\":\"fi\",\"@id\":\"https:\\\/\\\/www.castrum.ee\\\/fi\\\/toode\\\/4-rough-country-korotussarja-n3-iskunvaimentimel-dodge-ram-1500-12-18\\\/#primaryimage\",\"url\":\"https:\\\/\\\/www.castrum.ee\\\/wp-content\\\/uploads\\\/2025\\\/09\\\/IMG_0216.jpeg\",\"contentUrl\":\"https:\\\/\\\/www.castrum.ee\\\/wp-content\\\/uploads\\\/2025\\\/09\\\/IMG_0216.jpeg\",\"width\":750,\"height\":750},{\"@type\":\"BreadcrumbList\",\"@id\":\"https:\\\/\\\/www.castrum.ee\\\/fi\\\/toode\\\/4-rough-country-korotussarja-n3-iskunvaimentimel-dodge-ram-1500-12-18\\\/#breadcrumb\",\"itemListElement\":[{\"@type\":\"ListItem\",\"position\":1,\"name\":\"Home\",\"item\":\"https:\\\/\\\/www.castrum.ee\\\/fi\\\/kotisivu\\\/\"},{\"@type\":\"ListItem\",\"position\":2,\"name\":\"Verkkokauppa\",\"item\":\"https:\\\/\\\/www.castrum.ee\\\/fi\\\/kauppa\\\/\"},{\"@type\":\"ListItem\",\"position\":3,\"name\":\"4&#8243; Rough Country korotussarja N3 iskunvaimentimel | Dodge RAM 1500 [12-18]\"}]},{\"@type\":\"WebSite\",\"@id\":\"https:\\\/\\\/www.castrum.ee\\\/fi\\\/#website\",\"url\":\"https:\\\/\\\/www.castrum.ee\\\/fi\\\/\",\"name\":\"Castrum\",\"description\":\"Maasturite, s\u00f5iduautode ja v\u00e4ikebusside lisavarustus\",\"publisher\":{\"@id\":\"https:\\\/\\\/www.castrum.ee\\\/fi\\\/#organization\"},\"potentialAction\":[{\"@type\":\"SearchAction\",\"target\":{\"@type\":\"EntryPoint\",\"urlTemplate\":\"https:\\\/\\\/www.castrum.ee\\\/fi\\\/?s={search_term_string}\"},\"query-input\":{\"@type\":\"PropertyValueSpecification\",\"valueRequired\":true,\"valueName\":\"search_term_string\"}}],\"inLanguage\":\"fi\"},{\"@type\":\"Organization\",\"@id\":\"https:\\\/\\\/www.castrum.ee\\\/fi\\\/#organization\",\"name\":\"Castrum Grupp O\u00dc\",\"url\":\"https:\\\/\\\/www.castrum.ee\\\/fi\\\/\",\"logo\":{\"@type\":\"ImageObject\",\"inLanguage\":\"fi\",\"@id\":\"https:\\\/\\\/www.castrum.ee\\\/fi\\\/#\\\/schema\\\/logo\\\/image\\\/\",\"url\":\"https:\\\/\\\/www.castrum.ee\\\/wp-content\\\/uploads\\\/2025\\\/03\\\/Castrum-logo-500.png\",\"contentUrl\":\"https:\\\/\\\/www.castrum.ee\\\/wp-content\\\/uploads\\\/2025\\\/03\\\/Castrum-logo-500.png\",\"width\":500,\"height\":250,\"caption\":\"Castrum Grupp O\u00dc\"},\"image\":{\"@id\":\"https:\\\/\\\/www.castrum.ee\\\/fi\\\/#\\\/schema\\\/logo\\\/image\\\/\"},\"sameAs\":[\"https:\\\/\\\/www.facebook.com\\\/castrum.ee\"]}]}<\/script>\n<!-- \/ Yoast SEO plugin. -->","yoast_head_json":{"title":"4\" Rough Country korotussarja N3 | Dodge RAM 1500 | Castrum","description":"4\" Rough Country korotussarja N3 iskunvaimentimel Dodge RAM 1500 [12-18]. Korotussarjat, alustasarjat ja jousisarjat maastoautoihin.","robots":{"index":"index","follow":"follow","max-snippet":"max-snippet:-1","max-image-preview":"max-image-preview:large","max-video-preview":"max-video-preview:-1"},"canonical":"https:\/\/www.castrum.ee\/fi\/toode\/4-rough-country-korotussarja-n3-iskunvaimentimel-dodge-ram-1500-12-18\/","og_locale":"fi_FI","og_type":"article","og_title":"4\" Rough Country korotussarja N3 | Dodge RAM 1500 | Castrum","og_description":"4\" Rough Country korotussarja N3 iskunvaimentimel Dodge RAM 1500 [12-18]. Korotussarjat, alustasarjat ja jousisarjat maastoautoihin.","og_url":"https:\/\/www.castrum.ee\/fi\/toode\/4-rough-country-korotussarja-n3-iskunvaimentimel-dodge-ram-1500-12-18\/","og_site_name":"Castrum","article_publisher":"https:\/\/www.facebook.com\/castrum.ee","og_image":[{"width":750,"height":750,"url":"https:\/\/www.castrum.ee\/wp-content\/uploads\/2025\/09\/IMG_0216.jpeg","type":"image\/jpeg"}],"twitter_card":"summary_large_image","twitter_misc":{"Arvioitu lukuaika":"1 minuutti"},"schema":{"@context":"https:\/\/schema.org","@graph":[{"@type":"WebPage","@id":"https:\/\/www.castrum.ee\/fi\/toode\/4-rough-country-korotussarja-n3-iskunvaimentimel-dodge-ram-1500-12-18\/","url":"https:\/\/www.castrum.ee\/fi\/toode\/4-rough-country-korotussarja-n3-iskunvaimentimel-dodge-ram-1500-12-18\/","name":"4\" Rough Country korotussarja N3 | Dodge RAM 1500 | Castrum","isPartOf":{"@id":"https:\/\/www.castrum.ee\/fi\/#website"},"primaryImageOfPage":{"@id":"https:\/\/www.castrum.ee\/fi\/toode\/4-rough-country-korotussarja-n3-iskunvaimentimel-dodge-ram-1500-12-18\/#primaryimage"},"image":{"@id":"https:\/\/www.castrum.ee\/fi\/toode\/4-rough-country-korotussarja-n3-iskunvaimentimel-dodge-ram-1500-12-18\/#primaryimage"},"thumbnailUrl":"https:\/\/www.castrum.ee\/wp-content\/uploads\/2025\/09\/IMG_0216.jpeg","datePublished":"2026-04-29T12:26:30+00:00","description":"4\" Rough Country korotussarja N3 iskunvaimentimel Dodge RAM 1500 [12-18]. Korotussarjat, alustasarjat ja jousisarjat maastoautoihin.","breadcrumb":{"@id":"https:\/\/www.castrum.ee\/fi\/toode\/4-rough-country-korotussarja-n3-iskunvaimentimel-dodge-ram-1500-12-18\/#breadcrumb"},"inLanguage":"fi","potentialAction":[{"@type":"ReadAction","target":["https:\/\/www.castrum.ee\/fi\/toode\/4-rough-country-korotussarja-n3-iskunvaimentimel-dodge-ram-1500-12-18\/"]}]},{"@type":"ImageObject","inLanguage":"fi","@id":"https:\/\/www.castrum.ee\/fi\/toode\/4-rough-country-korotussarja-n3-iskunvaimentimel-dodge-ram-1500-12-18\/#primaryimage","url":"https:\/\/www.castrum.ee\/wp-content\/uploads\/2025\/09\/IMG_0216.jpeg","contentUrl":"https:\/\/www.castrum.ee\/wp-content\/uploads\/2025\/09\/IMG_0216.jpeg","width":750,"height":750},{"@type":"BreadcrumbList","@id":"https:\/\/www.castrum.ee\/fi\/toode\/4-rough-country-korotussarja-n3-iskunvaimentimel-dodge-ram-1500-12-18\/#breadcrumb","itemListElement":[{"@type":"ListItem","position":1,"name":"Home","item":"https:\/\/www.castrum.ee\/fi\/kotisivu\/"},{"@type":"ListItem","position":2,"name":"Verkkokauppa","item":"https:\/\/www.castrum.ee\/fi\/kauppa\/"},{"@type":"ListItem","position":3,"name":"4&#8243; Rough Country korotussarja N3 iskunvaimentimel | Dodge RAM 1500 [12-18]"}]},{"@type":"WebSite","@id":"https:\/\/www.castrum.ee\/fi\/#website","url":"https:\/\/www.castrum.ee\/fi\/","name":"Castrum","description":"Maasturite, s\u00f5iduautode ja v\u00e4ikebusside lisavarustus","publisher":{"@id":"https:\/\/www.castrum.ee\/fi\/#organization"},"potentialAction":[{"@type":"SearchAction","target":{"@type":"EntryPoint","urlTemplate":"https:\/\/www.castrum.ee\/fi\/?s={search_term_string}"},"query-input":{"@type":"PropertyValueSpecification","valueRequired":true,"valueName":"search_term_string"}}],"inLanguage":"fi"},{"@type":"Organization","@id":"https:\/\/www.castrum.ee\/fi\/#organization","name":"Castrum Grupp O\u00dc","url":"https:\/\/www.castrum.ee\/fi\/","logo":{"@type":"ImageObject","inLanguage":"fi","@id":"https:\/\/www.castrum.ee\/fi\/#\/schema\/logo\/image\/","url":"https:\/\/www.castrum.ee\/wp-content\/uploads\/2025\/03\/Castrum-logo-500.png","contentUrl":"https:\/\/www.castrum.ee\/wp-content\/uploads\/2025\/03\/Castrum-logo-500.png","width":500,"height":250,"caption":"Castrum Grupp O\u00dc"},"image":{"@id":"https:\/\/www.castrum.ee\/fi\/#\/schema\/logo\/image\/"},"sameAs":["https:\/\/www.facebook.com\/castrum.ee"]}]}},"_links":{"self":[{"href":"https:\/\/www.castrum.ee\/fi\/wp-json\/wp\/v2\/product\/80341","targetHints":{"allow":["GET"]}}],"collection":[{"href":"https:\/\/www.castrum.ee\/fi\/wp-json\/wp\/v2\/product"}],"about":[{"href":"https:\/\/www.castrum.ee\/fi\/wp-json\/wp\/v2\/types\/product"}],"wp:featuredmedia":[{"embeddable":true,"href":"https:\/\/www.castrum.ee\/fi\/wp-json\/wp\/v2\/media\/19062"}],"wp:attachment":[{"href":"https:\/\/www.castrum.ee\/fi\/wp-json\/wp\/v2\/media?parent=80341"}],"wp:term":[{"taxonomy":"mark-ja-mudel","embeddable":true,"href":"https:\/\/www.castrum.ee\/fi\/wp-json\/wp\/v2\/mark-ja-mudel?post=80341"},{"taxonomy":"product_brand","embeddable":true,"href":"https:\/\/www.castrum.ee\/fi\/wp-json\/wp\/v2\/product_brand?post=80341"},{"taxonomy":"product_cat","embeddable":true,"href":"https:\/\/www.castrum.ee\/fi\/wp-json\/wp\/v2\/product_cat?post=80341"},{"taxonomy":"product_tag","embeddable":true,"href":"https:\/\/www.castrum.ee\/fi\/wp-json\/wp\/v2\/product_tag?post=80341"}],"curies":[{"name":"wp","href":"https:\/\/api.w.org\/{rel}","templated":true}]}}