{"id":80343,"date":"2026-04-29T15:27:16","date_gmt":"2026-04-29T12:27:16","guid":{"rendered":"https:\/\/www.castrum.ee\/toode\/2-korotussarja-mitsubishi-l200-05-14-cmldqp\/"},"modified":"2026-04-29T15:27:16","modified_gmt":"2026-04-29T12:27:16","slug":"2-korotussarja-mitsubishi-l200-05-14","status":"publish","type":"product","link":"https:\/\/www.castrum.ee\/fi\/toode\/2-korotussarja-mitsubishi-l200-05-14\/","title":{"rendered":"2&#8243; korotussarja | Mitsubishi L200 [05-14]"},"content":{"rendered":"<p data-start=\"47\" data-end=\"367\"><strong data-start=\"47\" data-end=\"73\">MorE 4&#215;4 korotussarja<\/strong> mahdollistaa ajoneuvon jousituksen nostamisen <strong data-start=\"109\" data-end=\"117\">5 cm<\/strong>, parantaen maavaran ja maastoajokyvyn s\u00e4ilytt\u00e4en iskunvaimentajien ja jousiper\u00e4n toimintaominaisuudet. Ratkaisu s\u00e4ilytt\u00e4\u00e4 tehdasjousituksen ominaisuudet, mutta antaa ajoneuvolle paremman ajettavuuden ja mahdollistaa hieman suurempien renkaiden asentamisen.<\/p>\n<p data-start=\"369\" data-end=\"508\">Lis\u00e4\u00e4ntynyt maavara auttaa esteiden ylitt\u00e4misess\u00e4, parantaa l\u00e4hestymis- ja poistumiskulmia sek\u00e4 v\u00e4hent\u00e4\u00e4 pohjan vaurioitumisriski\u00e4 vaativissa olosuhteissa.<\/p>\n<h4 data-start=\"510\" data-end=\"532\">Sarjaan kuuluu:<\/h4>\n<ul data-start=\"533\" data-end=\"712\">\n<li data-start=\"533\" data-end=\"580\">\n<p data-start=\"535\" data-end=\"580\">2 kpl etuiskuvaimentajien yl\u00e4tuentiiviste korotuskiekkoja<\/p>\n<\/li>\n<li data-start=\"581\" data-end=\"609\">\n<p data-start=\"583\" data-end=\"609\">4 kpl U-pultit takaakselille<\/p>\n<\/li>\n<li data-start=\"610\" data-end=\"658\">\n<p data-start=\"612\" data-end=\"658\">2 kpl v\u00e4lipalkkeja takaakselin ja lehtijousen v\u00e4liin<\/p>\n<\/li>\n<li data-start=\"659\" data-end=\"712\">\n<p data-start=\"661\" data-end=\"712\">tarvittavat kiinnitysosia (pultit, mutterit, aluslevyt)<\/p>\n<\/li>\n<\/ul>\n<p data-start=\"714\" data-end=\"882\" data-is-last-node=\"\" data-is-only-node=\"\">MorE 4&#215;4 korotussarja on k\u00e4yt\u00e4nn\u00f6llinen ja luotettava ratkaisu niille, jotka haluavat parantaa ajoneuvonsa maastokelpoisuutta ilman t\u00e4ydellist\u00e4 jousitussysteemin uusimista.<\/p>\n","protected":false},"excerpt":{"rendered":"<p>MorE 4&#215;4 korotussarja mahdollistaa ajoneuvon jousituksen nostamisen 5 cm, parantaen maavarana ja maastoajokyvyn s\u00e4ilytt\u00e4en iskunvaimentajien ja jousiper\u00e4n toimintaominaisuudet. Ratkaisu s\u00e4ilytt\u00e4\u00e4 tehdasjousituksen ominaisuudet ja mahdollistaa hieman suurempien renkaiden asentamisen.<\/p>\n","protected":false},"featured_media":19041,"template":"","meta":{"_acf_changed":false},"mark-ja-mudel":[],"product_brand":[1285,1284],"product_cat":[1052,1060],"product_tag":[1107],"class_list":{"0":"post-80343","1":"product","2":"type-product","3":"status-publish","4":"has-post-thumbnail","6":"product_brand-l200","7":"product_brand-mitsubishi","8":"product_cat-4x4-off-road-varusteet","9":"product_cat-korotussarjat","10":"product_tag-toimitusaika-4-5-paivaa","12":"first","13":"instock","14":"taxable","15":"shipping-taxable","16":"purchasable","17":"product-type-simple"},"bundled_by":[],"bundle_stock_status":"instock","bundle_stock_quantity":null,"bundle_virtual":false,"bundle_layout":"","bundle_add_to_cart_form_location":"","bundle_editable_in_cart":false,"bundle_sold_individually_context":"","bundle_item_grouping":"","bundle_min_size":"","bundle_max_size":"","bundle_price":[],"bundled_items":[],"bundle_sell_ids":[],"acf":[],"yoast_head":"<!-- This site is optimized with the Yoast SEO plugin v27.5 - https:\/\/yoast.com\/product\/yoast-seo-wordpress\/ -->\n<title>2&quot; Korotussarja | Mitsubishi L200 [05-14] | Castrum<\/title>\n<meta name=\"description\" content=\"MorE 4x4 korotussarja Mitsubishi L200 [05-14] \u2013 alustasarjat ja jousisarjat maastoautoihin. Nostaa 5 cm, parantaa ajettavuutta ja kliirenssia.\" \/>\n<meta name=\"robots\" content=\"index, follow, max-snippet:-1, max-image-preview:large, max-video-preview:-1\" \/>\n<link rel=\"canonical\" href=\"https:\/\/www.castrum.ee\/fi\/toode\/2-korotussarja-mitsubishi-l200-05-14\/\" \/>\n<meta property=\"og:locale\" content=\"fi_FI\" \/>\n<meta property=\"og:type\" content=\"article\" \/>\n<meta property=\"og:title\" content=\"2&quot; Korotussarja | Mitsubishi L200 [05-14] | Castrum\" \/>\n<meta property=\"og:description\" content=\"MorE 4x4 korotussarja Mitsubishi L200 [05-14] \u2013 alustasarjat ja jousisarjat maastoautoihin. Nostaa 5 cm, parantaa ajettavuutta ja kliirenssia.\" \/>\n<meta property=\"og:url\" content=\"https:\/\/www.castrum.ee\/fi\/toode\/2-korotussarja-mitsubishi-l200-05-14\/\" \/>\n<meta property=\"og:site_name\" content=\"Castrum\" \/>\n<meta property=\"article:publisher\" content=\"https:\/\/www.facebook.com\/castrum.ee\" \/>\n<meta property=\"og:image\" content=\"https:\/\/www.castrum.ee\/wp-content\/uploads\/2025\/09\/2DED362A-44A8-4EB7-A81F-9C767BB3081B.jpeg\" \/>\n\t<meta property=\"og:image:width\" content=\"1349\" \/>\n\t<meta property=\"og:image:height\" content=\"900\" \/>\n\t<meta property=\"og:image:type\" content=\"image\/jpeg\" \/>\n<meta name=\"twitter:card\" content=\"summary_large_image\" \/>\n<meta name=\"twitter:label1\" content=\"Arvioitu lukuaika\" \/>\n\t<meta name=\"twitter:data1\" content=\"1 minuutti\" \/>\n<script type=\"application\/ld+json\" class=\"yoast-schema-graph\">{\"@context\":\"https:\\\/\\\/schema.org\",\"@graph\":[{\"@type\":\"WebPage\",\"@id\":\"https:\\\/\\\/www.castrum.ee\\\/fi\\\/toode\\\/2-korotussarja-mitsubishi-l200-05-14\\\/\",\"url\":\"https:\\\/\\\/www.castrum.ee\\\/fi\\\/toode\\\/2-korotussarja-mitsubishi-l200-05-14\\\/\",\"name\":\"2\\\" Korotussarja | Mitsubishi L200 [05-14] | Castrum\",\"isPartOf\":{\"@id\":\"https:\\\/\\\/www.castrum.ee\\\/fi\\\/#website\"},\"primaryImageOfPage\":{\"@id\":\"https:\\\/\\\/www.castrum.ee\\\/fi\\\/toode\\\/2-korotussarja-mitsubishi-l200-05-14\\\/#primaryimage\"},\"image\":{\"@id\":\"https:\\\/\\\/www.castrum.ee\\\/fi\\\/toode\\\/2-korotussarja-mitsubishi-l200-05-14\\\/#primaryimage\"},\"thumbnailUrl\":\"https:\\\/\\\/www.castrum.ee\\\/wp-content\\\/uploads\\\/2025\\\/09\\\/2DED362A-44A8-4EB7-A81F-9C767BB3081B.jpeg\",\"datePublished\":\"2026-04-29T12:27:16+00:00\",\"description\":\"MorE 4x4 korotussarja Mitsubishi L200 [05-14] \u2013 alustasarjat ja jousisarjat maastoautoihin. Nostaa 5 cm, parantaa ajettavuutta ja kliirenssia.\",\"breadcrumb\":{\"@id\":\"https:\\\/\\\/www.castrum.ee\\\/fi\\\/toode\\\/2-korotussarja-mitsubishi-l200-05-14\\\/#breadcrumb\"},\"inLanguage\":\"fi\",\"potentialAction\":[{\"@type\":\"ReadAction\",\"target\":[\"https:\\\/\\\/www.castrum.ee\\\/fi\\\/toode\\\/2-korotussarja-mitsubishi-l200-05-14\\\/\"]}]},{\"@type\":\"ImageObject\",\"inLanguage\":\"fi\",\"@id\":\"https:\\\/\\\/www.castrum.ee\\\/fi\\\/toode\\\/2-korotussarja-mitsubishi-l200-05-14\\\/#primaryimage\",\"url\":\"https:\\\/\\\/www.castrum.ee\\\/wp-content\\\/uploads\\\/2025\\\/09\\\/2DED362A-44A8-4EB7-A81F-9C767BB3081B.jpeg\",\"contentUrl\":\"https:\\\/\\\/www.castrum.ee\\\/wp-content\\\/uploads\\\/2025\\\/09\\\/2DED362A-44A8-4EB7-A81F-9C767BB3081B.jpeg\",\"width\":1349,\"height\":900},{\"@type\":\"BreadcrumbList\",\"@id\":\"https:\\\/\\\/www.castrum.ee\\\/fi\\\/toode\\\/2-korotussarja-mitsubishi-l200-05-14\\\/#breadcrumb\",\"itemListElement\":[{\"@type\":\"ListItem\",\"position\":1,\"name\":\"Home\",\"item\":\"https:\\\/\\\/www.castrum.ee\\\/fi\\\/kotisivu\\\/\"},{\"@type\":\"ListItem\",\"position\":2,\"name\":\"Verkkokauppa\",\"item\":\"https:\\\/\\\/www.castrum.ee\\\/fi\\\/kauppa\\\/\"},{\"@type\":\"ListItem\",\"position\":3,\"name\":\"2&#8243; korotussarja | Mitsubishi L200 [05-14]\"}]},{\"@type\":\"WebSite\",\"@id\":\"https:\\\/\\\/www.castrum.ee\\\/fi\\\/#website\",\"url\":\"https:\\\/\\\/www.castrum.ee\\\/fi\\\/\",\"name\":\"Castrum\",\"description\":\"Maastoautojen, henkil\u00f6autojen ja pienvaunujen lis\u00e4varusteet\",\"publisher\":{\"@id\":\"https:\\\/\\\/www.castrum.ee\\\/fi\\\/#organization\"},\"potentialAction\":[{\"@type\":\"SearchAction\",\"target\":{\"@type\":\"EntryPoint\",\"urlTemplate\":\"https:\\\/\\\/www.castrum.ee\\\/fi\\\/?s={search_term_string}\"},\"query-input\":{\"@type\":\"PropertyValueSpecification\",\"valueRequired\":true,\"valueName\":\"search_term_string\"}}],\"inLanguage\":\"fi\"},{\"@type\":\"Organization\",\"@id\":\"https:\\\/\\\/www.castrum.ee\\\/fi\\\/#organization\",\"name\":\"Castrum Grupp O\u00dc\",\"url\":\"https:\\\/\\\/www.castrum.ee\\\/fi\\\/\",\"logo\":{\"@type\":\"ImageObject\",\"inLanguage\":\"fi\",\"@id\":\"https:\\\/\\\/www.castrum.ee\\\/fi\\\/#\\\/schema\\\/logo\\\/image\\\/\",\"url\":\"https:\\\/\\\/www.castrum.ee\\\/wp-content\\\/uploads\\\/2025\\\/03\\\/Castrum-logo-500.png\",\"contentUrl\":\"https:\\\/\\\/www.castrum.ee\\\/wp-content\\\/uploads\\\/2025\\\/03\\\/Castrum-logo-500.png\",\"width\":500,\"height\":250,\"caption\":\"Castrum Grupp O\u00dc\"},\"image\":{\"@id\":\"https:\\\/\\\/www.castrum.ee\\\/fi\\\/#\\\/schema\\\/logo\\\/image\\\/\"},\"sameAs\":[\"https:\\\/\\\/www.facebook.com\\\/castrum.ee\"]}]}<\/script>\n<!-- \/ Yoast SEO plugin. -->","yoast_head_json":{"title":"2\" Korotussarja | Mitsubishi L200 [05-14] | Castrum","description":"MorE 4x4 korotussarja Mitsubishi L200 [05-14] \u2013 alustasarjat ja jousisarjat maastoautoihin. Nostaa 5 cm, parantaa ajettavuutta ja kliirenssia.","robots":{"index":"index","follow":"follow","max-snippet":"max-snippet:-1","max-image-preview":"max-image-preview:large","max-video-preview":"max-video-preview:-1"},"canonical":"https:\/\/www.castrum.ee\/fi\/toode\/2-korotussarja-mitsubishi-l200-05-14\/","og_locale":"fi_FI","og_type":"article","og_title":"2\" Korotussarja | Mitsubishi L200 [05-14] | Castrum","og_description":"MorE 4x4 korotussarja Mitsubishi L200 [05-14] \u2013 alustasarjat ja jousisarjat maastoautoihin. Nostaa 5 cm, parantaa ajettavuutta ja kliirenssia.","og_url":"https:\/\/www.castrum.ee\/fi\/toode\/2-korotussarja-mitsubishi-l200-05-14\/","og_site_name":"Castrum","article_publisher":"https:\/\/www.facebook.com\/castrum.ee","og_image":[{"width":1349,"height":900,"url":"https:\/\/www.castrum.ee\/wp-content\/uploads\/2025\/09\/2DED362A-44A8-4EB7-A81F-9C767BB3081B.jpeg","type":"image\/jpeg"}],"twitter_card":"summary_large_image","twitter_misc":{"Arvioitu lukuaika":"1 minuutti"},"schema":{"@context":"https:\/\/schema.org","@graph":[{"@type":"WebPage","@id":"https:\/\/www.castrum.ee\/fi\/toode\/2-korotussarja-mitsubishi-l200-05-14\/","url":"https:\/\/www.castrum.ee\/fi\/toode\/2-korotussarja-mitsubishi-l200-05-14\/","name":"2\" Korotussarja | Mitsubishi L200 [05-14] | Castrum","isPartOf":{"@id":"https:\/\/www.castrum.ee\/fi\/#website"},"primaryImageOfPage":{"@id":"https:\/\/www.castrum.ee\/fi\/toode\/2-korotussarja-mitsubishi-l200-05-14\/#primaryimage"},"image":{"@id":"https:\/\/www.castrum.ee\/fi\/toode\/2-korotussarja-mitsubishi-l200-05-14\/#primaryimage"},"thumbnailUrl":"https:\/\/www.castrum.ee\/wp-content\/uploads\/2025\/09\/2DED362A-44A8-4EB7-A81F-9C767BB3081B.jpeg","datePublished":"2026-04-29T12:27:16+00:00","description":"MorE 4x4 korotussarja Mitsubishi L200 [05-14] \u2013 alustasarjat ja jousisarjat maastoautoihin. Nostaa 5 cm, parantaa ajettavuutta ja kliirenssia.","breadcrumb":{"@id":"https:\/\/www.castrum.ee\/fi\/toode\/2-korotussarja-mitsubishi-l200-05-14\/#breadcrumb"},"inLanguage":"fi","potentialAction":[{"@type":"ReadAction","target":["https:\/\/www.castrum.ee\/fi\/toode\/2-korotussarja-mitsubishi-l200-05-14\/"]}]},{"@type":"ImageObject","inLanguage":"fi","@id":"https:\/\/www.castrum.ee\/fi\/toode\/2-korotussarja-mitsubishi-l200-05-14\/#primaryimage","url":"https:\/\/www.castrum.ee\/wp-content\/uploads\/2025\/09\/2DED362A-44A8-4EB7-A81F-9C767BB3081B.jpeg","contentUrl":"https:\/\/www.castrum.ee\/wp-content\/uploads\/2025\/09\/2DED362A-44A8-4EB7-A81F-9C767BB3081B.jpeg","width":1349,"height":900},{"@type":"BreadcrumbList","@id":"https:\/\/www.castrum.ee\/fi\/toode\/2-korotussarja-mitsubishi-l200-05-14\/#breadcrumb","itemListElement":[{"@type":"ListItem","position":1,"name":"Home","item":"https:\/\/www.castrum.ee\/fi\/kotisivu\/"},{"@type":"ListItem","position":2,"name":"Verkkokauppa","item":"https:\/\/www.castrum.ee\/fi\/kauppa\/"},{"@type":"ListItem","position":3,"name":"2&#8243; korotussarja | Mitsubishi L200 [05-14]"}]},{"@type":"WebSite","@id":"https:\/\/www.castrum.ee\/fi\/#website","url":"https:\/\/www.castrum.ee\/fi\/","name":"Castrum","description":"Maastoautojen, henkil\u00f6autojen ja pienvaunujen lis\u00e4varusteet","publisher":{"@id":"https:\/\/www.castrum.ee\/fi\/#organization"},"potentialAction":[{"@type":"SearchAction","target":{"@type":"EntryPoint","urlTemplate":"https:\/\/www.castrum.ee\/fi\/?s={search_term_string}"},"query-input":{"@type":"PropertyValueSpecification","valueRequired":true,"valueName":"search_term_string"}}],"inLanguage":"fi"},{"@type":"Organization","@id":"https:\/\/www.castrum.ee\/fi\/#organization","name":"Castrum Grupp O\u00dc","url":"https:\/\/www.castrum.ee\/fi\/","logo":{"@type":"ImageObject","inLanguage":"fi","@id":"https:\/\/www.castrum.ee\/fi\/#\/schema\/logo\/image\/","url":"https:\/\/www.castrum.ee\/wp-content\/uploads\/2025\/03\/Castrum-logo-500.png","contentUrl":"https:\/\/www.castrum.ee\/wp-content\/uploads\/2025\/03\/Castrum-logo-500.png","width":500,"height":250,"caption":"Castrum Grupp O\u00dc"},"image":{"@id":"https:\/\/www.castrum.ee\/fi\/#\/schema\/logo\/image\/"},"sameAs":["https:\/\/www.facebook.com\/castrum.ee"]}]}},"_links":{"self":[{"href":"https:\/\/www.castrum.ee\/fi\/wp-json\/wp\/v2\/product\/80343","targetHints":{"allow":["GET"]}}],"collection":[{"href":"https:\/\/www.castrum.ee\/fi\/wp-json\/wp\/v2\/product"}],"about":[{"href":"https:\/\/www.castrum.ee\/fi\/wp-json\/wp\/v2\/types\/product"}],"wp:featuredmedia":[{"embeddable":true,"href":"https:\/\/www.castrum.ee\/fi\/wp-json\/wp\/v2\/media\/19041"}],"wp:attachment":[{"href":"https:\/\/www.castrum.ee\/fi\/wp-json\/wp\/v2\/media?parent=80343"}],"wp:term":[{"taxonomy":"mark-ja-mudel","embeddable":true,"href":"https:\/\/www.castrum.ee\/fi\/wp-json\/wp\/v2\/mark-ja-mudel?post=80343"},{"taxonomy":"product_brand","embeddable":true,"href":"https:\/\/www.castrum.ee\/fi\/wp-json\/wp\/v2\/product_brand?post=80343"},{"taxonomy":"product_cat","embeddable":true,"href":"https:\/\/www.castrum.ee\/fi\/wp-json\/wp\/v2\/product_cat?post=80343"},{"taxonomy":"product_tag","embeddable":true,"href":"https:\/\/www.castrum.ee\/fi\/wp-json\/wp\/v2\/product_tag?post=80343"}],"curies":[{"name":"wp","href":"https:\/\/api.w.org\/{rel}","templated":true}]}}