{"id":80349,"date":"2025-09-23T09:53:37","date_gmt":"2025-09-23T06:53:37","guid":{"rendered":"https:\/\/www.castrum.ee\/toode\/2-rough-country-korotussarja-jeep-wrangler-tj-03-06-manuaali-qeoste\/"},"modified":"2026-05-12T15:27:54","modified_gmt":"2026-05-12T12:27:54","slug":"2-rough-country-korotussarja-jeep-wrangler-tj-03-06-manuaali","status":"publish","type":"product","link":"https:\/\/www.castrum.ee\/fi\/toode\/2-rough-country-korotussarja-jeep-wrangler-tj-03-06-manuaali\/","title":{"rendered":"2&#8243; Rough Country Korotussarja | JEEP Wrangler TJ [03 &#8211; 06] \/ manuaali vaihteisto"},"content":{"rendered":"<p><strong>2&#8243; korotussarja Jeep Wrangler TJ MANUAALIVAIHTEISTOLLA 2003\u20132006 malleille<\/strong><\/p>\n<ul>\n<li>Sopii 2003\u20132006 malleille<\/li>\n<li>Vain manuaalivaihteiston malleille<\/li>\n<li>2&#8243; korotuspalat<\/li>\n<li>Etumaskis\u00e4leik\u00f6n tukirakenteet<\/li>\n<li>J\u00e4\u00e4hdytt\u00e4j\u00e4n tukirakenteet<\/li>\n<li>Ohjaustangon v\u00e4lipalat<\/li>\n<li>Ohjausrihma jatko<\/li>\n<li>Ylivuotoputken jatkot<\/li>\n<li>Polttoainetankin t\u00e4ytt\u00f6aukon jatko<\/li>\n<li>Vaihteistonsiirto-ohjaimen tuki<\/li>\n<li>Kiinnitysosat<\/li>\n<\/ul>\n","protected":false},"excerpt":{"rendered":"<p>2 tuuman korotussarja Jeep Wrangler TJ -mallille vuosille 2003\u20132006 manuaalivaihteistolla. Sarja sopii OEM-j\u00e4rjestelm\u00e4n kanssa yhteensopivaksi.<\/p>\n","protected":false},"featured_media":19035,"template":"","meta":{"_acf_changed":false},"mark-ja-mudel":[],"product_brand":[1446,2081,1453],"product_cat":[1052,1060],"product_tag":[1125],"class_list":{"0":"post-80349","1":"product","2":"type-product","3":"status-publish","4":"has-post-thumbnail","6":"product_brand-jeep","7":"product_brand-rough-country-fi","8":"product_brand-wrangler","9":"product_cat-4x4-off-road-varusteet","10":"product_cat-korotussarjat","11":"product_tag-toimitusaika-1-viikko","13":"first","14":"instock","15":"taxable","16":"shipping-taxable","17":"purchasable","18":"product-type-simple"},"bundled_by":[],"bundle_stock_status":"instock","bundle_stock_quantity":null,"bundle_virtual":false,"bundle_layout":"","bundle_add_to_cart_form_location":"","bundle_editable_in_cart":false,"bundle_sold_individually_context":"","bundle_item_grouping":"","bundle_min_size":"","bundle_max_size":"","bundle_price":[],"bundled_items":[],"bundle_sell_ids":[],"acf":[],"yoast_head":"<!-- This site is optimized with the Yoast SEO plugin v27.5 - https:\/\/yoast.com\/product\/yoast-seo-wordpress\/ -->\n<title>2&quot; Rough Country Korotussarja | JEEP Wrangler TJ [03-06]<\/title>\n<meta name=\"description\" content=\"2&quot; Rough Country korotussarja Jeep Wrangler TJ 2003\u20132006 manuaalivaihteistolle. Alustasarja, jousisarja ja liftkit maastureihin. Castrum.fi\" \/>\n<meta name=\"robots\" content=\"index, follow, max-snippet:-1, max-image-preview:large, max-video-preview:-1\" \/>\n<link rel=\"canonical\" href=\"https:\/\/www.castrum.ee\/fi\/toode\/2-rough-country-korotussarja-jeep-wrangler-tj-03-06-manuaali\/\" \/>\n<meta property=\"og:locale\" content=\"fi_FI\" \/>\n<meta property=\"og:type\" content=\"article\" \/>\n<meta property=\"og:title\" content=\"2&quot; Rough Country Korotussarja | JEEP Wrangler TJ [03-06]\" \/>\n<meta property=\"og:description\" content=\"2&quot; Rough Country korotussarja Jeep Wrangler TJ 2003\u20132006 manuaalivaihteistolle. Alustasarja, jousisarja ja liftkit maastureihin. Castrum.fi\" \/>\n<meta property=\"og:url\" content=\"https:\/\/www.castrum.ee\/fi\/toode\/2-rough-country-korotussarja-jeep-wrangler-tj-03-06-manuaali\/\" \/>\n<meta property=\"og:site_name\" content=\"Castrum\" \/>\n<meta property=\"article:publisher\" content=\"https:\/\/www.facebook.com\/castrum.ee\" \/>\n<meta property=\"article:modified_time\" content=\"2026-05-12T12:27:54+00:00\" \/>\n<meta property=\"og:image\" content=\"https:\/\/www.castrum.ee\/wp-content\/uploads\/2025\/09\/FE3731AB-31E6-4E55-9927-877645FBEBBD.jpeg\" \/>\n\t<meta property=\"og:image:width\" content=\"600\" \/>\n\t<meta property=\"og:image:height\" content=\"600\" \/>\n\t<meta property=\"og:image:type\" content=\"image\/jpeg\" \/>\n<meta name=\"twitter:card\" content=\"summary_large_image\" \/>\n<script type=\"application\/ld+json\" class=\"yoast-schema-graph\">{\"@context\":\"https:\\\/\\\/schema.org\",\"@graph\":[{\"@type\":\"WebPage\",\"@id\":\"https:\\\/\\\/www.castrum.ee\\\/fi\\\/toode\\\/2-rough-country-korotussarja-jeep-wrangler-tj-03-06-manuaali\\\/\",\"url\":\"https:\\\/\\\/www.castrum.ee\\\/fi\\\/toode\\\/2-rough-country-korotussarja-jeep-wrangler-tj-03-06-manuaali\\\/\",\"name\":\"2\\\" Rough Country Korotussarja | JEEP Wrangler TJ [03-06]\",\"isPartOf\":{\"@id\":\"https:\\\/\\\/www.castrum.ee\\\/fi\\\/#website\"},\"primaryImageOfPage\":{\"@id\":\"https:\\\/\\\/www.castrum.ee\\\/fi\\\/toode\\\/2-rough-country-korotussarja-jeep-wrangler-tj-03-06-manuaali\\\/#primaryimage\"},\"image\":{\"@id\":\"https:\\\/\\\/www.castrum.ee\\\/fi\\\/toode\\\/2-rough-country-korotussarja-jeep-wrangler-tj-03-06-manuaali\\\/#primaryimage\"},\"thumbnailUrl\":\"https:\\\/\\\/www.castrum.ee\\\/wp-content\\\/uploads\\\/2025\\\/09\\\/FE3731AB-31E6-4E55-9927-877645FBEBBD.jpeg\",\"datePublished\":\"2025-09-23T06:53:37+00:00\",\"dateModified\":\"2026-05-12T12:27:54+00:00\",\"description\":\"2\\\" Rough Country korotussarja Jeep Wrangler TJ 2003\u20132006 manuaalivaihteistolle. Alustasarja, jousisarja ja liftkit maastureihin. Castrum.fi\",\"breadcrumb\":{\"@id\":\"https:\\\/\\\/www.castrum.ee\\\/fi\\\/toode\\\/2-rough-country-korotussarja-jeep-wrangler-tj-03-06-manuaali\\\/#breadcrumb\"},\"inLanguage\":\"fi\",\"potentialAction\":[{\"@type\":\"ReadAction\",\"target\":[\"https:\\\/\\\/www.castrum.ee\\\/fi\\\/toode\\\/2-rough-country-korotussarja-jeep-wrangler-tj-03-06-manuaali\\\/\"]}]},{\"@type\":\"ImageObject\",\"inLanguage\":\"fi\",\"@id\":\"https:\\\/\\\/www.castrum.ee\\\/fi\\\/toode\\\/2-rough-country-korotussarja-jeep-wrangler-tj-03-06-manuaali\\\/#primaryimage\",\"url\":\"https:\\\/\\\/www.castrum.ee\\\/wp-content\\\/uploads\\\/2025\\\/09\\\/FE3731AB-31E6-4E55-9927-877645FBEBBD.jpeg\",\"contentUrl\":\"https:\\\/\\\/www.castrum.ee\\\/wp-content\\\/uploads\\\/2025\\\/09\\\/FE3731AB-31E6-4E55-9927-877645FBEBBD.jpeg\",\"width\":600,\"height\":600},{\"@type\":\"BreadcrumbList\",\"@id\":\"https:\\\/\\\/www.castrum.ee\\\/fi\\\/toode\\\/2-rough-country-korotussarja-jeep-wrangler-tj-03-06-manuaali\\\/#breadcrumb\",\"itemListElement\":[{\"@type\":\"ListItem\",\"position\":1,\"name\":\"Home\",\"item\":\"https:\\\/\\\/www.castrum.ee\\\/fi\\\/kotisivu\\\/\"},{\"@type\":\"ListItem\",\"position\":2,\"name\":\"Verkkokauppa\",\"item\":\"https:\\\/\\\/www.castrum.ee\\\/fi\\\/kauppa\\\/\"},{\"@type\":\"ListItem\",\"position\":3,\"name\":\"2&#8243; Rough Country Korotussarja | JEEP Wrangler TJ [03 &#8211; 06] \\\/ manuaali vaihteisto\"}]},{\"@type\":\"WebSite\",\"@id\":\"https:\\\/\\\/www.castrum.ee\\\/fi\\\/#website\",\"url\":\"https:\\\/\\\/www.castrum.ee\\\/fi\\\/\",\"name\":\"Castrum\",\"description\":\"Maastoautojen, henkil\u00f6autojen ja pienvaunujen lis\u00e4varusteet\",\"publisher\":{\"@id\":\"https:\\\/\\\/www.castrum.ee\\\/fi\\\/#organization\"},\"potentialAction\":[{\"@type\":\"SearchAction\",\"target\":{\"@type\":\"EntryPoint\",\"urlTemplate\":\"https:\\\/\\\/www.castrum.ee\\\/fi\\\/?s={search_term_string}\"},\"query-input\":{\"@type\":\"PropertyValueSpecification\",\"valueRequired\":true,\"valueName\":\"search_term_string\"}}],\"inLanguage\":\"fi\"},{\"@type\":\"Organization\",\"@id\":\"https:\\\/\\\/www.castrum.ee\\\/fi\\\/#organization\",\"name\":\"Castrum Grupp O\u00dc\",\"url\":\"https:\\\/\\\/www.castrum.ee\\\/fi\\\/\",\"logo\":{\"@type\":\"ImageObject\",\"inLanguage\":\"fi\",\"@id\":\"https:\\\/\\\/www.castrum.ee\\\/fi\\\/#\\\/schema\\\/logo\\\/image\\\/\",\"url\":\"https:\\\/\\\/www.castrum.ee\\\/wp-content\\\/uploads\\\/2025\\\/03\\\/Castrum-logo-500.png\",\"contentUrl\":\"https:\\\/\\\/www.castrum.ee\\\/wp-content\\\/uploads\\\/2025\\\/03\\\/Castrum-logo-500.png\",\"width\":500,\"height\":250,\"caption\":\"Castrum Grupp O\u00dc\"},\"image\":{\"@id\":\"https:\\\/\\\/www.castrum.ee\\\/fi\\\/#\\\/schema\\\/logo\\\/image\\\/\"},\"sameAs\":[\"https:\\\/\\\/www.facebook.com\\\/castrum.ee\"]}]}<\/script>\n<!-- \/ Yoast SEO plugin. -->","yoast_head_json":{"title":"2\" Rough Country Korotussarja | JEEP Wrangler TJ [03-06]","description":"2\" Rough Country korotussarja Jeep Wrangler TJ 2003\u20132006 manuaalivaihteistolle. Alustasarja, jousisarja ja liftkit maastureihin. Castrum.fi","robots":{"index":"index","follow":"follow","max-snippet":"max-snippet:-1","max-image-preview":"max-image-preview:large","max-video-preview":"max-video-preview:-1"},"canonical":"https:\/\/www.castrum.ee\/fi\/toode\/2-rough-country-korotussarja-jeep-wrangler-tj-03-06-manuaali\/","og_locale":"fi_FI","og_type":"article","og_title":"2\" Rough Country Korotussarja | JEEP Wrangler TJ [03-06]","og_description":"2\" Rough Country korotussarja Jeep Wrangler TJ 2003\u20132006 manuaalivaihteistolle. Alustasarja, jousisarja ja liftkit maastureihin. Castrum.fi","og_url":"https:\/\/www.castrum.ee\/fi\/toode\/2-rough-country-korotussarja-jeep-wrangler-tj-03-06-manuaali\/","og_site_name":"Castrum","article_publisher":"https:\/\/www.facebook.com\/castrum.ee","article_modified_time":"2026-05-12T12:27:54+00:00","og_image":[{"width":600,"height":600,"url":"https:\/\/www.castrum.ee\/wp-content\/uploads\/2025\/09\/FE3731AB-31E6-4E55-9927-877645FBEBBD.jpeg","type":"image\/jpeg"}],"twitter_card":"summary_large_image","schema":{"@context":"https:\/\/schema.org","@graph":[{"@type":"WebPage","@id":"https:\/\/www.castrum.ee\/fi\/toode\/2-rough-country-korotussarja-jeep-wrangler-tj-03-06-manuaali\/","url":"https:\/\/www.castrum.ee\/fi\/toode\/2-rough-country-korotussarja-jeep-wrangler-tj-03-06-manuaali\/","name":"2\" Rough Country Korotussarja | JEEP Wrangler TJ [03-06]","isPartOf":{"@id":"https:\/\/www.castrum.ee\/fi\/#website"},"primaryImageOfPage":{"@id":"https:\/\/www.castrum.ee\/fi\/toode\/2-rough-country-korotussarja-jeep-wrangler-tj-03-06-manuaali\/#primaryimage"},"image":{"@id":"https:\/\/www.castrum.ee\/fi\/toode\/2-rough-country-korotussarja-jeep-wrangler-tj-03-06-manuaali\/#primaryimage"},"thumbnailUrl":"https:\/\/www.castrum.ee\/wp-content\/uploads\/2025\/09\/FE3731AB-31E6-4E55-9927-877645FBEBBD.jpeg","datePublished":"2025-09-23T06:53:37+00:00","dateModified":"2026-05-12T12:27:54+00:00","description":"2\" Rough Country korotussarja Jeep Wrangler TJ 2003\u20132006 manuaalivaihteistolle. Alustasarja, jousisarja ja liftkit maastureihin. Castrum.fi","breadcrumb":{"@id":"https:\/\/www.castrum.ee\/fi\/toode\/2-rough-country-korotussarja-jeep-wrangler-tj-03-06-manuaali\/#breadcrumb"},"inLanguage":"fi","potentialAction":[{"@type":"ReadAction","target":["https:\/\/www.castrum.ee\/fi\/toode\/2-rough-country-korotussarja-jeep-wrangler-tj-03-06-manuaali\/"]}]},{"@type":"ImageObject","inLanguage":"fi","@id":"https:\/\/www.castrum.ee\/fi\/toode\/2-rough-country-korotussarja-jeep-wrangler-tj-03-06-manuaali\/#primaryimage","url":"https:\/\/www.castrum.ee\/wp-content\/uploads\/2025\/09\/FE3731AB-31E6-4E55-9927-877645FBEBBD.jpeg","contentUrl":"https:\/\/www.castrum.ee\/wp-content\/uploads\/2025\/09\/FE3731AB-31E6-4E55-9927-877645FBEBBD.jpeg","width":600,"height":600},{"@type":"BreadcrumbList","@id":"https:\/\/www.castrum.ee\/fi\/toode\/2-rough-country-korotussarja-jeep-wrangler-tj-03-06-manuaali\/#breadcrumb","itemListElement":[{"@type":"ListItem","position":1,"name":"Home","item":"https:\/\/www.castrum.ee\/fi\/kotisivu\/"},{"@type":"ListItem","position":2,"name":"Verkkokauppa","item":"https:\/\/www.castrum.ee\/fi\/kauppa\/"},{"@type":"ListItem","position":3,"name":"2&#8243; Rough Country Korotussarja | JEEP Wrangler TJ [03 &#8211; 06] \/ manuaali vaihteisto"}]},{"@type":"WebSite","@id":"https:\/\/www.castrum.ee\/fi\/#website","url":"https:\/\/www.castrum.ee\/fi\/","name":"Castrum","description":"Maastoautojen, henkil\u00f6autojen ja pienvaunujen lis\u00e4varusteet","publisher":{"@id":"https:\/\/www.castrum.ee\/fi\/#organization"},"potentialAction":[{"@type":"SearchAction","target":{"@type":"EntryPoint","urlTemplate":"https:\/\/www.castrum.ee\/fi\/?s={search_term_string}"},"query-input":{"@type":"PropertyValueSpecification","valueRequired":true,"valueName":"search_term_string"}}],"inLanguage":"fi"},{"@type":"Organization","@id":"https:\/\/www.castrum.ee\/fi\/#organization","name":"Castrum Grupp O\u00dc","url":"https:\/\/www.castrum.ee\/fi\/","logo":{"@type":"ImageObject","inLanguage":"fi","@id":"https:\/\/www.castrum.ee\/fi\/#\/schema\/logo\/image\/","url":"https:\/\/www.castrum.ee\/wp-content\/uploads\/2025\/03\/Castrum-logo-500.png","contentUrl":"https:\/\/www.castrum.ee\/wp-content\/uploads\/2025\/03\/Castrum-logo-500.png","width":500,"height":250,"caption":"Castrum Grupp O\u00dc"},"image":{"@id":"https:\/\/www.castrum.ee\/fi\/#\/schema\/logo\/image\/"},"sameAs":["https:\/\/www.facebook.com\/castrum.ee"]}]}},"_links":{"self":[{"href":"https:\/\/www.castrum.ee\/fi\/wp-json\/wp\/v2\/product\/80349","targetHints":{"allow":["GET"]}}],"collection":[{"href":"https:\/\/www.castrum.ee\/fi\/wp-json\/wp\/v2\/product"}],"about":[{"href":"https:\/\/www.castrum.ee\/fi\/wp-json\/wp\/v2\/types\/product"}],"wp:featuredmedia":[{"embeddable":true,"href":"https:\/\/www.castrum.ee\/fi\/wp-json\/wp\/v2\/media\/19035"}],"wp:attachment":[{"href":"https:\/\/www.castrum.ee\/fi\/wp-json\/wp\/v2\/media?parent=80349"}],"wp:term":[{"taxonomy":"mark-ja-mudel","embeddable":true,"href":"https:\/\/www.castrum.ee\/fi\/wp-json\/wp\/v2\/mark-ja-mudel?post=80349"},{"taxonomy":"product_brand","embeddable":true,"href":"https:\/\/www.castrum.ee\/fi\/wp-json\/wp\/v2\/product_brand?post=80349"},{"taxonomy":"product_cat","embeddable":true,"href":"https:\/\/www.castrum.ee\/fi\/wp-json\/wp\/v2\/product_cat?post=80349"},{"taxonomy":"product_tag","embeddable":true,"href":"https:\/\/www.castrum.ee\/fi\/wp-json\/wp\/v2\/product_tag?post=80349"}],"curies":[{"name":"wp","href":"https:\/\/api.w.org\/{rel}","templated":true}]}}