{"id":80352,"date":"2025-09-23T09:53:36","date_gmt":"2025-09-23T06:53:36","guid":{"rendered":"https:\/\/www.castrum.ee\/toode\/2-ironman-4x4-korotussarja-nissan-navara-d40-9fmjau\/"},"modified":"2026-05-12T15:27:51","modified_gmt":"2026-05-12T12:27:51","slug":"2-ironman-4x4-korotussarja-nissan-navara-d40","status":"publish","type":"product","link":"https:\/\/www.castrum.ee\/fi\/toode\/2-ironman-4x4-korotussarja-nissan-navara-d40\/","title":{"rendered":"2&#8243; Ironman 4&#215;4 korotussarja | Nissan Navara D40"},"content":{"rendered":"<p>Ironman 4&#215;4 korotussarja +45mm Nissan D40:lle<\/p>\n<p>Sarjaan kuuluu:<\/p>\n<ul>\n<li>Etummaisen iskunvaimentimet<\/li>\n<li>Jouset (eteen kierrejouset 2 kpl ja takana lehtijouset 2 kpl)<\/li>\n<li>Tukivarret<\/li>\n<li>Kiinnittimet<\/li>\n<\/ul>\n<p>T\u00e4ll\u00e4 hetkell\u00e4 sarjasta puuttuvat takimmaiset iskunvaimentimet, mutta ne voidaan tilata erikseen halutessa.<\/p>\n","protected":false},"excerpt":{"rendered":"<p>2 tuuman korotussarja Nissan Navara D40 -mallille (2003\u20132014).<\/p>\n","protected":false},"featured_media":19029,"template":"","meta":{"_acf_changed":false},"mark-ja-mudel":[],"product_brand":[2090,1298,1297],"product_cat":[1052,1060],"product_tag":[1125],"class_list":{"0":"post-80352","1":"product","2":"type-product","3":"status-publish","4":"has-post-thumbnail","6":"product_brand-ironman-4x4-fi","7":"product_brand-navara","8":"product_brand-nissan","9":"product_cat-4x4-off-road-varusteet","10":"product_cat-korotussarjat","11":"product_tag-toimitusaika-1-viikko","13":"first","14":"instock","15":"taxable","16":"shipping-taxable","17":"purchasable","18":"product-type-simple"},"bundled_by":[],"bundle_stock_status":"instock","bundle_stock_quantity":null,"bundle_virtual":false,"bundle_layout":"","bundle_add_to_cart_form_location":"","bundle_editable_in_cart":false,"bundle_sold_individually_context":"","bundle_item_grouping":"","bundle_min_size":"","bundle_max_size":"","bundle_price":[],"bundled_items":[],"bundle_sell_ids":[],"acf":[],"yoast_head":"<!-- This site is optimized with the Yoast SEO plugin v27.5 - https:\/\/yoast.com\/product\/yoast-seo-wordpress\/ -->\n<title>Ironman 4x4 korotussarja | Nissan Navara D40 | Castrum<\/title>\n<meta name=\"description\" content=\"Ironman 4x4 korotussarja +45mm Nissan D40:lle. Alustasarja ja liftkit maastoautoihin. Laaja 4x4-lisavarustus.\" \/>\n<meta name=\"robots\" content=\"index, follow, max-snippet:-1, max-image-preview:large, max-video-preview:-1\" \/>\n<link rel=\"canonical\" href=\"https:\/\/www.castrum.ee\/fi\/toode\/2-ironman-4x4-korotussarja-nissan-navara-d40\/\" \/>\n<meta property=\"og:locale\" content=\"fi_FI\" \/>\n<meta property=\"og:type\" content=\"article\" \/>\n<meta property=\"og:title\" content=\"Ironman 4x4 korotussarja | Nissan Navara D40 | Castrum\" \/>\n<meta property=\"og:description\" content=\"Ironman 4x4 korotussarja +45mm Nissan D40:lle. Alustasarja ja liftkit maastoautoihin. Laaja 4x4-lisavarustus.\" \/>\n<meta property=\"og:url\" content=\"https:\/\/www.castrum.ee\/fi\/toode\/2-ironman-4x4-korotussarja-nissan-navara-d40\/\" \/>\n<meta property=\"og:site_name\" content=\"Castrum\" \/>\n<meta property=\"article:publisher\" content=\"https:\/\/www.facebook.com\/castrum.ee\" \/>\n<meta property=\"article:modified_time\" content=\"2026-05-12T12:27:51+00:00\" \/>\n<meta property=\"og:image\" content=\"https:\/\/www.castrum.ee\/wp-content\/uploads\/2025\/09\/2D3C3B8E-6228-43EC-BEB0-0194F8105C45.jpeg\" \/>\n\t<meta property=\"og:image:width\" content=\"600\" \/>\n\t<meta property=\"og:image:height\" content=\"600\" \/>\n\t<meta property=\"og:image:type\" content=\"image\/jpeg\" \/>\n<meta name=\"twitter:card\" content=\"summary_large_image\" \/>\n<script type=\"application\/ld+json\" class=\"yoast-schema-graph\">{\"@context\":\"https:\\\/\\\/schema.org\",\"@graph\":[{\"@type\":\"WebPage\",\"@id\":\"https:\\\/\\\/www.castrum.ee\\\/fi\\\/toode\\\/2-ironman-4x4-korotussarja-nissan-navara-d40\\\/\",\"url\":\"https:\\\/\\\/www.castrum.ee\\\/fi\\\/toode\\\/2-ironman-4x4-korotussarja-nissan-navara-d40\\\/\",\"name\":\"Ironman 4x4 korotussarja | Nissan Navara D40 | Castrum\",\"isPartOf\":{\"@id\":\"https:\\\/\\\/www.castrum.ee\\\/fi\\\/#website\"},\"primaryImageOfPage\":{\"@id\":\"https:\\\/\\\/www.castrum.ee\\\/fi\\\/toode\\\/2-ironman-4x4-korotussarja-nissan-navara-d40\\\/#primaryimage\"},\"image\":{\"@id\":\"https:\\\/\\\/www.castrum.ee\\\/fi\\\/toode\\\/2-ironman-4x4-korotussarja-nissan-navara-d40\\\/#primaryimage\"},\"thumbnailUrl\":\"https:\\\/\\\/www.castrum.ee\\\/wp-content\\\/uploads\\\/2025\\\/09\\\/2D3C3B8E-6228-43EC-BEB0-0194F8105C45.jpeg\",\"datePublished\":\"2025-09-23T06:53:36+00:00\",\"dateModified\":\"2026-05-12T12:27:51+00:00\",\"description\":\"Ironman 4x4 korotussarja +45mm Nissan D40:lle. Alustasarja ja liftkit maastoautoihin. Laaja 4x4-lisavarustus.\",\"breadcrumb\":{\"@id\":\"https:\\\/\\\/www.castrum.ee\\\/fi\\\/toode\\\/2-ironman-4x4-korotussarja-nissan-navara-d40\\\/#breadcrumb\"},\"inLanguage\":\"fi\",\"potentialAction\":[{\"@type\":\"ReadAction\",\"target\":[\"https:\\\/\\\/www.castrum.ee\\\/fi\\\/toode\\\/2-ironman-4x4-korotussarja-nissan-navara-d40\\\/\"]}]},{\"@type\":\"ImageObject\",\"inLanguage\":\"fi\",\"@id\":\"https:\\\/\\\/www.castrum.ee\\\/fi\\\/toode\\\/2-ironman-4x4-korotussarja-nissan-navara-d40\\\/#primaryimage\",\"url\":\"https:\\\/\\\/www.castrum.ee\\\/wp-content\\\/uploads\\\/2025\\\/09\\\/2D3C3B8E-6228-43EC-BEB0-0194F8105C45.jpeg\",\"contentUrl\":\"https:\\\/\\\/www.castrum.ee\\\/wp-content\\\/uploads\\\/2025\\\/09\\\/2D3C3B8E-6228-43EC-BEB0-0194F8105C45.jpeg\",\"width\":600,\"height\":600},{\"@type\":\"BreadcrumbList\",\"@id\":\"https:\\\/\\\/www.castrum.ee\\\/fi\\\/toode\\\/2-ironman-4x4-korotussarja-nissan-navara-d40\\\/#breadcrumb\",\"itemListElement\":[{\"@type\":\"ListItem\",\"position\":1,\"name\":\"Home\",\"item\":\"https:\\\/\\\/www.castrum.ee\\\/fi\\\/kotisivu\\\/\"},{\"@type\":\"ListItem\",\"position\":2,\"name\":\"Verkkokauppa\",\"item\":\"https:\\\/\\\/www.castrum.ee\\\/fi\\\/kauppa\\\/\"},{\"@type\":\"ListItem\",\"position\":3,\"name\":\"2&#8243; Ironman 4&#215;4 korotussarja | Nissan Navara D40\"}]},{\"@type\":\"WebSite\",\"@id\":\"https:\\\/\\\/www.castrum.ee\\\/fi\\\/#website\",\"url\":\"https:\\\/\\\/www.castrum.ee\\\/fi\\\/\",\"name\":\"Castrum\",\"description\":\"Maastoautojen, henkil\u00f6autojen ja pienvaunujen lis\u00e4varusteet\",\"publisher\":{\"@id\":\"https:\\\/\\\/www.castrum.ee\\\/fi\\\/#organization\"},\"potentialAction\":[{\"@type\":\"SearchAction\",\"target\":{\"@type\":\"EntryPoint\",\"urlTemplate\":\"https:\\\/\\\/www.castrum.ee\\\/fi\\\/?s={search_term_string}\"},\"query-input\":{\"@type\":\"PropertyValueSpecification\",\"valueRequired\":true,\"valueName\":\"search_term_string\"}}],\"inLanguage\":\"fi\"},{\"@type\":\"Organization\",\"@id\":\"https:\\\/\\\/www.castrum.ee\\\/fi\\\/#organization\",\"name\":\"Castrum Grupp O\u00dc\",\"url\":\"https:\\\/\\\/www.castrum.ee\\\/fi\\\/\",\"logo\":{\"@type\":\"ImageObject\",\"inLanguage\":\"fi\",\"@id\":\"https:\\\/\\\/www.castrum.ee\\\/fi\\\/#\\\/schema\\\/logo\\\/image\\\/\",\"url\":\"https:\\\/\\\/www.castrum.ee\\\/wp-content\\\/uploads\\\/2025\\\/03\\\/Castrum-logo-500.png\",\"contentUrl\":\"https:\\\/\\\/www.castrum.ee\\\/wp-content\\\/uploads\\\/2025\\\/03\\\/Castrum-logo-500.png\",\"width\":500,\"height\":250,\"caption\":\"Castrum Grupp O\u00dc\"},\"image\":{\"@id\":\"https:\\\/\\\/www.castrum.ee\\\/fi\\\/#\\\/schema\\\/logo\\\/image\\\/\"},\"sameAs\":[\"https:\\\/\\\/www.facebook.com\\\/castrum.ee\"]}]}<\/script>\n<!-- \/ Yoast SEO plugin. -->","yoast_head_json":{"title":"Ironman 4x4 korotussarja | Nissan Navara D40 | Castrum","description":"Ironman 4x4 korotussarja +45mm Nissan D40:lle. Alustasarja ja liftkit maastoautoihin. Laaja 4x4-lisavarustus.","robots":{"index":"index","follow":"follow","max-snippet":"max-snippet:-1","max-image-preview":"max-image-preview:large","max-video-preview":"max-video-preview:-1"},"canonical":"https:\/\/www.castrum.ee\/fi\/toode\/2-ironman-4x4-korotussarja-nissan-navara-d40\/","og_locale":"fi_FI","og_type":"article","og_title":"Ironman 4x4 korotussarja | Nissan Navara D40 | Castrum","og_description":"Ironman 4x4 korotussarja +45mm Nissan D40:lle. Alustasarja ja liftkit maastoautoihin. Laaja 4x4-lisavarustus.","og_url":"https:\/\/www.castrum.ee\/fi\/toode\/2-ironman-4x4-korotussarja-nissan-navara-d40\/","og_site_name":"Castrum","article_publisher":"https:\/\/www.facebook.com\/castrum.ee","article_modified_time":"2026-05-12T12:27:51+00:00","og_image":[{"width":600,"height":600,"url":"https:\/\/www.castrum.ee\/wp-content\/uploads\/2025\/09\/2D3C3B8E-6228-43EC-BEB0-0194F8105C45.jpeg","type":"image\/jpeg"}],"twitter_card":"summary_large_image","schema":{"@context":"https:\/\/schema.org","@graph":[{"@type":"WebPage","@id":"https:\/\/www.castrum.ee\/fi\/toode\/2-ironman-4x4-korotussarja-nissan-navara-d40\/","url":"https:\/\/www.castrum.ee\/fi\/toode\/2-ironman-4x4-korotussarja-nissan-navara-d40\/","name":"Ironman 4x4 korotussarja | Nissan Navara D40 | Castrum","isPartOf":{"@id":"https:\/\/www.castrum.ee\/fi\/#website"},"primaryImageOfPage":{"@id":"https:\/\/www.castrum.ee\/fi\/toode\/2-ironman-4x4-korotussarja-nissan-navara-d40\/#primaryimage"},"image":{"@id":"https:\/\/www.castrum.ee\/fi\/toode\/2-ironman-4x4-korotussarja-nissan-navara-d40\/#primaryimage"},"thumbnailUrl":"https:\/\/www.castrum.ee\/wp-content\/uploads\/2025\/09\/2D3C3B8E-6228-43EC-BEB0-0194F8105C45.jpeg","datePublished":"2025-09-23T06:53:36+00:00","dateModified":"2026-05-12T12:27:51+00:00","description":"Ironman 4x4 korotussarja +45mm Nissan D40:lle. Alustasarja ja liftkit maastoautoihin. Laaja 4x4-lisavarustus.","breadcrumb":{"@id":"https:\/\/www.castrum.ee\/fi\/toode\/2-ironman-4x4-korotussarja-nissan-navara-d40\/#breadcrumb"},"inLanguage":"fi","potentialAction":[{"@type":"ReadAction","target":["https:\/\/www.castrum.ee\/fi\/toode\/2-ironman-4x4-korotussarja-nissan-navara-d40\/"]}]},{"@type":"ImageObject","inLanguage":"fi","@id":"https:\/\/www.castrum.ee\/fi\/toode\/2-ironman-4x4-korotussarja-nissan-navara-d40\/#primaryimage","url":"https:\/\/www.castrum.ee\/wp-content\/uploads\/2025\/09\/2D3C3B8E-6228-43EC-BEB0-0194F8105C45.jpeg","contentUrl":"https:\/\/www.castrum.ee\/wp-content\/uploads\/2025\/09\/2D3C3B8E-6228-43EC-BEB0-0194F8105C45.jpeg","width":600,"height":600},{"@type":"BreadcrumbList","@id":"https:\/\/www.castrum.ee\/fi\/toode\/2-ironman-4x4-korotussarja-nissan-navara-d40\/#breadcrumb","itemListElement":[{"@type":"ListItem","position":1,"name":"Home","item":"https:\/\/www.castrum.ee\/fi\/kotisivu\/"},{"@type":"ListItem","position":2,"name":"Verkkokauppa","item":"https:\/\/www.castrum.ee\/fi\/kauppa\/"},{"@type":"ListItem","position":3,"name":"2&#8243; Ironman 4&#215;4 korotussarja | Nissan Navara D40"}]},{"@type":"WebSite","@id":"https:\/\/www.castrum.ee\/fi\/#website","url":"https:\/\/www.castrum.ee\/fi\/","name":"Castrum","description":"Maastoautojen, henkil\u00f6autojen ja pienvaunujen lis\u00e4varusteet","publisher":{"@id":"https:\/\/www.castrum.ee\/fi\/#organization"},"potentialAction":[{"@type":"SearchAction","target":{"@type":"EntryPoint","urlTemplate":"https:\/\/www.castrum.ee\/fi\/?s={search_term_string}"},"query-input":{"@type":"PropertyValueSpecification","valueRequired":true,"valueName":"search_term_string"}}],"inLanguage":"fi"},{"@type":"Organization","@id":"https:\/\/www.castrum.ee\/fi\/#organization","name":"Castrum Grupp O\u00dc","url":"https:\/\/www.castrum.ee\/fi\/","logo":{"@type":"ImageObject","inLanguage":"fi","@id":"https:\/\/www.castrum.ee\/fi\/#\/schema\/logo\/image\/","url":"https:\/\/www.castrum.ee\/wp-content\/uploads\/2025\/03\/Castrum-logo-500.png","contentUrl":"https:\/\/www.castrum.ee\/wp-content\/uploads\/2025\/03\/Castrum-logo-500.png","width":500,"height":250,"caption":"Castrum Grupp O\u00dc"},"image":{"@id":"https:\/\/www.castrum.ee\/fi\/#\/schema\/logo\/image\/"},"sameAs":["https:\/\/www.facebook.com\/castrum.ee"]}]}},"_links":{"self":[{"href":"https:\/\/www.castrum.ee\/fi\/wp-json\/wp\/v2\/product\/80352","targetHints":{"allow":["GET"]}}],"collection":[{"href":"https:\/\/www.castrum.ee\/fi\/wp-json\/wp\/v2\/product"}],"about":[{"href":"https:\/\/www.castrum.ee\/fi\/wp-json\/wp\/v2\/types\/product"}],"wp:featuredmedia":[{"embeddable":true,"href":"https:\/\/www.castrum.ee\/fi\/wp-json\/wp\/v2\/media\/19029"}],"wp:attachment":[{"href":"https:\/\/www.castrum.ee\/fi\/wp-json\/wp\/v2\/media?parent=80352"}],"wp:term":[{"taxonomy":"mark-ja-mudel","embeddable":true,"href":"https:\/\/www.castrum.ee\/fi\/wp-json\/wp\/v2\/mark-ja-mudel?post=80352"},{"taxonomy":"product_brand","embeddable":true,"href":"https:\/\/www.castrum.ee\/fi\/wp-json\/wp\/v2\/product_brand?post=80352"},{"taxonomy":"product_cat","embeddable":true,"href":"https:\/\/www.castrum.ee\/fi\/wp-json\/wp\/v2\/product_cat?post=80352"},{"taxonomy":"product_tag","embeddable":true,"href":"https:\/\/www.castrum.ee\/fi\/wp-json\/wp\/v2\/product_tag?post=80352"}],"curies":[{"name":"wp","href":"https:\/\/api.w.org\/{rel}","templated":true}]}}