{"id":80367,"date":"2026-04-29T15:31:30","date_gmt":"2026-04-29T12:31:30","guid":{"rendered":"https:\/\/www.castrum.ee\/toode\/vanteet-rockstar-i-18x9-mustat-1-kpl-stc4hm\/"},"modified":"2026-04-29T15:31:30","modified_gmt":"2026-04-29T12:31:30","slug":"vanteet-rockstar-i-18x9-mustat-1-kpl","status":"publish","type":"product","link":"https:\/\/www.castrum.ee\/fi\/toode\/vanteet-rockstar-i-18x9-mustat-1-kpl\/","title":{"rendered":"Vanteet Rockstar I 18X9, mustat, 1 kpl"},"content":{"rendered":"","protected":false},"excerpt":{"rendered":"<p>XD Wheels vanteet on valmistettu USA:ssa ja suunniteltu maastoautoille tyylikk\u00e4\u00e4mm\u00e4n ja aggressiivisemman ilmeen antamiseksi<\/p>\n","protected":false},"featured_media":18922,"template":"","meta":{"_acf_changed":false},"mark-ja-mudel":[],"product_brand":[1276,1295,1286,1278,1294,1285,1282,1284,1298,1297,1287,1277,1275,1296],"product_cat":[1101],"product_tag":[],"class_list":{"0":"post-80367","1":"product","2":"type-product","3":"status-publish","4":"has-post-thumbnail","6":"product_brand-amarok","7":"product_brand-d-max","8":"product_brand-ford","9":"product_brand-hilux","10":"product_brand-isuzu","11":"product_brand-l200","12":"product_brand-mercedes-benz","13":"product_brand-mitsubishi","14":"product_brand-navara","15":"product_brand-nissan","16":"product_brand-ranger","17":"product_brand-toyota","18":"product_brand-volkswagen","19":"product_brand-x-class","20":"product_cat-vanteet","22":"first","23":"instock","24":"taxable","25":"shipping-taxable","26":"purchasable","27":"product-type-variable"},"bundled_by":[],"bundle_stock_status":"instock","bundle_stock_quantity":null,"bundle_virtual":false,"bundle_layout":"","bundle_add_to_cart_form_location":"","bundle_editable_in_cart":false,"bundle_sold_individually_context":"","bundle_item_grouping":"","bundle_min_size":"","bundle_max_size":"","bundle_price":[],"bundled_items":[],"bundle_sell_ids":[],"acf":[],"yoast_head":"<!-- This site is optimized with the Yoast SEO plugin v27.3 - https:\/\/yoast.com\/product\/yoast-seo-wordpress\/ -->\n<title>Vanteet Rockstar I 18X9, mustat, 1 kpl | Vanteet<\/title>\n<meta name=\"description\" content=\"Vanteet Rockstar I 18X9, mustat, 1 kpl. XD Wheels vanteet maastoautoihin. Korkealaatuiset vanteet ja renkaat.\" \/>\n<meta name=\"robots\" content=\"index, follow, max-snippet:-1, max-image-preview:large, max-video-preview:-1\" \/>\n<link rel=\"canonical\" href=\"https:\/\/www.castrum.ee\/fi\/toode\/vanteet-rockstar-i-18x9-mustat-1-kpl\/\" \/>\n<meta property=\"og:locale\" content=\"fi_FI\" \/>\n<meta property=\"og:type\" content=\"article\" \/>\n<meta property=\"og:title\" content=\"Vanteet Rockstar I 18X9, mustat, 1 kpl | Vanteet\" \/>\n<meta property=\"og:description\" content=\"Vanteet Rockstar I 18X9, mustat, 1 kpl. XD Wheels vanteet maastoautoihin. Korkealaatuiset vanteet ja renkaat.\" \/>\n<meta property=\"og:url\" content=\"https:\/\/www.castrum.ee\/fi\/toode\/vanteet-rockstar-i-18x9-mustat-1-kpl\/\" \/>\n<meta property=\"og:site_name\" content=\"Castrum\" \/>\n<meta property=\"article:publisher\" content=\"https:\/\/www.facebook.com\/castrum.ee\" \/>\n<meta property=\"og:image\" content=\"https:\/\/www.castrum.ee\/wp-content\/uploads\/2025\/09\/Felni-Rockstar1-Black.jpg\" \/>\n\t<meta property=\"og:image:width\" content=\"1000\" \/>\n\t<meta property=\"og:image:height\" content=\"1000\" \/>\n\t<meta property=\"og:image:type\" content=\"image\/jpeg\" \/>\n<meta name=\"twitter:card\" content=\"summary_large_image\" \/>\n<script type=\"application\/ld+json\" class=\"yoast-schema-graph\">{\"@context\":\"https:\\\/\\\/schema.org\",\"@graph\":[{\"@type\":\"WebPage\",\"@id\":\"https:\\\/\\\/www.castrum.ee\\\/fi\\\/toode\\\/vanteet-rockstar-i-18x9-mustat-1-kpl\\\/\",\"url\":\"https:\\\/\\\/www.castrum.ee\\\/fi\\\/toode\\\/vanteet-rockstar-i-18x9-mustat-1-kpl\\\/\",\"name\":\"Vanteet Rockstar I 18X9, mustat, 1 kpl | Vanteet\",\"isPartOf\":{\"@id\":\"https:\\\/\\\/www.castrum.ee\\\/fi\\\/#website\"},\"primaryImageOfPage\":{\"@id\":\"https:\\\/\\\/www.castrum.ee\\\/fi\\\/toode\\\/vanteet-rockstar-i-18x9-mustat-1-kpl\\\/#primaryimage\"},\"image\":{\"@id\":\"https:\\\/\\\/www.castrum.ee\\\/fi\\\/toode\\\/vanteet-rockstar-i-18x9-mustat-1-kpl\\\/#primaryimage\"},\"thumbnailUrl\":\"https:\\\/\\\/www.castrum.ee\\\/wp-content\\\/uploads\\\/2025\\\/09\\\/Felni-Rockstar1-Black.jpg\",\"datePublished\":\"2026-04-29T12:31:30+00:00\",\"description\":\"Vanteet Rockstar I 18X9, mustat, 1 kpl. XD Wheels vanteet maastoautoihin. Korkealaatuiset vanteet ja renkaat.\",\"breadcrumb\":{\"@id\":\"https:\\\/\\\/www.castrum.ee\\\/fi\\\/toode\\\/vanteet-rockstar-i-18x9-mustat-1-kpl\\\/#breadcrumb\"},\"inLanguage\":\"fi\",\"potentialAction\":[{\"@type\":\"ReadAction\",\"target\":[\"https:\\\/\\\/www.castrum.ee\\\/fi\\\/toode\\\/vanteet-rockstar-i-18x9-mustat-1-kpl\\\/\"]}]},{\"@type\":\"ImageObject\",\"inLanguage\":\"fi\",\"@id\":\"https:\\\/\\\/www.castrum.ee\\\/fi\\\/toode\\\/vanteet-rockstar-i-18x9-mustat-1-kpl\\\/#primaryimage\",\"url\":\"https:\\\/\\\/www.castrum.ee\\\/wp-content\\\/uploads\\\/2025\\\/09\\\/Felni-Rockstar1-Black.jpg\",\"contentUrl\":\"https:\\\/\\\/www.castrum.ee\\\/wp-content\\\/uploads\\\/2025\\\/09\\\/Felni-Rockstar1-Black.jpg\",\"width\":1000,\"height\":1000},{\"@type\":\"BreadcrumbList\",\"@id\":\"https:\\\/\\\/www.castrum.ee\\\/fi\\\/toode\\\/vanteet-rockstar-i-18x9-mustat-1-kpl\\\/#breadcrumb\",\"itemListElement\":[{\"@type\":\"ListItem\",\"position\":1,\"name\":\"Home\",\"item\":\"https:\\\/\\\/www.castrum.ee\\\/fi\\\/kotisivu\\\/\"},{\"@type\":\"ListItem\",\"position\":2,\"name\":\"Verkkokauppa\",\"item\":\"https:\\\/\\\/www.castrum.ee\\\/fi\\\/kauppa\\\/\"},{\"@type\":\"ListItem\",\"position\":3,\"name\":\"Vanteet Rockstar I 18X9, mustat, 1 kpl\"}]},{\"@type\":\"WebSite\",\"@id\":\"https:\\\/\\\/www.castrum.ee\\\/fi\\\/#website\",\"url\":\"https:\\\/\\\/www.castrum.ee\\\/fi\\\/\",\"name\":\"Castrum\",\"description\":\"Maasturite, s\u00f5iduautode ja v\u00e4ikebusside lisavarustus\",\"publisher\":{\"@id\":\"https:\\\/\\\/www.castrum.ee\\\/fi\\\/#organization\"},\"potentialAction\":[{\"@type\":\"SearchAction\",\"target\":{\"@type\":\"EntryPoint\",\"urlTemplate\":\"https:\\\/\\\/www.castrum.ee\\\/fi\\\/?s={search_term_string}\"},\"query-input\":{\"@type\":\"PropertyValueSpecification\",\"valueRequired\":true,\"valueName\":\"search_term_string\"}}],\"inLanguage\":\"fi\"},{\"@type\":\"Organization\",\"@id\":\"https:\\\/\\\/www.castrum.ee\\\/fi\\\/#organization\",\"name\":\"Castrum Grupp O\u00dc\",\"url\":\"https:\\\/\\\/www.castrum.ee\\\/fi\\\/\",\"logo\":{\"@type\":\"ImageObject\",\"inLanguage\":\"fi\",\"@id\":\"https:\\\/\\\/www.castrum.ee\\\/fi\\\/#\\\/schema\\\/logo\\\/image\\\/\",\"url\":\"https:\\\/\\\/www.castrum.ee\\\/wp-content\\\/uploads\\\/2025\\\/03\\\/Castrum-logo-500.png\",\"contentUrl\":\"https:\\\/\\\/www.castrum.ee\\\/wp-content\\\/uploads\\\/2025\\\/03\\\/Castrum-logo-500.png\",\"width\":500,\"height\":250,\"caption\":\"Castrum Grupp O\u00dc\"},\"image\":{\"@id\":\"https:\\\/\\\/www.castrum.ee\\\/fi\\\/#\\\/schema\\\/logo\\\/image\\\/\"},\"sameAs\":[\"https:\\\/\\\/www.facebook.com\\\/castrum.ee\"]}]}<\/script>\n<!-- \/ Yoast SEO plugin. -->","yoast_head_json":{"title":"Vanteet Rockstar I 18X9, mustat, 1 kpl | Vanteet","description":"Vanteet Rockstar I 18X9, mustat, 1 kpl. XD Wheels vanteet maastoautoihin. Korkealaatuiset vanteet ja renkaat.","robots":{"index":"index","follow":"follow","max-snippet":"max-snippet:-1","max-image-preview":"max-image-preview:large","max-video-preview":"max-video-preview:-1"},"canonical":"https:\/\/www.castrum.ee\/fi\/toode\/vanteet-rockstar-i-18x9-mustat-1-kpl\/","og_locale":"fi_FI","og_type":"article","og_title":"Vanteet Rockstar I 18X9, mustat, 1 kpl | Vanteet","og_description":"Vanteet Rockstar I 18X9, mustat, 1 kpl. XD Wheels vanteet maastoautoihin. Korkealaatuiset vanteet ja renkaat.","og_url":"https:\/\/www.castrum.ee\/fi\/toode\/vanteet-rockstar-i-18x9-mustat-1-kpl\/","og_site_name":"Castrum","article_publisher":"https:\/\/www.facebook.com\/castrum.ee","og_image":[{"width":1000,"height":1000,"url":"https:\/\/www.castrum.ee\/wp-content\/uploads\/2025\/09\/Felni-Rockstar1-Black.jpg","type":"image\/jpeg"}],"twitter_card":"summary_large_image","schema":{"@context":"https:\/\/schema.org","@graph":[{"@type":"WebPage","@id":"https:\/\/www.castrum.ee\/fi\/toode\/vanteet-rockstar-i-18x9-mustat-1-kpl\/","url":"https:\/\/www.castrum.ee\/fi\/toode\/vanteet-rockstar-i-18x9-mustat-1-kpl\/","name":"Vanteet Rockstar I 18X9, mustat, 1 kpl | Vanteet","isPartOf":{"@id":"https:\/\/www.castrum.ee\/fi\/#website"},"primaryImageOfPage":{"@id":"https:\/\/www.castrum.ee\/fi\/toode\/vanteet-rockstar-i-18x9-mustat-1-kpl\/#primaryimage"},"image":{"@id":"https:\/\/www.castrum.ee\/fi\/toode\/vanteet-rockstar-i-18x9-mustat-1-kpl\/#primaryimage"},"thumbnailUrl":"https:\/\/www.castrum.ee\/wp-content\/uploads\/2025\/09\/Felni-Rockstar1-Black.jpg","datePublished":"2026-04-29T12:31:30+00:00","description":"Vanteet Rockstar I 18X9, mustat, 1 kpl. XD Wheels vanteet maastoautoihin. Korkealaatuiset vanteet ja renkaat.","breadcrumb":{"@id":"https:\/\/www.castrum.ee\/fi\/toode\/vanteet-rockstar-i-18x9-mustat-1-kpl\/#breadcrumb"},"inLanguage":"fi","potentialAction":[{"@type":"ReadAction","target":["https:\/\/www.castrum.ee\/fi\/toode\/vanteet-rockstar-i-18x9-mustat-1-kpl\/"]}]},{"@type":"ImageObject","inLanguage":"fi","@id":"https:\/\/www.castrum.ee\/fi\/toode\/vanteet-rockstar-i-18x9-mustat-1-kpl\/#primaryimage","url":"https:\/\/www.castrum.ee\/wp-content\/uploads\/2025\/09\/Felni-Rockstar1-Black.jpg","contentUrl":"https:\/\/www.castrum.ee\/wp-content\/uploads\/2025\/09\/Felni-Rockstar1-Black.jpg","width":1000,"height":1000},{"@type":"BreadcrumbList","@id":"https:\/\/www.castrum.ee\/fi\/toode\/vanteet-rockstar-i-18x9-mustat-1-kpl\/#breadcrumb","itemListElement":[{"@type":"ListItem","position":1,"name":"Home","item":"https:\/\/www.castrum.ee\/fi\/kotisivu\/"},{"@type":"ListItem","position":2,"name":"Verkkokauppa","item":"https:\/\/www.castrum.ee\/fi\/kauppa\/"},{"@type":"ListItem","position":3,"name":"Vanteet Rockstar I 18X9, mustat, 1 kpl"}]},{"@type":"WebSite","@id":"https:\/\/www.castrum.ee\/fi\/#website","url":"https:\/\/www.castrum.ee\/fi\/","name":"Castrum","description":"Maasturite, s\u00f5iduautode ja v\u00e4ikebusside lisavarustus","publisher":{"@id":"https:\/\/www.castrum.ee\/fi\/#organization"},"potentialAction":[{"@type":"SearchAction","target":{"@type":"EntryPoint","urlTemplate":"https:\/\/www.castrum.ee\/fi\/?s={search_term_string}"},"query-input":{"@type":"PropertyValueSpecification","valueRequired":true,"valueName":"search_term_string"}}],"inLanguage":"fi"},{"@type":"Organization","@id":"https:\/\/www.castrum.ee\/fi\/#organization","name":"Castrum Grupp O\u00dc","url":"https:\/\/www.castrum.ee\/fi\/","logo":{"@type":"ImageObject","inLanguage":"fi","@id":"https:\/\/www.castrum.ee\/fi\/#\/schema\/logo\/image\/","url":"https:\/\/www.castrum.ee\/wp-content\/uploads\/2025\/03\/Castrum-logo-500.png","contentUrl":"https:\/\/www.castrum.ee\/wp-content\/uploads\/2025\/03\/Castrum-logo-500.png","width":500,"height":250,"caption":"Castrum Grupp O\u00dc"},"image":{"@id":"https:\/\/www.castrum.ee\/fi\/#\/schema\/logo\/image\/"},"sameAs":["https:\/\/www.facebook.com\/castrum.ee"]}]}},"_links":{"self":[{"href":"https:\/\/www.castrum.ee\/fi\/wp-json\/wp\/v2\/product\/80367","targetHints":{"allow":["GET"]}}],"collection":[{"href":"https:\/\/www.castrum.ee\/fi\/wp-json\/wp\/v2\/product"}],"about":[{"href":"https:\/\/www.castrum.ee\/fi\/wp-json\/wp\/v2\/types\/product"}],"wp:featuredmedia":[{"embeddable":true,"href":"https:\/\/www.castrum.ee\/fi\/wp-json\/wp\/v2\/media\/18922"}],"wp:attachment":[{"href":"https:\/\/www.castrum.ee\/fi\/wp-json\/wp\/v2\/media?parent=80367"}],"wp:term":[{"taxonomy":"mark-ja-mudel","embeddable":true,"href":"https:\/\/www.castrum.ee\/fi\/wp-json\/wp\/v2\/mark-ja-mudel?post=80367"},{"taxonomy":"product_brand","embeddable":true,"href":"https:\/\/www.castrum.ee\/fi\/wp-json\/wp\/v2\/product_brand?post=80367"},{"taxonomy":"product_cat","embeddable":true,"href":"https:\/\/www.castrum.ee\/fi\/wp-json\/wp\/v2\/product_cat?post=80367"},{"taxonomy":"product_tag","embeddable":true,"href":"https:\/\/www.castrum.ee\/fi\/wp-json\/wp\/v2\/product_tag?post=80367"}],"curies":[{"name":"wp","href":"https:\/\/api.w.org\/{rel}","templated":true}]}}