{"id":80410,"date":"2026-04-29T15:38:26","date_gmt":"2026-04-29T12:38:26","guid":{"rendered":"https:\/\/www.castrum.ee\/toode\/vints-more4x4-pro-13000-12v-koydeton-rulliton-2-in-1-kauko-ohjaimella-zhbywh\/"},"modified":"2026-04-29T15:38:26","modified_gmt":"2026-04-29T12:38:26","slug":"vints-more4x4-pro-13000-12v-koydeton-rulliton-2-in-1-kauko-ohjaimella","status":"publish","type":"product","link":"https:\/\/www.castrum.ee\/fi\/toode\/vints-more4x4-pro-13000-12v-koydeton-rulliton-2-in-1-kauko-ohjaimella\/","title":{"rendered":"Vints More4x4 PRO 13000 12V, k\u00f6ydet\u00f6n ja rulliton, 2 in 1 kauko-ohjaimella"},"content":{"rendered":"<p>5 vuoden takuu<\/p>\n<p><strong>Tekniset tiedot:<\/strong><\/p>\n<ul>\n<li>Suurin vetovoima: 5897 kg (13 000 paunaa)<\/li>\n<li>Moottori: 6,7 hv \/ 4,9 kW<\/li>\n<li>Virtal\u00e4hde: DC 12V<\/li>\n<li>Ohjaus: kauko-ohjain 3,7 m johdolla, langaton kauko-ohjain<\/li>\n<li>Vaihteisto: planeettavaihteisto, kolmiportainen<\/li>\n<li>V\u00e4lityssuhde: 218,4:1<\/li>\n<li>Jarru: automaattinen, sis\u00e4\u00e4nrakennettu rumpuun<\/li>\n<li>Rumpu: halkaisija 64 mm, pituus 224 mm<\/li>\n<li>Akku: suositeltava akku v\u00e4hint\u00e4\u00e4n 64 Ah<\/li>\n<li>Virtaliitimet: 38,5 mm\u00b2, pituus 183 cm<\/li>\n<li>Paino: 21,0 kg<\/li>\n<li>Mitat P x L x K (K k\u00f6yden kanssa): 535 x 165 x 230 mm<\/li>\n<li>Pulttien v\u00e4li: 254 x 114 mm<\/li>\n<\/ul>\n","protected":false},"excerpt":{"rendered":"<p>5 vuoden takuu. Tekniset tiedot: Suurin vetovoima: 5897 kg (13 000 paunaa). More4x4 PRO 13000 on tehokas s\u00e4hk\u00f6inen vinssi [&#8230;]<\/p>\n","protected":false},"featured_media":18425,"template":"","meta":{"_acf_changed":false},"mark-ja-mudel":[],"product_brand":[],"product_cat":[1105,1103],"product_tag":[],"class_list":{"0":"post-80410","1":"product","2":"type-product","3":"status-publish","4":"has-post-thumbnail","6":"product_cat-vinssit-ja-tarvikkeet","7":"product_cat-vinssit-ja-vinssitarvikkeet","9":"first","10":"instock","11":"taxable","12":"shipping-taxable","13":"purchasable","14":"product-type-simple"},"bundled_by":[],"bundle_stock_status":"instock","bundle_stock_quantity":null,"bundle_virtual":false,"bundle_layout":"","bundle_add_to_cart_form_location":"","bundle_editable_in_cart":false,"bundle_sold_individually_context":"","bundle_item_grouping":"","bundle_min_size":"","bundle_max_size":"","bundle_price":[],"bundled_items":[],"bundle_sell_ids":[],"acf":[],"yoast_head":"<!-- This site is optimized with the Yoast SEO plugin v27.3 - https:\/\/yoast.com\/product\/yoast-seo-wordpress\/ -->\n<title>Vints More4x4 PRO 13000 12V | Vinssit ja vinssitarvikkeet | Castrum<\/title>\n<meta name=\"description\" content=\"More4x4 PRO 13000 s\u00e4hk\u00f6inen vinssi 12V: 5897 kg vetovoima, langaton kauko-ohjain. Vinssitarvikkeet maastoautoihin ja lava-autoihin.\" \/>\n<meta name=\"robots\" content=\"index, follow, max-snippet:-1, max-image-preview:large, max-video-preview:-1\" \/>\n<link rel=\"canonical\" href=\"https:\/\/www.castrum.ee\/fi\/toode\/vints-more4x4-pro-13000-12v-koydeton-rulliton-2-in-1-kauko-ohjaimella\/\" \/>\n<meta property=\"og:locale\" content=\"fi_FI\" \/>\n<meta property=\"og:type\" content=\"article\" \/>\n<meta property=\"og:title\" content=\"Vints More4x4 PRO 13000 12V | Vinssit ja vinssitarvikkeet | Castrum\" \/>\n<meta property=\"og:description\" content=\"More4x4 PRO 13000 s\u00e4hk\u00f6inen vinssi 12V: 5897 kg vetovoima, langaton kauko-ohjain. Vinssitarvikkeet maastoautoihin ja lava-autoihin.\" \/>\n<meta property=\"og:url\" content=\"https:\/\/www.castrum.ee\/fi\/toode\/vints-more4x4-pro-13000-12v-koydeton-rulliton-2-in-1-kauko-ohjaimella\/\" \/>\n<meta property=\"og:site_name\" content=\"Castrum\" \/>\n<meta property=\"article:publisher\" content=\"https:\/\/www.facebook.com\/castrum.ee\" \/>\n<meta property=\"og:image\" content=\"https:\/\/www.castrum.ee\/wp-content\/uploads\/2025\/09\/102-wyciagarka-more-4x4-pro-13000lbs-12v.-bez-liny-i-rolek.-pilot-bp.jpg\" \/>\n\t<meta property=\"og:image:width\" content=\"380\" \/>\n\t<meta property=\"og:image:height\" content=\"253\" \/>\n\t<meta property=\"og:image:type\" content=\"image\/jpeg\" \/>\n<meta name=\"twitter:card\" content=\"summary_large_image\" \/>\n<script type=\"application\/ld+json\" class=\"yoast-schema-graph\">{\"@context\":\"https:\\\/\\\/schema.org\",\"@graph\":[{\"@type\":\"WebPage\",\"@id\":\"https:\\\/\\\/www.castrum.ee\\\/fi\\\/toode\\\/vints-more4x4-pro-13000-12v-koydeton-rulliton-2-in-1-kauko-ohjaimella\\\/\",\"url\":\"https:\\\/\\\/www.castrum.ee\\\/fi\\\/toode\\\/vints-more4x4-pro-13000-12v-koydeton-rulliton-2-in-1-kauko-ohjaimella\\\/\",\"name\":\"Vints More4x4 PRO 13000 12V | Vinssit ja vinssitarvikkeet | Castrum\",\"isPartOf\":{\"@id\":\"https:\\\/\\\/www.castrum.ee\\\/fi\\\/#website\"},\"primaryImageOfPage\":{\"@id\":\"https:\\\/\\\/www.castrum.ee\\\/fi\\\/toode\\\/vints-more4x4-pro-13000-12v-koydeton-rulliton-2-in-1-kauko-ohjaimella\\\/#primaryimage\"},\"image\":{\"@id\":\"https:\\\/\\\/www.castrum.ee\\\/fi\\\/toode\\\/vints-more4x4-pro-13000-12v-koydeton-rulliton-2-in-1-kauko-ohjaimella\\\/#primaryimage\"},\"thumbnailUrl\":\"https:\\\/\\\/www.castrum.ee\\\/wp-content\\\/uploads\\\/2025\\\/09\\\/102-wyciagarka-more-4x4-pro-13000lbs-12v.-bez-liny-i-rolek.-pilot-bp.jpg\",\"datePublished\":\"2026-04-29T12:38:26+00:00\",\"description\":\"More4x4 PRO 13000 s\u00e4hk\u00f6inen vinssi 12V: 5897 kg vetovoima, langaton kauko-ohjain. Vinssitarvikkeet maastoautoihin ja lava-autoihin.\",\"breadcrumb\":{\"@id\":\"https:\\\/\\\/www.castrum.ee\\\/fi\\\/toode\\\/vints-more4x4-pro-13000-12v-koydeton-rulliton-2-in-1-kauko-ohjaimella\\\/#breadcrumb\"},\"inLanguage\":\"fi\",\"potentialAction\":[{\"@type\":\"ReadAction\",\"target\":[\"https:\\\/\\\/www.castrum.ee\\\/fi\\\/toode\\\/vints-more4x4-pro-13000-12v-koydeton-rulliton-2-in-1-kauko-ohjaimella\\\/\"]}]},{\"@type\":\"ImageObject\",\"inLanguage\":\"fi\",\"@id\":\"https:\\\/\\\/www.castrum.ee\\\/fi\\\/toode\\\/vints-more4x4-pro-13000-12v-koydeton-rulliton-2-in-1-kauko-ohjaimella\\\/#primaryimage\",\"url\":\"https:\\\/\\\/www.castrum.ee\\\/wp-content\\\/uploads\\\/2025\\\/09\\\/102-wyciagarka-more-4x4-pro-13000lbs-12v.-bez-liny-i-rolek.-pilot-bp.jpg\",\"contentUrl\":\"https:\\\/\\\/www.castrum.ee\\\/wp-content\\\/uploads\\\/2025\\\/09\\\/102-wyciagarka-more-4x4-pro-13000lbs-12v.-bez-liny-i-rolek.-pilot-bp.jpg\",\"width\":380,\"height\":253},{\"@type\":\"BreadcrumbList\",\"@id\":\"https:\\\/\\\/www.castrum.ee\\\/fi\\\/toode\\\/vints-more4x4-pro-13000-12v-koydeton-rulliton-2-in-1-kauko-ohjaimella\\\/#breadcrumb\",\"itemListElement\":[{\"@type\":\"ListItem\",\"position\":1,\"name\":\"Home\",\"item\":\"https:\\\/\\\/www.castrum.ee\\\/fi\\\/kotisivu\\\/\"},{\"@type\":\"ListItem\",\"position\":2,\"name\":\"Verkkokauppa\",\"item\":\"https:\\\/\\\/www.castrum.ee\\\/fi\\\/kauppa\\\/\"},{\"@type\":\"ListItem\",\"position\":3,\"name\":\"Vints More4x4 PRO 13000 12V, k\u00f6ydet\u00f6n ja rulliton, 2 in 1 kauko-ohjaimella\"}]},{\"@type\":\"WebSite\",\"@id\":\"https:\\\/\\\/www.castrum.ee\\\/fi\\\/#website\",\"url\":\"https:\\\/\\\/www.castrum.ee\\\/fi\\\/\",\"name\":\"Castrum\",\"description\":\"Maasturite, s\u00f5iduautode ja v\u00e4ikebusside lisavarustus\",\"publisher\":{\"@id\":\"https:\\\/\\\/www.castrum.ee\\\/fi\\\/#organization\"},\"potentialAction\":[{\"@type\":\"SearchAction\",\"target\":{\"@type\":\"EntryPoint\",\"urlTemplate\":\"https:\\\/\\\/www.castrum.ee\\\/fi\\\/?s={search_term_string}\"},\"query-input\":{\"@type\":\"PropertyValueSpecification\",\"valueRequired\":true,\"valueName\":\"search_term_string\"}}],\"inLanguage\":\"fi\"},{\"@type\":\"Organization\",\"@id\":\"https:\\\/\\\/www.castrum.ee\\\/fi\\\/#organization\",\"name\":\"Castrum Grupp O\u00dc\",\"url\":\"https:\\\/\\\/www.castrum.ee\\\/fi\\\/\",\"logo\":{\"@type\":\"ImageObject\",\"inLanguage\":\"fi\",\"@id\":\"https:\\\/\\\/www.castrum.ee\\\/fi\\\/#\\\/schema\\\/logo\\\/image\\\/\",\"url\":\"https:\\\/\\\/www.castrum.ee\\\/wp-content\\\/uploads\\\/2025\\\/03\\\/Castrum-logo-500.png\",\"contentUrl\":\"https:\\\/\\\/www.castrum.ee\\\/wp-content\\\/uploads\\\/2025\\\/03\\\/Castrum-logo-500.png\",\"width\":500,\"height\":250,\"caption\":\"Castrum Grupp O\u00dc\"},\"image\":{\"@id\":\"https:\\\/\\\/www.castrum.ee\\\/fi\\\/#\\\/schema\\\/logo\\\/image\\\/\"},\"sameAs\":[\"https:\\\/\\\/www.facebook.com\\\/castrum.ee\"]}]}<\/script>\n<!-- \/ Yoast SEO plugin. -->","yoast_head_json":{"title":"Vints More4x4 PRO 13000 12V | Vinssit ja vinssitarvikkeet | Castrum","description":"More4x4 PRO 13000 s\u00e4hk\u00f6inen vinssi 12V: 5897 kg vetovoima, langaton kauko-ohjain. Vinssitarvikkeet maastoautoihin ja lava-autoihin.","robots":{"index":"index","follow":"follow","max-snippet":"max-snippet:-1","max-image-preview":"max-image-preview:large","max-video-preview":"max-video-preview:-1"},"canonical":"https:\/\/www.castrum.ee\/fi\/toode\/vints-more4x4-pro-13000-12v-koydeton-rulliton-2-in-1-kauko-ohjaimella\/","og_locale":"fi_FI","og_type":"article","og_title":"Vints More4x4 PRO 13000 12V | Vinssit ja vinssitarvikkeet | Castrum","og_description":"More4x4 PRO 13000 s\u00e4hk\u00f6inen vinssi 12V: 5897 kg vetovoima, langaton kauko-ohjain. Vinssitarvikkeet maastoautoihin ja lava-autoihin.","og_url":"https:\/\/www.castrum.ee\/fi\/toode\/vints-more4x4-pro-13000-12v-koydeton-rulliton-2-in-1-kauko-ohjaimella\/","og_site_name":"Castrum","article_publisher":"https:\/\/www.facebook.com\/castrum.ee","og_image":[{"width":380,"height":253,"url":"https:\/\/www.castrum.ee\/wp-content\/uploads\/2025\/09\/102-wyciagarka-more-4x4-pro-13000lbs-12v.-bez-liny-i-rolek.-pilot-bp.jpg","type":"image\/jpeg"}],"twitter_card":"summary_large_image","schema":{"@context":"https:\/\/schema.org","@graph":[{"@type":"WebPage","@id":"https:\/\/www.castrum.ee\/fi\/toode\/vints-more4x4-pro-13000-12v-koydeton-rulliton-2-in-1-kauko-ohjaimella\/","url":"https:\/\/www.castrum.ee\/fi\/toode\/vints-more4x4-pro-13000-12v-koydeton-rulliton-2-in-1-kauko-ohjaimella\/","name":"Vints More4x4 PRO 13000 12V | Vinssit ja vinssitarvikkeet | Castrum","isPartOf":{"@id":"https:\/\/www.castrum.ee\/fi\/#website"},"primaryImageOfPage":{"@id":"https:\/\/www.castrum.ee\/fi\/toode\/vints-more4x4-pro-13000-12v-koydeton-rulliton-2-in-1-kauko-ohjaimella\/#primaryimage"},"image":{"@id":"https:\/\/www.castrum.ee\/fi\/toode\/vints-more4x4-pro-13000-12v-koydeton-rulliton-2-in-1-kauko-ohjaimella\/#primaryimage"},"thumbnailUrl":"https:\/\/www.castrum.ee\/wp-content\/uploads\/2025\/09\/102-wyciagarka-more-4x4-pro-13000lbs-12v.-bez-liny-i-rolek.-pilot-bp.jpg","datePublished":"2026-04-29T12:38:26+00:00","description":"More4x4 PRO 13000 s\u00e4hk\u00f6inen vinssi 12V: 5897 kg vetovoima, langaton kauko-ohjain. Vinssitarvikkeet maastoautoihin ja lava-autoihin.","breadcrumb":{"@id":"https:\/\/www.castrum.ee\/fi\/toode\/vints-more4x4-pro-13000-12v-koydeton-rulliton-2-in-1-kauko-ohjaimella\/#breadcrumb"},"inLanguage":"fi","potentialAction":[{"@type":"ReadAction","target":["https:\/\/www.castrum.ee\/fi\/toode\/vints-more4x4-pro-13000-12v-koydeton-rulliton-2-in-1-kauko-ohjaimella\/"]}]},{"@type":"ImageObject","inLanguage":"fi","@id":"https:\/\/www.castrum.ee\/fi\/toode\/vints-more4x4-pro-13000-12v-koydeton-rulliton-2-in-1-kauko-ohjaimella\/#primaryimage","url":"https:\/\/www.castrum.ee\/wp-content\/uploads\/2025\/09\/102-wyciagarka-more-4x4-pro-13000lbs-12v.-bez-liny-i-rolek.-pilot-bp.jpg","contentUrl":"https:\/\/www.castrum.ee\/wp-content\/uploads\/2025\/09\/102-wyciagarka-more-4x4-pro-13000lbs-12v.-bez-liny-i-rolek.-pilot-bp.jpg","width":380,"height":253},{"@type":"BreadcrumbList","@id":"https:\/\/www.castrum.ee\/fi\/toode\/vints-more4x4-pro-13000-12v-koydeton-rulliton-2-in-1-kauko-ohjaimella\/#breadcrumb","itemListElement":[{"@type":"ListItem","position":1,"name":"Home","item":"https:\/\/www.castrum.ee\/fi\/kotisivu\/"},{"@type":"ListItem","position":2,"name":"Verkkokauppa","item":"https:\/\/www.castrum.ee\/fi\/kauppa\/"},{"@type":"ListItem","position":3,"name":"Vints More4x4 PRO 13000 12V, k\u00f6ydet\u00f6n ja rulliton, 2 in 1 kauko-ohjaimella"}]},{"@type":"WebSite","@id":"https:\/\/www.castrum.ee\/fi\/#website","url":"https:\/\/www.castrum.ee\/fi\/","name":"Castrum","description":"Maasturite, s\u00f5iduautode ja v\u00e4ikebusside lisavarustus","publisher":{"@id":"https:\/\/www.castrum.ee\/fi\/#organization"},"potentialAction":[{"@type":"SearchAction","target":{"@type":"EntryPoint","urlTemplate":"https:\/\/www.castrum.ee\/fi\/?s={search_term_string}"},"query-input":{"@type":"PropertyValueSpecification","valueRequired":true,"valueName":"search_term_string"}}],"inLanguage":"fi"},{"@type":"Organization","@id":"https:\/\/www.castrum.ee\/fi\/#organization","name":"Castrum Grupp O\u00dc","url":"https:\/\/www.castrum.ee\/fi\/","logo":{"@type":"ImageObject","inLanguage":"fi","@id":"https:\/\/www.castrum.ee\/fi\/#\/schema\/logo\/image\/","url":"https:\/\/www.castrum.ee\/wp-content\/uploads\/2025\/03\/Castrum-logo-500.png","contentUrl":"https:\/\/www.castrum.ee\/wp-content\/uploads\/2025\/03\/Castrum-logo-500.png","width":500,"height":250,"caption":"Castrum Grupp O\u00dc"},"image":{"@id":"https:\/\/www.castrum.ee\/fi\/#\/schema\/logo\/image\/"},"sameAs":["https:\/\/www.facebook.com\/castrum.ee"]}]}},"_links":{"self":[{"href":"https:\/\/www.castrum.ee\/fi\/wp-json\/wp\/v2\/product\/80410","targetHints":{"allow":["GET"]}}],"collection":[{"href":"https:\/\/www.castrum.ee\/fi\/wp-json\/wp\/v2\/product"}],"about":[{"href":"https:\/\/www.castrum.ee\/fi\/wp-json\/wp\/v2\/types\/product"}],"wp:featuredmedia":[{"embeddable":true,"href":"https:\/\/www.castrum.ee\/fi\/wp-json\/wp\/v2\/media\/18425"}],"wp:attachment":[{"href":"https:\/\/www.castrum.ee\/fi\/wp-json\/wp\/v2\/media?parent=80410"}],"wp:term":[{"taxonomy":"mark-ja-mudel","embeddable":true,"href":"https:\/\/www.castrum.ee\/fi\/wp-json\/wp\/v2\/mark-ja-mudel?post=80410"},{"taxonomy":"product_brand","embeddable":true,"href":"https:\/\/www.castrum.ee\/fi\/wp-json\/wp\/v2\/product_brand?post=80410"},{"taxonomy":"product_cat","embeddable":true,"href":"https:\/\/www.castrum.ee\/fi\/wp-json\/wp\/v2\/product_cat?post=80410"},{"taxonomy":"product_tag","embeddable":true,"href":"https:\/\/www.castrum.ee\/fi\/wp-json\/wp\/v2\/product_tag?post=80410"}],"curies":[{"name":"wp","href":"https:\/\/api.w.org\/{rel}","templated":true}]}}