{"id":80506,"date":"2025-09-18T14:59:30","date_gmt":"2025-09-18T11:59:30","guid":{"rendered":"https:\/\/www.castrum.ee\/toode\/lazer-lisavalojen-asennussarja-eruspf\/"},"modified":"2026-05-12T15:27:00","modified_gmt":"2026-05-12T12:27:00","slug":"lazer-lisavalojen-asennussarja","status":"publish","type":"product","link":"https:\/\/www.castrum.ee\/fi\/toode\/lazer-lisavalojen-asennussarja\/","title":{"rendered":"LAZER lis\u00e4valojen asennussarja"},"content":{"rendered":"<p>Valmistettu 5 mm pehme\u00e4st\u00e4 ter\u00e4ss\u00e4 mattamustalla jauhepinnoitteella<\/p>\n<p>Toimitetaan 80 mm \/ 120 mm ruostumattomilla ter\u00e4sruuveilla<\/p>\n<p>S\u00e4hk\u00f6\u00e4 johtava pinnoite autoteollisuuden 1000 tunnin korroosiostandardien mukaisesti<\/p>\n<p><strong>Joustavuus valon siirt\u00e4miseen:<\/strong><\/p>\n<ul>\n<li>yl\u00f6s\/alas +\/-40 mm<\/li>\n<li>eteenp\u00e4in\/taaksep\u00e4in +\/- 10 mm<\/li>\n<\/ul>\n<p>Yleinen yhteensopivuus ajoneuvon soveltuvuuden ja valojen osalta<\/p>\n<p>Suunniteltu ja valmistettu Isossa-Britanniassa<\/p>\n","protected":false},"excerpt":{"rendered":"<p>LAZER lis\u00e4valon asennussarja sis\u00e4lt\u00e4\u00e4 kaikki tarvittavat kiinnikkeet ja johdinsarjan sujuvan asennuksen varmistamiseksi. Sarja takaa turvallisen ja asianmukaisen liit\u00e4nn\u00e4n LAZER LED-lis\u00e4valoihin.<\/p>\n","protected":false},"featured_media":17563,"template":"","meta":{"_acf_changed":false},"mark-ja-mudel":[],"product_brand":[2073],"product_cat":[1079,1083],"product_tag":[1107],"class_list":{"0":"post-80506","1":"product","2":"type-product","3":"status-publish","4":"has-post-thumbnail","6":"product_brand-lazer-fi","7":"product_cat-led-lisavalot-ja-tarvikkeet","8":"product_cat-valojen-tarvikkeet","9":"product_tag-toimitusaika-4-5-paivaa","11":"first","12":"instock","13":"sale","14":"taxable","15":"shipping-taxable","16":"purchasable","17":"product-type-simple"},"bundled_by":[],"bundle_stock_status":"instock","bundle_stock_quantity":null,"bundle_virtual":false,"bundle_layout":"","bundle_add_to_cart_form_location":"","bundle_editable_in_cart":false,"bundle_sold_individually_context":"","bundle_item_grouping":"","bundle_min_size":"","bundle_max_size":"","bundle_price":[],"bundled_items":[],"bundle_sell_ids":[],"acf":[],"yoast_head":"<!-- This site is optimized with the Yoast SEO plugin v27.5 - https:\/\/yoast.com\/product\/yoast-seo-wordpress\/ -->\n<title>LAZER lis\u00e4valojen asennussarja | Castrum<\/title>\n<meta name=\"description\" content=\"LAZER lis\u00e4valojen asennussarja. Lis\u00e4valojen asennustarvikkeet ja kiinnikkeet maastoautoihin, lava-autoihin ja henkil\u00f6autoihin.\" \/>\n<meta name=\"robots\" content=\"index, follow, max-snippet:-1, max-image-preview:large, max-video-preview:-1\" \/>\n<link rel=\"canonical\" href=\"https:\/\/www.castrum.ee\/fi\/toode\/lazer-lisavalojen-asennussarja\/\" \/>\n<meta property=\"og:locale\" content=\"fi_FI\" \/>\n<meta property=\"og:type\" content=\"article\" \/>\n<meta property=\"og:title\" content=\"LAZER lis\u00e4valojen asennussarja | Castrum\" \/>\n<meta property=\"og:description\" content=\"LAZER lis\u00e4valojen asennussarja. Lis\u00e4valojen asennustarvikkeet ja kiinnikkeet maastoautoihin, lava-autoihin ja henkil\u00f6autoihin.\" \/>\n<meta property=\"og:url\" content=\"https:\/\/www.castrum.ee\/fi\/toode\/lazer-lisavalojen-asennussarja\/\" \/>\n<meta property=\"og:site_name\" content=\"Castrum\" \/>\n<meta property=\"article:publisher\" content=\"https:\/\/www.facebook.com\/castrum.ee\" \/>\n<meta property=\"article:modified_time\" content=\"2026-05-12T12:27:00+00:00\" \/>\n<meta property=\"og:image\" content=\"https:\/\/www.castrum.ee\/wp-content\/uploads\/2025\/09\/IMG_9722.jpeg\" \/>\n\t<meta property=\"og:image:width\" content=\"1000\" \/>\n\t<meta property=\"og:image:height\" content=\"750\" \/>\n\t<meta property=\"og:image:type\" content=\"image\/jpeg\" \/>\n<meta name=\"twitter:card\" content=\"summary_large_image\" \/>\n<script type=\"application\/ld+json\" class=\"yoast-schema-graph\">{\"@context\":\"https:\\\/\\\/schema.org\",\"@graph\":[{\"@type\":\"WebPage\",\"@id\":\"https:\\\/\\\/www.castrum.ee\\\/fi\\\/toode\\\/lazer-lisavalojen-asennussarja\\\/\",\"url\":\"https:\\\/\\\/www.castrum.ee\\\/fi\\\/toode\\\/lazer-lisavalojen-asennussarja\\\/\",\"name\":\"LAZER lis\u00e4valojen asennussarja | Castrum\",\"isPartOf\":{\"@id\":\"https:\\\/\\\/www.castrum.ee\\\/fi\\\/#website\"},\"primaryImageOfPage\":{\"@id\":\"https:\\\/\\\/www.castrum.ee\\\/fi\\\/toode\\\/lazer-lisavalojen-asennussarja\\\/#primaryimage\"},\"image\":{\"@id\":\"https:\\\/\\\/www.castrum.ee\\\/fi\\\/toode\\\/lazer-lisavalojen-asennussarja\\\/#primaryimage\"},\"thumbnailUrl\":\"https:\\\/\\\/www.castrum.ee\\\/wp-content\\\/uploads\\\/2025\\\/09\\\/IMG_9722.jpeg\",\"datePublished\":\"2025-09-18T11:59:30+00:00\",\"dateModified\":\"2026-05-12T12:27:00+00:00\",\"description\":\"LAZER lis\u00e4valojen asennussarja. Lis\u00e4valojen asennustarvikkeet ja kiinnikkeet maastoautoihin, lava-autoihin ja henkil\u00f6autoihin.\",\"breadcrumb\":{\"@id\":\"https:\\\/\\\/www.castrum.ee\\\/fi\\\/toode\\\/lazer-lisavalojen-asennussarja\\\/#breadcrumb\"},\"inLanguage\":\"fi\",\"potentialAction\":[{\"@type\":\"ReadAction\",\"target\":[\"https:\\\/\\\/www.castrum.ee\\\/fi\\\/toode\\\/lazer-lisavalojen-asennussarja\\\/\"]}]},{\"@type\":\"ImageObject\",\"inLanguage\":\"fi\",\"@id\":\"https:\\\/\\\/www.castrum.ee\\\/fi\\\/toode\\\/lazer-lisavalojen-asennussarja\\\/#primaryimage\",\"url\":\"https:\\\/\\\/www.castrum.ee\\\/wp-content\\\/uploads\\\/2025\\\/09\\\/IMG_9722.jpeg\",\"contentUrl\":\"https:\\\/\\\/www.castrum.ee\\\/wp-content\\\/uploads\\\/2025\\\/09\\\/IMG_9722.jpeg\",\"width\":1000,\"height\":750},{\"@type\":\"BreadcrumbList\",\"@id\":\"https:\\\/\\\/www.castrum.ee\\\/fi\\\/toode\\\/lazer-lisavalojen-asennussarja\\\/#breadcrumb\",\"itemListElement\":[{\"@type\":\"ListItem\",\"position\":1,\"name\":\"Home\",\"item\":\"https:\\\/\\\/www.castrum.ee\\\/fi\\\/kotisivu\\\/\"},{\"@type\":\"ListItem\",\"position\":2,\"name\":\"Verkkokauppa\",\"item\":\"https:\\\/\\\/www.castrum.ee\\\/fi\\\/kauppa\\\/\"},{\"@type\":\"ListItem\",\"position\":3,\"name\":\"LAZER lis\u00e4valojen asennussarja\"}]},{\"@type\":\"WebSite\",\"@id\":\"https:\\\/\\\/www.castrum.ee\\\/fi\\\/#website\",\"url\":\"https:\\\/\\\/www.castrum.ee\\\/fi\\\/\",\"name\":\"Castrum\",\"description\":\"Maastoautojen, henkil\u00f6autojen ja pienvaunujen lis\u00e4varusteet\",\"publisher\":{\"@id\":\"https:\\\/\\\/www.castrum.ee\\\/fi\\\/#organization\"},\"potentialAction\":[{\"@type\":\"SearchAction\",\"target\":{\"@type\":\"EntryPoint\",\"urlTemplate\":\"https:\\\/\\\/www.castrum.ee\\\/fi\\\/?s={search_term_string}\"},\"query-input\":{\"@type\":\"PropertyValueSpecification\",\"valueRequired\":true,\"valueName\":\"search_term_string\"}}],\"inLanguage\":\"fi\"},{\"@type\":\"Organization\",\"@id\":\"https:\\\/\\\/www.castrum.ee\\\/fi\\\/#organization\",\"name\":\"Castrum Grupp O\u00dc\",\"url\":\"https:\\\/\\\/www.castrum.ee\\\/fi\\\/\",\"logo\":{\"@type\":\"ImageObject\",\"inLanguage\":\"fi\",\"@id\":\"https:\\\/\\\/www.castrum.ee\\\/fi\\\/#\\\/schema\\\/logo\\\/image\\\/\",\"url\":\"https:\\\/\\\/www.castrum.ee\\\/wp-content\\\/uploads\\\/2025\\\/03\\\/Castrum-logo-500.png\",\"contentUrl\":\"https:\\\/\\\/www.castrum.ee\\\/wp-content\\\/uploads\\\/2025\\\/03\\\/Castrum-logo-500.png\",\"width\":500,\"height\":250,\"caption\":\"Castrum Grupp O\u00dc\"},\"image\":{\"@id\":\"https:\\\/\\\/www.castrum.ee\\\/fi\\\/#\\\/schema\\\/logo\\\/image\\\/\"},\"sameAs\":[\"https:\\\/\\\/www.facebook.com\\\/castrum.ee\"]}]}<\/script>\n<!-- \/ Yoast SEO plugin. -->","yoast_head_json":{"title":"LAZER lis\u00e4valojen asennussarja | Castrum","description":"LAZER lis\u00e4valojen asennussarja. Lis\u00e4valojen asennustarvikkeet ja kiinnikkeet maastoautoihin, lava-autoihin ja henkil\u00f6autoihin.","robots":{"index":"index","follow":"follow","max-snippet":"max-snippet:-1","max-image-preview":"max-image-preview:large","max-video-preview":"max-video-preview:-1"},"canonical":"https:\/\/www.castrum.ee\/fi\/toode\/lazer-lisavalojen-asennussarja\/","og_locale":"fi_FI","og_type":"article","og_title":"LAZER lis\u00e4valojen asennussarja | Castrum","og_description":"LAZER lis\u00e4valojen asennussarja. Lis\u00e4valojen asennustarvikkeet ja kiinnikkeet maastoautoihin, lava-autoihin ja henkil\u00f6autoihin.","og_url":"https:\/\/www.castrum.ee\/fi\/toode\/lazer-lisavalojen-asennussarja\/","og_site_name":"Castrum","article_publisher":"https:\/\/www.facebook.com\/castrum.ee","article_modified_time":"2026-05-12T12:27:00+00:00","og_image":[{"width":1000,"height":750,"url":"https:\/\/www.castrum.ee\/wp-content\/uploads\/2025\/09\/IMG_9722.jpeg","type":"image\/jpeg"}],"twitter_card":"summary_large_image","schema":{"@context":"https:\/\/schema.org","@graph":[{"@type":"WebPage","@id":"https:\/\/www.castrum.ee\/fi\/toode\/lazer-lisavalojen-asennussarja\/","url":"https:\/\/www.castrum.ee\/fi\/toode\/lazer-lisavalojen-asennussarja\/","name":"LAZER lis\u00e4valojen asennussarja | Castrum","isPartOf":{"@id":"https:\/\/www.castrum.ee\/fi\/#website"},"primaryImageOfPage":{"@id":"https:\/\/www.castrum.ee\/fi\/toode\/lazer-lisavalojen-asennussarja\/#primaryimage"},"image":{"@id":"https:\/\/www.castrum.ee\/fi\/toode\/lazer-lisavalojen-asennussarja\/#primaryimage"},"thumbnailUrl":"https:\/\/www.castrum.ee\/wp-content\/uploads\/2025\/09\/IMG_9722.jpeg","datePublished":"2025-09-18T11:59:30+00:00","dateModified":"2026-05-12T12:27:00+00:00","description":"LAZER lis\u00e4valojen asennussarja. Lis\u00e4valojen asennustarvikkeet ja kiinnikkeet maastoautoihin, lava-autoihin ja henkil\u00f6autoihin.","breadcrumb":{"@id":"https:\/\/www.castrum.ee\/fi\/toode\/lazer-lisavalojen-asennussarja\/#breadcrumb"},"inLanguage":"fi","potentialAction":[{"@type":"ReadAction","target":["https:\/\/www.castrum.ee\/fi\/toode\/lazer-lisavalojen-asennussarja\/"]}]},{"@type":"ImageObject","inLanguage":"fi","@id":"https:\/\/www.castrum.ee\/fi\/toode\/lazer-lisavalojen-asennussarja\/#primaryimage","url":"https:\/\/www.castrum.ee\/wp-content\/uploads\/2025\/09\/IMG_9722.jpeg","contentUrl":"https:\/\/www.castrum.ee\/wp-content\/uploads\/2025\/09\/IMG_9722.jpeg","width":1000,"height":750},{"@type":"BreadcrumbList","@id":"https:\/\/www.castrum.ee\/fi\/toode\/lazer-lisavalojen-asennussarja\/#breadcrumb","itemListElement":[{"@type":"ListItem","position":1,"name":"Home","item":"https:\/\/www.castrum.ee\/fi\/kotisivu\/"},{"@type":"ListItem","position":2,"name":"Verkkokauppa","item":"https:\/\/www.castrum.ee\/fi\/kauppa\/"},{"@type":"ListItem","position":3,"name":"LAZER lis\u00e4valojen asennussarja"}]},{"@type":"WebSite","@id":"https:\/\/www.castrum.ee\/fi\/#website","url":"https:\/\/www.castrum.ee\/fi\/","name":"Castrum","description":"Maastoautojen, henkil\u00f6autojen ja pienvaunujen lis\u00e4varusteet","publisher":{"@id":"https:\/\/www.castrum.ee\/fi\/#organization"},"potentialAction":[{"@type":"SearchAction","target":{"@type":"EntryPoint","urlTemplate":"https:\/\/www.castrum.ee\/fi\/?s={search_term_string}"},"query-input":{"@type":"PropertyValueSpecification","valueRequired":true,"valueName":"search_term_string"}}],"inLanguage":"fi"},{"@type":"Organization","@id":"https:\/\/www.castrum.ee\/fi\/#organization","name":"Castrum Grupp O\u00dc","url":"https:\/\/www.castrum.ee\/fi\/","logo":{"@type":"ImageObject","inLanguage":"fi","@id":"https:\/\/www.castrum.ee\/fi\/#\/schema\/logo\/image\/","url":"https:\/\/www.castrum.ee\/wp-content\/uploads\/2025\/03\/Castrum-logo-500.png","contentUrl":"https:\/\/www.castrum.ee\/wp-content\/uploads\/2025\/03\/Castrum-logo-500.png","width":500,"height":250,"caption":"Castrum Grupp O\u00dc"},"image":{"@id":"https:\/\/www.castrum.ee\/fi\/#\/schema\/logo\/image\/"},"sameAs":["https:\/\/www.facebook.com\/castrum.ee"]}]}},"_links":{"self":[{"href":"https:\/\/www.castrum.ee\/fi\/wp-json\/wp\/v2\/product\/80506","targetHints":{"allow":["GET"]}}],"collection":[{"href":"https:\/\/www.castrum.ee\/fi\/wp-json\/wp\/v2\/product"}],"about":[{"href":"https:\/\/www.castrum.ee\/fi\/wp-json\/wp\/v2\/types\/product"}],"wp:featuredmedia":[{"embeddable":true,"href":"https:\/\/www.castrum.ee\/fi\/wp-json\/wp\/v2\/media\/17563"}],"wp:attachment":[{"href":"https:\/\/www.castrum.ee\/fi\/wp-json\/wp\/v2\/media?parent=80506"}],"wp:term":[{"taxonomy":"mark-ja-mudel","embeddable":true,"href":"https:\/\/www.castrum.ee\/fi\/wp-json\/wp\/v2\/mark-ja-mudel?post=80506"},{"taxonomy":"product_brand","embeddable":true,"href":"https:\/\/www.castrum.ee\/fi\/wp-json\/wp\/v2\/product_brand?post=80506"},{"taxonomy":"product_cat","embeddable":true,"href":"https:\/\/www.castrum.ee\/fi\/wp-json\/wp\/v2\/product_cat?post=80506"},{"taxonomy":"product_tag","embeddable":true,"href":"https:\/\/www.castrum.ee\/fi\/wp-json\/wp\/v2\/product_tag?post=80506"}],"curies":[{"name":"wp","href":"https:\/\/api.w.org\/{rel}","templated":true}]}}