{"id":80780,"date":"2026-04-30T00:52:20","date_gmt":"2026-04-29T21:52:20","guid":{"rendered":"https:\/\/www.castrum.ee\/toode\/genevo-pro-ii-integroitava-laite-lrsgwn\/"},"modified":"2026-04-30T00:52:20","modified_gmt":"2026-04-29T21:52:20","slug":"genevo-pro-ii-integroitava-laite","status":"publish","type":"product","link":"https:\/\/www.castrum.ee\/fi\/toode\/genevo-pro-ii-integroitava-laite\/","title":{"rendered":"Genevo PRO II integroitava laite tutka varoitin"},"content":{"rendered":"<h2 class=\"step2\">MARKKINOIDEN EDISTYNEIN INTEGROITU J\u00c4RJESTELM\u00c4<\/h2>\n<p>PRO II on uusimmalla tutka-antennilla varustettu sis\u00e4\u00e4nrakennettu tutkavaroittin, jossa on koko Euroopan GPS-tietokanta ja yhteys johtavien valmistajien valinnaisiin laser-antureille.<\/p>\n<h2 class=\"step2\">VALLANKUMOUKSELLINEN TEKNOLOGIA<\/h2>\n<p>Kehitetty maksimaalisen mukavuuden varmistamiseksi, olipa kyseess\u00e4 sitten huippuluokan v\u00e4\u00e4r\u00e4n h\u00e4lytyksen suodatustekniikka, eleiden ohjaus, valoanturi tai ajoneuvon melusensori. PRO II:n ominaisuuksiin tottutte hetkess\u00e4.<\/p>\n<div class=\"col-12 col-lg-6 pl-lg-5 px-4 pb-3 align-self-center\">\n<h2 class=\"step2\">LUOTETTAVA<\/h2>\n<p>Hyv\u00e4ksytty ja laillinen k\u00e4ytt\u00f6\u00f6n valituissa Euroopan maissa. Kiitos 100 % RDD n\u00e4kym\u00e4tt\u00f6myyteen ja ainutlaatuisen muotoisen irrotettavan magneettisen suojan ansiosta, se ei her\u00e4t\u00e4 ei-toivottua huomiota.<\/p>\n<\/div>\n<div class=\"col-12 col-lg-6 py-3 py-lg-0\"><img decoding=\"async\" class=\"lazyload img-fluid\" src=\"data:image\/gif;base64,R0lGODlhAQABAAAAACH5BAEKAAEALAAAAAABAAEAAAICTAEAOw==\" data-orig-src=\"https:\/\/www.genevo.com\/img\/pro2_black.jpg\" width=\"569\" \/><\/div>\n<div>\n<div class=\"col-12 order-2 order-lg-0\"><img decoding=\"async\" class=\"lazyload img-fluid\" src=\"data:image\/gif;base64,R0lGODlhAQABAAAAACH5BAEKAAEALAAAAAABAAEAAAICTAEAOw==\" data-orig-src=\"https:\/\/www.genevo.com\/img\/pro2_front.jpg\" width=\"700\" \/><\/div>\n<div class=\"col-12 mt-n10 pt-10 pt-lg-0 text-center text-lg-left col-lg-6 offset-lg-6\">\n<div class=\"pt-1\">\n<h2 class=\"step2\"><img decoding=\"async\" class=\"lazyload align-bottom d-block mb-4 mb-lg-0 d-lg-inline mx-auto\" src=\"data:image\/gif;base64,R0lGODlhAQABAAAAACH5BAEKAAEALAAAAAABAAEAAAICTAEAOw==\" data-orig-src=\"https:\/\/www.genevo.com\/img\/shield.png\" width=\"46\" \/> TURVALLISESTI AJAMISEKSI<\/h2>\n<p>GENEVO PRO II:lla voit suojautua kaikilta poliisitutkeilta, mukaan lukien tyypillisesti huomaamattomat nykyaikaiset GATSO RT3 \/ RT4 tutkijat ja MultiRadarit, joita k\u00e4ytet\u00e4\u00e4n usein Euroopassa. Laitteessa on my\u00f6s punaisen valotuksen havaitsemistoiminto. Bonuksena GPS-tietokanta-p\u00e4ivitykset ovat ilmaisia.<\/p>\n<h2 class=\"step2\">HUOLELLINEN ASENNUS<\/h2>\n<p>Kunnioitamme ajoneuvosi sis\u00e4tilojen integriteettia. Jos autossasi on metallipinnoitteinen (l\u00e4mp\u00f6erist\u00e4v\u00e4) tuulilasi ja siksi kannettavalle detektorille sopimaton tai jos et yksinkertaisesti ole tuulilasille ripustetuista rumista johdoista ja kaapeleista, PRO II on sinulle paras ratkaisu.<\/p>\n<\/div>\n<\/div>\n<\/div>\n","protected":false},"excerpt":{"rendered":"<p>MARKKINOIDEN EDISTYNEIN INTEGROITU J\u00c4RJESTELM\u00c4 PRO II on uusimmalla tutka-antennilla varustettu sis\u00e4\u00e4nrakennettu tutkavaroittin, jossa on koko Euroopan GPS-tietokanta ja yhteys johtavien valmistajien valinnaisiin laser-antureille.<\/p>\n","protected":false},"featured_media":14420,"template":"","meta":{"_acf_changed":false},"mark-ja-mudel":[],"product_brand":[],"product_cat":[1089],"product_tag":[1116],"class_list":{"0":"post-80780","1":"product","2":"type-product","3":"status-publish","4":"has-post-thumbnail","6":"product_cat-tutkanpaljastimet","7":"product_tag-toimitus-2-3-paivaa","9":"first","10":"instock","11":"taxable","12":"shipping-taxable","13":"purchasable","14":"product-type-simple"},"bundled_by":[],"bundle_stock_status":"instock","bundle_stock_quantity":null,"bundle_virtual":false,"bundle_layout":"","bundle_add_to_cart_form_location":"","bundle_editable_in_cart":false,"bundle_sold_individually_context":"","bundle_item_grouping":"","bundle_min_size":"","bundle_max_size":"","bundle_price":[],"bundled_items":[],"bundle_sell_ids":[],"acf":[],"yoast_head":"<!-- This site is optimized with the Yoast SEO plugin v27.5 - https:\/\/yoast.com\/product\/yoast-seo-wordpress\/ -->\n<title>Genevo PRO II integroitava tutkavaroittin | Castrum<\/title>\n<meta name=\"description\" content=\"Genevo PRO II integroitava tutkavaroittin. Tutkavaroittimet ja tutkasuojat henkil\u00f6- ja maastoautoihin. Saatavana Suomessa - Castrum.fi\" \/>\n<meta name=\"robots\" content=\"index, follow, max-snippet:-1, max-image-preview:large, max-video-preview:-1\" \/>\n<link rel=\"canonical\" href=\"https:\/\/www.castrum.ee\/fi\/toode\/genevo-pro-ii-integroitava-laite\/\" \/>\n<meta property=\"og:locale\" content=\"fi_FI\" \/>\n<meta property=\"og:type\" content=\"article\" \/>\n<meta property=\"og:title\" content=\"Genevo PRO II integroitava tutkavaroittin | Castrum\" \/>\n<meta property=\"og:description\" content=\"Genevo PRO II integroitava tutkavaroittin. Tutkavaroittimet ja tutkasuojat henkil\u00f6- ja maastoautoihin. Saatavana Suomessa - Castrum.fi\" \/>\n<meta property=\"og:url\" content=\"https:\/\/www.castrum.ee\/fi\/toode\/genevo-pro-ii-integroitava-laite\/\" \/>\n<meta property=\"og:site_name\" content=\"Castrum\" \/>\n<meta property=\"article:publisher\" content=\"https:\/\/www.facebook.com\/castrum.ee\" \/>\n<meta property=\"og:image\" content=\"https:\/\/www.castrum.ee\/wp-content\/uploads\/2025\/08\/15E69382-0849-4A5E-B402-4297DBED172B.jpeg\" \/>\n\t<meta property=\"og:image:width\" content=\"700\" \/>\n\t<meta property=\"og:image:height\" content=\"323\" \/>\n\t<meta property=\"og:image:type\" content=\"image\/jpeg\" \/>\n<meta name=\"twitter:card\" content=\"summary_large_image\" \/>\n<meta name=\"twitter:label1\" content=\"Arvioitu lukuaika\" \/>\n\t<meta name=\"twitter:data1\" content=\"1 minuutti\" \/>\n<script type=\"application\/ld+json\" class=\"yoast-schema-graph\">{\"@context\":\"https:\\\/\\\/schema.org\",\"@graph\":[{\"@type\":\"WebPage\",\"@id\":\"https:\\\/\\\/www.castrum.ee\\\/fi\\\/toode\\\/genevo-pro-ii-integroitava-laite\\\/\",\"url\":\"https:\\\/\\\/www.castrum.ee\\\/fi\\\/toode\\\/genevo-pro-ii-integroitava-laite\\\/\",\"name\":\"Genevo PRO II integroitava tutkavaroittin | Castrum\",\"isPartOf\":{\"@id\":\"https:\\\/\\\/www.castrum.ee\\\/fi\\\/#website\"},\"primaryImageOfPage\":{\"@id\":\"https:\\\/\\\/www.castrum.ee\\\/fi\\\/toode\\\/genevo-pro-ii-integroitava-laite\\\/#primaryimage\"},\"image\":{\"@id\":\"https:\\\/\\\/www.castrum.ee\\\/fi\\\/toode\\\/genevo-pro-ii-integroitava-laite\\\/#primaryimage\"},\"thumbnailUrl\":\"https:\\\/\\\/www.castrum.ee\\\/wp-content\\\/uploads\\\/2025\\\/08\\\/15E69382-0849-4A5E-B402-4297DBED172B.jpeg\",\"datePublished\":\"2026-04-29T21:52:20+00:00\",\"description\":\"Genevo PRO II integroitava tutkavaroittin. Tutkavaroittimet ja tutkasuojat henkil\u00f6- ja maastoautoihin. Saatavana Suomessa - Castrum.fi\",\"breadcrumb\":{\"@id\":\"https:\\\/\\\/www.castrum.ee\\\/fi\\\/toode\\\/genevo-pro-ii-integroitava-laite\\\/#breadcrumb\"},\"inLanguage\":\"fi\",\"potentialAction\":[{\"@type\":\"ReadAction\",\"target\":[\"https:\\\/\\\/www.castrum.ee\\\/fi\\\/toode\\\/genevo-pro-ii-integroitava-laite\\\/\"]}]},{\"@type\":\"ImageObject\",\"inLanguage\":\"fi\",\"@id\":\"https:\\\/\\\/www.castrum.ee\\\/fi\\\/toode\\\/genevo-pro-ii-integroitava-laite\\\/#primaryimage\",\"url\":\"https:\\\/\\\/www.castrum.ee\\\/wp-content\\\/uploads\\\/2025\\\/08\\\/15E69382-0849-4A5E-B402-4297DBED172B.jpeg\",\"contentUrl\":\"https:\\\/\\\/www.castrum.ee\\\/wp-content\\\/uploads\\\/2025\\\/08\\\/15E69382-0849-4A5E-B402-4297DBED172B.jpeg\",\"width\":700,\"height\":323},{\"@type\":\"BreadcrumbList\",\"@id\":\"https:\\\/\\\/www.castrum.ee\\\/fi\\\/toode\\\/genevo-pro-ii-integroitava-laite\\\/#breadcrumb\",\"itemListElement\":[{\"@type\":\"ListItem\",\"position\":1,\"name\":\"Home\",\"item\":\"https:\\\/\\\/www.castrum.ee\\\/fi\\\/kotisivu\\\/\"},{\"@type\":\"ListItem\",\"position\":2,\"name\":\"Verkkokauppa\",\"item\":\"https:\\\/\\\/www.castrum.ee\\\/fi\\\/kauppa\\\/\"},{\"@type\":\"ListItem\",\"position\":3,\"name\":\"Genevo PRO II integroitava laite tutka varoitin\"}]},{\"@type\":\"WebSite\",\"@id\":\"https:\\\/\\\/www.castrum.ee\\\/fi\\\/#website\",\"url\":\"https:\\\/\\\/www.castrum.ee\\\/fi\\\/\",\"name\":\"Castrum\",\"description\":\"Maastoautojen, henkil\u00f6autojen ja pienvaunujen lis\u00e4varusteet\",\"publisher\":{\"@id\":\"https:\\\/\\\/www.castrum.ee\\\/fi\\\/#organization\"},\"potentialAction\":[{\"@type\":\"SearchAction\",\"target\":{\"@type\":\"EntryPoint\",\"urlTemplate\":\"https:\\\/\\\/www.castrum.ee\\\/fi\\\/?s={search_term_string}\"},\"query-input\":{\"@type\":\"PropertyValueSpecification\",\"valueRequired\":true,\"valueName\":\"search_term_string\"}}],\"inLanguage\":\"fi\"},{\"@type\":\"Organization\",\"@id\":\"https:\\\/\\\/www.castrum.ee\\\/fi\\\/#organization\",\"name\":\"Castrum Grupp O\u00dc\",\"url\":\"https:\\\/\\\/www.castrum.ee\\\/fi\\\/\",\"logo\":{\"@type\":\"ImageObject\",\"inLanguage\":\"fi\",\"@id\":\"https:\\\/\\\/www.castrum.ee\\\/fi\\\/#\\\/schema\\\/logo\\\/image\\\/\",\"url\":\"https:\\\/\\\/www.castrum.ee\\\/wp-content\\\/uploads\\\/2025\\\/03\\\/Castrum-logo-500.png\",\"contentUrl\":\"https:\\\/\\\/www.castrum.ee\\\/wp-content\\\/uploads\\\/2025\\\/03\\\/Castrum-logo-500.png\",\"width\":500,\"height\":250,\"caption\":\"Castrum Grupp O\u00dc\"},\"image\":{\"@id\":\"https:\\\/\\\/www.castrum.ee\\\/fi\\\/#\\\/schema\\\/logo\\\/image\\\/\"},\"sameAs\":[\"https:\\\/\\\/www.facebook.com\\\/castrum.ee\"]}]}<\/script>\n<!-- \/ Yoast SEO plugin. -->","yoast_head_json":{"title":"Genevo PRO II integroitava tutkavaroittin | Castrum","description":"Genevo PRO II integroitava tutkavaroittin. Tutkavaroittimet ja tutkasuojat henkil\u00f6- ja maastoautoihin. Saatavana Suomessa - Castrum.fi","robots":{"index":"index","follow":"follow","max-snippet":"max-snippet:-1","max-image-preview":"max-image-preview:large","max-video-preview":"max-video-preview:-1"},"canonical":"https:\/\/www.castrum.ee\/fi\/toode\/genevo-pro-ii-integroitava-laite\/","og_locale":"fi_FI","og_type":"article","og_title":"Genevo PRO II integroitava tutkavaroittin | Castrum","og_description":"Genevo PRO II integroitava tutkavaroittin. Tutkavaroittimet ja tutkasuojat henkil\u00f6- ja maastoautoihin. Saatavana Suomessa - Castrum.fi","og_url":"https:\/\/www.castrum.ee\/fi\/toode\/genevo-pro-ii-integroitava-laite\/","og_site_name":"Castrum","article_publisher":"https:\/\/www.facebook.com\/castrum.ee","og_image":[{"width":700,"height":323,"url":"https:\/\/www.castrum.ee\/wp-content\/uploads\/2025\/08\/15E69382-0849-4A5E-B402-4297DBED172B.jpeg","type":"image\/jpeg"}],"twitter_card":"summary_large_image","twitter_misc":{"Arvioitu lukuaika":"1 minuutti"},"schema":{"@context":"https:\/\/schema.org","@graph":[{"@type":"WebPage","@id":"https:\/\/www.castrum.ee\/fi\/toode\/genevo-pro-ii-integroitava-laite\/","url":"https:\/\/www.castrum.ee\/fi\/toode\/genevo-pro-ii-integroitava-laite\/","name":"Genevo PRO II integroitava tutkavaroittin | Castrum","isPartOf":{"@id":"https:\/\/www.castrum.ee\/fi\/#website"},"primaryImageOfPage":{"@id":"https:\/\/www.castrum.ee\/fi\/toode\/genevo-pro-ii-integroitava-laite\/#primaryimage"},"image":{"@id":"https:\/\/www.castrum.ee\/fi\/toode\/genevo-pro-ii-integroitava-laite\/#primaryimage"},"thumbnailUrl":"https:\/\/www.castrum.ee\/wp-content\/uploads\/2025\/08\/15E69382-0849-4A5E-B402-4297DBED172B.jpeg","datePublished":"2026-04-29T21:52:20+00:00","description":"Genevo PRO II integroitava tutkavaroittin. Tutkavaroittimet ja tutkasuojat henkil\u00f6- ja maastoautoihin. Saatavana Suomessa - Castrum.fi","breadcrumb":{"@id":"https:\/\/www.castrum.ee\/fi\/toode\/genevo-pro-ii-integroitava-laite\/#breadcrumb"},"inLanguage":"fi","potentialAction":[{"@type":"ReadAction","target":["https:\/\/www.castrum.ee\/fi\/toode\/genevo-pro-ii-integroitava-laite\/"]}]},{"@type":"ImageObject","inLanguage":"fi","@id":"https:\/\/www.castrum.ee\/fi\/toode\/genevo-pro-ii-integroitava-laite\/#primaryimage","url":"https:\/\/www.castrum.ee\/wp-content\/uploads\/2025\/08\/15E69382-0849-4A5E-B402-4297DBED172B.jpeg","contentUrl":"https:\/\/www.castrum.ee\/wp-content\/uploads\/2025\/08\/15E69382-0849-4A5E-B402-4297DBED172B.jpeg","width":700,"height":323},{"@type":"BreadcrumbList","@id":"https:\/\/www.castrum.ee\/fi\/toode\/genevo-pro-ii-integroitava-laite\/#breadcrumb","itemListElement":[{"@type":"ListItem","position":1,"name":"Home","item":"https:\/\/www.castrum.ee\/fi\/kotisivu\/"},{"@type":"ListItem","position":2,"name":"Verkkokauppa","item":"https:\/\/www.castrum.ee\/fi\/kauppa\/"},{"@type":"ListItem","position":3,"name":"Genevo PRO II integroitava laite tutka varoitin"}]},{"@type":"WebSite","@id":"https:\/\/www.castrum.ee\/fi\/#website","url":"https:\/\/www.castrum.ee\/fi\/","name":"Castrum","description":"Maastoautojen, henkil\u00f6autojen ja pienvaunujen lis\u00e4varusteet","publisher":{"@id":"https:\/\/www.castrum.ee\/fi\/#organization"},"potentialAction":[{"@type":"SearchAction","target":{"@type":"EntryPoint","urlTemplate":"https:\/\/www.castrum.ee\/fi\/?s={search_term_string}"},"query-input":{"@type":"PropertyValueSpecification","valueRequired":true,"valueName":"search_term_string"}}],"inLanguage":"fi"},{"@type":"Organization","@id":"https:\/\/www.castrum.ee\/fi\/#organization","name":"Castrum Grupp O\u00dc","url":"https:\/\/www.castrum.ee\/fi\/","logo":{"@type":"ImageObject","inLanguage":"fi","@id":"https:\/\/www.castrum.ee\/fi\/#\/schema\/logo\/image\/","url":"https:\/\/www.castrum.ee\/wp-content\/uploads\/2025\/03\/Castrum-logo-500.png","contentUrl":"https:\/\/www.castrum.ee\/wp-content\/uploads\/2025\/03\/Castrum-logo-500.png","width":500,"height":250,"caption":"Castrum Grupp O\u00dc"},"image":{"@id":"https:\/\/www.castrum.ee\/fi\/#\/schema\/logo\/image\/"},"sameAs":["https:\/\/www.facebook.com\/castrum.ee"]}]}},"_links":{"self":[{"href":"https:\/\/www.castrum.ee\/fi\/wp-json\/wp\/v2\/product\/80780","targetHints":{"allow":["GET"]}}],"collection":[{"href":"https:\/\/www.castrum.ee\/fi\/wp-json\/wp\/v2\/product"}],"about":[{"href":"https:\/\/www.castrum.ee\/fi\/wp-json\/wp\/v2\/types\/product"}],"wp:featuredmedia":[{"embeddable":true,"href":"https:\/\/www.castrum.ee\/fi\/wp-json\/wp\/v2\/media\/14420"}],"wp:attachment":[{"href":"https:\/\/www.castrum.ee\/fi\/wp-json\/wp\/v2\/media?parent=80780"}],"wp:term":[{"taxonomy":"mark-ja-mudel","embeddable":true,"href":"https:\/\/www.castrum.ee\/fi\/wp-json\/wp\/v2\/mark-ja-mudel?post=80780"},{"taxonomy":"product_brand","embeddable":true,"href":"https:\/\/www.castrum.ee\/fi\/wp-json\/wp\/v2\/product_brand?post=80780"},{"taxonomy":"product_cat","embeddable":true,"href":"https:\/\/www.castrum.ee\/fi\/wp-json\/wp\/v2\/product_cat?post=80780"},{"taxonomy":"product_tag","embeddable":true,"href":"https:\/\/www.castrum.ee\/fi\/wp-json\/wp\/v2\/product_tag?post=80780"}],"curies":[{"name":"wp","href":"https:\/\/api.w.org\/{rel}","templated":true}]}}