{"id":80781,"date":"2025-08-26T10:13:27","date_gmt":"2025-08-26T07:13:27","guid":{"rendered":"https:\/\/www.castrum.ee\/toode\/al-priority-tutkavaroitin-laser-jammer-bluetooth-moduuli-kahden-anturin-integroitava-laite-nm9fjc\/"},"modified":"2026-05-12T15:26:09","modified_gmt":"2026-05-12T12:26:09","slug":"al-priority-tutkavaroitin-laser-jammer-bluetooth-moduuli-kahden-anturin-integroitava-laite","status":"publish","type":"product","link":"https:\/\/www.castrum.ee\/fi\/toode\/al-priority-tutkavaroitin-laser-jammer-bluetooth-moduuli-kahden-anturin-integroitava-laite\/","title":{"rendered":"AL Priority tutkavaroitin laser jammer + Bluetooth-moduuli (kahden anturin), integroitava laitteen"},"content":{"rendered":"<h5>AL PRIORITY kahden anturin sarjassa sis\u00e4ltyy:<\/h5>\n<div class=\"advanced_wp_columns_wrapper null\">\n<div class=\"advanced_wp_column null\">\n<h4><strong>Ohjausyksikk\u00f6<\/strong><\/h4>\n<div>\n<ul>\n<li>Ohjauslaatikko<\/li>\n<li>Ohjaussarja<\/li>\n<li>Virtakaapeli<\/li>\n<li>LED-kaapeli<\/li>\n<li>Asennukseen tarvittavat osia<\/li>\n<\/ul>\n<\/div>\n<\/div>\n<div class=\"advanced_wp_gutter null\"><strong>2 anturiyksik\u00f6\u00e4<\/strong><\/div>\n<div class=\"advanced_wp_column null\">\n<div>\n<ul>\n<li>Laser-anturit x2<\/li>\n<li>Anturien kaapelit x2<\/li>\n<li>Asennusv\u00e4lineet x2<\/li>\n<li>Asennukseen tarvittavat osia.<\/li>\n<\/ul>\n<\/div>\n<\/div>\n<p>Pienin anturi omassa suoritusluokassaan, eritt\u00e4in herkk\u00e4 laser-h\u00e4iri\u00f6ille.<\/p>\n<p>Nelj\u00e4n detektori diodin ansiosta AL Priority tarjoaa paljon paremman laajan kulma-alueen anturile (jopa \u00b1 15 \u00b0 H \u00b1 15 \u00b0 V).<\/p>\n<p>Ensimm\u00e4inen j\u00e4rjestelm\u00e4, joka sis\u00e4lt\u00e4\u00e4 kaksinkertaisen 16\/32 bitti prosessorin, joka toimii yli 100 MHz. Ainutlaatuinen tehonsuodatus ja stabiloivat komponentit mahdollistavat ALP:n toiminnan 10V:sta 17V:n virtal\u00e4hteeseen.<\/p>\n<\/div>\n<p>Superior Laser Detection -patentoitu teknologia tekee antuurista v\u00e4hint\u00e4\u00e4n 40-100 % tehokkaamman kuin kilpailijoiden tuotteet.<\/p>\n<p>AL Priority on ensimm\u00e4inen tuote markkinoilla, joka on aina ohjelmistollisesti p\u00e4ivitett\u00e4v\u00e4 ja konfiguroitava USB-muistitikulla. Anturin erottelukyvyn ansiosta k\u00e4ytt\u00e4j\u00e4\u00e4 ilmoitetaan siit\u00e4, mik\u00e4 anturi antaa varoituksen. Lis\u00e4ksi kehittyneen itsetestaustoiminnon ansiosta k\u00e4ytt\u00e4j\u00e4 on ajoissa tietoinen mist\u00e4 tahansa katkoksesta tai toimintah\u00e4iri\u00f6st\u00e4.<\/p>\n<p>&nbsp;<\/p>\n","protected":false},"excerpt":{"rendered":"<p>AL Priority -tutkavalvontah\u00e4irint\u00e4laite ja laser jammer integroidulla Bluetooth-moduulilla, kahden anturin paketti. Laite on tarkoitettu LIDAR-tyyppisi\u00e4 nopeusvalvontaj\u00e4rjestelmi\u00e4 vastaan siell\u00e4, miss\u00e4 k\u00e4ytt\u00f6 on laillista.<\/p>\n","protected":false},"featured_media":14417,"template":"","meta":{"_acf_changed":false},"mark-ja-mudel":[],"product_brand":[2096],"product_cat":[1089],"product_tag":[1116],"class_list":{"0":"post-80781","1":"product","2":"type-product","3":"status-publish","4":"has-post-thumbnail","6":"product_brand-al-priority-fi","7":"product_cat-tutkanpaljastimet","8":"product_tag-toimitus-2-3-paivaa","10":"first","11":"instock","12":"taxable","13":"shipping-taxable","14":"purchasable","15":"product-type-simple"},"bundled_by":[],"bundle_stock_status":"instock","bundle_stock_quantity":null,"bundle_virtual":false,"bundle_layout":"","bundle_add_to_cart_form_location":"","bundle_editable_in_cart":false,"bundle_sold_individually_context":"","bundle_item_grouping":"","bundle_min_size":"","bundle_max_size":"","bundle_price":[],"bundled_items":[],"bundle_sell_ids":[],"acf":[],"yoast_head":"<!-- This site is optimized with the Yoast SEO plugin v27.5 - https:\/\/yoast.com\/product\/yoast-seo-wordpress\/ -->\n<title>AL Priority tutkavaroitin laser jammer + Bluetooth | Castrum<\/title>\n<meta name=\"description\" content=\"AL Priority tutkavaroitin laser jammer + Bluetooth-moduuli (kahden anturin). Tehokas laser-anturi auton ja maasturin lisavarustus.\" \/>\n<meta name=\"robots\" content=\"index, follow, max-snippet:-1, max-image-preview:large, max-video-preview:-1\" \/>\n<link rel=\"canonical\" href=\"https:\/\/www.castrum.ee\/fi\/toode\/al-priority-tutkavaroitin-laser-jammer-bluetooth-moduuli-kahden-anturin-integroitava-laite\/\" \/>\n<meta property=\"og:locale\" content=\"fi_FI\" \/>\n<meta property=\"og:type\" content=\"article\" \/>\n<meta property=\"og:title\" content=\"AL Priority tutkavaroitin laser jammer + Bluetooth | Castrum\" \/>\n<meta property=\"og:description\" content=\"AL Priority tutkavaroitin laser jammer + Bluetooth-moduuli (kahden anturin). Tehokas laser-anturi auton ja maasturin lisavarustus.\" \/>\n<meta property=\"og:url\" content=\"https:\/\/www.castrum.ee\/fi\/toode\/al-priority-tutkavaroitin-laser-jammer-bluetooth-moduuli-kahden-anturin-integroitava-laite\/\" \/>\n<meta property=\"og:site_name\" content=\"Castrum\" \/>\n<meta property=\"article:publisher\" content=\"https:\/\/www.facebook.com\/castrum.ee\" \/>\n<meta property=\"article:modified_time\" content=\"2026-05-12T12:26:09+00:00\" \/>\n<meta property=\"og:image\" content=\"https:\/\/www.castrum.ee\/wp-content\/uploads\/2025\/08\/8F936691-BD25-4B80-A785-210EAD670537.jpeg\" \/>\n\t<meta property=\"og:image:width\" content=\"1247\" \/>\n\t<meta property=\"og:image:height\" content=\"1080\" \/>\n\t<meta property=\"og:image:type\" content=\"image\/jpeg\" \/>\n<meta name=\"twitter:card\" content=\"summary_large_image\" \/>\n<meta name=\"twitter:label1\" content=\"Arvioitu lukuaika\" \/>\n\t<meta name=\"twitter:data1\" content=\"1 minuutti\" \/>\n<script type=\"application\/ld+json\" class=\"yoast-schema-graph\">{\"@context\":\"https:\\\/\\\/schema.org\",\"@graph\":[{\"@type\":\"WebPage\",\"@id\":\"https:\\\/\\\/www.castrum.ee\\\/fi\\\/toode\\\/al-priority-tutkavaroitin-laser-jammer-bluetooth-moduuli-kahden-anturin-integroitava-laite\\\/\",\"url\":\"https:\\\/\\\/www.castrum.ee\\\/fi\\\/toode\\\/al-priority-tutkavaroitin-laser-jammer-bluetooth-moduuli-kahden-anturin-integroitava-laite\\\/\",\"name\":\"AL Priority tutkavaroitin laser jammer + Bluetooth | Castrum\",\"isPartOf\":{\"@id\":\"https:\\\/\\\/www.castrum.ee\\\/fi\\\/#website\"},\"primaryImageOfPage\":{\"@id\":\"https:\\\/\\\/www.castrum.ee\\\/fi\\\/toode\\\/al-priority-tutkavaroitin-laser-jammer-bluetooth-moduuli-kahden-anturin-integroitava-laite\\\/#primaryimage\"},\"image\":{\"@id\":\"https:\\\/\\\/www.castrum.ee\\\/fi\\\/toode\\\/al-priority-tutkavaroitin-laser-jammer-bluetooth-moduuli-kahden-anturin-integroitava-laite\\\/#primaryimage\"},\"thumbnailUrl\":\"https:\\\/\\\/www.castrum.ee\\\/wp-content\\\/uploads\\\/2025\\\/08\\\/8F936691-BD25-4B80-A785-210EAD670537.jpeg\",\"datePublished\":\"2025-08-26T07:13:27+00:00\",\"dateModified\":\"2026-05-12T12:26:09+00:00\",\"description\":\"AL Priority tutkavaroitin laser jammer + Bluetooth-moduuli (kahden anturin). Tehokas laser-anturi auton ja maasturin lisavarustus.\",\"breadcrumb\":{\"@id\":\"https:\\\/\\\/www.castrum.ee\\\/fi\\\/toode\\\/al-priority-tutkavaroitin-laser-jammer-bluetooth-moduuli-kahden-anturin-integroitava-laite\\\/#breadcrumb\"},\"inLanguage\":\"fi\",\"potentialAction\":[{\"@type\":\"ReadAction\",\"target\":[\"https:\\\/\\\/www.castrum.ee\\\/fi\\\/toode\\\/al-priority-tutkavaroitin-laser-jammer-bluetooth-moduuli-kahden-anturin-integroitava-laite\\\/\"]}]},{\"@type\":\"ImageObject\",\"inLanguage\":\"fi\",\"@id\":\"https:\\\/\\\/www.castrum.ee\\\/fi\\\/toode\\\/al-priority-tutkavaroitin-laser-jammer-bluetooth-moduuli-kahden-anturin-integroitava-laite\\\/#primaryimage\",\"url\":\"https:\\\/\\\/www.castrum.ee\\\/wp-content\\\/uploads\\\/2025\\\/08\\\/8F936691-BD25-4B80-A785-210EAD670537.jpeg\",\"contentUrl\":\"https:\\\/\\\/www.castrum.ee\\\/wp-content\\\/uploads\\\/2025\\\/08\\\/8F936691-BD25-4B80-A785-210EAD670537.jpeg\",\"width\":1247,\"height\":1080},{\"@type\":\"BreadcrumbList\",\"@id\":\"https:\\\/\\\/www.castrum.ee\\\/fi\\\/toode\\\/al-priority-tutkavaroitin-laser-jammer-bluetooth-moduuli-kahden-anturin-integroitava-laite\\\/#breadcrumb\",\"itemListElement\":[{\"@type\":\"ListItem\",\"position\":1,\"name\":\"Home\",\"item\":\"https:\\\/\\\/www.castrum.ee\\\/fi\\\/kotisivu\\\/\"},{\"@type\":\"ListItem\",\"position\":2,\"name\":\"Verkkokauppa\",\"item\":\"https:\\\/\\\/www.castrum.ee\\\/fi\\\/kauppa\\\/\"},{\"@type\":\"ListItem\",\"position\":3,\"name\":\"AL Priority tutkavaroitin laser jammer + Bluetooth-moduuli (kahden anturin), integroitava laitteen\"}]},{\"@type\":\"WebSite\",\"@id\":\"https:\\\/\\\/www.castrum.ee\\\/fi\\\/#website\",\"url\":\"https:\\\/\\\/www.castrum.ee\\\/fi\\\/\",\"name\":\"Castrum\",\"description\":\"Maastoautojen, henkil\u00f6autojen ja pienvaunujen lis\u00e4varusteet\",\"publisher\":{\"@id\":\"https:\\\/\\\/www.castrum.ee\\\/fi\\\/#organization\"},\"potentialAction\":[{\"@type\":\"SearchAction\",\"target\":{\"@type\":\"EntryPoint\",\"urlTemplate\":\"https:\\\/\\\/www.castrum.ee\\\/fi\\\/?s={search_term_string}\"},\"query-input\":{\"@type\":\"PropertyValueSpecification\",\"valueRequired\":true,\"valueName\":\"search_term_string\"}}],\"inLanguage\":\"fi\"},{\"@type\":\"Organization\",\"@id\":\"https:\\\/\\\/www.castrum.ee\\\/fi\\\/#organization\",\"name\":\"Castrum Grupp O\u00dc\",\"url\":\"https:\\\/\\\/www.castrum.ee\\\/fi\\\/\",\"logo\":{\"@type\":\"ImageObject\",\"inLanguage\":\"fi\",\"@id\":\"https:\\\/\\\/www.castrum.ee\\\/fi\\\/#\\\/schema\\\/logo\\\/image\\\/\",\"url\":\"https:\\\/\\\/www.castrum.ee\\\/wp-content\\\/uploads\\\/2025\\\/03\\\/Castrum-logo-500.png\",\"contentUrl\":\"https:\\\/\\\/www.castrum.ee\\\/wp-content\\\/uploads\\\/2025\\\/03\\\/Castrum-logo-500.png\",\"width\":500,\"height\":250,\"caption\":\"Castrum Grupp O\u00dc\"},\"image\":{\"@id\":\"https:\\\/\\\/www.castrum.ee\\\/fi\\\/#\\\/schema\\\/logo\\\/image\\\/\"},\"sameAs\":[\"https:\\\/\\\/www.facebook.com\\\/castrum.ee\"]}]}<\/script>\n<!-- \/ Yoast SEO plugin. -->","yoast_head_json":{"title":"AL Priority tutkavaroitin laser jammer + Bluetooth | Castrum","description":"AL Priority tutkavaroitin laser jammer + Bluetooth-moduuli (kahden anturin). Tehokas laser-anturi auton ja maasturin lisavarustus.","robots":{"index":"index","follow":"follow","max-snippet":"max-snippet:-1","max-image-preview":"max-image-preview:large","max-video-preview":"max-video-preview:-1"},"canonical":"https:\/\/www.castrum.ee\/fi\/toode\/al-priority-tutkavaroitin-laser-jammer-bluetooth-moduuli-kahden-anturin-integroitava-laite\/","og_locale":"fi_FI","og_type":"article","og_title":"AL Priority tutkavaroitin laser jammer + Bluetooth | Castrum","og_description":"AL Priority tutkavaroitin laser jammer + Bluetooth-moduuli (kahden anturin). Tehokas laser-anturi auton ja maasturin lisavarustus.","og_url":"https:\/\/www.castrum.ee\/fi\/toode\/al-priority-tutkavaroitin-laser-jammer-bluetooth-moduuli-kahden-anturin-integroitava-laite\/","og_site_name":"Castrum","article_publisher":"https:\/\/www.facebook.com\/castrum.ee","article_modified_time":"2026-05-12T12:26:09+00:00","og_image":[{"width":1247,"height":1080,"url":"https:\/\/www.castrum.ee\/wp-content\/uploads\/2025\/08\/8F936691-BD25-4B80-A785-210EAD670537.jpeg","type":"image\/jpeg"}],"twitter_card":"summary_large_image","twitter_misc":{"Arvioitu lukuaika":"1 minuutti"},"schema":{"@context":"https:\/\/schema.org","@graph":[{"@type":"WebPage","@id":"https:\/\/www.castrum.ee\/fi\/toode\/al-priority-tutkavaroitin-laser-jammer-bluetooth-moduuli-kahden-anturin-integroitava-laite\/","url":"https:\/\/www.castrum.ee\/fi\/toode\/al-priority-tutkavaroitin-laser-jammer-bluetooth-moduuli-kahden-anturin-integroitava-laite\/","name":"AL Priority tutkavaroitin laser jammer + Bluetooth | Castrum","isPartOf":{"@id":"https:\/\/www.castrum.ee\/fi\/#website"},"primaryImageOfPage":{"@id":"https:\/\/www.castrum.ee\/fi\/toode\/al-priority-tutkavaroitin-laser-jammer-bluetooth-moduuli-kahden-anturin-integroitava-laite\/#primaryimage"},"image":{"@id":"https:\/\/www.castrum.ee\/fi\/toode\/al-priority-tutkavaroitin-laser-jammer-bluetooth-moduuli-kahden-anturin-integroitava-laite\/#primaryimage"},"thumbnailUrl":"https:\/\/www.castrum.ee\/wp-content\/uploads\/2025\/08\/8F936691-BD25-4B80-A785-210EAD670537.jpeg","datePublished":"2025-08-26T07:13:27+00:00","dateModified":"2026-05-12T12:26:09+00:00","description":"AL Priority tutkavaroitin laser jammer + Bluetooth-moduuli (kahden anturin). Tehokas laser-anturi auton ja maasturin lisavarustus.","breadcrumb":{"@id":"https:\/\/www.castrum.ee\/fi\/toode\/al-priority-tutkavaroitin-laser-jammer-bluetooth-moduuli-kahden-anturin-integroitava-laite\/#breadcrumb"},"inLanguage":"fi","potentialAction":[{"@type":"ReadAction","target":["https:\/\/www.castrum.ee\/fi\/toode\/al-priority-tutkavaroitin-laser-jammer-bluetooth-moduuli-kahden-anturin-integroitava-laite\/"]}]},{"@type":"ImageObject","inLanguage":"fi","@id":"https:\/\/www.castrum.ee\/fi\/toode\/al-priority-tutkavaroitin-laser-jammer-bluetooth-moduuli-kahden-anturin-integroitava-laite\/#primaryimage","url":"https:\/\/www.castrum.ee\/wp-content\/uploads\/2025\/08\/8F936691-BD25-4B80-A785-210EAD670537.jpeg","contentUrl":"https:\/\/www.castrum.ee\/wp-content\/uploads\/2025\/08\/8F936691-BD25-4B80-A785-210EAD670537.jpeg","width":1247,"height":1080},{"@type":"BreadcrumbList","@id":"https:\/\/www.castrum.ee\/fi\/toode\/al-priority-tutkavaroitin-laser-jammer-bluetooth-moduuli-kahden-anturin-integroitava-laite\/#breadcrumb","itemListElement":[{"@type":"ListItem","position":1,"name":"Home","item":"https:\/\/www.castrum.ee\/fi\/kotisivu\/"},{"@type":"ListItem","position":2,"name":"Verkkokauppa","item":"https:\/\/www.castrum.ee\/fi\/kauppa\/"},{"@type":"ListItem","position":3,"name":"AL Priority tutkavaroitin laser jammer + Bluetooth-moduuli (kahden anturin), integroitava laitteen"}]},{"@type":"WebSite","@id":"https:\/\/www.castrum.ee\/fi\/#website","url":"https:\/\/www.castrum.ee\/fi\/","name":"Castrum","description":"Maastoautojen, henkil\u00f6autojen ja pienvaunujen lis\u00e4varusteet","publisher":{"@id":"https:\/\/www.castrum.ee\/fi\/#organization"},"potentialAction":[{"@type":"SearchAction","target":{"@type":"EntryPoint","urlTemplate":"https:\/\/www.castrum.ee\/fi\/?s={search_term_string}"},"query-input":{"@type":"PropertyValueSpecification","valueRequired":true,"valueName":"search_term_string"}}],"inLanguage":"fi"},{"@type":"Organization","@id":"https:\/\/www.castrum.ee\/fi\/#organization","name":"Castrum Grupp O\u00dc","url":"https:\/\/www.castrum.ee\/fi\/","logo":{"@type":"ImageObject","inLanguage":"fi","@id":"https:\/\/www.castrum.ee\/fi\/#\/schema\/logo\/image\/","url":"https:\/\/www.castrum.ee\/wp-content\/uploads\/2025\/03\/Castrum-logo-500.png","contentUrl":"https:\/\/www.castrum.ee\/wp-content\/uploads\/2025\/03\/Castrum-logo-500.png","width":500,"height":250,"caption":"Castrum Grupp O\u00dc"},"image":{"@id":"https:\/\/www.castrum.ee\/fi\/#\/schema\/logo\/image\/"},"sameAs":["https:\/\/www.facebook.com\/castrum.ee"]}]}},"_links":{"self":[{"href":"https:\/\/www.castrum.ee\/fi\/wp-json\/wp\/v2\/product\/80781","targetHints":{"allow":["GET"]}}],"collection":[{"href":"https:\/\/www.castrum.ee\/fi\/wp-json\/wp\/v2\/product"}],"about":[{"href":"https:\/\/www.castrum.ee\/fi\/wp-json\/wp\/v2\/types\/product"}],"wp:featuredmedia":[{"embeddable":true,"href":"https:\/\/www.castrum.ee\/fi\/wp-json\/wp\/v2\/media\/14417"}],"wp:attachment":[{"href":"https:\/\/www.castrum.ee\/fi\/wp-json\/wp\/v2\/media?parent=80781"}],"wp:term":[{"taxonomy":"mark-ja-mudel","embeddable":true,"href":"https:\/\/www.castrum.ee\/fi\/wp-json\/wp\/v2\/mark-ja-mudel?post=80781"},{"taxonomy":"product_brand","embeddable":true,"href":"https:\/\/www.castrum.ee\/fi\/wp-json\/wp\/v2\/product_brand?post=80781"},{"taxonomy":"product_cat","embeddable":true,"href":"https:\/\/www.castrum.ee\/fi\/wp-json\/wp\/v2\/product_cat?post=80781"},{"taxonomy":"product_tag","embeddable":true,"href":"https:\/\/www.castrum.ee\/fi\/wp-json\/wp\/v2\/product_tag?post=80781"}],"curies":[{"name":"wp","href":"https:\/\/api.w.org\/{rel}","templated":true}]}}