{"id":80782,"date":"2025-08-26T10:13:27","date_gmt":"2025-08-26T07:13:27","guid":{"rendered":"https:\/\/www.castrum.ee\/toode\/genevo-one-m-kannettava-tutka-varoitin-9lplpf\/"},"modified":"2026-05-12T15:26:09","modified_gmt":"2026-05-12T12:26:09","slug":"genevo-one-m-kannettava-tutka-varoitin","status":"publish","type":"product","link":"https:\/\/www.castrum.ee\/fi\/toode\/genevo-one-m-kannettava-tutka-varoitin\/","title":{"rendered":"GENEVO ONE M kannettava laitteen tutka-varoitin"},"content":{"rendered":"<h2 class=\"step2 lh text-uppercase\">KAIKKIEN AJOJEN ERINOMAINEN TUTKAANTURI<\/h2>\n<p>Poliisin liikennek\u00e4yt\u00e4nn\u00f6t ja nopeuden mittaustekniikka vaihtelevat maittain. Siksi kehitimme erityisen Euroopan tutka-varoittimen &#8211; GENEVO ONE M, joka kykenee havaitsemaan kaikki uudet nopeuskamerat, joita k\u00e4ytet\u00e4\u00e4n kaikkialla Euroopassa.<\/p>\n<h2 class=\"step2 lh text-uppercase\">ERINOMAINEN SUORITUSKYKY PERUSTEELLISEN TESTAUKSEN ANSIOSTA<\/h2>\n<p>GENEVO tutka-varoittimillamme varustetut testiajoneuvokalusto liikkuu kaikkialla Euroopassa ja ker\u00e4\u00e4 tietoja ja dataa nopeuden mittausmenetelmist\u00e4. T\u00e4m\u00e4 mahdollistaa sen, ett\u00e4 GENEVO ONE M voi perinteisten teknologioiden lis\u00e4ksi havaita my\u00f6s uusimmat GATSO-tutkat ja MultaRadar-tutkat.<\/p>\n<h3>MIT\u00c4 PAKKAUKSESSA ON?<\/h3>\n<p>GENEVO ONE M tutka-varoitin<\/p>\n<p>Pystykiinnike<\/p>\n<p>Vaakasuuntainen kiinnike<\/p>\n<p>S\u00e4hk\u00f6kaapeli virtakytkimell\u00e4<\/p>\n<p>USB-kaapeli p\u00e4ivityksi\u00e4 varten<\/p>\n<p>Elinik\u00e4iset ilmaiset GPS- ja ohjelmistop\u00e4ivitykset<\/p>\n","protected":false},"excerpt":{"rendered":"<p>Genevo ONE M on kannettava tutkanilmaisin p\u00e4ivitt\u00e4iseen k\u00e4ytt\u00f6\u00f6n. K\u00e4silaite havaitsee nopeudenvalvontaj\u00e4rjestelmi\u00e4 ja varoittaa kuljettajaa ajoissa.<\/p>\n","protected":false},"featured_media":14399,"template":"","meta":{"_acf_changed":false},"mark-ja-mudel":[],"product_brand":[2100],"product_cat":[1089],"product_tag":[1116],"class_list":{"0":"post-80782","1":"product","2":"type-product","3":"status-publish","4":"has-post-thumbnail","6":"product_brand-genevo-fi","7":"product_cat-tutkanpaljastimet","8":"product_tag-toimitus-2-3-paivaa","10":"first","11":"instock","12":"taxable","13":"shipping-taxable","14":"purchasable","15":"product-type-simple"},"bundled_by":[],"bundle_stock_status":"instock","bundle_stock_quantity":null,"bundle_virtual":false,"bundle_layout":"","bundle_add_to_cart_form_location":"","bundle_editable_in_cart":false,"bundle_sold_individually_context":"","bundle_item_grouping":"","bundle_min_size":"","bundle_max_size":"","bundle_price":[],"bundled_items":[],"bundle_sell_ids":[],"acf":[],"yoast_head":"<!-- This site is optimized with the Yoast SEO plugin v27.5 - https:\/\/yoast.com\/product\/yoast-seo-wordpress\/ -->\n<title>GENEVO ONE M tutka-varoitin | Castrum<\/title>\n<meta name=\"description\" content=\"GENEVO ONE M kannettava tutka-varoitin - erinomainen tutkaanturi. Nopeusj\u00e4ljitysvaroittimen havaitsee GATSO ja MultaRadar kamerat. Maastoautot, lava-autot.\" \/>\n<meta name=\"robots\" content=\"index, follow, max-snippet:-1, max-image-preview:large, max-video-preview:-1\" \/>\n<link rel=\"canonical\" href=\"https:\/\/www.castrum.ee\/fi\/toode\/genevo-one-m-kannettava-tutka-varoitin\/\" \/>\n<meta property=\"og:locale\" content=\"fi_FI\" \/>\n<meta property=\"og:type\" content=\"article\" \/>\n<meta property=\"og:title\" content=\"GENEVO ONE M tutka-varoitin | Castrum\" \/>\n<meta property=\"og:description\" content=\"GENEVO ONE M kannettava tutka-varoitin - erinomainen tutkaanturi. Nopeusj\u00e4ljitysvaroittimen havaitsee GATSO ja MultaRadar kamerat. Maastoautot, lava-autot.\" \/>\n<meta property=\"og:url\" content=\"https:\/\/www.castrum.ee\/fi\/toode\/genevo-one-m-kannettava-tutka-varoitin\/\" \/>\n<meta property=\"og:site_name\" content=\"Castrum\" \/>\n<meta property=\"article:publisher\" content=\"https:\/\/www.facebook.com\/castrum.ee\" \/>\n<meta property=\"article:modified_time\" content=\"2026-05-12T12:26:09+00:00\" \/>\n<meta property=\"og:image\" content=\"https:\/\/www.castrum.ee\/wp-content\/uploads\/2025\/08\/D3D5ED44-66E3-41D4-8C0C-21CD7FF12D24.jpeg\" \/>\n\t<meta property=\"og:image:width\" content=\"614\" \/>\n\t<meta property=\"og:image:height\" content=\"500\" \/>\n\t<meta property=\"og:image:type\" content=\"image\/jpeg\" \/>\n<meta name=\"twitter:card\" content=\"summary_large_image\" \/>\n<script type=\"application\/ld+json\" class=\"yoast-schema-graph\">{\"@context\":\"https:\\\/\\\/schema.org\",\"@graph\":[{\"@type\":\"WebPage\",\"@id\":\"https:\\\/\\\/www.castrum.ee\\\/fi\\\/toode\\\/genevo-one-m-kannettava-tutka-varoitin\\\/\",\"url\":\"https:\\\/\\\/www.castrum.ee\\\/fi\\\/toode\\\/genevo-one-m-kannettava-tutka-varoitin\\\/\",\"name\":\"GENEVO ONE M tutka-varoitin | Castrum\",\"isPartOf\":{\"@id\":\"https:\\\/\\\/www.castrum.ee\\\/fi\\\/#website\"},\"primaryImageOfPage\":{\"@id\":\"https:\\\/\\\/www.castrum.ee\\\/fi\\\/toode\\\/genevo-one-m-kannettava-tutka-varoitin\\\/#primaryimage\"},\"image\":{\"@id\":\"https:\\\/\\\/www.castrum.ee\\\/fi\\\/toode\\\/genevo-one-m-kannettava-tutka-varoitin\\\/#primaryimage\"},\"thumbnailUrl\":\"https:\\\/\\\/www.castrum.ee\\\/wp-content\\\/uploads\\\/2025\\\/08\\\/D3D5ED44-66E3-41D4-8C0C-21CD7FF12D24.jpeg\",\"datePublished\":\"2025-08-26T07:13:27+00:00\",\"dateModified\":\"2026-05-12T12:26:09+00:00\",\"description\":\"GENEVO ONE M kannettava tutka-varoitin - erinomainen tutkaanturi. Nopeusj\u00e4ljitysvaroittimen havaitsee GATSO ja MultaRadar kamerat. Maastoautot, lava-autot.\",\"breadcrumb\":{\"@id\":\"https:\\\/\\\/www.castrum.ee\\\/fi\\\/toode\\\/genevo-one-m-kannettava-tutka-varoitin\\\/#breadcrumb\"},\"inLanguage\":\"fi\",\"potentialAction\":[{\"@type\":\"ReadAction\",\"target\":[\"https:\\\/\\\/www.castrum.ee\\\/fi\\\/toode\\\/genevo-one-m-kannettava-tutka-varoitin\\\/\"]}]},{\"@type\":\"ImageObject\",\"inLanguage\":\"fi\",\"@id\":\"https:\\\/\\\/www.castrum.ee\\\/fi\\\/toode\\\/genevo-one-m-kannettava-tutka-varoitin\\\/#primaryimage\",\"url\":\"https:\\\/\\\/www.castrum.ee\\\/wp-content\\\/uploads\\\/2025\\\/08\\\/D3D5ED44-66E3-41D4-8C0C-21CD7FF12D24.jpeg\",\"contentUrl\":\"https:\\\/\\\/www.castrum.ee\\\/wp-content\\\/uploads\\\/2025\\\/08\\\/D3D5ED44-66E3-41D4-8C0C-21CD7FF12D24.jpeg\",\"width\":614,\"height\":500},{\"@type\":\"BreadcrumbList\",\"@id\":\"https:\\\/\\\/www.castrum.ee\\\/fi\\\/toode\\\/genevo-one-m-kannettava-tutka-varoitin\\\/#breadcrumb\",\"itemListElement\":[{\"@type\":\"ListItem\",\"position\":1,\"name\":\"Home\",\"item\":\"https:\\\/\\\/www.castrum.ee\\\/fi\\\/kotisivu\\\/\"},{\"@type\":\"ListItem\",\"position\":2,\"name\":\"Verkkokauppa\",\"item\":\"https:\\\/\\\/www.castrum.ee\\\/fi\\\/kauppa\\\/\"},{\"@type\":\"ListItem\",\"position\":3,\"name\":\"GENEVO ONE M kannettava laitteen tutka-varoitin\"}]},{\"@type\":\"WebSite\",\"@id\":\"https:\\\/\\\/www.castrum.ee\\\/fi\\\/#website\",\"url\":\"https:\\\/\\\/www.castrum.ee\\\/fi\\\/\",\"name\":\"Castrum\",\"description\":\"Maastoautojen, henkil\u00f6autojen ja pienvaunujen lis\u00e4varusteet\",\"publisher\":{\"@id\":\"https:\\\/\\\/www.castrum.ee\\\/fi\\\/#organization\"},\"potentialAction\":[{\"@type\":\"SearchAction\",\"target\":{\"@type\":\"EntryPoint\",\"urlTemplate\":\"https:\\\/\\\/www.castrum.ee\\\/fi\\\/?s={search_term_string}\"},\"query-input\":{\"@type\":\"PropertyValueSpecification\",\"valueRequired\":true,\"valueName\":\"search_term_string\"}}],\"inLanguage\":\"fi\"},{\"@type\":\"Organization\",\"@id\":\"https:\\\/\\\/www.castrum.ee\\\/fi\\\/#organization\",\"name\":\"Castrum Grupp O\u00dc\",\"url\":\"https:\\\/\\\/www.castrum.ee\\\/fi\\\/\",\"logo\":{\"@type\":\"ImageObject\",\"inLanguage\":\"fi\",\"@id\":\"https:\\\/\\\/www.castrum.ee\\\/fi\\\/#\\\/schema\\\/logo\\\/image\\\/\",\"url\":\"https:\\\/\\\/www.castrum.ee\\\/wp-content\\\/uploads\\\/2025\\\/03\\\/Castrum-logo-500.png\",\"contentUrl\":\"https:\\\/\\\/www.castrum.ee\\\/wp-content\\\/uploads\\\/2025\\\/03\\\/Castrum-logo-500.png\",\"width\":500,\"height\":250,\"caption\":\"Castrum Grupp O\u00dc\"},\"image\":{\"@id\":\"https:\\\/\\\/www.castrum.ee\\\/fi\\\/#\\\/schema\\\/logo\\\/image\\\/\"},\"sameAs\":[\"https:\\\/\\\/www.facebook.com\\\/castrum.ee\"]}]}<\/script>\n<!-- \/ Yoast SEO plugin. -->","yoast_head_json":{"title":"GENEVO ONE M tutka-varoitin | Castrum","description":"GENEVO ONE M kannettava tutka-varoitin - erinomainen tutkaanturi. Nopeusj\u00e4ljitysvaroittimen havaitsee GATSO ja MultaRadar kamerat. Maastoautot, lava-autot.","robots":{"index":"index","follow":"follow","max-snippet":"max-snippet:-1","max-image-preview":"max-image-preview:large","max-video-preview":"max-video-preview:-1"},"canonical":"https:\/\/www.castrum.ee\/fi\/toode\/genevo-one-m-kannettava-tutka-varoitin\/","og_locale":"fi_FI","og_type":"article","og_title":"GENEVO ONE M tutka-varoitin | Castrum","og_description":"GENEVO ONE M kannettava tutka-varoitin - erinomainen tutkaanturi. Nopeusj\u00e4ljitysvaroittimen havaitsee GATSO ja MultaRadar kamerat. Maastoautot, lava-autot.","og_url":"https:\/\/www.castrum.ee\/fi\/toode\/genevo-one-m-kannettava-tutka-varoitin\/","og_site_name":"Castrum","article_publisher":"https:\/\/www.facebook.com\/castrum.ee","article_modified_time":"2026-05-12T12:26:09+00:00","og_image":[{"width":614,"height":500,"url":"https:\/\/www.castrum.ee\/wp-content\/uploads\/2025\/08\/D3D5ED44-66E3-41D4-8C0C-21CD7FF12D24.jpeg","type":"image\/jpeg"}],"twitter_card":"summary_large_image","schema":{"@context":"https:\/\/schema.org","@graph":[{"@type":"WebPage","@id":"https:\/\/www.castrum.ee\/fi\/toode\/genevo-one-m-kannettava-tutka-varoitin\/","url":"https:\/\/www.castrum.ee\/fi\/toode\/genevo-one-m-kannettava-tutka-varoitin\/","name":"GENEVO ONE M tutka-varoitin | Castrum","isPartOf":{"@id":"https:\/\/www.castrum.ee\/fi\/#website"},"primaryImageOfPage":{"@id":"https:\/\/www.castrum.ee\/fi\/toode\/genevo-one-m-kannettava-tutka-varoitin\/#primaryimage"},"image":{"@id":"https:\/\/www.castrum.ee\/fi\/toode\/genevo-one-m-kannettava-tutka-varoitin\/#primaryimage"},"thumbnailUrl":"https:\/\/www.castrum.ee\/wp-content\/uploads\/2025\/08\/D3D5ED44-66E3-41D4-8C0C-21CD7FF12D24.jpeg","datePublished":"2025-08-26T07:13:27+00:00","dateModified":"2026-05-12T12:26:09+00:00","description":"GENEVO ONE M kannettava tutka-varoitin - erinomainen tutkaanturi. Nopeusj\u00e4ljitysvaroittimen havaitsee GATSO ja MultaRadar kamerat. Maastoautot, lava-autot.","breadcrumb":{"@id":"https:\/\/www.castrum.ee\/fi\/toode\/genevo-one-m-kannettava-tutka-varoitin\/#breadcrumb"},"inLanguage":"fi","potentialAction":[{"@type":"ReadAction","target":["https:\/\/www.castrum.ee\/fi\/toode\/genevo-one-m-kannettava-tutka-varoitin\/"]}]},{"@type":"ImageObject","inLanguage":"fi","@id":"https:\/\/www.castrum.ee\/fi\/toode\/genevo-one-m-kannettava-tutka-varoitin\/#primaryimage","url":"https:\/\/www.castrum.ee\/wp-content\/uploads\/2025\/08\/D3D5ED44-66E3-41D4-8C0C-21CD7FF12D24.jpeg","contentUrl":"https:\/\/www.castrum.ee\/wp-content\/uploads\/2025\/08\/D3D5ED44-66E3-41D4-8C0C-21CD7FF12D24.jpeg","width":614,"height":500},{"@type":"BreadcrumbList","@id":"https:\/\/www.castrum.ee\/fi\/toode\/genevo-one-m-kannettava-tutka-varoitin\/#breadcrumb","itemListElement":[{"@type":"ListItem","position":1,"name":"Home","item":"https:\/\/www.castrum.ee\/fi\/kotisivu\/"},{"@type":"ListItem","position":2,"name":"Verkkokauppa","item":"https:\/\/www.castrum.ee\/fi\/kauppa\/"},{"@type":"ListItem","position":3,"name":"GENEVO ONE M kannettava laitteen tutka-varoitin"}]},{"@type":"WebSite","@id":"https:\/\/www.castrum.ee\/fi\/#website","url":"https:\/\/www.castrum.ee\/fi\/","name":"Castrum","description":"Maastoautojen, henkil\u00f6autojen ja pienvaunujen lis\u00e4varusteet","publisher":{"@id":"https:\/\/www.castrum.ee\/fi\/#organization"},"potentialAction":[{"@type":"SearchAction","target":{"@type":"EntryPoint","urlTemplate":"https:\/\/www.castrum.ee\/fi\/?s={search_term_string}"},"query-input":{"@type":"PropertyValueSpecification","valueRequired":true,"valueName":"search_term_string"}}],"inLanguage":"fi"},{"@type":"Organization","@id":"https:\/\/www.castrum.ee\/fi\/#organization","name":"Castrum Grupp O\u00dc","url":"https:\/\/www.castrum.ee\/fi\/","logo":{"@type":"ImageObject","inLanguage":"fi","@id":"https:\/\/www.castrum.ee\/fi\/#\/schema\/logo\/image\/","url":"https:\/\/www.castrum.ee\/wp-content\/uploads\/2025\/03\/Castrum-logo-500.png","contentUrl":"https:\/\/www.castrum.ee\/wp-content\/uploads\/2025\/03\/Castrum-logo-500.png","width":500,"height":250,"caption":"Castrum Grupp O\u00dc"},"image":{"@id":"https:\/\/www.castrum.ee\/fi\/#\/schema\/logo\/image\/"},"sameAs":["https:\/\/www.facebook.com\/castrum.ee"]}]}},"_links":{"self":[{"href":"https:\/\/www.castrum.ee\/fi\/wp-json\/wp\/v2\/product\/80782","targetHints":{"allow":["GET"]}}],"collection":[{"href":"https:\/\/www.castrum.ee\/fi\/wp-json\/wp\/v2\/product"}],"about":[{"href":"https:\/\/www.castrum.ee\/fi\/wp-json\/wp\/v2\/types\/product"}],"wp:featuredmedia":[{"embeddable":true,"href":"https:\/\/www.castrum.ee\/fi\/wp-json\/wp\/v2\/media\/14399"}],"wp:attachment":[{"href":"https:\/\/www.castrum.ee\/fi\/wp-json\/wp\/v2\/media?parent=80782"}],"wp:term":[{"taxonomy":"mark-ja-mudel","embeddable":true,"href":"https:\/\/www.castrum.ee\/fi\/wp-json\/wp\/v2\/mark-ja-mudel?post=80782"},{"taxonomy":"product_brand","embeddable":true,"href":"https:\/\/www.castrum.ee\/fi\/wp-json\/wp\/v2\/product_brand?post=80782"},{"taxonomy":"product_cat","embeddable":true,"href":"https:\/\/www.castrum.ee\/fi\/wp-json\/wp\/v2\/product_cat?post=80782"},{"taxonomy":"product_tag","embeddable":true,"href":"https:\/\/www.castrum.ee\/fi\/wp-json\/wp\/v2\/product_tag?post=80782"}],"curies":[{"name":"wp","href":"https:\/\/api.w.org\/{rel}","templated":true}]}}