{"id":80826,"date":"2026-04-30T00:59:18","date_gmt":"2026-04-29T21:59:18","guid":{"rendered":"https:\/\/www.castrum.ee\/toode\/etupuskurin-suojakaari-wt003-inform-meefat\/"},"modified":"2026-04-30T00:59:18","modified_gmt":"2026-04-29T21:59:18","slug":"etupuskurin-suojakaari-wt003-inform","status":"publish","type":"product","link":"https:\/\/www.castrum.ee\/fi\/toode\/etupuskurin-suojakaari-wt003-inform\/","title":{"rendered":"Etupuskurin suojakaari WT003 Inform"},"content":{"rendered":"<p>Toimitus 4-5 p\u00e4iv\u00e4\u00e4<\/p>\n","protected":false},"excerpt":{"rendered":"<p>\u00d8 60 mm ja 1,5 mm sein\u00e4paksuus ruostumattomasta ter\u00e4ksest\u00e4 valmistettu etupuskurin suojakaari. Sarja sis\u00e4lt\u00e4\u00e4 kaikki asennukseen tarvittavat osat.<\/p>\n","protected":false},"featured_media":11875,"template":"","meta":{"_acf_changed":false},"mark-ja-mudel":[],"product_brand":[1276,1375,1339,1345,1314,1288,1295,1309,1310,1483,1286,1450,1534,1278,1302,1437,1294,1446,1485,1307,1417,1285,1542,1543,1544,1282,1284,1298,1297,1311,1335,1305,1287,1329,1299,1439,1555,1308,1290,1301,1281,1557,1280,1558,1277,1313,1289,1566,1568,1567,1312,1275,1303,1321,1382,1328,1304],"product_cat":[1063,1061],"product_tag":[],"class_list":{"0":"post-80826","1":"product","2":"type-product","3":"status-publish","4":"has-post-thumbnail","6":"product_brand-amarok","7":"product_brand-bmw","8":"product_brand-caddy","9":"product_brand-cr-v","10":"product_brand-crafter","11":"product_brand-custom","12":"product_brand-d-max","13":"product_brand-dacia","14":"product_brand-duster","15":"product_brand-eclipse-cross","16":"product_brand-ford","17":"product_brand-grand-cherokee","18":"product_brand-grand-vitara","19":"product_brand-hilux","20":"product_brand-honda","21":"product_brand-hyundai","22":"product_brand-isuzu","23":"product_brand-jeep","24":"product_brand-juke","25":"product_brand-kia","26":"product_brand-kuga","27":"product_brand-l200","28":"product_brand-land-cruiser-120","29":"product_brand-land-cruiser-150","30":"product_brand-land-cruiser-200-v8","31":"product_brand-mercedes-benz","32":"product_brand-mitsubishi","33":"product_brand-navara","34":"product_brand-nissan","35":"product_brand-opel","36":"product_brand-outlander","37":"product_brand-qashqai","38":"product_brand-ranger","39":"product_brand-rav4","40":"product_brand-renault","41":"product_brand-santa-fe","42":"product_brand-sharan","43":"product_brand-sportage","44":"product_brand-sprinter","45":"product_brand-suzuki","46":"product_brand-t5","47":"product_brand-t5-1","48":"product_brand-t6","49":"product_brand-t6-1","50":"product_brand-toyota","51":"product_brand-trafic","52":"product_brand-transit-custom","53":"product_brand-v-class","54":"product_brand-viano","55":"product_brand-vito","56":"product_brand-vivaro","57":"product_brand-volkswagen","58":"product_brand-volvo","59":"product_brand-x-trail","60":"product_brand-x6","61":"product_brand-xc60","62":"product_brand-xc90","63":"product_cat-eturaudat-ilman-e-hyvaksyntaa","64":"product_cat-4x4-raudat","66":"first","67":"instock","68":"taxable","69":"shipping-taxable","70":"purchasable","71":"product-type-variable"},"bundled_by":[],"bundle_stock_status":"instock","bundle_stock_quantity":null,"bundle_virtual":false,"bundle_layout":"","bundle_add_to_cart_form_location":"","bundle_editable_in_cart":false,"bundle_sold_individually_context":"","bundle_item_grouping":"","bundle_min_size":"","bundle_max_size":"","bundle_price":[],"bundled_items":[],"bundle_sell_ids":[],"acf":[],"yoast_head":"<!-- This site is optimized with the Yoast SEO plugin v27.5 - https:\/\/yoast.com\/product\/yoast-seo-wordpress\/ -->\n<title>Etupuskurin suojakaari WT003 Inform | Castrum<\/title>\n<meta name=\"description\" content=\"Etupuskurin suojakaari WT003 Inform \u2013 offroad-k\u00e4ytt\u00f6\u00f6n. Ruostumaton ter\u00e4s, \u00d8 60 mm. Maastoauto- ja 4x4-tarvikkeet.\" \/>\n<meta name=\"robots\" content=\"index, follow, max-snippet:-1, max-image-preview:large, max-video-preview:-1\" \/>\n<link rel=\"canonical\" href=\"https:\/\/www.castrum.ee\/fi\/toode\/etupuskurin-suojakaari-wt003-inform\/\" \/>\n<meta property=\"og:locale\" content=\"fi_FI\" \/>\n<meta property=\"og:type\" content=\"article\" \/>\n<meta property=\"og:title\" content=\"Etupuskurin suojakaari WT003 Inform | Castrum\" \/>\n<meta property=\"og:description\" content=\"Etupuskurin suojakaari WT003 Inform \u2013 offroad-k\u00e4ytt\u00f6\u00f6n. Ruostumaton ter\u00e4s, \u00d8 60 mm. Maastoauto- ja 4x4-tarvikkeet.\" \/>\n<meta property=\"og:url\" content=\"https:\/\/www.castrum.ee\/fi\/toode\/etupuskurin-suojakaari-wt003-inform\/\" \/>\n<meta property=\"og:site_name\" content=\"Castrum\" \/>\n<meta property=\"article:publisher\" content=\"https:\/\/www.facebook.com\/castrum.ee\" \/>\n<meta property=\"og:image\" content=\"https:\/\/www.castrum.ee\/wp-content\/uploads\/2025\/08\/DSC_0587.jpeg\" \/>\n\t<meta property=\"og:image:width\" content=\"1626\" \/>\n\t<meta property=\"og:image:height\" content=\"1080\" \/>\n\t<meta property=\"og:image:type\" content=\"image\/jpeg\" \/>\n<meta name=\"twitter:card\" content=\"summary_large_image\" \/>\n<script type=\"application\/ld+json\" class=\"yoast-schema-graph\">{\"@context\":\"https:\\\/\\\/schema.org\",\"@graph\":[{\"@type\":\"WebPage\",\"@id\":\"https:\\\/\\\/www.castrum.ee\\\/fi\\\/toode\\\/etupuskurin-suojakaari-wt003-inform\\\/\",\"url\":\"https:\\\/\\\/www.castrum.ee\\\/fi\\\/toode\\\/etupuskurin-suojakaari-wt003-inform\\\/\",\"name\":\"Etupuskurin suojakaari WT003 Inform | Castrum\",\"isPartOf\":{\"@id\":\"https:\\\/\\\/www.castrum.ee\\\/fi\\\/#website\"},\"primaryImageOfPage\":{\"@id\":\"https:\\\/\\\/www.castrum.ee\\\/fi\\\/toode\\\/etupuskurin-suojakaari-wt003-inform\\\/#primaryimage\"},\"image\":{\"@id\":\"https:\\\/\\\/www.castrum.ee\\\/fi\\\/toode\\\/etupuskurin-suojakaari-wt003-inform\\\/#primaryimage\"},\"thumbnailUrl\":\"https:\\\/\\\/www.castrum.ee\\\/wp-content\\\/uploads\\\/2025\\\/08\\\/DSC_0587.jpeg\",\"datePublished\":\"2026-04-29T21:59:18+00:00\",\"description\":\"Etupuskurin suojakaari WT003 Inform \u2013 offroad-k\u00e4ytt\u00f6\u00f6n. Ruostumaton ter\u00e4s, \u00d8 60 mm. Maastoauto- ja 4x4-tarvikkeet.\",\"breadcrumb\":{\"@id\":\"https:\\\/\\\/www.castrum.ee\\\/fi\\\/toode\\\/etupuskurin-suojakaari-wt003-inform\\\/#breadcrumb\"},\"inLanguage\":\"fi\",\"potentialAction\":[{\"@type\":\"ReadAction\",\"target\":[\"https:\\\/\\\/www.castrum.ee\\\/fi\\\/toode\\\/etupuskurin-suojakaari-wt003-inform\\\/\"]}]},{\"@type\":\"ImageObject\",\"inLanguage\":\"fi\",\"@id\":\"https:\\\/\\\/www.castrum.ee\\\/fi\\\/toode\\\/etupuskurin-suojakaari-wt003-inform\\\/#primaryimage\",\"url\":\"https:\\\/\\\/www.castrum.ee\\\/wp-content\\\/uploads\\\/2025\\\/08\\\/DSC_0587.jpeg\",\"contentUrl\":\"https:\\\/\\\/www.castrum.ee\\\/wp-content\\\/uploads\\\/2025\\\/08\\\/DSC_0587.jpeg\",\"width\":1626,\"height\":1080},{\"@type\":\"BreadcrumbList\",\"@id\":\"https:\\\/\\\/www.castrum.ee\\\/fi\\\/toode\\\/etupuskurin-suojakaari-wt003-inform\\\/#breadcrumb\",\"itemListElement\":[{\"@type\":\"ListItem\",\"position\":1,\"name\":\"Home\",\"item\":\"https:\\\/\\\/www.castrum.ee\\\/fi\\\/kotisivu\\\/\"},{\"@type\":\"ListItem\",\"position\":2,\"name\":\"Verkkokauppa\",\"item\":\"https:\\\/\\\/www.castrum.ee\\\/fi\\\/kauppa\\\/\"},{\"@type\":\"ListItem\",\"position\":3,\"name\":\"Etupuskurin suojakaari WT003 Inform\"}]},{\"@type\":\"WebSite\",\"@id\":\"https:\\\/\\\/www.castrum.ee\\\/fi\\\/#website\",\"url\":\"https:\\\/\\\/www.castrum.ee\\\/fi\\\/\",\"name\":\"Castrum\",\"description\":\"Maastoautojen, henkil\u00f6autojen ja pienvaunujen lis\u00e4varusteet\",\"publisher\":{\"@id\":\"https:\\\/\\\/www.castrum.ee\\\/fi\\\/#organization\"},\"potentialAction\":[{\"@type\":\"SearchAction\",\"target\":{\"@type\":\"EntryPoint\",\"urlTemplate\":\"https:\\\/\\\/www.castrum.ee\\\/fi\\\/?s={search_term_string}\"},\"query-input\":{\"@type\":\"PropertyValueSpecification\",\"valueRequired\":true,\"valueName\":\"search_term_string\"}}],\"inLanguage\":\"fi\"},{\"@type\":\"Organization\",\"@id\":\"https:\\\/\\\/www.castrum.ee\\\/fi\\\/#organization\",\"name\":\"Castrum Grupp O\u00dc\",\"url\":\"https:\\\/\\\/www.castrum.ee\\\/fi\\\/\",\"logo\":{\"@type\":\"ImageObject\",\"inLanguage\":\"fi\",\"@id\":\"https:\\\/\\\/www.castrum.ee\\\/fi\\\/#\\\/schema\\\/logo\\\/image\\\/\",\"url\":\"https:\\\/\\\/www.castrum.ee\\\/wp-content\\\/uploads\\\/2025\\\/03\\\/Castrum-logo-500.png\",\"contentUrl\":\"https:\\\/\\\/www.castrum.ee\\\/wp-content\\\/uploads\\\/2025\\\/03\\\/Castrum-logo-500.png\",\"width\":500,\"height\":250,\"caption\":\"Castrum Grupp O\u00dc\"},\"image\":{\"@id\":\"https:\\\/\\\/www.castrum.ee\\\/fi\\\/#\\\/schema\\\/logo\\\/image\\\/\"},\"sameAs\":[\"https:\\\/\\\/www.facebook.com\\\/castrum.ee\"]}]}<\/script>\n<!-- \/ Yoast SEO plugin. -->","yoast_head_json":{"title":"Etupuskurin suojakaari WT003 Inform | Castrum","description":"Etupuskurin suojakaari WT003 Inform \u2013 offroad-k\u00e4ytt\u00f6\u00f6n. Ruostumaton ter\u00e4s, \u00d8 60 mm. Maastoauto- ja 4x4-tarvikkeet.","robots":{"index":"index","follow":"follow","max-snippet":"max-snippet:-1","max-image-preview":"max-image-preview:large","max-video-preview":"max-video-preview:-1"},"canonical":"https:\/\/www.castrum.ee\/fi\/toode\/etupuskurin-suojakaari-wt003-inform\/","og_locale":"fi_FI","og_type":"article","og_title":"Etupuskurin suojakaari WT003 Inform | Castrum","og_description":"Etupuskurin suojakaari WT003 Inform \u2013 offroad-k\u00e4ytt\u00f6\u00f6n. Ruostumaton ter\u00e4s, \u00d8 60 mm. Maastoauto- ja 4x4-tarvikkeet.","og_url":"https:\/\/www.castrum.ee\/fi\/toode\/etupuskurin-suojakaari-wt003-inform\/","og_site_name":"Castrum","article_publisher":"https:\/\/www.facebook.com\/castrum.ee","og_image":[{"width":1626,"height":1080,"url":"https:\/\/www.castrum.ee\/wp-content\/uploads\/2025\/08\/DSC_0587.jpeg","type":"image\/jpeg"}],"twitter_card":"summary_large_image","schema":{"@context":"https:\/\/schema.org","@graph":[{"@type":"WebPage","@id":"https:\/\/www.castrum.ee\/fi\/toode\/etupuskurin-suojakaari-wt003-inform\/","url":"https:\/\/www.castrum.ee\/fi\/toode\/etupuskurin-suojakaari-wt003-inform\/","name":"Etupuskurin suojakaari WT003 Inform | Castrum","isPartOf":{"@id":"https:\/\/www.castrum.ee\/fi\/#website"},"primaryImageOfPage":{"@id":"https:\/\/www.castrum.ee\/fi\/toode\/etupuskurin-suojakaari-wt003-inform\/#primaryimage"},"image":{"@id":"https:\/\/www.castrum.ee\/fi\/toode\/etupuskurin-suojakaari-wt003-inform\/#primaryimage"},"thumbnailUrl":"https:\/\/www.castrum.ee\/wp-content\/uploads\/2025\/08\/DSC_0587.jpeg","datePublished":"2026-04-29T21:59:18+00:00","description":"Etupuskurin suojakaari WT003 Inform \u2013 offroad-k\u00e4ytt\u00f6\u00f6n. Ruostumaton ter\u00e4s, \u00d8 60 mm. Maastoauto- ja 4x4-tarvikkeet.","breadcrumb":{"@id":"https:\/\/www.castrum.ee\/fi\/toode\/etupuskurin-suojakaari-wt003-inform\/#breadcrumb"},"inLanguage":"fi","potentialAction":[{"@type":"ReadAction","target":["https:\/\/www.castrum.ee\/fi\/toode\/etupuskurin-suojakaari-wt003-inform\/"]}]},{"@type":"ImageObject","inLanguage":"fi","@id":"https:\/\/www.castrum.ee\/fi\/toode\/etupuskurin-suojakaari-wt003-inform\/#primaryimage","url":"https:\/\/www.castrum.ee\/wp-content\/uploads\/2025\/08\/DSC_0587.jpeg","contentUrl":"https:\/\/www.castrum.ee\/wp-content\/uploads\/2025\/08\/DSC_0587.jpeg","width":1626,"height":1080},{"@type":"BreadcrumbList","@id":"https:\/\/www.castrum.ee\/fi\/toode\/etupuskurin-suojakaari-wt003-inform\/#breadcrumb","itemListElement":[{"@type":"ListItem","position":1,"name":"Home","item":"https:\/\/www.castrum.ee\/fi\/kotisivu\/"},{"@type":"ListItem","position":2,"name":"Verkkokauppa","item":"https:\/\/www.castrum.ee\/fi\/kauppa\/"},{"@type":"ListItem","position":3,"name":"Etupuskurin suojakaari WT003 Inform"}]},{"@type":"WebSite","@id":"https:\/\/www.castrum.ee\/fi\/#website","url":"https:\/\/www.castrum.ee\/fi\/","name":"Castrum","description":"Maastoautojen, henkil\u00f6autojen ja pienvaunujen lis\u00e4varusteet","publisher":{"@id":"https:\/\/www.castrum.ee\/fi\/#organization"},"potentialAction":[{"@type":"SearchAction","target":{"@type":"EntryPoint","urlTemplate":"https:\/\/www.castrum.ee\/fi\/?s={search_term_string}"},"query-input":{"@type":"PropertyValueSpecification","valueRequired":true,"valueName":"search_term_string"}}],"inLanguage":"fi"},{"@type":"Organization","@id":"https:\/\/www.castrum.ee\/fi\/#organization","name":"Castrum Grupp O\u00dc","url":"https:\/\/www.castrum.ee\/fi\/","logo":{"@type":"ImageObject","inLanguage":"fi","@id":"https:\/\/www.castrum.ee\/fi\/#\/schema\/logo\/image\/","url":"https:\/\/www.castrum.ee\/wp-content\/uploads\/2025\/03\/Castrum-logo-500.png","contentUrl":"https:\/\/www.castrum.ee\/wp-content\/uploads\/2025\/03\/Castrum-logo-500.png","width":500,"height":250,"caption":"Castrum Grupp O\u00dc"},"image":{"@id":"https:\/\/www.castrum.ee\/fi\/#\/schema\/logo\/image\/"},"sameAs":["https:\/\/www.facebook.com\/castrum.ee"]}]}},"_links":{"self":[{"href":"https:\/\/www.castrum.ee\/fi\/wp-json\/wp\/v2\/product\/80826","targetHints":{"allow":["GET"]}}],"collection":[{"href":"https:\/\/www.castrum.ee\/fi\/wp-json\/wp\/v2\/product"}],"about":[{"href":"https:\/\/www.castrum.ee\/fi\/wp-json\/wp\/v2\/types\/product"}],"wp:featuredmedia":[{"embeddable":true,"href":"https:\/\/www.castrum.ee\/fi\/wp-json\/wp\/v2\/media\/11875"}],"wp:attachment":[{"href":"https:\/\/www.castrum.ee\/fi\/wp-json\/wp\/v2\/media?parent=80826"}],"wp:term":[{"taxonomy":"mark-ja-mudel","embeddable":true,"href":"https:\/\/www.castrum.ee\/fi\/wp-json\/wp\/v2\/mark-ja-mudel?post=80826"},{"taxonomy":"product_brand","embeddable":true,"href":"https:\/\/www.castrum.ee\/fi\/wp-json\/wp\/v2\/product_brand?post=80826"},{"taxonomy":"product_cat","embeddable":true,"href":"https:\/\/www.castrum.ee\/fi\/wp-json\/wp\/v2\/product_cat?post=80826"},{"taxonomy":"product_tag","embeddable":true,"href":"https:\/\/www.castrum.ee\/fi\/wp-json\/wp\/v2\/product_tag?post=80826"}],"curies":[{"name":"wp","href":"https:\/\/api.w.org\/{rel}","templated":true}]}}