{"id":80851,"date":"2026-04-30T01:10:29","date_gmt":"2026-04-29T22:10:29","guid":{"rendered":"https:\/\/www.castrum.ee\/toode\/lumonite-backup-bracket-compass-vector-pixel-lampuille-5lybnz\/"},"modified":"2026-04-30T01:10:29","modified_gmt":"2026-04-29T22:10:29","slug":"lumonite-backup-bracket-compass-vector-pixel-lampuille","status":"publish","type":"product","link":"https:\/\/www.castrum.ee\/fi\/toode\/lumonite-backup-bracket-compass-vector-pixel-lampuille\/","title":{"rendered":"Lumonite Backup Bracket Compass, Vector, Pixel -lampuille"},"content":{"rendered":"<p>Sovitin Lumonite Compass R, Compass, Vector ja Pixel taskulamppujen kiinnitt\u00e4miseen uuteen Lumonite Ergo V2 -otsapantaan. Lis\u00e4varuste, joka on kehitetty ammattimaisten suunnistajien kanssa varaloistimen helposta k\u00e4yt\u00f6st\u00e4.<\/p>\n<p>Lumonite Backup Mount on sovitin, jonka avulla voit helposti kiinnitt\u00e4\u00e4 Lumonite <a href=\"https:\/\/www.lumonite.com\/sv\/produkt\/lumonite_compass_r\">Compass<\/a>-, <a href=\"https:\/\/www.lumonite.com\/en\/product\/headlamp_lumonite_vector\">Vector<\/a>&#8211; ja <a href=\"https:\/\/www.lumonite.com\/en\/product\/headlamp_lumonite_pixel\">Pixel<\/a>-lamput uuteen Lumonite Ergo V2 -otsapantaan. Lumonite Backup on kehitetty ammattimaisten suunnistajien erityisten tarpeiden huomioiden varaloistimelle. Kiinnityksen ansiosta kaikki on valmis ja \u00e4killisen tarpeen ilmetess\u00e4 varalamppua voidaan k\u00e4ytt\u00e4\u00e4 hetkess\u00e4. Kest\u00e4v\u00e4 kiinnitys, joka ei anna lampun liikkua vaan pit\u00e4\u00e4 sen paikallaan my\u00f6s kovissa olosuhteissa.<\/p>\n<p>Lumonite Backup Mount on yhteensopiva kaikkien 20-25 mm runkohalkaisijan omaavien taskulamppujen kanssa.<\/p>\n<p><strong>Huomio!<\/strong> Kuvissa n\u00e4kyv\u00e4t lamput eiv\u00e4t sis\u00e4lly pakkaukseen ja myyd\u00e4\u00e4n erikseen.<\/p>\n<h2>Yhteensopivat tuotteet <img class=\"lazyload\" decoding=\"async\" src=\"data:image\/gif;base64,R0lGODlhAQABAAAAACH5BAEKAAEALAAAAAABAAEAAAICTAEAOw==\" data-orig-src=\"https:\/\/cdn.handshake.fi\/images\/taskulamput\/tuotemerkit\/lumonite_logo_white.png\" alt=\"\" width=\"33%\" \/><\/h2>\n<ul>\n<li>Lumonite <a href=\"https:\/\/www.lumonite.com\/en\/product\/lumonite_compass_r\">Compass<\/a><\/li>\n<li>Lumonite <a href=\"https:\/\/www.lumonite.com\/en\/product\/headlamp_lumonite_vector\">Vector<\/a><\/li>\n<li>Lumonite <a href=\"https:\/\/www.lumonite.com\/en\/product\/headlamp_lumonite_pixel\">Pixel<\/a><\/li>\n<\/ul>\n","protected":false},"excerpt":{"rendered":"<p>Sovitin Lumonite Compass R, Compass, Vector ja Pixel -taskulamppujen kiinnitt\u00e4miseen Lumonite Ergo V2 -otsapantaan. Ammattimaisten suunnistajien kehitt\u00e4m\u00e4 lis\u00e4varuste varaloistimelle.<\/p>\n","protected":false},"featured_media":6609,"template":"","meta":{"_acf_changed":false},"mark-ja-mudel":[],"product_brand":[],"product_cat":[1085],"product_tag":[1107],"class_list":{"0":"post-80851","1":"product","2":"type-product","3":"status-publish","4":"has-post-thumbnail","6":"product_cat-lumonite-led-otsalamput-urheilulamput-ja-tarvikkeet","7":"product_tag-toimitusaika-4-5-paivaa","9":"first","10":"instock","11":"taxable","12":"shipping-taxable","13":"purchasable","14":"product-type-simple"},"bundled_by":[],"bundle_stock_status":"instock","bundle_stock_quantity":null,"bundle_virtual":false,"bundle_layout":"","bundle_add_to_cart_form_location":"","bundle_editable_in_cart":false,"bundle_sold_individually_context":"","bundle_item_grouping":"","bundle_min_size":"","bundle_max_size":"","bundle_price":[],"bundled_items":[],"bundle_sell_ids":[],"acf":[],"yoast_head":"<!-- This site is optimized with the Yoast SEO plugin v27.3 - https:\/\/yoast.com\/product\/yoast-seo-wordpress\/ -->\n<title>Lumonite Backup Bracket Compass, Vector, Pixel | Lumonite<\/title>\n<meta name=\"description\" content=\"Lumonite Backup Bracket \u2013 sovitin Compass, Vector ja Pixel taskulampuille. Ergo V2 -otsapantaan. Ammattilaisille suunnistukseen.\" \/>\n<meta name=\"robots\" content=\"index, follow, max-snippet:-1, max-image-preview:large, max-video-preview:-1\" \/>\n<link rel=\"canonical\" href=\"https:\/\/www.castrum.ee\/fi\/toode\/lumonite-backup-bracket-compass-vector-pixel-lampuille\/\" \/>\n<meta property=\"og:locale\" content=\"fi_FI\" \/>\n<meta property=\"og:type\" content=\"article\" \/>\n<meta property=\"og:title\" content=\"Lumonite Backup Bracket Compass, Vector, Pixel | Lumonite\" \/>\n<meta property=\"og:description\" content=\"Lumonite Backup Bracket \u2013 sovitin Compass, Vector ja Pixel taskulampuille. Ergo V2 -otsapantaan. Ammattilaisille suunnistukseen.\" \/>\n<meta property=\"og:url\" content=\"https:\/\/www.castrum.ee\/fi\/toode\/lumonite-backup-bracket-compass-vector-pixel-lampuille\/\" \/>\n<meta property=\"og:site_name\" content=\"Castrum\" \/>\n<meta property=\"article:publisher\" content=\"https:\/\/www.facebook.com\/castrum.ee\" \/>\n<meta property=\"og:image\" content=\"https:\/\/www.castrum.ee\/wp-content\/uploads\/2025\/08\/IMG_9606.jpeg\" \/>\n\t<meta property=\"og:image:width\" content=\"1080\" \/>\n\t<meta property=\"og:image:height\" content=\"1080\" \/>\n\t<meta property=\"og:image:type\" content=\"image\/jpeg\" \/>\n<meta name=\"twitter:card\" content=\"summary_large_image\" \/>\n<meta name=\"twitter:label1\" content=\"Arvioitu lukuaika\" \/>\n\t<meta name=\"twitter:data1\" content=\"1 minuutti\" \/>\n<script type=\"application\/ld+json\" class=\"yoast-schema-graph\">{\"@context\":\"https:\\\/\\\/schema.org\",\"@graph\":[{\"@type\":\"WebPage\",\"@id\":\"https:\\\/\\\/www.castrum.ee\\\/fi\\\/toode\\\/lumonite-backup-bracket-compass-vector-pixel-lampuille\\\/\",\"url\":\"https:\\\/\\\/www.castrum.ee\\\/fi\\\/toode\\\/lumonite-backup-bracket-compass-vector-pixel-lampuille\\\/\",\"name\":\"Lumonite Backup Bracket Compass, Vector, Pixel | Lumonite\",\"isPartOf\":{\"@id\":\"https:\\\/\\\/www.castrum.ee\\\/fi\\\/#website\"},\"primaryImageOfPage\":{\"@id\":\"https:\\\/\\\/www.castrum.ee\\\/fi\\\/toode\\\/lumonite-backup-bracket-compass-vector-pixel-lampuille\\\/#primaryimage\"},\"image\":{\"@id\":\"https:\\\/\\\/www.castrum.ee\\\/fi\\\/toode\\\/lumonite-backup-bracket-compass-vector-pixel-lampuille\\\/#primaryimage\"},\"thumbnailUrl\":\"https:\\\/\\\/www.castrum.ee\\\/wp-content\\\/uploads\\\/2025\\\/08\\\/IMG_9606.jpeg\",\"datePublished\":\"2026-04-29T22:10:29+00:00\",\"description\":\"Lumonite Backup Bracket \u2013 sovitin Compass, Vector ja Pixel taskulampuille. Ergo V2 -otsapantaan. Ammattilaisille suunnistukseen.\",\"breadcrumb\":{\"@id\":\"https:\\\/\\\/www.castrum.ee\\\/fi\\\/toode\\\/lumonite-backup-bracket-compass-vector-pixel-lampuille\\\/#breadcrumb\"},\"inLanguage\":\"fi\",\"potentialAction\":[{\"@type\":\"ReadAction\",\"target\":[\"https:\\\/\\\/www.castrum.ee\\\/fi\\\/toode\\\/lumonite-backup-bracket-compass-vector-pixel-lampuille\\\/\"]}]},{\"@type\":\"ImageObject\",\"inLanguage\":\"fi\",\"@id\":\"https:\\\/\\\/www.castrum.ee\\\/fi\\\/toode\\\/lumonite-backup-bracket-compass-vector-pixel-lampuille\\\/#primaryimage\",\"url\":\"https:\\\/\\\/www.castrum.ee\\\/wp-content\\\/uploads\\\/2025\\\/08\\\/IMG_9606.jpeg\",\"contentUrl\":\"https:\\\/\\\/www.castrum.ee\\\/wp-content\\\/uploads\\\/2025\\\/08\\\/IMG_9606.jpeg\",\"width\":1080,\"height\":1080},{\"@type\":\"BreadcrumbList\",\"@id\":\"https:\\\/\\\/www.castrum.ee\\\/fi\\\/toode\\\/lumonite-backup-bracket-compass-vector-pixel-lampuille\\\/#breadcrumb\",\"itemListElement\":[{\"@type\":\"ListItem\",\"position\":1,\"name\":\"Home\",\"item\":\"https:\\\/\\\/www.castrum.ee\\\/fi\\\/kotisivu\\\/\"},{\"@type\":\"ListItem\",\"position\":2,\"name\":\"Verkkokauppa\",\"item\":\"https:\\\/\\\/www.castrum.ee\\\/fi\\\/kauppa\\\/\"},{\"@type\":\"ListItem\",\"position\":3,\"name\":\"Lumonite Backup Bracket Compass, Vector, Pixel -lampuille\"}]},{\"@type\":\"WebSite\",\"@id\":\"https:\\\/\\\/www.castrum.ee\\\/fi\\\/#website\",\"url\":\"https:\\\/\\\/www.castrum.ee\\\/fi\\\/\",\"name\":\"Castrum\",\"description\":\"Maastoautojen, henkil\u00f6autojen ja pienvaunujen lis\u00e4varusteet\",\"publisher\":{\"@id\":\"https:\\\/\\\/www.castrum.ee\\\/fi\\\/#organization\"},\"potentialAction\":[{\"@type\":\"SearchAction\",\"target\":{\"@type\":\"EntryPoint\",\"urlTemplate\":\"https:\\\/\\\/www.castrum.ee\\\/fi\\\/?s={search_term_string}\"},\"query-input\":{\"@type\":\"PropertyValueSpecification\",\"valueRequired\":true,\"valueName\":\"search_term_string\"}}],\"inLanguage\":\"fi\"},{\"@type\":\"Organization\",\"@id\":\"https:\\\/\\\/www.castrum.ee\\\/fi\\\/#organization\",\"name\":\"Castrum Grupp O\u00dc\",\"url\":\"https:\\\/\\\/www.castrum.ee\\\/fi\\\/\",\"logo\":{\"@type\":\"ImageObject\",\"inLanguage\":\"fi\",\"@id\":\"https:\\\/\\\/www.castrum.ee\\\/fi\\\/#\\\/schema\\\/logo\\\/image\\\/\",\"url\":\"https:\\\/\\\/www.castrum.ee\\\/wp-content\\\/uploads\\\/2025\\\/03\\\/Castrum-logo-500.png\",\"contentUrl\":\"https:\\\/\\\/www.castrum.ee\\\/wp-content\\\/uploads\\\/2025\\\/03\\\/Castrum-logo-500.png\",\"width\":500,\"height\":250,\"caption\":\"Castrum Grupp O\u00dc\"},\"image\":{\"@id\":\"https:\\\/\\\/www.castrum.ee\\\/fi\\\/#\\\/schema\\\/logo\\\/image\\\/\"},\"sameAs\":[\"https:\\\/\\\/www.facebook.com\\\/castrum.ee\"]}]}<\/script>\n<!-- \/ Yoast SEO plugin. -->","yoast_head_json":{"title":"Lumonite Backup Bracket Compass, Vector, Pixel | Lumonite","description":"Lumonite Backup Bracket \u2013 sovitin Compass, Vector ja Pixel taskulampuille. Ergo V2 -otsapantaan. Ammattilaisille suunnistukseen.","robots":{"index":"index","follow":"follow","max-snippet":"max-snippet:-1","max-image-preview":"max-image-preview:large","max-video-preview":"max-video-preview:-1"},"canonical":"https:\/\/www.castrum.ee\/fi\/toode\/lumonite-backup-bracket-compass-vector-pixel-lampuille\/","og_locale":"fi_FI","og_type":"article","og_title":"Lumonite Backup Bracket Compass, Vector, Pixel | Lumonite","og_description":"Lumonite Backup Bracket \u2013 sovitin Compass, Vector ja Pixel taskulampuille. Ergo V2 -otsapantaan. Ammattilaisille suunnistukseen.","og_url":"https:\/\/www.castrum.ee\/fi\/toode\/lumonite-backup-bracket-compass-vector-pixel-lampuille\/","og_site_name":"Castrum","article_publisher":"https:\/\/www.facebook.com\/castrum.ee","og_image":[{"width":1080,"height":1080,"url":"https:\/\/www.castrum.ee\/wp-content\/uploads\/2025\/08\/IMG_9606.jpeg","type":"image\/jpeg"}],"twitter_card":"summary_large_image","twitter_misc":{"Arvioitu lukuaika":"1 minuutti"},"schema":{"@context":"https:\/\/schema.org","@graph":[{"@type":"WebPage","@id":"https:\/\/www.castrum.ee\/fi\/toode\/lumonite-backup-bracket-compass-vector-pixel-lampuille\/","url":"https:\/\/www.castrum.ee\/fi\/toode\/lumonite-backup-bracket-compass-vector-pixel-lampuille\/","name":"Lumonite Backup Bracket Compass, Vector, Pixel | Lumonite","isPartOf":{"@id":"https:\/\/www.castrum.ee\/fi\/#website"},"primaryImageOfPage":{"@id":"https:\/\/www.castrum.ee\/fi\/toode\/lumonite-backup-bracket-compass-vector-pixel-lampuille\/#primaryimage"},"image":{"@id":"https:\/\/www.castrum.ee\/fi\/toode\/lumonite-backup-bracket-compass-vector-pixel-lampuille\/#primaryimage"},"thumbnailUrl":"https:\/\/www.castrum.ee\/wp-content\/uploads\/2025\/08\/IMG_9606.jpeg","datePublished":"2026-04-29T22:10:29+00:00","description":"Lumonite Backup Bracket \u2013 sovitin Compass, Vector ja Pixel taskulampuille. Ergo V2 -otsapantaan. Ammattilaisille suunnistukseen.","breadcrumb":{"@id":"https:\/\/www.castrum.ee\/fi\/toode\/lumonite-backup-bracket-compass-vector-pixel-lampuille\/#breadcrumb"},"inLanguage":"fi","potentialAction":[{"@type":"ReadAction","target":["https:\/\/www.castrum.ee\/fi\/toode\/lumonite-backup-bracket-compass-vector-pixel-lampuille\/"]}]},{"@type":"ImageObject","inLanguage":"fi","@id":"https:\/\/www.castrum.ee\/fi\/toode\/lumonite-backup-bracket-compass-vector-pixel-lampuille\/#primaryimage","url":"https:\/\/www.castrum.ee\/wp-content\/uploads\/2025\/08\/IMG_9606.jpeg","contentUrl":"https:\/\/www.castrum.ee\/wp-content\/uploads\/2025\/08\/IMG_9606.jpeg","width":1080,"height":1080},{"@type":"BreadcrumbList","@id":"https:\/\/www.castrum.ee\/fi\/toode\/lumonite-backup-bracket-compass-vector-pixel-lampuille\/#breadcrumb","itemListElement":[{"@type":"ListItem","position":1,"name":"Home","item":"https:\/\/www.castrum.ee\/fi\/kotisivu\/"},{"@type":"ListItem","position":2,"name":"Verkkokauppa","item":"https:\/\/www.castrum.ee\/fi\/kauppa\/"},{"@type":"ListItem","position":3,"name":"Lumonite Backup Bracket Compass, Vector, Pixel -lampuille"}]},{"@type":"WebSite","@id":"https:\/\/www.castrum.ee\/fi\/#website","url":"https:\/\/www.castrum.ee\/fi\/","name":"Castrum","description":"Maastoautojen, henkil\u00f6autojen ja pienvaunujen lis\u00e4varusteet","publisher":{"@id":"https:\/\/www.castrum.ee\/fi\/#organization"},"potentialAction":[{"@type":"SearchAction","target":{"@type":"EntryPoint","urlTemplate":"https:\/\/www.castrum.ee\/fi\/?s={search_term_string}"},"query-input":{"@type":"PropertyValueSpecification","valueRequired":true,"valueName":"search_term_string"}}],"inLanguage":"fi"},{"@type":"Organization","@id":"https:\/\/www.castrum.ee\/fi\/#organization","name":"Castrum Grupp O\u00dc","url":"https:\/\/www.castrum.ee\/fi\/","logo":{"@type":"ImageObject","inLanguage":"fi","@id":"https:\/\/www.castrum.ee\/fi\/#\/schema\/logo\/image\/","url":"https:\/\/www.castrum.ee\/wp-content\/uploads\/2025\/03\/Castrum-logo-500.png","contentUrl":"https:\/\/www.castrum.ee\/wp-content\/uploads\/2025\/03\/Castrum-logo-500.png","width":500,"height":250,"caption":"Castrum Grupp O\u00dc"},"image":{"@id":"https:\/\/www.castrum.ee\/fi\/#\/schema\/logo\/image\/"},"sameAs":["https:\/\/www.facebook.com\/castrum.ee"]}]}},"_links":{"self":[{"href":"https:\/\/www.castrum.ee\/fi\/wp-json\/wp\/v2\/product\/80851","targetHints":{"allow":["GET"]}}],"collection":[{"href":"https:\/\/www.castrum.ee\/fi\/wp-json\/wp\/v2\/product"}],"about":[{"href":"https:\/\/www.castrum.ee\/fi\/wp-json\/wp\/v2\/types\/product"}],"wp:featuredmedia":[{"embeddable":true,"href":"https:\/\/www.castrum.ee\/fi\/wp-json\/wp\/v2\/media\/6609"}],"wp:attachment":[{"href":"https:\/\/www.castrum.ee\/fi\/wp-json\/wp\/v2\/media?parent=80851"}],"wp:term":[{"taxonomy":"mark-ja-mudel","embeddable":true,"href":"https:\/\/www.castrum.ee\/fi\/wp-json\/wp\/v2\/mark-ja-mudel?post=80851"},{"taxonomy":"product_brand","embeddable":true,"href":"https:\/\/www.castrum.ee\/fi\/wp-json\/wp\/v2\/product_brand?post=80851"},{"taxonomy":"product_cat","embeddable":true,"href":"https:\/\/www.castrum.ee\/fi\/wp-json\/wp\/v2\/product_cat?post=80851"},{"taxonomy":"product_tag","embeddable":true,"href":"https:\/\/www.castrum.ee\/fi\/wp-json\/wp\/v2\/product_tag?post=80851"}],"curies":[{"name":"wp","href":"https:\/\/api.w.org\/{rel}","templated":true}]}}