{"id":80852,"date":"2025-08-13T11:07:08","date_gmt":"2025-08-13T08:07:08","guid":{"rendered":"https:\/\/www.castrum.ee\/toode\/lumonite-releasy-bike-v2-kiinnike-pyoraan-ohjaustangon-kiinnike-compass-vector-pixel-valoille-tpjkvu\/"},"modified":"2026-05-12T15:31:30","modified_gmt":"2026-05-12T12:31:30","slug":"lumonite-releasy-bike-v2-kiinnike-pyoraan-ohjaustangon-kiinnike-compass-vector-pixel-valoille","status":"publish","type":"product","link":"https:\/\/www.castrum.ee\/fi\/toode\/lumonite-releasy-bike-v2-kiinnike-pyoraan-ohjaustangon-kiinnike-compass-vector-pixel-valoille\/","title":{"rendered":"LUMONITE Releasy Bike V2 -kiinnike py\u00f6r\u00e4\u00e4n \/ ohjaustangon kiinnike. Compass, Vector, Pixel valoille"},"content":{"rendered":"<p class=\"MuiBox-root css-p2uufd\">Ohjaustangon\/kyp\u00e4r\u00e4n kiinnike \u00e4lyll\u00e4 Releasy\u2122 -toiminnolla ja helppolla sek\u00e4 nopealla asennuksella. Yhteensopiva LUMONITE Compass, Pixel ja Vector valojen kanssa. Helposti kiinnitett\u00e4viss\u00e4 useimpiin ohjaustangoihin ja ilmanottoaukoilla varustettuihin kyp\u00e4riin!<\/p>\n<div class=\"MuiBox-root css-1t1ioij\">\n<div>\n<h2>\u2b50\ufe0f \u2b50\ufe0f \u2b50\ufe0f \u2b50\ufe0f \u2b50\ufe0f<\/h2>\n<p><strong>LUMONITE Releasy Bike V2 -py\u00f6r\u00e4nkiinnike on vallankumouksellinen tuote, joka mahdollistaa modernien valojen helpon siirt\u00e4misen ja kiinnitt\u00e4misen esimerkiksi py\u00f6r\u00e4n ohjaustangoon tai kyp\u00e4r\u00e4\u00e4n ajotyylist\u00e4si riippuen. Jatkuvasti 360\u00b0 py\u00f6ritett\u00e4v\u00e4 kiinnike <span class=\"Y2IQFc\" lang=\"sv\">tarkoittaa, ett\u00e4 valon kuva voidaan helposti s\u00e4\u00e4t\u00e4\u00e4 niin, ett\u00e4 se osoittaa aina eteenp\u00e4in riippumatta kiinnikkeen asennosta. Nopean kokoonpanon ansiosta kiinnike on eritt\u00e4in helppo asentaa. \u00c4lyll\u00e4 Releasy\u2122 -toiminnolla on my\u00f6s mahdollista irrottaa valo hetkess\u00e4 ja pit\u00e4\u00e4 sit\u00e4 k\u00e4dess\u00e4 esimerkiksi lataamiseen tai kun tarvitset irrallista taskulampua. Kuinka k\u00e4tev\u00e4lt\u00e4 se kuulostaa? <img class=\"lazyload\" decoding=\"async\" src=\"data:image\/gif;base64,R0lGODlhAQABAAAAACH5BAEKAAEALAAAAAABAAEAAAICTAEAOw==\" data-orig-src=\"https:\/\/www.lumonite.com\/images\/valostorese\/bildertext\/valostorerekommenderar.jpg\" alt=\"\" width=\"15%\" \/><\/span><\/strong><strong><span class=\"Y2IQFc\" lang=\"sv\">Huomio!<\/span><\/strong> <span class=\"Y2IQFc\" lang=\"sv\">Kuvissa n\u00e4kyv\u00e4 valo ei sis\u00e4lly pakkaukseen vaan myyd\u00e4\u00e4n erikseen.<\/span><\/p>\n<h2>Tekniset tiedot<\/h2>\n<ul>\n<li>Merkki ja malli: Py\u00f6r\u00e4nkiinnike LUMONITE Releasy Bike V2<\/li>\n<li>K\u00e4ytt\u00f6alue: Yksinkertainen valojen kiinnike esimerkiksi py\u00f6r\u00e4n ohjaustangoon tai kyp\u00e4r\u00e4\u00e4n<\/li>\n<li><span class=\"Y2IQFc\" lang=\"sv\">Paino: 20 grammaa<\/span><\/li>\n<li><span class=\"Y2IQFc\" lang=\"sv\">Materiaalit: L\u00e4mp\u00f6suojatuista muovista valmistettu runko, joustava silikoni-kiinnityssilmukka, ruostumattomasta ter\u00e4ksest\u00e4 valmistettu kiinnitys<\/span><\/li>\n<li>Kiinnike on yhteensopiva kaikkien 20,5 mm paksuisten valojen kanssa<\/li>\n<li>Rajoituksetta 360\u00b0 py\u00f6ritett\u00e4v\u00e4<\/li>\n<li><span class=\"Y2IQFc\" lang=\"sv\">Valo napsautetaan yksinkertaisesti kiinnkkeeseen<\/span><\/li>\n<li><span class=\"Y2IQFc\" lang=\"sv\">Yksinkertainen asennus ja purkaminen tarkoittaa, ett\u00e4 kiinnikett\u00e4 voidaan siirt\u00e4\u00e4 eri py\u00f6rien, kyp\u00e4rien tai halutun kohteen v\u00e4lill\u00e4<\/span><\/li>\n<li><span class=\"Y2IQFc\" lang=\"sv\">Helposti kiinnitett\u00e4viss\u00e4 ohjaustangoihin tai ilmanottoaukoilla varustettuihin kyp\u00e4riin<\/span><\/li>\n<li><span class=\"Y2IQFc\" lang=\"sv\">Helppo asentaa!<\/span><\/li>\n<li>Takuu: 24 kuukautta<\/li>\n<\/ul>\n<h2>Yhteensopivat valot<\/h2>\n<p><img class=\"lazyload\" decoding=\"async\" src=\"data:image\/gif;base64,R0lGODlhAQABAAAAACH5BAEKAAEALAAAAAABAAEAAAICTAEAOw==\" data-orig-src=\"https:\/\/www.lumonite.com\/images\/taskulamput\/tuotekuvat\/Lumonite\/lumonite_logo_vert.png\" alt=\"\" \/><\/p>\n<ul>\n<li><a href=\"https:\/\/www.lumonite.com\/product\/lumonite_compass_r\" target=\"_blank\" rel=\"noopener\">LUMONITE Compass<\/a><\/li>\n<li>LUMONITE Compass R<\/li>\n<li>LUMONITE Compass V3, V4, V5<\/li>\n<li>LUMONITE Compass 1000<\/li>\n<li><a href=\"https:\/\/www.lumonite.com\/en\/product\/headlamp_lumonite_pixel\" target=\"_blank\" rel=\"noopener\">LUMONITE Pixel<\/a><\/li>\n<li><a href=\"https:\/\/www.lumonite.com\/en\/product\/headlamp_lumonite_vector\" target=\"_blank\">LUMONITE Vector<\/a><\/li>\n<\/ul>\n<\/div>\n<\/div>\n","protected":false},"excerpt":{"rendered":"<p>Putkikiinnike sopii Lumonite Compass-, Vector- ja Pixel-valaisimille ja mahdollistaa valaisimen kiinnitt\u00e4misen polkupy\u00f6r\u00e4\u00e4n. Kiinnike pit\u00e4\u00e4 valaisimen vakaasti paikallaan ajon aikana.<\/p>\n","protected":false},"featured_media":6605,"template":"","meta":{"_acf_changed":false},"mark-ja-mudel":[],"product_brand":[2075],"product_cat":[1085],"product_tag":[1107],"class_list":{"0":"post-80852","1":"product","2":"type-product","3":"status-publish","4":"has-post-thumbnail","6":"product_brand-lumonite-fi","7":"product_cat-lumonite-led-otsalamput-urheilulamput-ja-tarvikkeet","8":"product_tag-toimitusaika-4-5-paivaa","10":"first","11":"instock","12":"taxable","13":"shipping-taxable","14":"purchasable","15":"product-type-simple"},"bundled_by":[],"bundle_stock_status":"instock","bundle_stock_quantity":null,"bundle_virtual":false,"bundle_layout":"","bundle_add_to_cart_form_location":"","bundle_editable_in_cart":false,"bundle_sold_individually_context":"","bundle_item_grouping":"","bundle_min_size":"","bundle_max_size":"","bundle_price":[],"bundled_items":[],"bundle_sell_ids":[],"acf":[],"yoast_head":"<!-- This site is optimized with the Yoast SEO plugin v27.5 - https:\/\/yoast.com\/product\/yoast-seo-wordpress\/ -->\n<title>LUMONITE Releasy Bike V2 -kiinnike | Lumonite LED-valot<\/title>\n<meta name=\"description\" content=\"LUMONITE Releasy Bike V2 py\u00f6r\u00e4nkiinnike Compass, Pixel ja Vector valoille. \u00c4lyll\u00e4 Releasy\u2122 -toiminnolla, 360\u00b0 py\u00f6ritett\u00e4v\u00e4. Nopea asennus, helppok\u00e4ytt\u00f6inen.\" \/>\n<meta name=\"robots\" content=\"index, follow, max-snippet:-1, max-image-preview:large, max-video-preview:-1\" \/>\n<link rel=\"canonical\" href=\"https:\/\/www.castrum.ee\/fi\/toode\/lumonite-releasy-bike-v2-kiinnike-pyoraan-ohjaustangon-kiinnike-compass-vector-pixel-valoille\/\" \/>\n<meta property=\"og:locale\" content=\"fi_FI\" \/>\n<meta property=\"og:type\" content=\"article\" \/>\n<meta property=\"og:title\" content=\"LUMONITE Releasy Bike V2 -kiinnike | Lumonite LED-valot\" \/>\n<meta property=\"og:description\" content=\"LUMONITE Releasy Bike V2 py\u00f6r\u00e4nkiinnike Compass, Pixel ja Vector valoille. \u00c4lyll\u00e4 Releasy\u2122 -toiminnolla, 360\u00b0 py\u00f6ritett\u00e4v\u00e4. Nopea asennus, helppok\u00e4ytt\u00f6inen.\" \/>\n<meta property=\"og:url\" content=\"https:\/\/www.castrum.ee\/fi\/toode\/lumonite-releasy-bike-v2-kiinnike-pyoraan-ohjaustangon-kiinnike-compass-vector-pixel-valoille\/\" \/>\n<meta property=\"og:site_name\" content=\"Castrum\" \/>\n<meta property=\"article:publisher\" content=\"https:\/\/www.facebook.com\/castrum.ee\" \/>\n<meta property=\"article:modified_time\" content=\"2026-05-12T12:31:30+00:00\" \/>\n<meta property=\"og:image\" content=\"https:\/\/www.castrum.ee\/wp-content\/uploads\/2025\/08\/IMG_9602.jpeg\" \/>\n\t<meta property=\"og:image:width\" content=\"1080\" \/>\n\t<meta property=\"og:image:height\" content=\"1080\" \/>\n\t<meta property=\"og:image:type\" content=\"image\/jpeg\" \/>\n<meta name=\"twitter:card\" content=\"summary_large_image\" \/>\n<meta name=\"twitter:label1\" content=\"Arvioitu lukuaika\" \/>\n\t<meta name=\"twitter:data1\" content=\"1 minuutti\" \/>\n<script type=\"application\/ld+json\" class=\"yoast-schema-graph\">{\"@context\":\"https:\\\/\\\/schema.org\",\"@graph\":[{\"@type\":\"WebPage\",\"@id\":\"https:\\\/\\\/www.castrum.ee\\\/fi\\\/toode\\\/lumonite-releasy-bike-v2-kiinnike-pyoraan-ohjaustangon-kiinnike-compass-vector-pixel-valoille\\\/\",\"url\":\"https:\\\/\\\/www.castrum.ee\\\/fi\\\/toode\\\/lumonite-releasy-bike-v2-kiinnike-pyoraan-ohjaustangon-kiinnike-compass-vector-pixel-valoille\\\/\",\"name\":\"LUMONITE Releasy Bike V2 -kiinnike | Lumonite LED-valot\",\"isPartOf\":{\"@id\":\"https:\\\/\\\/www.castrum.ee\\\/fi\\\/#website\"},\"primaryImageOfPage\":{\"@id\":\"https:\\\/\\\/www.castrum.ee\\\/fi\\\/toode\\\/lumonite-releasy-bike-v2-kiinnike-pyoraan-ohjaustangon-kiinnike-compass-vector-pixel-valoille\\\/#primaryimage\"},\"image\":{\"@id\":\"https:\\\/\\\/www.castrum.ee\\\/fi\\\/toode\\\/lumonite-releasy-bike-v2-kiinnike-pyoraan-ohjaustangon-kiinnike-compass-vector-pixel-valoille\\\/#primaryimage\"},\"thumbnailUrl\":\"https:\\\/\\\/www.castrum.ee\\\/wp-content\\\/uploads\\\/2025\\\/08\\\/IMG_9602.jpeg\",\"datePublished\":\"2025-08-13T08:07:08+00:00\",\"dateModified\":\"2026-05-12T12:31:30+00:00\",\"description\":\"LUMONITE Releasy Bike V2 py\u00f6r\u00e4nkiinnike Compass, Pixel ja Vector valoille. \u00c4lyll\u00e4 Releasy\u2122 -toiminnolla, 360\u00b0 py\u00f6ritett\u00e4v\u00e4. Nopea asennus, helppok\u00e4ytt\u00f6inen.\",\"breadcrumb\":{\"@id\":\"https:\\\/\\\/www.castrum.ee\\\/fi\\\/toode\\\/lumonite-releasy-bike-v2-kiinnike-pyoraan-ohjaustangon-kiinnike-compass-vector-pixel-valoille\\\/#breadcrumb\"},\"inLanguage\":\"fi\",\"potentialAction\":[{\"@type\":\"ReadAction\",\"target\":[\"https:\\\/\\\/www.castrum.ee\\\/fi\\\/toode\\\/lumonite-releasy-bike-v2-kiinnike-pyoraan-ohjaustangon-kiinnike-compass-vector-pixel-valoille\\\/\"]}]},{\"@type\":\"ImageObject\",\"inLanguage\":\"fi\",\"@id\":\"https:\\\/\\\/www.castrum.ee\\\/fi\\\/toode\\\/lumonite-releasy-bike-v2-kiinnike-pyoraan-ohjaustangon-kiinnike-compass-vector-pixel-valoille\\\/#primaryimage\",\"url\":\"https:\\\/\\\/www.castrum.ee\\\/wp-content\\\/uploads\\\/2025\\\/08\\\/IMG_9602.jpeg\",\"contentUrl\":\"https:\\\/\\\/www.castrum.ee\\\/wp-content\\\/uploads\\\/2025\\\/08\\\/IMG_9602.jpeg\",\"width\":1080,\"height\":1080},{\"@type\":\"BreadcrumbList\",\"@id\":\"https:\\\/\\\/www.castrum.ee\\\/fi\\\/toode\\\/lumonite-releasy-bike-v2-kiinnike-pyoraan-ohjaustangon-kiinnike-compass-vector-pixel-valoille\\\/#breadcrumb\",\"itemListElement\":[{\"@type\":\"ListItem\",\"position\":1,\"name\":\"Home\",\"item\":\"https:\\\/\\\/www.castrum.ee\\\/fi\\\/kotisivu\\\/\"},{\"@type\":\"ListItem\",\"position\":2,\"name\":\"Verkkokauppa\",\"item\":\"https:\\\/\\\/www.castrum.ee\\\/fi\\\/kauppa\\\/\"},{\"@type\":\"ListItem\",\"position\":3,\"name\":\"LUMONITE Releasy Bike V2 -kiinnike py\u00f6r\u00e4\u00e4n \\\/ ohjaustangon kiinnike. Compass, Vector, Pixel valoille\"}]},{\"@type\":\"WebSite\",\"@id\":\"https:\\\/\\\/www.castrum.ee\\\/fi\\\/#website\",\"url\":\"https:\\\/\\\/www.castrum.ee\\\/fi\\\/\",\"name\":\"Castrum\",\"description\":\"Maastoautojen, henkil\u00f6autojen ja pienvaunujen lis\u00e4varusteet\",\"publisher\":{\"@id\":\"https:\\\/\\\/www.castrum.ee\\\/fi\\\/#organization\"},\"potentialAction\":[{\"@type\":\"SearchAction\",\"target\":{\"@type\":\"EntryPoint\",\"urlTemplate\":\"https:\\\/\\\/www.castrum.ee\\\/fi\\\/?s={search_term_string}\"},\"query-input\":{\"@type\":\"PropertyValueSpecification\",\"valueRequired\":true,\"valueName\":\"search_term_string\"}}],\"inLanguage\":\"fi\"},{\"@type\":\"Organization\",\"@id\":\"https:\\\/\\\/www.castrum.ee\\\/fi\\\/#organization\",\"name\":\"Castrum Grupp O\u00dc\",\"url\":\"https:\\\/\\\/www.castrum.ee\\\/fi\\\/\",\"logo\":{\"@type\":\"ImageObject\",\"inLanguage\":\"fi\",\"@id\":\"https:\\\/\\\/www.castrum.ee\\\/fi\\\/#\\\/schema\\\/logo\\\/image\\\/\",\"url\":\"https:\\\/\\\/www.castrum.ee\\\/wp-content\\\/uploads\\\/2025\\\/03\\\/Castrum-logo-500.png\",\"contentUrl\":\"https:\\\/\\\/www.castrum.ee\\\/wp-content\\\/uploads\\\/2025\\\/03\\\/Castrum-logo-500.png\",\"width\":500,\"height\":250,\"caption\":\"Castrum Grupp O\u00dc\"},\"image\":{\"@id\":\"https:\\\/\\\/www.castrum.ee\\\/fi\\\/#\\\/schema\\\/logo\\\/image\\\/\"},\"sameAs\":[\"https:\\\/\\\/www.facebook.com\\\/castrum.ee\"]}]}<\/script>\n<!-- \/ Yoast SEO plugin. -->","yoast_head_json":{"title":"LUMONITE Releasy Bike V2 -kiinnike | Lumonite LED-valot","description":"LUMONITE Releasy Bike V2 py\u00f6r\u00e4nkiinnike Compass, Pixel ja Vector valoille. \u00c4lyll\u00e4 Releasy\u2122 -toiminnolla, 360\u00b0 py\u00f6ritett\u00e4v\u00e4. Nopea asennus, helppok\u00e4ytt\u00f6inen.","robots":{"index":"index","follow":"follow","max-snippet":"max-snippet:-1","max-image-preview":"max-image-preview:large","max-video-preview":"max-video-preview:-1"},"canonical":"https:\/\/www.castrum.ee\/fi\/toode\/lumonite-releasy-bike-v2-kiinnike-pyoraan-ohjaustangon-kiinnike-compass-vector-pixel-valoille\/","og_locale":"fi_FI","og_type":"article","og_title":"LUMONITE Releasy Bike V2 -kiinnike | Lumonite LED-valot","og_description":"LUMONITE Releasy Bike V2 py\u00f6r\u00e4nkiinnike Compass, Pixel ja Vector valoille. \u00c4lyll\u00e4 Releasy\u2122 -toiminnolla, 360\u00b0 py\u00f6ritett\u00e4v\u00e4. Nopea asennus, helppok\u00e4ytt\u00f6inen.","og_url":"https:\/\/www.castrum.ee\/fi\/toode\/lumonite-releasy-bike-v2-kiinnike-pyoraan-ohjaustangon-kiinnike-compass-vector-pixel-valoille\/","og_site_name":"Castrum","article_publisher":"https:\/\/www.facebook.com\/castrum.ee","article_modified_time":"2026-05-12T12:31:30+00:00","og_image":[{"width":1080,"height":1080,"url":"https:\/\/www.castrum.ee\/wp-content\/uploads\/2025\/08\/IMG_9602.jpeg","type":"image\/jpeg"}],"twitter_card":"summary_large_image","twitter_misc":{"Arvioitu lukuaika":"1 minuutti"},"schema":{"@context":"https:\/\/schema.org","@graph":[{"@type":"WebPage","@id":"https:\/\/www.castrum.ee\/fi\/toode\/lumonite-releasy-bike-v2-kiinnike-pyoraan-ohjaustangon-kiinnike-compass-vector-pixel-valoille\/","url":"https:\/\/www.castrum.ee\/fi\/toode\/lumonite-releasy-bike-v2-kiinnike-pyoraan-ohjaustangon-kiinnike-compass-vector-pixel-valoille\/","name":"LUMONITE Releasy Bike V2 -kiinnike | Lumonite LED-valot","isPartOf":{"@id":"https:\/\/www.castrum.ee\/fi\/#website"},"primaryImageOfPage":{"@id":"https:\/\/www.castrum.ee\/fi\/toode\/lumonite-releasy-bike-v2-kiinnike-pyoraan-ohjaustangon-kiinnike-compass-vector-pixel-valoille\/#primaryimage"},"image":{"@id":"https:\/\/www.castrum.ee\/fi\/toode\/lumonite-releasy-bike-v2-kiinnike-pyoraan-ohjaustangon-kiinnike-compass-vector-pixel-valoille\/#primaryimage"},"thumbnailUrl":"https:\/\/www.castrum.ee\/wp-content\/uploads\/2025\/08\/IMG_9602.jpeg","datePublished":"2025-08-13T08:07:08+00:00","dateModified":"2026-05-12T12:31:30+00:00","description":"LUMONITE Releasy Bike V2 py\u00f6r\u00e4nkiinnike Compass, Pixel ja Vector valoille. \u00c4lyll\u00e4 Releasy\u2122 -toiminnolla, 360\u00b0 py\u00f6ritett\u00e4v\u00e4. Nopea asennus, helppok\u00e4ytt\u00f6inen.","breadcrumb":{"@id":"https:\/\/www.castrum.ee\/fi\/toode\/lumonite-releasy-bike-v2-kiinnike-pyoraan-ohjaustangon-kiinnike-compass-vector-pixel-valoille\/#breadcrumb"},"inLanguage":"fi","potentialAction":[{"@type":"ReadAction","target":["https:\/\/www.castrum.ee\/fi\/toode\/lumonite-releasy-bike-v2-kiinnike-pyoraan-ohjaustangon-kiinnike-compass-vector-pixel-valoille\/"]}]},{"@type":"ImageObject","inLanguage":"fi","@id":"https:\/\/www.castrum.ee\/fi\/toode\/lumonite-releasy-bike-v2-kiinnike-pyoraan-ohjaustangon-kiinnike-compass-vector-pixel-valoille\/#primaryimage","url":"https:\/\/www.castrum.ee\/wp-content\/uploads\/2025\/08\/IMG_9602.jpeg","contentUrl":"https:\/\/www.castrum.ee\/wp-content\/uploads\/2025\/08\/IMG_9602.jpeg","width":1080,"height":1080},{"@type":"BreadcrumbList","@id":"https:\/\/www.castrum.ee\/fi\/toode\/lumonite-releasy-bike-v2-kiinnike-pyoraan-ohjaustangon-kiinnike-compass-vector-pixel-valoille\/#breadcrumb","itemListElement":[{"@type":"ListItem","position":1,"name":"Home","item":"https:\/\/www.castrum.ee\/fi\/kotisivu\/"},{"@type":"ListItem","position":2,"name":"Verkkokauppa","item":"https:\/\/www.castrum.ee\/fi\/kauppa\/"},{"@type":"ListItem","position":3,"name":"LUMONITE Releasy Bike V2 -kiinnike py\u00f6r\u00e4\u00e4n \/ ohjaustangon kiinnike. Compass, Vector, Pixel valoille"}]},{"@type":"WebSite","@id":"https:\/\/www.castrum.ee\/fi\/#website","url":"https:\/\/www.castrum.ee\/fi\/","name":"Castrum","description":"Maastoautojen, henkil\u00f6autojen ja pienvaunujen lis\u00e4varusteet","publisher":{"@id":"https:\/\/www.castrum.ee\/fi\/#organization"},"potentialAction":[{"@type":"SearchAction","target":{"@type":"EntryPoint","urlTemplate":"https:\/\/www.castrum.ee\/fi\/?s={search_term_string}"},"query-input":{"@type":"PropertyValueSpecification","valueRequired":true,"valueName":"search_term_string"}}],"inLanguage":"fi"},{"@type":"Organization","@id":"https:\/\/www.castrum.ee\/fi\/#organization","name":"Castrum Grupp O\u00dc","url":"https:\/\/www.castrum.ee\/fi\/","logo":{"@type":"ImageObject","inLanguage":"fi","@id":"https:\/\/www.castrum.ee\/fi\/#\/schema\/logo\/image\/","url":"https:\/\/www.castrum.ee\/wp-content\/uploads\/2025\/03\/Castrum-logo-500.png","contentUrl":"https:\/\/www.castrum.ee\/wp-content\/uploads\/2025\/03\/Castrum-logo-500.png","width":500,"height":250,"caption":"Castrum Grupp O\u00dc"},"image":{"@id":"https:\/\/www.castrum.ee\/fi\/#\/schema\/logo\/image\/"},"sameAs":["https:\/\/www.facebook.com\/castrum.ee"]}]}},"_links":{"self":[{"href":"https:\/\/www.castrum.ee\/fi\/wp-json\/wp\/v2\/product\/80852","targetHints":{"allow":["GET"]}}],"collection":[{"href":"https:\/\/www.castrum.ee\/fi\/wp-json\/wp\/v2\/product"}],"about":[{"href":"https:\/\/www.castrum.ee\/fi\/wp-json\/wp\/v2\/types\/product"}],"wp:featuredmedia":[{"embeddable":true,"href":"https:\/\/www.castrum.ee\/fi\/wp-json\/wp\/v2\/media\/6605"}],"wp:attachment":[{"href":"https:\/\/www.castrum.ee\/fi\/wp-json\/wp\/v2\/media?parent=80852"}],"wp:term":[{"taxonomy":"mark-ja-mudel","embeddable":true,"href":"https:\/\/www.castrum.ee\/fi\/wp-json\/wp\/v2\/mark-ja-mudel?post=80852"},{"taxonomy":"product_brand","embeddable":true,"href":"https:\/\/www.castrum.ee\/fi\/wp-json\/wp\/v2\/product_brand?post=80852"},{"taxonomy":"product_cat","embeddable":true,"href":"https:\/\/www.castrum.ee\/fi\/wp-json\/wp\/v2\/product_cat?post=80852"},{"taxonomy":"product_tag","embeddable":true,"href":"https:\/\/www.castrum.ee\/fi\/wp-json\/wp\/v2\/product_tag?post=80852"}],"curies":[{"name":"wp","href":"https:\/\/api.w.org\/{rel}","templated":true}]}}