{"id":80853,"date":"2025-08-13T11:07:08","date_gmt":"2025-08-13T08:07:08","guid":{"rendered":"https:\/\/www.castrum.ee\/toode\/lumonite-paaband-compass-vector-pixel-lampuille-lzm1py\/"},"modified":"2026-05-12T15:31:29","modified_gmt":"2026-05-12T12:31:29","slug":"lumonite-paaband-compass-vector-pixel-lampuille","status":"publish","type":"product","link":"https:\/\/www.castrum.ee\/fi\/toode\/lumonite-paaband-compass-vector-pixel-lampuille\/","title":{"rendered":"LUMONITE p\u00e4\u00e4band Compass, Vector, Pixel -lampuille"},"content":{"rendered":"<p class=\"MuiBox-root css-p2uufd\">P\u00e4\u00e4band Releasy\u2122-teknologialla, joka mahdollistaa LUMONITE-lamppusi sujuvan kiinnittymisen. Yhteensopiva LUMONITE Compass-, LUMONITE Vector- ja LUMONITE Pixel -lampuiden kanssa.<\/p>\n<div class=\"MuiBox-root css-1t1ioij\">\n<div>\n<p><strong>Alkuper\u00e4inen LUMONITE Releasy\u2122 -p\u00e4\u00e4band. Yhteensopiva LUMONITE Compass -lamppujen (ja aikaisempien versioiden) kanssa, LUMONITE Vector, LUMONITE Pixel ja muiden samantyyppisten &#8221;L-muotoisten&#8221; lamppujen kanssa. Lamppujen suurin halkaisija saa olla enint\u00e4\u00e4n 30 mm.<\/strong><\/p>\n<p>Lamppua voidaan helposti irrottaa ja napsauttaa takaisin kest\u00e4v\u00e4\u00e4n ter\u00e4ksiseen pikakiinnittimeen. T\u00e4ydellinen, jos haluat k\u00e4ytt\u00e4\u00e4 lamppua irtonaisesti, esimerkiksi taskulamppuna, polkupy\u00f6r\u00e4nvalona tai kyp\u00e4r\u00e4valon\u00e4 (saattaa vaatia erillisi\u00e4 lis\u00e4tarvikkeita). P\u00e4\u00e4bandin keskiosaa voidaan helposti poistaa tarvittaessa.<\/p>\n<h2>Yhteensopivat lamput <img class=\"lazyload\" decoding=\"async\" src=\"data:image\/gif;base64,R0lGODlhAQABAAAAACH5BAEKAAEALAAAAAABAAEAAAICTAEAOw==\" data-orig-src=\"https:\/\/www.valostore.fi\/images\/taskulamput\/tuotekuvat\/Lumonite\/lumonite_logo_vert.png\" alt=\"\" width=\"35\" \/><\/h2>\n<ul>\n<li><a href=\"https:\/\/www.lumonite.com\/en\/product\/lumonite_compass_r\">Lumonite Compass<\/a><\/li>\n<li>Lumonite Compass R<\/li>\n<li>Lumonite Compass Mini<\/li>\n<li>Lumonite Compass Mini R<\/li>\n<li>Lumonite Vector<\/li>\n<\/ul>\n<\/div>\n<\/div>\n","protected":false},"excerpt":{"rendered":"<p>Lumonite-otsanauha sopii Compass-, Vector- ja Pixel-mallisille otsalampuille. S\u00e4\u00e4dett\u00e4v\u00e4 ja mukava pitk\u00e4aikaisessa k\u00e4yt\u00f6ss\u00e4.<\/p>\n","protected":false},"featured_media":6602,"template":"","meta":{"_acf_changed":false},"mark-ja-mudel":[],"product_brand":[2075],"product_cat":[1085],"product_tag":[1116,1110],"class_list":{"0":"post-80853","1":"product","2":"type-product","3":"status-publish","4":"has-post-thumbnail","6":"product_brand-lumonite-fi","7":"product_cat-lumonite-led-otsalamput-urheilulamput-ja-tarvikkeet","8":"product_tag-toimitus-2-3-paivaa","9":"product_tag-laos","11":"first","12":"instock","13":"taxable","14":"shipping-taxable","15":"purchasable","16":"product-type-simple"},"bundled_by":[],"bundle_stock_status":"instock","bundle_stock_quantity":null,"bundle_virtual":false,"bundle_layout":"","bundle_add_to_cart_form_location":"","bundle_editable_in_cart":false,"bundle_sold_individually_context":"","bundle_item_grouping":"","bundle_min_size":"","bundle_max_size":"","bundle_price":[],"bundled_items":[],"bundle_sell_ids":[],"acf":[],"yoast_head":"<!-- This site is optimized with the Yoast SEO plugin v27.5 - https:\/\/yoast.com\/product\/yoast-seo-wordpress\/ -->\n<title>LUMONITE p\u00e4\u00e4band Compass, Vector, Pixel -lampuille | Lumonite<\/title>\n<meta name=\"description\" content=\"LUMONITE p\u00e4\u00e4band Compass, Vector, Pixel -lampuille. Lis\u00e4valot, ty\u00f6valot ja lis\u00e4valojen asennustarvikkeet. Maastoauto- ja 4x4-tarvikkeet.\" \/>\n<meta name=\"robots\" content=\"index, follow, max-snippet:-1, max-image-preview:large, max-video-preview:-1\" \/>\n<link rel=\"canonical\" href=\"https:\/\/www.castrum.ee\/fi\/toode\/lumonite-paaband-compass-vector-pixel-lampuille\/\" \/>\n<meta property=\"og:locale\" content=\"fi_FI\" \/>\n<meta property=\"og:type\" content=\"article\" \/>\n<meta property=\"og:title\" content=\"LUMONITE p\u00e4\u00e4band Compass, Vector, Pixel -lampuille | Lumonite\" \/>\n<meta property=\"og:description\" content=\"LUMONITE p\u00e4\u00e4band Compass, Vector, Pixel -lampuille. Lis\u00e4valot, ty\u00f6valot ja lis\u00e4valojen asennustarvikkeet. Maastoauto- ja 4x4-tarvikkeet.\" \/>\n<meta property=\"og:url\" content=\"https:\/\/www.castrum.ee\/fi\/toode\/lumonite-paaband-compass-vector-pixel-lampuille\/\" \/>\n<meta property=\"og:site_name\" content=\"Castrum\" \/>\n<meta property=\"article:publisher\" content=\"https:\/\/www.facebook.com\/castrum.ee\" \/>\n<meta property=\"article:modified_time\" content=\"2026-05-12T12:31:29+00:00\" \/>\n<meta property=\"og:image\" content=\"https:\/\/www.castrum.ee\/wp-content\/uploads\/2025\/08\/IMG_9600.jpeg\" \/>\n\t<meta property=\"og:image:width\" content=\"600\" \/>\n\t<meta property=\"og:image:height\" content=\"600\" \/>\n\t<meta property=\"og:image:type\" content=\"image\/jpeg\" \/>\n<meta name=\"twitter:card\" content=\"summary_large_image\" \/>\n<meta name=\"twitter:label1\" content=\"Arvioitu lukuaika\" \/>\n\t<meta name=\"twitter:data1\" content=\"1 minuutti\" \/>\n<script type=\"application\/ld+json\" class=\"yoast-schema-graph\">{\"@context\":\"https:\\\/\\\/schema.org\",\"@graph\":[{\"@type\":\"WebPage\",\"@id\":\"https:\\\/\\\/www.castrum.ee\\\/fi\\\/toode\\\/lumonite-paaband-compass-vector-pixel-lampuille\\\/\",\"url\":\"https:\\\/\\\/www.castrum.ee\\\/fi\\\/toode\\\/lumonite-paaband-compass-vector-pixel-lampuille\\\/\",\"name\":\"LUMONITE p\u00e4\u00e4band Compass, Vector, Pixel -lampuille | Lumonite\",\"isPartOf\":{\"@id\":\"https:\\\/\\\/www.castrum.ee\\\/fi\\\/#website\"},\"primaryImageOfPage\":{\"@id\":\"https:\\\/\\\/www.castrum.ee\\\/fi\\\/toode\\\/lumonite-paaband-compass-vector-pixel-lampuille\\\/#primaryimage\"},\"image\":{\"@id\":\"https:\\\/\\\/www.castrum.ee\\\/fi\\\/toode\\\/lumonite-paaband-compass-vector-pixel-lampuille\\\/#primaryimage\"},\"thumbnailUrl\":\"https:\\\/\\\/www.castrum.ee\\\/wp-content\\\/uploads\\\/2025\\\/08\\\/IMG_9600.jpeg\",\"datePublished\":\"2025-08-13T08:07:08+00:00\",\"dateModified\":\"2026-05-12T12:31:29+00:00\",\"description\":\"LUMONITE p\u00e4\u00e4band Compass, Vector, Pixel -lampuille. Lis\u00e4valot, ty\u00f6valot ja lis\u00e4valojen asennustarvikkeet. Maastoauto- ja 4x4-tarvikkeet.\",\"breadcrumb\":{\"@id\":\"https:\\\/\\\/www.castrum.ee\\\/fi\\\/toode\\\/lumonite-paaband-compass-vector-pixel-lampuille\\\/#breadcrumb\"},\"inLanguage\":\"fi\",\"potentialAction\":[{\"@type\":\"ReadAction\",\"target\":[\"https:\\\/\\\/www.castrum.ee\\\/fi\\\/toode\\\/lumonite-paaband-compass-vector-pixel-lampuille\\\/\"]}]},{\"@type\":\"ImageObject\",\"inLanguage\":\"fi\",\"@id\":\"https:\\\/\\\/www.castrum.ee\\\/fi\\\/toode\\\/lumonite-paaband-compass-vector-pixel-lampuille\\\/#primaryimage\",\"url\":\"https:\\\/\\\/www.castrum.ee\\\/wp-content\\\/uploads\\\/2025\\\/08\\\/IMG_9600.jpeg\",\"contentUrl\":\"https:\\\/\\\/www.castrum.ee\\\/wp-content\\\/uploads\\\/2025\\\/08\\\/IMG_9600.jpeg\",\"width\":600,\"height\":600},{\"@type\":\"BreadcrumbList\",\"@id\":\"https:\\\/\\\/www.castrum.ee\\\/fi\\\/toode\\\/lumonite-paaband-compass-vector-pixel-lampuille\\\/#breadcrumb\",\"itemListElement\":[{\"@type\":\"ListItem\",\"position\":1,\"name\":\"Home\",\"item\":\"https:\\\/\\\/www.castrum.ee\\\/fi\\\/kotisivu\\\/\"},{\"@type\":\"ListItem\",\"position\":2,\"name\":\"Verkkokauppa\",\"item\":\"https:\\\/\\\/www.castrum.ee\\\/fi\\\/kauppa\\\/\"},{\"@type\":\"ListItem\",\"position\":3,\"name\":\"LUMONITE p\u00e4\u00e4band Compass, Vector, Pixel -lampuille\"}]},{\"@type\":\"WebSite\",\"@id\":\"https:\\\/\\\/www.castrum.ee\\\/fi\\\/#website\",\"url\":\"https:\\\/\\\/www.castrum.ee\\\/fi\\\/\",\"name\":\"Castrum\",\"description\":\"Maastoautojen, henkil\u00f6autojen ja pienvaunujen lis\u00e4varusteet\",\"publisher\":{\"@id\":\"https:\\\/\\\/www.castrum.ee\\\/fi\\\/#organization\"},\"potentialAction\":[{\"@type\":\"SearchAction\",\"target\":{\"@type\":\"EntryPoint\",\"urlTemplate\":\"https:\\\/\\\/www.castrum.ee\\\/fi\\\/?s={search_term_string}\"},\"query-input\":{\"@type\":\"PropertyValueSpecification\",\"valueRequired\":true,\"valueName\":\"search_term_string\"}}],\"inLanguage\":\"fi\"},{\"@type\":\"Organization\",\"@id\":\"https:\\\/\\\/www.castrum.ee\\\/fi\\\/#organization\",\"name\":\"Castrum Grupp O\u00dc\",\"url\":\"https:\\\/\\\/www.castrum.ee\\\/fi\\\/\",\"logo\":{\"@type\":\"ImageObject\",\"inLanguage\":\"fi\",\"@id\":\"https:\\\/\\\/www.castrum.ee\\\/fi\\\/#\\\/schema\\\/logo\\\/image\\\/\",\"url\":\"https:\\\/\\\/www.castrum.ee\\\/wp-content\\\/uploads\\\/2025\\\/03\\\/Castrum-logo-500.png\",\"contentUrl\":\"https:\\\/\\\/www.castrum.ee\\\/wp-content\\\/uploads\\\/2025\\\/03\\\/Castrum-logo-500.png\",\"width\":500,\"height\":250,\"caption\":\"Castrum Grupp O\u00dc\"},\"image\":{\"@id\":\"https:\\\/\\\/www.castrum.ee\\\/fi\\\/#\\\/schema\\\/logo\\\/image\\\/\"},\"sameAs\":[\"https:\\\/\\\/www.facebook.com\\\/castrum.ee\"]}]}<\/script>\n<!-- \/ Yoast SEO plugin. -->","yoast_head_json":{"title":"LUMONITE p\u00e4\u00e4band Compass, Vector, Pixel -lampuille | Lumonite","description":"LUMONITE p\u00e4\u00e4band Compass, Vector, Pixel -lampuille. Lis\u00e4valot, ty\u00f6valot ja lis\u00e4valojen asennustarvikkeet. Maastoauto- ja 4x4-tarvikkeet.","robots":{"index":"index","follow":"follow","max-snippet":"max-snippet:-1","max-image-preview":"max-image-preview:large","max-video-preview":"max-video-preview:-1"},"canonical":"https:\/\/www.castrum.ee\/fi\/toode\/lumonite-paaband-compass-vector-pixel-lampuille\/","og_locale":"fi_FI","og_type":"article","og_title":"LUMONITE p\u00e4\u00e4band Compass, Vector, Pixel -lampuille | Lumonite","og_description":"LUMONITE p\u00e4\u00e4band Compass, Vector, Pixel -lampuille. Lis\u00e4valot, ty\u00f6valot ja lis\u00e4valojen asennustarvikkeet. Maastoauto- ja 4x4-tarvikkeet.","og_url":"https:\/\/www.castrum.ee\/fi\/toode\/lumonite-paaband-compass-vector-pixel-lampuille\/","og_site_name":"Castrum","article_publisher":"https:\/\/www.facebook.com\/castrum.ee","article_modified_time":"2026-05-12T12:31:29+00:00","og_image":[{"width":600,"height":600,"url":"https:\/\/www.castrum.ee\/wp-content\/uploads\/2025\/08\/IMG_9600.jpeg","type":"image\/jpeg"}],"twitter_card":"summary_large_image","twitter_misc":{"Arvioitu lukuaika":"1 minuutti"},"schema":{"@context":"https:\/\/schema.org","@graph":[{"@type":"WebPage","@id":"https:\/\/www.castrum.ee\/fi\/toode\/lumonite-paaband-compass-vector-pixel-lampuille\/","url":"https:\/\/www.castrum.ee\/fi\/toode\/lumonite-paaband-compass-vector-pixel-lampuille\/","name":"LUMONITE p\u00e4\u00e4band Compass, Vector, Pixel -lampuille | Lumonite","isPartOf":{"@id":"https:\/\/www.castrum.ee\/fi\/#website"},"primaryImageOfPage":{"@id":"https:\/\/www.castrum.ee\/fi\/toode\/lumonite-paaband-compass-vector-pixel-lampuille\/#primaryimage"},"image":{"@id":"https:\/\/www.castrum.ee\/fi\/toode\/lumonite-paaband-compass-vector-pixel-lampuille\/#primaryimage"},"thumbnailUrl":"https:\/\/www.castrum.ee\/wp-content\/uploads\/2025\/08\/IMG_9600.jpeg","datePublished":"2025-08-13T08:07:08+00:00","dateModified":"2026-05-12T12:31:29+00:00","description":"LUMONITE p\u00e4\u00e4band Compass, Vector, Pixel -lampuille. Lis\u00e4valot, ty\u00f6valot ja lis\u00e4valojen asennustarvikkeet. Maastoauto- ja 4x4-tarvikkeet.","breadcrumb":{"@id":"https:\/\/www.castrum.ee\/fi\/toode\/lumonite-paaband-compass-vector-pixel-lampuille\/#breadcrumb"},"inLanguage":"fi","potentialAction":[{"@type":"ReadAction","target":["https:\/\/www.castrum.ee\/fi\/toode\/lumonite-paaband-compass-vector-pixel-lampuille\/"]}]},{"@type":"ImageObject","inLanguage":"fi","@id":"https:\/\/www.castrum.ee\/fi\/toode\/lumonite-paaband-compass-vector-pixel-lampuille\/#primaryimage","url":"https:\/\/www.castrum.ee\/wp-content\/uploads\/2025\/08\/IMG_9600.jpeg","contentUrl":"https:\/\/www.castrum.ee\/wp-content\/uploads\/2025\/08\/IMG_9600.jpeg","width":600,"height":600},{"@type":"BreadcrumbList","@id":"https:\/\/www.castrum.ee\/fi\/toode\/lumonite-paaband-compass-vector-pixel-lampuille\/#breadcrumb","itemListElement":[{"@type":"ListItem","position":1,"name":"Home","item":"https:\/\/www.castrum.ee\/fi\/kotisivu\/"},{"@type":"ListItem","position":2,"name":"Verkkokauppa","item":"https:\/\/www.castrum.ee\/fi\/kauppa\/"},{"@type":"ListItem","position":3,"name":"LUMONITE p\u00e4\u00e4band Compass, Vector, Pixel -lampuille"}]},{"@type":"WebSite","@id":"https:\/\/www.castrum.ee\/fi\/#website","url":"https:\/\/www.castrum.ee\/fi\/","name":"Castrum","description":"Maastoautojen, henkil\u00f6autojen ja pienvaunujen lis\u00e4varusteet","publisher":{"@id":"https:\/\/www.castrum.ee\/fi\/#organization"},"potentialAction":[{"@type":"SearchAction","target":{"@type":"EntryPoint","urlTemplate":"https:\/\/www.castrum.ee\/fi\/?s={search_term_string}"},"query-input":{"@type":"PropertyValueSpecification","valueRequired":true,"valueName":"search_term_string"}}],"inLanguage":"fi"},{"@type":"Organization","@id":"https:\/\/www.castrum.ee\/fi\/#organization","name":"Castrum Grupp O\u00dc","url":"https:\/\/www.castrum.ee\/fi\/","logo":{"@type":"ImageObject","inLanguage":"fi","@id":"https:\/\/www.castrum.ee\/fi\/#\/schema\/logo\/image\/","url":"https:\/\/www.castrum.ee\/wp-content\/uploads\/2025\/03\/Castrum-logo-500.png","contentUrl":"https:\/\/www.castrum.ee\/wp-content\/uploads\/2025\/03\/Castrum-logo-500.png","width":500,"height":250,"caption":"Castrum Grupp O\u00dc"},"image":{"@id":"https:\/\/www.castrum.ee\/fi\/#\/schema\/logo\/image\/"},"sameAs":["https:\/\/www.facebook.com\/castrum.ee"]}]}},"_links":{"self":[{"href":"https:\/\/www.castrum.ee\/fi\/wp-json\/wp\/v2\/product\/80853","targetHints":{"allow":["GET"]}}],"collection":[{"href":"https:\/\/www.castrum.ee\/fi\/wp-json\/wp\/v2\/product"}],"about":[{"href":"https:\/\/www.castrum.ee\/fi\/wp-json\/wp\/v2\/types\/product"}],"wp:featuredmedia":[{"embeddable":true,"href":"https:\/\/www.castrum.ee\/fi\/wp-json\/wp\/v2\/media\/6602"}],"wp:attachment":[{"href":"https:\/\/www.castrum.ee\/fi\/wp-json\/wp\/v2\/media?parent=80853"}],"wp:term":[{"taxonomy":"mark-ja-mudel","embeddable":true,"href":"https:\/\/www.castrum.ee\/fi\/wp-json\/wp\/v2\/mark-ja-mudel?post=80853"},{"taxonomy":"product_brand","embeddable":true,"href":"https:\/\/www.castrum.ee\/fi\/wp-json\/wp\/v2\/product_brand?post=80853"},{"taxonomy":"product_cat","embeddable":true,"href":"https:\/\/www.castrum.ee\/fi\/wp-json\/wp\/v2\/product_cat?post=80853"},{"taxonomy":"product_tag","embeddable":true,"href":"https:\/\/www.castrum.ee\/fi\/wp-json\/wp\/v2\/product_tag?post=80853"}],"curies":[{"name":"wp","href":"https:\/\/api.w.org\/{rel}","templated":true}]}}