{"id":80854,"date":"2026-04-30T01:11:23","date_gmt":"2026-04-29T22:11:23","guid":{"rendered":"https:\/\/www.castrum.ee\/toode\/lumonite-universaalinen-kyparakiinnike-compass-vector-pixel-4hqaag\/"},"modified":"2026-04-30T01:11:23","modified_gmt":"2026-04-29T22:11:23","slug":"lumonite-universaalinen-kyparakiinnike-compass-vector-pixel","status":"publish","type":"product","link":"https:\/\/www.castrum.ee\/fi\/toode\/lumonite-universaalinen-kyparakiinnike-compass-vector-pixel\/","title":{"rendered":"LUMONITE universaalinen kyp\u00e4r\u00e4kiinnike (Compass, Vector, Pixel)"},"content":{"rendered":"<p class=\"MuiBox-root css-p2uufd\">Kyp\u00e4r\u00e4\u00e4n kiinnittyv\u00e4 kyp\u00e4r\u00e4valo-teline, jolla on eritt\u00e4in matala profiili ja paino vain 13 grammaa! Sopii Lumoniten Compass-, Vector- ja Pixel-otssikoille. Kiinnittyy kyp\u00e4r\u00e4n pintaan vahvalla 3M kaksipuoleisella liimalla. Sopii my\u00f6s muille samankokoisten lamppujen kiinnitykseen.<\/p>\n<div class=\"MuiBox-root css-1t1ioij\">\n<div><strong>Lumonite Releasy Sticker Mount on monipuolinen telineratkaisu Lumoniten Compass-, Vector- ja Pixel-otsikoille, joka mullistaa lamppujen k\u00e4ytt\u00f6mahdollisuudet. T\u00e4m\u00e4n kiinnikkeen avulla mik\u00e4 tahansa edell\u00e4 mainituista (tai muista samankokoisista) lampuista voidaan kiinnitt\u00e4\u00e4 kyp\u00e4r\u00e4\u00e4n tai muuhun kaarevaan pintaan, ja n\u00e4in otsikoista saadaan muutamassa sekunnissa esimerkiksi tehokas ty\u00f6valo. Releasy Sticker Mount sopii hiiht\u00e4jien, py\u00f6r\u00e4ilij\u00f6iden, enduro-, moto- ja ty\u00f6ntekij\u00f6iden kyp\u00e4riin, ja telineen takana oleva kest\u00e4v\u00e4 ja vahva 3M kaksipuoleinen liima kiinnittyy pintaan lujasti materiaalista riippumatta. Releasy Sticker Mount -telineen k\u00e4ytt\u00f6alueet ovat rajattomat, ja sen joustavuus perustuu siihen, ett\u00e4 voit itse p\u00e4\u00e4tt\u00e4\u00e4, mihin telineen asennat! <img class=\"lazyload\" decoding=\"async\" src=\"data:image\/gif;base64,R0lGODlhAQABAAAAACH5BAEKAAEALAAAAAABAAEAAAICTAEAOw==\" data-orig-src=\"https:\/\/cdn.handshake.fi\/images\/valostorese\/bildertext\/valostorerekommenderar.jpg\" alt=\"\" width=\"25%\" \/><\/strong><\/p>\n<p>Matala profiili ja h\u00f6yhent\u00e4ringan kevyt paino, vain 13 grammaa, tarkoittavat, ett\u00e4 Releasy Sticker Mount ei lis\u00e4\u00e4 kyp\u00e4r\u00e4\u00e4n huomattavaa ylim\u00e4\u00e4r\u00e4ist\u00e4 painoa, joten sit\u00e4 ei tarvitse poistaa, kun valoa ei k\u00e4ytet\u00e4, vaan se kulkee kanssasi t\u00e4ysin huomaamattomasti. Lampputuike on valmistettu muovista, ja lamppua pit\u00e4v\u00e4 osa on valmistettu metallista, joka pit\u00e4\u00e4 jopa pienimm\u00e4n Pixel-lampun lujasti paikallaan. Releasy Sticker Mount pit\u00e4\u00e4 kaikki Lumoniten otsikoita lujasti paikallaan, mutta ne voidaan helposti irrottaa halutessa. Korkealaatuinen ja joustava metallinen kiinnike on eritt\u00e4in kest\u00e4v\u00e4, ja kest\u00e4vyys ei k\u00e4rsi jopa \u00e4\u00e4rimm\u00e4isiss\u00e4 olosuhteissa ja s\u00e4\u00e4ss\u00e4, kuten syksyn rankkasateissa tai todella kylmiss\u00e4 talven l\u00e4mp\u00f6tiloissa.<\/p>\n<h2>Yhteensopivat otsikoiden mallit<\/h2>\n<ul>\n<li><a href=\"https:\/\/www.lumonite.com\/en\/product\/lumonite_compass_r\" target=\"_blank\" rel=\"noopener\">Lumonite Compass<\/a><\/li>\n<li><a href=\"https:\/\/www.lumonite.com\/da\/product\/headlamp_lumonite_vector\" target=\"_blank\" rel=\"noopener\">Lumonite Vector<\/a><\/li>\n<li><a href=\"https:\/\/www.lumonite.com\/com\/product\/headlamp_lumonite_pixel\" target=\"_blank\" rel=\"noopener\">Lumonite Pixel<\/a><\/li>\n<li>Lumonite Compass R<\/li>\n<\/ul>\n<h2>Tekniset tiedot <img class=\"lazyload\" decoding=\"async\" src=\"data:image\/gif;base64,R0lGODlhAQABAAAAACH5BAEKAAEALAAAAAABAAEAAAICTAEAOw==\" data-orig-src=\"https:\/\/cdn.handshake.fi\/images\/taskulamput\/tuotemerkit\/lumonite_logo_white.png\" alt=\"\" width=\"25%\" \/><\/h2>\n<ul>\n<li>Merkki ja malli: Kiinnike LUMONITE Releasy Sticker Mount<\/li>\n<li>K\u00e4ytt\u00f6alue: Lumoniten otssikoiden kiinnitt\u00e4minen erilaisiin kyp\u00e4riin<\/li>\n<li>Mitat: 54 x 42 x 33 mm (Pituus x Leveys x Korkeus)<\/li>\n<li>Paino: 13 g<\/li>\n<li>Materiaali: Muovinen kiinnike, metallinen telineosa<\/li>\n<li>Kiinnitys: Vahva 3M-asennus pintaan<\/li>\n<li>Kiinnike on valmistettu vahvasta ja joustavasta metallista<\/li>\n<\/ul>\n<\/div>\n<\/div>\n","protected":false},"excerpt":{"rendered":"<p>Kyp\u00e4r\u00e4\u00e4n kiinnittyv\u00e4 kyp\u00e4r\u00e4valo-teline, jolla on eritt\u00e4in matala profiili ja paino vain 13 grammaa! Sopii Lumoniten Compass-, Vector- ja Pixel-otssikoille.<\/p>\n","protected":false},"featured_media":6592,"template":"","meta":{"_acf_changed":false},"mark-ja-mudel":[],"product_brand":[],"product_cat":[1085],"product_tag":[1107],"class_list":{"0":"post-80854","1":"product","2":"type-product","3":"status-publish","4":"has-post-thumbnail","6":"product_cat-lumonite-led-otsalamput-urheilulamput-ja-tarvikkeet","7":"product_tag-toimitusaika-4-5-paivaa","9":"first","10":"instock","11":"taxable","12":"shipping-taxable","13":"purchasable","14":"product-type-simple"},"bundled_by":[],"bundle_stock_status":"instock","bundle_stock_quantity":null,"bundle_virtual":false,"bundle_layout":"","bundle_add_to_cart_form_location":"","bundle_editable_in_cart":false,"bundle_sold_individually_context":"","bundle_item_grouping":"","bundle_min_size":"","bundle_max_size":"","bundle_price":[],"bundled_items":[],"bundle_sell_ids":[],"acf":[],"yoast_head":"<!-- This site is optimized with the Yoast SEO plugin v27.5 - https:\/\/yoast.com\/product\/yoast-seo-wordpress\/ -->\n<title>LUMONITE universaalinen kyp\u00e4r\u00e4kiinnike | Lumonite | Castrum<\/title>\n<meta name=\"description\" content=\"LUMONITE universaalinen kyp\u00e4r\u00e4kiinnike Compass-, Vector- ja Pixel-otssikoille. Lumonite LED otsikoiden kiinnikkeet ja tarvikkeet. Maasturien lis\u00e4varustus.\" \/>\n<meta name=\"robots\" content=\"index, follow, max-snippet:-1, max-image-preview:large, max-video-preview:-1\" \/>\n<link rel=\"canonical\" href=\"https:\/\/www.castrum.ee\/fi\/toode\/lumonite-universaalinen-kyparakiinnike-compass-vector-pixel\/\" \/>\n<meta property=\"og:locale\" content=\"fi_FI\" \/>\n<meta property=\"og:type\" content=\"article\" \/>\n<meta property=\"og:title\" content=\"LUMONITE universaalinen kyp\u00e4r\u00e4kiinnike | Lumonite | Castrum\" \/>\n<meta property=\"og:description\" content=\"LUMONITE universaalinen kyp\u00e4r\u00e4kiinnike Compass-, Vector- ja Pixel-otssikoille. Lumonite LED otsikoiden kiinnikkeet ja tarvikkeet. Maasturien lis\u00e4varustus.\" \/>\n<meta property=\"og:url\" content=\"https:\/\/www.castrum.ee\/fi\/toode\/lumonite-universaalinen-kyparakiinnike-compass-vector-pixel\/\" \/>\n<meta property=\"og:site_name\" content=\"Castrum\" \/>\n<meta property=\"article:publisher\" content=\"https:\/\/www.facebook.com\/castrum.ee\" \/>\n<meta property=\"og:image\" content=\"https:\/\/www.castrum.ee\/wp-content\/uploads\/2025\/08\/IMG_9589.jpeg\" \/>\n\t<meta property=\"og:image:width\" content=\"600\" \/>\n\t<meta property=\"og:image:height\" content=\"600\" \/>\n\t<meta property=\"og:image:type\" content=\"image\/jpeg\" \/>\n<meta name=\"twitter:card\" content=\"summary_large_image\" \/>\n<meta name=\"twitter:label1\" content=\"Arvioitu lukuaika\" \/>\n\t<meta name=\"twitter:data1\" content=\"2 minuuttia\" \/>\n<script type=\"application\/ld+json\" class=\"yoast-schema-graph\">{\"@context\":\"https:\\\/\\\/schema.org\",\"@graph\":[{\"@type\":\"WebPage\",\"@id\":\"https:\\\/\\\/www.castrum.ee\\\/fi\\\/toode\\\/lumonite-universaalinen-kyparakiinnike-compass-vector-pixel\\\/\",\"url\":\"https:\\\/\\\/www.castrum.ee\\\/fi\\\/toode\\\/lumonite-universaalinen-kyparakiinnike-compass-vector-pixel\\\/\",\"name\":\"LUMONITE universaalinen kyp\u00e4r\u00e4kiinnike | Lumonite | Castrum\",\"isPartOf\":{\"@id\":\"https:\\\/\\\/www.castrum.ee\\\/fi\\\/#website\"},\"primaryImageOfPage\":{\"@id\":\"https:\\\/\\\/www.castrum.ee\\\/fi\\\/toode\\\/lumonite-universaalinen-kyparakiinnike-compass-vector-pixel\\\/#primaryimage\"},\"image\":{\"@id\":\"https:\\\/\\\/www.castrum.ee\\\/fi\\\/toode\\\/lumonite-universaalinen-kyparakiinnike-compass-vector-pixel\\\/#primaryimage\"},\"thumbnailUrl\":\"https:\\\/\\\/www.castrum.ee\\\/wp-content\\\/uploads\\\/2025\\\/08\\\/IMG_9589.jpeg\",\"datePublished\":\"2026-04-29T22:11:23+00:00\",\"description\":\"LUMONITE universaalinen kyp\u00e4r\u00e4kiinnike Compass-, Vector- ja Pixel-otssikoille. Lumonite LED otsikoiden kiinnikkeet ja tarvikkeet. Maasturien lis\u00e4varustus.\",\"breadcrumb\":{\"@id\":\"https:\\\/\\\/www.castrum.ee\\\/fi\\\/toode\\\/lumonite-universaalinen-kyparakiinnike-compass-vector-pixel\\\/#breadcrumb\"},\"inLanguage\":\"fi\",\"potentialAction\":[{\"@type\":\"ReadAction\",\"target\":[\"https:\\\/\\\/www.castrum.ee\\\/fi\\\/toode\\\/lumonite-universaalinen-kyparakiinnike-compass-vector-pixel\\\/\"]}]},{\"@type\":\"ImageObject\",\"inLanguage\":\"fi\",\"@id\":\"https:\\\/\\\/www.castrum.ee\\\/fi\\\/toode\\\/lumonite-universaalinen-kyparakiinnike-compass-vector-pixel\\\/#primaryimage\",\"url\":\"https:\\\/\\\/www.castrum.ee\\\/wp-content\\\/uploads\\\/2025\\\/08\\\/IMG_9589.jpeg\",\"contentUrl\":\"https:\\\/\\\/www.castrum.ee\\\/wp-content\\\/uploads\\\/2025\\\/08\\\/IMG_9589.jpeg\",\"width\":600,\"height\":600},{\"@type\":\"BreadcrumbList\",\"@id\":\"https:\\\/\\\/www.castrum.ee\\\/fi\\\/toode\\\/lumonite-universaalinen-kyparakiinnike-compass-vector-pixel\\\/#breadcrumb\",\"itemListElement\":[{\"@type\":\"ListItem\",\"position\":1,\"name\":\"Home\",\"item\":\"https:\\\/\\\/www.castrum.ee\\\/fi\\\/kotisivu\\\/\"},{\"@type\":\"ListItem\",\"position\":2,\"name\":\"Verkkokauppa\",\"item\":\"https:\\\/\\\/www.castrum.ee\\\/fi\\\/kauppa\\\/\"},{\"@type\":\"ListItem\",\"position\":3,\"name\":\"LUMONITE universaalinen kyp\u00e4r\u00e4kiinnike (Compass, Vector, Pixel)\"}]},{\"@type\":\"WebSite\",\"@id\":\"https:\\\/\\\/www.castrum.ee\\\/fi\\\/#website\",\"url\":\"https:\\\/\\\/www.castrum.ee\\\/fi\\\/\",\"name\":\"Castrum\",\"description\":\"Maastoautojen, henkil\u00f6autojen ja pienvaunujen lis\u00e4varusteet\",\"publisher\":{\"@id\":\"https:\\\/\\\/www.castrum.ee\\\/fi\\\/#organization\"},\"potentialAction\":[{\"@type\":\"SearchAction\",\"target\":{\"@type\":\"EntryPoint\",\"urlTemplate\":\"https:\\\/\\\/www.castrum.ee\\\/fi\\\/?s={search_term_string}\"},\"query-input\":{\"@type\":\"PropertyValueSpecification\",\"valueRequired\":true,\"valueName\":\"search_term_string\"}}],\"inLanguage\":\"fi\"},{\"@type\":\"Organization\",\"@id\":\"https:\\\/\\\/www.castrum.ee\\\/fi\\\/#organization\",\"name\":\"Castrum Grupp O\u00dc\",\"url\":\"https:\\\/\\\/www.castrum.ee\\\/fi\\\/\",\"logo\":{\"@type\":\"ImageObject\",\"inLanguage\":\"fi\",\"@id\":\"https:\\\/\\\/www.castrum.ee\\\/fi\\\/#\\\/schema\\\/logo\\\/image\\\/\",\"url\":\"https:\\\/\\\/www.castrum.ee\\\/wp-content\\\/uploads\\\/2025\\\/03\\\/Castrum-logo-500.png\",\"contentUrl\":\"https:\\\/\\\/www.castrum.ee\\\/wp-content\\\/uploads\\\/2025\\\/03\\\/Castrum-logo-500.png\",\"width\":500,\"height\":250,\"caption\":\"Castrum Grupp O\u00dc\"},\"image\":{\"@id\":\"https:\\\/\\\/www.castrum.ee\\\/fi\\\/#\\\/schema\\\/logo\\\/image\\\/\"},\"sameAs\":[\"https:\\\/\\\/www.facebook.com\\\/castrum.ee\"]}]}<\/script>\n<!-- \/ Yoast SEO plugin. -->","yoast_head_json":{"title":"LUMONITE universaalinen kyp\u00e4r\u00e4kiinnike | Lumonite | Castrum","description":"LUMONITE universaalinen kyp\u00e4r\u00e4kiinnike Compass-, Vector- ja Pixel-otssikoille. Lumonite LED otsikoiden kiinnikkeet ja tarvikkeet. Maasturien lis\u00e4varustus.","robots":{"index":"index","follow":"follow","max-snippet":"max-snippet:-1","max-image-preview":"max-image-preview:large","max-video-preview":"max-video-preview:-1"},"canonical":"https:\/\/www.castrum.ee\/fi\/toode\/lumonite-universaalinen-kyparakiinnike-compass-vector-pixel\/","og_locale":"fi_FI","og_type":"article","og_title":"LUMONITE universaalinen kyp\u00e4r\u00e4kiinnike | Lumonite | Castrum","og_description":"LUMONITE universaalinen kyp\u00e4r\u00e4kiinnike Compass-, Vector- ja Pixel-otssikoille. Lumonite LED otsikoiden kiinnikkeet ja tarvikkeet. Maasturien lis\u00e4varustus.","og_url":"https:\/\/www.castrum.ee\/fi\/toode\/lumonite-universaalinen-kyparakiinnike-compass-vector-pixel\/","og_site_name":"Castrum","article_publisher":"https:\/\/www.facebook.com\/castrum.ee","og_image":[{"width":600,"height":600,"url":"https:\/\/www.castrum.ee\/wp-content\/uploads\/2025\/08\/IMG_9589.jpeg","type":"image\/jpeg"}],"twitter_card":"summary_large_image","twitter_misc":{"Arvioitu lukuaika":"2 minuuttia"},"schema":{"@context":"https:\/\/schema.org","@graph":[{"@type":"WebPage","@id":"https:\/\/www.castrum.ee\/fi\/toode\/lumonite-universaalinen-kyparakiinnike-compass-vector-pixel\/","url":"https:\/\/www.castrum.ee\/fi\/toode\/lumonite-universaalinen-kyparakiinnike-compass-vector-pixel\/","name":"LUMONITE universaalinen kyp\u00e4r\u00e4kiinnike | Lumonite | Castrum","isPartOf":{"@id":"https:\/\/www.castrum.ee\/fi\/#website"},"primaryImageOfPage":{"@id":"https:\/\/www.castrum.ee\/fi\/toode\/lumonite-universaalinen-kyparakiinnike-compass-vector-pixel\/#primaryimage"},"image":{"@id":"https:\/\/www.castrum.ee\/fi\/toode\/lumonite-universaalinen-kyparakiinnike-compass-vector-pixel\/#primaryimage"},"thumbnailUrl":"https:\/\/www.castrum.ee\/wp-content\/uploads\/2025\/08\/IMG_9589.jpeg","datePublished":"2026-04-29T22:11:23+00:00","description":"LUMONITE universaalinen kyp\u00e4r\u00e4kiinnike Compass-, Vector- ja Pixel-otssikoille. Lumonite LED otsikoiden kiinnikkeet ja tarvikkeet. Maasturien lis\u00e4varustus.","breadcrumb":{"@id":"https:\/\/www.castrum.ee\/fi\/toode\/lumonite-universaalinen-kyparakiinnike-compass-vector-pixel\/#breadcrumb"},"inLanguage":"fi","potentialAction":[{"@type":"ReadAction","target":["https:\/\/www.castrum.ee\/fi\/toode\/lumonite-universaalinen-kyparakiinnike-compass-vector-pixel\/"]}]},{"@type":"ImageObject","inLanguage":"fi","@id":"https:\/\/www.castrum.ee\/fi\/toode\/lumonite-universaalinen-kyparakiinnike-compass-vector-pixel\/#primaryimage","url":"https:\/\/www.castrum.ee\/wp-content\/uploads\/2025\/08\/IMG_9589.jpeg","contentUrl":"https:\/\/www.castrum.ee\/wp-content\/uploads\/2025\/08\/IMG_9589.jpeg","width":600,"height":600},{"@type":"BreadcrumbList","@id":"https:\/\/www.castrum.ee\/fi\/toode\/lumonite-universaalinen-kyparakiinnike-compass-vector-pixel\/#breadcrumb","itemListElement":[{"@type":"ListItem","position":1,"name":"Home","item":"https:\/\/www.castrum.ee\/fi\/kotisivu\/"},{"@type":"ListItem","position":2,"name":"Verkkokauppa","item":"https:\/\/www.castrum.ee\/fi\/kauppa\/"},{"@type":"ListItem","position":3,"name":"LUMONITE universaalinen kyp\u00e4r\u00e4kiinnike (Compass, Vector, Pixel)"}]},{"@type":"WebSite","@id":"https:\/\/www.castrum.ee\/fi\/#website","url":"https:\/\/www.castrum.ee\/fi\/","name":"Castrum","description":"Maastoautojen, henkil\u00f6autojen ja pienvaunujen lis\u00e4varusteet","publisher":{"@id":"https:\/\/www.castrum.ee\/fi\/#organization"},"potentialAction":[{"@type":"SearchAction","target":{"@type":"EntryPoint","urlTemplate":"https:\/\/www.castrum.ee\/fi\/?s={search_term_string}"},"query-input":{"@type":"PropertyValueSpecification","valueRequired":true,"valueName":"search_term_string"}}],"inLanguage":"fi"},{"@type":"Organization","@id":"https:\/\/www.castrum.ee\/fi\/#organization","name":"Castrum Grupp O\u00dc","url":"https:\/\/www.castrum.ee\/fi\/","logo":{"@type":"ImageObject","inLanguage":"fi","@id":"https:\/\/www.castrum.ee\/fi\/#\/schema\/logo\/image\/","url":"https:\/\/www.castrum.ee\/wp-content\/uploads\/2025\/03\/Castrum-logo-500.png","contentUrl":"https:\/\/www.castrum.ee\/wp-content\/uploads\/2025\/03\/Castrum-logo-500.png","width":500,"height":250,"caption":"Castrum Grupp O\u00dc"},"image":{"@id":"https:\/\/www.castrum.ee\/fi\/#\/schema\/logo\/image\/"},"sameAs":["https:\/\/www.facebook.com\/castrum.ee"]}]}},"_links":{"self":[{"href":"https:\/\/www.castrum.ee\/fi\/wp-json\/wp\/v2\/product\/80854","targetHints":{"allow":["GET"]}}],"collection":[{"href":"https:\/\/www.castrum.ee\/fi\/wp-json\/wp\/v2\/product"}],"about":[{"href":"https:\/\/www.castrum.ee\/fi\/wp-json\/wp\/v2\/types\/product"}],"wp:featuredmedia":[{"embeddable":true,"href":"https:\/\/www.castrum.ee\/fi\/wp-json\/wp\/v2\/media\/6592"}],"wp:attachment":[{"href":"https:\/\/www.castrum.ee\/fi\/wp-json\/wp\/v2\/media?parent=80854"}],"wp:term":[{"taxonomy":"mark-ja-mudel","embeddable":true,"href":"https:\/\/www.castrum.ee\/fi\/wp-json\/wp\/v2\/mark-ja-mudel?post=80854"},{"taxonomy":"product_brand","embeddable":true,"href":"https:\/\/www.castrum.ee\/fi\/wp-json\/wp\/v2\/product_brand?post=80854"},{"taxonomy":"product_cat","embeddable":true,"href":"https:\/\/www.castrum.ee\/fi\/wp-json\/wp\/v2\/product_cat?post=80854"},{"taxonomy":"product_tag","embeddable":true,"href":"https:\/\/www.castrum.ee\/fi\/wp-json\/wp\/v2\/product_tag?post=80854"}],"curies":[{"name":"wp","href":"https:\/\/api.w.org\/{rel}","templated":true}]}}