{"id":80861,"date":"2026-04-30T01:12:40","date_gmt":"2026-04-29T22:12:40","guid":{"rendered":"https:\/\/www.castrum.ee\/toode\/enduro-kypara-lamppu-lumonite-navigator-mx-3500-lm-ljq4em\/"},"modified":"2026-04-30T01:12:40","modified_gmt":"2026-04-29T22:12:40","slug":"enduro-kypara-lamppu-lumonite-navigator-mx-3500-lm","status":"publish","type":"product","link":"https:\/\/www.castrum.ee\/fi\/toode\/enduro-kypara-lamppu-lumonite-navigator-mx-3500-lm\/","title":{"rendered":"Enduro-kyp\u00e4r\u00e4lamppu LUMONITE Navigator MX, 3500 LM"},"content":{"rendered":"<h2>Pakkauksen sis\u00e4lt\u00f6<\/h2>\n<p><strong>Single &#8211; 3500 lm:<\/strong><\/p>\n<ul>\n<li>1 x Lumonite DX3500 lamppu<\/li>\n<li>1 x Lumonite DX3500 lampun suojakansi<\/li>\n<li>1 x Lumonite Slimcore 75 litiumioni-akku<\/li>\n<li>1 x Lumonite Slimholder akun kiinnike &amp; tarvikkeet<\/li>\n<li>1 x Lumonite D-wall verkkolataaja (EU)<\/li>\n<li>1 x Lumonite DXEC50 jatkokaapeli, 50 cm<\/li>\n<li>1 x Lumonite DXEC100 jatkokaapeli, 100 cm<\/li>\n<li>1 x Lumonite D-nut Gopro-kiinnike<\/li>\n<li>1 x Lumonite Sticker 360 kyp\u00e4r\u00e4n kiinnike<\/li>\n<li>2 x Lumonite Kaapelin pidike 5 mm<\/li>\n<li>1 x Lumonite DX pehme\u00e4 kotelo<\/li>\n<\/ul>\n<h2>Tekniset tiedot<\/h2>\n<ul>\n<li>Valoteho: 3864 lm (Labsphere FL2 -laboratoriotestissa mitattu todellinen valonvuo)<\/li>\n<li>Valons\u00e4de: 300 m<\/li>\n<li>Valosuihku: Yhdistelm\u00e4<\/li>\n<li>Akku: Lumonite Slimcore 75, 74,9Wh \/ 14,4V<\/li>\n<li>Latausaika: 3 h<\/li>\n<li>K\u00e4ytt\u00f6tilat: 4<\/li>\n<li>IP-luokitus: Lamppu IPX6, Akku IPX4<\/li>\n<li>V\u00e4ril\u00e4mp\u00f6tila: 5500K<\/li>\n<li>Lampun mitat: 68 x 65 x 39 mm<\/li>\n<li>Lampun paino: ilman kaapelia 105 g, kaapelin kanssa 125 g<\/li>\n<li>Akun mitat: 76 x 165 x 25 mm<\/li>\n<li>Akun paino: 472 g<\/li>\n<li>Takuu: Lamppu 60 kuukautta, Lataaja 24 kuukautta, Akku 12 kuukautta<\/li>\n<\/ul>\n<h2>Tehotasot (ANSI\/FL1)<\/h2>\n<ul>\n<li>Maksimi: 3500+ lm \/ 300 m \/ 3:00 h<\/li>\n<li>Korkea: 2200 lm \/ 230 m \/ 6:45 h<\/li>\n<li>Keskitaso: 1000 lm \/ 160 m \/ 13:00 h<\/li>\n<li>Matala: 280 lm \/ 80 m \/ 2 p\u00e4iv\u00e4\u00e4<\/li>\n<\/ul>\n<p><em><strong>Laboratoriotestissa mitattu maksimiteho: 3864 lm<\/strong><\/em><\/p>\n<h2>K\u00e4ytt\u00f6opas<\/h2>\n","protected":false},"excerpt":{"rendered":"<p>Pakkauksen sis\u00e4lt\u00f6 Single &#8211; 3500 lm: 1 x Lumonite DX3500 lamppu [&#8230;]<\/p>\n","protected":false},"featured_media":6574,"template":"","meta":{"_acf_changed":false},"mark-ja-mudel":[],"product_brand":[],"product_cat":[1085],"product_tag":[1107],"class_list":{"0":"post-80861","1":"product","2":"type-product","3":"status-publish","4":"has-post-thumbnail","6":"product_cat-lumonite-led-otsalamput-urheilulamput-ja-tarvikkeet","7":"product_tag-toimitusaika-4-5-paivaa","9":"first","10":"instock","11":"taxable","12":"shipping-taxable","13":"purchasable","14":"product-type-simple"},"bundled_by":[],"bundle_stock_status":"instock","bundle_stock_quantity":null,"bundle_virtual":false,"bundle_layout":"","bundle_add_to_cart_form_location":"","bundle_editable_in_cart":false,"bundle_sold_individually_context":"","bundle_item_grouping":"","bundle_min_size":"","bundle_max_size":"","bundle_price":[],"bundled_items":[],"bundle_sell_ids":[],"acf":[],"yoast_head":"<!-- This site is optimized with the Yoast SEO plugin v27.5 - https:\/\/yoast.com\/product\/yoast-seo-wordpress\/ -->\n<title>Enduro-kyp\u00e4r\u00e4lamppu LUMONITE Navigator MX, 3500 LM | Lumonite<\/title>\n<meta name=\"description\" content=\"Enduro-kyp\u00e4r\u00e4lamppu LUMONITE Navigator MX, 3500 LM - LED ty\u00f6valot ja lis\u00e4valot. Maastoautojen, pickup-autojen ja pakettiautojen varusteet ja varuosat.\" \/>\n<meta name=\"robots\" content=\"index, follow, max-snippet:-1, max-image-preview:large, max-video-preview:-1\" \/>\n<link rel=\"canonical\" href=\"https:\/\/www.castrum.ee\/fi\/toode\/enduro-kypara-lamppu-lumonite-navigator-mx-3500-lm\/\" \/>\n<meta property=\"og:locale\" content=\"fi_FI\" \/>\n<meta property=\"og:type\" content=\"article\" \/>\n<meta property=\"og:title\" content=\"Enduro-kyp\u00e4r\u00e4lamppu LUMONITE Navigator MX, 3500 LM | Lumonite\" \/>\n<meta property=\"og:description\" content=\"Enduro-kyp\u00e4r\u00e4lamppu LUMONITE Navigator MX, 3500 LM - LED ty\u00f6valot ja lis\u00e4valot. Maastoautojen, pickup-autojen ja pakettiautojen varusteet ja varuosat.\" \/>\n<meta property=\"og:url\" content=\"https:\/\/www.castrum.ee\/fi\/toode\/enduro-kypara-lamppu-lumonite-navigator-mx-3500-lm\/\" \/>\n<meta property=\"og:site_name\" content=\"Castrum\" \/>\n<meta property=\"article:publisher\" content=\"https:\/\/www.facebook.com\/castrum.ee\" \/>\n<meta property=\"og:image\" content=\"https:\/\/www.castrum.ee\/wp-content\/uploads\/2025\/08\/navigator_enduro_kit_5-1.jpg\" \/>\n\t<meta property=\"og:image:width\" content=\"1080\" \/>\n\t<meta property=\"og:image:height\" content=\"1080\" \/>\n\t<meta property=\"og:image:type\" content=\"image\/jpeg\" \/>\n<meta name=\"twitter:card\" content=\"summary_large_image\" \/>\n<meta name=\"twitter:label1\" content=\"Arvioitu lukuaika\" \/>\n\t<meta name=\"twitter:data1\" content=\"1 minuutti\" \/>\n<script type=\"application\/ld+json\" class=\"yoast-schema-graph\">{\"@context\":\"https:\\\/\\\/schema.org\",\"@graph\":[{\"@type\":\"WebPage\",\"@id\":\"https:\\\/\\\/www.castrum.ee\\\/fi\\\/toode\\\/enduro-kypara-lamppu-lumonite-navigator-mx-3500-lm\\\/\",\"url\":\"https:\\\/\\\/www.castrum.ee\\\/fi\\\/toode\\\/enduro-kypara-lamppu-lumonite-navigator-mx-3500-lm\\\/\",\"name\":\"Enduro-kyp\u00e4r\u00e4lamppu LUMONITE Navigator MX, 3500 LM | Lumonite\",\"isPartOf\":{\"@id\":\"https:\\\/\\\/www.castrum.ee\\\/fi\\\/#website\"},\"primaryImageOfPage\":{\"@id\":\"https:\\\/\\\/www.castrum.ee\\\/fi\\\/toode\\\/enduro-kypara-lamppu-lumonite-navigator-mx-3500-lm\\\/#primaryimage\"},\"image\":{\"@id\":\"https:\\\/\\\/www.castrum.ee\\\/fi\\\/toode\\\/enduro-kypara-lamppu-lumonite-navigator-mx-3500-lm\\\/#primaryimage\"},\"thumbnailUrl\":\"https:\\\/\\\/www.castrum.ee\\\/wp-content\\\/uploads\\\/2025\\\/08\\\/navigator_enduro_kit_5-1.jpg\",\"datePublished\":\"2026-04-29T22:12:40+00:00\",\"description\":\"Enduro-kyp\u00e4r\u00e4lamppu LUMONITE Navigator MX, 3500 LM - LED ty\u00f6valot ja lis\u00e4valot. Maastoautojen, pickup-autojen ja pakettiautojen varusteet ja varuosat.\",\"breadcrumb\":{\"@id\":\"https:\\\/\\\/www.castrum.ee\\\/fi\\\/toode\\\/enduro-kypara-lamppu-lumonite-navigator-mx-3500-lm\\\/#breadcrumb\"},\"inLanguage\":\"fi\",\"potentialAction\":[{\"@type\":\"ReadAction\",\"target\":[\"https:\\\/\\\/www.castrum.ee\\\/fi\\\/toode\\\/enduro-kypara-lamppu-lumonite-navigator-mx-3500-lm\\\/\"]}]},{\"@type\":\"ImageObject\",\"inLanguage\":\"fi\",\"@id\":\"https:\\\/\\\/www.castrum.ee\\\/fi\\\/toode\\\/enduro-kypara-lamppu-lumonite-navigator-mx-3500-lm\\\/#primaryimage\",\"url\":\"https:\\\/\\\/www.castrum.ee\\\/wp-content\\\/uploads\\\/2025\\\/08\\\/navigator_enduro_kit_5-1.jpg\",\"contentUrl\":\"https:\\\/\\\/www.castrum.ee\\\/wp-content\\\/uploads\\\/2025\\\/08\\\/navigator_enduro_kit_5-1.jpg\",\"width\":1080,\"height\":1080},{\"@type\":\"BreadcrumbList\",\"@id\":\"https:\\\/\\\/www.castrum.ee\\\/fi\\\/toode\\\/enduro-kypara-lamppu-lumonite-navigator-mx-3500-lm\\\/#breadcrumb\",\"itemListElement\":[{\"@type\":\"ListItem\",\"position\":1,\"name\":\"Home\",\"item\":\"https:\\\/\\\/www.castrum.ee\\\/fi\\\/kotisivu\\\/\"},{\"@type\":\"ListItem\",\"position\":2,\"name\":\"Verkkokauppa\",\"item\":\"https:\\\/\\\/www.castrum.ee\\\/fi\\\/kauppa\\\/\"},{\"@type\":\"ListItem\",\"position\":3,\"name\":\"Enduro-kyp\u00e4r\u00e4lamppu LUMONITE Navigator MX, 3500 LM\"}]},{\"@type\":\"WebSite\",\"@id\":\"https:\\\/\\\/www.castrum.ee\\\/fi\\\/#website\",\"url\":\"https:\\\/\\\/www.castrum.ee\\\/fi\\\/\",\"name\":\"Castrum\",\"description\":\"Maastoautojen, henkil\u00f6autojen ja pienvaunujen lis\u00e4varusteet\",\"publisher\":{\"@id\":\"https:\\\/\\\/www.castrum.ee\\\/fi\\\/#organization\"},\"potentialAction\":[{\"@type\":\"SearchAction\",\"target\":{\"@type\":\"EntryPoint\",\"urlTemplate\":\"https:\\\/\\\/www.castrum.ee\\\/fi\\\/?s={search_term_string}\"},\"query-input\":{\"@type\":\"PropertyValueSpecification\",\"valueRequired\":true,\"valueName\":\"search_term_string\"}}],\"inLanguage\":\"fi\"},{\"@type\":\"Organization\",\"@id\":\"https:\\\/\\\/www.castrum.ee\\\/fi\\\/#organization\",\"name\":\"Castrum Grupp O\u00dc\",\"url\":\"https:\\\/\\\/www.castrum.ee\\\/fi\\\/\",\"logo\":{\"@type\":\"ImageObject\",\"inLanguage\":\"fi\",\"@id\":\"https:\\\/\\\/www.castrum.ee\\\/fi\\\/#\\\/schema\\\/logo\\\/image\\\/\",\"url\":\"https:\\\/\\\/www.castrum.ee\\\/wp-content\\\/uploads\\\/2025\\\/03\\\/Castrum-logo-500.png\",\"contentUrl\":\"https:\\\/\\\/www.castrum.ee\\\/wp-content\\\/uploads\\\/2025\\\/03\\\/Castrum-logo-500.png\",\"width\":500,\"height\":250,\"caption\":\"Castrum Grupp O\u00dc\"},\"image\":{\"@id\":\"https:\\\/\\\/www.castrum.ee\\\/fi\\\/#\\\/schema\\\/logo\\\/image\\\/\"},\"sameAs\":[\"https:\\\/\\\/www.facebook.com\\\/castrum.ee\"]}]}<\/script>\n<!-- \/ Yoast SEO plugin. -->","yoast_head_json":{"title":"Enduro-kyp\u00e4r\u00e4lamppu LUMONITE Navigator MX, 3500 LM | Lumonite","description":"Enduro-kyp\u00e4r\u00e4lamppu LUMONITE Navigator MX, 3500 LM - LED ty\u00f6valot ja lis\u00e4valot. Maastoautojen, pickup-autojen ja pakettiautojen varusteet ja varuosat.","robots":{"index":"index","follow":"follow","max-snippet":"max-snippet:-1","max-image-preview":"max-image-preview:large","max-video-preview":"max-video-preview:-1"},"canonical":"https:\/\/www.castrum.ee\/fi\/toode\/enduro-kypara-lamppu-lumonite-navigator-mx-3500-lm\/","og_locale":"fi_FI","og_type":"article","og_title":"Enduro-kyp\u00e4r\u00e4lamppu LUMONITE Navigator MX, 3500 LM | Lumonite","og_description":"Enduro-kyp\u00e4r\u00e4lamppu LUMONITE Navigator MX, 3500 LM - LED ty\u00f6valot ja lis\u00e4valot. Maastoautojen, pickup-autojen ja pakettiautojen varusteet ja varuosat.","og_url":"https:\/\/www.castrum.ee\/fi\/toode\/enduro-kypara-lamppu-lumonite-navigator-mx-3500-lm\/","og_site_name":"Castrum","article_publisher":"https:\/\/www.facebook.com\/castrum.ee","og_image":[{"width":1080,"height":1080,"url":"https:\/\/www.castrum.ee\/wp-content\/uploads\/2025\/08\/navigator_enduro_kit_5-1.jpg","type":"image\/jpeg"}],"twitter_card":"summary_large_image","twitter_misc":{"Arvioitu lukuaika":"1 minuutti"},"schema":{"@context":"https:\/\/schema.org","@graph":[{"@type":"WebPage","@id":"https:\/\/www.castrum.ee\/fi\/toode\/enduro-kypara-lamppu-lumonite-navigator-mx-3500-lm\/","url":"https:\/\/www.castrum.ee\/fi\/toode\/enduro-kypara-lamppu-lumonite-navigator-mx-3500-lm\/","name":"Enduro-kyp\u00e4r\u00e4lamppu LUMONITE Navigator MX, 3500 LM | Lumonite","isPartOf":{"@id":"https:\/\/www.castrum.ee\/fi\/#website"},"primaryImageOfPage":{"@id":"https:\/\/www.castrum.ee\/fi\/toode\/enduro-kypara-lamppu-lumonite-navigator-mx-3500-lm\/#primaryimage"},"image":{"@id":"https:\/\/www.castrum.ee\/fi\/toode\/enduro-kypara-lamppu-lumonite-navigator-mx-3500-lm\/#primaryimage"},"thumbnailUrl":"https:\/\/www.castrum.ee\/wp-content\/uploads\/2025\/08\/navigator_enduro_kit_5-1.jpg","datePublished":"2026-04-29T22:12:40+00:00","description":"Enduro-kyp\u00e4r\u00e4lamppu LUMONITE Navigator MX, 3500 LM - LED ty\u00f6valot ja lis\u00e4valot. Maastoautojen, pickup-autojen ja pakettiautojen varusteet ja varuosat.","breadcrumb":{"@id":"https:\/\/www.castrum.ee\/fi\/toode\/enduro-kypara-lamppu-lumonite-navigator-mx-3500-lm\/#breadcrumb"},"inLanguage":"fi","potentialAction":[{"@type":"ReadAction","target":["https:\/\/www.castrum.ee\/fi\/toode\/enduro-kypara-lamppu-lumonite-navigator-mx-3500-lm\/"]}]},{"@type":"ImageObject","inLanguage":"fi","@id":"https:\/\/www.castrum.ee\/fi\/toode\/enduro-kypara-lamppu-lumonite-navigator-mx-3500-lm\/#primaryimage","url":"https:\/\/www.castrum.ee\/wp-content\/uploads\/2025\/08\/navigator_enduro_kit_5-1.jpg","contentUrl":"https:\/\/www.castrum.ee\/wp-content\/uploads\/2025\/08\/navigator_enduro_kit_5-1.jpg","width":1080,"height":1080},{"@type":"BreadcrumbList","@id":"https:\/\/www.castrum.ee\/fi\/toode\/enduro-kypara-lamppu-lumonite-navigator-mx-3500-lm\/#breadcrumb","itemListElement":[{"@type":"ListItem","position":1,"name":"Home","item":"https:\/\/www.castrum.ee\/fi\/kotisivu\/"},{"@type":"ListItem","position":2,"name":"Verkkokauppa","item":"https:\/\/www.castrum.ee\/fi\/kauppa\/"},{"@type":"ListItem","position":3,"name":"Enduro-kyp\u00e4r\u00e4lamppu LUMONITE Navigator MX, 3500 LM"}]},{"@type":"WebSite","@id":"https:\/\/www.castrum.ee\/fi\/#website","url":"https:\/\/www.castrum.ee\/fi\/","name":"Castrum","description":"Maastoautojen, henkil\u00f6autojen ja pienvaunujen lis\u00e4varusteet","publisher":{"@id":"https:\/\/www.castrum.ee\/fi\/#organization"},"potentialAction":[{"@type":"SearchAction","target":{"@type":"EntryPoint","urlTemplate":"https:\/\/www.castrum.ee\/fi\/?s={search_term_string}"},"query-input":{"@type":"PropertyValueSpecification","valueRequired":true,"valueName":"search_term_string"}}],"inLanguage":"fi"},{"@type":"Organization","@id":"https:\/\/www.castrum.ee\/fi\/#organization","name":"Castrum Grupp O\u00dc","url":"https:\/\/www.castrum.ee\/fi\/","logo":{"@type":"ImageObject","inLanguage":"fi","@id":"https:\/\/www.castrum.ee\/fi\/#\/schema\/logo\/image\/","url":"https:\/\/www.castrum.ee\/wp-content\/uploads\/2025\/03\/Castrum-logo-500.png","contentUrl":"https:\/\/www.castrum.ee\/wp-content\/uploads\/2025\/03\/Castrum-logo-500.png","width":500,"height":250,"caption":"Castrum Grupp O\u00dc"},"image":{"@id":"https:\/\/www.castrum.ee\/fi\/#\/schema\/logo\/image\/"},"sameAs":["https:\/\/www.facebook.com\/castrum.ee"]}]}},"_links":{"self":[{"href":"https:\/\/www.castrum.ee\/fi\/wp-json\/wp\/v2\/product\/80861","targetHints":{"allow":["GET"]}}],"collection":[{"href":"https:\/\/www.castrum.ee\/fi\/wp-json\/wp\/v2\/product"}],"about":[{"href":"https:\/\/www.castrum.ee\/fi\/wp-json\/wp\/v2\/types\/product"}],"wp:featuredmedia":[{"embeddable":true,"href":"https:\/\/www.castrum.ee\/fi\/wp-json\/wp\/v2\/media\/6574"}],"wp:attachment":[{"href":"https:\/\/www.castrum.ee\/fi\/wp-json\/wp\/v2\/media?parent=80861"}],"wp:term":[{"taxonomy":"mark-ja-mudel","embeddable":true,"href":"https:\/\/www.castrum.ee\/fi\/wp-json\/wp\/v2\/mark-ja-mudel?post=80861"},{"taxonomy":"product_brand","embeddable":true,"href":"https:\/\/www.castrum.ee\/fi\/wp-json\/wp\/v2\/product_brand?post=80861"},{"taxonomy":"product_cat","embeddable":true,"href":"https:\/\/www.castrum.ee\/fi\/wp-json\/wp\/v2\/product_cat?post=80861"},{"taxonomy":"product_tag","embeddable":true,"href":"https:\/\/www.castrum.ee\/fi\/wp-json\/wp\/v2\/product_tag?post=80861"}],"curies":[{"name":"wp","href":"https:\/\/api.w.org\/{rel}","templated":true}]}}