{"id":80862,"date":"2025-08-13T10:59:06","date_gmt":"2025-08-13T07:59:06","guid":{"rendered":"https:\/\/www.castrum.ee\/toode\/enduro-kypara-lamppu-lumonite-leader-mx-6500-lm-c2i3wg\/"},"modified":"2026-05-12T15:31:20","modified_gmt":"2026-05-12T12:31:20","slug":"enduro-kypara-lamppu-lumonite-leader-mx-6500-lm","status":"publish","type":"product","link":"https:\/\/www.castrum.ee\/fi\/toode\/enduro-kypara-lamppu-lumonite-leader-mx-6500-lm\/","title":{"rendered":"Enduro-kyp\u00e4r\u00e4lamppu LUMONITE Leader MX, 6500 LM"},"content":{"rendered":"<h2>Pakkauksen sis\u00e4lt\u00f6<\/h2>\n<p><strong>Single &#8211; 6500 lm:<\/strong><\/p>\n<ul>\n<li>1 x Lumonite DX6500 -lamppu<\/li>\n<li>1 x Lumonite DX50 -lampun suojakansi<\/li>\n<li>1 x Lumonite Slimcore 100 -litium-ioniakku<\/li>\n<li>1 x Lumonite Slimholder -akkujen kiinnike ja tarvikkeet<\/li>\n<li>1 x Lumonite D-wall -verkk\u00f6ladata (EU)<\/li>\n<li>1 x Lumonite DXEC50 -jatkokaapeli, 50 cm<\/li>\n<li>1 x Lumonite DXEC100 -jatkokaapeli, 100 cm<\/li>\n<li>1 x Lumonite D-nut GoPro-kiinnike<\/li>\n<li>1 x Lumonite Sticker 360 -kyp\u00e4r\u00e4n kiinnike<\/li>\n<li>2 x Lumonite -kaapelin pidike 5 mm<\/li>\n<li>1 x Lumonite DX -pehme\u00e4 laukku<\/li>\n<\/ul>\n<div>\n<div>\n<strong>Tekniset tiedot<\/strong>\n<\/div>\n<\/div>\n<ul>\n<li>Valoteho: 6838 lm (Labsphere FL2 -laboratoriotestaus todellisia lumeneita)<\/li>\n<li>Valons\u00e4teen kantama: 388 m<\/li>\n<li>Valokeila: Yhdistelm\u00e4<\/li>\n<li>Akku: Lumonite Slimcore 100, 99,4 Wh \/ 14,4V<\/li>\n<li>Latausaika: 4 h<\/li>\n<li>K\u00e4ytt\u00f6tavat: 4<\/li>\n<li>IP-luokitus: Lamppu IPX6, Akku IPX4<\/li>\n<li>V\u00e4ril\u00e4mp\u00f6tila: 5500 K\n<ul>\n<li>Mitattu: 5234 K<\/li>\n<\/ul>\n<\/li>\n<li>Lampun mitat: 63 x 84 x 42 mm<\/li>\n<li>Lampun paino: ilman kaapelia 138 g, kaapelin kanssa 155 g<\/li>\n<li>Akun mitat: 76 x 165 x 25 mm<\/li>\n<li>Akun paino: 472 g<\/li>\n<li>Takuu: Lamppu 60 kuukautta, Laturi 24 kuukautta, Akku 12 kuukautta<\/li>\n<\/ul>\n<h2>Tehotasot (ANSI\/FL1)<\/h2>\n<ul>\n<li>Maksimi: 6500+ lm \/ 388 m \/ 2:00 h<\/li>\n<li>Korkea: 3100 lm \/ 260 m \/ 4:40 h<\/li>\n<li>Keskitaso: 1000 lm \/ 150 m \/ 15:50 h<\/li>\n<li>Matala: 270 lm \/ 80 m \/ 59:00 h<\/li>\n<\/ul>\n<p><em><strong>Laboratoriossa mitattu maksimiteho: 6838 lm<\/strong><\/em><\/p>\n<h2>K\u00e4ytt\u00f6ohje<\/h2>\n","protected":false},"excerpt":{"rendered":"<p>Lumonite Leader MX on enduroon suunniteltu kyp\u00e4r\u00e4valaisin 6500 lm valovuolla. Soveltuu vaativiin olosuhteisiin, joissa tarvitaan tehokasta ja luotettavaa valoa.<\/p>\n","protected":false},"featured_media":6565,"template":"","meta":{"_acf_changed":false},"mark-ja-mudel":[],"product_brand":[2075],"product_cat":[1085],"product_tag":[1107],"class_list":{"0":"post-80862","1":"product","2":"type-product","3":"status-publish","4":"has-post-thumbnail","6":"product_brand-lumonite-fi","7":"product_cat-lumonite-led-otsalamput-urheilulamput-ja-tarvikkeet","8":"product_tag-toimitusaika-4-5-paivaa","10":"first","11":"instock","12":"taxable","13":"shipping-taxable","14":"purchasable","15":"product-type-simple"},"bundled_by":[],"bundle_stock_status":"instock","bundle_stock_quantity":null,"bundle_virtual":false,"bundle_layout":"","bundle_add_to_cart_form_location":"","bundle_editable_in_cart":false,"bundle_sold_individually_context":"","bundle_item_grouping":"","bundle_min_size":"","bundle_max_size":"","bundle_price":[],"bundled_items":[],"bundle_sell_ids":[],"acf":[],"yoast_head":"<!-- This site is optimized with the Yoast SEO plugin v27.5 - https:\/\/yoast.com\/product\/yoast-seo-wordpress\/ -->\n<title>Enduro-kyp\u00e4r\u00e4lamppun LUMONITE Leader MX, 6500 LM | Lumonite<\/title>\n<meta name=\"description\" content=\"Enduro-kyp\u00e4r\u00e4lamppun LUMONITE Leader MX, 6500 LM. Lumonite LED-ty\u00f6valot ja lis\u00e4valot. Maastoauto- ja 4x4-lis\u00e4varustus.\" \/>\n<meta name=\"robots\" content=\"index, follow, max-snippet:-1, max-image-preview:large, max-video-preview:-1\" \/>\n<link rel=\"canonical\" href=\"https:\/\/www.castrum.ee\/fi\/toode\/enduro-kypara-lamppu-lumonite-leader-mx-6500-lm\/\" \/>\n<meta property=\"og:locale\" content=\"fi_FI\" \/>\n<meta property=\"og:type\" content=\"article\" \/>\n<meta property=\"og:title\" content=\"Enduro-kyp\u00e4r\u00e4lamppun LUMONITE Leader MX, 6500 LM | Lumonite\" \/>\n<meta property=\"og:description\" content=\"Enduro-kyp\u00e4r\u00e4lamppun LUMONITE Leader MX, 6500 LM. Lumonite LED-ty\u00f6valot ja lis\u00e4valot. Maastoauto- ja 4x4-lis\u00e4varustus.\" \/>\n<meta property=\"og:url\" content=\"https:\/\/www.castrum.ee\/fi\/toode\/enduro-kypara-lamppu-lumonite-leader-mx-6500-lm\/\" \/>\n<meta property=\"og:site_name\" content=\"Castrum\" \/>\n<meta property=\"article:publisher\" content=\"https:\/\/www.facebook.com\/castrum.ee\" \/>\n<meta property=\"article:modified_time\" content=\"2026-05-12T12:31:20+00:00\" \/>\n<meta property=\"og:image\" content=\"https:\/\/www.castrum.ee\/wp-content\/uploads\/2025\/08\/leader_enduro_kit_5-1.jpg\" \/>\n\t<meta property=\"og:image:width\" content=\"1080\" \/>\n\t<meta property=\"og:image:height\" content=\"1080\" \/>\n\t<meta property=\"og:image:type\" content=\"image\/jpeg\" \/>\n<meta name=\"twitter:card\" content=\"summary_large_image\" \/>\n<meta name=\"twitter:label1\" content=\"Arvioitu lukuaika\" \/>\n\t<meta name=\"twitter:data1\" content=\"1 minuutti\" \/>\n<script type=\"application\/ld+json\" class=\"yoast-schema-graph\">{\"@context\":\"https:\\\/\\\/schema.org\",\"@graph\":[{\"@type\":\"WebPage\",\"@id\":\"https:\\\/\\\/www.castrum.ee\\\/fi\\\/toode\\\/enduro-kypara-lamppu-lumonite-leader-mx-6500-lm\\\/\",\"url\":\"https:\\\/\\\/www.castrum.ee\\\/fi\\\/toode\\\/enduro-kypara-lamppu-lumonite-leader-mx-6500-lm\\\/\",\"name\":\"Enduro-kyp\u00e4r\u00e4lamppun LUMONITE Leader MX, 6500 LM | Lumonite\",\"isPartOf\":{\"@id\":\"https:\\\/\\\/www.castrum.ee\\\/fi\\\/#website\"},\"primaryImageOfPage\":{\"@id\":\"https:\\\/\\\/www.castrum.ee\\\/fi\\\/toode\\\/enduro-kypara-lamppu-lumonite-leader-mx-6500-lm\\\/#primaryimage\"},\"image\":{\"@id\":\"https:\\\/\\\/www.castrum.ee\\\/fi\\\/toode\\\/enduro-kypara-lamppu-lumonite-leader-mx-6500-lm\\\/#primaryimage\"},\"thumbnailUrl\":\"https:\\\/\\\/www.castrum.ee\\\/wp-content\\\/uploads\\\/2025\\\/08\\\/leader_enduro_kit_5-1.jpg\",\"datePublished\":\"2025-08-13T07:59:06+00:00\",\"dateModified\":\"2026-05-12T12:31:20+00:00\",\"description\":\"Enduro-kyp\u00e4r\u00e4lamppun LUMONITE Leader MX, 6500 LM. Lumonite LED-ty\u00f6valot ja lis\u00e4valot. Maastoauto- ja 4x4-lis\u00e4varustus.\",\"breadcrumb\":{\"@id\":\"https:\\\/\\\/www.castrum.ee\\\/fi\\\/toode\\\/enduro-kypara-lamppu-lumonite-leader-mx-6500-lm\\\/#breadcrumb\"},\"inLanguage\":\"fi\",\"potentialAction\":[{\"@type\":\"ReadAction\",\"target\":[\"https:\\\/\\\/www.castrum.ee\\\/fi\\\/toode\\\/enduro-kypara-lamppu-lumonite-leader-mx-6500-lm\\\/\"]}]},{\"@type\":\"ImageObject\",\"inLanguage\":\"fi\",\"@id\":\"https:\\\/\\\/www.castrum.ee\\\/fi\\\/toode\\\/enduro-kypara-lamppu-lumonite-leader-mx-6500-lm\\\/#primaryimage\",\"url\":\"https:\\\/\\\/www.castrum.ee\\\/wp-content\\\/uploads\\\/2025\\\/08\\\/leader_enduro_kit_5-1.jpg\",\"contentUrl\":\"https:\\\/\\\/www.castrum.ee\\\/wp-content\\\/uploads\\\/2025\\\/08\\\/leader_enduro_kit_5-1.jpg\",\"width\":1080,\"height\":1080},{\"@type\":\"BreadcrumbList\",\"@id\":\"https:\\\/\\\/www.castrum.ee\\\/fi\\\/toode\\\/enduro-kypara-lamppu-lumonite-leader-mx-6500-lm\\\/#breadcrumb\",\"itemListElement\":[{\"@type\":\"ListItem\",\"position\":1,\"name\":\"Home\",\"item\":\"https:\\\/\\\/www.castrum.ee\\\/fi\\\/kotisivu\\\/\"},{\"@type\":\"ListItem\",\"position\":2,\"name\":\"Verkkokauppa\",\"item\":\"https:\\\/\\\/www.castrum.ee\\\/fi\\\/kauppa\\\/\"},{\"@type\":\"ListItem\",\"position\":3,\"name\":\"Enduro-kyp\u00e4r\u00e4lamppu LUMONITE Leader MX, 6500 LM\"}]},{\"@type\":\"WebSite\",\"@id\":\"https:\\\/\\\/www.castrum.ee\\\/fi\\\/#website\",\"url\":\"https:\\\/\\\/www.castrum.ee\\\/fi\\\/\",\"name\":\"Castrum\",\"description\":\"Maastoautojen, henkil\u00f6autojen ja pienvaunujen lis\u00e4varusteet\",\"publisher\":{\"@id\":\"https:\\\/\\\/www.castrum.ee\\\/fi\\\/#organization\"},\"potentialAction\":[{\"@type\":\"SearchAction\",\"target\":{\"@type\":\"EntryPoint\",\"urlTemplate\":\"https:\\\/\\\/www.castrum.ee\\\/fi\\\/?s={search_term_string}\"},\"query-input\":{\"@type\":\"PropertyValueSpecification\",\"valueRequired\":true,\"valueName\":\"search_term_string\"}}],\"inLanguage\":\"fi\"},{\"@type\":\"Organization\",\"@id\":\"https:\\\/\\\/www.castrum.ee\\\/fi\\\/#organization\",\"name\":\"Castrum Grupp O\u00dc\",\"url\":\"https:\\\/\\\/www.castrum.ee\\\/fi\\\/\",\"logo\":{\"@type\":\"ImageObject\",\"inLanguage\":\"fi\",\"@id\":\"https:\\\/\\\/www.castrum.ee\\\/fi\\\/#\\\/schema\\\/logo\\\/image\\\/\",\"url\":\"https:\\\/\\\/www.castrum.ee\\\/wp-content\\\/uploads\\\/2025\\\/03\\\/Castrum-logo-500.png\",\"contentUrl\":\"https:\\\/\\\/www.castrum.ee\\\/wp-content\\\/uploads\\\/2025\\\/03\\\/Castrum-logo-500.png\",\"width\":500,\"height\":250,\"caption\":\"Castrum Grupp O\u00dc\"},\"image\":{\"@id\":\"https:\\\/\\\/www.castrum.ee\\\/fi\\\/#\\\/schema\\\/logo\\\/image\\\/\"},\"sameAs\":[\"https:\\\/\\\/www.facebook.com\\\/castrum.ee\"]}]}<\/script>\n<!-- \/ Yoast SEO plugin. -->","yoast_head_json":{"title":"Enduro-kyp\u00e4r\u00e4lamppun LUMONITE Leader MX, 6500 LM | Lumonite","description":"Enduro-kyp\u00e4r\u00e4lamppun LUMONITE Leader MX, 6500 LM. Lumonite LED-ty\u00f6valot ja lis\u00e4valot. Maastoauto- ja 4x4-lis\u00e4varustus.","robots":{"index":"index","follow":"follow","max-snippet":"max-snippet:-1","max-image-preview":"max-image-preview:large","max-video-preview":"max-video-preview:-1"},"canonical":"https:\/\/www.castrum.ee\/fi\/toode\/enduro-kypara-lamppu-lumonite-leader-mx-6500-lm\/","og_locale":"fi_FI","og_type":"article","og_title":"Enduro-kyp\u00e4r\u00e4lamppun LUMONITE Leader MX, 6500 LM | Lumonite","og_description":"Enduro-kyp\u00e4r\u00e4lamppun LUMONITE Leader MX, 6500 LM. Lumonite LED-ty\u00f6valot ja lis\u00e4valot. Maastoauto- ja 4x4-lis\u00e4varustus.","og_url":"https:\/\/www.castrum.ee\/fi\/toode\/enduro-kypara-lamppu-lumonite-leader-mx-6500-lm\/","og_site_name":"Castrum","article_publisher":"https:\/\/www.facebook.com\/castrum.ee","article_modified_time":"2026-05-12T12:31:20+00:00","og_image":[{"width":1080,"height":1080,"url":"https:\/\/www.castrum.ee\/wp-content\/uploads\/2025\/08\/leader_enduro_kit_5-1.jpg","type":"image\/jpeg"}],"twitter_card":"summary_large_image","twitter_misc":{"Arvioitu lukuaika":"1 minuutti"},"schema":{"@context":"https:\/\/schema.org","@graph":[{"@type":"WebPage","@id":"https:\/\/www.castrum.ee\/fi\/toode\/enduro-kypara-lamppu-lumonite-leader-mx-6500-lm\/","url":"https:\/\/www.castrum.ee\/fi\/toode\/enduro-kypara-lamppu-lumonite-leader-mx-6500-lm\/","name":"Enduro-kyp\u00e4r\u00e4lamppun LUMONITE Leader MX, 6500 LM | Lumonite","isPartOf":{"@id":"https:\/\/www.castrum.ee\/fi\/#website"},"primaryImageOfPage":{"@id":"https:\/\/www.castrum.ee\/fi\/toode\/enduro-kypara-lamppu-lumonite-leader-mx-6500-lm\/#primaryimage"},"image":{"@id":"https:\/\/www.castrum.ee\/fi\/toode\/enduro-kypara-lamppu-lumonite-leader-mx-6500-lm\/#primaryimage"},"thumbnailUrl":"https:\/\/www.castrum.ee\/wp-content\/uploads\/2025\/08\/leader_enduro_kit_5-1.jpg","datePublished":"2025-08-13T07:59:06+00:00","dateModified":"2026-05-12T12:31:20+00:00","description":"Enduro-kyp\u00e4r\u00e4lamppun LUMONITE Leader MX, 6500 LM. Lumonite LED-ty\u00f6valot ja lis\u00e4valot. Maastoauto- ja 4x4-lis\u00e4varustus.","breadcrumb":{"@id":"https:\/\/www.castrum.ee\/fi\/toode\/enduro-kypara-lamppu-lumonite-leader-mx-6500-lm\/#breadcrumb"},"inLanguage":"fi","potentialAction":[{"@type":"ReadAction","target":["https:\/\/www.castrum.ee\/fi\/toode\/enduro-kypara-lamppu-lumonite-leader-mx-6500-lm\/"]}]},{"@type":"ImageObject","inLanguage":"fi","@id":"https:\/\/www.castrum.ee\/fi\/toode\/enduro-kypara-lamppu-lumonite-leader-mx-6500-lm\/#primaryimage","url":"https:\/\/www.castrum.ee\/wp-content\/uploads\/2025\/08\/leader_enduro_kit_5-1.jpg","contentUrl":"https:\/\/www.castrum.ee\/wp-content\/uploads\/2025\/08\/leader_enduro_kit_5-1.jpg","width":1080,"height":1080},{"@type":"BreadcrumbList","@id":"https:\/\/www.castrum.ee\/fi\/toode\/enduro-kypara-lamppu-lumonite-leader-mx-6500-lm\/#breadcrumb","itemListElement":[{"@type":"ListItem","position":1,"name":"Home","item":"https:\/\/www.castrum.ee\/fi\/kotisivu\/"},{"@type":"ListItem","position":2,"name":"Verkkokauppa","item":"https:\/\/www.castrum.ee\/fi\/kauppa\/"},{"@type":"ListItem","position":3,"name":"Enduro-kyp\u00e4r\u00e4lamppu LUMONITE Leader MX, 6500 LM"}]},{"@type":"WebSite","@id":"https:\/\/www.castrum.ee\/fi\/#website","url":"https:\/\/www.castrum.ee\/fi\/","name":"Castrum","description":"Maastoautojen, henkil\u00f6autojen ja pienvaunujen lis\u00e4varusteet","publisher":{"@id":"https:\/\/www.castrum.ee\/fi\/#organization"},"potentialAction":[{"@type":"SearchAction","target":{"@type":"EntryPoint","urlTemplate":"https:\/\/www.castrum.ee\/fi\/?s={search_term_string}"},"query-input":{"@type":"PropertyValueSpecification","valueRequired":true,"valueName":"search_term_string"}}],"inLanguage":"fi"},{"@type":"Organization","@id":"https:\/\/www.castrum.ee\/fi\/#organization","name":"Castrum Grupp O\u00dc","url":"https:\/\/www.castrum.ee\/fi\/","logo":{"@type":"ImageObject","inLanguage":"fi","@id":"https:\/\/www.castrum.ee\/fi\/#\/schema\/logo\/image\/","url":"https:\/\/www.castrum.ee\/wp-content\/uploads\/2025\/03\/Castrum-logo-500.png","contentUrl":"https:\/\/www.castrum.ee\/wp-content\/uploads\/2025\/03\/Castrum-logo-500.png","width":500,"height":250,"caption":"Castrum Grupp O\u00dc"},"image":{"@id":"https:\/\/www.castrum.ee\/fi\/#\/schema\/logo\/image\/"},"sameAs":["https:\/\/www.facebook.com\/castrum.ee"]}]}},"_links":{"self":[{"href":"https:\/\/www.castrum.ee\/fi\/wp-json\/wp\/v2\/product\/80862","targetHints":{"allow":["GET"]}}],"collection":[{"href":"https:\/\/www.castrum.ee\/fi\/wp-json\/wp\/v2\/product"}],"about":[{"href":"https:\/\/www.castrum.ee\/fi\/wp-json\/wp\/v2\/types\/product"}],"wp:featuredmedia":[{"embeddable":true,"href":"https:\/\/www.castrum.ee\/fi\/wp-json\/wp\/v2\/media\/6565"}],"wp:attachment":[{"href":"https:\/\/www.castrum.ee\/fi\/wp-json\/wp\/v2\/media?parent=80862"}],"wp:term":[{"taxonomy":"mark-ja-mudel","embeddable":true,"href":"https:\/\/www.castrum.ee\/fi\/wp-json\/wp\/v2\/mark-ja-mudel?post=80862"},{"taxonomy":"product_brand","embeddable":true,"href":"https:\/\/www.castrum.ee\/fi\/wp-json\/wp\/v2\/product_brand?post=80862"},{"taxonomy":"product_cat","embeddable":true,"href":"https:\/\/www.castrum.ee\/fi\/wp-json\/wp\/v2\/product_cat?post=80862"},{"taxonomy":"product_tag","embeddable":true,"href":"https:\/\/www.castrum.ee\/fi\/wp-json\/wp\/v2\/product_tag?post=80862"}],"curies":[{"name":"wp","href":"https:\/\/api.w.org\/{rel}","templated":true}]}}