{"id":80889,"date":"2026-04-30T01:17:22","date_gmt":"2026-04-29T22:17:22","guid":{"rendered":"https:\/\/www.castrum.ee\/toode\/t-max-e-board-sahkoinen-automaattinen-astinlaudat-xdlvlk\/"},"modified":"2026-04-30T01:17:22","modified_gmt":"2026-04-29T22:17:22","slug":"t-max-e-board-sahkoinen-automaattinen-astinlaudat","status":"publish","type":"product","link":"https:\/\/www.castrum.ee\/fi\/toode\/t-max-e-board-sahkoinen-automaattinen-astinlaudat\/","title":{"rendered":"T-Max E-Board s\u00e4hk\u00f6isell\u00e4 k\u00e4ytt\u00f6j\u00e4rjestelm\u00e4ll\u00e4 varustetut automaattiset astinlaudat"},"content":{"rendered":"","protected":false},"excerpt":{"rendered":"<p>Sarja sis\u00e4lt\u00e4\u00e4 yhden parin astinlautoja ja kaiken asennukseen tarvittavan. Astinlaudat avautuvat oven avautuessa ja sulkeutuvat oven sulkeutuessa. \u00c4lyk\u00e4s valvontaj\u00e4rjestelm\u00e4 suojaa ja pys\u00e4ytt\u00e4\u00e4 E-Board astinlautoja automaattisesti esteen tai ylikuormituksen yhteydess\u00e4. Astinlauttojen kantavuus on 300 kg.<\/p>\n","protected":false},"featured_media":6323,"template":"","meta":{"_acf_changed":false},"mark-ja-mudel":[],"product_brand":[1276,1286,1278,1285,1323,1282,1284,1298,1297,1460,1287,1277,1275,1296],"product_cat":[1067,1066],"product_tag":[],"class_list":{"0":"post-80889","1":"product","2":"type-product","3":"status-publish","4":"has-post-thumbnail","6":"product_brand-amarok","7":"product_brand-ford","8":"product_brand-hilux","9":"product_brand-l200","10":"product_brand-land-rover","11":"product_brand-mercedes-benz","12":"product_brand-mitsubishi","13":"product_brand-navara","14":"product_brand-nissan","15":"product_brand-range-rover-vogue","16":"product_brand-ranger","17":"product_brand-toyota","18":"product_brand-volkswagen","19":"product_brand-x-class","20":"product_cat-astinlaudat","21":"product_cat-astinlaudat-ja-sivusuojat","23":"first","24":"instock","25":"taxable","26":"shipping-taxable","27":"purchasable","28":"product-type-variable"},"bundled_by":[],"bundle_stock_status":"instock","bundle_stock_quantity":null,"bundle_virtual":false,"bundle_layout":"","bundle_add_to_cart_form_location":"","bundle_editable_in_cart":false,"bundle_sold_individually_context":"","bundle_item_grouping":"","bundle_min_size":"","bundle_max_size":"","bundle_price":[],"bundled_items":[],"bundle_sell_ids":[],"acf":[],"yoast_head":"<!-- This site is optimized with the Yoast SEO plugin v27.5 - https:\/\/yoast.com\/product\/yoast-seo-wordpress\/ -->\n<title>T-Max E-Board automaattiset astinlaudat | Castrum<\/title>\n<meta name=\"description\" content=\"T-Max E-Board s\u00e4hk\u00f6isell\u00e4 k\u00e4yt\u00f6ll\u00e4 varustetut automaattiset astinlaudat. Kylkiputket ja astinlaudat maastureihin, lava-autoihin ja pakettiautoihin.\" \/>\n<meta name=\"robots\" content=\"index, follow, max-snippet:-1, max-image-preview:large, max-video-preview:-1\" \/>\n<link rel=\"canonical\" href=\"https:\/\/www.castrum.ee\/fi\/toode\/t-max-e-board-sahkoinen-automaattinen-astinlaudat\/\" \/>\n<meta property=\"og:locale\" content=\"fi_FI\" \/>\n<meta property=\"og:type\" content=\"article\" \/>\n<meta property=\"og:title\" content=\"T-Max E-Board automaattiset astinlaudat | Castrum\" \/>\n<meta property=\"og:description\" content=\"T-Max E-Board s\u00e4hk\u00f6isell\u00e4 k\u00e4yt\u00f6ll\u00e4 varustetut automaattiset astinlaudat. Kylkiputket ja astinlaudat maastureihin, lava-autoihin ja pakettiautoihin.\" \/>\n<meta property=\"og:url\" content=\"https:\/\/www.castrum.ee\/fi\/toode\/t-max-e-board-sahkoinen-automaattinen-astinlaudat\/\" \/>\n<meta property=\"og:site_name\" content=\"Castrum\" \/>\n<meta property=\"article:publisher\" content=\"https:\/\/www.facebook.com\/castrum.ee\" \/>\n<meta property=\"og:image\" content=\"https:\/\/www.castrum.ee\/wp-content\/uploads\/2025\/07\/9CB8C939-D549-4CDF-B299-78958A2CE20F.jpeg\" \/>\n\t<meta property=\"og:image:width\" content=\"1626\" \/>\n\t<meta property=\"og:image:height\" content=\"1080\" \/>\n\t<meta property=\"og:image:type\" content=\"image\/jpeg\" \/>\n<meta name=\"twitter:card\" content=\"summary_large_image\" \/>\n<script type=\"application\/ld+json\" class=\"yoast-schema-graph\">{\"@context\":\"https:\\\/\\\/schema.org\",\"@graph\":[{\"@type\":\"WebPage\",\"@id\":\"https:\\\/\\\/www.castrum.ee\\\/fi\\\/toode\\\/t-max-e-board-sahkoinen-automaattinen-astinlaudat\\\/\",\"url\":\"https:\\\/\\\/www.castrum.ee\\\/fi\\\/toode\\\/t-max-e-board-sahkoinen-automaattinen-astinlaudat\\\/\",\"name\":\"T-Max E-Board automaattiset astinlaudat | Castrum\",\"isPartOf\":{\"@id\":\"https:\\\/\\\/www.castrum.ee\\\/fi\\\/#website\"},\"primaryImageOfPage\":{\"@id\":\"https:\\\/\\\/www.castrum.ee\\\/fi\\\/toode\\\/t-max-e-board-sahkoinen-automaattinen-astinlaudat\\\/#primaryimage\"},\"image\":{\"@id\":\"https:\\\/\\\/www.castrum.ee\\\/fi\\\/toode\\\/t-max-e-board-sahkoinen-automaattinen-astinlaudat\\\/#primaryimage\"},\"thumbnailUrl\":\"https:\\\/\\\/www.castrum.ee\\\/wp-content\\\/uploads\\\/2025\\\/07\\\/9CB8C939-D549-4CDF-B299-78958A2CE20F.jpeg\",\"datePublished\":\"2026-04-29T22:17:22+00:00\",\"description\":\"T-Max E-Board s\u00e4hk\u00f6isell\u00e4 k\u00e4yt\u00f6ll\u00e4 varustetut automaattiset astinlaudat. Kylkiputket ja astinlaudat maastureihin, lava-autoihin ja pakettiautoihin.\",\"breadcrumb\":{\"@id\":\"https:\\\/\\\/www.castrum.ee\\\/fi\\\/toode\\\/t-max-e-board-sahkoinen-automaattinen-astinlaudat\\\/#breadcrumb\"},\"inLanguage\":\"fi\",\"potentialAction\":[{\"@type\":\"ReadAction\",\"target\":[\"https:\\\/\\\/www.castrum.ee\\\/fi\\\/toode\\\/t-max-e-board-sahkoinen-automaattinen-astinlaudat\\\/\"]}]},{\"@type\":\"ImageObject\",\"inLanguage\":\"fi\",\"@id\":\"https:\\\/\\\/www.castrum.ee\\\/fi\\\/toode\\\/t-max-e-board-sahkoinen-automaattinen-astinlaudat\\\/#primaryimage\",\"url\":\"https:\\\/\\\/www.castrum.ee\\\/wp-content\\\/uploads\\\/2025\\\/07\\\/9CB8C939-D549-4CDF-B299-78958A2CE20F.jpeg\",\"contentUrl\":\"https:\\\/\\\/www.castrum.ee\\\/wp-content\\\/uploads\\\/2025\\\/07\\\/9CB8C939-D549-4CDF-B299-78958A2CE20F.jpeg\",\"width\":1626,\"height\":1080},{\"@type\":\"BreadcrumbList\",\"@id\":\"https:\\\/\\\/www.castrum.ee\\\/fi\\\/toode\\\/t-max-e-board-sahkoinen-automaattinen-astinlaudat\\\/#breadcrumb\",\"itemListElement\":[{\"@type\":\"ListItem\",\"position\":1,\"name\":\"Home\",\"item\":\"https:\\\/\\\/www.castrum.ee\\\/fi\\\/kotisivu\\\/\"},{\"@type\":\"ListItem\",\"position\":2,\"name\":\"Verkkokauppa\",\"item\":\"https:\\\/\\\/www.castrum.ee\\\/fi\\\/kauppa\\\/\"},{\"@type\":\"ListItem\",\"position\":3,\"name\":\"T-Max E-Board s\u00e4hk\u00f6isell\u00e4 k\u00e4ytt\u00f6j\u00e4rjestelm\u00e4ll\u00e4 varustetut automaattiset astinlaudat\"}]},{\"@type\":\"WebSite\",\"@id\":\"https:\\\/\\\/www.castrum.ee\\\/fi\\\/#website\",\"url\":\"https:\\\/\\\/www.castrum.ee\\\/fi\\\/\",\"name\":\"Castrum\",\"description\":\"Maastoautojen, henkil\u00f6autojen ja pienvaunujen lis\u00e4varusteet\",\"publisher\":{\"@id\":\"https:\\\/\\\/www.castrum.ee\\\/fi\\\/#organization\"},\"potentialAction\":[{\"@type\":\"SearchAction\",\"target\":{\"@type\":\"EntryPoint\",\"urlTemplate\":\"https:\\\/\\\/www.castrum.ee\\\/fi\\\/?s={search_term_string}\"},\"query-input\":{\"@type\":\"PropertyValueSpecification\",\"valueRequired\":true,\"valueName\":\"search_term_string\"}}],\"inLanguage\":\"fi\"},{\"@type\":\"Organization\",\"@id\":\"https:\\\/\\\/www.castrum.ee\\\/fi\\\/#organization\",\"name\":\"Castrum Grupp O\u00dc\",\"url\":\"https:\\\/\\\/www.castrum.ee\\\/fi\\\/\",\"logo\":{\"@type\":\"ImageObject\",\"inLanguage\":\"fi\",\"@id\":\"https:\\\/\\\/www.castrum.ee\\\/fi\\\/#\\\/schema\\\/logo\\\/image\\\/\",\"url\":\"https:\\\/\\\/www.castrum.ee\\\/wp-content\\\/uploads\\\/2025\\\/03\\\/Castrum-logo-500.png\",\"contentUrl\":\"https:\\\/\\\/www.castrum.ee\\\/wp-content\\\/uploads\\\/2025\\\/03\\\/Castrum-logo-500.png\",\"width\":500,\"height\":250,\"caption\":\"Castrum Grupp O\u00dc\"},\"image\":{\"@id\":\"https:\\\/\\\/www.castrum.ee\\\/fi\\\/#\\\/schema\\\/logo\\\/image\\\/\"},\"sameAs\":[\"https:\\\/\\\/www.facebook.com\\\/castrum.ee\"]}]}<\/script>\n<!-- \/ Yoast SEO plugin. -->","yoast_head_json":{"title":"T-Max E-Board automaattiset astinlaudat | Castrum","description":"T-Max E-Board s\u00e4hk\u00f6isell\u00e4 k\u00e4yt\u00f6ll\u00e4 varustetut automaattiset astinlaudat. Kylkiputket ja astinlaudat maastureihin, lava-autoihin ja pakettiautoihin.","robots":{"index":"index","follow":"follow","max-snippet":"max-snippet:-1","max-image-preview":"max-image-preview:large","max-video-preview":"max-video-preview:-1"},"canonical":"https:\/\/www.castrum.ee\/fi\/toode\/t-max-e-board-sahkoinen-automaattinen-astinlaudat\/","og_locale":"fi_FI","og_type":"article","og_title":"T-Max E-Board automaattiset astinlaudat | Castrum","og_description":"T-Max E-Board s\u00e4hk\u00f6isell\u00e4 k\u00e4yt\u00f6ll\u00e4 varustetut automaattiset astinlaudat. Kylkiputket ja astinlaudat maastureihin, lava-autoihin ja pakettiautoihin.","og_url":"https:\/\/www.castrum.ee\/fi\/toode\/t-max-e-board-sahkoinen-automaattinen-astinlaudat\/","og_site_name":"Castrum","article_publisher":"https:\/\/www.facebook.com\/castrum.ee","og_image":[{"width":1626,"height":1080,"url":"https:\/\/www.castrum.ee\/wp-content\/uploads\/2025\/07\/9CB8C939-D549-4CDF-B299-78958A2CE20F.jpeg","type":"image\/jpeg"}],"twitter_card":"summary_large_image","schema":{"@context":"https:\/\/schema.org","@graph":[{"@type":"WebPage","@id":"https:\/\/www.castrum.ee\/fi\/toode\/t-max-e-board-sahkoinen-automaattinen-astinlaudat\/","url":"https:\/\/www.castrum.ee\/fi\/toode\/t-max-e-board-sahkoinen-automaattinen-astinlaudat\/","name":"T-Max E-Board automaattiset astinlaudat | Castrum","isPartOf":{"@id":"https:\/\/www.castrum.ee\/fi\/#website"},"primaryImageOfPage":{"@id":"https:\/\/www.castrum.ee\/fi\/toode\/t-max-e-board-sahkoinen-automaattinen-astinlaudat\/#primaryimage"},"image":{"@id":"https:\/\/www.castrum.ee\/fi\/toode\/t-max-e-board-sahkoinen-automaattinen-astinlaudat\/#primaryimage"},"thumbnailUrl":"https:\/\/www.castrum.ee\/wp-content\/uploads\/2025\/07\/9CB8C939-D549-4CDF-B299-78958A2CE20F.jpeg","datePublished":"2026-04-29T22:17:22+00:00","description":"T-Max E-Board s\u00e4hk\u00f6isell\u00e4 k\u00e4yt\u00f6ll\u00e4 varustetut automaattiset astinlaudat. Kylkiputket ja astinlaudat maastureihin, lava-autoihin ja pakettiautoihin.","breadcrumb":{"@id":"https:\/\/www.castrum.ee\/fi\/toode\/t-max-e-board-sahkoinen-automaattinen-astinlaudat\/#breadcrumb"},"inLanguage":"fi","potentialAction":[{"@type":"ReadAction","target":["https:\/\/www.castrum.ee\/fi\/toode\/t-max-e-board-sahkoinen-automaattinen-astinlaudat\/"]}]},{"@type":"ImageObject","inLanguage":"fi","@id":"https:\/\/www.castrum.ee\/fi\/toode\/t-max-e-board-sahkoinen-automaattinen-astinlaudat\/#primaryimage","url":"https:\/\/www.castrum.ee\/wp-content\/uploads\/2025\/07\/9CB8C939-D549-4CDF-B299-78958A2CE20F.jpeg","contentUrl":"https:\/\/www.castrum.ee\/wp-content\/uploads\/2025\/07\/9CB8C939-D549-4CDF-B299-78958A2CE20F.jpeg","width":1626,"height":1080},{"@type":"BreadcrumbList","@id":"https:\/\/www.castrum.ee\/fi\/toode\/t-max-e-board-sahkoinen-automaattinen-astinlaudat\/#breadcrumb","itemListElement":[{"@type":"ListItem","position":1,"name":"Home","item":"https:\/\/www.castrum.ee\/fi\/kotisivu\/"},{"@type":"ListItem","position":2,"name":"Verkkokauppa","item":"https:\/\/www.castrum.ee\/fi\/kauppa\/"},{"@type":"ListItem","position":3,"name":"T-Max E-Board s\u00e4hk\u00f6isell\u00e4 k\u00e4ytt\u00f6j\u00e4rjestelm\u00e4ll\u00e4 varustetut automaattiset astinlaudat"}]},{"@type":"WebSite","@id":"https:\/\/www.castrum.ee\/fi\/#website","url":"https:\/\/www.castrum.ee\/fi\/","name":"Castrum","description":"Maastoautojen, henkil\u00f6autojen ja pienvaunujen lis\u00e4varusteet","publisher":{"@id":"https:\/\/www.castrum.ee\/fi\/#organization"},"potentialAction":[{"@type":"SearchAction","target":{"@type":"EntryPoint","urlTemplate":"https:\/\/www.castrum.ee\/fi\/?s={search_term_string}"},"query-input":{"@type":"PropertyValueSpecification","valueRequired":true,"valueName":"search_term_string"}}],"inLanguage":"fi"},{"@type":"Organization","@id":"https:\/\/www.castrum.ee\/fi\/#organization","name":"Castrum Grupp O\u00dc","url":"https:\/\/www.castrum.ee\/fi\/","logo":{"@type":"ImageObject","inLanguage":"fi","@id":"https:\/\/www.castrum.ee\/fi\/#\/schema\/logo\/image\/","url":"https:\/\/www.castrum.ee\/wp-content\/uploads\/2025\/03\/Castrum-logo-500.png","contentUrl":"https:\/\/www.castrum.ee\/wp-content\/uploads\/2025\/03\/Castrum-logo-500.png","width":500,"height":250,"caption":"Castrum Grupp O\u00dc"},"image":{"@id":"https:\/\/www.castrum.ee\/fi\/#\/schema\/logo\/image\/"},"sameAs":["https:\/\/www.facebook.com\/castrum.ee"]}]}},"_links":{"self":[{"href":"https:\/\/www.castrum.ee\/fi\/wp-json\/wp\/v2\/product\/80889","targetHints":{"allow":["GET"]}}],"collection":[{"href":"https:\/\/www.castrum.ee\/fi\/wp-json\/wp\/v2\/product"}],"about":[{"href":"https:\/\/www.castrum.ee\/fi\/wp-json\/wp\/v2\/types\/product"}],"wp:featuredmedia":[{"embeddable":true,"href":"https:\/\/www.castrum.ee\/fi\/wp-json\/wp\/v2\/media\/6323"}],"wp:attachment":[{"href":"https:\/\/www.castrum.ee\/fi\/wp-json\/wp\/v2\/media?parent=80889"}],"wp:term":[{"taxonomy":"mark-ja-mudel","embeddable":true,"href":"https:\/\/www.castrum.ee\/fi\/wp-json\/wp\/v2\/mark-ja-mudel?post=80889"},{"taxonomy":"product_brand","embeddable":true,"href":"https:\/\/www.castrum.ee\/fi\/wp-json\/wp\/v2\/product_brand?post=80889"},{"taxonomy":"product_cat","embeddable":true,"href":"https:\/\/www.castrum.ee\/fi\/wp-json\/wp\/v2\/product_cat?post=80889"},{"taxonomy":"product_tag","embeddable":true,"href":"https:\/\/www.castrum.ee\/fi\/wp-json\/wp\/v2\/product_tag?post=80889"}],"curies":[{"name":"wp","href":"https:\/\/api.w.org\/{rel}","templated":true}]}}