{"id":80898,"date":"2025-07-29T07:01:40","date_gmt":"2025-07-29T07:01:40","guid":{"rendered":"https:\/\/www.castrum.ee\/toode\/astinlaudat-ns005-superstar-chrome-akselivali-valikko-ujpmyp\/"},"modified":"2026-05-11T14:27:07","modified_gmt":"2026-05-11T11:27:07","slug":"astinlaudat-ns005-superstar-chrome-akselivali-valikko","status":"publish","type":"product","link":"https:\/\/www.castrum.ee\/fi\/toode\/astinlaudat-ns005-superstar-chrome-akselivali-valikko\/","title":{"rendered":"Astinlaudat NS005 Superstar Chrome | Akseliv\u00e4li-valikko"},"content":{"rendered":"<p><strong>Miksi valita juuri n\u00e4m\u00e4 astinlaudat:<\/strong><\/p>\n<ul>\n<li>Tarjoavat lis\u00e4suojaa ajoneuvolle.<\/li>\n<li>Sopivat ajoneuvoon kuten OEM-lis\u00e4varusteet<\/li>\n<li>Helppo asentaa \/ Plug and play.<\/li>\n<\/ul>\n<p><strong>Sarja sis\u00e4lt\u00f6:<\/strong><\/p>\n<ul>\n<li>Yhden parin astinlautoja (vasen ja oikea).<\/li>\n<li>Asennukseen tarvittavat kiinnitysv\u00e4lineet.<\/li>\n<li>Asennusohjeet.<\/li>\n<\/ul>\n<p><strong>Helppo asentaa:<\/strong><br \/>\nAstinlautojen asentaminen on eritt\u00e4in helppoa, sill\u00e4 sarjassa on sek\u00e4 asennusohje ett\u00e4 tarvittavat osat. T\u00e4m\u00e4 eliminoi tarpeen ajoneuvon lis\u00e4muutoksille. Astinlaudat asennetaan olemassa oleviin kiinnityskohtiin ajoneuvon runkoon tai koriksi.<\/p>\n<p><strong>Lis\u00e4suoja ajoneuvon korille:<\/strong><br \/>\nAstinlaudat suojaavat ovia ja sivupaneeleita kivi\u00e4, asfalttip\u00e4tki\u00e4 vastaan sek\u00e4 ahtaissa pys\u00e4k\u00f6intipaikoissa muiden autojen oville tulevalta vaaralta. T\u00e4m\u00e4 on erityisen t\u00e4rke\u00e4\u00e4 sora- ja mutateill\u00e4. Astinlaudat my\u00f6s suojaavat suuremmilta kivilta ja py\u00f6rist\u00e4 heitetyilt\u00e4 esineilt\u00e4.<\/p>\n<p>Lis\u00e4ksi astinlaudat on varustettu liukumatonta tekniikkaa, joka parantaa pitoa ja voi est\u00e4\u00e4 onnettomuuksia tilanteissa, joissa jalkineissa on hiekkaa, lunta, \u00f6ljy\u00e4 jne. Samalla se auttaa suojaamaan ajoneuvon jalkamatosta.<\/p>\n<p><strong>T\u00e4rke\u00e4\u00e4 tietoa:<\/strong><\/p>\n<ul>\n<li>Joissakin ajoneuvoissa saattaa olla muovisia korkkeja kiinnitysreikien peitt\u00e4miseksi, jotka on poistettava ennen sivupalkkien asentamista.<\/li>\n<li>\u00c4l\u00e4 k\u00e4yt\u00e4 metallisuojien puhdistukseen autopesuaineita, jotka sis\u00e4lt\u00e4v\u00e4t TFR- (Traffic Film Remover) -kemikaaleja, koska ne voivat aiheuttaa korroosiota. N\u00e4ill\u00e4 liuoksilla puhdistaminen voi mit\u00e4t\u00f6id\u00e4 takuun.<\/li>\n<li>Suosittelemme vahvasti tarkistamaan ruuvit ja kiinnitysosien 7 p\u00e4iv\u00e4\u00e4 ensimm\u00e4isen asennuksen j\u00e4lkeen, jotta varmistutaan, ett\u00e4 ne on kiinnitetty kunnolla. Turvallisuuden vuoksi kaikki osat tulisi tarkistaa 3\u20136 kuukauden v\u00e4lein.<\/li>\n<\/ul>\n<p><strong>ARP-br\u00e4ndist\u00e4:<\/strong><br \/>\nARP on t\u00e4rke\u00e4 toimija autonosien ja -tarvikkeiden teollisuudessa ja tarjoaa varaosia ja tarvikkeita 4\u00d74-maastoautoille, lava-autoille, henkil\u00f6autoille, hy\u00f6tyajoneuvoille ja kaupallisille ajoneuvoille, sek\u00e4 vanhemmille ett\u00e4 uudemille malleille. Castrum on ARP-tuotteiden virallinen j\u00e4lleenmyyj\u00e4 Suomessa.<\/p>\n","protected":false},"excerpt":{"rendered":"<p>Anodoidut alumiini- ja muovikerrokselliset astinlaudat. Sarjassa on kaikki asennukseen tarvittava.<\/p>\n","protected":false},"featured_media":6149,"template":"","meta":{"_acf_changed":false},"mark-ja-mudel":[],"product_brand":[2097,1282,1290],"product_cat":[1067,1066],"product_tag":[],"class_list":{"0":"post-80898","1":"product","2":"type-product","3":"status-publish","4":"has-post-thumbnail","6":"product_brand-arp-fi","7":"product_brand-mercedes-benz","8":"product_brand-sprinter","9":"product_cat-astinlaudat","10":"product_cat-astinlaudat-ja-sivusuojat","11":"product_shipping_class-tukku","13":"first","14":"instock","15":"taxable","16":"shipping-taxable","17":"purchasable","18":"product-type-variable"},"bundled_by":[],"bundle_stock_status":"instock","bundle_stock_quantity":null,"bundle_virtual":false,"bundle_layout":"","bundle_add_to_cart_form_location":"","bundle_editable_in_cart":false,"bundle_sold_individually_context":"","bundle_item_grouping":"","bundle_min_size":"","bundle_max_size":"","bundle_price":[],"bundled_items":[],"bundle_sell_ids":[],"acf":[],"yoast_head":"<!-- This site is optimized with the Yoast SEO plugin v27.5 - https:\/\/yoast.com\/product\/yoast-seo-wordpress\/ -->\n<title>Astinlaudat NS005 Superstar Chrome | Akseliv\u00e4li-valikko | Castrum<\/title>\n<meta name=\"description\" content=\"Astinlaudat NS005 Superstar Chrome akseliv\u00e4li-valinnalla. Kylkiputket ja astinlaudat. Lis\u00e4varusteet auto-, maastoauto- ja pakettiautoihin.\" \/>\n<meta name=\"robots\" content=\"index, follow, max-snippet:-1, max-image-preview:large, max-video-preview:-1\" \/>\n<link rel=\"canonical\" href=\"https:\/\/www.castrum.ee\/fi\/toode\/astinlaudat-ns005-superstar-chrome-akselivali-valikko\/\" \/>\n<meta property=\"og:locale\" content=\"fi_FI\" \/>\n<meta property=\"og:type\" content=\"article\" \/>\n<meta property=\"og:title\" content=\"Astinlaudat NS005 Superstar Chrome | Akseliv\u00e4li-valikko | Castrum\" \/>\n<meta property=\"og:description\" content=\"Astinlaudat NS005 Superstar Chrome akseliv\u00e4li-valinnalla. Kylkiputket ja astinlaudat. Lis\u00e4varusteet auto-, maastoauto- ja pakettiautoihin.\" \/>\n<meta property=\"og:url\" content=\"https:\/\/www.castrum.ee\/fi\/toode\/astinlaudat-ns005-superstar-chrome-akselivali-valikko\/\" \/>\n<meta property=\"og:site_name\" content=\"Castrum\" \/>\n<meta property=\"article:publisher\" content=\"https:\/\/www.facebook.com\/castrum.ee\" \/>\n<meta property=\"article:modified_time\" content=\"2026-05-11T11:27:07+00:00\" \/>\n<meta property=\"og:image\" content=\"https:\/\/www.castrum.ee\/wp-content\/uploads\/2025\/07\/C846370A-3D24-4E0A-AA57-61D345F64DEB-scaled-1.jpeg\" \/>\n\t<meta property=\"og:image:width\" content=\"1440\" \/>\n\t<meta property=\"og:image:height\" content=\"1080\" \/>\n\t<meta property=\"og:image:type\" content=\"image\/jpeg\" \/>\n<meta name=\"twitter:card\" content=\"summary_large_image\" \/>\n<meta name=\"twitter:label1\" content=\"Arvioitu lukuaika\" \/>\n\t<meta name=\"twitter:data1\" content=\"1 minuutti\" \/>\n<script type=\"application\/ld+json\" class=\"yoast-schema-graph\">{\"@context\":\"https:\\\/\\\/schema.org\",\"@graph\":[{\"@type\":\"WebPage\",\"@id\":\"https:\\\/\\\/www.castrum.ee\\\/fi\\\/toode\\\/astinlaudat-ns005-superstar-chrome-akselivali-valikko\\\/\",\"url\":\"https:\\\/\\\/www.castrum.ee\\\/fi\\\/toode\\\/astinlaudat-ns005-superstar-chrome-akselivali-valikko\\\/\",\"name\":\"Astinlaudat NS005 Superstar Chrome | Akseliv\u00e4li-valikko | Castrum\",\"isPartOf\":{\"@id\":\"https:\\\/\\\/www.castrum.ee\\\/fi\\\/#website\"},\"primaryImageOfPage\":{\"@id\":\"https:\\\/\\\/www.castrum.ee\\\/fi\\\/toode\\\/astinlaudat-ns005-superstar-chrome-akselivali-valikko\\\/#primaryimage\"},\"image\":{\"@id\":\"https:\\\/\\\/www.castrum.ee\\\/fi\\\/toode\\\/astinlaudat-ns005-superstar-chrome-akselivali-valikko\\\/#primaryimage\"},\"thumbnailUrl\":\"https:\\\/\\\/www.castrum.ee\\\/wp-content\\\/uploads\\\/2025\\\/07\\\/C846370A-3D24-4E0A-AA57-61D345F64DEB-scaled-1.jpeg\",\"datePublished\":\"2025-07-29T07:01:40+00:00\",\"dateModified\":\"2026-05-11T11:27:07+00:00\",\"description\":\"Astinlaudat NS005 Superstar Chrome akseliv\u00e4li-valinnalla. Kylkiputket ja astinlaudat. Lis\u00e4varusteet auto-, maastoauto- ja pakettiautoihin.\",\"breadcrumb\":{\"@id\":\"https:\\\/\\\/www.castrum.ee\\\/fi\\\/toode\\\/astinlaudat-ns005-superstar-chrome-akselivali-valikko\\\/#breadcrumb\"},\"inLanguage\":\"fi\",\"potentialAction\":[{\"@type\":\"ReadAction\",\"target\":[\"https:\\\/\\\/www.castrum.ee\\\/fi\\\/toode\\\/astinlaudat-ns005-superstar-chrome-akselivali-valikko\\\/\"]}]},{\"@type\":\"ImageObject\",\"inLanguage\":\"fi\",\"@id\":\"https:\\\/\\\/www.castrum.ee\\\/fi\\\/toode\\\/astinlaudat-ns005-superstar-chrome-akselivali-valikko\\\/#primaryimage\",\"url\":\"https:\\\/\\\/www.castrum.ee\\\/wp-content\\\/uploads\\\/2025\\\/07\\\/C846370A-3D24-4E0A-AA57-61D345F64DEB-scaled-1.jpeg\",\"contentUrl\":\"https:\\\/\\\/www.castrum.ee\\\/wp-content\\\/uploads\\\/2025\\\/07\\\/C846370A-3D24-4E0A-AA57-61D345F64DEB-scaled-1.jpeg\",\"width\":1440,\"height\":1080},{\"@type\":\"BreadcrumbList\",\"@id\":\"https:\\\/\\\/www.castrum.ee\\\/fi\\\/toode\\\/astinlaudat-ns005-superstar-chrome-akselivali-valikko\\\/#breadcrumb\",\"itemListElement\":[{\"@type\":\"ListItem\",\"position\":1,\"name\":\"Home\",\"item\":\"https:\\\/\\\/www.castrum.ee\\\/fi\\\/kotisivu\\\/\"},{\"@type\":\"ListItem\",\"position\":2,\"name\":\"Verkkokauppa\",\"item\":\"https:\\\/\\\/www.castrum.ee\\\/fi\\\/kauppa\\\/\"},{\"@type\":\"ListItem\",\"position\":3,\"name\":\"Astinlaudat NS005 Superstar Chrome | Akseliv\u00e4li-valikko\"}]},{\"@type\":\"WebSite\",\"@id\":\"https:\\\/\\\/www.castrum.ee\\\/fi\\\/#website\",\"url\":\"https:\\\/\\\/www.castrum.ee\\\/fi\\\/\",\"name\":\"Castrum\",\"description\":\"Maastoautojen, henkil\u00f6autojen ja pienvaunujen lis\u00e4varusteet\",\"publisher\":{\"@id\":\"https:\\\/\\\/www.castrum.ee\\\/fi\\\/#organization\"},\"potentialAction\":[{\"@type\":\"SearchAction\",\"target\":{\"@type\":\"EntryPoint\",\"urlTemplate\":\"https:\\\/\\\/www.castrum.ee\\\/fi\\\/?s={search_term_string}\"},\"query-input\":{\"@type\":\"PropertyValueSpecification\",\"valueRequired\":true,\"valueName\":\"search_term_string\"}}],\"inLanguage\":\"fi\"},{\"@type\":\"Organization\",\"@id\":\"https:\\\/\\\/www.castrum.ee\\\/fi\\\/#organization\",\"name\":\"Castrum Grupp O\u00dc\",\"url\":\"https:\\\/\\\/www.castrum.ee\\\/fi\\\/\",\"logo\":{\"@type\":\"ImageObject\",\"inLanguage\":\"fi\",\"@id\":\"https:\\\/\\\/www.castrum.ee\\\/fi\\\/#\\\/schema\\\/logo\\\/image\\\/\",\"url\":\"https:\\\/\\\/www.castrum.ee\\\/wp-content\\\/uploads\\\/2025\\\/03\\\/Castrum-logo-500.png\",\"contentUrl\":\"https:\\\/\\\/www.castrum.ee\\\/wp-content\\\/uploads\\\/2025\\\/03\\\/Castrum-logo-500.png\",\"width\":500,\"height\":250,\"caption\":\"Castrum Grupp O\u00dc\"},\"image\":{\"@id\":\"https:\\\/\\\/www.castrum.ee\\\/fi\\\/#\\\/schema\\\/logo\\\/image\\\/\"},\"sameAs\":[\"https:\\\/\\\/www.facebook.com\\\/castrum.ee\"]}]}<\/script>\n<!-- \/ Yoast SEO plugin. -->","yoast_head_json":{"title":"Astinlaudat NS005 Superstar Chrome | Akseliv\u00e4li-valikko | Castrum","description":"Astinlaudat NS005 Superstar Chrome akseliv\u00e4li-valinnalla. Kylkiputket ja astinlaudat. Lis\u00e4varusteet auto-, maastoauto- ja pakettiautoihin.","robots":{"index":"index","follow":"follow","max-snippet":"max-snippet:-1","max-image-preview":"max-image-preview:large","max-video-preview":"max-video-preview:-1"},"canonical":"https:\/\/www.castrum.ee\/fi\/toode\/astinlaudat-ns005-superstar-chrome-akselivali-valikko\/","og_locale":"fi_FI","og_type":"article","og_title":"Astinlaudat NS005 Superstar Chrome | Akseliv\u00e4li-valikko | Castrum","og_description":"Astinlaudat NS005 Superstar Chrome akseliv\u00e4li-valinnalla. Kylkiputket ja astinlaudat. Lis\u00e4varusteet auto-, maastoauto- ja pakettiautoihin.","og_url":"https:\/\/www.castrum.ee\/fi\/toode\/astinlaudat-ns005-superstar-chrome-akselivali-valikko\/","og_site_name":"Castrum","article_publisher":"https:\/\/www.facebook.com\/castrum.ee","article_modified_time":"2026-05-11T11:27:07+00:00","og_image":[{"width":1440,"height":1080,"url":"https:\/\/www.castrum.ee\/wp-content\/uploads\/2025\/07\/C846370A-3D24-4E0A-AA57-61D345F64DEB-scaled-1.jpeg","type":"image\/jpeg"}],"twitter_card":"summary_large_image","twitter_misc":{"Arvioitu lukuaika":"1 minuutti"},"schema":{"@context":"https:\/\/schema.org","@graph":[{"@type":"WebPage","@id":"https:\/\/www.castrum.ee\/fi\/toode\/astinlaudat-ns005-superstar-chrome-akselivali-valikko\/","url":"https:\/\/www.castrum.ee\/fi\/toode\/astinlaudat-ns005-superstar-chrome-akselivali-valikko\/","name":"Astinlaudat NS005 Superstar Chrome | Akseliv\u00e4li-valikko | Castrum","isPartOf":{"@id":"https:\/\/www.castrum.ee\/fi\/#website"},"primaryImageOfPage":{"@id":"https:\/\/www.castrum.ee\/fi\/toode\/astinlaudat-ns005-superstar-chrome-akselivali-valikko\/#primaryimage"},"image":{"@id":"https:\/\/www.castrum.ee\/fi\/toode\/astinlaudat-ns005-superstar-chrome-akselivali-valikko\/#primaryimage"},"thumbnailUrl":"https:\/\/www.castrum.ee\/wp-content\/uploads\/2025\/07\/C846370A-3D24-4E0A-AA57-61D345F64DEB-scaled-1.jpeg","datePublished":"2025-07-29T07:01:40+00:00","dateModified":"2026-05-11T11:27:07+00:00","description":"Astinlaudat NS005 Superstar Chrome akseliv\u00e4li-valinnalla. Kylkiputket ja astinlaudat. Lis\u00e4varusteet auto-, maastoauto- ja pakettiautoihin.","breadcrumb":{"@id":"https:\/\/www.castrum.ee\/fi\/toode\/astinlaudat-ns005-superstar-chrome-akselivali-valikko\/#breadcrumb"},"inLanguage":"fi","potentialAction":[{"@type":"ReadAction","target":["https:\/\/www.castrum.ee\/fi\/toode\/astinlaudat-ns005-superstar-chrome-akselivali-valikko\/"]}]},{"@type":"ImageObject","inLanguage":"fi","@id":"https:\/\/www.castrum.ee\/fi\/toode\/astinlaudat-ns005-superstar-chrome-akselivali-valikko\/#primaryimage","url":"https:\/\/www.castrum.ee\/wp-content\/uploads\/2025\/07\/C846370A-3D24-4E0A-AA57-61D345F64DEB-scaled-1.jpeg","contentUrl":"https:\/\/www.castrum.ee\/wp-content\/uploads\/2025\/07\/C846370A-3D24-4E0A-AA57-61D345F64DEB-scaled-1.jpeg","width":1440,"height":1080},{"@type":"BreadcrumbList","@id":"https:\/\/www.castrum.ee\/fi\/toode\/astinlaudat-ns005-superstar-chrome-akselivali-valikko\/#breadcrumb","itemListElement":[{"@type":"ListItem","position":1,"name":"Home","item":"https:\/\/www.castrum.ee\/fi\/kotisivu\/"},{"@type":"ListItem","position":2,"name":"Verkkokauppa","item":"https:\/\/www.castrum.ee\/fi\/kauppa\/"},{"@type":"ListItem","position":3,"name":"Astinlaudat NS005 Superstar Chrome | Akseliv\u00e4li-valikko"}]},{"@type":"WebSite","@id":"https:\/\/www.castrum.ee\/fi\/#website","url":"https:\/\/www.castrum.ee\/fi\/","name":"Castrum","description":"Maastoautojen, henkil\u00f6autojen ja pienvaunujen lis\u00e4varusteet","publisher":{"@id":"https:\/\/www.castrum.ee\/fi\/#organization"},"potentialAction":[{"@type":"SearchAction","target":{"@type":"EntryPoint","urlTemplate":"https:\/\/www.castrum.ee\/fi\/?s={search_term_string}"},"query-input":{"@type":"PropertyValueSpecification","valueRequired":true,"valueName":"search_term_string"}}],"inLanguage":"fi"},{"@type":"Organization","@id":"https:\/\/www.castrum.ee\/fi\/#organization","name":"Castrum Grupp O\u00dc","url":"https:\/\/www.castrum.ee\/fi\/","logo":{"@type":"ImageObject","inLanguage":"fi","@id":"https:\/\/www.castrum.ee\/fi\/#\/schema\/logo\/image\/","url":"https:\/\/www.castrum.ee\/wp-content\/uploads\/2025\/03\/Castrum-logo-500.png","contentUrl":"https:\/\/www.castrum.ee\/wp-content\/uploads\/2025\/03\/Castrum-logo-500.png","width":500,"height":250,"caption":"Castrum Grupp O\u00dc"},"image":{"@id":"https:\/\/www.castrum.ee\/fi\/#\/schema\/logo\/image\/"},"sameAs":["https:\/\/www.facebook.com\/castrum.ee"]}]}},"_links":{"self":[{"href":"https:\/\/www.castrum.ee\/fi\/wp-json\/wp\/v2\/product\/80898","targetHints":{"allow":["GET"]}}],"collection":[{"href":"https:\/\/www.castrum.ee\/fi\/wp-json\/wp\/v2\/product"}],"about":[{"href":"https:\/\/www.castrum.ee\/fi\/wp-json\/wp\/v2\/types\/product"}],"wp:featuredmedia":[{"embeddable":true,"href":"https:\/\/www.castrum.ee\/fi\/wp-json\/wp\/v2\/media\/6149"}],"wp:attachment":[{"href":"https:\/\/www.castrum.ee\/fi\/wp-json\/wp\/v2\/media?parent=80898"}],"wp:term":[{"taxonomy":"mark-ja-mudel","embeddable":true,"href":"https:\/\/www.castrum.ee\/fi\/wp-json\/wp\/v2\/mark-ja-mudel?post=80898"},{"taxonomy":"product_brand","embeddable":true,"href":"https:\/\/www.castrum.ee\/fi\/wp-json\/wp\/v2\/product_brand?post=80898"},{"taxonomy":"product_cat","embeddable":true,"href":"https:\/\/www.castrum.ee\/fi\/wp-json\/wp\/v2\/product_cat?post=80898"},{"taxonomy":"product_tag","embeddable":true,"href":"https:\/\/www.castrum.ee\/fi\/wp-json\/wp\/v2\/product_tag?post=80898"}],"curies":[{"name":"wp","href":"https:\/\/api.w.org\/{rel}","templated":true}]}}