{"id":80899,"date":"2025-07-29T07:01:40","date_gmt":"2025-07-29T07:01:40","guid":{"rendered":"https:\/\/www.castrum.ee\/toode\/astinlaudat-ns005-superstar-chrome-gzki60\/"},"modified":"2026-05-11T14:27:02","modified_gmt":"2026-05-11T11:27:02","slug":"astinlaudat-ns005-superstar-chrome","status":"publish","type":"product","link":"https:\/\/www.castrum.ee\/fi\/toode\/astinlaudat-ns005-superstar-chrome\/","title":{"rendered":"Astinlaudat NS005 Superstar Chrome"},"content":{"rendered":"<p><strong>Miksi valita juuri n\u00e4m\u00e4 astinlaudat:<\/strong><\/p>\n<ul>\n<li>Tarjoavat lis\u00e4suojaa ajoneuvollesi.<\/li>\n<li>Sopivat ajoneuvoon kuin OEM-lis\u00e4varusteet<\/li>\n<li>Helppo asentaa \/ Plug and play.<\/li>\n<\/ul>\n<p><strong>Sarja sis\u00e4lt\u00f6:<\/strong><\/p>\n<ul>\n<li>Yhden parin astinlautoja (vasen ja oikea).<\/li>\n<li>Asennukseen tarvittavat kiinnitysosat.<\/li>\n<li>Asennusohjeet.<\/li>\n<\/ul>\n<p><strong>Helppo asentaa:<\/strong><br \/>\nAstinlauttojen asentaminen on eritt\u00e4in helppoa, koska sarjaan kuuluu sek\u00e4 asennusohje ett\u00e4 tarvittavat osat. T\u00e4m\u00e4 poistaa tarpeen ajoneuvon lis\u00e4muutoksille. Astinlaudat asennetaan ajoneuvon rungon tai korin olemassa oleville kiinnityspaikoille.<\/p>\n<p><strong>Lis\u00e4suoja ajoneuvon kuurille:<\/strong><br \/>\nAstinlaudat tarjoavat suojaa ovien ja sivupaneelien naarmuuntumisen, asfaltin kappaleiden ja ahtaissa paikoissa muiden autojen ovien aiheuttamien vaurioiden varalta. T\u00e4m\u00e4 on erityisen t\u00e4rke\u00e4\u00e4 sora- ja maav\u00e4ylill\u00e4. Astinlaudat suojaavat my\u00f6s suuremmista kivi\u00e4 ja py\u00f6rien alta lent\u00e4vist\u00e4 esineist\u00e4.<\/p>\n<p>Lis\u00e4ksi astinlaudat on varustettu liukastumista est\u00e4v\u00e4ll\u00e4 tekniikalla, joka parantaa pit\u00e4vyytt\u00e4 ja voi ehk\u00e4ist\u00e4 onnettomuuksia tilanteissa, joissa kenkien kantap\u00e4\u00e4 on likainen, luminen, \u00f6ljyinen jne. T\u00e4m\u00e4 auttaa my\u00f6s suojelemaan ajoneuvon lattiamatoja.<\/p>\n<p><strong>T\u00e4rke\u00e4\u00e4 tietoa:<\/strong><\/p>\n<ul>\n<li>Joillakin ajoneuvoilla voi olla muovisia korkkeja kiinnitysten rei\u00e4n peitt\u00e4miseen, jotka on poistettava ennen kyljyputkien asentamista.<\/li>\n<li>\u00c4l\u00e4 k\u00e4yt\u00e4 metallisen lis\u00e4varusteiden puhdistamiseen autojen puhdistusaineita, jotka sis\u00e4lt\u00e4v\u00e4t TFR- (Traffic Film Remover) kemikaaleja, koska ne voivat aiheuttaa korroosiota. Puhdistus n\u00e4ill\u00e4 liuottimilla voi mit\u00e4t\u00f6id\u00e4 takuun.<\/li>\n<li>Suosittelemme vahvasti ruuvien ja kiinnitysosia tarkistamaan 7 p\u00e4iv\u00e4n kuluttua ensimm\u00e4isest\u00e4 asennuksesta varmistaaksesi, ett\u00e4 ne ovat oikein kiinnitetty. Turvallisuuden vuoksi kaikki osat tulee tarkistaa 3\u20136 kuukauden v\u00e4lein.<\/li>\n<\/ul>\n<p><strong>ARP-br\u00e4ndist\u00e4:<\/strong><br \/>\nARP on t\u00e4rke\u00e4 toimija autonosien ja -tarvikkeiden teollisuudessa, ja se tarjoaa varasosia ja tarvikkeita 4\u00d74 maastoautoihin, lava-autoihin, henkil\u00f6autoihin, hy\u00f6tyajoneuvoihin ja kaupallisiin ajoneuvoihin, mukaan lukien sek\u00e4 vanhemmat ett\u00e4 uudemmat mallit. Castrum on ARP-tuotteiden virallinen j\u00e4lleenmyyj\u00e4 Suomessa.<\/p>\n","protected":false},"excerpt":{"rendered":"<p>Anodoiduista alumiinista ja muovilla p\u00e4\u00e4llystetyist\u00e4 astinlaudoista koostuva sarja. Sarjaan kuuluu kaikki asentamiseen tarvittava.<\/p>\n","protected":false},"featured_media":6149,"template":"","meta":{"_acf_changed":false},"mark-ja-mudel":[],"product_brand":[1502,1276,2097,1316,1375,1385,1389,1338,1448,1295,1309,1310,1405,1410,1278,1294,1446,1320,1285,1282,1284,1530,1298,1297,1317,1373,1326,1374,1319,1387,1528,1306,1277,1275,1296,1380,1381,1388],"product_cat":[1067,1066],"product_tag":[],"class_list":{"0":"post-80899","1":"product","2":"type-product","3":"status-publish","4":"has-post-thumbnail","6":"product_brand-1502","7":"product_brand-amarok","8":"product_brand-arp-fi","9":"product_brand-audi","10":"product_brand-bmw","11":"product_brand-cadillac","12":"product_brand-captiva","13":"product_brand-chevrolet","14":"product_brand-commander","15":"product_brand-d-max","16":"product_brand-dacia","17":"product_brand-duster","18":"product_brand-fiat","19":"product_brand-fullback","20":"product_brand-hilux","21":"product_brand-isuzu","22":"product_brand-jeep","23":"product_brand-kodiaq","24":"product_brand-l200","25":"product_brand-mercedes-benz","26":"product_brand-mitsubishi","27":"product_brand-musso","28":"product_brand-navara","29":"product_brand-nissan","30":"product_brand-peugeot","31":"product_brand-q3","32":"product_brand-q5","33":"product_brand-q7","34":"product_brand-skoda","35":"product_brand-srx","36":"product_brand-ssangyong","37":"product_brand-touareg","38":"product_brand-toyota","39":"product_brand-volkswagen","40":"product_brand-x-class","41":"product_brand-x3","42":"product_brand-x5","43":"product_brand-xt5","44":"product_cat-astinlaudat","45":"product_cat-astinlaudat-ja-sivusuojat","46":"product_shipping_class-tukku","48":"first","49":"instock","50":"taxable","51":"shipping-taxable","52":"purchasable","53":"product-type-variable"},"bundled_by":[],"bundle_stock_status":"instock","bundle_stock_quantity":null,"bundle_virtual":false,"bundle_layout":"","bundle_add_to_cart_form_location":"","bundle_editable_in_cart":false,"bundle_sold_individually_context":"","bundle_item_grouping":"","bundle_min_size":"","bundle_max_size":"","bundle_price":[],"bundled_items":[],"bundle_sell_ids":[],"acf":[],"yoast_head":"<!-- This site is optimized with the Yoast SEO plugin v27.5 - https:\/\/yoast.com\/product\/yoast-seo-wordpress\/ -->\n<title>Astinlaudat NS005 Superstar Chrome | Castrum<\/title>\n<meta name=\"description\" content=\"Astinlaudat NS005 Superstar Chrome \u2013 Kylkiputket ja astinlaudat maastoautoihin ja lava-autoihin. Korkealaatuinen lis\u00e4varustus ajoneuvoille.\" \/>\n<meta name=\"robots\" content=\"index, follow, max-snippet:-1, max-image-preview:large, max-video-preview:-1\" \/>\n<link rel=\"canonical\" href=\"https:\/\/www.castrum.ee\/fi\/toode\/astinlaudat-ns005-superstar-chrome\/\" \/>\n<meta property=\"og:locale\" content=\"fi_FI\" \/>\n<meta property=\"og:type\" content=\"article\" \/>\n<meta property=\"og:title\" content=\"Astinlaudat NS005 Superstar Chrome | Castrum\" \/>\n<meta property=\"og:description\" content=\"Astinlaudat NS005 Superstar Chrome \u2013 Kylkiputket ja astinlaudat maastoautoihin ja lava-autoihin. Korkealaatuinen lis\u00e4varustus ajoneuvoille.\" \/>\n<meta property=\"og:url\" content=\"https:\/\/www.castrum.ee\/fi\/toode\/astinlaudat-ns005-superstar-chrome\/\" \/>\n<meta property=\"og:site_name\" content=\"Castrum\" \/>\n<meta property=\"article:publisher\" content=\"https:\/\/www.facebook.com\/castrum.ee\" \/>\n<meta property=\"article:modified_time\" content=\"2026-05-11T11:27:02+00:00\" \/>\n<meta property=\"og:image\" content=\"https:\/\/www.castrum.ee\/wp-content\/uploads\/2025\/07\/C846370A-3D24-4E0A-AA57-61D345F64DEB-scaled-1.jpeg\" \/>\n\t<meta property=\"og:image:width\" content=\"1440\" \/>\n\t<meta property=\"og:image:height\" content=\"1080\" \/>\n\t<meta property=\"og:image:type\" content=\"image\/jpeg\" \/>\n<meta name=\"twitter:card\" content=\"summary_large_image\" \/>\n<meta name=\"twitter:label1\" content=\"Arvioitu lukuaika\" \/>\n\t<meta name=\"twitter:data1\" content=\"1 minuutti\" \/>\n<script type=\"application\/ld+json\" class=\"yoast-schema-graph\">{\"@context\":\"https:\\\/\\\/schema.org\",\"@graph\":[{\"@type\":\"WebPage\",\"@id\":\"https:\\\/\\\/www.castrum.ee\\\/fi\\\/toode\\\/astinlaudat-ns005-superstar-chrome\\\/\",\"url\":\"https:\\\/\\\/www.castrum.ee\\\/fi\\\/toode\\\/astinlaudat-ns005-superstar-chrome\\\/\",\"name\":\"Astinlaudat NS005 Superstar Chrome | Castrum\",\"isPartOf\":{\"@id\":\"https:\\\/\\\/www.castrum.ee\\\/fi\\\/#website\"},\"primaryImageOfPage\":{\"@id\":\"https:\\\/\\\/www.castrum.ee\\\/fi\\\/toode\\\/astinlaudat-ns005-superstar-chrome\\\/#primaryimage\"},\"image\":{\"@id\":\"https:\\\/\\\/www.castrum.ee\\\/fi\\\/toode\\\/astinlaudat-ns005-superstar-chrome\\\/#primaryimage\"},\"thumbnailUrl\":\"https:\\\/\\\/www.castrum.ee\\\/wp-content\\\/uploads\\\/2025\\\/07\\\/C846370A-3D24-4E0A-AA57-61D345F64DEB-scaled-1.jpeg\",\"datePublished\":\"2025-07-29T07:01:40+00:00\",\"dateModified\":\"2026-05-11T11:27:02+00:00\",\"description\":\"Astinlaudat NS005 Superstar Chrome \u2013 Kylkiputket ja astinlaudat maastoautoihin ja lava-autoihin. Korkealaatuinen lis\u00e4varustus ajoneuvoille.\",\"breadcrumb\":{\"@id\":\"https:\\\/\\\/www.castrum.ee\\\/fi\\\/toode\\\/astinlaudat-ns005-superstar-chrome\\\/#breadcrumb\"},\"inLanguage\":\"fi\",\"potentialAction\":[{\"@type\":\"ReadAction\",\"target\":[\"https:\\\/\\\/www.castrum.ee\\\/fi\\\/toode\\\/astinlaudat-ns005-superstar-chrome\\\/\"]}]},{\"@type\":\"ImageObject\",\"inLanguage\":\"fi\",\"@id\":\"https:\\\/\\\/www.castrum.ee\\\/fi\\\/toode\\\/astinlaudat-ns005-superstar-chrome\\\/#primaryimage\",\"url\":\"https:\\\/\\\/www.castrum.ee\\\/wp-content\\\/uploads\\\/2025\\\/07\\\/C846370A-3D24-4E0A-AA57-61D345F64DEB-scaled-1.jpeg\",\"contentUrl\":\"https:\\\/\\\/www.castrum.ee\\\/wp-content\\\/uploads\\\/2025\\\/07\\\/C846370A-3D24-4E0A-AA57-61D345F64DEB-scaled-1.jpeg\",\"width\":1440,\"height\":1080},{\"@type\":\"BreadcrumbList\",\"@id\":\"https:\\\/\\\/www.castrum.ee\\\/fi\\\/toode\\\/astinlaudat-ns005-superstar-chrome\\\/#breadcrumb\",\"itemListElement\":[{\"@type\":\"ListItem\",\"position\":1,\"name\":\"Home\",\"item\":\"https:\\\/\\\/www.castrum.ee\\\/fi\\\/kotisivu\\\/\"},{\"@type\":\"ListItem\",\"position\":2,\"name\":\"Verkkokauppa\",\"item\":\"https:\\\/\\\/www.castrum.ee\\\/fi\\\/kauppa\\\/\"},{\"@type\":\"ListItem\",\"position\":3,\"name\":\"Astinlaudat NS005 Superstar Chrome\"}]},{\"@type\":\"WebSite\",\"@id\":\"https:\\\/\\\/www.castrum.ee\\\/fi\\\/#website\",\"url\":\"https:\\\/\\\/www.castrum.ee\\\/fi\\\/\",\"name\":\"Castrum\",\"description\":\"Maastoautojen, henkil\u00f6autojen ja pienvaunujen lis\u00e4varusteet\",\"publisher\":{\"@id\":\"https:\\\/\\\/www.castrum.ee\\\/fi\\\/#organization\"},\"potentialAction\":[{\"@type\":\"SearchAction\",\"target\":{\"@type\":\"EntryPoint\",\"urlTemplate\":\"https:\\\/\\\/www.castrum.ee\\\/fi\\\/?s={search_term_string}\"},\"query-input\":{\"@type\":\"PropertyValueSpecification\",\"valueRequired\":true,\"valueName\":\"search_term_string\"}}],\"inLanguage\":\"fi\"},{\"@type\":\"Organization\",\"@id\":\"https:\\\/\\\/www.castrum.ee\\\/fi\\\/#organization\",\"name\":\"Castrum Grupp O\u00dc\",\"url\":\"https:\\\/\\\/www.castrum.ee\\\/fi\\\/\",\"logo\":{\"@type\":\"ImageObject\",\"inLanguage\":\"fi\",\"@id\":\"https:\\\/\\\/www.castrum.ee\\\/fi\\\/#\\\/schema\\\/logo\\\/image\\\/\",\"url\":\"https:\\\/\\\/www.castrum.ee\\\/wp-content\\\/uploads\\\/2025\\\/03\\\/Castrum-logo-500.png\",\"contentUrl\":\"https:\\\/\\\/www.castrum.ee\\\/wp-content\\\/uploads\\\/2025\\\/03\\\/Castrum-logo-500.png\",\"width\":500,\"height\":250,\"caption\":\"Castrum Grupp O\u00dc\"},\"image\":{\"@id\":\"https:\\\/\\\/www.castrum.ee\\\/fi\\\/#\\\/schema\\\/logo\\\/image\\\/\"},\"sameAs\":[\"https:\\\/\\\/www.facebook.com\\\/castrum.ee\"]}]}<\/script>\n<!-- \/ Yoast SEO plugin. -->","yoast_head_json":{"title":"Astinlaudat NS005 Superstar Chrome | Castrum","description":"Astinlaudat NS005 Superstar Chrome \u2013 Kylkiputket ja astinlaudat maastoautoihin ja lava-autoihin. Korkealaatuinen lis\u00e4varustus ajoneuvoille.","robots":{"index":"index","follow":"follow","max-snippet":"max-snippet:-1","max-image-preview":"max-image-preview:large","max-video-preview":"max-video-preview:-1"},"canonical":"https:\/\/www.castrum.ee\/fi\/toode\/astinlaudat-ns005-superstar-chrome\/","og_locale":"fi_FI","og_type":"article","og_title":"Astinlaudat NS005 Superstar Chrome | Castrum","og_description":"Astinlaudat NS005 Superstar Chrome \u2013 Kylkiputket ja astinlaudat maastoautoihin ja lava-autoihin. Korkealaatuinen lis\u00e4varustus ajoneuvoille.","og_url":"https:\/\/www.castrum.ee\/fi\/toode\/astinlaudat-ns005-superstar-chrome\/","og_site_name":"Castrum","article_publisher":"https:\/\/www.facebook.com\/castrum.ee","article_modified_time":"2026-05-11T11:27:02+00:00","og_image":[{"width":1440,"height":1080,"url":"https:\/\/www.castrum.ee\/wp-content\/uploads\/2025\/07\/C846370A-3D24-4E0A-AA57-61D345F64DEB-scaled-1.jpeg","type":"image\/jpeg"}],"twitter_card":"summary_large_image","twitter_misc":{"Arvioitu lukuaika":"1 minuutti"},"schema":{"@context":"https:\/\/schema.org","@graph":[{"@type":"WebPage","@id":"https:\/\/www.castrum.ee\/fi\/toode\/astinlaudat-ns005-superstar-chrome\/","url":"https:\/\/www.castrum.ee\/fi\/toode\/astinlaudat-ns005-superstar-chrome\/","name":"Astinlaudat NS005 Superstar Chrome | Castrum","isPartOf":{"@id":"https:\/\/www.castrum.ee\/fi\/#website"},"primaryImageOfPage":{"@id":"https:\/\/www.castrum.ee\/fi\/toode\/astinlaudat-ns005-superstar-chrome\/#primaryimage"},"image":{"@id":"https:\/\/www.castrum.ee\/fi\/toode\/astinlaudat-ns005-superstar-chrome\/#primaryimage"},"thumbnailUrl":"https:\/\/www.castrum.ee\/wp-content\/uploads\/2025\/07\/C846370A-3D24-4E0A-AA57-61D345F64DEB-scaled-1.jpeg","datePublished":"2025-07-29T07:01:40+00:00","dateModified":"2026-05-11T11:27:02+00:00","description":"Astinlaudat NS005 Superstar Chrome \u2013 Kylkiputket ja astinlaudat maastoautoihin ja lava-autoihin. Korkealaatuinen lis\u00e4varustus ajoneuvoille.","breadcrumb":{"@id":"https:\/\/www.castrum.ee\/fi\/toode\/astinlaudat-ns005-superstar-chrome\/#breadcrumb"},"inLanguage":"fi","potentialAction":[{"@type":"ReadAction","target":["https:\/\/www.castrum.ee\/fi\/toode\/astinlaudat-ns005-superstar-chrome\/"]}]},{"@type":"ImageObject","inLanguage":"fi","@id":"https:\/\/www.castrum.ee\/fi\/toode\/astinlaudat-ns005-superstar-chrome\/#primaryimage","url":"https:\/\/www.castrum.ee\/wp-content\/uploads\/2025\/07\/C846370A-3D24-4E0A-AA57-61D345F64DEB-scaled-1.jpeg","contentUrl":"https:\/\/www.castrum.ee\/wp-content\/uploads\/2025\/07\/C846370A-3D24-4E0A-AA57-61D345F64DEB-scaled-1.jpeg","width":1440,"height":1080},{"@type":"BreadcrumbList","@id":"https:\/\/www.castrum.ee\/fi\/toode\/astinlaudat-ns005-superstar-chrome\/#breadcrumb","itemListElement":[{"@type":"ListItem","position":1,"name":"Home","item":"https:\/\/www.castrum.ee\/fi\/kotisivu\/"},{"@type":"ListItem","position":2,"name":"Verkkokauppa","item":"https:\/\/www.castrum.ee\/fi\/kauppa\/"},{"@type":"ListItem","position":3,"name":"Astinlaudat NS005 Superstar Chrome"}]},{"@type":"WebSite","@id":"https:\/\/www.castrum.ee\/fi\/#website","url":"https:\/\/www.castrum.ee\/fi\/","name":"Castrum","description":"Maastoautojen, henkil\u00f6autojen ja pienvaunujen lis\u00e4varusteet","publisher":{"@id":"https:\/\/www.castrum.ee\/fi\/#organization"},"potentialAction":[{"@type":"SearchAction","target":{"@type":"EntryPoint","urlTemplate":"https:\/\/www.castrum.ee\/fi\/?s={search_term_string}"},"query-input":{"@type":"PropertyValueSpecification","valueRequired":true,"valueName":"search_term_string"}}],"inLanguage":"fi"},{"@type":"Organization","@id":"https:\/\/www.castrum.ee\/fi\/#organization","name":"Castrum Grupp O\u00dc","url":"https:\/\/www.castrum.ee\/fi\/","logo":{"@type":"ImageObject","inLanguage":"fi","@id":"https:\/\/www.castrum.ee\/fi\/#\/schema\/logo\/image\/","url":"https:\/\/www.castrum.ee\/wp-content\/uploads\/2025\/03\/Castrum-logo-500.png","contentUrl":"https:\/\/www.castrum.ee\/wp-content\/uploads\/2025\/03\/Castrum-logo-500.png","width":500,"height":250,"caption":"Castrum Grupp O\u00dc"},"image":{"@id":"https:\/\/www.castrum.ee\/fi\/#\/schema\/logo\/image\/"},"sameAs":["https:\/\/www.facebook.com\/castrum.ee"]}]}},"_links":{"self":[{"href":"https:\/\/www.castrum.ee\/fi\/wp-json\/wp\/v2\/product\/80899","targetHints":{"allow":["GET"]}}],"collection":[{"href":"https:\/\/www.castrum.ee\/fi\/wp-json\/wp\/v2\/product"}],"about":[{"href":"https:\/\/www.castrum.ee\/fi\/wp-json\/wp\/v2\/types\/product"}],"wp:featuredmedia":[{"embeddable":true,"href":"https:\/\/www.castrum.ee\/fi\/wp-json\/wp\/v2\/media\/6149"}],"wp:attachment":[{"href":"https:\/\/www.castrum.ee\/fi\/wp-json\/wp\/v2\/media?parent=80899"}],"wp:term":[{"taxonomy":"mark-ja-mudel","embeddable":true,"href":"https:\/\/www.castrum.ee\/fi\/wp-json\/wp\/v2\/mark-ja-mudel?post=80899"},{"taxonomy":"product_brand","embeddable":true,"href":"https:\/\/www.castrum.ee\/fi\/wp-json\/wp\/v2\/product_brand?post=80899"},{"taxonomy":"product_cat","embeddable":true,"href":"https:\/\/www.castrum.ee\/fi\/wp-json\/wp\/v2\/product_cat?post=80899"},{"taxonomy":"product_tag","embeddable":true,"href":"https:\/\/www.castrum.ee\/fi\/wp-json\/wp\/v2\/product_tag?post=80899"}],"curies":[{"name":"wp","href":"https:\/\/api.w.org\/{rel}","templated":true}]}}