{"id":80900,"date":"2025-07-29T06:21:32","date_gmt":"2025-07-29T06:21:32","guid":{"rendered":"https:\/\/www.castrum.ee\/toode\/astinlaudat-ns001-newstar-grey-akselivaeli-valikko-hjalt8\/"},"modified":"2026-05-11T14:27:26","modified_gmt":"2026-05-11T11:27:26","slug":"astinlaudat-ns001-newstar-grey-akselivaeli-valikko","status":"publish","type":"product","link":"https:\/\/www.castrum.ee\/fi\/toode\/astinlaudat-ns001-newstar-grey-akselivaeli-valikko\/","title":{"rendered":"Astinlaudat NS001 Newstar Grey | Akseliv\u00e4li valikko"},"content":{"rendered":"<p><strong>Miksi valita juuri n\u00e4m\u00e4 astinlaudat:<\/strong><\/p>\n<ul>\n<li>Tarjoavat lis\u00e4suojaa ajoneuvollesi.<\/li>\n<li>Sopivat ajoneuvoon kuten OEM-lis\u00e4varuste.<\/li>\n<li>Helppo asentaa \/ Plug and play.<\/li>\n<\/ul>\n<p><strong>Paketti sis\u00e4lt\u00e4\u00e4:<\/strong><\/p>\n<ul>\n<li>Yhden parin astinlautoja (vasen ja oikea).<\/li>\n<li>Asennukseen tarvittavat kiinnitysv\u00e4lineet.<\/li>\n<li>Asennusohjeita.<\/li>\n<\/ul>\n<p><strong>Helppo asentaa:<\/strong><br \/>\nAstinlattojen asentaminen on eritt\u00e4in helppoa, koska pakettiin sis\u00e4ltyy sek\u00e4 asennusohje ett\u00e4 tarvittavat osat. T\u00e4m\u00e4 eliminoi tarpeen ajoneuvon lis\u00e4muutoksille. Astinlaudat asennetaan ajoneuvon rungon tai korin olemassa oleville kiinnityskohdille.<\/p>\n<p><strong>Lis\u00e4suoja ajoneuvon korille:<\/strong><br \/>\nAstinlaudat tarjoavat suojaa oville ja sivupaneeleille kivityksilt\u00e4, asfaltin sirpaleilta ja ahtaissa paikoissa muiden autojen ovista aiheutuvilta vahingoilta. T\u00e4m\u00e4 on erityisen t\u00e4rke\u00e4\u00e4 sora- ja maantieill\u00e4. Samoin astinlaudat suojaavat suuremmista kivi\u00e4st ja py\u00f6rien heitt\u00e4mist\u00e4 esineist\u00e4.<\/p>\n<p>Lis\u00e4ksi astinlaudat on varustettu liukkauden vastaisella tekniikalla, joka parantaa pit\u00e4vyytt\u00e4 ja voi est\u00e4\u00e4 onnettomuuksia tilanteissa, joissa jalkineiden pohjoilla on likaa, lunta, \u00f6ljy\u00e4 jne. Samoin se auttaa suojaamaan ajoneuvon lattiamatot.<\/p>\n<p><strong>T\u00e4rke\u00e4 tieto:<\/strong><\/p>\n<ul>\n<li>Joissakin ajoneuvoissa voi olla muovisia tulppia, jotka peitt\u00e4v\u00e4t kiinnitysreiki\u00e4 ja jotka on poistettava ennen sivupanelien asentamista.<\/li>\n<li>\u00c4l\u00e4 k\u00e4yt\u00e4 metalliosan puhdistukseen autojen pesuaineita, jotka sis\u00e4lt\u00e4v\u00e4t TFR- (Traffic Film Remover) kemikaaleja, koska n\u00e4m\u00e4 voivat aiheuttaa korroosiota. Puhdistus n\u00e4ill\u00e4 liuoksilla voi mit\u00e4t\u00f6id\u00e4 takuun.<\/li>\n<li>Suosittelemme eritt\u00e4in vahvasti tarkistamaan ruuvit ja kiinnitysyksityiskohdat 7 p\u00e4iv\u00e4n kuluttua ensimm\u00e4isest\u00e4 asennuksesta varmistaakseen, ett\u00e4 ne ovat kunnolla kiinnitetyt. Turvallisuuden vuoksi kaikki osat tulisi tarkastaa joka 3\u20136 kuukaudessa.<\/li>\n<\/ul>\n<p><strong>ARP br\u00e4ndist\u00e4:<\/strong><br \/>\nARP on t\u00e4rke\u00e4 toimija autosissa ja autojen lis\u00e4varusteiden teollisuudessa, joka tarjoaa varaosia ja tarvikkeita 4\u00d74 maastoautoille, lava-autoille, henkil\u00f6autoille, hy\u00f6tyajoneuvoille ja kaupallisille ajoneuvoille, mukaan lukien sek\u00e4 vanhemmat ett\u00e4 uudemmat mallit. Castrum on ARP-tuotteiden virallinen j\u00e4lleenmyyj\u00e4 Suomessa.<\/p>\n","protected":false},"excerpt":{"rendered":"<p>Anodoidut alumiini astinlaudat muovip\u00e4\u00e4llystettyn\u00e4. Paketti sis\u00e4lt\u00e4\u00e4 kaiken mit\u00e4 tarvitset asennukseen.<\/p>\n","protected":false},"featured_media":5976,"template":"","meta":{"_acf_changed":false},"mark-ja-mudel":[],"product_brand":[2097,1318,1282,1317,1290,1281,1557,1280,1558,1275],"product_cat":[1067,1066],"product_tag":[],"class_list":{"0":"post-80900","1":"product","2":"type-product","3":"status-publish","4":"has-post-thumbnail","6":"product_brand-arp-fi","7":"product_brand-expert","8":"product_brand-mercedes-benz","9":"product_brand-peugeot","10":"product_brand-sprinter","11":"product_brand-t5","12":"product_brand-t5-1","13":"product_brand-t6","14":"product_brand-t6-1","15":"product_brand-volkswagen","16":"product_cat-astinlaudat","17":"product_cat-astinlaudat-ja-sivusuojat","18":"product_shipping_class-tukku","20":"first","21":"instock","22":"taxable","23":"shipping-taxable","24":"purchasable","25":"product-type-variable"},"bundled_by":[],"bundle_stock_status":"instock","bundle_stock_quantity":null,"bundle_virtual":false,"bundle_layout":"","bundle_add_to_cart_form_location":"","bundle_editable_in_cart":false,"bundle_sold_individually_context":"","bundle_item_grouping":"","bundle_min_size":"","bundle_max_size":"","bundle_price":[],"bundled_items":[],"bundle_sell_ids":[],"acf":[],"yoast_head":"<!-- This site is optimized with the Yoast SEO plugin v27.5 - https:\/\/yoast.com\/product\/yoast-seo-wordpress\/ -->\n<title>Astinlaudat NS001 Newstar Grey | Akseliv\u00e4li valikko | Castrum<\/title>\n<meta name=\"description\" content=\"Astinlaudat NS001 Newstar Grey akseliv\u00e4lill\u00e4. Kylkiputket ja astinlaudat maastoautoihin, lava-autoihin ja pakettiautohiin. Alumiini lis\u00e4varusteet.\" \/>\n<meta name=\"robots\" content=\"index, follow, max-snippet:-1, max-image-preview:large, max-video-preview:-1\" \/>\n<link rel=\"canonical\" href=\"https:\/\/www.castrum.ee\/fi\/toode\/astinlaudat-ns001-newstar-grey-akselivaeli-valikko\/\" \/>\n<meta property=\"og:locale\" content=\"fi_FI\" \/>\n<meta property=\"og:type\" content=\"article\" \/>\n<meta property=\"og:title\" content=\"Astinlaudat NS001 Newstar Grey | Akseliv\u00e4li valikko | Castrum\" \/>\n<meta property=\"og:description\" content=\"Astinlaudat NS001 Newstar Grey akseliv\u00e4lill\u00e4. Kylkiputket ja astinlaudat maastoautoihin, lava-autoihin ja pakettiautohiin. Alumiini lis\u00e4varusteet.\" \/>\n<meta property=\"og:url\" content=\"https:\/\/www.castrum.ee\/fi\/toode\/astinlaudat-ns001-newstar-grey-akselivaeli-valikko\/\" \/>\n<meta property=\"og:site_name\" content=\"Castrum\" \/>\n<meta property=\"article:publisher\" content=\"https:\/\/www.facebook.com\/castrum.ee\" \/>\n<meta property=\"article:modified_time\" content=\"2026-05-11T11:27:26+00:00\" \/>\n<meta property=\"og:image\" content=\"https:\/\/www.castrum.ee\/wp-content\/uploads\/2025\/07\/final-121.jpg\" \/>\n\t<meta property=\"og:image:width\" content=\"992\" \/>\n\t<meta property=\"og:image:height\" content=\"600\" \/>\n\t<meta property=\"og:image:type\" content=\"image\/jpeg\" \/>\n<meta name=\"twitter:card\" content=\"summary_large_image\" \/>\n<meta name=\"twitter:label1\" content=\"Arvioitu lukuaika\" \/>\n\t<meta name=\"twitter:data1\" content=\"1 minuutti\" \/>\n<script type=\"application\/ld+json\" class=\"yoast-schema-graph\">{\"@context\":\"https:\\\/\\\/schema.org\",\"@graph\":[{\"@type\":\"WebPage\",\"@id\":\"https:\\\/\\\/www.castrum.ee\\\/fi\\\/toode\\\/astinlaudat-ns001-newstar-grey-akselivaeli-valikko\\\/\",\"url\":\"https:\\\/\\\/www.castrum.ee\\\/fi\\\/toode\\\/astinlaudat-ns001-newstar-grey-akselivaeli-valikko\\\/\",\"name\":\"Astinlaudat NS001 Newstar Grey | Akseliv\u00e4li valikko | Castrum\",\"isPartOf\":{\"@id\":\"https:\\\/\\\/www.castrum.ee\\\/fi\\\/#website\"},\"primaryImageOfPage\":{\"@id\":\"https:\\\/\\\/www.castrum.ee\\\/fi\\\/toode\\\/astinlaudat-ns001-newstar-grey-akselivaeli-valikko\\\/#primaryimage\"},\"image\":{\"@id\":\"https:\\\/\\\/www.castrum.ee\\\/fi\\\/toode\\\/astinlaudat-ns001-newstar-grey-akselivaeli-valikko\\\/#primaryimage\"},\"thumbnailUrl\":\"https:\\\/\\\/www.castrum.ee\\\/wp-content\\\/uploads\\\/2025\\\/07\\\/final-121.jpg\",\"datePublished\":\"2025-07-29T06:21:32+00:00\",\"dateModified\":\"2026-05-11T11:27:26+00:00\",\"description\":\"Astinlaudat NS001 Newstar Grey akseliv\u00e4lill\u00e4. Kylkiputket ja astinlaudat maastoautoihin, lava-autoihin ja pakettiautohiin. Alumiini lis\u00e4varusteet.\",\"breadcrumb\":{\"@id\":\"https:\\\/\\\/www.castrum.ee\\\/fi\\\/toode\\\/astinlaudat-ns001-newstar-grey-akselivaeli-valikko\\\/#breadcrumb\"},\"inLanguage\":\"fi\",\"potentialAction\":[{\"@type\":\"ReadAction\",\"target\":[\"https:\\\/\\\/www.castrum.ee\\\/fi\\\/toode\\\/astinlaudat-ns001-newstar-grey-akselivaeli-valikko\\\/\"]}]},{\"@type\":\"ImageObject\",\"inLanguage\":\"fi\",\"@id\":\"https:\\\/\\\/www.castrum.ee\\\/fi\\\/toode\\\/astinlaudat-ns001-newstar-grey-akselivaeli-valikko\\\/#primaryimage\",\"url\":\"https:\\\/\\\/www.castrum.ee\\\/wp-content\\\/uploads\\\/2025\\\/07\\\/final-121.jpg\",\"contentUrl\":\"https:\\\/\\\/www.castrum.ee\\\/wp-content\\\/uploads\\\/2025\\\/07\\\/final-121.jpg\",\"width\":992,\"height\":600},{\"@type\":\"BreadcrumbList\",\"@id\":\"https:\\\/\\\/www.castrum.ee\\\/fi\\\/toode\\\/astinlaudat-ns001-newstar-grey-akselivaeli-valikko\\\/#breadcrumb\",\"itemListElement\":[{\"@type\":\"ListItem\",\"position\":1,\"name\":\"Home\",\"item\":\"https:\\\/\\\/www.castrum.ee\\\/fi\\\/kotisivu\\\/\"},{\"@type\":\"ListItem\",\"position\":2,\"name\":\"Verkkokauppa\",\"item\":\"https:\\\/\\\/www.castrum.ee\\\/fi\\\/kauppa\\\/\"},{\"@type\":\"ListItem\",\"position\":3,\"name\":\"Astinlaudat NS001 Newstar Grey | Akseliv\u00e4li valikko\"}]},{\"@type\":\"WebSite\",\"@id\":\"https:\\\/\\\/www.castrum.ee\\\/fi\\\/#website\",\"url\":\"https:\\\/\\\/www.castrum.ee\\\/fi\\\/\",\"name\":\"Castrum\",\"description\":\"Maastoautojen, henkil\u00f6autojen ja pienvaunujen lis\u00e4varusteet\",\"publisher\":{\"@id\":\"https:\\\/\\\/www.castrum.ee\\\/fi\\\/#organization\"},\"potentialAction\":[{\"@type\":\"SearchAction\",\"target\":{\"@type\":\"EntryPoint\",\"urlTemplate\":\"https:\\\/\\\/www.castrum.ee\\\/fi\\\/?s={search_term_string}\"},\"query-input\":{\"@type\":\"PropertyValueSpecification\",\"valueRequired\":true,\"valueName\":\"search_term_string\"}}],\"inLanguage\":\"fi\"},{\"@type\":\"Organization\",\"@id\":\"https:\\\/\\\/www.castrum.ee\\\/fi\\\/#organization\",\"name\":\"Castrum Grupp O\u00dc\",\"url\":\"https:\\\/\\\/www.castrum.ee\\\/fi\\\/\",\"logo\":{\"@type\":\"ImageObject\",\"inLanguage\":\"fi\",\"@id\":\"https:\\\/\\\/www.castrum.ee\\\/fi\\\/#\\\/schema\\\/logo\\\/image\\\/\",\"url\":\"https:\\\/\\\/www.castrum.ee\\\/wp-content\\\/uploads\\\/2025\\\/03\\\/Castrum-logo-500.png\",\"contentUrl\":\"https:\\\/\\\/www.castrum.ee\\\/wp-content\\\/uploads\\\/2025\\\/03\\\/Castrum-logo-500.png\",\"width\":500,\"height\":250,\"caption\":\"Castrum Grupp O\u00dc\"},\"image\":{\"@id\":\"https:\\\/\\\/www.castrum.ee\\\/fi\\\/#\\\/schema\\\/logo\\\/image\\\/\"},\"sameAs\":[\"https:\\\/\\\/www.facebook.com\\\/castrum.ee\"]}]}<\/script>\n<!-- \/ Yoast SEO plugin. -->","yoast_head_json":{"title":"Astinlaudat NS001 Newstar Grey | Akseliv\u00e4li valikko | Castrum","description":"Astinlaudat NS001 Newstar Grey akseliv\u00e4lill\u00e4. Kylkiputket ja astinlaudat maastoautoihin, lava-autoihin ja pakettiautohiin. Alumiini lis\u00e4varusteet.","robots":{"index":"index","follow":"follow","max-snippet":"max-snippet:-1","max-image-preview":"max-image-preview:large","max-video-preview":"max-video-preview:-1"},"canonical":"https:\/\/www.castrum.ee\/fi\/toode\/astinlaudat-ns001-newstar-grey-akselivaeli-valikko\/","og_locale":"fi_FI","og_type":"article","og_title":"Astinlaudat NS001 Newstar Grey | Akseliv\u00e4li valikko | Castrum","og_description":"Astinlaudat NS001 Newstar Grey akseliv\u00e4lill\u00e4. Kylkiputket ja astinlaudat maastoautoihin, lava-autoihin ja pakettiautohiin. Alumiini lis\u00e4varusteet.","og_url":"https:\/\/www.castrum.ee\/fi\/toode\/astinlaudat-ns001-newstar-grey-akselivaeli-valikko\/","og_site_name":"Castrum","article_publisher":"https:\/\/www.facebook.com\/castrum.ee","article_modified_time":"2026-05-11T11:27:26+00:00","og_image":[{"width":992,"height":600,"url":"https:\/\/www.castrum.ee\/wp-content\/uploads\/2025\/07\/final-121.jpg","type":"image\/jpeg"}],"twitter_card":"summary_large_image","twitter_misc":{"Arvioitu lukuaika":"1 minuutti"},"schema":{"@context":"https:\/\/schema.org","@graph":[{"@type":"WebPage","@id":"https:\/\/www.castrum.ee\/fi\/toode\/astinlaudat-ns001-newstar-grey-akselivaeli-valikko\/","url":"https:\/\/www.castrum.ee\/fi\/toode\/astinlaudat-ns001-newstar-grey-akselivaeli-valikko\/","name":"Astinlaudat NS001 Newstar Grey | Akseliv\u00e4li valikko | Castrum","isPartOf":{"@id":"https:\/\/www.castrum.ee\/fi\/#website"},"primaryImageOfPage":{"@id":"https:\/\/www.castrum.ee\/fi\/toode\/astinlaudat-ns001-newstar-grey-akselivaeli-valikko\/#primaryimage"},"image":{"@id":"https:\/\/www.castrum.ee\/fi\/toode\/astinlaudat-ns001-newstar-grey-akselivaeli-valikko\/#primaryimage"},"thumbnailUrl":"https:\/\/www.castrum.ee\/wp-content\/uploads\/2025\/07\/final-121.jpg","datePublished":"2025-07-29T06:21:32+00:00","dateModified":"2026-05-11T11:27:26+00:00","description":"Astinlaudat NS001 Newstar Grey akseliv\u00e4lill\u00e4. Kylkiputket ja astinlaudat maastoautoihin, lava-autoihin ja pakettiautohiin. Alumiini lis\u00e4varusteet.","breadcrumb":{"@id":"https:\/\/www.castrum.ee\/fi\/toode\/astinlaudat-ns001-newstar-grey-akselivaeli-valikko\/#breadcrumb"},"inLanguage":"fi","potentialAction":[{"@type":"ReadAction","target":["https:\/\/www.castrum.ee\/fi\/toode\/astinlaudat-ns001-newstar-grey-akselivaeli-valikko\/"]}]},{"@type":"ImageObject","inLanguage":"fi","@id":"https:\/\/www.castrum.ee\/fi\/toode\/astinlaudat-ns001-newstar-grey-akselivaeli-valikko\/#primaryimage","url":"https:\/\/www.castrum.ee\/wp-content\/uploads\/2025\/07\/final-121.jpg","contentUrl":"https:\/\/www.castrum.ee\/wp-content\/uploads\/2025\/07\/final-121.jpg","width":992,"height":600},{"@type":"BreadcrumbList","@id":"https:\/\/www.castrum.ee\/fi\/toode\/astinlaudat-ns001-newstar-grey-akselivaeli-valikko\/#breadcrumb","itemListElement":[{"@type":"ListItem","position":1,"name":"Home","item":"https:\/\/www.castrum.ee\/fi\/kotisivu\/"},{"@type":"ListItem","position":2,"name":"Verkkokauppa","item":"https:\/\/www.castrum.ee\/fi\/kauppa\/"},{"@type":"ListItem","position":3,"name":"Astinlaudat NS001 Newstar Grey | Akseliv\u00e4li valikko"}]},{"@type":"WebSite","@id":"https:\/\/www.castrum.ee\/fi\/#website","url":"https:\/\/www.castrum.ee\/fi\/","name":"Castrum","description":"Maastoautojen, henkil\u00f6autojen ja pienvaunujen lis\u00e4varusteet","publisher":{"@id":"https:\/\/www.castrum.ee\/fi\/#organization"},"potentialAction":[{"@type":"SearchAction","target":{"@type":"EntryPoint","urlTemplate":"https:\/\/www.castrum.ee\/fi\/?s={search_term_string}"},"query-input":{"@type":"PropertyValueSpecification","valueRequired":true,"valueName":"search_term_string"}}],"inLanguage":"fi"},{"@type":"Organization","@id":"https:\/\/www.castrum.ee\/fi\/#organization","name":"Castrum Grupp O\u00dc","url":"https:\/\/www.castrum.ee\/fi\/","logo":{"@type":"ImageObject","inLanguage":"fi","@id":"https:\/\/www.castrum.ee\/fi\/#\/schema\/logo\/image\/","url":"https:\/\/www.castrum.ee\/wp-content\/uploads\/2025\/03\/Castrum-logo-500.png","contentUrl":"https:\/\/www.castrum.ee\/wp-content\/uploads\/2025\/03\/Castrum-logo-500.png","width":500,"height":250,"caption":"Castrum Grupp O\u00dc"},"image":{"@id":"https:\/\/www.castrum.ee\/fi\/#\/schema\/logo\/image\/"},"sameAs":["https:\/\/www.facebook.com\/castrum.ee"]}]}},"_links":{"self":[{"href":"https:\/\/www.castrum.ee\/fi\/wp-json\/wp\/v2\/product\/80900","targetHints":{"allow":["GET"]}}],"collection":[{"href":"https:\/\/www.castrum.ee\/fi\/wp-json\/wp\/v2\/product"}],"about":[{"href":"https:\/\/www.castrum.ee\/fi\/wp-json\/wp\/v2\/types\/product"}],"wp:featuredmedia":[{"embeddable":true,"href":"https:\/\/www.castrum.ee\/fi\/wp-json\/wp\/v2\/media\/5976"}],"wp:attachment":[{"href":"https:\/\/www.castrum.ee\/fi\/wp-json\/wp\/v2\/media?parent=80900"}],"wp:term":[{"taxonomy":"mark-ja-mudel","embeddable":true,"href":"https:\/\/www.castrum.ee\/fi\/wp-json\/wp\/v2\/mark-ja-mudel?post=80900"},{"taxonomy":"product_brand","embeddable":true,"href":"https:\/\/www.castrum.ee\/fi\/wp-json\/wp\/v2\/product_brand?post=80900"},{"taxonomy":"product_cat","embeddable":true,"href":"https:\/\/www.castrum.ee\/fi\/wp-json\/wp\/v2\/product_cat?post=80900"},{"taxonomy":"product_tag","embeddable":true,"href":"https:\/\/www.castrum.ee\/fi\/wp-json\/wp\/v2\/product_tag?post=80900"}],"curies":[{"name":"wp","href":"https:\/\/api.w.org\/{rel}","templated":true}]}}