{"id":80901,"date":"2025-07-29T06:21:32","date_gmt":"2025-07-29T06:21:32","guid":{"rendered":"https:\/\/www.castrum.ee\/toode\/astinlaudat-ns001-newstar-grey-cnoq6f\/"},"modified":"2026-05-11T14:27:21","modified_gmt":"2026-05-11T11:27:21","slug":"astinlaudat-ns001-newstar-grey","status":"publish","type":"product","link":"https:\/\/www.castrum.ee\/fi\/toode\/astinlaudat-ns001-newstar-grey\/","title":{"rendered":"Astinlaudat NS001 Newstar Grey"},"content":{"rendered":"<p><strong>Miksi valita juuri n\u00e4m\u00e4 astinlaudat:<\/strong><\/p>\n<ul>\n<li>Tarjoavat lis\u00e4suojaa ajoneuvollesi.<\/li>\n<li>Sopivat ajoneuvoon kuin OEM-lis\u00e4varustus<\/li>\n<li>Helppo asentaa \/ Plug and play.<\/li>\n<\/ul>\n<p><strong>Sarja sis\u00e4lt\u00f6:<\/strong><\/p>\n<ul>\n<li>Yhden parin astinlautoja (vasen ja oikea).<\/li>\n<li>Asennukseen tarvittavat kiinnitysv\u00e4lineet.<\/li>\n<li>Asennusohjeet.<\/li>\n<\/ul>\n<p><strong>Helppo asentaa:<\/strong><br \/>\nAstinlauttojen asennus on eritt\u00e4in helppoa, koska sarjassa on mukana sek\u00e4 asennusohje ett\u00e4 tarvittavat osat. T\u00e4m\u00e4 poistaa tarpeen ajoneuvon lis\u00e4muutoksille. Astinlaudat asennetaan olemassa oleviin kiinnityspaikoihin ajoneuvon rungolle tai korikolle.<\/p>\n<p><strong>Lis\u00e4suoja ajoneuvon korikolle:<\/strong><br \/>\nAstinlaudat tarjoavat suojaa ovelle ja sivupaneeleille kivist\u00e4, asfaltin paloista sek\u00e4 ahtaissa paikoissa muiden autojen ovien aiheuttamista vahingoista. T\u00e4m\u00e4 on erityisen t\u00e4rke\u00e4\u00e4 sora- ja maantieilla. Samoin astinlaudat suojaavat suuremmista kivi\u00e4 ja py\u00f6rist\u00e4 heitettyjen esineiden edess\u00e4.<\/p>\n<p>Lis\u00e4ksi astinlaudat on varustettu liukuestolla, joka parantaa pit\u00e4vyytt\u00e4 ja voi est\u00e4\u00e4 onnettomuuksia tilanteissa, joissa jalkineissa on likaa, lunta, \u00f6ljy\u00e4 jne. Samalla se auttaa suojelemaan ajoneuvon lattiamattoeja.<\/p>\n<p><strong>T\u00e4rke\u00e4\u00e4 tietoa:<\/strong><\/p>\n<ul>\n<li>Joissain ajoneuvoissa saattaa olla muovia korkkeja kiinnitysten reikien peitt\u00e4miseksi, jotka on poistettava ennen sivuputkien asennusta.<\/li>\n<li>\u00c4l\u00e4 k\u00e4yt\u00e4 metallisten lis\u00e4tarvikkeiden puhdistukseen autojen puhdistusaineita, jotka sis\u00e4lt\u00e4v\u00e4t TFR- (Traffic Film Remover) kemikaaleja, koska n\u00e4m\u00e4 voivat aiheuttaa korroosion. Puhdistus n\u00e4ill\u00e4 liuoksilla voi mit\u00e4t\u00f6id\u00e4 takuun.<\/li>\n<li>Suosittelemme voimakkaasti tarkistamaan ruuveja ja kiinnitysdetaljeja 7 p\u00e4iv\u00e4\u00e4 ensimm\u00e4isen asennuksen j\u00e4lkeen, jotta varmistutaan, ett\u00e4 ne ovat kunnolla kiinni. Turvallisuuden vuoksi kaikki osat on tarkistettava 3\u20136 kuukauden v\u00e4lein.<\/li>\n<\/ul>\n<p><strong>ARP-br\u00e4ndist\u00e4:<\/strong><br \/>\nARP on t\u00e4rke\u00e4 tekij\u00e4 autonosien ja -tarvikkeiden teollisuudessa, tarjoten varaosia ja tarvikkeita 4\u00d74 maastoautoille, lava-autoille, henkil\u00f6autoille, hy\u00f6tyajoneuvoille ja kaupallisille ajoneuvoille, sek\u00e4 vanhemmille ett\u00e4 uudemmille malleille. Castrum on ARP-tuotteiden virallinen j\u00e4lleenmyyj\u00e4 Suomessa.<\/p>\n","protected":false},"excerpt":{"rendered":"<p>Anodisoidusta alumiinista muovia pinnoitetut astinlaudat. Sarja sis\u00e4lt\u00e4\u00e4 kaiken asennukseen tarvittavan.<\/p>\n","protected":false},"featured_media":5976,"template":"","meta":{"_acf_changed":false},"mark-ja-mudel":[],"product_brand":[1500,1501,1502,1276,2097,1315,1526,1316,1375,1383,1324,1389,1404,1506,1447,1338,1395,1448,1449,1345,1467,1295,1309,1457,1291,1310,1483,1458,1405,1286,1334,1409,1410,1450,1278,1302,1434,1437,1294,1438,1446,1485,1512,1307,1513,1529,1417,1285,1325,1282,1284,1530,1298,1297,1333,1335,1451,1317,1505,1373,1374,1305,1292,1459,1287,1329,1299,1452,1384,1524,1555,1337,1308,1528,1332,1301,1536,1556,1327,1306,1559,1277,1322,1440,1275,1303,1396,1296,1321,1381,1328,1304],"product_cat":[1067,1066],"product_tag":[],"class_list":{"0":"post-80901","1":"product","2":"type-product","3":"status-publish","4":"has-post-thumbnail","6":"product_brand-1500","7":"product_brand-1501","8":"product_brand-1502","9":"product_brand-amarok","10":"product_brand-arp-fi","11":"product_brand-asx","12":"product_brand-ateca","13":"product_brand-audi","14":"product_brand-bmw","15":"product_brand-byd","16":"product_brand-c-hr","17":"product_brand-captiva","18":"product_brand-caravan","19":"product_brand-cayenne","20":"product_brand-cherokee","21":"product_brand-chevrolet","22":"product_brand-chrysler","23":"product_brand-commander","24":"product_brand-compass","25":"product_brand-cr-v","26":"product_brand-cx-5","27":"product_brand-d-max","28":"product_brand-dacia","29":"product_brand-discovery-sport","30":"product_brand-dodge","31":"product_brand-duster","32":"product_brand-eclipse-cross","33":"product_brand-evoque","34":"product_brand-fiat","35":"product_brand-ford","36":"product_brand-forester","37":"product_brand-freemont","38":"product_brand-fullback","39":"product_brand-grand-cherokee","40":"product_brand-hilux","41":"product_brand-honda","42":"product_brand-hr-v","43":"product_brand-hyundai","44":"product_brand-isuzu","45":"product_brand-ix35","46":"product_brand-jeep","47":"product_brand-juke","48":"product_brand-kadjar","49":"product_brand-kia","50":"product_brand-koleos","51":"product_brand-korando","52":"product_brand-kuga","53":"product_brand-l200","54":"product_brand-mazda","55":"product_brand-mercedes-benz","56":"product_brand-mitsubishi","57":"product_brand-musso","58":"product_brand-navara","59":"product_brand-nissan","60":"product_brand-outback","61":"product_brand-outlander","62":"product_brand-patriot","63":"product_brand-peugeot","64":"product_brand-porsche","65":"product_brand-q3","66":"product_brand-q7","67":"product_brand-qashqai","68":"product_brand-ram-1500","69":"product_brand-range-rover","70":"product_brand-ranger","71":"product_brand-rav4","72":"product_brand-renault","73":"product_brand-renegade","74":"product_brand-seal-u","75":"product_brand-seat","76":"product_brand-sharan","77":"product_brand-sorento","78":"product_brand-sportage","79":"product_brand-ssangyong","80":"product_brand-subaru","81":"product_brand-suzuki","82":"product_brand-sx4","83":"product_brand-t4","84":"product_brand-tiguan","85":"product_brand-touareg","86":"product_brand-touran","87":"product_brand-toyota","88":"product_brand-transit","89":"product_brand-tucson","90":"product_brand-volkswagen","91":"product_brand-volvo","92":"product_brand-voyager","93":"product_brand-x-class","94":"product_brand-x-trail","95":"product_brand-x5","96":"product_brand-xc60","97":"product_brand-xc90","98":"product_cat-astinlaudat","99":"product_cat-astinlaudat-ja-sivusuojat","100":"product_shipping_class-tukku","102":"first","103":"instock","104":"taxable","105":"shipping-taxable","106":"purchasable","107":"product-type-variable"},"bundled_by":[],"bundle_stock_status":"instock","bundle_stock_quantity":null,"bundle_virtual":false,"bundle_layout":"","bundle_add_to_cart_form_location":"","bundle_editable_in_cart":false,"bundle_sold_individually_context":"","bundle_item_grouping":"","bundle_min_size":"","bundle_max_size":"","bundle_price":[],"bundled_items":[],"bundle_sell_ids":[],"acf":[],"yoast_head":"<!-- This site is optimized with the Yoast SEO plugin v27.5 - https:\/\/yoast.com\/product\/yoast-seo-wordpress\/ -->\n<title>Astinlaudat NS001 Newstar Grey | Castrum<\/title>\n<meta name=\"description\" content=\"Astinlaudat NS001 Newstar Grey - korkealaatuiset astinlaudat ja kylkiputket maastoautoihin ja kuorma-autoihin. Lis\u00e4varusteet ja varaosat.\" \/>\n<meta name=\"robots\" content=\"index, follow, max-snippet:-1, max-image-preview:large, max-video-preview:-1\" \/>\n<link rel=\"canonical\" href=\"https:\/\/www.castrum.ee\/fi\/toode\/astinlaudat-ns001-newstar-grey\/\" \/>\n<meta property=\"og:locale\" content=\"fi_FI\" \/>\n<meta property=\"og:type\" content=\"article\" \/>\n<meta property=\"og:title\" content=\"Astinlaudat NS001 Newstar Grey | Castrum\" \/>\n<meta property=\"og:description\" content=\"Astinlaudat NS001 Newstar Grey - korkealaatuiset astinlaudat ja kylkiputket maastoautoihin ja kuorma-autoihin. Lis\u00e4varusteet ja varaosat.\" \/>\n<meta property=\"og:url\" content=\"https:\/\/www.castrum.ee\/fi\/toode\/astinlaudat-ns001-newstar-grey\/\" \/>\n<meta property=\"og:site_name\" content=\"Castrum\" \/>\n<meta property=\"article:publisher\" content=\"https:\/\/www.facebook.com\/castrum.ee\" \/>\n<meta property=\"article:modified_time\" content=\"2026-05-11T11:27:21+00:00\" \/>\n<meta property=\"og:image\" content=\"https:\/\/www.castrum.ee\/wp-content\/uploads\/2025\/07\/final-121.jpg\" \/>\n\t<meta property=\"og:image:width\" content=\"992\" \/>\n\t<meta property=\"og:image:height\" content=\"600\" \/>\n\t<meta property=\"og:image:type\" content=\"image\/jpeg\" \/>\n<meta name=\"twitter:card\" content=\"summary_large_image\" \/>\n<meta name=\"twitter:label1\" content=\"Arvioitu lukuaika\" \/>\n\t<meta name=\"twitter:data1\" content=\"1 minuutti\" \/>\n<script type=\"application\/ld+json\" class=\"yoast-schema-graph\">{\"@context\":\"https:\\\/\\\/schema.org\",\"@graph\":[{\"@type\":\"WebPage\",\"@id\":\"https:\\\/\\\/www.castrum.ee\\\/fi\\\/toode\\\/astinlaudat-ns001-newstar-grey\\\/\",\"url\":\"https:\\\/\\\/www.castrum.ee\\\/fi\\\/toode\\\/astinlaudat-ns001-newstar-grey\\\/\",\"name\":\"Astinlaudat NS001 Newstar Grey | Castrum\",\"isPartOf\":{\"@id\":\"https:\\\/\\\/www.castrum.ee\\\/fi\\\/#website\"},\"primaryImageOfPage\":{\"@id\":\"https:\\\/\\\/www.castrum.ee\\\/fi\\\/toode\\\/astinlaudat-ns001-newstar-grey\\\/#primaryimage\"},\"image\":{\"@id\":\"https:\\\/\\\/www.castrum.ee\\\/fi\\\/toode\\\/astinlaudat-ns001-newstar-grey\\\/#primaryimage\"},\"thumbnailUrl\":\"https:\\\/\\\/www.castrum.ee\\\/wp-content\\\/uploads\\\/2025\\\/07\\\/final-121.jpg\",\"datePublished\":\"2025-07-29T06:21:32+00:00\",\"dateModified\":\"2026-05-11T11:27:21+00:00\",\"description\":\"Astinlaudat NS001 Newstar Grey - korkealaatuiset astinlaudat ja kylkiputket maastoautoihin ja kuorma-autoihin. Lis\u00e4varusteet ja varaosat.\",\"breadcrumb\":{\"@id\":\"https:\\\/\\\/www.castrum.ee\\\/fi\\\/toode\\\/astinlaudat-ns001-newstar-grey\\\/#breadcrumb\"},\"inLanguage\":\"fi\",\"potentialAction\":[{\"@type\":\"ReadAction\",\"target\":[\"https:\\\/\\\/www.castrum.ee\\\/fi\\\/toode\\\/astinlaudat-ns001-newstar-grey\\\/\"]}]},{\"@type\":\"ImageObject\",\"inLanguage\":\"fi\",\"@id\":\"https:\\\/\\\/www.castrum.ee\\\/fi\\\/toode\\\/astinlaudat-ns001-newstar-grey\\\/#primaryimage\",\"url\":\"https:\\\/\\\/www.castrum.ee\\\/wp-content\\\/uploads\\\/2025\\\/07\\\/final-121.jpg\",\"contentUrl\":\"https:\\\/\\\/www.castrum.ee\\\/wp-content\\\/uploads\\\/2025\\\/07\\\/final-121.jpg\",\"width\":992,\"height\":600},{\"@type\":\"BreadcrumbList\",\"@id\":\"https:\\\/\\\/www.castrum.ee\\\/fi\\\/toode\\\/astinlaudat-ns001-newstar-grey\\\/#breadcrumb\",\"itemListElement\":[{\"@type\":\"ListItem\",\"position\":1,\"name\":\"Home\",\"item\":\"https:\\\/\\\/www.castrum.ee\\\/fi\\\/kotisivu\\\/\"},{\"@type\":\"ListItem\",\"position\":2,\"name\":\"Verkkokauppa\",\"item\":\"https:\\\/\\\/www.castrum.ee\\\/fi\\\/kauppa\\\/\"},{\"@type\":\"ListItem\",\"position\":3,\"name\":\"Astinlaudat NS001 Newstar Grey\"}]},{\"@type\":\"WebSite\",\"@id\":\"https:\\\/\\\/www.castrum.ee\\\/fi\\\/#website\",\"url\":\"https:\\\/\\\/www.castrum.ee\\\/fi\\\/\",\"name\":\"Castrum\",\"description\":\"Maastoautojen, henkil\u00f6autojen ja pienvaunujen lis\u00e4varusteet\",\"publisher\":{\"@id\":\"https:\\\/\\\/www.castrum.ee\\\/fi\\\/#organization\"},\"potentialAction\":[{\"@type\":\"SearchAction\",\"target\":{\"@type\":\"EntryPoint\",\"urlTemplate\":\"https:\\\/\\\/www.castrum.ee\\\/fi\\\/?s={search_term_string}\"},\"query-input\":{\"@type\":\"PropertyValueSpecification\",\"valueRequired\":true,\"valueName\":\"search_term_string\"}}],\"inLanguage\":\"fi\"},{\"@type\":\"Organization\",\"@id\":\"https:\\\/\\\/www.castrum.ee\\\/fi\\\/#organization\",\"name\":\"Castrum Grupp O\u00dc\",\"url\":\"https:\\\/\\\/www.castrum.ee\\\/fi\\\/\",\"logo\":{\"@type\":\"ImageObject\",\"inLanguage\":\"fi\",\"@id\":\"https:\\\/\\\/www.castrum.ee\\\/fi\\\/#\\\/schema\\\/logo\\\/image\\\/\",\"url\":\"https:\\\/\\\/www.castrum.ee\\\/wp-content\\\/uploads\\\/2025\\\/03\\\/Castrum-logo-500.png\",\"contentUrl\":\"https:\\\/\\\/www.castrum.ee\\\/wp-content\\\/uploads\\\/2025\\\/03\\\/Castrum-logo-500.png\",\"width\":500,\"height\":250,\"caption\":\"Castrum Grupp O\u00dc\"},\"image\":{\"@id\":\"https:\\\/\\\/www.castrum.ee\\\/fi\\\/#\\\/schema\\\/logo\\\/image\\\/\"},\"sameAs\":[\"https:\\\/\\\/www.facebook.com\\\/castrum.ee\"]}]}<\/script>\n<!-- \/ Yoast SEO plugin. -->","yoast_head_json":{"title":"Astinlaudat NS001 Newstar Grey | Castrum","description":"Astinlaudat NS001 Newstar Grey - korkealaatuiset astinlaudat ja kylkiputket maastoautoihin ja kuorma-autoihin. Lis\u00e4varusteet ja varaosat.","robots":{"index":"index","follow":"follow","max-snippet":"max-snippet:-1","max-image-preview":"max-image-preview:large","max-video-preview":"max-video-preview:-1"},"canonical":"https:\/\/www.castrum.ee\/fi\/toode\/astinlaudat-ns001-newstar-grey\/","og_locale":"fi_FI","og_type":"article","og_title":"Astinlaudat NS001 Newstar Grey | Castrum","og_description":"Astinlaudat NS001 Newstar Grey - korkealaatuiset astinlaudat ja kylkiputket maastoautoihin ja kuorma-autoihin. Lis\u00e4varusteet ja varaosat.","og_url":"https:\/\/www.castrum.ee\/fi\/toode\/astinlaudat-ns001-newstar-grey\/","og_site_name":"Castrum","article_publisher":"https:\/\/www.facebook.com\/castrum.ee","article_modified_time":"2026-05-11T11:27:21+00:00","og_image":[{"width":992,"height":600,"url":"https:\/\/www.castrum.ee\/wp-content\/uploads\/2025\/07\/final-121.jpg","type":"image\/jpeg"}],"twitter_card":"summary_large_image","twitter_misc":{"Arvioitu lukuaika":"1 minuutti"},"schema":{"@context":"https:\/\/schema.org","@graph":[{"@type":"WebPage","@id":"https:\/\/www.castrum.ee\/fi\/toode\/astinlaudat-ns001-newstar-grey\/","url":"https:\/\/www.castrum.ee\/fi\/toode\/astinlaudat-ns001-newstar-grey\/","name":"Astinlaudat NS001 Newstar Grey | Castrum","isPartOf":{"@id":"https:\/\/www.castrum.ee\/fi\/#website"},"primaryImageOfPage":{"@id":"https:\/\/www.castrum.ee\/fi\/toode\/astinlaudat-ns001-newstar-grey\/#primaryimage"},"image":{"@id":"https:\/\/www.castrum.ee\/fi\/toode\/astinlaudat-ns001-newstar-grey\/#primaryimage"},"thumbnailUrl":"https:\/\/www.castrum.ee\/wp-content\/uploads\/2025\/07\/final-121.jpg","datePublished":"2025-07-29T06:21:32+00:00","dateModified":"2026-05-11T11:27:21+00:00","description":"Astinlaudat NS001 Newstar Grey - korkealaatuiset astinlaudat ja kylkiputket maastoautoihin ja kuorma-autoihin. Lis\u00e4varusteet ja varaosat.","breadcrumb":{"@id":"https:\/\/www.castrum.ee\/fi\/toode\/astinlaudat-ns001-newstar-grey\/#breadcrumb"},"inLanguage":"fi","potentialAction":[{"@type":"ReadAction","target":["https:\/\/www.castrum.ee\/fi\/toode\/astinlaudat-ns001-newstar-grey\/"]}]},{"@type":"ImageObject","inLanguage":"fi","@id":"https:\/\/www.castrum.ee\/fi\/toode\/astinlaudat-ns001-newstar-grey\/#primaryimage","url":"https:\/\/www.castrum.ee\/wp-content\/uploads\/2025\/07\/final-121.jpg","contentUrl":"https:\/\/www.castrum.ee\/wp-content\/uploads\/2025\/07\/final-121.jpg","width":992,"height":600},{"@type":"BreadcrumbList","@id":"https:\/\/www.castrum.ee\/fi\/toode\/astinlaudat-ns001-newstar-grey\/#breadcrumb","itemListElement":[{"@type":"ListItem","position":1,"name":"Home","item":"https:\/\/www.castrum.ee\/fi\/kotisivu\/"},{"@type":"ListItem","position":2,"name":"Verkkokauppa","item":"https:\/\/www.castrum.ee\/fi\/kauppa\/"},{"@type":"ListItem","position":3,"name":"Astinlaudat NS001 Newstar Grey"}]},{"@type":"WebSite","@id":"https:\/\/www.castrum.ee\/fi\/#website","url":"https:\/\/www.castrum.ee\/fi\/","name":"Castrum","description":"Maastoautojen, henkil\u00f6autojen ja pienvaunujen lis\u00e4varusteet","publisher":{"@id":"https:\/\/www.castrum.ee\/fi\/#organization"},"potentialAction":[{"@type":"SearchAction","target":{"@type":"EntryPoint","urlTemplate":"https:\/\/www.castrum.ee\/fi\/?s={search_term_string}"},"query-input":{"@type":"PropertyValueSpecification","valueRequired":true,"valueName":"search_term_string"}}],"inLanguage":"fi"},{"@type":"Organization","@id":"https:\/\/www.castrum.ee\/fi\/#organization","name":"Castrum Grupp O\u00dc","url":"https:\/\/www.castrum.ee\/fi\/","logo":{"@type":"ImageObject","inLanguage":"fi","@id":"https:\/\/www.castrum.ee\/fi\/#\/schema\/logo\/image\/","url":"https:\/\/www.castrum.ee\/wp-content\/uploads\/2025\/03\/Castrum-logo-500.png","contentUrl":"https:\/\/www.castrum.ee\/wp-content\/uploads\/2025\/03\/Castrum-logo-500.png","width":500,"height":250,"caption":"Castrum Grupp O\u00dc"},"image":{"@id":"https:\/\/www.castrum.ee\/fi\/#\/schema\/logo\/image\/"},"sameAs":["https:\/\/www.facebook.com\/castrum.ee"]}]}},"_links":{"self":[{"href":"https:\/\/www.castrum.ee\/fi\/wp-json\/wp\/v2\/product\/80901","targetHints":{"allow":["GET"]}}],"collection":[{"href":"https:\/\/www.castrum.ee\/fi\/wp-json\/wp\/v2\/product"}],"about":[{"href":"https:\/\/www.castrum.ee\/fi\/wp-json\/wp\/v2\/types\/product"}],"wp:featuredmedia":[{"embeddable":true,"href":"https:\/\/www.castrum.ee\/fi\/wp-json\/wp\/v2\/media\/5976"}],"wp:attachment":[{"href":"https:\/\/www.castrum.ee\/fi\/wp-json\/wp\/v2\/media?parent=80901"}],"wp:term":[{"taxonomy":"mark-ja-mudel","embeddable":true,"href":"https:\/\/www.castrum.ee\/fi\/wp-json\/wp\/v2\/mark-ja-mudel?post=80901"},{"taxonomy":"product_brand","embeddable":true,"href":"https:\/\/www.castrum.ee\/fi\/wp-json\/wp\/v2\/product_brand?post=80901"},{"taxonomy":"product_cat","embeddable":true,"href":"https:\/\/www.castrum.ee\/fi\/wp-json\/wp\/v2\/product_cat?post=80901"},{"taxonomy":"product_tag","embeddable":true,"href":"https:\/\/www.castrum.ee\/fi\/wp-json\/wp\/v2\/product_tag?post=80901"}],"curies":[{"name":"wp","href":"https:\/\/api.w.org\/{rel}","templated":true}]}}