{"id":80903,"date":"2025-07-29T06:21:32","date_gmt":"2025-07-29T06:21:32","guid":{"rendered":"https:\/\/www.castrum.ee\/toode\/astinlaudat-nr003-northstar-black-afvksi\/"},"modified":"2026-05-11T14:27:12","modified_gmt":"2026-05-11T11:27:12","slug":"astinlaudat-nr003-northstar-black","status":"publish","type":"product","link":"https:\/\/www.castrum.ee\/fi\/toode\/astinlaudat-nr003-northstar-black\/","title":{"rendered":"Astinlaudat NR003 Northstar Black"},"content":{"rendered":"<p><strong>Miksi valita juuri n\u00e4m\u00e4 astinlaudat:<\/strong><\/p>\n<ul>\n<li>Tarjoavat lis\u00e4suojaa ajoneuvolle.<\/li>\n<li>Sopivat ajoneuvoon kuin OEM-varustus<\/li>\n<li>Helppo asentaa \/ Plug and play.<\/li>\n<\/ul>\n<p><strong>Sarja sis\u00e4lt\u00f6:<\/strong><\/p>\n<ul>\n<li>Yhden parin astinlautoja (vasen ja oikea).<\/li>\n<li>Asennukseen tarvittavat kiinnitysosat.<\/li>\n<li>Asennusohjeen.<\/li>\n<\/ul>\n<p><strong>Helppo asentaa:<\/strong><br \/>\nAstinlautojen asennus on eritt\u00e4in helppoa, koska sarjaan kuuluu sek\u00e4 asennusohje ett\u00e4 tarvittavat osat. T\u00e4m\u00e4 eliminoi ajoneuvon lis\u00e4muutosten tarpeen. Astinlaudat asennetaan olemassa oleviin kiinnityspaikkoihin ajoneuvon rungossa tai korin sivussa.<\/p>\n<p><strong>Lis\u00e4suoja ajoneuvon korille:<\/strong><br \/>\nAstinlaudat suojaavat ovia ja sivupaneeleja kivinpaiskeilta, asfaltin murskeilta ja ahtaissa paikoissa muiden autojen ovista aiheutuvilta vaurioilta. T\u00e4m\u00e4 on erityisen t\u00e4rke\u00e4\u00e4 sorateill\u00e4 ja maanteill\u00e4. Astinlaudat suojaavat my\u00f6s suuremmilta kivill\u00e4 ja renkaiden alta heitetyilt\u00e4 esineilt\u00e4.<\/p>\n<p>Lis\u00e4ksi astinlaudat on varustettu liukastumisen est\u00e4v\u00e4ll\u00e4 teknologialla, joka parantaa pit\u00e4vyytt\u00e4 ja voi est\u00e4\u00e4 onnettomuuksia tilanteissa, joissa keng\u00e4n pohjassa on p\u00f6ly\u00e4, lunta, \u00f6ljy\u00e4 jne. Samalla se auttaa suojaamaan ajoneuvon lattiamatot.<\/p>\n<p><strong>T\u00e4rke\u00e4\u00e4 tietoa:<\/strong><\/p>\n<ul>\n<li>Joissain ajoneuvoissa saattaa olla muovisia korkkeja kiinnityreikien peitt\u00e4miseksi, jotka on poistettava ennen kylkiputkien asentamista.<\/li>\n<li>\u00c4l\u00e4 k\u00e4yt\u00e4 metallisten lis\u00e4varusteiden puhdistamiseen autojen pesuaineita, jotka sis\u00e4lt\u00e4v\u00e4t TFR-kemikaaleja (Traffic Film Remover), koska n\u00e4m\u00e4 voivat aiheuttaa korroosiota. N\u00e4ill\u00e4 liuoksilla puhdistaminen voi mit\u00e4t\u00f6id\u00e4 takuun.<\/li>\n<li>Suosittelemme voimakkaasti ruuvien ja kiinnityosien tarkistamista 7 p\u00e4iv\u00e4n kuluttua alkuper\u00e4isest\u00e4 asennuksesta, jotta ne ovat kunnolla kiinni. Turvallisuuden vuoksi kaikki osat tulisi tarkastaa 3\u20136 kuukauden v\u00e4lein.<\/li>\n<\/ul>\n<p><strong>ARP-br\u00e4ndist\u00e4:<\/strong><br \/>\nARP on t\u00e4rke\u00e4 toimija autonosien ja -varusteiden teollisuudessa, tarjoaen varaosia ja tarvikkeita 4\u00d74 maastoautoihin, lava-autoihin, henkil\u00f6autoihin, pakettiautoihin ja kaupallisiin ajoneuvoihin, mukaan lukien sek\u00e4 vanhemmat ett\u00e4 uudemmat mallit. Castrum on ARP-tuotteiden virallinen j\u00e4lleenmyyj\u00e4 Suomessa.<\/p>\n","protected":false},"excerpt":{"rendered":"<p>Anodisoidusta alumiinista ja ruostumattomasta ter\u00e4ksest\u00e4 valmistetut astinlaudat. Sarjaan sis\u00e4ltyy kaikki asennukseen tarvittava.<\/p>\n","protected":false},"featured_media":5953,"template":"","meta":{"_acf_changed":false},"mark-ja-mudel":[],"product_brand":[1276,2097,1316,1448,1295,1278,1294,1446,1320,1285,1282,1284,1298,1297,1374,1319,1277,1275,1296],"product_cat":[1067,1066],"product_tag":[],"class_list":{"0":"post-80903","1":"product","2":"type-product","3":"status-publish","4":"has-post-thumbnail","6":"product_brand-amarok","7":"product_brand-arp-fi","8":"product_brand-audi","9":"product_brand-commander","10":"product_brand-d-max","11":"product_brand-hilux","12":"product_brand-isuzu","13":"product_brand-jeep","14":"product_brand-kodiaq","15":"product_brand-l200","16":"product_brand-mercedes-benz","17":"product_brand-mitsubishi","18":"product_brand-navara","19":"product_brand-nissan","20":"product_brand-q7","21":"product_brand-skoda","22":"product_brand-toyota","23":"product_brand-volkswagen","24":"product_brand-x-class","25":"product_cat-astinlaudat","26":"product_cat-astinlaudat-ja-sivusuojat","27":"product_shipping_class-tukku","29":"first","30":"instock","31":"taxable","32":"shipping-taxable","33":"purchasable","34":"product-type-variable"},"bundled_by":[],"bundle_stock_status":"instock","bundle_stock_quantity":null,"bundle_virtual":false,"bundle_layout":"","bundle_add_to_cart_form_location":"","bundle_editable_in_cart":false,"bundle_sold_individually_context":"","bundle_item_grouping":"","bundle_min_size":"","bundle_max_size":"","bundle_price":[],"bundled_items":[],"bundle_sell_ids":[],"acf":[],"yoast_head":"<!-- This site is optimized with the Yoast SEO plugin v27.5 - https:\/\/yoast.com\/product\/yoast-seo-wordpress\/ -->\n<title>Astinlaudat NR003 Northstar Black | ARP | Castrum<\/title>\n<meta name=\"description\" content=\"Astinlaudat NR003 Northstar Black - kylkiputket ja astinlaudat maastoautoihin, pickup-malleihin ja pakettiautoihin. Ruostumaton ter\u00e4s ja anodisoidut pintak\u00e4sittelyt.\" \/>\n<meta name=\"robots\" content=\"index, follow, max-snippet:-1, max-image-preview:large, max-video-preview:-1\" \/>\n<link rel=\"canonical\" href=\"https:\/\/www.castrum.ee\/fi\/toode\/astinlaudat-nr003-northstar-black\/\" \/>\n<meta property=\"og:locale\" content=\"fi_FI\" \/>\n<meta property=\"og:type\" content=\"article\" \/>\n<meta property=\"og:title\" content=\"Astinlaudat NR003 Northstar Black | ARP | Castrum\" \/>\n<meta property=\"og:description\" content=\"Astinlaudat NR003 Northstar Black - kylkiputket ja astinlaudat maastoautoihin, pickup-malleihin ja pakettiautoihin. Ruostumaton ter\u00e4s ja anodisoidut pintak\u00e4sittelyt.\" \/>\n<meta property=\"og:url\" content=\"https:\/\/www.castrum.ee\/fi\/toode\/astinlaudat-nr003-northstar-black\/\" \/>\n<meta property=\"og:site_name\" content=\"Castrum\" \/>\n<meta property=\"article:publisher\" content=\"https:\/\/www.facebook.com\/castrum.ee\" \/>\n<meta property=\"article:modified_time\" content=\"2026-05-11T11:27:12+00:00\" \/>\n<meta property=\"og:image\" content=\"https:\/\/www.castrum.ee\/wp-content\/uploads\/2025\/07\/39CBD2D7-59F8-40FB-9714-C24441168645.jpeg\" \/>\n\t<meta property=\"og:image:width\" content=\"1626\" \/>\n\t<meta property=\"og:image:height\" content=\"1080\" \/>\n\t<meta property=\"og:image:type\" content=\"image\/jpeg\" \/>\n<meta name=\"twitter:card\" content=\"summary_large_image\" \/>\n<meta name=\"twitter:label1\" content=\"Arvioitu lukuaika\" \/>\n\t<meta name=\"twitter:data1\" content=\"1 minuutti\" \/>\n<script type=\"application\/ld+json\" class=\"yoast-schema-graph\">{\"@context\":\"https:\\\/\\\/schema.org\",\"@graph\":[{\"@type\":\"WebPage\",\"@id\":\"https:\\\/\\\/www.castrum.ee\\\/fi\\\/toode\\\/astinlaudat-nr003-northstar-black\\\/\",\"url\":\"https:\\\/\\\/www.castrum.ee\\\/fi\\\/toode\\\/astinlaudat-nr003-northstar-black\\\/\",\"name\":\"Astinlaudat NR003 Northstar Black | ARP | Castrum\",\"isPartOf\":{\"@id\":\"https:\\\/\\\/www.castrum.ee\\\/fi\\\/#website\"},\"primaryImageOfPage\":{\"@id\":\"https:\\\/\\\/www.castrum.ee\\\/fi\\\/toode\\\/astinlaudat-nr003-northstar-black\\\/#primaryimage\"},\"image\":{\"@id\":\"https:\\\/\\\/www.castrum.ee\\\/fi\\\/toode\\\/astinlaudat-nr003-northstar-black\\\/#primaryimage\"},\"thumbnailUrl\":\"https:\\\/\\\/www.castrum.ee\\\/wp-content\\\/uploads\\\/2025\\\/07\\\/39CBD2D7-59F8-40FB-9714-C24441168645.jpeg\",\"datePublished\":\"2025-07-29T06:21:32+00:00\",\"dateModified\":\"2026-05-11T11:27:12+00:00\",\"description\":\"Astinlaudat NR003 Northstar Black - kylkiputket ja astinlaudat maastoautoihin, pickup-malleihin ja pakettiautoihin. Ruostumaton ter\u00e4s ja anodisoidut pintak\u00e4sittelyt.\",\"breadcrumb\":{\"@id\":\"https:\\\/\\\/www.castrum.ee\\\/fi\\\/toode\\\/astinlaudat-nr003-northstar-black\\\/#breadcrumb\"},\"inLanguage\":\"fi\",\"potentialAction\":[{\"@type\":\"ReadAction\",\"target\":[\"https:\\\/\\\/www.castrum.ee\\\/fi\\\/toode\\\/astinlaudat-nr003-northstar-black\\\/\"]}]},{\"@type\":\"ImageObject\",\"inLanguage\":\"fi\",\"@id\":\"https:\\\/\\\/www.castrum.ee\\\/fi\\\/toode\\\/astinlaudat-nr003-northstar-black\\\/#primaryimage\",\"url\":\"https:\\\/\\\/www.castrum.ee\\\/wp-content\\\/uploads\\\/2025\\\/07\\\/39CBD2D7-59F8-40FB-9714-C24441168645.jpeg\",\"contentUrl\":\"https:\\\/\\\/www.castrum.ee\\\/wp-content\\\/uploads\\\/2025\\\/07\\\/39CBD2D7-59F8-40FB-9714-C24441168645.jpeg\",\"width\":1626,\"height\":1080},{\"@type\":\"BreadcrumbList\",\"@id\":\"https:\\\/\\\/www.castrum.ee\\\/fi\\\/toode\\\/astinlaudat-nr003-northstar-black\\\/#breadcrumb\",\"itemListElement\":[{\"@type\":\"ListItem\",\"position\":1,\"name\":\"Home\",\"item\":\"https:\\\/\\\/www.castrum.ee\\\/fi\\\/kotisivu\\\/\"},{\"@type\":\"ListItem\",\"position\":2,\"name\":\"Verkkokauppa\",\"item\":\"https:\\\/\\\/www.castrum.ee\\\/fi\\\/kauppa\\\/\"},{\"@type\":\"ListItem\",\"position\":3,\"name\":\"Astinlaudat NR003 Northstar Black\"}]},{\"@type\":\"WebSite\",\"@id\":\"https:\\\/\\\/www.castrum.ee\\\/fi\\\/#website\",\"url\":\"https:\\\/\\\/www.castrum.ee\\\/fi\\\/\",\"name\":\"Castrum\",\"description\":\"Maastoautojen, henkil\u00f6autojen ja pienvaunujen lis\u00e4varusteet\",\"publisher\":{\"@id\":\"https:\\\/\\\/www.castrum.ee\\\/fi\\\/#organization\"},\"potentialAction\":[{\"@type\":\"SearchAction\",\"target\":{\"@type\":\"EntryPoint\",\"urlTemplate\":\"https:\\\/\\\/www.castrum.ee\\\/fi\\\/?s={search_term_string}\"},\"query-input\":{\"@type\":\"PropertyValueSpecification\",\"valueRequired\":true,\"valueName\":\"search_term_string\"}}],\"inLanguage\":\"fi\"},{\"@type\":\"Organization\",\"@id\":\"https:\\\/\\\/www.castrum.ee\\\/fi\\\/#organization\",\"name\":\"Castrum Grupp O\u00dc\",\"url\":\"https:\\\/\\\/www.castrum.ee\\\/fi\\\/\",\"logo\":{\"@type\":\"ImageObject\",\"inLanguage\":\"fi\",\"@id\":\"https:\\\/\\\/www.castrum.ee\\\/fi\\\/#\\\/schema\\\/logo\\\/image\\\/\",\"url\":\"https:\\\/\\\/www.castrum.ee\\\/wp-content\\\/uploads\\\/2025\\\/03\\\/Castrum-logo-500.png\",\"contentUrl\":\"https:\\\/\\\/www.castrum.ee\\\/wp-content\\\/uploads\\\/2025\\\/03\\\/Castrum-logo-500.png\",\"width\":500,\"height\":250,\"caption\":\"Castrum Grupp O\u00dc\"},\"image\":{\"@id\":\"https:\\\/\\\/www.castrum.ee\\\/fi\\\/#\\\/schema\\\/logo\\\/image\\\/\"},\"sameAs\":[\"https:\\\/\\\/www.facebook.com\\\/castrum.ee\"]}]}<\/script>\n<!-- \/ Yoast SEO plugin. -->","yoast_head_json":{"title":"Astinlaudat NR003 Northstar Black | ARP | Castrum","description":"Astinlaudat NR003 Northstar Black - kylkiputket ja astinlaudat maastoautoihin, pickup-malleihin ja pakettiautoihin. Ruostumaton ter\u00e4s ja anodisoidut pintak\u00e4sittelyt.","robots":{"index":"index","follow":"follow","max-snippet":"max-snippet:-1","max-image-preview":"max-image-preview:large","max-video-preview":"max-video-preview:-1"},"canonical":"https:\/\/www.castrum.ee\/fi\/toode\/astinlaudat-nr003-northstar-black\/","og_locale":"fi_FI","og_type":"article","og_title":"Astinlaudat NR003 Northstar Black | ARP | Castrum","og_description":"Astinlaudat NR003 Northstar Black - kylkiputket ja astinlaudat maastoautoihin, pickup-malleihin ja pakettiautoihin. Ruostumaton ter\u00e4s ja anodisoidut pintak\u00e4sittelyt.","og_url":"https:\/\/www.castrum.ee\/fi\/toode\/astinlaudat-nr003-northstar-black\/","og_site_name":"Castrum","article_publisher":"https:\/\/www.facebook.com\/castrum.ee","article_modified_time":"2026-05-11T11:27:12+00:00","og_image":[{"width":1626,"height":1080,"url":"https:\/\/www.castrum.ee\/wp-content\/uploads\/2025\/07\/39CBD2D7-59F8-40FB-9714-C24441168645.jpeg","type":"image\/jpeg"}],"twitter_card":"summary_large_image","twitter_misc":{"Arvioitu lukuaika":"1 minuutti"},"schema":{"@context":"https:\/\/schema.org","@graph":[{"@type":"WebPage","@id":"https:\/\/www.castrum.ee\/fi\/toode\/astinlaudat-nr003-northstar-black\/","url":"https:\/\/www.castrum.ee\/fi\/toode\/astinlaudat-nr003-northstar-black\/","name":"Astinlaudat NR003 Northstar Black | ARP | Castrum","isPartOf":{"@id":"https:\/\/www.castrum.ee\/fi\/#website"},"primaryImageOfPage":{"@id":"https:\/\/www.castrum.ee\/fi\/toode\/astinlaudat-nr003-northstar-black\/#primaryimage"},"image":{"@id":"https:\/\/www.castrum.ee\/fi\/toode\/astinlaudat-nr003-northstar-black\/#primaryimage"},"thumbnailUrl":"https:\/\/www.castrum.ee\/wp-content\/uploads\/2025\/07\/39CBD2D7-59F8-40FB-9714-C24441168645.jpeg","datePublished":"2025-07-29T06:21:32+00:00","dateModified":"2026-05-11T11:27:12+00:00","description":"Astinlaudat NR003 Northstar Black - kylkiputket ja astinlaudat maastoautoihin, pickup-malleihin ja pakettiautoihin. Ruostumaton ter\u00e4s ja anodisoidut pintak\u00e4sittelyt.","breadcrumb":{"@id":"https:\/\/www.castrum.ee\/fi\/toode\/astinlaudat-nr003-northstar-black\/#breadcrumb"},"inLanguage":"fi","potentialAction":[{"@type":"ReadAction","target":["https:\/\/www.castrum.ee\/fi\/toode\/astinlaudat-nr003-northstar-black\/"]}]},{"@type":"ImageObject","inLanguage":"fi","@id":"https:\/\/www.castrum.ee\/fi\/toode\/astinlaudat-nr003-northstar-black\/#primaryimage","url":"https:\/\/www.castrum.ee\/wp-content\/uploads\/2025\/07\/39CBD2D7-59F8-40FB-9714-C24441168645.jpeg","contentUrl":"https:\/\/www.castrum.ee\/wp-content\/uploads\/2025\/07\/39CBD2D7-59F8-40FB-9714-C24441168645.jpeg","width":1626,"height":1080},{"@type":"BreadcrumbList","@id":"https:\/\/www.castrum.ee\/fi\/toode\/astinlaudat-nr003-northstar-black\/#breadcrumb","itemListElement":[{"@type":"ListItem","position":1,"name":"Home","item":"https:\/\/www.castrum.ee\/fi\/kotisivu\/"},{"@type":"ListItem","position":2,"name":"Verkkokauppa","item":"https:\/\/www.castrum.ee\/fi\/kauppa\/"},{"@type":"ListItem","position":3,"name":"Astinlaudat NR003 Northstar Black"}]},{"@type":"WebSite","@id":"https:\/\/www.castrum.ee\/fi\/#website","url":"https:\/\/www.castrum.ee\/fi\/","name":"Castrum","description":"Maastoautojen, henkil\u00f6autojen ja pienvaunujen lis\u00e4varusteet","publisher":{"@id":"https:\/\/www.castrum.ee\/fi\/#organization"},"potentialAction":[{"@type":"SearchAction","target":{"@type":"EntryPoint","urlTemplate":"https:\/\/www.castrum.ee\/fi\/?s={search_term_string}"},"query-input":{"@type":"PropertyValueSpecification","valueRequired":true,"valueName":"search_term_string"}}],"inLanguage":"fi"},{"@type":"Organization","@id":"https:\/\/www.castrum.ee\/fi\/#organization","name":"Castrum Grupp O\u00dc","url":"https:\/\/www.castrum.ee\/fi\/","logo":{"@type":"ImageObject","inLanguage":"fi","@id":"https:\/\/www.castrum.ee\/fi\/#\/schema\/logo\/image\/","url":"https:\/\/www.castrum.ee\/wp-content\/uploads\/2025\/03\/Castrum-logo-500.png","contentUrl":"https:\/\/www.castrum.ee\/wp-content\/uploads\/2025\/03\/Castrum-logo-500.png","width":500,"height":250,"caption":"Castrum Grupp O\u00dc"},"image":{"@id":"https:\/\/www.castrum.ee\/fi\/#\/schema\/logo\/image\/"},"sameAs":["https:\/\/www.facebook.com\/castrum.ee"]}]}},"_links":{"self":[{"href":"https:\/\/www.castrum.ee\/fi\/wp-json\/wp\/v2\/product\/80903","targetHints":{"allow":["GET"]}}],"collection":[{"href":"https:\/\/www.castrum.ee\/fi\/wp-json\/wp\/v2\/product"}],"about":[{"href":"https:\/\/www.castrum.ee\/fi\/wp-json\/wp\/v2\/types\/product"}],"wp:featuredmedia":[{"embeddable":true,"href":"https:\/\/www.castrum.ee\/fi\/wp-json\/wp\/v2\/media\/5953"}],"wp:attachment":[{"href":"https:\/\/www.castrum.ee\/fi\/wp-json\/wp\/v2\/media?parent=80903"}],"wp:term":[{"taxonomy":"mark-ja-mudel","embeddable":true,"href":"https:\/\/www.castrum.ee\/fi\/wp-json\/wp\/v2\/mark-ja-mudel?post=80903"},{"taxonomy":"product_brand","embeddable":true,"href":"https:\/\/www.castrum.ee\/fi\/wp-json\/wp\/v2\/product_brand?post=80903"},{"taxonomy":"product_cat","embeddable":true,"href":"https:\/\/www.castrum.ee\/fi\/wp-json\/wp\/v2\/product_cat?post=80903"},{"taxonomy":"product_tag","embeddable":true,"href":"https:\/\/www.castrum.ee\/fi\/wp-json\/wp\/v2\/product_tag?post=80903"}],"curies":[{"name":"wp","href":"https:\/\/api.w.org\/{rel}","templated":true}]}}