{"id":80904,"date":"2025-06-19T11:08:37","date_gmt":"2025-06-19T11:08:37","guid":{"rendered":"https:\/\/www.castrum.ee\/toode\/astinlaudat-nr001-northstar-chrome-akselivaelilla-valittavissa-xxsp1h\/"},"modified":"2026-05-11T14:27:42","modified_gmt":"2026-05-11T11:27:42","slug":"astinlaudat-nr001-northstar-chrome-akselivaelilla-valittavissa","status":"publish","type":"product","link":"https:\/\/www.castrum.ee\/fi\/toode\/astinlaudat-nr001-northstar-chrome-akselivaelilla-valittavissa\/","title":{"rendered":"Astinlaudat NR001 Northstar Chrome | Akseliv\u00e4lill\u00e4 valittavissa"},"content":{"rendered":"<p><strong>Miksi valita n\u00e4m\u00e4 astinlaudat:<\/strong><\/p>\n<ul>\n<li>Tarjoavat lis\u00e4suojaa ajoneuvollesi.<\/li>\n<li>Sopivat ajoneuvoon kuin OEM-lis\u00e4varustus.<\/li>\n<li>Helppoa asentaa \/ Plug and play.<\/li>\n<\/ul>\n<p><strong>Paketti sis\u00e4lt\u00e4\u00e4:<\/strong><\/p>\n<ul>\n<li>Yhden parin astinlautoja (vasen ja oikea).<\/li>\n<li>Asennukseen tarvittavat kiinnittimet.<\/li>\n<li>Asennusohjeet.<\/li>\n<\/ul>\n<p><strong>Helppo asentaa:<\/strong><br \/>\nAstinlauteiden asennus on eritt\u00e4in helppoa, sill\u00e4 pakettiin sis\u00e4ltyy sek\u00e4 asennusohje ett\u00e4 tarvittavat osat. T\u00e4m\u00e4 eliminoi tarpeen ajoneuvon lis\u00e4muutoksille. Astinlaudat asennetaan olemassa oleviin kiinnityspisteisiin ajoneuvon rungossa tai koripuolessa.<\/p>\n<p><strong>Lis\u00e4suoja ajoneuvon korikolle:<\/strong><br \/>\nAstinlaudat tarjoavat suojaa ovelle ja sivupaneeille kivist\u00e4, asfaltin palasista sek\u00e4 vahingoista, jotka aiheutuvat muiden autojen ovista ahtaissa paikoissa. T\u00e4m\u00e4 on erityisen t\u00e4rke\u00e4\u00e4 sora- ja maakilvoitetuilla teill\u00e4. Lis\u00e4ksi astinlaudat suojaavat suuremmista kivista ja py\u00f6rien alta lentelevist\u00e4 esineist\u00e4.<\/p>\n<p>Lis\u00e4ksi astinlaudat on varustettu liukasteenest\u00e4v\u00e4ll\u00e4 teknologialla, joka parantaa pit\u00e4vyytt\u00e4 ja voi est\u00e4\u00e4 onnettomuuksia tilanteissa, joissa jalkineiden pohjassa on p\u00f6ly\u00e4, lunta, \u00f6ljy\u00e4 jne. Samoin se auttaa suojaamaan ajoneuvon lattiamatoja.<\/p>\n<p><strong>T\u00e4rke\u00e4 tieto:<\/strong><\/p>\n<ul>\n<li>Joidenkin ajoneuvojen kiinnitysreikien peitt\u00e4miseen voi olla muoviset korkit, jotka on poistettava ennen sivuastinlauteiden asennusta.<\/li>\n<li>\u00c4l\u00e4 k\u00e4yt\u00e4 metallivarusteiden puhdistukseen auto-pesuaineita, jotka sis\u00e4lt\u00e4v\u00e4t TFR- (Traffic Film Remover) kemikaaleja, sill\u00e4 n\u00e4m\u00e4 voivat aiheuttaa korroosiota. Puhdistus n\u00e4ill\u00e4 liuottimilla voi mit\u00e4t\u00f6id\u00e4 takuun.<\/li>\n<li>Suosittelemme vahvasti tarkistamaan ruuvit ja kiinnitysosat 7 p\u00e4iv\u00e4n kuluttua ensimm\u00e4isest\u00e4 asennuksesta varmistaaksesi, ett\u00e4 ne ovat kunnolla kiinnittyneet. Turvallisuuden vuoksi kaikki osat tulisi tarkistaa 3\u20136 kuukauden v\u00e4lein.<\/li>\n<\/ul>\n<p><strong>ARP-br\u00e4ndist\u00e4:<\/strong><br \/>\nARP on t\u00e4rke\u00e4 toimija auto-osien ja -varusteiden teollisuudessa, tarjoten varaosi ja tarvikkeita 4\u00d74 maastoautoihin, lava-autoihin, henkil\u00f6autoihin, apuajoneuvoihin ja kaupallisiin ajoneuvoihin, mukaan lukien sek\u00e4 vanhemmat ett\u00e4 uudemmat mallit. Castrum on ARP-tuotteiden virallinen j\u00e4lleenmyyj\u00e4 Suomessa.<\/p>\n","protected":false},"excerpt":{"rendered":"<p>Astinlaudat, jotka on valmistettu anodoidusta alumiinista yhdistettyn\u00e4 ruostumattomuaan ter\u00e4kseen. Paketti sis\u00e4lt\u00e4\u00e4 kaksi astinlautaa ja kaikki tarvittavat osat asennukseen.<\/p>\n","protected":false},"featured_media":5425,"template":"","meta":{"_acf_changed":false},"mark-ja-mudel":[],"product_brand":[2097,1288,1318,1286,1282,1317,1290,1289],"product_cat":[1067,1066],"product_tag":[],"class_list":{"0":"post-80904","1":"product","2":"type-product","3":"status-publish","4":"has-post-thumbnail","6":"product_brand-arp-fi","7":"product_brand-custom","8":"product_brand-expert","9":"product_brand-ford","10":"product_brand-mercedes-benz","11":"product_brand-peugeot","12":"product_brand-sprinter","13":"product_brand-transit-custom","14":"product_cat-astinlaudat","15":"product_cat-astinlaudat-ja-sivusuojat","16":"product_shipping_class-tukku","18":"first","19":"instock","20":"taxable","21":"shipping-taxable","22":"purchasable","23":"product-type-variable"},"bundled_by":[],"bundle_stock_status":"instock","bundle_stock_quantity":null,"bundle_virtual":false,"bundle_layout":"","bundle_add_to_cart_form_location":"","bundle_editable_in_cart":false,"bundle_sold_individually_context":"","bundle_item_grouping":"","bundle_min_size":"","bundle_max_size":"","bundle_price":[],"bundled_items":[],"bundle_sell_ids":[],"acf":[],"yoast_head":"<!-- This site is optimized with the Yoast SEO plugin v27.5 - https:\/\/yoast.com\/product\/yoast-seo-wordpress\/ -->\n<title>Astinlaudat NR001 Northstar Chrome | Akseliv\u00e4lill\u00e4 | Castrum<\/title>\n<meta name=\"description\" content=\"Astinlaudat NR001 Northstar Chrome akselivalinnalla. Ruostumaton ter\u00e4s ja anodioitu alumiini. Astinlaudat ja askelmat maastoautoihin. Helppoa asentaa.\" \/>\n<meta name=\"robots\" content=\"index, follow, max-snippet:-1, max-image-preview:large, max-video-preview:-1\" \/>\n<link rel=\"canonical\" href=\"https:\/\/www.castrum.ee\/fi\/toode\/astinlaudat-nr001-northstar-chrome-akselivaelilla-valittavissa\/\" \/>\n<meta property=\"og:locale\" content=\"fi_FI\" \/>\n<meta property=\"og:type\" content=\"article\" \/>\n<meta property=\"og:title\" content=\"Astinlaudat NR001 Northstar Chrome | Akseliv\u00e4lill\u00e4 | Castrum\" \/>\n<meta property=\"og:description\" content=\"Astinlaudat NR001 Northstar Chrome akselivalinnalla. Ruostumaton ter\u00e4s ja anodioitu alumiini. Astinlaudat ja askelmat maastoautoihin. Helppoa asentaa.\" \/>\n<meta property=\"og:url\" content=\"https:\/\/www.castrum.ee\/fi\/toode\/astinlaudat-nr001-northstar-chrome-akselivaelilla-valittavissa\/\" \/>\n<meta property=\"og:site_name\" content=\"Castrum\" \/>\n<meta property=\"article:publisher\" content=\"https:\/\/www.facebook.com\/castrum.ee\" \/>\n<meta property=\"article:modified_time\" content=\"2026-05-11T11:27:42+00:00\" \/>\n<meta property=\"og:image\" content=\"https:\/\/www.castrum.ee\/wp-content\/uploads\/2025\/06\/0BFC0300-84A2-44B4-B1B6-9B3688ACA61C-scaled-1.jpeg\" \/>\n\t<meta property=\"og:image:width\" content=\"1626\" \/>\n\t<meta property=\"og:image:height\" content=\"1080\" \/>\n\t<meta property=\"og:image:type\" content=\"image\/jpeg\" \/>\n<meta name=\"twitter:card\" content=\"summary_large_image\" \/>\n<meta name=\"twitter:label1\" content=\"Arvioitu lukuaika\" \/>\n\t<meta name=\"twitter:data1\" content=\"1 minuutti\" \/>\n<script type=\"application\/ld+json\" class=\"yoast-schema-graph\">{\"@context\":\"https:\\\/\\\/schema.org\",\"@graph\":[{\"@type\":\"WebPage\",\"@id\":\"https:\\\/\\\/www.castrum.ee\\\/fi\\\/toode\\\/astinlaudat-nr001-northstar-chrome-akselivaelilla-valittavissa\\\/\",\"url\":\"https:\\\/\\\/www.castrum.ee\\\/fi\\\/toode\\\/astinlaudat-nr001-northstar-chrome-akselivaelilla-valittavissa\\\/\",\"name\":\"Astinlaudat NR001 Northstar Chrome | Akseliv\u00e4lill\u00e4 | Castrum\",\"isPartOf\":{\"@id\":\"https:\\\/\\\/www.castrum.ee\\\/fi\\\/#website\"},\"primaryImageOfPage\":{\"@id\":\"https:\\\/\\\/www.castrum.ee\\\/fi\\\/toode\\\/astinlaudat-nr001-northstar-chrome-akselivaelilla-valittavissa\\\/#primaryimage\"},\"image\":{\"@id\":\"https:\\\/\\\/www.castrum.ee\\\/fi\\\/toode\\\/astinlaudat-nr001-northstar-chrome-akselivaelilla-valittavissa\\\/#primaryimage\"},\"thumbnailUrl\":\"https:\\\/\\\/www.castrum.ee\\\/wp-content\\\/uploads\\\/2025\\\/06\\\/0BFC0300-84A2-44B4-B1B6-9B3688ACA61C-scaled-1.jpeg\",\"datePublished\":\"2025-06-19T11:08:37+00:00\",\"dateModified\":\"2026-05-11T11:27:42+00:00\",\"description\":\"Astinlaudat NR001 Northstar Chrome akselivalinnalla. Ruostumaton ter\u00e4s ja anodioitu alumiini. Astinlaudat ja askelmat maastoautoihin. Helppoa asentaa.\",\"breadcrumb\":{\"@id\":\"https:\\\/\\\/www.castrum.ee\\\/fi\\\/toode\\\/astinlaudat-nr001-northstar-chrome-akselivaelilla-valittavissa\\\/#breadcrumb\"},\"inLanguage\":\"fi\",\"potentialAction\":[{\"@type\":\"ReadAction\",\"target\":[\"https:\\\/\\\/www.castrum.ee\\\/fi\\\/toode\\\/astinlaudat-nr001-northstar-chrome-akselivaelilla-valittavissa\\\/\"]}]},{\"@type\":\"ImageObject\",\"inLanguage\":\"fi\",\"@id\":\"https:\\\/\\\/www.castrum.ee\\\/fi\\\/toode\\\/astinlaudat-nr001-northstar-chrome-akselivaelilla-valittavissa\\\/#primaryimage\",\"url\":\"https:\\\/\\\/www.castrum.ee\\\/wp-content\\\/uploads\\\/2025\\\/06\\\/0BFC0300-84A2-44B4-B1B6-9B3688ACA61C-scaled-1.jpeg\",\"contentUrl\":\"https:\\\/\\\/www.castrum.ee\\\/wp-content\\\/uploads\\\/2025\\\/06\\\/0BFC0300-84A2-44B4-B1B6-9B3688ACA61C-scaled-1.jpeg\",\"width\":1626,\"height\":1080},{\"@type\":\"BreadcrumbList\",\"@id\":\"https:\\\/\\\/www.castrum.ee\\\/fi\\\/toode\\\/astinlaudat-nr001-northstar-chrome-akselivaelilla-valittavissa\\\/#breadcrumb\",\"itemListElement\":[{\"@type\":\"ListItem\",\"position\":1,\"name\":\"Home\",\"item\":\"https:\\\/\\\/www.castrum.ee\\\/fi\\\/kotisivu\\\/\"},{\"@type\":\"ListItem\",\"position\":2,\"name\":\"Verkkokauppa\",\"item\":\"https:\\\/\\\/www.castrum.ee\\\/fi\\\/kauppa\\\/\"},{\"@type\":\"ListItem\",\"position\":3,\"name\":\"Astinlaudat NR001 Northstar Chrome | Akseliv\u00e4lill\u00e4 valittavissa\"}]},{\"@type\":\"WebSite\",\"@id\":\"https:\\\/\\\/www.castrum.ee\\\/fi\\\/#website\",\"url\":\"https:\\\/\\\/www.castrum.ee\\\/fi\\\/\",\"name\":\"Castrum\",\"description\":\"Maastoautojen, henkil\u00f6autojen ja pienvaunujen lis\u00e4varusteet\",\"publisher\":{\"@id\":\"https:\\\/\\\/www.castrum.ee\\\/fi\\\/#organization\"},\"potentialAction\":[{\"@type\":\"SearchAction\",\"target\":{\"@type\":\"EntryPoint\",\"urlTemplate\":\"https:\\\/\\\/www.castrum.ee\\\/fi\\\/?s={search_term_string}\"},\"query-input\":{\"@type\":\"PropertyValueSpecification\",\"valueRequired\":true,\"valueName\":\"search_term_string\"}}],\"inLanguage\":\"fi\"},{\"@type\":\"Organization\",\"@id\":\"https:\\\/\\\/www.castrum.ee\\\/fi\\\/#organization\",\"name\":\"Castrum Grupp O\u00dc\",\"url\":\"https:\\\/\\\/www.castrum.ee\\\/fi\\\/\",\"logo\":{\"@type\":\"ImageObject\",\"inLanguage\":\"fi\",\"@id\":\"https:\\\/\\\/www.castrum.ee\\\/fi\\\/#\\\/schema\\\/logo\\\/image\\\/\",\"url\":\"https:\\\/\\\/www.castrum.ee\\\/wp-content\\\/uploads\\\/2025\\\/03\\\/Castrum-logo-500.png\",\"contentUrl\":\"https:\\\/\\\/www.castrum.ee\\\/wp-content\\\/uploads\\\/2025\\\/03\\\/Castrum-logo-500.png\",\"width\":500,\"height\":250,\"caption\":\"Castrum Grupp O\u00dc\"},\"image\":{\"@id\":\"https:\\\/\\\/www.castrum.ee\\\/fi\\\/#\\\/schema\\\/logo\\\/image\\\/\"},\"sameAs\":[\"https:\\\/\\\/www.facebook.com\\\/castrum.ee\"]}]}<\/script>\n<!-- \/ Yoast SEO plugin. -->","yoast_head_json":{"title":"Astinlaudat NR001 Northstar Chrome | Akseliv\u00e4lill\u00e4 | Castrum","description":"Astinlaudat NR001 Northstar Chrome akselivalinnalla. Ruostumaton ter\u00e4s ja anodioitu alumiini. Astinlaudat ja askelmat maastoautoihin. Helppoa asentaa.","robots":{"index":"index","follow":"follow","max-snippet":"max-snippet:-1","max-image-preview":"max-image-preview:large","max-video-preview":"max-video-preview:-1"},"canonical":"https:\/\/www.castrum.ee\/fi\/toode\/astinlaudat-nr001-northstar-chrome-akselivaelilla-valittavissa\/","og_locale":"fi_FI","og_type":"article","og_title":"Astinlaudat NR001 Northstar Chrome | Akseliv\u00e4lill\u00e4 | Castrum","og_description":"Astinlaudat NR001 Northstar Chrome akselivalinnalla. Ruostumaton ter\u00e4s ja anodioitu alumiini. Astinlaudat ja askelmat maastoautoihin. Helppoa asentaa.","og_url":"https:\/\/www.castrum.ee\/fi\/toode\/astinlaudat-nr001-northstar-chrome-akselivaelilla-valittavissa\/","og_site_name":"Castrum","article_publisher":"https:\/\/www.facebook.com\/castrum.ee","article_modified_time":"2026-05-11T11:27:42+00:00","og_image":[{"width":1626,"height":1080,"url":"https:\/\/www.castrum.ee\/wp-content\/uploads\/2025\/06\/0BFC0300-84A2-44B4-B1B6-9B3688ACA61C-scaled-1.jpeg","type":"image\/jpeg"}],"twitter_card":"summary_large_image","twitter_misc":{"Arvioitu lukuaika":"1 minuutti"},"schema":{"@context":"https:\/\/schema.org","@graph":[{"@type":"WebPage","@id":"https:\/\/www.castrum.ee\/fi\/toode\/astinlaudat-nr001-northstar-chrome-akselivaelilla-valittavissa\/","url":"https:\/\/www.castrum.ee\/fi\/toode\/astinlaudat-nr001-northstar-chrome-akselivaelilla-valittavissa\/","name":"Astinlaudat NR001 Northstar Chrome | Akseliv\u00e4lill\u00e4 | Castrum","isPartOf":{"@id":"https:\/\/www.castrum.ee\/fi\/#website"},"primaryImageOfPage":{"@id":"https:\/\/www.castrum.ee\/fi\/toode\/astinlaudat-nr001-northstar-chrome-akselivaelilla-valittavissa\/#primaryimage"},"image":{"@id":"https:\/\/www.castrum.ee\/fi\/toode\/astinlaudat-nr001-northstar-chrome-akselivaelilla-valittavissa\/#primaryimage"},"thumbnailUrl":"https:\/\/www.castrum.ee\/wp-content\/uploads\/2025\/06\/0BFC0300-84A2-44B4-B1B6-9B3688ACA61C-scaled-1.jpeg","datePublished":"2025-06-19T11:08:37+00:00","dateModified":"2026-05-11T11:27:42+00:00","description":"Astinlaudat NR001 Northstar Chrome akselivalinnalla. Ruostumaton ter\u00e4s ja anodioitu alumiini. Astinlaudat ja askelmat maastoautoihin. Helppoa asentaa.","breadcrumb":{"@id":"https:\/\/www.castrum.ee\/fi\/toode\/astinlaudat-nr001-northstar-chrome-akselivaelilla-valittavissa\/#breadcrumb"},"inLanguage":"fi","potentialAction":[{"@type":"ReadAction","target":["https:\/\/www.castrum.ee\/fi\/toode\/astinlaudat-nr001-northstar-chrome-akselivaelilla-valittavissa\/"]}]},{"@type":"ImageObject","inLanguage":"fi","@id":"https:\/\/www.castrum.ee\/fi\/toode\/astinlaudat-nr001-northstar-chrome-akselivaelilla-valittavissa\/#primaryimage","url":"https:\/\/www.castrum.ee\/wp-content\/uploads\/2025\/06\/0BFC0300-84A2-44B4-B1B6-9B3688ACA61C-scaled-1.jpeg","contentUrl":"https:\/\/www.castrum.ee\/wp-content\/uploads\/2025\/06\/0BFC0300-84A2-44B4-B1B6-9B3688ACA61C-scaled-1.jpeg","width":1626,"height":1080},{"@type":"BreadcrumbList","@id":"https:\/\/www.castrum.ee\/fi\/toode\/astinlaudat-nr001-northstar-chrome-akselivaelilla-valittavissa\/#breadcrumb","itemListElement":[{"@type":"ListItem","position":1,"name":"Home","item":"https:\/\/www.castrum.ee\/fi\/kotisivu\/"},{"@type":"ListItem","position":2,"name":"Verkkokauppa","item":"https:\/\/www.castrum.ee\/fi\/kauppa\/"},{"@type":"ListItem","position":3,"name":"Astinlaudat NR001 Northstar Chrome | Akseliv\u00e4lill\u00e4 valittavissa"}]},{"@type":"WebSite","@id":"https:\/\/www.castrum.ee\/fi\/#website","url":"https:\/\/www.castrum.ee\/fi\/","name":"Castrum","description":"Maastoautojen, henkil\u00f6autojen ja pienvaunujen lis\u00e4varusteet","publisher":{"@id":"https:\/\/www.castrum.ee\/fi\/#organization"},"potentialAction":[{"@type":"SearchAction","target":{"@type":"EntryPoint","urlTemplate":"https:\/\/www.castrum.ee\/fi\/?s={search_term_string}"},"query-input":{"@type":"PropertyValueSpecification","valueRequired":true,"valueName":"search_term_string"}}],"inLanguage":"fi"},{"@type":"Organization","@id":"https:\/\/www.castrum.ee\/fi\/#organization","name":"Castrum Grupp O\u00dc","url":"https:\/\/www.castrum.ee\/fi\/","logo":{"@type":"ImageObject","inLanguage":"fi","@id":"https:\/\/www.castrum.ee\/fi\/#\/schema\/logo\/image\/","url":"https:\/\/www.castrum.ee\/wp-content\/uploads\/2025\/03\/Castrum-logo-500.png","contentUrl":"https:\/\/www.castrum.ee\/wp-content\/uploads\/2025\/03\/Castrum-logo-500.png","width":500,"height":250,"caption":"Castrum Grupp O\u00dc"},"image":{"@id":"https:\/\/www.castrum.ee\/fi\/#\/schema\/logo\/image\/"},"sameAs":["https:\/\/www.facebook.com\/castrum.ee"]}]}},"_links":{"self":[{"href":"https:\/\/www.castrum.ee\/fi\/wp-json\/wp\/v2\/product\/80904","targetHints":{"allow":["GET"]}}],"collection":[{"href":"https:\/\/www.castrum.ee\/fi\/wp-json\/wp\/v2\/product"}],"about":[{"href":"https:\/\/www.castrum.ee\/fi\/wp-json\/wp\/v2\/types\/product"}],"wp:featuredmedia":[{"embeddable":true,"href":"https:\/\/www.castrum.ee\/fi\/wp-json\/wp\/v2\/media\/5425"}],"wp:attachment":[{"href":"https:\/\/www.castrum.ee\/fi\/wp-json\/wp\/v2\/media?parent=80904"}],"wp:term":[{"taxonomy":"mark-ja-mudel","embeddable":true,"href":"https:\/\/www.castrum.ee\/fi\/wp-json\/wp\/v2\/mark-ja-mudel?post=80904"},{"taxonomy":"product_brand","embeddable":true,"href":"https:\/\/www.castrum.ee\/fi\/wp-json\/wp\/v2\/product_brand?post=80904"},{"taxonomy":"product_cat","embeddable":true,"href":"https:\/\/www.castrum.ee\/fi\/wp-json\/wp\/v2\/product_cat?post=80904"},{"taxonomy":"product_tag","embeddable":true,"href":"https:\/\/www.castrum.ee\/fi\/wp-json\/wp\/v2\/product_tag?post=80904"}],"curies":[{"name":"wp","href":"https:\/\/api.w.org\/{rel}","templated":true}]}}