{"id":80905,"date":"2025-06-19T11:08:37","date_gmt":"2025-06-19T11:08:37","guid":{"rendered":"https:\/\/www.castrum.ee\/toode\/astinlaudat-nr001-northstar-chrome-uqutsf\/"},"modified":"2026-05-11T14:27:35","modified_gmt":"2026-05-11T11:27:35","slug":"astinlaudat-nr001-northstar-chrome","status":"publish","type":"product","link":"https:\/\/www.castrum.ee\/fi\/toode\/astinlaudat-nr001-northstar-chrome\/","title":{"rendered":"Astinlaudat NR001 Northstar Chrome"},"content":{"rendered":"<p><strong>Miksi valita juuri n\u00e4m\u00e4 astinlaudat:<\/strong><\/p>\n<ul>\n<li>Tarjoavat lis\u00e4suojaa ajoneuvollesi.<\/li>\n<li>Sopivat ajoneuvoon kuin OEM-lis\u00e4varustus<\/li>\n<li>Helppoa asentaa \/ Plug and play.<\/li>\n<\/ul>\n<p><strong>Sarja sis\u00e4lt\u00f6:<\/strong><\/p>\n<ul>\n<li>Yhden parin astinlautoja (vasen ja oikea).<\/li>\n<li>Asennukseen tarvittavat kiinnitysv\u00e4lineet.<\/li>\n<li>Asennusohjekirjeen.<\/li>\n<\/ul>\n<p><strong>Helppo asentaa:<\/strong><br \/>\nAstinlautojentensa asentaminen on eritt\u00e4in helppoa, sill\u00e4 sarjassa on sek\u00e4 asennusohje ett\u00e4 tarvittavat osat. T\u00e4m\u00e4 poistaa tarpeen ajoneuvon lis\u00e4muutoksille. Astinlaudat asennetaan ajoneuvon rungon tai kerin olemassa oleviin kiinnityspaikkoihin.<\/p>\n<p><strong>Lis\u00e4suoja ajoneuvon keri\u00e4:<\/strong><br \/>\nAstinlaudat suojaavat ovia ja sivupaneeleita kivikkoilta, asfaltinsirpaleilta sek\u00e4 pieniss\u00e4 paikoitustiloissa muiden autojen ovilla aiheutuvilta vaurioilta. T\u00e4m\u00e4 on erityisen t\u00e4rke\u00e4\u00e4 sorateill\u00e4 ja maanteill\u00e4. Samoin astinlaudat suojaavat suuremmilta kivill\u00e4 ja py\u00f6rill\u00e4 heitetyilt\u00e4 esineilt\u00e4.<\/p>\n<p>Lis\u00e4ksi astinlaudat on varustettu liukuesteisen teknologialla, mik\u00e4 parantaa pit\u00e4vyytt\u00e4 ja voi est\u00e4\u00e4 onnettomuuksia tilanteissa, joissa jalkineen kannassa on lika, lumi, \u00f6ljy jne. Samoin se auttaa suojaamaan ajoneuvon lattiamattoja.<\/p>\n<p><strong>T\u00e4rke\u00e4 tieto:<\/strong><\/p>\n<ul>\n<li>Joissa ajoneuvoissa kiinnitysten asennusrei&#8217;ille saattaa olla muovia tulppia, jotka on poistettava ennen sivuputkien asentamista.<\/li>\n<li>\u00c4l\u00e4 k\u00e4yt\u00e4 metallilis\u00e4varusteisiin autonpesuaineita, joissa on TFR- (Traffic Film Remover) -kemikaaleja, sill\u00e4 n\u00e4m\u00e4 voivat aiheuttaa korroosiota. Puhdistus n\u00e4ill\u00e4 liuoksilla voi mit\u00e4t\u00f6id\u00e4 takuun.<\/li>\n<li>Suosittelemme varoavasti tarkistamaan ruuvit ja kiinnitysosien 7 p\u00e4iv\u00e4n j\u00e4lkeen alkuper\u00e4isen asennuksen j\u00e4lkeen varmistaaksesi, ett\u00e4 ne ovat kunnolla kiinni. Turvallisuuden vuoksi kaikki osat on tarkistettava 3\u20136 kuukauden v\u00e4lein.<\/li>\n<\/ul>\n<p><strong>ARP-merkist\u00e4:<\/strong><br \/>\nARP on t\u00e4rke\u00e4 toimija auto-osien ja -tarvikkeiden teollisuudessa, tarjoten varaossia ja tarvikkeita 4\u00d74 maasturihin, lava-autoihin, henkil\u00f6autoihin, pakettiautoihin ja kaupallisiin ajoneuvoihin, mukaan lukien sek\u00e4 vanhemmat ett\u00e4 uudemmat mallit. Castrum on ARP:n tuotteiden virallinen j\u00e4lleenmyyj\u00e4 Suomessa.<\/p>\n","protected":false},"excerpt":{"rendered":"<p>Astinlaudat, jotka on valmistettu anodoidusta alumiinista yhdess\u00e4 ruostumattoman ter\u00e4ksen kanssa. Sarja sis\u00e4lt\u00e4\u00e4 kaksi astinlautaa ja kaiken tarvittavan asennukseen.<\/p>\n","protected":false},"featured_media":5425,"template":"","meta":{"_acf_changed":false},"mark-ja-mudel":[],"product_brand":[1500,1501,1276,2097,1315,1526,1316,1375,1324,1339,1551,1385,1508,1404,1506,1395,1340,1448,1449,1345,1314,1288,1295,1309,1457,1291,1310,1483,1318,1405,1286,1409,1410,1361,1450,1534,1278,1302,1434,1437,1294,1446,1535,1401,1512,1307,1320,1513,1529,1417,1285,1323,1478,1282,1284,1530,1298,1297,1311,1451,1317,1505,1373,1326,1374,1305,1287,1329,1299,1439,1524,1555,1319,1337,1308,1290,1528,1332,1301,1536,1556,1281,1557,1280,1558,1306,1277,1313,1289,1440,1312,1275,1303,1396,1321,1380,1328,1344,1304,1388,1533],"product_cat":[1067,1066],"product_tag":[],"class_list":{"0":"post-80905","1":"product","2":"type-product","3":"status-publish","4":"has-post-thumbnail","6":"product_brand-1500","7":"product_brand-1501","8":"product_brand-amarok","9":"product_brand-arp-fi","10":"product_brand-asx","11":"product_brand-ateca","12":"product_brand-audi","13":"product_brand-bmw","14":"product_brand-c-hr","15":"product_brand-caddy","16":"product_brand-caddy-maxi-lwb","17":"product_brand-cadillac","18":"product_brand-captur","19":"product_brand-caravan","20":"product_brand-cayenne","21":"product_brand-chrysler","22":"product_brand-citroen","23":"product_brand-commander","24":"product_brand-compass","25":"product_brand-cr-v","26":"product_brand-crafter","27":"product_brand-custom","28":"product_brand-d-max","29":"product_brand-dacia","30":"product_brand-discovery-sport","31":"product_brand-dodge","32":"product_brand-duster","33":"product_brand-eclipse-cross","34":"product_brand-expert","35":"product_brand-fiat","36":"product_brand-ford","37":"product_brand-freemont","38":"product_brand-fullback","39":"product_brand-glc-mercedes-benz","40":"product_brand-grand-cherokee","41":"product_brand-grand-vitara","42":"product_brand-hilux","43":"product_brand-honda","44":"product_brand-hr-v","45":"product_brand-hyundai","46":"product_brand-isuzu","47":"product_brand-jeep","48":"product_brand-jimny","49":"product_brand-jumper-swb-mwb-lwb","50":"product_brand-kadjar","51":"product_brand-kia","52":"product_brand-kodiaq","53":"product_brand-koleos","54":"product_brand-korando","55":"product_brand-kuga","56":"product_brand-l200","57":"product_brand-land-rover","58":"product_brand-m-class","59":"product_brand-mercedes-benz","60":"product_brand-mitsubishi","61":"product_brand-musso","62":"product_brand-navara","63":"product_brand-nissan","64":"product_brand-opel","65":"product_brand-patriot","66":"product_brand-peugeot","67":"product_brand-porsche","68":"product_brand-q3","69":"product_brand-q5","70":"product_brand-q7","71":"product_brand-qashqai","72":"product_brand-ranger","73":"product_brand-rav4","74":"product_brand-renault","75":"product_brand-santa-fe","76":"product_brand-seat","77":"product_brand-sharan","78":"product_brand-skoda","79":"product_brand-sorento","80":"product_brand-sportage","81":"product_brand-sprinter","82":"product_brand-ssangyong","83":"product_brand-subaru","84":"product_brand-suzuki","85":"product_brand-sx4","86":"product_brand-t4","87":"product_brand-t5","88":"product_brand-t5-1","89":"product_brand-t6","90":"product_brand-t6-1","91":"product_brand-touareg","92":"product_brand-toyota","93":"product_brand-trafic","94":"product_brand-transit-custom","95":"product_brand-tucson","96":"product_brand-vivaro","97":"product_brand-volkswagen","98":"product_brand-volvo","99":"product_brand-voyager","100":"product_brand-x-trail","101":"product_brand-x3","102":"product_brand-xc60","103":"product_brand-xc70","104":"product_brand-xc90","105":"product_brand-xt5","106":"product_brand-xv","107":"product_cat-astinlaudat","108":"product_cat-astinlaudat-ja-sivusuojat","109":"product_shipping_class-tukku","111":"first","112":"instock","113":"taxable","114":"shipping-taxable","115":"purchasable","116":"product-type-variable"},"bundled_by":[],"bundle_stock_status":"instock","bundle_stock_quantity":null,"bundle_virtual":false,"bundle_layout":"","bundle_add_to_cart_form_location":"","bundle_editable_in_cart":false,"bundle_sold_individually_context":"","bundle_item_grouping":"","bundle_min_size":"","bundle_max_size":"","bundle_price":[],"bundled_items":[],"bundle_sell_ids":[],"acf":[],"yoast_head":"<!-- This site is optimized with the Yoast SEO plugin v27.5 - https:\/\/yoast.com\/product\/yoast-seo-wordpress\/ -->\n<title>Astinlaudat NR001 Northstar Chrome | Castrum<\/title>\n<meta name=\"description\" content=\"Astinlaudat NR001 Northstar Chrome - kylkiputket ja astinlaudat maastoautoihin ja pickup-autoihin. Ruostumaton ter\u00e4s, helppo asentaa.\" \/>\n<meta name=\"robots\" content=\"index, follow, max-snippet:-1, max-image-preview:large, max-video-preview:-1\" \/>\n<link rel=\"canonical\" href=\"https:\/\/www.castrum.ee\/fi\/toode\/astinlaudat-nr001-northstar-chrome\/\" \/>\n<meta property=\"og:locale\" content=\"fi_FI\" \/>\n<meta property=\"og:type\" content=\"article\" \/>\n<meta property=\"og:title\" content=\"Astinlaudat NR001 Northstar Chrome | Castrum\" \/>\n<meta property=\"og:description\" content=\"Astinlaudat NR001 Northstar Chrome - kylkiputket ja astinlaudat maastoautoihin ja pickup-autoihin. Ruostumaton ter\u00e4s, helppo asentaa.\" \/>\n<meta property=\"og:url\" content=\"https:\/\/www.castrum.ee\/fi\/toode\/astinlaudat-nr001-northstar-chrome\/\" \/>\n<meta property=\"og:site_name\" content=\"Castrum\" \/>\n<meta property=\"article:publisher\" content=\"https:\/\/www.facebook.com\/castrum.ee\" \/>\n<meta property=\"article:modified_time\" content=\"2026-05-11T11:27:35+00:00\" \/>\n<meta property=\"og:image\" content=\"https:\/\/www.castrum.ee\/wp-content\/uploads\/2025\/06\/0BFC0300-84A2-44B4-B1B6-9B3688ACA61C-scaled-1.jpeg\" \/>\n\t<meta property=\"og:image:width\" content=\"1626\" \/>\n\t<meta property=\"og:image:height\" content=\"1080\" \/>\n\t<meta property=\"og:image:type\" content=\"image\/jpeg\" \/>\n<meta name=\"twitter:card\" content=\"summary_large_image\" \/>\n<meta name=\"twitter:label1\" content=\"Arvioitu lukuaika\" \/>\n\t<meta name=\"twitter:data1\" content=\"1 minuutti\" \/>\n<script type=\"application\/ld+json\" class=\"yoast-schema-graph\">{\"@context\":\"https:\\\/\\\/schema.org\",\"@graph\":[{\"@type\":\"WebPage\",\"@id\":\"https:\\\/\\\/www.castrum.ee\\\/fi\\\/toode\\\/astinlaudat-nr001-northstar-chrome\\\/\",\"url\":\"https:\\\/\\\/www.castrum.ee\\\/fi\\\/toode\\\/astinlaudat-nr001-northstar-chrome\\\/\",\"name\":\"Astinlaudat NR001 Northstar Chrome | Castrum\",\"isPartOf\":{\"@id\":\"https:\\\/\\\/www.castrum.ee\\\/fi\\\/#website\"},\"primaryImageOfPage\":{\"@id\":\"https:\\\/\\\/www.castrum.ee\\\/fi\\\/toode\\\/astinlaudat-nr001-northstar-chrome\\\/#primaryimage\"},\"image\":{\"@id\":\"https:\\\/\\\/www.castrum.ee\\\/fi\\\/toode\\\/astinlaudat-nr001-northstar-chrome\\\/#primaryimage\"},\"thumbnailUrl\":\"https:\\\/\\\/www.castrum.ee\\\/wp-content\\\/uploads\\\/2025\\\/06\\\/0BFC0300-84A2-44B4-B1B6-9B3688ACA61C-scaled-1.jpeg\",\"datePublished\":\"2025-06-19T11:08:37+00:00\",\"dateModified\":\"2026-05-11T11:27:35+00:00\",\"description\":\"Astinlaudat NR001 Northstar Chrome - kylkiputket ja astinlaudat maastoautoihin ja pickup-autoihin. Ruostumaton ter\u00e4s, helppo asentaa.\",\"breadcrumb\":{\"@id\":\"https:\\\/\\\/www.castrum.ee\\\/fi\\\/toode\\\/astinlaudat-nr001-northstar-chrome\\\/#breadcrumb\"},\"inLanguage\":\"fi\",\"potentialAction\":[{\"@type\":\"ReadAction\",\"target\":[\"https:\\\/\\\/www.castrum.ee\\\/fi\\\/toode\\\/astinlaudat-nr001-northstar-chrome\\\/\"]}]},{\"@type\":\"ImageObject\",\"inLanguage\":\"fi\",\"@id\":\"https:\\\/\\\/www.castrum.ee\\\/fi\\\/toode\\\/astinlaudat-nr001-northstar-chrome\\\/#primaryimage\",\"url\":\"https:\\\/\\\/www.castrum.ee\\\/wp-content\\\/uploads\\\/2025\\\/06\\\/0BFC0300-84A2-44B4-B1B6-9B3688ACA61C-scaled-1.jpeg\",\"contentUrl\":\"https:\\\/\\\/www.castrum.ee\\\/wp-content\\\/uploads\\\/2025\\\/06\\\/0BFC0300-84A2-44B4-B1B6-9B3688ACA61C-scaled-1.jpeg\",\"width\":1626,\"height\":1080},{\"@type\":\"BreadcrumbList\",\"@id\":\"https:\\\/\\\/www.castrum.ee\\\/fi\\\/toode\\\/astinlaudat-nr001-northstar-chrome\\\/#breadcrumb\",\"itemListElement\":[{\"@type\":\"ListItem\",\"position\":1,\"name\":\"Home\",\"item\":\"https:\\\/\\\/www.castrum.ee\\\/fi\\\/kotisivu\\\/\"},{\"@type\":\"ListItem\",\"position\":2,\"name\":\"Verkkokauppa\",\"item\":\"https:\\\/\\\/www.castrum.ee\\\/fi\\\/kauppa\\\/\"},{\"@type\":\"ListItem\",\"position\":3,\"name\":\"Astinlaudat NR001 Northstar Chrome\"}]},{\"@type\":\"WebSite\",\"@id\":\"https:\\\/\\\/www.castrum.ee\\\/fi\\\/#website\",\"url\":\"https:\\\/\\\/www.castrum.ee\\\/fi\\\/\",\"name\":\"Castrum\",\"description\":\"Maastoautojen, henkil\u00f6autojen ja pienvaunujen lis\u00e4varusteet\",\"publisher\":{\"@id\":\"https:\\\/\\\/www.castrum.ee\\\/fi\\\/#organization\"},\"potentialAction\":[{\"@type\":\"SearchAction\",\"target\":{\"@type\":\"EntryPoint\",\"urlTemplate\":\"https:\\\/\\\/www.castrum.ee\\\/fi\\\/?s={search_term_string}\"},\"query-input\":{\"@type\":\"PropertyValueSpecification\",\"valueRequired\":true,\"valueName\":\"search_term_string\"}}],\"inLanguage\":\"fi\"},{\"@type\":\"Organization\",\"@id\":\"https:\\\/\\\/www.castrum.ee\\\/fi\\\/#organization\",\"name\":\"Castrum Grupp O\u00dc\",\"url\":\"https:\\\/\\\/www.castrum.ee\\\/fi\\\/\",\"logo\":{\"@type\":\"ImageObject\",\"inLanguage\":\"fi\",\"@id\":\"https:\\\/\\\/www.castrum.ee\\\/fi\\\/#\\\/schema\\\/logo\\\/image\\\/\",\"url\":\"https:\\\/\\\/www.castrum.ee\\\/wp-content\\\/uploads\\\/2025\\\/03\\\/Castrum-logo-500.png\",\"contentUrl\":\"https:\\\/\\\/www.castrum.ee\\\/wp-content\\\/uploads\\\/2025\\\/03\\\/Castrum-logo-500.png\",\"width\":500,\"height\":250,\"caption\":\"Castrum Grupp O\u00dc\"},\"image\":{\"@id\":\"https:\\\/\\\/www.castrum.ee\\\/fi\\\/#\\\/schema\\\/logo\\\/image\\\/\"},\"sameAs\":[\"https:\\\/\\\/www.facebook.com\\\/castrum.ee\"]}]}<\/script>\n<!-- \/ Yoast SEO plugin. -->","yoast_head_json":{"title":"Astinlaudat NR001 Northstar Chrome | Castrum","description":"Astinlaudat NR001 Northstar Chrome - kylkiputket ja astinlaudat maastoautoihin ja pickup-autoihin. Ruostumaton ter\u00e4s, helppo asentaa.","robots":{"index":"index","follow":"follow","max-snippet":"max-snippet:-1","max-image-preview":"max-image-preview:large","max-video-preview":"max-video-preview:-1"},"canonical":"https:\/\/www.castrum.ee\/fi\/toode\/astinlaudat-nr001-northstar-chrome\/","og_locale":"fi_FI","og_type":"article","og_title":"Astinlaudat NR001 Northstar Chrome | Castrum","og_description":"Astinlaudat NR001 Northstar Chrome - kylkiputket ja astinlaudat maastoautoihin ja pickup-autoihin. Ruostumaton ter\u00e4s, helppo asentaa.","og_url":"https:\/\/www.castrum.ee\/fi\/toode\/astinlaudat-nr001-northstar-chrome\/","og_site_name":"Castrum","article_publisher":"https:\/\/www.facebook.com\/castrum.ee","article_modified_time":"2026-05-11T11:27:35+00:00","og_image":[{"width":1626,"height":1080,"url":"https:\/\/www.castrum.ee\/wp-content\/uploads\/2025\/06\/0BFC0300-84A2-44B4-B1B6-9B3688ACA61C-scaled-1.jpeg","type":"image\/jpeg"}],"twitter_card":"summary_large_image","twitter_misc":{"Arvioitu lukuaika":"1 minuutti"},"schema":{"@context":"https:\/\/schema.org","@graph":[{"@type":"WebPage","@id":"https:\/\/www.castrum.ee\/fi\/toode\/astinlaudat-nr001-northstar-chrome\/","url":"https:\/\/www.castrum.ee\/fi\/toode\/astinlaudat-nr001-northstar-chrome\/","name":"Astinlaudat NR001 Northstar Chrome | Castrum","isPartOf":{"@id":"https:\/\/www.castrum.ee\/fi\/#website"},"primaryImageOfPage":{"@id":"https:\/\/www.castrum.ee\/fi\/toode\/astinlaudat-nr001-northstar-chrome\/#primaryimage"},"image":{"@id":"https:\/\/www.castrum.ee\/fi\/toode\/astinlaudat-nr001-northstar-chrome\/#primaryimage"},"thumbnailUrl":"https:\/\/www.castrum.ee\/wp-content\/uploads\/2025\/06\/0BFC0300-84A2-44B4-B1B6-9B3688ACA61C-scaled-1.jpeg","datePublished":"2025-06-19T11:08:37+00:00","dateModified":"2026-05-11T11:27:35+00:00","description":"Astinlaudat NR001 Northstar Chrome - kylkiputket ja astinlaudat maastoautoihin ja pickup-autoihin. Ruostumaton ter\u00e4s, helppo asentaa.","breadcrumb":{"@id":"https:\/\/www.castrum.ee\/fi\/toode\/astinlaudat-nr001-northstar-chrome\/#breadcrumb"},"inLanguage":"fi","potentialAction":[{"@type":"ReadAction","target":["https:\/\/www.castrum.ee\/fi\/toode\/astinlaudat-nr001-northstar-chrome\/"]}]},{"@type":"ImageObject","inLanguage":"fi","@id":"https:\/\/www.castrum.ee\/fi\/toode\/astinlaudat-nr001-northstar-chrome\/#primaryimage","url":"https:\/\/www.castrum.ee\/wp-content\/uploads\/2025\/06\/0BFC0300-84A2-44B4-B1B6-9B3688ACA61C-scaled-1.jpeg","contentUrl":"https:\/\/www.castrum.ee\/wp-content\/uploads\/2025\/06\/0BFC0300-84A2-44B4-B1B6-9B3688ACA61C-scaled-1.jpeg","width":1626,"height":1080},{"@type":"BreadcrumbList","@id":"https:\/\/www.castrum.ee\/fi\/toode\/astinlaudat-nr001-northstar-chrome\/#breadcrumb","itemListElement":[{"@type":"ListItem","position":1,"name":"Home","item":"https:\/\/www.castrum.ee\/fi\/kotisivu\/"},{"@type":"ListItem","position":2,"name":"Verkkokauppa","item":"https:\/\/www.castrum.ee\/fi\/kauppa\/"},{"@type":"ListItem","position":3,"name":"Astinlaudat NR001 Northstar Chrome"}]},{"@type":"WebSite","@id":"https:\/\/www.castrum.ee\/fi\/#website","url":"https:\/\/www.castrum.ee\/fi\/","name":"Castrum","description":"Maastoautojen, henkil\u00f6autojen ja pienvaunujen lis\u00e4varusteet","publisher":{"@id":"https:\/\/www.castrum.ee\/fi\/#organization"},"potentialAction":[{"@type":"SearchAction","target":{"@type":"EntryPoint","urlTemplate":"https:\/\/www.castrum.ee\/fi\/?s={search_term_string}"},"query-input":{"@type":"PropertyValueSpecification","valueRequired":true,"valueName":"search_term_string"}}],"inLanguage":"fi"},{"@type":"Organization","@id":"https:\/\/www.castrum.ee\/fi\/#organization","name":"Castrum Grupp O\u00dc","url":"https:\/\/www.castrum.ee\/fi\/","logo":{"@type":"ImageObject","inLanguage":"fi","@id":"https:\/\/www.castrum.ee\/fi\/#\/schema\/logo\/image\/","url":"https:\/\/www.castrum.ee\/wp-content\/uploads\/2025\/03\/Castrum-logo-500.png","contentUrl":"https:\/\/www.castrum.ee\/wp-content\/uploads\/2025\/03\/Castrum-logo-500.png","width":500,"height":250,"caption":"Castrum Grupp O\u00dc"},"image":{"@id":"https:\/\/www.castrum.ee\/fi\/#\/schema\/logo\/image\/"},"sameAs":["https:\/\/www.facebook.com\/castrum.ee"]}]}},"_links":{"self":[{"href":"https:\/\/www.castrum.ee\/fi\/wp-json\/wp\/v2\/product\/80905","targetHints":{"allow":["GET"]}}],"collection":[{"href":"https:\/\/www.castrum.ee\/fi\/wp-json\/wp\/v2\/product"}],"about":[{"href":"https:\/\/www.castrum.ee\/fi\/wp-json\/wp\/v2\/types\/product"}],"wp:featuredmedia":[{"embeddable":true,"href":"https:\/\/www.castrum.ee\/fi\/wp-json\/wp\/v2\/media\/5425"}],"wp:attachment":[{"href":"https:\/\/www.castrum.ee\/fi\/wp-json\/wp\/v2\/media?parent=80905"}],"wp:term":[{"taxonomy":"mark-ja-mudel","embeddable":true,"href":"https:\/\/www.castrum.ee\/fi\/wp-json\/wp\/v2\/mark-ja-mudel?post=80905"},{"taxonomy":"product_brand","embeddable":true,"href":"https:\/\/www.castrum.ee\/fi\/wp-json\/wp\/v2\/product_brand?post=80905"},{"taxonomy":"product_cat","embeddable":true,"href":"https:\/\/www.castrum.ee\/fi\/wp-json\/wp\/v2\/product_cat?post=80905"},{"taxonomy":"product_tag","embeddable":true,"href":"https:\/\/www.castrum.ee\/fi\/wp-json\/wp\/v2\/product_tag?post=80905"}],"curies":[{"name":"wp","href":"https:\/\/api.w.org\/{rel}","templated":true}]}}