{"id":80908,"date":"2025-06-19T11:08:37","date_gmt":"2025-06-19T11:08:37","guid":{"rendered":"https:\/\/www.castrum.ee\/toode\/astinlaudat-ht001-kure-black-akselivali-valikolla-l2edsx\/"},"modified":"2026-05-11T14:27:31","modified_gmt":"2026-05-11T11:27:31","slug":"astinlaudat-ht001-kure-black-akselivali-valikolla","status":"publish","type":"product","link":"https:\/\/www.castrum.ee\/fi\/toode\/astinlaudat-ht001-kure-black-akselivali-valikolla\/","title":{"rendered":"Astinlaudat HT001 K\u00fcre Black | Akseliv\u00e4li valikolla"},"content":{"rendered":"<p><strong>Miksi valita juuri n\u00e4m\u00e4 astinlaudat:<\/strong><\/p>\n<ul>\n<li>Tarjoavat lis\u00e4suojaa ajoneuvollesi.<\/li>\n<li>Sopivat ajoneuvoon kuin OEM-varustus<\/li>\n<li>Helppo asentaa \/ Plug and play.<\/li>\n<\/ul>\n<p><strong>Sarja sis\u00e4lt\u00f6:<\/strong><\/p>\n<ul>\n<li>Yhden parin astinlautoja (vasen ja oikea).<\/li>\n<li>Asennukseen tarvittavat kiinnitysosat.<\/li>\n<li>Asennusohjeita.<\/li>\n<\/ul>\n<p><strong>Helppo asentaa:<\/strong><br \/>\nAstinlauttojen asentaminen on eritt\u00e4in helppoa, koska sarjassa on asennusohje ja kaikki tarvittavat osat. T\u00e4m\u00e4 eliminoi tarpeen ajoneuvon lis\u00e4muutoksille. Astinlaudat asennetaan ajoneuvon rungon tai korin olemassa oleville kiinnityskohdille.<\/p>\n<p><strong>Lis\u00e4suoja ajoneuvon koriille:<\/strong><br \/>\nAstinlaudat suojaavat ovia ja sivupaneeleja kivi\u00e4, asfaltinpalasia sek\u00e4 ahtaissa paikoituspaikoissa muiden autojen ovista aiheutuvia vaurioita vastaan. T\u00e4m\u00e4 on erityisen t\u00e4rke\u00e4\u00e4 soratie- ja maa-autoilun yhteydess\u00e4. Astinlaudat suojaavat my\u00f6s suuremmista kivi\u00e4 ja py\u00f6rist\u00e4 heitetyist\u00e4 esineist\u00e4.<\/p>\n<p>Lis\u00e4ksi astinlaudat on varustettu liukuenestoty\u00f6nn\u00f6ll\u00e4, joka parantaa pit\u00e4vyytt\u00e4 ja voi est\u00e4\u00e4 onnettomuuksia tilanteissa, joissa keng\u00e4n pohjalla on p\u00f6ly\u00e4, lunta, \u00f6ljy\u00e4 jne. Se my\u00f6s auttaa suojaaman ajoneuvon lattiamattoja.<\/p>\n<p><strong>T\u00e4rke\u00e4 tieto:<\/strong><\/p>\n<ul>\n<li>Joissakin ajoneuvoissa saattaa olla muovia tulppia kiinnitysoriffien kattamiseen, jotka on poistettava ennen sivukarpien asennusta.<\/li>\n<li>\u00c4l\u00e4 k\u00e4yt\u00e4 metallisten lis\u00e4varusteiden puhdistamiseen auto-puhdistusaineita, jotka sis\u00e4lt\u00e4v\u00e4t TFR-kemikaaleja (Traffic Film Remover), koska ne voivat aiheuttaa ruostetta. Puhdistaminen n\u00e4ill\u00e4 liuottimilla voi mit\u00e4t\u00f6id\u00e4 takuun.<\/li>\n<li>Suosittelemme vahvasti tarkistamaan ruuvit ja kiinnitysosat 7 p\u00e4iv\u00e4n kuluttua ensimm\u00e4isest\u00e4 asennuksesta varmistaaksesi, ett\u00e4 ne ovat kunnolla kiinni. Turvallisuuden vuoksi kaikki osat on tarkistettava 3\u20136 kuukauden v\u00e4lein.<\/li>\n<\/ul>\n<p><strong>ARP-br\u00e4ndist\u00e4:<\/strong><br \/>\nARP on t\u00e4rke\u00e4 toimija ajoneuvoosien ja -varusteiden teollisuudessa, tarjoten varaosi ja tarvikkeita 4\u00d74-maastoautoille, lava-autoille, henkil\u00f6autoille, hy\u00f6tyajoneuvoille ja kuorma-autoille, mukaan lukien sek\u00e4 vanhemmat ett\u00e4 uudemmat mallit. Castrum on ARP-tuotteiden virallinen j\u00e4lleenmyyj\u00e4 Suomessa.<\/p>\n","protected":false},"excerpt":{"rendered":"<p>Anodisoidut alumiini-astinlaudat. Sarja sis\u00e4lt\u00e4\u00e4 kaiken asennukseen tarvittavan.<\/p>\n","protected":false},"featured_media":5391,"template":"","meta":{"_acf_changed":false},"mark-ja-mudel":[],"product_brand":[2097,1282],"product_cat":[1067,1066],"product_tag":[],"class_list":{"0":"post-80908","1":"product","2":"type-product","3":"status-publish","4":"has-post-thumbnail","6":"product_brand-arp-fi","7":"product_brand-mercedes-benz","8":"product_cat-astinlaudat","9":"product_cat-astinlaudat-ja-sivusuojat","10":"product_shipping_class-tukku","12":"first","13":"instock","14":"taxable","15":"shipping-taxable","16":"purchasable","17":"product-type-variable"},"bundled_by":[],"bundle_stock_status":"instock","bundle_stock_quantity":null,"bundle_virtual":false,"bundle_layout":"","bundle_add_to_cart_form_location":"","bundle_editable_in_cart":false,"bundle_sold_individually_context":"","bundle_item_grouping":"","bundle_min_size":"","bundle_max_size":"","bundle_price":[],"bundled_items":[],"bundle_sell_ids":[],"acf":[],"yoast_head":"<!-- This site is optimized with the Yoast SEO plugin v27.5 - https:\/\/yoast.com\/product\/yoast-seo-wordpress\/ -->\n<title>Astinlaudat HT001 K\u00fcre Black | Akseliv\u00e4li valikolla | Castrum<\/title>\n<meta name=\"description\" content=\"Astinlaudat HT001 K\u00fcre Black akseliv\u00e4livalikolla. Anodisoidut alumiini-astinlaudat maastoautoihin ja pickup-autoihin. Kylkiputket ja astinlaudat.\" \/>\n<meta name=\"robots\" content=\"index, follow, max-snippet:-1, max-image-preview:large, max-video-preview:-1\" \/>\n<link rel=\"canonical\" href=\"https:\/\/www.castrum.ee\/fi\/toode\/astinlaudat-ht001-kure-black-akselivali-valikolla\/\" \/>\n<meta property=\"og:locale\" content=\"fi_FI\" \/>\n<meta property=\"og:type\" content=\"article\" \/>\n<meta property=\"og:title\" content=\"Astinlaudat HT001 K\u00fcre Black | Akseliv\u00e4li valikolla | Castrum\" \/>\n<meta property=\"og:description\" content=\"Astinlaudat HT001 K\u00fcre Black akseliv\u00e4livalikolla. Anodisoidut alumiini-astinlaudat maastoautoihin ja pickup-autoihin. Kylkiputket ja astinlaudat.\" \/>\n<meta property=\"og:url\" content=\"https:\/\/www.castrum.ee\/fi\/toode\/astinlaudat-ht001-kure-black-akselivali-valikolla\/\" \/>\n<meta property=\"og:site_name\" content=\"Castrum\" \/>\n<meta property=\"article:publisher\" content=\"https:\/\/www.facebook.com\/castrum.ee\" \/>\n<meta property=\"article:modified_time\" content=\"2026-05-11T11:27:31+00:00\" \/>\n<meta property=\"og:image\" content=\"https:\/\/www.castrum.ee\/wp-content\/uploads\/2025\/06\/3D256FF0-92D8-4764-B34F-F59F14C5C0CF.jpeg\" \/>\n\t<meta property=\"og:image:width\" content=\"2048\" \/>\n\t<meta property=\"og:image:height\" content=\"1360\" \/>\n\t<meta property=\"og:image:type\" content=\"image\/jpeg\" \/>\n<meta name=\"twitter:card\" content=\"summary_large_image\" \/>\n<meta name=\"twitter:label1\" content=\"Arvioitu lukuaika\" \/>\n\t<meta name=\"twitter:data1\" content=\"1 minuutti\" \/>\n<script type=\"application\/ld+json\" class=\"yoast-schema-graph\">{\"@context\":\"https:\\\/\\\/schema.org\",\"@graph\":[{\"@type\":\"WebPage\",\"@id\":\"https:\\\/\\\/www.castrum.ee\\\/fi\\\/toode\\\/astinlaudat-ht001-kure-black-akselivali-valikolla\\\/\",\"url\":\"https:\\\/\\\/www.castrum.ee\\\/fi\\\/toode\\\/astinlaudat-ht001-kure-black-akselivali-valikolla\\\/\",\"name\":\"Astinlaudat HT001 K\u00fcre Black | Akseliv\u00e4li valikolla | Castrum\",\"isPartOf\":{\"@id\":\"https:\\\/\\\/www.castrum.ee\\\/fi\\\/#website\"},\"primaryImageOfPage\":{\"@id\":\"https:\\\/\\\/www.castrum.ee\\\/fi\\\/toode\\\/astinlaudat-ht001-kure-black-akselivali-valikolla\\\/#primaryimage\"},\"image\":{\"@id\":\"https:\\\/\\\/www.castrum.ee\\\/fi\\\/toode\\\/astinlaudat-ht001-kure-black-akselivali-valikolla\\\/#primaryimage\"},\"thumbnailUrl\":\"https:\\\/\\\/www.castrum.ee\\\/wp-content\\\/uploads\\\/2025\\\/06\\\/3D256FF0-92D8-4764-B34F-F59F14C5C0CF.jpeg\",\"datePublished\":\"2025-06-19T11:08:37+00:00\",\"dateModified\":\"2026-05-11T11:27:31+00:00\",\"description\":\"Astinlaudat HT001 K\u00fcre Black akseliv\u00e4livalikolla. Anodisoidut alumiini-astinlaudat maastoautoihin ja pickup-autoihin. Kylkiputket ja astinlaudat.\",\"breadcrumb\":{\"@id\":\"https:\\\/\\\/www.castrum.ee\\\/fi\\\/toode\\\/astinlaudat-ht001-kure-black-akselivali-valikolla\\\/#breadcrumb\"},\"inLanguage\":\"fi\",\"potentialAction\":[{\"@type\":\"ReadAction\",\"target\":[\"https:\\\/\\\/www.castrum.ee\\\/fi\\\/toode\\\/astinlaudat-ht001-kure-black-akselivali-valikolla\\\/\"]}]},{\"@type\":\"ImageObject\",\"inLanguage\":\"fi\",\"@id\":\"https:\\\/\\\/www.castrum.ee\\\/fi\\\/toode\\\/astinlaudat-ht001-kure-black-akselivali-valikolla\\\/#primaryimage\",\"url\":\"https:\\\/\\\/www.castrum.ee\\\/wp-content\\\/uploads\\\/2025\\\/06\\\/3D256FF0-92D8-4764-B34F-F59F14C5C0CF.jpeg\",\"contentUrl\":\"https:\\\/\\\/www.castrum.ee\\\/wp-content\\\/uploads\\\/2025\\\/06\\\/3D256FF0-92D8-4764-B34F-F59F14C5C0CF.jpeg\",\"width\":2048,\"height\":1360},{\"@type\":\"BreadcrumbList\",\"@id\":\"https:\\\/\\\/www.castrum.ee\\\/fi\\\/toode\\\/astinlaudat-ht001-kure-black-akselivali-valikolla\\\/#breadcrumb\",\"itemListElement\":[{\"@type\":\"ListItem\",\"position\":1,\"name\":\"Home\",\"item\":\"https:\\\/\\\/www.castrum.ee\\\/fi\\\/kotisivu\\\/\"},{\"@type\":\"ListItem\",\"position\":2,\"name\":\"Verkkokauppa\",\"item\":\"https:\\\/\\\/www.castrum.ee\\\/fi\\\/kauppa\\\/\"},{\"@type\":\"ListItem\",\"position\":3,\"name\":\"Astinlaudat HT001 K\u00fcre Black | Akseliv\u00e4li valikolla\"}]},{\"@type\":\"WebSite\",\"@id\":\"https:\\\/\\\/www.castrum.ee\\\/fi\\\/#website\",\"url\":\"https:\\\/\\\/www.castrum.ee\\\/fi\\\/\",\"name\":\"Castrum\",\"description\":\"Maastoautojen, henkil\u00f6autojen ja pienvaunujen lis\u00e4varusteet\",\"publisher\":{\"@id\":\"https:\\\/\\\/www.castrum.ee\\\/fi\\\/#organization\"},\"potentialAction\":[{\"@type\":\"SearchAction\",\"target\":{\"@type\":\"EntryPoint\",\"urlTemplate\":\"https:\\\/\\\/www.castrum.ee\\\/fi\\\/?s={search_term_string}\"},\"query-input\":{\"@type\":\"PropertyValueSpecification\",\"valueRequired\":true,\"valueName\":\"search_term_string\"}}],\"inLanguage\":\"fi\"},{\"@type\":\"Organization\",\"@id\":\"https:\\\/\\\/www.castrum.ee\\\/fi\\\/#organization\",\"name\":\"Castrum Grupp O\u00dc\",\"url\":\"https:\\\/\\\/www.castrum.ee\\\/fi\\\/\",\"logo\":{\"@type\":\"ImageObject\",\"inLanguage\":\"fi\",\"@id\":\"https:\\\/\\\/www.castrum.ee\\\/fi\\\/#\\\/schema\\\/logo\\\/image\\\/\",\"url\":\"https:\\\/\\\/www.castrum.ee\\\/wp-content\\\/uploads\\\/2025\\\/03\\\/Castrum-logo-500.png\",\"contentUrl\":\"https:\\\/\\\/www.castrum.ee\\\/wp-content\\\/uploads\\\/2025\\\/03\\\/Castrum-logo-500.png\",\"width\":500,\"height\":250,\"caption\":\"Castrum Grupp O\u00dc\"},\"image\":{\"@id\":\"https:\\\/\\\/www.castrum.ee\\\/fi\\\/#\\\/schema\\\/logo\\\/image\\\/\"},\"sameAs\":[\"https:\\\/\\\/www.facebook.com\\\/castrum.ee\"]}]}<\/script>\n<!-- \/ Yoast SEO plugin. -->","yoast_head_json":{"title":"Astinlaudat HT001 K\u00fcre Black | Akseliv\u00e4li valikolla | Castrum","description":"Astinlaudat HT001 K\u00fcre Black akseliv\u00e4livalikolla. Anodisoidut alumiini-astinlaudat maastoautoihin ja pickup-autoihin. Kylkiputket ja astinlaudat.","robots":{"index":"index","follow":"follow","max-snippet":"max-snippet:-1","max-image-preview":"max-image-preview:large","max-video-preview":"max-video-preview:-1"},"canonical":"https:\/\/www.castrum.ee\/fi\/toode\/astinlaudat-ht001-kure-black-akselivali-valikolla\/","og_locale":"fi_FI","og_type":"article","og_title":"Astinlaudat HT001 K\u00fcre Black | Akseliv\u00e4li valikolla | Castrum","og_description":"Astinlaudat HT001 K\u00fcre Black akseliv\u00e4livalikolla. Anodisoidut alumiini-astinlaudat maastoautoihin ja pickup-autoihin. Kylkiputket ja astinlaudat.","og_url":"https:\/\/www.castrum.ee\/fi\/toode\/astinlaudat-ht001-kure-black-akselivali-valikolla\/","og_site_name":"Castrum","article_publisher":"https:\/\/www.facebook.com\/castrum.ee","article_modified_time":"2026-05-11T11:27:31+00:00","og_image":[{"width":2048,"height":1360,"url":"https:\/\/www.castrum.ee\/wp-content\/uploads\/2025\/06\/3D256FF0-92D8-4764-B34F-F59F14C5C0CF.jpeg","type":"image\/jpeg"}],"twitter_card":"summary_large_image","twitter_misc":{"Arvioitu lukuaika":"1 minuutti"},"schema":{"@context":"https:\/\/schema.org","@graph":[{"@type":"WebPage","@id":"https:\/\/www.castrum.ee\/fi\/toode\/astinlaudat-ht001-kure-black-akselivali-valikolla\/","url":"https:\/\/www.castrum.ee\/fi\/toode\/astinlaudat-ht001-kure-black-akselivali-valikolla\/","name":"Astinlaudat HT001 K\u00fcre Black | Akseliv\u00e4li valikolla | Castrum","isPartOf":{"@id":"https:\/\/www.castrum.ee\/fi\/#website"},"primaryImageOfPage":{"@id":"https:\/\/www.castrum.ee\/fi\/toode\/astinlaudat-ht001-kure-black-akselivali-valikolla\/#primaryimage"},"image":{"@id":"https:\/\/www.castrum.ee\/fi\/toode\/astinlaudat-ht001-kure-black-akselivali-valikolla\/#primaryimage"},"thumbnailUrl":"https:\/\/www.castrum.ee\/wp-content\/uploads\/2025\/06\/3D256FF0-92D8-4764-B34F-F59F14C5C0CF.jpeg","datePublished":"2025-06-19T11:08:37+00:00","dateModified":"2026-05-11T11:27:31+00:00","description":"Astinlaudat HT001 K\u00fcre Black akseliv\u00e4livalikolla. Anodisoidut alumiini-astinlaudat maastoautoihin ja pickup-autoihin. Kylkiputket ja astinlaudat.","breadcrumb":{"@id":"https:\/\/www.castrum.ee\/fi\/toode\/astinlaudat-ht001-kure-black-akselivali-valikolla\/#breadcrumb"},"inLanguage":"fi","potentialAction":[{"@type":"ReadAction","target":["https:\/\/www.castrum.ee\/fi\/toode\/astinlaudat-ht001-kure-black-akselivali-valikolla\/"]}]},{"@type":"ImageObject","inLanguage":"fi","@id":"https:\/\/www.castrum.ee\/fi\/toode\/astinlaudat-ht001-kure-black-akselivali-valikolla\/#primaryimage","url":"https:\/\/www.castrum.ee\/wp-content\/uploads\/2025\/06\/3D256FF0-92D8-4764-B34F-F59F14C5C0CF.jpeg","contentUrl":"https:\/\/www.castrum.ee\/wp-content\/uploads\/2025\/06\/3D256FF0-92D8-4764-B34F-F59F14C5C0CF.jpeg","width":2048,"height":1360},{"@type":"BreadcrumbList","@id":"https:\/\/www.castrum.ee\/fi\/toode\/astinlaudat-ht001-kure-black-akselivali-valikolla\/#breadcrumb","itemListElement":[{"@type":"ListItem","position":1,"name":"Home","item":"https:\/\/www.castrum.ee\/fi\/kotisivu\/"},{"@type":"ListItem","position":2,"name":"Verkkokauppa","item":"https:\/\/www.castrum.ee\/fi\/kauppa\/"},{"@type":"ListItem","position":3,"name":"Astinlaudat HT001 K\u00fcre Black | Akseliv\u00e4li valikolla"}]},{"@type":"WebSite","@id":"https:\/\/www.castrum.ee\/fi\/#website","url":"https:\/\/www.castrum.ee\/fi\/","name":"Castrum","description":"Maastoautojen, henkil\u00f6autojen ja pienvaunujen lis\u00e4varusteet","publisher":{"@id":"https:\/\/www.castrum.ee\/fi\/#organization"},"potentialAction":[{"@type":"SearchAction","target":{"@type":"EntryPoint","urlTemplate":"https:\/\/www.castrum.ee\/fi\/?s={search_term_string}"},"query-input":{"@type":"PropertyValueSpecification","valueRequired":true,"valueName":"search_term_string"}}],"inLanguage":"fi"},{"@type":"Organization","@id":"https:\/\/www.castrum.ee\/fi\/#organization","name":"Castrum Grupp O\u00dc","url":"https:\/\/www.castrum.ee\/fi\/","logo":{"@type":"ImageObject","inLanguage":"fi","@id":"https:\/\/www.castrum.ee\/fi\/#\/schema\/logo\/image\/","url":"https:\/\/www.castrum.ee\/wp-content\/uploads\/2025\/03\/Castrum-logo-500.png","contentUrl":"https:\/\/www.castrum.ee\/wp-content\/uploads\/2025\/03\/Castrum-logo-500.png","width":500,"height":250,"caption":"Castrum Grupp O\u00dc"},"image":{"@id":"https:\/\/www.castrum.ee\/fi\/#\/schema\/logo\/image\/"},"sameAs":["https:\/\/www.facebook.com\/castrum.ee"]}]}},"_links":{"self":[{"href":"https:\/\/www.castrum.ee\/fi\/wp-json\/wp\/v2\/product\/80908","targetHints":{"allow":["GET"]}}],"collection":[{"href":"https:\/\/www.castrum.ee\/fi\/wp-json\/wp\/v2\/product"}],"about":[{"href":"https:\/\/www.castrum.ee\/fi\/wp-json\/wp\/v2\/types\/product"}],"wp:featuredmedia":[{"embeddable":true,"href":"https:\/\/www.castrum.ee\/fi\/wp-json\/wp\/v2\/media\/5391"}],"wp:attachment":[{"href":"https:\/\/www.castrum.ee\/fi\/wp-json\/wp\/v2\/media?parent=80908"}],"wp:term":[{"taxonomy":"mark-ja-mudel","embeddable":true,"href":"https:\/\/www.castrum.ee\/fi\/wp-json\/wp\/v2\/mark-ja-mudel?post=80908"},{"taxonomy":"product_brand","embeddable":true,"href":"https:\/\/www.castrum.ee\/fi\/wp-json\/wp\/v2\/product_brand?post=80908"},{"taxonomy":"product_cat","embeddable":true,"href":"https:\/\/www.castrum.ee\/fi\/wp-json\/wp\/v2\/product_cat?post=80908"},{"taxonomy":"product_tag","embeddable":true,"href":"https:\/\/www.castrum.ee\/fi\/wp-json\/wp\/v2\/product_tag?post=80908"}],"curies":[{"name":"wp","href":"https:\/\/api.w.org\/{rel}","templated":true}]}}